{"id":58836,"date":"2026-04-15T10:40:35","date_gmt":"2026-04-15T08:40:35","guid":{"rendered":"https:\/\/ironsky.pl\/sklep\/produkt\/projektor-blitzwolf-bw-v8-4k-android\/"},"modified":"2026-04-15T10:41:02","modified_gmt":"2026-04-15T08:41:02","slug":"projektor-blitzwolf-bw-v8-4k-android","status":"publish","type":"product","link":"https:\/\/ironsky.pl\/sklep\/produkt\/projektor-blitzwolf-bw-v8-4k-android\/","title":{"rendered":"Projektor BLITZWOLF BW-V8 4K Android"},"content":{"rendered":"<h3>Rzutnik \/ Projektor Blitzwolf, BW-V8, 4K, Android OS<\/h3>\n<p>Poczuj si\u0119 jak w kinie we w\u0142asnym salonie czy nawet w ogrodzie. Rzutnik Blitzwolf BW-V8 obs\u0142uguje dekodowanie do 4K i wyr\u00f3\u017cnia si\u0119 jasno\u015bci\u0105 9800 lm, a ponadto oferuje kontrast 12000:1, zoom 50-100% i korekcj\u0119 trapezow\u0105 4D. Jest kompatybilny z wieloma urz\u0105dzeniami i wspiera po\u0142\u0105czenie 2.4G + 5G. Ma r\u00f3wnie\u017c zainstalowany system Android 11, dzi\u0119ki czemu umo\u017cliwia wygodne ogl\u0105danie film\u00f3w i seriali online.<\/p>\n<p>\n<img decoding=\"async\" src=\"https:\/\/assets.innpro.pl\/6598\/7697\/2.png\" border=\"0\" \/>\n<\/p>\n<h3>Imponuj\u0105ca wydajno\u015b\u0107<\/h3>\n<p>Projektor zosta\u0142 wyposa\u017cony w wysokiej klasy procesor graficzny ARM Mali-G31 MP2-GPU, kt\u00f3ry zapewnia doskona\u0142\u0105 r\u00f3wnowag\u0119 mi\u0119dzy wydajno\u015bci\u0105 a efektywno\u015bci\u0105 energetyczn\u0105. Dzi\u0119ki temu urz\u0105dzenie obs\u0142uguje wy\u015bwietlanie w 1080p oraz dekodowanie 4K. Mo\u017ce te\u017c skutecznie redukowa\u0107 szumy i poprawia\u0107 jako\u015b\u0107 obrazu.<\/p>\n<p>\n<img decoding=\"async\" src=\"https:\/\/assets.innpro.pl\/6598\/7697\/1.png\" border=\"0\" \/>\n<\/p>\n<h3>Android 11.0<\/h3>\n<p>Ten inteligentny projektor ma zainstalowany system Android 11.0 oraz sklep Google Play, dzi\u0119ki czemu pozwala na wygodn\u0105 instalacj\u0119 wybranych aplikacji i korzystanie z Internetu. Teraz bez problemu obejrzysz serial na ulubionej platformie streamingowej, urz\u0105dzisz noc filmow\u0105 lub zobaczysz mecz pi\u0142ki no\u017cnej na du\u017cym ekranie!<\/p>\n<p>\n<img decoding=\"async\" src=\"https:\/\/assets.innpro.pl\/6598\/7697\/7.png\" border=\"0\" \/>\n<\/p>\n<h3>Dostosowany do Twoich potrzeb<\/h3>\n<p>Stw\u00f3rz swoj\u0105 w\u0142asn\u0105 sal\u0119 kinow\u0105. Rzutnik pozwala regulowa\u0107 rozmiar wy\u015bwietlanego obrazu w zakresie 50-200 cali, a jego odleg\u0142o\u015b\u0107 projekcji mo\u017ce wynosi\u0107 od 1,5 m do 4,8 m. Na uwag\u0119 zas\u0142uguje tak\u017ce system kodowania kolor\u00f3w NTSC 95%, kt\u00f3ry zapewnia doskona\u0142y kontrast i \u017cywe, nasycone barwy.<\/p>\n<p>\n<img decoding=\"async\" src=\"https:\/\/assets.innpro.pl\/6598\/7697\/6.png\" border=\"0\" \/>\n<\/p>\n<h3>Niezawodne po\u0142\u0105czenie<\/h3>\n<p>Nie obawiaj si\u0119 problem\u00f3w z po\u0142\u0105czeniem. Projektor obs\u0142uguje technologi\u0119 Wi-Fi 2.4G + 5G, dzi\u0119ki czemu zapewnia szybk\u0105 i stabiln\u0105 transmisj\u0119 bezprzewodow\u0105. Zapomnij o zacinaniu si\u0119, zak\u0142\u00f3ceniach i op\u00f3\u017anieniach \u2013 BW-V8 pozwoli Ci cieszy\u0107 si\u0119 p\u0142ynnym, niezapomnianym do\u015bwiadczeniem.<\/p>\n<p>\n<img decoding=\"async\" src=\"https:\/\/assets.innpro.pl\/6598\/7697\/5.png\" border=\"0\" \/>\n<\/p>\n<h3>Przemy\u015blana konstrukcja<\/h3>\n<p>Rzutnik wa\u017cy tylko 1,24 kg, a jego wymiary to 215 x 170 x 86 mm. Dzi\u0119ki temu mo\u017cesz bez problemu u\u017cywa\u0107 go nawet na ograniczonej przestrzeni oraz przenosi\u0107 z miejsca na miejsce. Zabierz go do ogrodu lub na wakacje i ciesz si\u0119 swoim w\u0142asnym przeno\u015bnym kinem, gdziekolwiek si\u0119 znajdziesz! Do dyspozycji masz tak\u017ce kilka przydatnych port\u00f3w, takich jak HDMI, USB-A, AUX i slot na kart\u0119 TF. Mo\u017cesz wi\u0119c z \u0142atwo\u015bci\u0105 pod\u0142\u0105czy\u0107 do projektora dysk USB, konsol\u0119 do gier, TV Box, s\u0142uchawki i nie tylko.\u00a0<\/p>\n<p>\n<img decoding=\"async\" src=\"https:\/\/assets.innpro.pl\/6598\/7697\/3.png\" border=\"0\" \/>\n<\/p>\n<h3>Zachwycaj\u0105cy d\u017awi\u0119k<\/h3>\n<p>Nasycony szczeg\u00f3\u0142ami obraz to nie wszystko \u2013 aby w pe\u0142ni cieszy\u0107 si\u0119 seansem filmowym, trzeba te\u017c zadba\u0107 o wysokiej jako\u015bci d\u017awi\u0119k. Rzutnik Blitzwolf Ci w tym pomo\u017ce! Model BW-V8 ma wbudowane g\u0142o\u015bniki HiFi, a dodatkowo obs\u0142uguje \u0142\u0105cze Bluetooth, kt\u00f3re pozwala sparowa\u0107 go z innymi urz\u0105dzeniami audio. Zanurz si\u0119 w \u015bwiecie ulubionego filmu i do\u015bwiadcz niezapomnianych emocji!<\/p>\n<p>\n<img decoding=\"async\" src=\"https:\/\/assets.innpro.pl\/6598\/7697\/4.png\" border=\"0\" \/>\n<\/p>\n<div class=\"table-wrapper\">\n<p>\u00a0<\/p>\n<h3><\/h3>\n<table>\n<tbody>\n<tr>\n<th>Producent<\/th>\n<td>Blitzwolf<\/td>\n<\/tr>\n<tr>\n<th>Model<\/th>\n<td>BW-V8<\/td>\n<\/tr>\n<tr>\n<th>Technologia projekcji<\/th>\n<td>4&#8243; LCD<\/td>\n<\/tr>\n<tr>\n<th>Uk\u0142ad wy\u015bwietlacza<\/th>\n<td>LED<\/td>\n<\/tr>\n<tr>\n<th>Jasno\u015b\u0107<\/th>\n<td>480 ANSI<\/td>\n<\/tr>\n<tr>\n<th>Standardowa rozdzielczo\u015b\u0107<\/th>\n<td>1920 x 1080<\/td>\n<\/tr>\n<tr>\n<th>Rozmiar projekcji<\/th>\n<td>50-200 cali<\/td>\n<\/tr>\n<tr>\n<th>Odleg\u0142o\u015b\u0107 projekcji<\/th>\n<td>1,5-4,8 m<\/td>\n<\/tr>\n<tr>\n<th>Kontrast<\/th>\n<td>12000:1<\/td>\n<\/tr>\n<tr>\n<th>Stosunek projekcji<\/th>\n<td>1,2:1<\/td>\n<\/tr>\n<tr>\n<th>Zniekszta\u0142cenie<\/th>\n<td>&lt; 1%<\/td>\n<\/tr>\n<tr>\n<th>Jednorodno\u015b\u0107 luminancji<\/th>\n<td>&gt; 70%<\/td>\n<\/tr>\n<tr>\n<th>Wsp\u00f3\u0142czynnik proporcji<\/th>\n<td>4:3 \/ 16:9<\/td>\n<\/tr>\n<tr>\n<th>Regulacja ostro\u015bci<\/th>\n<td>Manualna<\/td>\n<\/tr>\n<tr>\n<th>Korekcja<\/th>\n<td>Pionowo: \u00b115\u00b0<\/td>\n<\/tr>\n<tr>\n<th>WiFi<\/th>\n<td>2.4G + 5G<\/td>\n<\/tr>\n<tr>\n<th>Bluetooth<\/th>\n<td>4.2<\/td>\n<\/tr>\n<tr>\n<th>Wsparcie wideo<\/th>\n<td>MPEG-1, MPEG-2, MPEG-4, H.263, H.264, H.265, VC-1, RV, VP6 \/ VP8, Sorenson Spark, MVC<\/td>\n<\/tr>\n<tr>\n<th>Obs\u0142uga d\u017awi\u0119ku<\/th>\n<td>MP3, WMA, MP2, OGG, AAC, M4A, MA4, FLAC, APE, 3GP, WAV<\/td>\n<\/tr>\n<tr>\n<th>Wsparcie dla obrazu<\/th>\n<td>R\u00f3\u017cne formaty obraz\u00f3w (JPG, PNG, BMP itp.)<\/td>\n<\/tr>\n<tr>\n<th>Wbudowany g\u0142o\u015bnik<\/th>\n<td>1x 5 W 4\u03a9<\/td>\n<\/tr>\n<tr>\n<th>Ca\u0142kowite zu\u017cycie energii<\/th>\n<td>70 W<\/td>\n<\/tr>\n<tr>\n<th>Dost\u0119pne porty<\/th>\n<td>1x karta TF (maks. 64 GB), 1x port wej\u015bcia AV, 1x HDMI 1.4, 1x USB2.0 (odczyt z dysku USB do 2 TB), 1x wyj\u015bcie s\u0142uchawkowe 3,5 mm, 1x port VGA<\/td>\n<\/tr>\n<tr>\n<th>Sterowanie<\/th>\n<td>Pilot zdalnego sterowania na podczerwie\u0144<\/td>\n<\/tr>\n<tr>\n<th>Wymiary<\/th>\n<td>215 x 170 x 86 mm<\/td>\n<\/tr>\n<tr>\n<th>Waga<\/th>\n<td>1,24 kg<\/td>\n<\/tr>\n<\/tbody>\n<\/table>\n<\/div>\n","protected":false},"excerpt":{"rendered":"<p>Rzutnik \/ Projektor Blitzwolf, BW-V8, 4K, Android OS Poczuj si\u0119 jak w kinie we w\u0142asnym salonie czy nawet w ogrodzie.<\/p>\n","protected":false},"featured_media":45000,"comment_status":"closed","ping_status":"open","template":"","meta":{"_acf_changed":false},"product_brand":[],"product_cat":[5929,5954,5953],"product_tag":[],"class_list":{"0":"post-58836","1":"product","2":"type-product","3":"status-publish","4":"has-post-thumbnail","6":"product_cat-akcesoria-it","7":"product_cat-projektory","8":"product_cat-projekcja","9":"pa_okres-gwarancji-5768","10":"pa_producent-blitzwolf","12":"first","13":"outofstock","14":"taxable","15":"shipping-taxable","16":"purchasable","17":"product-type-simple"},"acf":[],"yoast_head":"<!-- This site is optimized with the Yoast SEO plugin v27.2 - https:\/\/yoast.com\/product\/yoast-seo-wordpress\/ -->\n<title>Projektor BLITZWOLF BW-V8 4K Android - IRONSKY.PL Sklep z Dronami<\/title>\n<meta name=\"description\" content=\"Projektor BLITZWOLF BW-V8 4K Android - \u2705 sklep z dronami i fachowym doradztwem. \u2705 Tutaj kupisz produkty DJI, Yuneec, Parrot, Syma i wiele innych, a tak\u017ce kursy i licencje na operatora drona.\" \/>\n<meta name=\"robots\" content=\"index, follow, max-snippet:-1, max-image-preview:large, max-video-preview:-1\" \/>\n<link rel=\"canonical\" href=\"https:\/\/ironsky.pl\/sklep\/produkt\/projektor-blitzwolf-bw-v8-4k-android\/\" \/>\n<meta property=\"og:locale\" content=\"pl_PL\" \/>\n<meta property=\"og:type\" content=\"article\" \/>\n<meta property=\"og:title\" content=\"Projektor BLITZWOLF BW-V8 4K Android - IRONSKY.PL Sklep z Dronami\" \/>\n<meta property=\"og:description\" content=\"Projektor BLITZWOLF BW-V8 4K Android - \u2705 sklep z dronami i fachowym doradztwem. \u2705 Tutaj kupisz produkty DJI, Yuneec, Parrot, Syma i wiele innych, a tak\u017ce kursy i licencje na operatora drona.\" \/>\n<meta property=\"og:url\" content=\"https:\/\/ironsky.pl\/sklep\/produkt\/projektor-blitzwolf-bw-v8-4k-android\/\" \/>\n<meta property=\"og:site_name\" content=\"IRONSKY.PL Sklep z Dronami\" \/>\n<meta property=\"article:modified_time\" content=\"2026-04-15T08:41:02+00:00\" \/>\n<meta property=\"og:image\" content=\"https:\/\/ironsky.pl\/sklep\/wp-content\/uploads\/2025\/06\/43321_3.png\" \/>\n\t<meta property=\"og:image:width\" content=\"800\" \/>\n\t<meta property=\"og:image:height\" content=\"800\" \/>\n\t<meta property=\"og:image:type\" content=\"image\/png\" \/>\n<meta name=\"twitter:card\" content=\"summary_large_image\" \/>\n<meta name=\"twitter:label1\" content=\"Szacowany czas czytania\" \/>\n\t<meta name=\"twitter:data1\" content=\"3 minuty\" \/>\n<script type=\"application\/ld+json\" class=\"yoast-schema-graph\">{\"@context\":\"https:\/\/schema.org\",\"@graph\":[{\"@type\":\"WebPage\",\"@id\":\"https:\/\/ironsky.pl\/sklep\/produkt\/projektor-blitzwolf-bw-v8-4k-android\/\",\"url\":\"https:\/\/ironsky.pl\/sklep\/produkt\/projektor-blitzwolf-bw-v8-4k-android\/\",\"name\":\"Projektor BLITZWOLF BW-V8 4K Android - IRONSKY.PL Sklep z Dronami\",\"isPartOf\":{\"@id\":\"https:\/\/ironsky.pl\/sklep\/#website\"},\"primaryImageOfPage\":{\"@id\":\"https:\/\/ironsky.pl\/sklep\/produkt\/projektor-blitzwolf-bw-v8-4k-android\/#primaryimage\"},\"image\":{\"@id\":\"https:\/\/ironsky.pl\/sklep\/produkt\/projektor-blitzwolf-bw-v8-4k-android\/#primaryimage\"},\"thumbnailUrl\":\"https:\/\/ironsky.pl\/sklep\/wp-content\/uploads\/2025\/06\/43321_3.png\",\"datePublished\":\"2026-04-15T08:40:35+00:00\",\"dateModified\":\"2026-04-15T08:41:02+00:00\",\"description\":\"Projektor BLITZWOLF BW-V8 4K Android - \u2705 sklep z dronami i fachowym doradztwem. \u2705 Tutaj kupisz produkty DJI, Yuneec, Parrot, Syma i wiele innych, a tak\u017ce kursy i licencje na operatora drona.\",\"breadcrumb\":{\"@id\":\"https:\/\/ironsky.pl\/sklep\/produkt\/projektor-blitzwolf-bw-v8-4k-android\/#breadcrumb\"},\"inLanguage\":\"pl-PL\",\"potentialAction\":[{\"@type\":\"ReadAction\",\"target\":[\"https:\/\/ironsky.pl\/sklep\/produkt\/projektor-blitzwolf-bw-v8-4k-android\/\"]}]},{\"@type\":\"ImageObject\",\"inLanguage\":\"pl-PL\",\"@id\":\"https:\/\/ironsky.pl\/sklep\/produkt\/projektor-blitzwolf-bw-v8-4k-android\/#primaryimage\",\"url\":\"https:\/\/ironsky.pl\/sklep\/wp-content\/uploads\/2025\/06\/43321_3.png\",\"contentUrl\":\"https:\/\/ironsky.pl\/sklep\/wp-content\/uploads\/2025\/06\/43321_3.png\",\"width\":800,\"height\":800},{\"@type\":\"BreadcrumbList\",\"@id\":\"https:\/\/ironsky.pl\/sklep\/produkt\/projektor-blitzwolf-bw-v8-4k-android\/#breadcrumb\",\"itemListElement\":[{\"@type\":\"ListItem\",\"position\":1,\"name\":\"Strona g\u0142\u00f3wna\",\"item\":\"https:\/\/ironsky.pl\/sklep\/\"},{\"@type\":\"ListItem\",\"position\":2,\"name\":\"Wszystkie produkty\",\"item\":\"https:\/\/ironsky.pl\/sklep\/produkty\/\"},{\"@type\":\"ListItem\",\"position\":3,\"name\":\"Projektor BLITZWOLF BW-V8 4K Android\"}]},{\"@type\":\"WebSite\",\"@id\":\"https:\/\/ironsky.pl\/sklep\/#website\",\"url\":\"https:\/\/ironsky.pl\/sklep\/\",\"name\":\"IRONSKY.PL Sklep z Dronami\",\"description\":\"IRONSKY.PL Sklep z Dronami\",\"potentialAction\":[{\"@type\":\"SearchAction\",\"target\":{\"@type\":\"EntryPoint\",\"urlTemplate\":\"https:\/\/ironsky.pl\/sklep\/?s={search_term_string}\"},\"query-input\":{\"@type\":\"PropertyValueSpecification\",\"valueRequired\":true,\"valueName\":\"search_term_string\"}}],\"inLanguage\":\"pl-PL\"}]}<\/script>\n<!-- \/ Yoast SEO plugin. -->","yoast_head_json":{"title":"Projektor BLITZWOLF BW-V8 4K Android - IRONSKY.PL Sklep z Dronami","description":"Projektor BLITZWOLF BW-V8 4K Android - \u2705 sklep z dronami i fachowym doradztwem. \u2705 Tutaj kupisz produkty DJI, Yuneec, Parrot, Syma i wiele innych, a tak\u017ce kursy i licencje na operatora drona.","robots":{"index":"index","follow":"follow","max-snippet":"max-snippet:-1","max-image-preview":"max-image-preview:large","max-video-preview":"max-video-preview:-1"},"canonical":"https:\/\/ironsky.pl\/sklep\/produkt\/projektor-blitzwolf-bw-v8-4k-android\/","og_locale":"pl_PL","og_type":"article","og_title":"Projektor BLITZWOLF BW-V8 4K Android - IRONSKY.PL Sklep z Dronami","og_description":"Projektor BLITZWOLF BW-V8 4K Android - \u2705 sklep z dronami i fachowym doradztwem. \u2705 Tutaj kupisz produkty DJI, Yuneec, Parrot, Syma i wiele innych, a tak\u017ce kursy i licencje na operatora drona.","og_url":"https:\/\/ironsky.pl\/sklep\/produkt\/projektor-blitzwolf-bw-v8-4k-android\/","og_site_name":"IRONSKY.PL Sklep z Dronami","article_modified_time":"2026-04-15T08:41:02+00:00","og_image":[{"width":800,"height":800,"url":"https:\/\/ironsky.pl\/sklep\/wp-content\/uploads\/2025\/06\/43321_3.png","type":"image\/png"}],"twitter_card":"summary_large_image","twitter_misc":{"Szacowany czas czytania":"3 minuty"},"schema":{"@context":"https:\/\/schema.org","@graph":[{"@type":"WebPage","@id":"https:\/\/ironsky.pl\/sklep\/produkt\/projektor-blitzwolf-bw-v8-4k-android\/","url":"https:\/\/ironsky.pl\/sklep\/produkt\/projektor-blitzwolf-bw-v8-4k-android\/","name":"Projektor BLITZWOLF BW-V8 4K Android - IRONSKY.PL Sklep z Dronami","isPartOf":{"@id":"https:\/\/ironsky.pl\/sklep\/#website"},"primaryImageOfPage":{"@id":"https:\/\/ironsky.pl\/sklep\/produkt\/projektor-blitzwolf-bw-v8-4k-android\/#primaryimage"},"image":{"@id":"https:\/\/ironsky.pl\/sklep\/produkt\/projektor-blitzwolf-bw-v8-4k-android\/#primaryimage"},"thumbnailUrl":"https:\/\/ironsky.pl\/sklep\/wp-content\/uploads\/2025\/06\/43321_3.png","datePublished":"2026-04-15T08:40:35+00:00","dateModified":"2026-04-15T08:41:02+00:00","description":"Projektor BLITZWOLF BW-V8 4K Android - \u2705 sklep z dronami i fachowym doradztwem. \u2705 Tutaj kupisz produkty DJI, Yuneec, Parrot, Syma i wiele innych, a tak\u017ce kursy i licencje na operatora drona.","breadcrumb":{"@id":"https:\/\/ironsky.pl\/sklep\/produkt\/projektor-blitzwolf-bw-v8-4k-android\/#breadcrumb"},"inLanguage":"pl-PL","potentialAction":[{"@type":"ReadAction","target":["https:\/\/ironsky.pl\/sklep\/produkt\/projektor-blitzwolf-bw-v8-4k-android\/"]}]},{"@type":"ImageObject","inLanguage":"pl-PL","@id":"https:\/\/ironsky.pl\/sklep\/produkt\/projektor-blitzwolf-bw-v8-4k-android\/#primaryimage","url":"https:\/\/ironsky.pl\/sklep\/wp-content\/uploads\/2025\/06\/43321_3.png","contentUrl":"https:\/\/ironsky.pl\/sklep\/wp-content\/uploads\/2025\/06\/43321_3.png","width":800,"height":800},{"@type":"BreadcrumbList","@id":"https:\/\/ironsky.pl\/sklep\/produkt\/projektor-blitzwolf-bw-v8-4k-android\/#breadcrumb","itemListElement":[{"@type":"ListItem","position":1,"name":"Strona g\u0142\u00f3wna","item":"https:\/\/ironsky.pl\/sklep\/"},{"@type":"ListItem","position":2,"name":"Wszystkie produkty","item":"https:\/\/ironsky.pl\/sklep\/produkty\/"},{"@type":"ListItem","position":3,"name":"Projektor BLITZWOLF BW-V8 4K Android"}]},{"@type":"WebSite","@id":"https:\/\/ironsky.pl\/sklep\/#website","url":"https:\/\/ironsky.pl\/sklep\/","name":"IRONSKY.PL Sklep z Dronami","description":"IRONSKY.PL Sklep z Dronami","potentialAction":[{"@type":"SearchAction","target":{"@type":"EntryPoint","urlTemplate":"https:\/\/ironsky.pl\/sklep\/?s={search_term_string}"},"query-input":{"@type":"PropertyValueSpecification","valueRequired":true,"valueName":"search_term_string"}}],"inLanguage":"pl-PL"}]}},"_links":{"self":[{"href":"https:\/\/ironsky.pl\/sklep\/wp-json\/wp\/v2\/product\/58836","targetHints":{"allow":["GET"]}}],"collection":[{"href":"https:\/\/ironsky.pl\/sklep\/wp-json\/wp\/v2\/product"}],"about":[{"href":"https:\/\/ironsky.pl\/sklep\/wp-json\/wp\/v2\/types\/product"}],"replies":[{"embeddable":true,"href":"https:\/\/ironsky.pl\/sklep\/wp-json\/wp\/v2\/comments?post=58836"}],"wp:featuredmedia":[{"embeddable":true,"href":"https:\/\/ironsky.pl\/sklep\/wp-json\/wp\/v2\/media\/45000"}],"wp:attachment":[{"href":"https:\/\/ironsky.pl\/sklep\/wp-json\/wp\/v2\/media?parent=58836"}],"wp:term":[{"taxonomy":"product_brand","embeddable":true,"href":"https:\/\/ironsky.pl\/sklep\/wp-json\/wp\/v2\/product_brand?post=58836"},{"taxonomy":"product_cat","embeddable":true,"href":"https:\/\/ironsky.pl\/sklep\/wp-json\/wp\/v2\/product_cat?post=58836"},{"taxonomy":"product_tag","embeddable":true,"href":"https:\/\/ironsky.pl\/sklep\/wp-json\/wp\/v2\/product_tag?post=58836"}],"curies":[{"name":"wp","href":"https:\/\/api.w.org\/{rel}","templated":true}]}}