{"id":58830,"date":"2026-04-15T10:40:35","date_gmt":"2026-04-15T08:40:35","guid":{"rendered":"https:\/\/ironsky.pl\/sklep\/produkt\/ladowarka-c10000-agras-t50-2\/"},"modified":"2026-04-15T10:40:58","modified_gmt":"2026-04-15T08:40:58","slug":"ladowarka-c10000-agras-t50-2","status":"publish","type":"product","link":"https:\/\/ironsky.pl\/sklep\/produkt\/ladowarka-c10000-agras-t50-2\/","title":{"rendered":"\u0141adowarka C10000 Agras T50"},"content":{"rendered":"<h3>\u0141adowarka do akumulator\u00f3w Agrasa T50<\/h3>\n<p>\u0141adowarka DJI C10000 to\u00a0zaawansowany system zasilania o du\u017cej mocy. Zaprojektowana specjalnie dla dron\u00f3w Agras T50 znacznie skraca czas przestoj\u00f3w podczas prac rolniczych, \u0142aduj\u0105c akumulatory jeszcze szybciej ni\u017c w modelu C8000 przeznaczonym dla akumulator\u00f3w Agras T30.\u00a0<\/p>\n<div class=\"table-wrapper\">\n<table>\n<tbody>\n<tr>\n<td>Model<\/td>\n<td>C10000 (\u0421\u0405\u0425702-9500)<\/td>\n<\/tr>\n<tr>\n<td>Wymiary<\/td>\n<td>400 x 266 x 120 mm<\/td>\n<\/tr>\n<tr>\n<td>Masa<\/td>\n<td>11,2 kg<\/td>\n<\/tr>\n<tr>\n<td>Napi\u0119cie wej\u015bciowe<\/td>\n<td>100-240V<\/td>\n<\/tr>\n<tr>\n<td>Napi\u0119cie wyj\u015bciowe<\/td>\n<td>59,92 V<\/td>\n<\/tr>\n<tr>\n<td>Maksymalny pr\u0105d wyj\u015bciowy<\/td>\n<td>175 A<\/td>\n<\/tr>\n<tr>\n<td>Moc znamionowa<\/td>\n<td>9000 W<\/td>\n<\/tr>\n<tr>\n<td><span>Wej\u015bcie\/wyj\u015bcie<\/span><\/td>\n<td><span>Wej\u015bcie (g\u0142\u00f3wne): 220-240 VAC, 50\/60 Hz, 24 A MAX<\/span><br \/><span>Wej\u015bcie (pomocnicze): 220-240 VAC, 50\/60 Hz, 24 A MAX<\/span><br \/><span>Wyj\u015bcie: 59,92 VDC MAX, 175 A MAX, 9000 W MAX<\/span><br \/><span>Wej\u015bcie (g\u0142\u00f3wne): 100-120 VAC, 50\/60 Hz, 16 A MAX<\/span><br \/><span>Wej\u015bcie (pomocnicze): 100-120 VAC, 50\/60 Hz, 16 A MAX<\/span><br \/><span>Wyj\u015bcie: 59,92 VDC MAX, 60 A MAX, 3000 W MAX<\/span><\/td>\n<\/tr>\n<tr>\n<td><span>Czas \u0142adowania<\/span><\/td>\n<td><span>Pe\u0142ne na\u0142adowanie akumulatora w 9 do 12 minut (DB1560 Intelligent Flight Battery)<\/span><\/td>\n<\/tr>\n<tr>\n<td><span>Funkcje ochronne<\/span><\/td>\n<td><span>Zabezpieczenie przed przepi\u0119ciem, prze\u0142adowaniem, zbyt niskim napi\u0119ciem i zbyt wysok\u0105 temperatur\u0105<\/span><\/td>\n<\/tr>\n<tr>\n<td><span>Bezpiecze\u0144stwo \u0142adowania<\/span><\/td>\n<td><span>Zabezpieczenie przewodu AC, zabezpieczenie przewodu zasilania i zabezpieczenie z\u0142\u0105cza \u0142adowania<\/span><\/td>\n<\/tr>\n<tr>\n<td><span>Kompatybilno\u015b\u0107<\/span><\/td>\n<td>\n<p>DB1560\/DB800\/T40\/T30\/T20P\/T50 Intelligent Flight Battery<\/p>\n<\/td>\n<\/tr>\n<\/tbody>\n<\/table>\n<\/div>\n","protected":false},"excerpt":{"rendered":"<p>\u0141adowarka do akumulator\u00f3w Agrasa T50 \u0141adowarka DJI C10000 to\u00a0zaawansowany system zasilania o du\u017cej mocy. Zaprojektowana specjalnie dla dron\u00f3w Agras T50<\/p>\n","protected":false},"featured_media":58831,"comment_status":"closed","ping_status":"open","template":"","meta":{"_acf_changed":false},"product_brand":[],"product_cat":[6169,1088,1105],"product_tag":[],"class_list":{"0":"post-58830","1":"product","2":"type-product","3":"status-publish","4":"has-post-thumbnail","6":"product_cat-akcesoria-i-czesci","7":"product_cat-drony","8":"product_cat-przemyslowe","9":"pa_producent-dji-agriculture","11":"first","12":"outofstock","13":"taxable","14":"shipping-taxable","15":"purchasable","16":"product-type-simple"},"acf":[],"yoast_head":"<!-- This site is optimized with the Yoast SEO plugin v27.2 - https:\/\/yoast.com\/product\/yoast-seo-wordpress\/ -->\n<title>\u0141adowarka C10000 Agras T50 - IRONSKY.PL Sklep z Dronami<\/title>\n<meta name=\"description\" content=\"\u0141adowarka C10000 Agras T50 - \u2705 sklep z dronami i fachowym doradztwem. \u2705 Tutaj kupisz produkty DJI, Yuneec, Parrot, Syma i wiele innych, a tak\u017ce kursy i licencje na operatora drona.\" \/>\n<meta name=\"robots\" content=\"index, follow, max-snippet:-1, max-image-preview:large, max-video-preview:-1\" \/>\n<link rel=\"canonical\" href=\"https:\/\/ironsky.pl\/sklep\/produkt\/ladowarka-c10000-agras-t50-2\/\" \/>\n<meta property=\"og:locale\" content=\"pl_PL\" \/>\n<meta property=\"og:type\" content=\"article\" \/>\n<meta property=\"og:title\" content=\"\u0141adowarka C10000 Agras T50 - IRONSKY.PL Sklep z Dronami\" \/>\n<meta property=\"og:description\" content=\"\u0141adowarka C10000 Agras T50 - \u2705 sklep z dronami i fachowym doradztwem. \u2705 Tutaj kupisz produkty DJI, Yuneec, Parrot, Syma i wiele innych, a tak\u017ce kursy i licencje na operatora drona.\" \/>\n<meta property=\"og:url\" content=\"https:\/\/ironsky.pl\/sklep\/produkt\/ladowarka-c10000-agras-t50-2\/\" \/>\n<meta property=\"og:site_name\" content=\"IRONSKY.PL Sklep z Dronami\" \/>\n<meta property=\"article:modified_time\" content=\"2026-04-15T08:40:58+00:00\" \/>\n<meta property=\"og:image\" content=\"https:\/\/ironsky.pl\/sklep\/wp-content\/uploads\/2026\/04\/43262_1.jpg\" \/>\n\t<meta property=\"og:image:width\" content=\"800\" \/>\n\t<meta property=\"og:image:height\" content=\"800\" \/>\n\t<meta property=\"og:image:type\" content=\"image\/jpeg\" \/>\n<meta name=\"twitter:card\" content=\"summary_large_image\" \/>\n<meta name=\"twitter:label1\" content=\"Szacowany czas czytania\" \/>\n\t<meta name=\"twitter:data1\" content=\"1 minuta\" \/>\n<script type=\"application\/ld+json\" class=\"yoast-schema-graph\">{\"@context\":\"https:\/\/schema.org\",\"@graph\":[{\"@type\":\"WebPage\",\"@id\":\"https:\/\/ironsky.pl\/sklep\/produkt\/ladowarka-c10000-agras-t50-2\/\",\"url\":\"https:\/\/ironsky.pl\/sklep\/produkt\/ladowarka-c10000-agras-t50-2\/\",\"name\":\"\u0141adowarka C10000 Agras T50 - IRONSKY.PL Sklep z Dronami\",\"isPartOf\":{\"@id\":\"https:\/\/ironsky.pl\/sklep\/#website\"},\"primaryImageOfPage\":{\"@id\":\"https:\/\/ironsky.pl\/sklep\/produkt\/ladowarka-c10000-agras-t50-2\/#primaryimage\"},\"image\":{\"@id\":\"https:\/\/ironsky.pl\/sklep\/produkt\/ladowarka-c10000-agras-t50-2\/#primaryimage\"},\"thumbnailUrl\":\"https:\/\/ironsky.pl\/sklep\/wp-content\/uploads\/2026\/04\/43262_1.jpg\",\"datePublished\":\"2026-04-15T08:40:35+00:00\",\"dateModified\":\"2026-04-15T08:40:58+00:00\",\"description\":\"\u0141adowarka C10000 Agras T50 - \u2705 sklep z dronami i fachowym doradztwem. \u2705 Tutaj kupisz produkty DJI, Yuneec, Parrot, Syma i wiele innych, a tak\u017ce kursy i licencje na operatora drona.\",\"breadcrumb\":{\"@id\":\"https:\/\/ironsky.pl\/sklep\/produkt\/ladowarka-c10000-agras-t50-2\/#breadcrumb\"},\"inLanguage\":\"pl-PL\",\"potentialAction\":[{\"@type\":\"ReadAction\",\"target\":[\"https:\/\/ironsky.pl\/sklep\/produkt\/ladowarka-c10000-agras-t50-2\/\"]}]},{\"@type\":\"ImageObject\",\"inLanguage\":\"pl-PL\",\"@id\":\"https:\/\/ironsky.pl\/sklep\/produkt\/ladowarka-c10000-agras-t50-2\/#primaryimage\",\"url\":\"https:\/\/ironsky.pl\/sklep\/wp-content\/uploads\/2026\/04\/43262_1.jpg\",\"contentUrl\":\"https:\/\/ironsky.pl\/sklep\/wp-content\/uploads\/2026\/04\/43262_1.jpg\",\"width\":800,\"height\":800},{\"@type\":\"BreadcrumbList\",\"@id\":\"https:\/\/ironsky.pl\/sklep\/produkt\/ladowarka-c10000-agras-t50-2\/#breadcrumb\",\"itemListElement\":[{\"@type\":\"ListItem\",\"position\":1,\"name\":\"Strona g\u0142\u00f3wna\",\"item\":\"https:\/\/ironsky.pl\/sklep\/\"},{\"@type\":\"ListItem\",\"position\":2,\"name\":\"Wszystkie produkty\",\"item\":\"https:\/\/ironsky.pl\/sklep\/produkty\/\"},{\"@type\":\"ListItem\",\"position\":3,\"name\":\"\u0141adowarka C10000 Agras T50\"}]},{\"@type\":\"WebSite\",\"@id\":\"https:\/\/ironsky.pl\/sklep\/#website\",\"url\":\"https:\/\/ironsky.pl\/sklep\/\",\"name\":\"IRONSKY.PL Sklep z Dronami\",\"description\":\"IRONSKY.PL Sklep z Dronami\",\"potentialAction\":[{\"@type\":\"SearchAction\",\"target\":{\"@type\":\"EntryPoint\",\"urlTemplate\":\"https:\/\/ironsky.pl\/sklep\/?s={search_term_string}\"},\"query-input\":{\"@type\":\"PropertyValueSpecification\",\"valueRequired\":true,\"valueName\":\"search_term_string\"}}],\"inLanguage\":\"pl-PL\"}]}<\/script>\n<!-- \/ Yoast SEO plugin. -->","yoast_head_json":{"title":"\u0141adowarka C10000 Agras T50 - IRONSKY.PL Sklep z Dronami","description":"\u0141adowarka C10000 Agras T50 - \u2705 sklep z dronami i fachowym doradztwem. \u2705 Tutaj kupisz produkty DJI, Yuneec, Parrot, Syma i wiele innych, a tak\u017ce kursy i licencje na operatora drona.","robots":{"index":"index","follow":"follow","max-snippet":"max-snippet:-1","max-image-preview":"max-image-preview:large","max-video-preview":"max-video-preview:-1"},"canonical":"https:\/\/ironsky.pl\/sklep\/produkt\/ladowarka-c10000-agras-t50-2\/","og_locale":"pl_PL","og_type":"article","og_title":"\u0141adowarka C10000 Agras T50 - IRONSKY.PL Sklep z Dronami","og_description":"\u0141adowarka C10000 Agras T50 - \u2705 sklep z dronami i fachowym doradztwem. \u2705 Tutaj kupisz produkty DJI, Yuneec, Parrot, Syma i wiele innych, a tak\u017ce kursy i licencje na operatora drona.","og_url":"https:\/\/ironsky.pl\/sklep\/produkt\/ladowarka-c10000-agras-t50-2\/","og_site_name":"IRONSKY.PL Sklep z Dronami","article_modified_time":"2026-04-15T08:40:58+00:00","og_image":[{"width":800,"height":800,"url":"https:\/\/ironsky.pl\/sklep\/wp-content\/uploads\/2026\/04\/43262_1.jpg","type":"image\/jpeg"}],"twitter_card":"summary_large_image","twitter_misc":{"Szacowany czas czytania":"1 minuta"},"schema":{"@context":"https:\/\/schema.org","@graph":[{"@type":"WebPage","@id":"https:\/\/ironsky.pl\/sklep\/produkt\/ladowarka-c10000-agras-t50-2\/","url":"https:\/\/ironsky.pl\/sklep\/produkt\/ladowarka-c10000-agras-t50-2\/","name":"\u0141adowarka C10000 Agras T50 - IRONSKY.PL Sklep z Dronami","isPartOf":{"@id":"https:\/\/ironsky.pl\/sklep\/#website"},"primaryImageOfPage":{"@id":"https:\/\/ironsky.pl\/sklep\/produkt\/ladowarka-c10000-agras-t50-2\/#primaryimage"},"image":{"@id":"https:\/\/ironsky.pl\/sklep\/produkt\/ladowarka-c10000-agras-t50-2\/#primaryimage"},"thumbnailUrl":"https:\/\/ironsky.pl\/sklep\/wp-content\/uploads\/2026\/04\/43262_1.jpg","datePublished":"2026-04-15T08:40:35+00:00","dateModified":"2026-04-15T08:40:58+00:00","description":"\u0141adowarka C10000 Agras T50 - \u2705 sklep z dronami i fachowym doradztwem. \u2705 Tutaj kupisz produkty DJI, Yuneec, Parrot, Syma i wiele innych, a tak\u017ce kursy i licencje na operatora drona.","breadcrumb":{"@id":"https:\/\/ironsky.pl\/sklep\/produkt\/ladowarka-c10000-agras-t50-2\/#breadcrumb"},"inLanguage":"pl-PL","potentialAction":[{"@type":"ReadAction","target":["https:\/\/ironsky.pl\/sklep\/produkt\/ladowarka-c10000-agras-t50-2\/"]}]},{"@type":"ImageObject","inLanguage":"pl-PL","@id":"https:\/\/ironsky.pl\/sklep\/produkt\/ladowarka-c10000-agras-t50-2\/#primaryimage","url":"https:\/\/ironsky.pl\/sklep\/wp-content\/uploads\/2026\/04\/43262_1.jpg","contentUrl":"https:\/\/ironsky.pl\/sklep\/wp-content\/uploads\/2026\/04\/43262_1.jpg","width":800,"height":800},{"@type":"BreadcrumbList","@id":"https:\/\/ironsky.pl\/sklep\/produkt\/ladowarka-c10000-agras-t50-2\/#breadcrumb","itemListElement":[{"@type":"ListItem","position":1,"name":"Strona g\u0142\u00f3wna","item":"https:\/\/ironsky.pl\/sklep\/"},{"@type":"ListItem","position":2,"name":"Wszystkie produkty","item":"https:\/\/ironsky.pl\/sklep\/produkty\/"},{"@type":"ListItem","position":3,"name":"\u0141adowarka C10000 Agras T50"}]},{"@type":"WebSite","@id":"https:\/\/ironsky.pl\/sklep\/#website","url":"https:\/\/ironsky.pl\/sklep\/","name":"IRONSKY.PL Sklep z Dronami","description":"IRONSKY.PL Sklep z Dronami","potentialAction":[{"@type":"SearchAction","target":{"@type":"EntryPoint","urlTemplate":"https:\/\/ironsky.pl\/sklep\/?s={search_term_string}"},"query-input":{"@type":"PropertyValueSpecification","valueRequired":true,"valueName":"search_term_string"}}],"inLanguage":"pl-PL"}]}},"_links":{"self":[{"href":"https:\/\/ironsky.pl\/sklep\/wp-json\/wp\/v2\/product\/58830","targetHints":{"allow":["GET"]}}],"collection":[{"href":"https:\/\/ironsky.pl\/sklep\/wp-json\/wp\/v2\/product"}],"about":[{"href":"https:\/\/ironsky.pl\/sklep\/wp-json\/wp\/v2\/types\/product"}],"replies":[{"embeddable":true,"href":"https:\/\/ironsky.pl\/sklep\/wp-json\/wp\/v2\/comments?post=58830"}],"wp:featuredmedia":[{"embeddable":true,"href":"https:\/\/ironsky.pl\/sklep\/wp-json\/wp\/v2\/media\/58831"}],"wp:attachment":[{"href":"https:\/\/ironsky.pl\/sklep\/wp-json\/wp\/v2\/media?parent=58830"}],"wp:term":[{"taxonomy":"product_brand","embeddable":true,"href":"https:\/\/ironsky.pl\/sklep\/wp-json\/wp\/v2\/product_brand?post=58830"},{"taxonomy":"product_cat","embeddable":true,"href":"https:\/\/ironsky.pl\/sklep\/wp-json\/wp\/v2\/product_cat?post=58830"},{"taxonomy":"product_tag","embeddable":true,"href":"https:\/\/ironsky.pl\/sklep\/wp-json\/wp\/v2\/product_tag?post=58830"}],"curies":[{"name":"wp","href":"https:\/\/api.w.org\/{rel}","templated":true}]}}