{"id":58812,"date":"2026-04-15T10:40:35","date_gmt":"2026-04-15T08:40:35","guid":{"rendered":"https:\/\/ironsky.pl\/sklep\/produkt\/inteligentny-akumulator-dji-agras-t25-t25p-db800\/"},"modified":"2026-04-15T10:40:48","modified_gmt":"2026-04-15T08:40:48","slug":"inteligentny-akumulator-dji-agras-t25-t25p-db800","status":"publish","type":"product","link":"https:\/\/ironsky.pl\/sklep\/produkt\/inteligentny-akumulator-dji-agras-t25-t25p-db800\/","title":{"rendered":"Inteligentny akumulator DJI Agras T25 \/ T25P DB800"},"content":{"rendered":"<div style=\"display: flex; flex-direction: column;\" class=\"iai-section-b518b711-327c-49dd-a6df-803f52333dbe-description-wrapper\">\n<div class=\"iai-section-b518b711-327c-49dd-a6df-803f52333dbe iai-section-b518b711-327c-49dd-a6df-803f52333dbe-html\">\n<h3>Inteligentny akumulator DB800<\/h3>\n<p>Wykorzystuje wysokoenergetyczne ogniwa akumulatorowe i zaawansowany system zarz\u0105dzania energi\u0105, aby zapewni\u0107 sta\u0142e zasilanie dronowi.<img decoding=\"async\" src=\"https:\/\/b2b.innpro.pl\/data\/include\/cms\/.product\/8\/2\/43228\/Batterysmall_020000.png\" border=\"0\" alt=\"\" width=\"2560\" height=\"1440\"><\/p>\n<p>&nbsp;<\/p>\n<p><!--StartFragment--><\/p>\n<h3>Co jakich dron\u00f3w pasuje akumulator DB800?<\/h3>\n<p>Akumulator DJI DB800 mo\u017ce by\u0107 wykorzystywany do DJI Agras T25, DJI Agras T25P oraz zast\u0119pczo w T50 i T30.&nbsp;<br \/>Bateria DB800 jest \u0142adowana przez C8000.&nbsp;<br \/>\u0141adowarka C10000 nie \u0142aduje akumulator\u00f3w DB800.&nbsp;<\/p>\n<p><!--EndFragment--><\/p>\n<\/div>\n<\/div>\n","protected":false},"excerpt":{"rendered":"<p>Inteligentny akumulator DB800 Wykorzystuje wysokoenergetyczne ogniwa akumulatorowe i zaawansowany system zarz\u0105dzania energi\u0105, aby zapewni\u0107 sta\u0142e zasilanie dronowi. &nbsp; Co jakich<\/p>\n","protected":false},"featured_media":58813,"comment_status":"closed","ping_status":"open","template":"","meta":{"_acf_changed":false},"product_brand":[],"product_cat":[6169,1088,1105],"product_tag":[],"class_list":{"0":"post-58812","1":"product","2":"type-product","3":"status-publish","4":"has-post-thumbnail","6":"product_cat-akcesoria-i-czesci","7":"product_cat-drony","8":"product_cat-przemyslowe","9":"pa_producent-dji-agriculture","11":"first","12":"instock","13":"taxable","14":"shipping-taxable","15":"purchasable","16":"product-type-simple"},"acf":[],"yoast_head":"<!-- This site is optimized with the Yoast SEO plugin v27.2 - https:\/\/yoast.com\/product\/yoast-seo-wordpress\/ -->\n<title>Inteligentny akumulator DJI Agras T25 \/ T25P DB800 - IRONSKY.PL Sklep z Dronami<\/title>\n<meta name=\"description\" content=\"Inteligentny akumulator DJI Agras T25 \/ T25P DB800 - \u2705 sklep z dronami i fachowym doradztwem. \u2705 Tutaj kupisz produkty DJI, Yuneec, Parrot, Syma i wiele innych, a tak\u017ce kursy i licencje na operatora drona.\" \/>\n<meta name=\"robots\" content=\"index, follow, max-snippet:-1, max-image-preview:large, max-video-preview:-1\" \/>\n<link rel=\"canonical\" href=\"https:\/\/ironsky.pl\/sklep\/produkt\/inteligentny-akumulator-dji-agras-t25-t25p-db800\/\" \/>\n<meta property=\"og:locale\" content=\"pl_PL\" \/>\n<meta property=\"og:type\" content=\"article\" \/>\n<meta property=\"og:title\" content=\"Inteligentny akumulator DJI Agras T25 \/ T25P DB800 - IRONSKY.PL Sklep z Dronami\" \/>\n<meta property=\"og:description\" content=\"Inteligentny akumulator DJI Agras T25 \/ T25P DB800 - \u2705 sklep z dronami i fachowym doradztwem. \u2705 Tutaj kupisz produkty DJI, Yuneec, Parrot, Syma i wiele innych, a tak\u017ce kursy i licencje na operatora drona.\" \/>\n<meta property=\"og:url\" content=\"https:\/\/ironsky.pl\/sklep\/produkt\/inteligentny-akumulator-dji-agras-t25-t25p-db800\/\" \/>\n<meta property=\"og:site_name\" content=\"IRONSKY.PL Sklep z Dronami\" \/>\n<meta property=\"article:modified_time\" content=\"2026-04-15T08:40:48+00:00\" \/>\n<meta property=\"og:image\" content=\"https:\/\/ironsky.pl\/sklep\/wp-content\/uploads\/2026\/04\/43228_1.jpg\" \/>\n\t<meta property=\"og:image:width\" content=\"800\" \/>\n\t<meta property=\"og:image:height\" content=\"800\" \/>\n\t<meta property=\"og:image:type\" content=\"image\/jpeg\" \/>\n<meta name=\"twitter:card\" content=\"summary_large_image\" \/>\n<script type=\"application\/ld+json\" class=\"yoast-schema-graph\">{\"@context\":\"https:\/\/schema.org\",\"@graph\":[{\"@type\":\"WebPage\",\"@id\":\"https:\/\/ironsky.pl\/sklep\/produkt\/inteligentny-akumulator-dji-agras-t25-t25p-db800\/\",\"url\":\"https:\/\/ironsky.pl\/sklep\/produkt\/inteligentny-akumulator-dji-agras-t25-t25p-db800\/\",\"name\":\"Inteligentny akumulator DJI Agras T25 \/ T25P DB800 - IRONSKY.PL Sklep z Dronami\",\"isPartOf\":{\"@id\":\"https:\/\/ironsky.pl\/sklep\/#website\"},\"primaryImageOfPage\":{\"@id\":\"https:\/\/ironsky.pl\/sklep\/produkt\/inteligentny-akumulator-dji-agras-t25-t25p-db800\/#primaryimage\"},\"image\":{\"@id\":\"https:\/\/ironsky.pl\/sklep\/produkt\/inteligentny-akumulator-dji-agras-t25-t25p-db800\/#primaryimage\"},\"thumbnailUrl\":\"https:\/\/ironsky.pl\/sklep\/wp-content\/uploads\/2026\/04\/43228_1.jpg\",\"datePublished\":\"2026-04-15T08:40:35+00:00\",\"dateModified\":\"2026-04-15T08:40:48+00:00\",\"description\":\"Inteligentny akumulator DJI Agras T25 \/ T25P DB800 - \u2705 sklep z dronami i fachowym doradztwem. \u2705 Tutaj kupisz produkty DJI, Yuneec, Parrot, Syma i wiele innych, a tak\u017ce kursy i licencje na operatora drona.\",\"breadcrumb\":{\"@id\":\"https:\/\/ironsky.pl\/sklep\/produkt\/inteligentny-akumulator-dji-agras-t25-t25p-db800\/#breadcrumb\"},\"inLanguage\":\"pl-PL\",\"potentialAction\":[{\"@type\":\"ReadAction\",\"target\":[\"https:\/\/ironsky.pl\/sklep\/produkt\/inteligentny-akumulator-dji-agras-t25-t25p-db800\/\"]}]},{\"@type\":\"ImageObject\",\"inLanguage\":\"pl-PL\",\"@id\":\"https:\/\/ironsky.pl\/sklep\/produkt\/inteligentny-akumulator-dji-agras-t25-t25p-db800\/#primaryimage\",\"url\":\"https:\/\/ironsky.pl\/sklep\/wp-content\/uploads\/2026\/04\/43228_1.jpg\",\"contentUrl\":\"https:\/\/ironsky.pl\/sklep\/wp-content\/uploads\/2026\/04\/43228_1.jpg\",\"width\":800,\"height\":800},{\"@type\":\"BreadcrumbList\",\"@id\":\"https:\/\/ironsky.pl\/sklep\/produkt\/inteligentny-akumulator-dji-agras-t25-t25p-db800\/#breadcrumb\",\"itemListElement\":[{\"@type\":\"ListItem\",\"position\":1,\"name\":\"Strona g\u0142\u00f3wna\",\"item\":\"https:\/\/ironsky.pl\/sklep\/\"},{\"@type\":\"ListItem\",\"position\":2,\"name\":\"Wszystkie produkty\",\"item\":\"https:\/\/ironsky.pl\/sklep\/produkty\/\"},{\"@type\":\"ListItem\",\"position\":3,\"name\":\"Inteligentny akumulator DJI Agras T25 \/ T25P DB800\"}]},{\"@type\":\"WebSite\",\"@id\":\"https:\/\/ironsky.pl\/sklep\/#website\",\"url\":\"https:\/\/ironsky.pl\/sklep\/\",\"name\":\"IRONSKY.PL Sklep z Dronami\",\"description\":\"IRONSKY.PL Sklep z Dronami\",\"potentialAction\":[{\"@type\":\"SearchAction\",\"target\":{\"@type\":\"EntryPoint\",\"urlTemplate\":\"https:\/\/ironsky.pl\/sklep\/?s={search_term_string}\"},\"query-input\":{\"@type\":\"PropertyValueSpecification\",\"valueRequired\":true,\"valueName\":\"search_term_string\"}}],\"inLanguage\":\"pl-PL\"}]}<\/script>\n<!-- \/ Yoast SEO plugin. -->","yoast_head_json":{"title":"Inteligentny akumulator DJI Agras T25 \/ T25P DB800 - IRONSKY.PL Sklep z Dronami","description":"Inteligentny akumulator DJI Agras T25 \/ T25P DB800 - \u2705 sklep z dronami i fachowym doradztwem. \u2705 Tutaj kupisz produkty DJI, Yuneec, Parrot, Syma i wiele innych, a tak\u017ce kursy i licencje na operatora drona.","robots":{"index":"index","follow":"follow","max-snippet":"max-snippet:-1","max-image-preview":"max-image-preview:large","max-video-preview":"max-video-preview:-1"},"canonical":"https:\/\/ironsky.pl\/sklep\/produkt\/inteligentny-akumulator-dji-agras-t25-t25p-db800\/","og_locale":"pl_PL","og_type":"article","og_title":"Inteligentny akumulator DJI Agras T25 \/ T25P DB800 - IRONSKY.PL Sklep z Dronami","og_description":"Inteligentny akumulator DJI Agras T25 \/ T25P DB800 - \u2705 sklep z dronami i fachowym doradztwem. \u2705 Tutaj kupisz produkty DJI, Yuneec, Parrot, Syma i wiele innych, a tak\u017ce kursy i licencje na operatora drona.","og_url":"https:\/\/ironsky.pl\/sklep\/produkt\/inteligentny-akumulator-dji-agras-t25-t25p-db800\/","og_site_name":"IRONSKY.PL Sklep z Dronami","article_modified_time":"2026-04-15T08:40:48+00:00","og_image":[{"width":800,"height":800,"url":"https:\/\/ironsky.pl\/sklep\/wp-content\/uploads\/2026\/04\/43228_1.jpg","type":"image\/jpeg"}],"twitter_card":"summary_large_image","schema":{"@context":"https:\/\/schema.org","@graph":[{"@type":"WebPage","@id":"https:\/\/ironsky.pl\/sklep\/produkt\/inteligentny-akumulator-dji-agras-t25-t25p-db800\/","url":"https:\/\/ironsky.pl\/sklep\/produkt\/inteligentny-akumulator-dji-agras-t25-t25p-db800\/","name":"Inteligentny akumulator DJI Agras T25 \/ T25P DB800 - IRONSKY.PL Sklep z Dronami","isPartOf":{"@id":"https:\/\/ironsky.pl\/sklep\/#website"},"primaryImageOfPage":{"@id":"https:\/\/ironsky.pl\/sklep\/produkt\/inteligentny-akumulator-dji-agras-t25-t25p-db800\/#primaryimage"},"image":{"@id":"https:\/\/ironsky.pl\/sklep\/produkt\/inteligentny-akumulator-dji-agras-t25-t25p-db800\/#primaryimage"},"thumbnailUrl":"https:\/\/ironsky.pl\/sklep\/wp-content\/uploads\/2026\/04\/43228_1.jpg","datePublished":"2026-04-15T08:40:35+00:00","dateModified":"2026-04-15T08:40:48+00:00","description":"Inteligentny akumulator DJI Agras T25 \/ T25P DB800 - \u2705 sklep z dronami i fachowym doradztwem. \u2705 Tutaj kupisz produkty DJI, Yuneec, Parrot, Syma i wiele innych, a tak\u017ce kursy i licencje na operatora drona.","breadcrumb":{"@id":"https:\/\/ironsky.pl\/sklep\/produkt\/inteligentny-akumulator-dji-agras-t25-t25p-db800\/#breadcrumb"},"inLanguage":"pl-PL","potentialAction":[{"@type":"ReadAction","target":["https:\/\/ironsky.pl\/sklep\/produkt\/inteligentny-akumulator-dji-agras-t25-t25p-db800\/"]}]},{"@type":"ImageObject","inLanguage":"pl-PL","@id":"https:\/\/ironsky.pl\/sklep\/produkt\/inteligentny-akumulator-dji-agras-t25-t25p-db800\/#primaryimage","url":"https:\/\/ironsky.pl\/sklep\/wp-content\/uploads\/2026\/04\/43228_1.jpg","contentUrl":"https:\/\/ironsky.pl\/sklep\/wp-content\/uploads\/2026\/04\/43228_1.jpg","width":800,"height":800},{"@type":"BreadcrumbList","@id":"https:\/\/ironsky.pl\/sklep\/produkt\/inteligentny-akumulator-dji-agras-t25-t25p-db800\/#breadcrumb","itemListElement":[{"@type":"ListItem","position":1,"name":"Strona g\u0142\u00f3wna","item":"https:\/\/ironsky.pl\/sklep\/"},{"@type":"ListItem","position":2,"name":"Wszystkie produkty","item":"https:\/\/ironsky.pl\/sklep\/produkty\/"},{"@type":"ListItem","position":3,"name":"Inteligentny akumulator DJI Agras T25 \/ T25P DB800"}]},{"@type":"WebSite","@id":"https:\/\/ironsky.pl\/sklep\/#website","url":"https:\/\/ironsky.pl\/sklep\/","name":"IRONSKY.PL Sklep z Dronami","description":"IRONSKY.PL Sklep z Dronami","potentialAction":[{"@type":"SearchAction","target":{"@type":"EntryPoint","urlTemplate":"https:\/\/ironsky.pl\/sklep\/?s={search_term_string}"},"query-input":{"@type":"PropertyValueSpecification","valueRequired":true,"valueName":"search_term_string"}}],"inLanguage":"pl-PL"}]}},"_links":{"self":[{"href":"https:\/\/ironsky.pl\/sklep\/wp-json\/wp\/v2\/product\/58812","targetHints":{"allow":["GET"]}}],"collection":[{"href":"https:\/\/ironsky.pl\/sklep\/wp-json\/wp\/v2\/product"}],"about":[{"href":"https:\/\/ironsky.pl\/sklep\/wp-json\/wp\/v2\/types\/product"}],"replies":[{"embeddable":true,"href":"https:\/\/ironsky.pl\/sklep\/wp-json\/wp\/v2\/comments?post=58812"}],"wp:featuredmedia":[{"embeddable":true,"href":"https:\/\/ironsky.pl\/sklep\/wp-json\/wp\/v2\/media\/58813"}],"wp:attachment":[{"href":"https:\/\/ironsky.pl\/sklep\/wp-json\/wp\/v2\/media?parent=58812"}],"wp:term":[{"taxonomy":"product_brand","embeddable":true,"href":"https:\/\/ironsky.pl\/sklep\/wp-json\/wp\/v2\/product_brand?post=58812"},{"taxonomy":"product_cat","embeddable":true,"href":"https:\/\/ironsky.pl\/sklep\/wp-json\/wp\/v2\/product_cat?post=58812"},{"taxonomy":"product_tag","embeddable":true,"href":"https:\/\/ironsky.pl\/sklep\/wp-json\/wp\/v2\/product_tag?post=58812"}],"curies":[{"name":"wp","href":"https:\/\/api.w.org\/{rel}","templated":true}]}}