{"id":58666,"date":"2026-04-15T10:39:01","date_gmt":"2026-04-15T08:39:01","guid":{"rendered":"https:\/\/ironsky.pl\/sklep\/produkt\/stacja-ladowania-c8000-dla-dji-flycart-30-agras-t25-t50\/"},"modified":"2026-04-15T10:39:23","modified_gmt":"2026-04-15T08:39:23","slug":"stacja-ladowania-c8000-dla-dji-flycart-30-agras-t25-t50","status":"publish","type":"product","link":"https:\/\/ironsky.pl\/sklep\/produkt\/stacja-ladowania-c8000-dla-dji-flycart-30-agras-t25-t50\/","title":{"rendered":"Stacja \u0142adowania C8000 dla DJI FlyCart 30\/Agras T25\/T50"},"content":{"rendered":"<h3>Stacja \u0142adowania C8000<\/h3>\n<p>DJI C8000 to stacja \u0142aduj\u0105ca do akumulator\u00f3w DJI DB2000\/DB800 przeznaczonych do dron\u00f3w DJI Flycart 30 oraz DJI Agras T25. Stacja C8000 umo\u017cliwia szybkie \u0142adowanie obu akumulator\u00f3w lub \u0142adowanie jednego akumulatora. Dodatkowo, DJI C8000 posiada maksymaln\u0105 moc \u0142adowania 7200W (niezb\u0119dne 2 przewody zasilania wpi\u0119te w 2 r\u00f3\u017cne fazy). Przew\u00f3d zasilania do zakupu osobno (nie ma go w zestawie).<\/p>\n<p>\u00a0<\/p>\n<p><strong>Czas \u0142adowania na podw\u00f3jnym kablu:\u00a0<\/strong><\/p>\n<p>DB1560 &#8211; 10 minut<\/p>\n<p>DB800 &#8211; 7 minut<\/p>\n<p><strong>Czas \u0142adowania na pojedynczym kablu:<\/strong><\/p>\n<p>DB1560 &#8211; 22 minuty<\/p>\n<p>DB800 &#8211; 12 minut<\/p>\n<p>Od 30% do 95%. Szacunkowy czas \u0142adowania w idealnych warunkach.<\/p>\n<p>\u00a0<\/p>\n<h3>Zawarto\u015b\u0107 zestawu:<\/h3>\n<ul>\n<li>Stacja \u0142adowania C8000 (brak kabla zasilaj\u0105cego)\n<\/li>\n<\/ul>\n<div class=\"table-wrapper\">\n<table>\n<tbody>\n<tr>\n<td>Model<\/td>\n<td>CHX101-7000<\/td>\n<\/tr>\n<tr>\n<td>Napi\u0119cie wej\u015bciowe<\/td>\n<td>90 do 264 VAC<\/td>\n<\/tr>\n<tr>\n<td>Napi\u0119cie wyj\u015bciowe<\/td>\n<td>42 do 59.92 Vdc<\/td>\n<\/tr>\n<tr>\n<td>Maksymalna moc wyj\u015bciowa<\/td>\n<td>7200 W (dwa przewody zasilania)<br \/>3600 W (jeden przew\u00f3d zasilania)<\/td>\n<\/tr>\n<tr>\n<td>Liczba kana\u0142\u00f3w wyj\u015bciowych<\/td>\n<td>2<\/td>\n<\/tr>\n<tr>\n<td>Funkcja zabezpieczaj\u0105ca<\/td>\n<td>Nadmierna temperatura, nadmierne napi\u0119cie, zbyt niskie napi\u0119cie, zwarcie, zatrzymanie wentylatora itp.<\/td>\n<\/tr>\n<tr>\n<td>Temperatura pracy<\/td>\n<td>-20\u00b0C do 45\u00b0C<\/td>\n<\/tr>\n<tr>\n<td>Funkcja ochrony podczas \u0142adowania<\/td>\n<td>Obs\u0142ugiwana<\/td>\n<\/tr>\n<\/tbody>\n<\/table>\n<\/div>\n<p>\u00a0<\/p>\n","protected":false},"excerpt":{"rendered":"<p>Stacja \u0142adowania C8000 DJI C8000 to stacja \u0142aduj\u0105ca do akumulator\u00f3w DJI DB2000\/DB800 przeznaczonych do dron\u00f3w DJI Flycart 30 oraz DJI<\/p>\n","protected":false},"featured_media":0,"comment_status":"closed","ping_status":"open","template":"","meta":{"_acf_changed":false},"product_brand":[],"product_cat":[6169,1088,1105],"product_tag":[],"class_list":{"0":"post-58666","1":"product","2":"type-product","3":"status-publish","5":"product_cat-akcesoria-i-czesci","6":"product_cat-drony","7":"product_cat-przemyslowe","8":"pa_producent-dji-delivery","10":"first","11":"instock","12":"taxable","13":"shipping-taxable","14":"purchasable","15":"product-type-simple"},"acf":[],"yoast_head":"<!-- This site is optimized with the Yoast SEO plugin v27.2 - https:\/\/yoast.com\/product\/yoast-seo-wordpress\/ -->\n<title>Stacja \u0142adowania C8000 dla DJI FlyCart 30\/Agras T25\/T50 - IRONSKY.PL Sklep z Dronami<\/title>\n<meta name=\"description\" content=\"Stacja \u0142adowania C8000 dla DJI FlyCart 30\/Agras T25\/T50 - \u2705 sklep z dronami i fachowym doradztwem. \u2705 Tutaj kupisz produkty DJI, Yuneec, Parrot, Syma i wiele innych, a tak\u017ce kursy i licencje na operatora drona.\" \/>\n<meta name=\"robots\" content=\"index, follow, max-snippet:-1, max-image-preview:large, max-video-preview:-1\" \/>\n<link rel=\"canonical\" href=\"https:\/\/ironsky.pl\/sklep\/produkt\/stacja-ladowania-c8000-dla-dji-flycart-30-agras-t25-t50\/\" \/>\n<meta property=\"og:locale\" content=\"pl_PL\" \/>\n<meta property=\"og:type\" content=\"article\" \/>\n<meta property=\"og:title\" content=\"Stacja \u0142adowania C8000 dla DJI FlyCart 30\/Agras T25\/T50 - IRONSKY.PL Sklep z Dronami\" \/>\n<meta property=\"og:description\" content=\"Stacja \u0142adowania C8000 dla DJI FlyCart 30\/Agras T25\/T50 - \u2705 sklep z dronami i fachowym doradztwem. \u2705 Tutaj kupisz produkty DJI, Yuneec, Parrot, Syma i wiele innych, a tak\u017ce kursy i licencje na operatora drona.\" \/>\n<meta property=\"og:url\" content=\"https:\/\/ironsky.pl\/sklep\/produkt\/stacja-ladowania-c8000-dla-dji-flycart-30-agras-t25-t50\/\" \/>\n<meta property=\"og:site_name\" content=\"IRONSKY.PL Sklep z Dronami\" \/>\n<meta property=\"article:modified_time\" content=\"2026-04-15T08:39:23+00:00\" \/>\n<meta name=\"twitter:card\" content=\"summary_large_image\" \/>\n<meta name=\"twitter:label1\" content=\"Szacowany czas czytania\" \/>\n\t<meta name=\"twitter:data1\" content=\"1 minuta\" \/>\n<script type=\"application\/ld+json\" class=\"yoast-schema-graph\">{\"@context\":\"https:\/\/schema.org\",\"@graph\":[{\"@type\":\"WebPage\",\"@id\":\"https:\/\/ironsky.pl\/sklep\/produkt\/stacja-ladowania-c8000-dla-dji-flycart-30-agras-t25-t50\/\",\"url\":\"https:\/\/ironsky.pl\/sklep\/produkt\/stacja-ladowania-c8000-dla-dji-flycart-30-agras-t25-t50\/\",\"name\":\"Stacja \u0142adowania C8000 dla DJI FlyCart 30\/Agras T25\/T50 - IRONSKY.PL Sklep z Dronami\",\"isPartOf\":{\"@id\":\"https:\/\/ironsky.pl\/sklep\/#website\"},\"datePublished\":\"2026-04-15T08:39:01+00:00\",\"dateModified\":\"2026-04-15T08:39:23+00:00\",\"description\":\"Stacja \u0142adowania C8000 dla DJI FlyCart 30\/Agras T25\/T50 - \u2705 sklep z dronami i fachowym doradztwem. \u2705 Tutaj kupisz produkty DJI, Yuneec, Parrot, Syma i wiele innych, a tak\u017ce kursy i licencje na operatora drona.\",\"breadcrumb\":{\"@id\":\"https:\/\/ironsky.pl\/sklep\/produkt\/stacja-ladowania-c8000-dla-dji-flycart-30-agras-t25-t50\/#breadcrumb\"},\"inLanguage\":\"pl-PL\",\"potentialAction\":[{\"@type\":\"ReadAction\",\"target\":[\"https:\/\/ironsky.pl\/sklep\/produkt\/stacja-ladowania-c8000-dla-dji-flycart-30-agras-t25-t50\/\"]}]},{\"@type\":\"BreadcrumbList\",\"@id\":\"https:\/\/ironsky.pl\/sklep\/produkt\/stacja-ladowania-c8000-dla-dji-flycart-30-agras-t25-t50\/#breadcrumb\",\"itemListElement\":[{\"@type\":\"ListItem\",\"position\":1,\"name\":\"Strona g\u0142\u00f3wna\",\"item\":\"https:\/\/ironsky.pl\/sklep\/\"},{\"@type\":\"ListItem\",\"position\":2,\"name\":\"Wszystkie produkty\",\"item\":\"https:\/\/ironsky.pl\/sklep\/produkty\/\"},{\"@type\":\"ListItem\",\"position\":3,\"name\":\"Stacja \u0142adowania C8000 dla DJI FlyCart 30\/Agras T25\/T50\"}]},{\"@type\":\"WebSite\",\"@id\":\"https:\/\/ironsky.pl\/sklep\/#website\",\"url\":\"https:\/\/ironsky.pl\/sklep\/\",\"name\":\"IRONSKY.PL Sklep z Dronami\",\"description\":\"IRONSKY.PL Sklep z Dronami\",\"potentialAction\":[{\"@type\":\"SearchAction\",\"target\":{\"@type\":\"EntryPoint\",\"urlTemplate\":\"https:\/\/ironsky.pl\/sklep\/?s={search_term_string}\"},\"query-input\":{\"@type\":\"PropertyValueSpecification\",\"valueRequired\":true,\"valueName\":\"search_term_string\"}}],\"inLanguage\":\"pl-PL\"}]}<\/script>\n<!-- \/ Yoast SEO plugin. -->","yoast_head_json":{"title":"Stacja \u0142adowania C8000 dla DJI FlyCart 30\/Agras T25\/T50 - IRONSKY.PL Sklep z Dronami","description":"Stacja \u0142adowania C8000 dla DJI FlyCart 30\/Agras T25\/T50 - \u2705 sklep z dronami i fachowym doradztwem. \u2705 Tutaj kupisz produkty DJI, Yuneec, Parrot, Syma i wiele innych, a tak\u017ce kursy i licencje na operatora drona.","robots":{"index":"index","follow":"follow","max-snippet":"max-snippet:-1","max-image-preview":"max-image-preview:large","max-video-preview":"max-video-preview:-1"},"canonical":"https:\/\/ironsky.pl\/sklep\/produkt\/stacja-ladowania-c8000-dla-dji-flycart-30-agras-t25-t50\/","og_locale":"pl_PL","og_type":"article","og_title":"Stacja \u0142adowania C8000 dla DJI FlyCart 30\/Agras T25\/T50 - IRONSKY.PL Sklep z Dronami","og_description":"Stacja \u0142adowania C8000 dla DJI FlyCart 30\/Agras T25\/T50 - \u2705 sklep z dronami i fachowym doradztwem. \u2705 Tutaj kupisz produkty DJI, Yuneec, Parrot, Syma i wiele innych, a tak\u017ce kursy i licencje na operatora drona.","og_url":"https:\/\/ironsky.pl\/sklep\/produkt\/stacja-ladowania-c8000-dla-dji-flycart-30-agras-t25-t50\/","og_site_name":"IRONSKY.PL Sklep z Dronami","article_modified_time":"2026-04-15T08:39:23+00:00","twitter_card":"summary_large_image","twitter_misc":{"Szacowany czas czytania":"1 minuta"},"schema":{"@context":"https:\/\/schema.org","@graph":[{"@type":"WebPage","@id":"https:\/\/ironsky.pl\/sklep\/produkt\/stacja-ladowania-c8000-dla-dji-flycart-30-agras-t25-t50\/","url":"https:\/\/ironsky.pl\/sklep\/produkt\/stacja-ladowania-c8000-dla-dji-flycart-30-agras-t25-t50\/","name":"Stacja \u0142adowania C8000 dla DJI FlyCart 30\/Agras T25\/T50 - IRONSKY.PL Sklep z Dronami","isPartOf":{"@id":"https:\/\/ironsky.pl\/sklep\/#website"},"datePublished":"2026-04-15T08:39:01+00:00","dateModified":"2026-04-15T08:39:23+00:00","description":"Stacja \u0142adowania C8000 dla DJI FlyCart 30\/Agras T25\/T50 - \u2705 sklep z dronami i fachowym doradztwem. \u2705 Tutaj kupisz produkty DJI, Yuneec, Parrot, Syma i wiele innych, a tak\u017ce kursy i licencje na operatora drona.","breadcrumb":{"@id":"https:\/\/ironsky.pl\/sklep\/produkt\/stacja-ladowania-c8000-dla-dji-flycart-30-agras-t25-t50\/#breadcrumb"},"inLanguage":"pl-PL","potentialAction":[{"@type":"ReadAction","target":["https:\/\/ironsky.pl\/sklep\/produkt\/stacja-ladowania-c8000-dla-dji-flycart-30-agras-t25-t50\/"]}]},{"@type":"BreadcrumbList","@id":"https:\/\/ironsky.pl\/sklep\/produkt\/stacja-ladowania-c8000-dla-dji-flycart-30-agras-t25-t50\/#breadcrumb","itemListElement":[{"@type":"ListItem","position":1,"name":"Strona g\u0142\u00f3wna","item":"https:\/\/ironsky.pl\/sklep\/"},{"@type":"ListItem","position":2,"name":"Wszystkie produkty","item":"https:\/\/ironsky.pl\/sklep\/produkty\/"},{"@type":"ListItem","position":3,"name":"Stacja \u0142adowania C8000 dla DJI FlyCart 30\/Agras T25\/T50"}]},{"@type":"WebSite","@id":"https:\/\/ironsky.pl\/sklep\/#website","url":"https:\/\/ironsky.pl\/sklep\/","name":"IRONSKY.PL Sklep z Dronami","description":"IRONSKY.PL Sklep z Dronami","potentialAction":[{"@type":"SearchAction","target":{"@type":"EntryPoint","urlTemplate":"https:\/\/ironsky.pl\/sklep\/?s={search_term_string}"},"query-input":{"@type":"PropertyValueSpecification","valueRequired":true,"valueName":"search_term_string"}}],"inLanguage":"pl-PL"}]}},"_links":{"self":[{"href":"https:\/\/ironsky.pl\/sklep\/wp-json\/wp\/v2\/product\/58666","targetHints":{"allow":["GET"]}}],"collection":[{"href":"https:\/\/ironsky.pl\/sklep\/wp-json\/wp\/v2\/product"}],"about":[{"href":"https:\/\/ironsky.pl\/sklep\/wp-json\/wp\/v2\/types\/product"}],"replies":[{"embeddable":true,"href":"https:\/\/ironsky.pl\/sklep\/wp-json\/wp\/v2\/comments?post=58666"}],"wp:attachment":[{"href":"https:\/\/ironsky.pl\/sklep\/wp-json\/wp\/v2\/media?parent=58666"}],"wp:term":[{"taxonomy":"product_brand","embeddable":true,"href":"https:\/\/ironsky.pl\/sklep\/wp-json\/wp\/v2\/product_brand?post=58666"},{"taxonomy":"product_cat","embeddable":true,"href":"https:\/\/ironsky.pl\/sklep\/wp-json\/wp\/v2\/product_cat?post=58666"},{"taxonomy":"product_tag","embeddable":true,"href":"https:\/\/ironsky.pl\/sklep\/wp-json\/wp\/v2\/product_tag?post=58666"}],"curies":[{"name":"wp","href":"https:\/\/api.w.org\/{rel}","templated":true}]}}