{"id":58663,"date":"2026-04-15T10:39:01","date_gmt":"2026-04-15T08:39:01","guid":{"rendered":"https:\/\/ironsky.pl\/sklep\/produkt\/etui-tomtoc-defender-a13-14-rozowe\/"},"modified":"2026-04-15T10:39:20","modified_gmt":"2026-04-15T08:39:20","slug":"etui-tomtoc-defender-a13-14-rozowe","status":"publish","type":"product","link":"https:\/\/ironsky.pl\/sklep\/produkt\/etui-tomtoc-defender-a13-14-rozowe\/","title":{"rendered":"Etui TOMTOC Defender-A13 14&#8243; (r\u00f3\u017cowe)"},"content":{"rendered":"<h3>Etui na laptop tomtoc 14&#8243; Defender-A13 (r\u00f3\u017cowe)<\/h3>\n<p>U\u0142atw sobie przenoszenie swojego laptopa i zapewnij mu bezpiecze\u0144stwo na czas transportu. Etui tomtoc ochroni Tw\u00f3j sprz\u0119t przed wstrz\u0105sami i uderzeniami, a dzi\u0119ki dw\u00f3m dost\u0119pnym kieszeniom i dodatkowemu paskowi na AirTaga pomo\u017ce zadba\u0107 o porz\u0105dek. To jednak nie wszystko \u2013 do wykonania produktu zastosowano trwa\u0142e materia\u0142y pochodz\u0105ce z recyklingu.<\/p>\n<p>\n<img decoding=\"async\" src=\"https:\/\/assets.innpro.pl\/6221\/7294\/3.jpg\" border=\"0\" \/>\n<\/p>\n<h3>Ochrona przed uszkodzeniem<\/h3>\n<p>Nie martw si\u0119 o bezpiecze\u0144stwo swojego laptopa. Wn\u0119trze etui zosta\u0142o wyko\u0144czone mi\u0119kk\u0105, grub\u0105 wy\u015bci\u00f3\u0142k\u0105, kt\u00f3ra gwarantuje niezawodn\u0105 ochron\u0119 przed uderzeniami, wstrz\u0105sami, zarysowaniem i innego rodzaju uszkodzeniami. Model Defender-A13 wyr\u00f3\u017cnia si\u0119 tak\u017ce wodoodporn\u0105 powierzchni\u0105 \u2013 niestraszne mu przypadkowe zachlapanie czy deszcz. Ponadto wzmocnione za pomoc\u0105 technologii CornerArmor rogi zapewniaj\u0105 dodatkowy poziom bezpiecze\u0144stwa.<\/p>\n<p>\n<img decoding=\"async\" src=\"https:\/\/assets.innpro.pl\/6221\/7294\/4.jpg\" border=\"0\" \/>\n<\/p>\n<h3>Miejsce na wszystkie niezb\u0119dne akcesoria<\/h3>\n<p>G\u0142\u00f3wna komora etui umo\u017cliwia przechowywanie i transport laptop\u00f3w o przek\u0105tnej do 14&#8243;. Do dyspozycji masz tak\u017ce przedni\u0105 kiesze\u0144, w kt\u00f3rej bez problemu zmie\u015bcisz wszystkie niezb\u0119dne akcesoria, na przyk\u0142ad kabel, \u0142adowark\u0119, klawiatur\u0119, mysz i smartfona. Dost\u0119pny jest r\u00f3wnie\u017c dodatkowy pasek, do kt\u00f3rego mo\u017cesz przymocowa\u0107 AirTaga. Z tomtoc wszystko, czego potrzebujesz, b\u0119dziesz mie\u0107 zawsze pod r\u0119k\u0105!<\/p>\n<p>\n<img decoding=\"async\" src=\"https:\/\/assets.innpro.pl\/6221\/7294\/2.jpg\" border=\"0\" \/>\n<\/p>\n<h3>Praktyczne i por\u0119czne<\/h3>\n<p>Etui powsta\u0142o z trwa\u0142ych materia\u0142\u00f3w pochodz\u0105cych z recyklingu, dzi\u0119ki czemu jest nie tylko wytrzyma\u0142e i odporne na uszkodzenia, ale te\u017c przyjazne dla \u015brodowiska. Zosta\u0142o r\u00f3wnie\u017c wyposa\u017cone w wysokiej jako\u015bci zamki b\u0142yskawiczne YKK, kt\u00f3re pozwalaj\u0105 na jego p\u0142ynne otwieranie i zamykanie \u2013 nie obawiaj si\u0119, \u017ce b\u0119d\u0105 si\u0119 zacina\u0107. Produkt jest przy tym bardzo lekki i por\u0119czny \u2013 jego przenoszenie nie sprawi Ci problemu, a je\u015bli zajdzie taka potrzeba, z \u0142atwo\u015bci\u0105 zmie\u015bcisz go w walizce czy plecaku.<\/p>\n<p>\n<img decoding=\"async\" src=\"https:\/\/assets.innpro.pl\/6221\/7294\/1.jpg\" border=\"0\" \/>\n<\/p>\n<div class=\"table-wrapper\">\n<p>\u00a0<\/p>\n<h3><\/h3>\n<table>\n<tbody>\n<tr>\n<th>Producent<\/th>\n<td>tomtoc<\/td>\n<\/tr>\n<tr>\n<th>Model<\/th>\n<td>A13D2P1<\/td>\n<\/tr>\n<tr>\n<th>Kolor<\/th>\n<td>R\u00f3\u017cowy<\/td>\n<\/tr>\n<tr>\n<th>Wymiary<\/th>\n<td>33.7 x 24.7 x 3.2 cm<\/td>\n<\/tr>\n<tr>\n<th>Waga<\/th>\n<td>260 g<\/td>\n<\/tr>\n<tr>\n<th>Kompatybilno\u015b\u0107<\/th>\n<td>Apple: 14-calowy MacBook Pro M3\/M2\/M1 Pro\/Max A2992\/A2918\/A2779\/A2442 (2023-2021), 13-calowy iPad Pro M4\/ iPad Air M2 (2024), 12.9-calowy iPad Pro 6th\/5th\/4th\/3rd Gen z Magic Keyboard\/Smart Keyboard Folio (2022-2018); Microsoft: 13.8-calowy nowy Surface Laptop Copilot+ PC (2024), 13.5-calowy Surface Laptop 6\/5\/4\/3\/2\/1; Lenovo: 14-calowy ThinkPad X1 Carbon 11\/10\/9 Gen; Dell: 14-calowy Latitude 7430 Laptop lub 2w1<\/td>\n<\/tr>\n<\/tbody>\n<\/table>\n<\/div>\n","protected":false},"excerpt":{"rendered":"<p>Etui na laptop tomtoc 14&#8243; Defender-A13 (r\u00f3\u017cowe) U\u0142atw sobie przenoszenie swojego laptopa i zapewnij mu bezpiecze\u0144stwo na czas transportu. Etui<\/p>\n","protected":false},"featured_media":44954,"comment_status":"closed","ping_status":"open","template":"","meta":{"_acf_changed":false},"product_brand":[],"product_cat":[5929,5955],"product_tag":[],"class_list":{"0":"post-58663","1":"product","2":"type-product","3":"status-publish","4":"has-post-thumbnail","6":"product_cat-akcesoria-it","7":"product_cat-przenoszenie","8":"pa_okres-gwarancji-5757","9":"pa_producent-tomtoc","11":"first","12":"outofstock","13":"taxable","14":"shipping-taxable","15":"purchasable","16":"product-type-simple"},"acf":[],"yoast_head":"<!-- This site is optimized with the Yoast SEO plugin v27.2 - https:\/\/yoast.com\/product\/yoast-seo-wordpress\/ -->\n<title>Etui TOMTOC Defender-A13 14&quot; (r\u00f3\u017cowe) - IRONSKY.PL Sklep z Dronami<\/title>\n<meta name=\"description\" content=\"Etui TOMTOC Defender-A13 14&quot; (r\u00f3\u017cowe) - \u2705 sklep z dronami i fachowym doradztwem. \u2705 Tutaj kupisz produkty DJI, Yuneec, Parrot, Syma i wiele innych, a tak\u017ce kursy i licencje na operatora drona.\" \/>\n<meta name=\"robots\" content=\"index, follow, max-snippet:-1, max-image-preview:large, max-video-preview:-1\" \/>\n<link rel=\"canonical\" href=\"https:\/\/ironsky.pl\/sklep\/produkt\/etui-tomtoc-defender-a13-14-rozowe\/\" \/>\n<meta property=\"og:locale\" content=\"pl_PL\" \/>\n<meta property=\"og:type\" content=\"article\" \/>\n<meta property=\"og:title\" content=\"Etui TOMTOC Defender-A13 14&quot; (r\u00f3\u017cowe) - IRONSKY.PL Sklep z Dronami\" \/>\n<meta property=\"og:description\" content=\"Etui TOMTOC Defender-A13 14&quot; (r\u00f3\u017cowe) - \u2705 sklep z dronami i fachowym doradztwem. \u2705 Tutaj kupisz produkty DJI, Yuneec, Parrot, Syma i wiele innych, a tak\u017ce kursy i licencje na operatora drona.\" \/>\n<meta property=\"og:url\" content=\"https:\/\/ironsky.pl\/sklep\/produkt\/etui-tomtoc-defender-a13-14-rozowe\/\" \/>\n<meta property=\"og:site_name\" content=\"IRONSKY.PL Sklep z Dronami\" \/>\n<meta property=\"article:modified_time\" content=\"2026-04-15T08:39:20+00:00\" \/>\n<meta property=\"og:image\" content=\"https:\/\/ironsky.pl\/sklep\/wp-content\/uploads\/2025\/06\/43007_1.jpg\" \/>\n\t<meta property=\"og:image:width\" content=\"800\" \/>\n\t<meta property=\"og:image:height\" content=\"800\" \/>\n\t<meta property=\"og:image:type\" content=\"image\/jpeg\" \/>\n<meta name=\"twitter:card\" content=\"summary_large_image\" \/>\n<meta name=\"twitter:label1\" content=\"Szacowany czas czytania\" \/>\n\t<meta name=\"twitter:data1\" content=\"2 minuty\" \/>\n<script type=\"application\/ld+json\" class=\"yoast-schema-graph\">{\"@context\":\"https:\/\/schema.org\",\"@graph\":[{\"@type\":\"WebPage\",\"@id\":\"https:\/\/ironsky.pl\/sklep\/produkt\/etui-tomtoc-defender-a13-14-rozowe\/\",\"url\":\"https:\/\/ironsky.pl\/sklep\/produkt\/etui-tomtoc-defender-a13-14-rozowe\/\",\"name\":\"Etui TOMTOC Defender-A13 14\\\" (r\u00f3\u017cowe) - IRONSKY.PL Sklep z Dronami\",\"isPartOf\":{\"@id\":\"https:\/\/ironsky.pl\/sklep\/#website\"},\"primaryImageOfPage\":{\"@id\":\"https:\/\/ironsky.pl\/sklep\/produkt\/etui-tomtoc-defender-a13-14-rozowe\/#primaryimage\"},\"image\":{\"@id\":\"https:\/\/ironsky.pl\/sklep\/produkt\/etui-tomtoc-defender-a13-14-rozowe\/#primaryimage\"},\"thumbnailUrl\":\"https:\/\/ironsky.pl\/sklep\/wp-content\/uploads\/2025\/06\/43007_1.jpg\",\"datePublished\":\"2026-04-15T08:39:01+00:00\",\"dateModified\":\"2026-04-15T08:39:20+00:00\",\"description\":\"Etui TOMTOC Defender-A13 14\\\" (r\u00f3\u017cowe) - \u2705 sklep z dronami i fachowym doradztwem. \u2705 Tutaj kupisz produkty DJI, Yuneec, Parrot, Syma i wiele innych, a tak\u017ce kursy i licencje na operatora drona.\",\"breadcrumb\":{\"@id\":\"https:\/\/ironsky.pl\/sklep\/produkt\/etui-tomtoc-defender-a13-14-rozowe\/#breadcrumb\"},\"inLanguage\":\"pl-PL\",\"potentialAction\":[{\"@type\":\"ReadAction\",\"target\":[\"https:\/\/ironsky.pl\/sklep\/produkt\/etui-tomtoc-defender-a13-14-rozowe\/\"]}]},{\"@type\":\"ImageObject\",\"inLanguage\":\"pl-PL\",\"@id\":\"https:\/\/ironsky.pl\/sklep\/produkt\/etui-tomtoc-defender-a13-14-rozowe\/#primaryimage\",\"url\":\"https:\/\/ironsky.pl\/sklep\/wp-content\/uploads\/2025\/06\/43007_1.jpg\",\"contentUrl\":\"https:\/\/ironsky.pl\/sklep\/wp-content\/uploads\/2025\/06\/43007_1.jpg\",\"width\":800,\"height\":800},{\"@type\":\"BreadcrumbList\",\"@id\":\"https:\/\/ironsky.pl\/sklep\/produkt\/etui-tomtoc-defender-a13-14-rozowe\/#breadcrumb\",\"itemListElement\":[{\"@type\":\"ListItem\",\"position\":1,\"name\":\"Strona g\u0142\u00f3wna\",\"item\":\"https:\/\/ironsky.pl\/sklep\/\"},{\"@type\":\"ListItem\",\"position\":2,\"name\":\"Wszystkie produkty\",\"item\":\"https:\/\/ironsky.pl\/sklep\/produkty\/\"},{\"@type\":\"ListItem\",\"position\":3,\"name\":\"Etui TOMTOC Defender-A13 14&#8243; (r\u00f3\u017cowe)\"}]},{\"@type\":\"WebSite\",\"@id\":\"https:\/\/ironsky.pl\/sklep\/#website\",\"url\":\"https:\/\/ironsky.pl\/sklep\/\",\"name\":\"IRONSKY.PL Sklep z Dronami\",\"description\":\"IRONSKY.PL Sklep z Dronami\",\"potentialAction\":[{\"@type\":\"SearchAction\",\"target\":{\"@type\":\"EntryPoint\",\"urlTemplate\":\"https:\/\/ironsky.pl\/sklep\/?s={search_term_string}\"},\"query-input\":{\"@type\":\"PropertyValueSpecification\",\"valueRequired\":true,\"valueName\":\"search_term_string\"}}],\"inLanguage\":\"pl-PL\"}]}<\/script>\n<!-- \/ Yoast SEO plugin. -->","yoast_head_json":{"title":"Etui TOMTOC Defender-A13 14\" (r\u00f3\u017cowe) - IRONSKY.PL Sklep z Dronami","description":"Etui TOMTOC Defender-A13 14\" (r\u00f3\u017cowe) - \u2705 sklep z dronami i fachowym doradztwem. \u2705 Tutaj kupisz produkty DJI, Yuneec, Parrot, Syma i wiele innych, a tak\u017ce kursy i licencje na operatora drona.","robots":{"index":"index","follow":"follow","max-snippet":"max-snippet:-1","max-image-preview":"max-image-preview:large","max-video-preview":"max-video-preview:-1"},"canonical":"https:\/\/ironsky.pl\/sklep\/produkt\/etui-tomtoc-defender-a13-14-rozowe\/","og_locale":"pl_PL","og_type":"article","og_title":"Etui TOMTOC Defender-A13 14\" (r\u00f3\u017cowe) - IRONSKY.PL Sklep z Dronami","og_description":"Etui TOMTOC Defender-A13 14\" (r\u00f3\u017cowe) - \u2705 sklep z dronami i fachowym doradztwem. \u2705 Tutaj kupisz produkty DJI, Yuneec, Parrot, Syma i wiele innych, a tak\u017ce kursy i licencje na operatora drona.","og_url":"https:\/\/ironsky.pl\/sklep\/produkt\/etui-tomtoc-defender-a13-14-rozowe\/","og_site_name":"IRONSKY.PL Sklep z Dronami","article_modified_time":"2026-04-15T08:39:20+00:00","og_image":[{"width":800,"height":800,"url":"https:\/\/ironsky.pl\/sklep\/wp-content\/uploads\/2025\/06\/43007_1.jpg","type":"image\/jpeg"}],"twitter_card":"summary_large_image","twitter_misc":{"Szacowany czas czytania":"2 minuty"},"schema":{"@context":"https:\/\/schema.org","@graph":[{"@type":"WebPage","@id":"https:\/\/ironsky.pl\/sklep\/produkt\/etui-tomtoc-defender-a13-14-rozowe\/","url":"https:\/\/ironsky.pl\/sklep\/produkt\/etui-tomtoc-defender-a13-14-rozowe\/","name":"Etui TOMTOC Defender-A13 14\" (r\u00f3\u017cowe) - IRONSKY.PL Sklep z Dronami","isPartOf":{"@id":"https:\/\/ironsky.pl\/sklep\/#website"},"primaryImageOfPage":{"@id":"https:\/\/ironsky.pl\/sklep\/produkt\/etui-tomtoc-defender-a13-14-rozowe\/#primaryimage"},"image":{"@id":"https:\/\/ironsky.pl\/sklep\/produkt\/etui-tomtoc-defender-a13-14-rozowe\/#primaryimage"},"thumbnailUrl":"https:\/\/ironsky.pl\/sklep\/wp-content\/uploads\/2025\/06\/43007_1.jpg","datePublished":"2026-04-15T08:39:01+00:00","dateModified":"2026-04-15T08:39:20+00:00","description":"Etui TOMTOC Defender-A13 14\" (r\u00f3\u017cowe) - \u2705 sklep z dronami i fachowym doradztwem. \u2705 Tutaj kupisz produkty DJI, Yuneec, Parrot, Syma i wiele innych, a tak\u017ce kursy i licencje na operatora drona.","breadcrumb":{"@id":"https:\/\/ironsky.pl\/sklep\/produkt\/etui-tomtoc-defender-a13-14-rozowe\/#breadcrumb"},"inLanguage":"pl-PL","potentialAction":[{"@type":"ReadAction","target":["https:\/\/ironsky.pl\/sklep\/produkt\/etui-tomtoc-defender-a13-14-rozowe\/"]}]},{"@type":"ImageObject","inLanguage":"pl-PL","@id":"https:\/\/ironsky.pl\/sklep\/produkt\/etui-tomtoc-defender-a13-14-rozowe\/#primaryimage","url":"https:\/\/ironsky.pl\/sklep\/wp-content\/uploads\/2025\/06\/43007_1.jpg","contentUrl":"https:\/\/ironsky.pl\/sklep\/wp-content\/uploads\/2025\/06\/43007_1.jpg","width":800,"height":800},{"@type":"BreadcrumbList","@id":"https:\/\/ironsky.pl\/sklep\/produkt\/etui-tomtoc-defender-a13-14-rozowe\/#breadcrumb","itemListElement":[{"@type":"ListItem","position":1,"name":"Strona g\u0142\u00f3wna","item":"https:\/\/ironsky.pl\/sklep\/"},{"@type":"ListItem","position":2,"name":"Wszystkie produkty","item":"https:\/\/ironsky.pl\/sklep\/produkty\/"},{"@type":"ListItem","position":3,"name":"Etui TOMTOC Defender-A13 14&#8243; (r\u00f3\u017cowe)"}]},{"@type":"WebSite","@id":"https:\/\/ironsky.pl\/sklep\/#website","url":"https:\/\/ironsky.pl\/sklep\/","name":"IRONSKY.PL Sklep z Dronami","description":"IRONSKY.PL Sklep z Dronami","potentialAction":[{"@type":"SearchAction","target":{"@type":"EntryPoint","urlTemplate":"https:\/\/ironsky.pl\/sklep\/?s={search_term_string}"},"query-input":{"@type":"PropertyValueSpecification","valueRequired":true,"valueName":"search_term_string"}}],"inLanguage":"pl-PL"}]}},"_links":{"self":[{"href":"https:\/\/ironsky.pl\/sklep\/wp-json\/wp\/v2\/product\/58663","targetHints":{"allow":["GET"]}}],"collection":[{"href":"https:\/\/ironsky.pl\/sklep\/wp-json\/wp\/v2\/product"}],"about":[{"href":"https:\/\/ironsky.pl\/sklep\/wp-json\/wp\/v2\/types\/product"}],"replies":[{"embeddable":true,"href":"https:\/\/ironsky.pl\/sklep\/wp-json\/wp\/v2\/comments?post=58663"}],"wp:featuredmedia":[{"embeddable":true,"href":"https:\/\/ironsky.pl\/sklep\/wp-json\/wp\/v2\/media\/44954"}],"wp:attachment":[{"href":"https:\/\/ironsky.pl\/sklep\/wp-json\/wp\/v2\/media?parent=58663"}],"wp:term":[{"taxonomy":"product_brand","embeddable":true,"href":"https:\/\/ironsky.pl\/sklep\/wp-json\/wp\/v2\/product_brand?post=58663"},{"taxonomy":"product_cat","embeddable":true,"href":"https:\/\/ironsky.pl\/sklep\/wp-json\/wp\/v2\/product_cat?post=58663"},{"taxonomy":"product_tag","embeddable":true,"href":"https:\/\/ironsky.pl\/sklep\/wp-json\/wp\/v2\/product_tag?post=58663"}],"curies":[{"name":"wp","href":"https:\/\/api.w.org\/{rel}","templated":true}]}}