{"id":58658,"date":"2026-04-15T10:39:01","date_gmt":"2026-04-15T08:39:01","guid":{"rendered":"https:\/\/ironsky.pl\/sklep\/produkt\/etui-tomtoc-terra-a27-14-czarne\/"},"modified":"2026-04-15T10:39:16","modified_gmt":"2026-04-15T08:39:16","slug":"etui-tomtoc-terra-a27-14-czarne","status":"publish","type":"product","link":"https:\/\/ironsky.pl\/sklep\/produkt\/etui-tomtoc-terra-a27-14-czarne\/","title":{"rendered":"Etui TOMTOC Terra-A27 14&#8243; (czarne)"},"content":{"rendered":"<h3>Etui na laptopa 14&#8221; tomtoc Terra-A27 (czarne)<\/h3>\n<p>Etui tomtoc Terra-A27 pozwala na bezpieczne przechowywanie i transport laptopa. Do jego wykonania wykorzystano materia\u0142y z recyklingu i ekologiczne zamki, a technologia CornerArmor X4 zapewnia niezawodn\u0105 ochron\u0119 urz\u0105dzenia. Dzi\u0119ki wymiarom zewn\u0119trznym wynosz\u0105cym 365 x 253 x 35 mm produkt jest szeroko kompatybilny \u2013 z powodzeniem umie\u015bcisz w nim mi\u0119dzy innymi MacBooka Pro 14\u201d. Na uwag\u0119 zas\u0142uguje tak\u017ce inspirowany pi\u0119knem natury design.<\/p>\n<p>\n<img decoding=\"async\" src=\"https:\/\/assets.innpro.pl\/6239\/7321\/5.jpg\" border=\"0\" \/>\n<\/p>\n<h3>W trosce o bezpiecze\u0144stwo laptopa<\/h3>\n<p>Wykorzystanie technologii CornerArmor X4 pozwoli\u0142o zapewni\u0107 ochron\u0119 laptopa nawet w najtrudniejszych sytuacjach. Etui jest na tyle wytrzyma\u0142e, aby przeciwdzia\u0142a\u0107 skutkom upadk\u00f3w lub wstrz\u0105s\u00f3w podczas podr\u00f3\u017cy. Po\u0142\u0105czenie ekologicznej poliestrowo-bawe\u0142nianej tkaniny z mi\u0119kk\u0105 wy\u015bci\u00f3\u0142k\u0105 stanowi gwarancj\u0119 trwa\u0142o\u015bci.<\/p>\n<p>\n<img decoding=\"async\" src=\"https:\/\/assets.innpro.pl\/6239\/7321\/1.jpg\" border=\"0\" \/>\n<\/p>\n<h3>Elegancja inspirowana natur\u0105<\/h3>\n<p>Etui tomtoc Terra-A27 wyr\u00f3\u017cnia si\u0119 pikowanym wzornictwem, kt\u00f3re odzwierciedla pi\u0119kno naturalnych krajobraz\u00f3w. Jego design przypomina unikaln\u0105 sceneri\u0119, dzi\u0119ki czemu b\u0119dziesz wygl\u0105da\u0107 stylowo podczas transportu swojego laptopa.<\/p>\n<p>\n<img decoding=\"async\" src=\"https:\/\/assets.innpro.pl\/6239\/7321\/7.jpg\" border=\"0\" \/>\n<\/p>\n<h3>Z my\u015bl\u0105 o \u015brodowisku<\/h3>\n<p>Do wykonania etui wykorzystano przyjazne \u015brodowisku materia\u0142y \u2013 zewn\u0119trzna warstwa sk\u0142ada si\u0119 z przetworzonej, nylonowej tkaniny, a zamki powsta\u0142y z tworzywa YKK NATULON Plus.<\/p>\n<p>\n<img decoding=\"async\" src=\"https:\/\/assets.innpro.pl\/6239\/7321\/3.jpg\" border=\"0\" \/>\n<\/p>\n<h3>Szeroka kompatybilno\u015b\u0107<\/h3>\n<p>W etui tomtoc Terra-A27 przechowywa\u0107 mo\u017cesz takie urz\u0105dzenia jak 14-calowy MacBook Pro, 13-calowy iPad Pro, 13-calowy iPad Air, 12.9-calowi iPad Pro z Magic Keyboard\/Smart Keyboard Folio czy te\u017c 13.5-calowy Microsoft Surface Laptop 6\/5\/4\/3.<\/p>\n<p>\n<img decoding=\"async\" src=\"https:\/\/assets.innpro.pl\/6239\/7321\/2.jpg\" border=\"0\" \/>\n<\/p>\n<div class=\"table-wrapper\">\n<p>\u00a0<\/p>\n<h3><\/h3>\n<table>\n<tbody>\n<tr>\n<th>Producent<\/th>\n<td>tomtoc<\/td>\n<\/tr>\n<tr>\n<th>Model<\/th>\n<td>Terra-A27<\/td>\n<\/tr>\n<tr>\n<th>Kod producenta<\/th>\n<td>A27D2D1<\/td>\n<\/tr>\n<tr>\n<th>Wymiary<\/th>\n<td>35 x 24.6 x 3.5 cm<\/td>\n<\/tr>\n<tr>\n<th>Waga<\/th>\n<td>225 g<\/td>\n<\/tr>\n<tr>\n<th>Kompatybilno\u015b\u0107<\/th>\n<td>Apple: 14-calowy MacBook Pro M3\/M2\/M1 Pro\/Max A2992\/A2918\/A2779\/A2442 (2023-2021), 13-calowy iPad Pro M4\/ iPad Air M2 (2024), 12.9-calowy iPad Pro 6th\/5th\/4th\/3rd Gen z Magic Keyboard\/Smart Keyboard Folio (2022-2018); Microsoft: 13.8-calowy nowy Surface Laptop Copilot+ PC (2024), 13.5-calowy Surface Laptop 6\/5\/4\/3\/2\/1; Lenovo: 14-calowy ThinkPad X1 Carbon 11\/10\/9 Gen; Dell: 14-calowy Latitude 7430 Laptop lub 2 w 1<\/td>\n<\/tr>\n<\/tbody>\n<\/table>\n<\/div>\n","protected":false},"excerpt":{"rendered":"<p>Etui na laptopa 14&#8221; tomtoc Terra-A27 (czarne) Etui tomtoc Terra-A27 pozwala na bezpieczne przechowywanie i transport laptopa. Do jego wykonania<\/p>\n","protected":false},"featured_media":44940,"comment_status":"closed","ping_status":"open","template":"","meta":{"_acf_changed":false},"product_brand":[],"product_cat":[5929,5955],"product_tag":[],"class_list":{"0":"post-58658","1":"product","2":"type-product","3":"status-publish","4":"has-post-thumbnail","6":"product_cat-akcesoria-it","7":"product_cat-przenoszenie","8":"pa_okres-gwarancji-5757","9":"pa_producent-tomtoc","11":"first","12":"outofstock","13":"taxable","14":"shipping-taxable","15":"purchasable","16":"product-type-simple"},"acf":[],"yoast_head":"<!-- This site is optimized with the Yoast SEO plugin v27.2 - https:\/\/yoast.com\/product\/yoast-seo-wordpress\/ -->\n<title>Etui TOMTOC Terra-A27 14&quot; (czarne) - IRONSKY.PL Sklep z Dronami<\/title>\n<meta name=\"description\" content=\"Etui TOMTOC Terra-A27 14&quot; (czarne) - \u2705 sklep z dronami i fachowym doradztwem. \u2705 Tutaj kupisz produkty DJI, Yuneec, Parrot, Syma i wiele innych, a tak\u017ce kursy i licencje na operatora drona.\" \/>\n<meta name=\"robots\" content=\"index, follow, max-snippet:-1, max-image-preview:large, max-video-preview:-1\" \/>\n<link rel=\"canonical\" href=\"https:\/\/ironsky.pl\/sklep\/produkt\/etui-tomtoc-terra-a27-14-czarne\/\" \/>\n<meta property=\"og:locale\" content=\"pl_PL\" \/>\n<meta property=\"og:type\" content=\"article\" \/>\n<meta property=\"og:title\" content=\"Etui TOMTOC Terra-A27 14&quot; (czarne) - IRONSKY.PL Sklep z Dronami\" \/>\n<meta property=\"og:description\" content=\"Etui TOMTOC Terra-A27 14&quot; (czarne) - \u2705 sklep z dronami i fachowym doradztwem. \u2705 Tutaj kupisz produkty DJI, Yuneec, Parrot, Syma i wiele innych, a tak\u017ce kursy i licencje na operatora drona.\" \/>\n<meta property=\"og:url\" content=\"https:\/\/ironsky.pl\/sklep\/produkt\/etui-tomtoc-terra-a27-14-czarne\/\" \/>\n<meta property=\"og:site_name\" content=\"IRONSKY.PL Sklep z Dronami\" \/>\n<meta property=\"article:modified_time\" content=\"2026-04-15T08:39:16+00:00\" \/>\n<meta property=\"og:image\" content=\"https:\/\/ironsky.pl\/sklep\/wp-content\/uploads\/2025\/06\/43000_1.jpg\" \/>\n\t<meta property=\"og:image:width\" content=\"800\" \/>\n\t<meta property=\"og:image:height\" content=\"800\" \/>\n\t<meta property=\"og:image:type\" content=\"image\/jpeg\" \/>\n<meta name=\"twitter:card\" content=\"summary_large_image\" \/>\n<meta name=\"twitter:label1\" content=\"Szacowany czas czytania\" \/>\n\t<meta name=\"twitter:data1\" content=\"2 minuty\" \/>\n<script type=\"application\/ld+json\" class=\"yoast-schema-graph\">{\"@context\":\"https:\/\/schema.org\",\"@graph\":[{\"@type\":\"WebPage\",\"@id\":\"https:\/\/ironsky.pl\/sklep\/produkt\/etui-tomtoc-terra-a27-14-czarne\/\",\"url\":\"https:\/\/ironsky.pl\/sklep\/produkt\/etui-tomtoc-terra-a27-14-czarne\/\",\"name\":\"Etui TOMTOC Terra-A27 14\\\" (czarne) - IRONSKY.PL Sklep z Dronami\",\"isPartOf\":{\"@id\":\"https:\/\/ironsky.pl\/sklep\/#website\"},\"primaryImageOfPage\":{\"@id\":\"https:\/\/ironsky.pl\/sklep\/produkt\/etui-tomtoc-terra-a27-14-czarne\/#primaryimage\"},\"image\":{\"@id\":\"https:\/\/ironsky.pl\/sklep\/produkt\/etui-tomtoc-terra-a27-14-czarne\/#primaryimage\"},\"thumbnailUrl\":\"https:\/\/ironsky.pl\/sklep\/wp-content\/uploads\/2025\/06\/43000_1.jpg\",\"datePublished\":\"2026-04-15T08:39:01+00:00\",\"dateModified\":\"2026-04-15T08:39:16+00:00\",\"description\":\"Etui TOMTOC Terra-A27 14\\\" (czarne) - \u2705 sklep z dronami i fachowym doradztwem. \u2705 Tutaj kupisz produkty DJI, Yuneec, Parrot, Syma i wiele innych, a tak\u017ce kursy i licencje na operatora drona.\",\"breadcrumb\":{\"@id\":\"https:\/\/ironsky.pl\/sklep\/produkt\/etui-tomtoc-terra-a27-14-czarne\/#breadcrumb\"},\"inLanguage\":\"pl-PL\",\"potentialAction\":[{\"@type\":\"ReadAction\",\"target\":[\"https:\/\/ironsky.pl\/sklep\/produkt\/etui-tomtoc-terra-a27-14-czarne\/\"]}]},{\"@type\":\"ImageObject\",\"inLanguage\":\"pl-PL\",\"@id\":\"https:\/\/ironsky.pl\/sklep\/produkt\/etui-tomtoc-terra-a27-14-czarne\/#primaryimage\",\"url\":\"https:\/\/ironsky.pl\/sklep\/wp-content\/uploads\/2025\/06\/43000_1.jpg\",\"contentUrl\":\"https:\/\/ironsky.pl\/sklep\/wp-content\/uploads\/2025\/06\/43000_1.jpg\",\"width\":800,\"height\":800},{\"@type\":\"BreadcrumbList\",\"@id\":\"https:\/\/ironsky.pl\/sklep\/produkt\/etui-tomtoc-terra-a27-14-czarne\/#breadcrumb\",\"itemListElement\":[{\"@type\":\"ListItem\",\"position\":1,\"name\":\"Strona g\u0142\u00f3wna\",\"item\":\"https:\/\/ironsky.pl\/sklep\/\"},{\"@type\":\"ListItem\",\"position\":2,\"name\":\"Wszystkie produkty\",\"item\":\"https:\/\/ironsky.pl\/sklep\/produkty\/\"},{\"@type\":\"ListItem\",\"position\":3,\"name\":\"Etui TOMTOC Terra-A27 14&#8243; (czarne)\"}]},{\"@type\":\"WebSite\",\"@id\":\"https:\/\/ironsky.pl\/sklep\/#website\",\"url\":\"https:\/\/ironsky.pl\/sklep\/\",\"name\":\"IRONSKY.PL Sklep z Dronami\",\"description\":\"IRONSKY.PL Sklep z Dronami\",\"potentialAction\":[{\"@type\":\"SearchAction\",\"target\":{\"@type\":\"EntryPoint\",\"urlTemplate\":\"https:\/\/ironsky.pl\/sklep\/?s={search_term_string}\"},\"query-input\":{\"@type\":\"PropertyValueSpecification\",\"valueRequired\":true,\"valueName\":\"search_term_string\"}}],\"inLanguage\":\"pl-PL\"}]}<\/script>\n<!-- \/ Yoast SEO plugin. -->","yoast_head_json":{"title":"Etui TOMTOC Terra-A27 14\" (czarne) - IRONSKY.PL Sklep z Dronami","description":"Etui TOMTOC Terra-A27 14\" (czarne) - \u2705 sklep z dronami i fachowym doradztwem. \u2705 Tutaj kupisz produkty DJI, Yuneec, Parrot, Syma i wiele innych, a tak\u017ce kursy i licencje na operatora drona.","robots":{"index":"index","follow":"follow","max-snippet":"max-snippet:-1","max-image-preview":"max-image-preview:large","max-video-preview":"max-video-preview:-1"},"canonical":"https:\/\/ironsky.pl\/sklep\/produkt\/etui-tomtoc-terra-a27-14-czarne\/","og_locale":"pl_PL","og_type":"article","og_title":"Etui TOMTOC Terra-A27 14\" (czarne) - IRONSKY.PL Sklep z Dronami","og_description":"Etui TOMTOC Terra-A27 14\" (czarne) - \u2705 sklep z dronami i fachowym doradztwem. \u2705 Tutaj kupisz produkty DJI, Yuneec, Parrot, Syma i wiele innych, a tak\u017ce kursy i licencje na operatora drona.","og_url":"https:\/\/ironsky.pl\/sklep\/produkt\/etui-tomtoc-terra-a27-14-czarne\/","og_site_name":"IRONSKY.PL Sklep z Dronami","article_modified_time":"2026-04-15T08:39:16+00:00","og_image":[{"width":800,"height":800,"url":"https:\/\/ironsky.pl\/sklep\/wp-content\/uploads\/2025\/06\/43000_1.jpg","type":"image\/jpeg"}],"twitter_card":"summary_large_image","twitter_misc":{"Szacowany czas czytania":"2 minuty"},"schema":{"@context":"https:\/\/schema.org","@graph":[{"@type":"WebPage","@id":"https:\/\/ironsky.pl\/sklep\/produkt\/etui-tomtoc-terra-a27-14-czarne\/","url":"https:\/\/ironsky.pl\/sklep\/produkt\/etui-tomtoc-terra-a27-14-czarne\/","name":"Etui TOMTOC Terra-A27 14\" (czarne) - IRONSKY.PL Sklep z Dronami","isPartOf":{"@id":"https:\/\/ironsky.pl\/sklep\/#website"},"primaryImageOfPage":{"@id":"https:\/\/ironsky.pl\/sklep\/produkt\/etui-tomtoc-terra-a27-14-czarne\/#primaryimage"},"image":{"@id":"https:\/\/ironsky.pl\/sklep\/produkt\/etui-tomtoc-terra-a27-14-czarne\/#primaryimage"},"thumbnailUrl":"https:\/\/ironsky.pl\/sklep\/wp-content\/uploads\/2025\/06\/43000_1.jpg","datePublished":"2026-04-15T08:39:01+00:00","dateModified":"2026-04-15T08:39:16+00:00","description":"Etui TOMTOC Terra-A27 14\" (czarne) - \u2705 sklep z dronami i fachowym doradztwem. \u2705 Tutaj kupisz produkty DJI, Yuneec, Parrot, Syma i wiele innych, a tak\u017ce kursy i licencje na operatora drona.","breadcrumb":{"@id":"https:\/\/ironsky.pl\/sklep\/produkt\/etui-tomtoc-terra-a27-14-czarne\/#breadcrumb"},"inLanguage":"pl-PL","potentialAction":[{"@type":"ReadAction","target":["https:\/\/ironsky.pl\/sklep\/produkt\/etui-tomtoc-terra-a27-14-czarne\/"]}]},{"@type":"ImageObject","inLanguage":"pl-PL","@id":"https:\/\/ironsky.pl\/sklep\/produkt\/etui-tomtoc-terra-a27-14-czarne\/#primaryimage","url":"https:\/\/ironsky.pl\/sklep\/wp-content\/uploads\/2025\/06\/43000_1.jpg","contentUrl":"https:\/\/ironsky.pl\/sklep\/wp-content\/uploads\/2025\/06\/43000_1.jpg","width":800,"height":800},{"@type":"BreadcrumbList","@id":"https:\/\/ironsky.pl\/sklep\/produkt\/etui-tomtoc-terra-a27-14-czarne\/#breadcrumb","itemListElement":[{"@type":"ListItem","position":1,"name":"Strona g\u0142\u00f3wna","item":"https:\/\/ironsky.pl\/sklep\/"},{"@type":"ListItem","position":2,"name":"Wszystkie produkty","item":"https:\/\/ironsky.pl\/sklep\/produkty\/"},{"@type":"ListItem","position":3,"name":"Etui TOMTOC Terra-A27 14&#8243; (czarne)"}]},{"@type":"WebSite","@id":"https:\/\/ironsky.pl\/sklep\/#website","url":"https:\/\/ironsky.pl\/sklep\/","name":"IRONSKY.PL Sklep z Dronami","description":"IRONSKY.PL Sklep z Dronami","potentialAction":[{"@type":"SearchAction","target":{"@type":"EntryPoint","urlTemplate":"https:\/\/ironsky.pl\/sklep\/?s={search_term_string}"},"query-input":{"@type":"PropertyValueSpecification","valueRequired":true,"valueName":"search_term_string"}}],"inLanguage":"pl-PL"}]}},"_links":{"self":[{"href":"https:\/\/ironsky.pl\/sklep\/wp-json\/wp\/v2\/product\/58658","targetHints":{"allow":["GET"]}}],"collection":[{"href":"https:\/\/ironsky.pl\/sklep\/wp-json\/wp\/v2\/product"}],"about":[{"href":"https:\/\/ironsky.pl\/sklep\/wp-json\/wp\/v2\/types\/product"}],"replies":[{"embeddable":true,"href":"https:\/\/ironsky.pl\/sklep\/wp-json\/wp\/v2\/comments?post=58658"}],"wp:featuredmedia":[{"embeddable":true,"href":"https:\/\/ironsky.pl\/sklep\/wp-json\/wp\/v2\/media\/44940"}],"wp:attachment":[{"href":"https:\/\/ironsky.pl\/sklep\/wp-json\/wp\/v2\/media?parent=58658"}],"wp:term":[{"taxonomy":"product_brand","embeddable":true,"href":"https:\/\/ironsky.pl\/sklep\/wp-json\/wp\/v2\/product_brand?post=58658"},{"taxonomy":"product_cat","embeddable":true,"href":"https:\/\/ironsky.pl\/sklep\/wp-json\/wp\/v2\/product_cat?post=58658"},{"taxonomy":"product_tag","embeddable":true,"href":"https:\/\/ironsky.pl\/sklep\/wp-json\/wp\/v2\/product_tag?post=58658"}],"curies":[{"name":"wp","href":"https:\/\/api.w.org\/{rel}","templated":true}]}}