{"id":58647,"date":"2026-04-15T10:39:01","date_gmt":"2026-04-15T08:39:01","guid":{"rendered":"https:\/\/ironsky.pl\/sklep\/produkt\/zywica-anycubic-craftsman-dlp-bezowa\/"},"modified":"2026-04-15T10:39:08","modified_gmt":"2026-04-15T08:39:08","slug":"zywica-anycubic-craftsman-dlp-bezowa","status":"publish","type":"product","link":"https:\/\/ironsky.pl\/sklep\/produkt\/zywica-anycubic-craftsman-dlp-bezowa\/","title":{"rendered":"\u017bywica ANYCUBIC Craftsman DLP (be\u017cowa)"},"content":{"rendered":"<h3>\u017bywica DLP AnyCubic Craftsman (Be\u017cowa)<\/h3>\n<p>Do\u015bwiadczeni tw\u00f3rcy doskonale zdaj\u0105 sobie spraw\u0119, \u017ce znaczenie maj\u0105 nie tylko parametry drukarki 3D, ale r\u00f3wnie\u017c materia\u0142, z jakiego powstaj\u0105 modele. \u017bywica AnyCubic Craftsman zosta\u0142a stworzona z my\u015bl\u0105 o u\u017cytkownikach drukarek DLP, kt\u00f3rzy wymagaj\u0105 szczeg\u00f3lnej precyzji w detalu. Jest to idealny wyb\u00f3r dla profesjonalist\u00f3w poszukuj\u0105cych materia\u0142\u00f3w o d\u0142ugiej trwa\u0142o\u015bci i wysokiej jako\u015bci wydruku. Doskonale sprawdzi si\u0119 w produkcji finezyjnych komponent\u00f3w, figur kolekcjonerskich oraz precyzyjnych prototyp\u00f3w technicznych. \u017bywica wyr\u00f3\u017cnia si\u0119 przed\u0142u\u017con\u0105 \u017cywotno\u015bci\u0105 a\u017c do 1,5 roku. Stanowi to znaczn\u0105 popraw\u0119 w por\u00f3wnaniu do innych \u017cywic na rynku, kt\u00f3rych \u017cywotno\u015b\u0107 wynosi zazwyczaj oko\u0142o roku.\u00a0<\/p>\n<p><img decoding=\"async\" src=\"https:\/\/assets.innpro.pl\/6101\/7163\/1.jpg\" border=\"0\" \/><\/p>\n<h3>Innowacyjna kompozycja z Nano-Ceramik\u0105<\/h3>\n<p>AnyCubic Craftsman podniesie jako\u015b\u0107 efektu ko\u0144cowego. Zawiera fotoczu\u0142\u0105 \u017cywic\u0119 z dodatkiem nano-ceramiki, dzi\u0119ki czemu zapewnia lepsze rozproszenie \u015bwiat\u0142a wewn\u0105trz materia\u0142u. \u017bywica wyr\u00f3\u017cnia si\u0119 te\u017c mniejsz\u0105 kurczliwo\u015bci\u0105 \u2014 jej wynik to 3,7% w por\u00f3wnaniu do 7,1% w przypadku innych produkt\u00f3w. Wszystko to przek\u0142ada si\u0119 na lepsz\u0105 precyzj\u0119 i g\u0142adko\u015bci wydrukowanych element\u00f3w. Twoje modele mog\u0105 by\u0107 tak szczeg\u00f3\u0142owe, jak nigdy przedtem!<\/p>\n<p><img decoding=\"async\" src=\"https:\/\/assets.innpro.pl\/6101\/7163\/3.jpg\" border=\"0\" \/><\/p>\n<h3>Szybko\u015b\u0107 i niska kurczliwo\u015b\u0107<\/h3>\n<p>Dzi\u0119ki ulepszonej formule pierwsza ekspozycja na \u015bwiat\u0142o w \u017cywicy Craftsman mo\u017ce trwa\u0107 jedynie 35 sekund. To \u015bwietny wynik w por\u00f3wnaniu do popularnych \u017cywic, kt\u00f3re wymagaj\u0105 60 sekund. Kolejne warstwy utwardzaj\u0105 si\u0119 w zaledwie 2 sekundy na warstw\u0119. Taka pr\u0119dko\u015b\u0107 druku zaoszcz\u0119dzi Tw\u00f3j czas i pozwoli cieszy\u0107 si\u0119 wi\u0119ksz\u0105 wydajno\u015bci\u0105 pracy.\u00a0<\/p>\n<p><img decoding=\"async\" src=\"https:\/\/assets.innpro.pl\/6101\/7163\/4.jpg\" border=\"0\" \/><\/p>\n<p><\/br><\/p>\n<table border=\"1\" cellpadding=\"5\" cellspacing=\"0\">\n<thead>\n<tr>\n<th colspan=\"2\">2.2. Elementy oznakowania<\/th>\n<\/tr>\n<\/thead>\n<table border=\"1\" cellpadding=\"5\" cellspacing=\"0\">\n<thead>\n<tr>\n<th colspan=\"2\">2.2. Elementy oznakowania<\/th>\n<\/tr>\n<\/thead>\n<tbody>\n<tr>\n<td><strong>UFI<\/strong><\/td>\n<td>R0YT-E53M-D00S-FFCD<\/td>\n<\/tr>\n<tr>\n<td colspan=\"2\"><strong>Oznakowanie zgodne z rozporz\u0105dzeniem (WE) nr 1272\/2008 [CLP]<\/strong><\/td>\n<\/tr>\n<tr>\n<td>Piktogramy zagro\u017ce\u0144 (CLP)<\/td>\n<td>\n        <img decoding=\"async\" src=\"https:\/\/b2b.innpro.pl\/data\/include\/cms\/Karta-charakterystyki\/GHS07.jpeg\" alt=\"GHS07 \u2013 Dzia\u0142anie dra\u017cni\u0105ce\" width=\"50\" height=\"50\"><br \/>\n        <img decoding=\"async\" src=\"https:\/\/b2b.innpro.pl\/data\/include\/cms\/Karta-charakterystyki\/GHS09.jpeg\" alt=\"GHS09 \u2013 Zagro\u017cenie dla \u015brodowiska\" width=\"50\" height=\"50\"><\/p>\n<\/td>\n<\/tr>\n<tr>\n<td>Has\u0142o ostrzegawcze<\/td>\n<td>Uwaga<\/td>\n<\/tr>\n<tr>\n<td>Zawiera<\/td>\n<td>\n        2-oksapnanon, homopolimer, ester 2-[(1-okso-2-propen-1-ylo)oksy]etylowy;<br \/>\n        tlenek fenylo[bis(2,4,6-trimetylobenzoilo)]fosfanu\n      <\/td>\n<\/tr>\n<tr>\n<td>Zwroty wskazuj\u0105ce rodzaj zagro\u017cenia (CLP)<\/td>\n<td>\n        H315 \u2013 Dzia\u0142a dra\u017cni\u0105co na sk\u00f3r\u0119.<br \/>\n        H317 \u2013 Mo\u017ce powodowa\u0107 reakcj\u0119 alergiczn\u0105 sk\u00f3ry.\n      <\/td>\n<\/tr>\n<tr>\n<td>Zwroty wskazuj\u0105ce \u015brodki ostro\u017cno\u015bci (CLP)<\/td>\n<td>\n        H319 \u2013 Dzia\u0142a dra\u017cni\u0105co na oczy.<br \/>\n        H335 \u2013 Mo\u017ce powodowa\u0107 podra\u017cnienie dr\u00f3g oddechowych.<br \/>\n        H411 \u2013 Dzia\u0142a toksycznie na organizmy wodne, powoduj\u0105c d\u0142ugotrwa\u0142e skutki.<\/p>\n<p>        P101 \u2013 W razie konieczno\u015bci zasi\u0119gni\u0119cia porady lekarza nale\u017cy pokaza\u0107 pojemnik lub etykiet\u0119.<br \/>\n        P102 \u2013 Chroni\u0107 przed dzie\u0107mi.<br \/>\n        P264 \u2013 Dok\u0142adnie umy\u0107 r\u0119ce po u\u017cyciu.<br \/>\n        P273 \u2013 Unika\u0107 uwolnienia do \u015brodowiska.<br \/>\n        P280 \u2013 Stosowa\u0107 r\u0119kawice ochronne, odzie\u017c ochronn\u0105, ochron\u0119 oczu\/ochron\u0119 twarzy.<br \/>\n        P302+P352 \u2013 W PRZYPADKU KONTAKTU ZE SK\u00d3R\u0104: Umy\u0107 du\u017c\u0105 ilo\u015bci\u0105 wody z myd\u0142em.<br \/>\n        P304+P340 \u2013 W PRZYPADKU DOSTANIA SI\u0118 DO DR\u00d3G ODDECHOWYCH: wyprowadzi\u0107 lub wynie\u015b\u0107 poszkodowanego na \u015bwie\u017ce powietrze i zapewni\u0107 warunki do odpoczynku w pozycji umo\u017cliwiaj\u0105cej swobodne oddychanie.<br \/>\n        P305+P351+P338 \u2013 W PRZYPADKU DOSTANIA SI\u0118 DO OCZU: Ostro\u017cnie p\u0142uka\u0107 wod\u0105 przez kilka minut. Wyj\u0105\u0107 soczewki kontaktowe, je\u017celi s\u0105 i mo\u017cna je \u0142atwo usun\u0105\u0107. Nadal p\u0142uka\u0107.<br \/>\n        P333+P313 \u2013 W przypadku wyst\u0105pienia podra\u017cnienia sk\u00f3ry lub wysypki: Zasi\u0119gn\u0105\u0107 porady\/zg\u0142osi\u0107 si\u0119 pod opiek\u0119 lekarza.<br \/>\n        P391 \u2013 Zebra\u0107 wyciek.<br \/>\n        P405 \u2013 Przechowywa\u0107 pod zamkni\u0119ciem.<br \/>\n        P501 \u2013 Zawarto\u015b\u0107\/pojemnik usuwa\u0107 do specjalnego punktu zbi\u00f3rki odpad\u00f3w niebezpiecznych, zgodnie z przepisami miejscowymi, regionalnymi, krajowymi i\/lub mi\u0119dzynarodowymi.\n      <\/td>\n<\/tr>\n<\/tbody>\n<\/table>\n<p><\/br><\/p>\n<p><strong>Pobierz:<\/strong> <a href=\"https:\/\/cdn-files.innpro.pl\/anycubic\/6974662350909\/karta_charakterystyki\/6974662350886_6974662350909_karta_charakterystyki.pdf\"><strong>Karta Charakterystyki<\/strong><\/a><\/p>\n<div class=\"table-wrapper\">\n<p>\u00a0<\/p>\n<h3>\u00a0<\/h3>\n<table>\n<tbody>\n<tr>\n<th>Producent<\/th>\n<td>AnyCubic<\/td>\n<\/tr>\n<tr>\n<th>Model<\/th>\n<td>Craftsman<\/td>\n<\/tr>\n<tr>\n<th>Kolor<\/th>\n<td>Be\u017cowy<\/td>\n<\/tr>\n<tr>\n<th>D\u0142ugo\u015b\u0107 fali UV:<\/th>\n<td>365\u2013405 nm<\/td>\n<\/tr>\n<tr>\n<th>G\u0119sto\u015b\u0107:<\/th>\n<td>1.15-1.20 g\/cm\u00b3<\/td>\n<\/tr>\n<tr>\n<th>Lepko\u015b\u0107:<\/th>\n<td>150-250 cP przy 25\u00b0C<\/td>\n<\/tr>\n<tr>\n<th>Twardo\u015b\u0107 powierzchniowa:<\/th>\n<td>82 HD<\/td>\n<\/tr>\n<tr>\n<th>Wytrzyma\u0142o\u015b\u0107 na rozci\u0105ganie:<\/th>\n<td>35\u201350 MPa<\/td>\n<\/tr>\n<tr>\n<th>Przed\u0142u\u017cenie przy z\u0142amaniu:<\/th>\n<td>8%\u201312%<\/td>\n<\/tr>\n<tr>\n<th>Kurczliwo\u015b\u0107 przy formowaniu:<\/th>\n<td>3.72%-4.2%<\/td>\n<\/tr>\n<tr>\n<th>Wytrzyma\u0142o\u015b\u0107 na zginanie:<\/th>\n<td>50\u201370 MPa<\/td>\n<\/tr>\n<tr>\n<th>Modu\u0142 elastyczno\u015bci przy zginaniu:<\/th>\n<td>1,200\u20131,600 MPa<\/td>\n<\/tr>\n<tr>\n<th>\u017bywotno\u015b\u0107<\/th>\n<td>1,5 roku<\/td>\n<\/tr>\n<\/tbody>\n<\/table>\n","protected":false},"excerpt":{"rendered":"<p>\u017bywica DLP AnyCubic Craftsman (Be\u017cowa) Do\u015bwiadczeni tw\u00f3rcy doskonale zdaj\u0105 sobie spraw\u0119, \u017ce znaczenie maj\u0105 nie tylko parametry drukarki 3D, ale<\/p>\n","protected":false},"featured_media":44910,"comment_status":"closed","ping_status":"open","template":"","meta":{"_acf_changed":false},"product_brand":[],"product_cat":[6222,6217,6227],"product_tag":[],"class_list":{"0":"post-58647","1":"product","2":"type-product","3":"status-publish","4":"has-post-thumbnail","6":"product_cat-druk-3d-technologie-kreatywne","7":"product_cat-technologie-kreatywne","8":"product_cat-zywice-druk-3d-technologie-kreatywne","9":"pa_producent-anycubic","11":"first","12":"outofstock","13":"taxable","14":"shipping-taxable","15":"purchasable","16":"product-type-simple"},"acf":[],"yoast_head":"<!-- This site is optimized with the Yoast SEO plugin v27.2 - https:\/\/yoast.com\/product\/yoast-seo-wordpress\/ -->\n<title>\u017bywica ANYCUBIC Craftsman DLP (be\u017cowa) - IRONSKY.PL Sklep z Dronami<\/title>\n<meta name=\"description\" content=\"\u017bywica ANYCUBIC Craftsman DLP (be\u017cowa) - \u2705 sklep z dronami i fachowym doradztwem. \u2705 Tutaj kupisz produkty DJI, Yuneec, Parrot, Syma i wiele innych, a tak\u017ce kursy i licencje na operatora drona.\" \/>\n<meta name=\"robots\" content=\"index, follow, max-snippet:-1, max-image-preview:large, max-video-preview:-1\" \/>\n<link rel=\"canonical\" href=\"https:\/\/ironsky.pl\/sklep\/produkt\/zywica-anycubic-craftsman-dlp-bezowa\/\" \/>\n<meta property=\"og:locale\" content=\"pl_PL\" \/>\n<meta property=\"og:type\" content=\"article\" \/>\n<meta property=\"og:title\" content=\"\u017bywica ANYCUBIC Craftsman DLP (be\u017cowa) - IRONSKY.PL Sklep z Dronami\" \/>\n<meta property=\"og:description\" content=\"\u017bywica ANYCUBIC Craftsman DLP (be\u017cowa) - \u2705 sklep z dronami i fachowym doradztwem. \u2705 Tutaj kupisz produkty DJI, Yuneec, Parrot, Syma i wiele innych, a tak\u017ce kursy i licencje na operatora drona.\" \/>\n<meta property=\"og:url\" content=\"https:\/\/ironsky.pl\/sklep\/produkt\/zywica-anycubic-craftsman-dlp-bezowa\/\" \/>\n<meta property=\"og:site_name\" content=\"IRONSKY.PL Sklep z Dronami\" \/>\n<meta property=\"article:modified_time\" content=\"2026-04-15T08:39:08+00:00\" \/>\n<meta property=\"og:image\" content=\"https:\/\/ironsky.pl\/sklep\/wp-content\/uploads\/2025\/06\/42887_1.jpg\" \/>\n\t<meta property=\"og:image:width\" content=\"800\" \/>\n\t<meta property=\"og:image:height\" content=\"800\" \/>\n\t<meta property=\"og:image:type\" content=\"image\/jpeg\" \/>\n<meta name=\"twitter:card\" content=\"summary_large_image\" \/>\n<meta name=\"twitter:label1\" content=\"Szacowany czas czytania\" \/>\n\t<meta name=\"twitter:data1\" content=\"3 minuty\" \/>\n<script type=\"application\/ld+json\" class=\"yoast-schema-graph\">{\"@context\":\"https:\/\/schema.org\",\"@graph\":[{\"@type\":\"WebPage\",\"@id\":\"https:\/\/ironsky.pl\/sklep\/produkt\/zywica-anycubic-craftsman-dlp-bezowa\/\",\"url\":\"https:\/\/ironsky.pl\/sklep\/produkt\/zywica-anycubic-craftsman-dlp-bezowa\/\",\"name\":\"\u017bywica ANYCUBIC Craftsman DLP (be\u017cowa) - IRONSKY.PL Sklep z Dronami\",\"isPartOf\":{\"@id\":\"https:\/\/ironsky.pl\/sklep\/#website\"},\"primaryImageOfPage\":{\"@id\":\"https:\/\/ironsky.pl\/sklep\/produkt\/zywica-anycubic-craftsman-dlp-bezowa\/#primaryimage\"},\"image\":{\"@id\":\"https:\/\/ironsky.pl\/sklep\/produkt\/zywica-anycubic-craftsman-dlp-bezowa\/#primaryimage\"},\"thumbnailUrl\":\"https:\/\/ironsky.pl\/sklep\/wp-content\/uploads\/2025\/06\/42887_1.jpg\",\"datePublished\":\"2026-04-15T08:39:01+00:00\",\"dateModified\":\"2026-04-15T08:39:08+00:00\",\"description\":\"\u017bywica ANYCUBIC Craftsman DLP (be\u017cowa) - \u2705 sklep z dronami i fachowym doradztwem. \u2705 Tutaj kupisz produkty DJI, Yuneec, Parrot, Syma i wiele innych, a tak\u017ce kursy i licencje na operatora drona.\",\"breadcrumb\":{\"@id\":\"https:\/\/ironsky.pl\/sklep\/produkt\/zywica-anycubic-craftsman-dlp-bezowa\/#breadcrumb\"},\"inLanguage\":\"pl-PL\",\"potentialAction\":[{\"@type\":\"ReadAction\",\"target\":[\"https:\/\/ironsky.pl\/sklep\/produkt\/zywica-anycubic-craftsman-dlp-bezowa\/\"]}]},{\"@type\":\"ImageObject\",\"inLanguage\":\"pl-PL\",\"@id\":\"https:\/\/ironsky.pl\/sklep\/produkt\/zywica-anycubic-craftsman-dlp-bezowa\/#primaryimage\",\"url\":\"https:\/\/ironsky.pl\/sklep\/wp-content\/uploads\/2025\/06\/42887_1.jpg\",\"contentUrl\":\"https:\/\/ironsky.pl\/sklep\/wp-content\/uploads\/2025\/06\/42887_1.jpg\",\"width\":800,\"height\":800},{\"@type\":\"BreadcrumbList\",\"@id\":\"https:\/\/ironsky.pl\/sklep\/produkt\/zywica-anycubic-craftsman-dlp-bezowa\/#breadcrumb\",\"itemListElement\":[{\"@type\":\"ListItem\",\"position\":1,\"name\":\"Strona g\u0142\u00f3wna\",\"item\":\"https:\/\/ironsky.pl\/sklep\/\"},{\"@type\":\"ListItem\",\"position\":2,\"name\":\"Wszystkie produkty\",\"item\":\"https:\/\/ironsky.pl\/sklep\/produkty\/\"},{\"@type\":\"ListItem\",\"position\":3,\"name\":\"\u017bywica ANYCUBIC Craftsman DLP (be\u017cowa)\"}]},{\"@type\":\"WebSite\",\"@id\":\"https:\/\/ironsky.pl\/sklep\/#website\",\"url\":\"https:\/\/ironsky.pl\/sklep\/\",\"name\":\"IRONSKY.PL Sklep z Dronami\",\"description\":\"IRONSKY.PL Sklep z Dronami\",\"potentialAction\":[{\"@type\":\"SearchAction\",\"target\":{\"@type\":\"EntryPoint\",\"urlTemplate\":\"https:\/\/ironsky.pl\/sklep\/?s={search_term_string}\"},\"query-input\":{\"@type\":\"PropertyValueSpecification\",\"valueRequired\":true,\"valueName\":\"search_term_string\"}}],\"inLanguage\":\"pl-PL\"}]}<\/script>\n<!-- \/ Yoast SEO plugin. -->","yoast_head_json":{"title":"\u017bywica ANYCUBIC Craftsman DLP (be\u017cowa) - IRONSKY.PL Sklep z Dronami","description":"\u017bywica ANYCUBIC Craftsman DLP (be\u017cowa) - \u2705 sklep z dronami i fachowym doradztwem. \u2705 Tutaj kupisz produkty DJI, Yuneec, Parrot, Syma i wiele innych, a tak\u017ce kursy i licencje na operatora drona.","robots":{"index":"index","follow":"follow","max-snippet":"max-snippet:-1","max-image-preview":"max-image-preview:large","max-video-preview":"max-video-preview:-1"},"canonical":"https:\/\/ironsky.pl\/sklep\/produkt\/zywica-anycubic-craftsman-dlp-bezowa\/","og_locale":"pl_PL","og_type":"article","og_title":"\u017bywica ANYCUBIC Craftsman DLP (be\u017cowa) - IRONSKY.PL Sklep z Dronami","og_description":"\u017bywica ANYCUBIC Craftsman DLP (be\u017cowa) - \u2705 sklep z dronami i fachowym doradztwem. \u2705 Tutaj kupisz produkty DJI, Yuneec, Parrot, Syma i wiele innych, a tak\u017ce kursy i licencje na operatora drona.","og_url":"https:\/\/ironsky.pl\/sklep\/produkt\/zywica-anycubic-craftsman-dlp-bezowa\/","og_site_name":"IRONSKY.PL Sklep z Dronami","article_modified_time":"2026-04-15T08:39:08+00:00","og_image":[{"width":800,"height":800,"url":"https:\/\/ironsky.pl\/sklep\/wp-content\/uploads\/2025\/06\/42887_1.jpg","type":"image\/jpeg"}],"twitter_card":"summary_large_image","twitter_misc":{"Szacowany czas czytania":"3 minuty"},"schema":{"@context":"https:\/\/schema.org","@graph":[{"@type":"WebPage","@id":"https:\/\/ironsky.pl\/sklep\/produkt\/zywica-anycubic-craftsman-dlp-bezowa\/","url":"https:\/\/ironsky.pl\/sklep\/produkt\/zywica-anycubic-craftsman-dlp-bezowa\/","name":"\u017bywica ANYCUBIC Craftsman DLP (be\u017cowa) - IRONSKY.PL Sklep z Dronami","isPartOf":{"@id":"https:\/\/ironsky.pl\/sklep\/#website"},"primaryImageOfPage":{"@id":"https:\/\/ironsky.pl\/sklep\/produkt\/zywica-anycubic-craftsman-dlp-bezowa\/#primaryimage"},"image":{"@id":"https:\/\/ironsky.pl\/sklep\/produkt\/zywica-anycubic-craftsman-dlp-bezowa\/#primaryimage"},"thumbnailUrl":"https:\/\/ironsky.pl\/sklep\/wp-content\/uploads\/2025\/06\/42887_1.jpg","datePublished":"2026-04-15T08:39:01+00:00","dateModified":"2026-04-15T08:39:08+00:00","description":"\u017bywica ANYCUBIC Craftsman DLP (be\u017cowa) - \u2705 sklep z dronami i fachowym doradztwem. \u2705 Tutaj kupisz produkty DJI, Yuneec, Parrot, Syma i wiele innych, a tak\u017ce kursy i licencje na operatora drona.","breadcrumb":{"@id":"https:\/\/ironsky.pl\/sklep\/produkt\/zywica-anycubic-craftsman-dlp-bezowa\/#breadcrumb"},"inLanguage":"pl-PL","potentialAction":[{"@type":"ReadAction","target":["https:\/\/ironsky.pl\/sklep\/produkt\/zywica-anycubic-craftsman-dlp-bezowa\/"]}]},{"@type":"ImageObject","inLanguage":"pl-PL","@id":"https:\/\/ironsky.pl\/sklep\/produkt\/zywica-anycubic-craftsman-dlp-bezowa\/#primaryimage","url":"https:\/\/ironsky.pl\/sklep\/wp-content\/uploads\/2025\/06\/42887_1.jpg","contentUrl":"https:\/\/ironsky.pl\/sklep\/wp-content\/uploads\/2025\/06\/42887_1.jpg","width":800,"height":800},{"@type":"BreadcrumbList","@id":"https:\/\/ironsky.pl\/sklep\/produkt\/zywica-anycubic-craftsman-dlp-bezowa\/#breadcrumb","itemListElement":[{"@type":"ListItem","position":1,"name":"Strona g\u0142\u00f3wna","item":"https:\/\/ironsky.pl\/sklep\/"},{"@type":"ListItem","position":2,"name":"Wszystkie produkty","item":"https:\/\/ironsky.pl\/sklep\/produkty\/"},{"@type":"ListItem","position":3,"name":"\u017bywica ANYCUBIC Craftsman DLP (be\u017cowa)"}]},{"@type":"WebSite","@id":"https:\/\/ironsky.pl\/sklep\/#website","url":"https:\/\/ironsky.pl\/sklep\/","name":"IRONSKY.PL Sklep z Dronami","description":"IRONSKY.PL Sklep z Dronami","potentialAction":[{"@type":"SearchAction","target":{"@type":"EntryPoint","urlTemplate":"https:\/\/ironsky.pl\/sklep\/?s={search_term_string}"},"query-input":{"@type":"PropertyValueSpecification","valueRequired":true,"valueName":"search_term_string"}}],"inLanguage":"pl-PL"}]}},"_links":{"self":[{"href":"https:\/\/ironsky.pl\/sklep\/wp-json\/wp\/v2\/product\/58647","targetHints":{"allow":["GET"]}}],"collection":[{"href":"https:\/\/ironsky.pl\/sklep\/wp-json\/wp\/v2\/product"}],"about":[{"href":"https:\/\/ironsky.pl\/sklep\/wp-json\/wp\/v2\/types\/product"}],"replies":[{"embeddable":true,"href":"https:\/\/ironsky.pl\/sklep\/wp-json\/wp\/v2\/comments?post=58647"}],"wp:featuredmedia":[{"embeddable":true,"href":"https:\/\/ironsky.pl\/sklep\/wp-json\/wp\/v2\/media\/44910"}],"wp:attachment":[{"href":"https:\/\/ironsky.pl\/sklep\/wp-json\/wp\/v2\/media?parent=58647"}],"wp:term":[{"taxonomy":"product_brand","embeddable":true,"href":"https:\/\/ironsky.pl\/sklep\/wp-json\/wp\/v2\/product_brand?post=58647"},{"taxonomy":"product_cat","embeddable":true,"href":"https:\/\/ironsky.pl\/sklep\/wp-json\/wp\/v2\/product_cat?post=58647"},{"taxonomy":"product_tag","embeddable":true,"href":"https:\/\/ironsky.pl\/sklep\/wp-json\/wp\/v2\/product_tag?post=58647"}],"curies":[{"name":"wp","href":"https:\/\/api.w.org\/{rel}","templated":true}]}}