{"id":58645,"date":"2026-04-15T10:39:01","date_gmt":"2026-04-15T08:39:01","guid":{"rendered":"https:\/\/ironsky.pl\/sklep\/produkt\/zywica-anycubic-abs-pro-2-szara\/"},"modified":"2026-04-15T10:39:05","modified_gmt":"2026-04-15T08:39:05","slug":"zywica-anycubic-abs-pro-2-szara","status":"publish","type":"product","link":"https:\/\/ironsky.pl\/sklep\/produkt\/zywica-anycubic-abs-pro-2-szara\/","title":{"rendered":"\u017bywica ANYCUBIC ABS Pro 2 (szara)"},"content":{"rendered":"<h3>\u017bywica typu ABS AnyCubic 2 Pro (Szara)<\/h3>\n<p>Nowa formu\u0142a \u017cywicy AnyCubic ABS-Like Resin Pro 2 oferuje wyj\u0105tkow\u0105 wytrzyma\u0142o\u015b\u0107 na rozci\u0105ganie oraz elastyczno\u015b\u0107, zwi\u0119kszaj\u0105c wyd\u0142u\u017cenie przy zerwaniu o ponad 100% w por\u00f3wnaniu do poprzedniej wersji. Wyniki te sprawiaj\u0105, \u017ce jest idealna do drukowania element\u00f3w o wysokiej wytrzyma\u0142o\u015bci, takich jak komponenty strukturalne, prototypy przemys\u0142owe, a nawet armatury. \u017bywica wyr\u00f3\u017cnia si\u0119 te\u017c wysok\u0105 trwa\u0142o\u015bci\u0105, wysyceniem kolorystycznym i nisk\u0105 emisj\u0105 zapach\u00f3w, dzi\u0119ki czemu zapewnia komfortow\u0105 prac\u0119 nawet w s\u0142abo wentylowanych pomieszczeniach.<\/p>\n<p><img decoding=\"async\" src=\"https:\/\/assets.innpro.pl\/6109\/7171\/1.jpg\" border=\"0\" \/><\/p>\n<h3>Zwi\u0119kszona wytrzyma\u0142o\u015b\u0107<\/h3>\n<p>ABS-Like Resin Pro 2 charakteryzuje si\u0119 zwi\u0119kszon\u0105 odporno\u015bci\u0105 na zginanie, co czyni j\u0105 bardziej odporn\u0105 na p\u0119kni\u0119cia i uszkodzenia mechaniczne. Jest tak\u017ce \u0142atwa w obr\u00f3bce, co umo\u017cliwia precyzyjne formowanie skomplikowanych modeli i detali.<\/p>\n<p><img decoding=\"async\" src=\"https:\/\/assets.innpro.pl\/6109\/7171\/2.jpg\" border=\"0\" \/><\/p>\n<h3>Wysoka precyzja i minimalne kurczenie<\/h3>\n<p>Dzi\u0119ki obni\u017conej kurczliwo\u015bci \u017cywica zapewnia wysok\u0105 precyzj\u0119 i zachowanie ostro\u015bci detali podczas wydruku. Skurcz modelowania jest znacznie ni\u017cszy ni\u017c w przypadku innych \u017cywic, co minimalizuje ryzyko zniekszta\u0142ce\u0144.\u00a0<\/p>\n<p><img decoding=\"async\" src=\"https:\/\/assets.innpro.pl\/6109\/7171\/5.jpg\" border=\"0\" \/><\/p>\n<h3>Szeroka kompatybilno\u015b\u0107<\/h3>\n<p>\u017bywica jest kompatybilna z szerokim zakresem drukarek 3D dzia\u0142aj\u0105cych w zakresie d\u0142ugo\u015bci fal UV od 365 do 405 nm. Dzi\u0119ki temu mo\u017cna j\u0105 \u0142atwo integrowa\u0107 z wi\u0119kszo\u015bci\u0105 dost\u0119pnych na rynku drukarek DLP i LCD. AnyCubic 2 Pro jest te\u017c przyjazna dla u\u017cytkownik\u00f3w i \u015brodowiska \u2014 zapewnia komfortowe warunki w pracy, poniewa\u017c nie wydziela intensywnego zapachu.\u00a0<\/p>\n<p><img decoding=\"async\" src=\"https:\/\/assets.innpro.pl\/6109\/7171\/3.jpg\" border=\"0\" \/><\/p>\n<h3>Wysoka p\u0142ynno\u015b\u0107 i ni\u017csza lepko\u015b\u0107<\/h3>\n<p>Niska lepko\u015b\u0107 \u017cywicy prowadzi do kr\u00f3tszych czas\u00f3w utwardzania i u\u0142atwia formowanie modeli, co sprzyja szybszemu i bardziej efektywnemu procesowi drukowania. Ulepszona adhezja do platformy druku efektywnie redukuje ryzyko niepowodze\u0144 podczas drukowania. Ciesz si\u0119 wi\u0119ksz\u0105 precyzj\u0105 i jeszcze lepsz\u0105 wydajno\u015bci\u0105 w pracy z AnyCubic!<\/p>\n<p><img decoding=\"async\" src=\"https:\/\/assets.innpro.pl\/6109\/7171\/4.jpg\" border=\"0\" \/><\/p>\n<p>\u00a0<\/p>\n<table border=\"1\" cellspacing=\"0\" cellpadding=\"5\">\n<thead>\n<tr>\n<th colspan=\"2\">2.2. Elementy oznakowania<\/th>\n<\/tr>\n<\/thead>\n<tbody>\n<tr>\n<td><strong>UFI<\/strong><\/td>\n<td>DWXT-W5E7-3009-S3SA<\/td>\n<\/tr>\n<tr>\n<td colspan=\"2\"><strong>Oznakowanie zgodne z rozporz\u0105dzeniem (WE) nr 1272\/2008 [CLP]<\/strong><\/td>\n<\/tr>\n<tr>\n<td>Piktogramy zagro\u017ce\u0144 (CLP)<\/td>\n<td>\n        <img decoding=\"async\" src=\"https:\/\/b2b.innpro.pl\/data\/include\/cms\/Karta-charakterystyki\/GHS05.jpeg\" alt=\"GHS07 \u2013 Dzia\u0142anie dra\u017cni\u0105ce\" width=\"50\" height=\"50\"><br \/>\n        <img decoding=\"async\" src=\"https:\/\/b2b.innpro.pl\/data\/include\/cms\/Karta-charakterystyki\/GHS07.jpeg\" alt=\"GHS09 \u2013 Zagro\u017cenie dla \u015brodowiska\" width=\"50\" height=\"50\"><\/p>\n<\/td>\n<\/tr>\n<tr>\n<td>Has\u0142o ostrzegawcze<\/td>\n<td>NIEBEZPIECZE\u0143STWO<\/td>\n<\/tr>\n<tr>\n<td>Zawiera<\/td>\n<td>\n        2-metylooksiran, polimer blokowy z oksiranem, bis(2-metylo-2-propenian);<br \/>\n        biakrylan 1,2-etanodiylu;<br \/>\n        3-[2,2-dimetylo-1-okso-3-[(1-oksoallilo)oksy]propoksy]-2,2-dimetylo-propylakrylan;<br \/>\n        fenylo(2,4,6-trimetylobenzoilo)fosfinian etylu\n      <\/td>\n<\/tr>\n<tr>\n<td>Zwroty wskazuj\u0105ce rodzaj zagro\u017cenia (CLP)<\/td>\n<td>\n        H315: Dzia\u0142a dra\u017cni\u0105co na sk\u00f3r\u0119.<br \/>\n        H317: Mo\u017ce powodowa\u0107 reakcj\u0119 alergiczn\u0105 sk\u00f3ry.<br \/>\n        H318: Powoduje powa\u017cne uszkodzenie oczu.<br \/>\n        H335: Mo\u017ce powodowa\u0107 podra\u017cnienie dr\u00f3g oddechowych.<br \/>\n        H412: Dzia\u0142a szkodliwie na organizmy wodne, powoduj\u0105c d\u0142ugotrwa\u0142e skutki.\n      <\/td>\n<\/tr>\n<tr>\n<td>Zwroty wskazuj\u0105ce \u015brodki ostro\u017cno\u015bci (CLP)<\/td>\n<td>\n        P101: W razie konieczno\u015bci zasi\u0119gni\u0119cia porady lekarza nale\u017cy pokaza\u0107 pojemnik lub etykiet\u0119.<br \/>\n        P102: Chroni\u0107 przed dzie\u0107mi.<br \/>\n        P273: Unika\u0107 uwolnienia do \u015brodowiska.<br \/>\n        P280: Stosowa\u0107 r\u0119kawice ochronne, odzie\u017c ochronn\u0105, ochron\u0119 oczu\/ochron\u0119 twarzy.<br \/>\n        P302+P352: W PRZYPADKU KONTAKTU ZE SK\u00d3R\u0104: Umy\u0107 du\u017c\u0105 ilo\u015bci\u0105 wody z myd\u0142em.<br \/>\n        P304+P340: W PRZYPADKU DOSTANIA SI\u0118 DO DR\u00d3G ODDECHOWYCH: wyprowadzi\u0107 lub wynie\u015b\u0107 poszkodowanego na \u015bwie\u017ce powietrze i zapewni\u0107 warunki do odpoczynku w pozycji umo\u017cliwiaj\u0105cej swobodne oddychanie.<br \/>\n        P305+P351+P338+P310: W PRZYPADKU DOSTANIA SI\u0118 DO OCZU: Ostro\u017cnie p\u0142uka\u0107 wod\u0105 przez kilka minut. Wyj\u0105\u0107 soczewki kontaktowe, je\u017celi s\u0105 i mo\u017cna je \u0142atwo usun\u0105\u0107. Nadal p\u0142uka\u0107. Natychmiast skontaktowa\u0107 si\u0119 z O\u015aRODKIEM ZATRU\u0106 lub lekarzem.<br \/>\n        P333+P313: W przypadku wyst\u0105pienia podra\u017cnienia sk\u00f3ry lub wysypki: Zasi\u0119gn\u0105\u0107 porady\/zg\u0142osi\u0107 si\u0119 pod opiek\u0119 lekarza.<br \/>\n        P391: Zebra\u0107 wyciek.<br \/>\n        P405: Przechowywa\u0107 pod zamkni\u0119ciem.<br \/>\n        P501: Zawarto\u015b\u0107\/pojemnik usuwa\u0107 do specjalnego punktu zbi\u00f3rki odpad\u00f3w niebezpiecznych, zgodnie z przepisami miejscowymi, regionalnymi, krajowymi i\/lub mi\u0119dzynarodowymi.\n      <\/td>\n<\/tr>\n<tr>\n<td>Zabezpieczenie odporne na otwarcie przez dzieci<\/td>\n<td>Nie dotyczy.<\/td>\n<\/tr>\n<tr>\n<td>Ostrze\u017cenie dotykowe<\/td>\n<td>Nie dotyczy.<\/td>\n<\/tr>\n<\/tbody>\n<\/table>\n<p><\/br><\/p>\n<p><strong>Pobierz:<\/strong> <a href=\"https:\/\/cdn-files.innpro.pl\/anycubic\/6974662350947\/karta_charakterystyki\/6974662350947_6974662350923_karta_charakterystyki.pdf\"><strong>Karta Charakterystyki<\/strong><\/a><\/p>\n<p>\u00a0<\/p>\n<div class=\"table-wrapper\">\n<p>\u00a0<\/p>\n<h3>\u00a0<\/h3>\n<table>\n<tbody>\n<tr>\n<th>Producent<\/th>\n<td>AnyCubic<\/td>\n<\/tr>\n<tr>\n<th>Model<\/th>\n<td>2Pro<\/td>\n<\/tr>\n<tr>\n<th>D\u0142ugo\u015b\u0107 fali UV:<\/th>\n<td>365-405 nm<\/td>\n<\/tr>\n<tr>\n<th>G\u0119sto\u015b\u0107:<\/th>\n<td>1.05-1.25 g\/cm\u00b3<\/td>\n<\/tr>\n<tr>\n<th>Lepko\u015b\u0107:<\/th>\n<td>300-400 cPimPa\u00b7s<\/td>\n<\/tr>\n<tr>\n<th>Twardo\u015b\u0107:<\/th>\n<td>82-84D<\/td>\n<\/tr>\n<tr>\n<th>Wytrzyma\u0142o\u015b\u0107 na rozci\u0105ganie:<\/th>\n<td>35-40 MPa<\/td>\n<\/tr>\n<tr>\n<th>Wyd\u0142u\u017cenie przy zerwaniu:<\/th>\n<td>35-40%<\/td>\n<\/tr>\n<tr>\n<th>Kurczliwo\u015b\u0107 formowania:<\/th>\n<td>4.3-5.6%<\/td>\n<\/tr>\n<tr>\n<th>Wytrzyma\u0142o\u015b\u0107 na zginanie:<\/th>\n<td>35-40 MPa<\/td>\n<\/tr>\n<tr>\n<th>Modu\u0142 gi\u0119tno\u015bci:<\/th>\n<td>1400-1800 MPa<\/td>\n<\/tr>\n<tr>\n<th>Temperatura odporno\u015bci termicznej:<\/th>\n<td>60-65\u00b0C<\/td>\n<\/tr>\n<tr>\n<th>Mycie \u017cywicy:<\/th>\n<td>alkohol<\/td>\n<\/tr>\n<tr>\n<th>Okres przydatno\u015bci:<\/th>\n<td>1.5 roku<\/td>\n<\/tr>\n<\/tbody>\n<\/table>\n","protected":false},"excerpt":{"rendered":"<p>\u017bywica typu ABS AnyCubic 2 Pro (Szara) Nowa formu\u0142a \u017cywicy AnyCubic ABS-Like Resin Pro 2 oferuje wyj\u0105tkow\u0105 wytrzyma\u0142o\u015b\u0107 na rozci\u0105ganie<\/p>\n","protected":false},"featured_media":44900,"comment_status":"closed","ping_status":"open","template":"","meta":{"_acf_changed":false},"product_brand":[],"product_cat":[6222,6217,6227],"product_tag":[],"class_list":{"0":"post-58645","1":"product","2":"type-product","3":"status-publish","4":"has-post-thumbnail","6":"product_cat-druk-3d-technologie-kreatywne","7":"product_cat-technologie-kreatywne","8":"product_cat-zywice-druk-3d-technologie-kreatywne","9":"pa_producent-anycubic","11":"first","12":"outofstock","13":"taxable","14":"shipping-taxable","15":"purchasable","16":"product-type-simple"},"acf":[],"yoast_head":"<!-- This site is optimized with the Yoast SEO plugin v27.2 - https:\/\/yoast.com\/product\/yoast-seo-wordpress\/ -->\n<title>\u017bywica ANYCUBIC ABS Pro 2 (szara) - IRONSKY.PL Sklep z Dronami<\/title>\n<meta name=\"description\" content=\"\u017bywica ANYCUBIC ABS Pro 2 (szara) - \u2705 sklep z dronami i fachowym doradztwem. \u2705 Tutaj kupisz produkty DJI, Yuneec, Parrot, Syma i wiele innych, a tak\u017ce kursy i licencje na operatora drona.\" \/>\n<meta name=\"robots\" content=\"index, follow, max-snippet:-1, max-image-preview:large, max-video-preview:-1\" \/>\n<link rel=\"canonical\" href=\"https:\/\/ironsky.pl\/sklep\/produkt\/zywica-anycubic-abs-pro-2-szara\/\" \/>\n<meta property=\"og:locale\" content=\"pl_PL\" \/>\n<meta property=\"og:type\" content=\"article\" \/>\n<meta property=\"og:title\" content=\"\u017bywica ANYCUBIC ABS Pro 2 (szara) - IRONSKY.PL Sklep z Dronami\" \/>\n<meta property=\"og:description\" content=\"\u017bywica ANYCUBIC ABS Pro 2 (szara) - \u2705 sklep z dronami i fachowym doradztwem. \u2705 Tutaj kupisz produkty DJI, Yuneec, Parrot, Syma i wiele innych, a tak\u017ce kursy i licencje na operatora drona.\" \/>\n<meta property=\"og:url\" content=\"https:\/\/ironsky.pl\/sklep\/produkt\/zywica-anycubic-abs-pro-2-szara\/\" \/>\n<meta property=\"og:site_name\" content=\"IRONSKY.PL Sklep z Dronami\" \/>\n<meta property=\"article:modified_time\" content=\"2026-04-15T08:39:05+00:00\" \/>\n<meta property=\"og:image\" content=\"https:\/\/ironsky.pl\/sklep\/wp-content\/uploads\/2025\/06\/42885_1.jpg\" \/>\n\t<meta property=\"og:image:width\" content=\"800\" \/>\n\t<meta property=\"og:image:height\" content=\"800\" \/>\n\t<meta property=\"og:image:type\" content=\"image\/jpeg\" \/>\n<meta name=\"twitter:card\" content=\"summary_large_image\" \/>\n<meta name=\"twitter:label1\" content=\"Szacowany czas czytania\" \/>\n\t<meta name=\"twitter:data1\" content=\"3 minuty\" \/>\n<script type=\"application\/ld+json\" class=\"yoast-schema-graph\">{\"@context\":\"https:\/\/schema.org\",\"@graph\":[{\"@type\":\"WebPage\",\"@id\":\"https:\/\/ironsky.pl\/sklep\/produkt\/zywica-anycubic-abs-pro-2-szara\/\",\"url\":\"https:\/\/ironsky.pl\/sklep\/produkt\/zywica-anycubic-abs-pro-2-szara\/\",\"name\":\"\u017bywica ANYCUBIC ABS Pro 2 (szara) - IRONSKY.PL Sklep z Dronami\",\"isPartOf\":{\"@id\":\"https:\/\/ironsky.pl\/sklep\/#website\"},\"primaryImageOfPage\":{\"@id\":\"https:\/\/ironsky.pl\/sklep\/produkt\/zywica-anycubic-abs-pro-2-szara\/#primaryimage\"},\"image\":{\"@id\":\"https:\/\/ironsky.pl\/sklep\/produkt\/zywica-anycubic-abs-pro-2-szara\/#primaryimage\"},\"thumbnailUrl\":\"https:\/\/ironsky.pl\/sklep\/wp-content\/uploads\/2025\/06\/42885_1.jpg\",\"datePublished\":\"2026-04-15T08:39:01+00:00\",\"dateModified\":\"2026-04-15T08:39:05+00:00\",\"description\":\"\u017bywica ANYCUBIC ABS Pro 2 (szara) - \u2705 sklep z dronami i fachowym doradztwem. \u2705 Tutaj kupisz produkty DJI, Yuneec, Parrot, Syma i wiele innych, a tak\u017ce kursy i licencje na operatora drona.\",\"breadcrumb\":{\"@id\":\"https:\/\/ironsky.pl\/sklep\/produkt\/zywica-anycubic-abs-pro-2-szara\/#breadcrumb\"},\"inLanguage\":\"pl-PL\",\"potentialAction\":[{\"@type\":\"ReadAction\",\"target\":[\"https:\/\/ironsky.pl\/sklep\/produkt\/zywica-anycubic-abs-pro-2-szara\/\"]}]},{\"@type\":\"ImageObject\",\"inLanguage\":\"pl-PL\",\"@id\":\"https:\/\/ironsky.pl\/sklep\/produkt\/zywica-anycubic-abs-pro-2-szara\/#primaryimage\",\"url\":\"https:\/\/ironsky.pl\/sklep\/wp-content\/uploads\/2025\/06\/42885_1.jpg\",\"contentUrl\":\"https:\/\/ironsky.pl\/sklep\/wp-content\/uploads\/2025\/06\/42885_1.jpg\",\"width\":800,\"height\":800},{\"@type\":\"BreadcrumbList\",\"@id\":\"https:\/\/ironsky.pl\/sklep\/produkt\/zywica-anycubic-abs-pro-2-szara\/#breadcrumb\",\"itemListElement\":[{\"@type\":\"ListItem\",\"position\":1,\"name\":\"Strona g\u0142\u00f3wna\",\"item\":\"https:\/\/ironsky.pl\/sklep\/\"},{\"@type\":\"ListItem\",\"position\":2,\"name\":\"Wszystkie produkty\",\"item\":\"https:\/\/ironsky.pl\/sklep\/produkty\/\"},{\"@type\":\"ListItem\",\"position\":3,\"name\":\"\u017bywica ANYCUBIC ABS Pro 2 (szara)\"}]},{\"@type\":\"WebSite\",\"@id\":\"https:\/\/ironsky.pl\/sklep\/#website\",\"url\":\"https:\/\/ironsky.pl\/sklep\/\",\"name\":\"IRONSKY.PL Sklep z Dronami\",\"description\":\"IRONSKY.PL Sklep z Dronami\",\"potentialAction\":[{\"@type\":\"SearchAction\",\"target\":{\"@type\":\"EntryPoint\",\"urlTemplate\":\"https:\/\/ironsky.pl\/sklep\/?s={search_term_string}\"},\"query-input\":{\"@type\":\"PropertyValueSpecification\",\"valueRequired\":true,\"valueName\":\"search_term_string\"}}],\"inLanguage\":\"pl-PL\"}]}<\/script>\n<!-- \/ Yoast SEO plugin. -->","yoast_head_json":{"title":"\u017bywica ANYCUBIC ABS Pro 2 (szara) - IRONSKY.PL Sklep z Dronami","description":"\u017bywica ANYCUBIC ABS Pro 2 (szara) - \u2705 sklep z dronami i fachowym doradztwem. \u2705 Tutaj kupisz produkty DJI, Yuneec, Parrot, Syma i wiele innych, a tak\u017ce kursy i licencje na operatora drona.","robots":{"index":"index","follow":"follow","max-snippet":"max-snippet:-1","max-image-preview":"max-image-preview:large","max-video-preview":"max-video-preview:-1"},"canonical":"https:\/\/ironsky.pl\/sklep\/produkt\/zywica-anycubic-abs-pro-2-szara\/","og_locale":"pl_PL","og_type":"article","og_title":"\u017bywica ANYCUBIC ABS Pro 2 (szara) - IRONSKY.PL Sklep z Dronami","og_description":"\u017bywica ANYCUBIC ABS Pro 2 (szara) - \u2705 sklep z dronami i fachowym doradztwem. \u2705 Tutaj kupisz produkty DJI, Yuneec, Parrot, Syma i wiele innych, a tak\u017ce kursy i licencje na operatora drona.","og_url":"https:\/\/ironsky.pl\/sklep\/produkt\/zywica-anycubic-abs-pro-2-szara\/","og_site_name":"IRONSKY.PL Sklep z Dronami","article_modified_time":"2026-04-15T08:39:05+00:00","og_image":[{"width":800,"height":800,"url":"https:\/\/ironsky.pl\/sklep\/wp-content\/uploads\/2025\/06\/42885_1.jpg","type":"image\/jpeg"}],"twitter_card":"summary_large_image","twitter_misc":{"Szacowany czas czytania":"3 minuty"},"schema":{"@context":"https:\/\/schema.org","@graph":[{"@type":"WebPage","@id":"https:\/\/ironsky.pl\/sklep\/produkt\/zywica-anycubic-abs-pro-2-szara\/","url":"https:\/\/ironsky.pl\/sklep\/produkt\/zywica-anycubic-abs-pro-2-szara\/","name":"\u017bywica ANYCUBIC ABS Pro 2 (szara) - IRONSKY.PL Sklep z Dronami","isPartOf":{"@id":"https:\/\/ironsky.pl\/sklep\/#website"},"primaryImageOfPage":{"@id":"https:\/\/ironsky.pl\/sklep\/produkt\/zywica-anycubic-abs-pro-2-szara\/#primaryimage"},"image":{"@id":"https:\/\/ironsky.pl\/sklep\/produkt\/zywica-anycubic-abs-pro-2-szara\/#primaryimage"},"thumbnailUrl":"https:\/\/ironsky.pl\/sklep\/wp-content\/uploads\/2025\/06\/42885_1.jpg","datePublished":"2026-04-15T08:39:01+00:00","dateModified":"2026-04-15T08:39:05+00:00","description":"\u017bywica ANYCUBIC ABS Pro 2 (szara) - \u2705 sklep z dronami i fachowym doradztwem. \u2705 Tutaj kupisz produkty DJI, Yuneec, Parrot, Syma i wiele innych, a tak\u017ce kursy i licencje na operatora drona.","breadcrumb":{"@id":"https:\/\/ironsky.pl\/sklep\/produkt\/zywica-anycubic-abs-pro-2-szara\/#breadcrumb"},"inLanguage":"pl-PL","potentialAction":[{"@type":"ReadAction","target":["https:\/\/ironsky.pl\/sklep\/produkt\/zywica-anycubic-abs-pro-2-szara\/"]}]},{"@type":"ImageObject","inLanguage":"pl-PL","@id":"https:\/\/ironsky.pl\/sklep\/produkt\/zywica-anycubic-abs-pro-2-szara\/#primaryimage","url":"https:\/\/ironsky.pl\/sklep\/wp-content\/uploads\/2025\/06\/42885_1.jpg","contentUrl":"https:\/\/ironsky.pl\/sklep\/wp-content\/uploads\/2025\/06\/42885_1.jpg","width":800,"height":800},{"@type":"BreadcrumbList","@id":"https:\/\/ironsky.pl\/sklep\/produkt\/zywica-anycubic-abs-pro-2-szara\/#breadcrumb","itemListElement":[{"@type":"ListItem","position":1,"name":"Strona g\u0142\u00f3wna","item":"https:\/\/ironsky.pl\/sklep\/"},{"@type":"ListItem","position":2,"name":"Wszystkie produkty","item":"https:\/\/ironsky.pl\/sklep\/produkty\/"},{"@type":"ListItem","position":3,"name":"\u017bywica ANYCUBIC ABS Pro 2 (szara)"}]},{"@type":"WebSite","@id":"https:\/\/ironsky.pl\/sklep\/#website","url":"https:\/\/ironsky.pl\/sklep\/","name":"IRONSKY.PL Sklep z Dronami","description":"IRONSKY.PL Sklep z Dronami","potentialAction":[{"@type":"SearchAction","target":{"@type":"EntryPoint","urlTemplate":"https:\/\/ironsky.pl\/sklep\/?s={search_term_string}"},"query-input":{"@type":"PropertyValueSpecification","valueRequired":true,"valueName":"search_term_string"}}],"inLanguage":"pl-PL"}]}},"_links":{"self":[{"href":"https:\/\/ironsky.pl\/sklep\/wp-json\/wp\/v2\/product\/58645","targetHints":{"allow":["GET"]}}],"collection":[{"href":"https:\/\/ironsky.pl\/sklep\/wp-json\/wp\/v2\/product"}],"about":[{"href":"https:\/\/ironsky.pl\/sklep\/wp-json\/wp\/v2\/types\/product"}],"replies":[{"embeddable":true,"href":"https:\/\/ironsky.pl\/sklep\/wp-json\/wp\/v2\/comments?post=58645"}],"wp:featuredmedia":[{"embeddable":true,"href":"https:\/\/ironsky.pl\/sklep\/wp-json\/wp\/v2\/media\/44900"}],"wp:attachment":[{"href":"https:\/\/ironsky.pl\/sklep\/wp-json\/wp\/v2\/media?parent=58645"}],"wp:term":[{"taxonomy":"product_brand","embeddable":true,"href":"https:\/\/ironsky.pl\/sklep\/wp-json\/wp\/v2\/product_brand?post=58645"},{"taxonomy":"product_cat","embeddable":true,"href":"https:\/\/ironsky.pl\/sklep\/wp-json\/wp\/v2\/product_cat?post=58645"},{"taxonomy":"product_tag","embeddable":true,"href":"https:\/\/ironsky.pl\/sklep\/wp-json\/wp\/v2\/product_tag?post=58645"}],"curies":[{"name":"wp","href":"https:\/\/api.w.org\/{rel}","templated":true}]}}