{"id":58636,"date":"2026-04-15T10:38:19","date_gmt":"2026-04-15T08:38:19","guid":{"rendered":"https:\/\/ironsky.pl\/sklep\/produkt\/szklo-hartowane-sunnylife-do-insta360-x4-x5-2szt\/"},"modified":"2026-04-15T10:38:56","modified_gmt":"2026-04-15T08:38:56","slug":"szklo-hartowane-sunnylife-do-insta360-x4-x5-2szt","status":"publish","type":"product","link":"https:\/\/ironsky.pl\/sklep\/produkt\/szklo-hartowane-sunnylife-do-insta360-x4-x5-2szt\/","title":{"rendered":"Szk\u0142o hartowane SUNNYLIFE do Insta360 X4\/X5 2szt."},"content":{"rendered":"<h3>Szk\u0142o hartowane (2 sztuki) Sunnylife do Insta360 X4 \/ X5<\/h3>\n<p>Szk\u0142o hartowane Sunnylife IST-BHM799 to niezb\u0119dny dodatek dla posiadaczy kamery Insta360 X4 i X5. Zapewnia doskona\u0142\u0105 ochron\u0119 ekranu, a jednocze\u015bnie nie wp\u0142ywa w \u017caden spos\u00f3b na jako\u015b\u0107 obrazu. U\u0142atwia te\u017c zachowanie wy\u015bwietlacza w czysto\u015bci, zabezpieczaj\u0105c go przed kurzem, t\u0142ustymi plamami i odciskami palc\u00f3w. Akcesorium jest przy tym bardzo proste w instalacji. W sk\u0142ad zestawu wchodz\u0105 2 szk\u0142a hartowane.<\/p>\n<p>\n<img decoding=\"async\" src=\"https:\/\/assets.innpro.pl\/5884\/6911\/1.jpg\" border=\"0\" alt=\"\" \/>\n<\/p>\n<h3>Doskona\u0142e dopasowanie i ochrona<\/h3>\n<p>Sunnylife IST-BHM799 to specjalnie zaprojektowane szk\u0142o hartowane 3D, kt\u00f3re idealnie pasuje do ekranu kamery Insta360 X4 i X5 \u2013 bez \u017cadnych szczelin i przerw. Wyr\u00f3\u017cnia je tak\u017ce twardo\u015b\u0107 na poziomie 9H, co zapewnia skuteczn\u0105 ochron\u0119 przed zarysowaniami i p\u0119kni\u0119ciami. Wszystko to daje Ci pewno\u015b\u0107, \u017ce wy\u015bwietlacz Twojego urz\u0105dzenia jest ca\u0142kowicie bezpieczny!<\/p>\n<p>\n<img decoding=\"async\" src=\"https:\/\/assets.innpro.pl\/5884\/6911\/3.jpg\" border=\"0\" alt=\"\" \/>\n<\/p>\n<h3>Fantastyczna jako\u015b\u0107 obrazu<\/h3>\n<p>Szk\u0142o hartowane Sunnylife IST-BHM799 charakteryzuje si\u0119 \u015bwietn\u0105 przepuszczalno\u015bci\u0105 \u015bwiat\u0142a, co przek\u0142ada si\u0119 na fantastyczn\u0105 jako\u015b\u0107 obrazu w niemal ka\u017cdej sytuacji. Dzi\u0119ki temu zyskujesz niesamowite bogactwo szczeg\u00f3\u0142\u00f3w i wyrazist\u0105, \u017cyw\u0105, naturaln\u0105 kolorystyk\u0119 \u2013 bez \u017cadnych zak\u0142\u00f3ce\u0144.<\/p>\n<p>\n<img decoding=\"async\" src=\"https:\/\/assets.innpro.pl\/5884\/6911\/2.jpg\" border=\"0\" alt=\"\" \/>\n<\/p>\n<h3>Zawsze czysty wy\u015bwietlacz<\/h3>\n<p>Zapomnij o nieestetycznych smugach, t\u0142ustych plamach i odciskach palc\u00f3w na ekranie Twojej kamery. Szk\u0142o hartowane Sunnylife zabezpieczy go r\u00f3wnie\u017c przed tym! Dzi\u0119ki temu z \u0142atwo\u015bci\u0105 zachowasz go w czysto\u015bci i b\u0119dziesz cieszy\u0107 si\u0119 pi\u0119knym, wyra\u017anym obrazem niezale\u017cnie od warunk\u00f3w.<\/p>\n<p>\n<img decoding=\"async\" src=\"https:\/\/assets.innpro.pl\/5884\/6911\/5.jpg\" border=\"0\" alt=\"\" \/>\n<\/p>\n<h3>W zestawie<\/h3>\n<ul class=\"list-disc pl-5\">\n<li>Szk\u0142o hartowane x2<\/li>\n<li>\u015aciereczka do czyszczenia x2<\/li>\n<li>Naklejka do usuwania kurzu x2<\/li>\n<li>\u015arodek do czyszczenia x2<\/li>\n<\/ul>\n<div class=\"table-wrapper\">\n<p>\u00a0<\/p>\n<h3><\/h3>\n<table>\n<tbody>\n<tr>\n<th>Producent<\/th>\n<td>Sunnylife<\/td>\n<\/tr>\n<tr>\n<th>Model<\/th>\n<td>IST-BHM799<\/td>\n<\/tr>\n<tr>\n<th>Kompatybilno\u015b\u0107<\/th>\n<td>Insta360 X4\/X5<\/td>\n<\/tr>\n<tr>\n<th>Liczba sztuk w zestawie<\/th>\n<td>2<\/td>\n<\/tr>\n<\/tbody>\n<\/table>\n<\/div>\n","protected":false},"excerpt":{"rendered":"<p>Szk\u0142o hartowane (2 sztuki) Sunnylife do Insta360 X4 \/ X5 Szk\u0142o hartowane Sunnylife IST-BHM799 to niezb\u0119dny dodatek dla posiadaczy kamery<\/p>\n","protected":false},"featured_media":58637,"comment_status":"closed","ping_status":"open","template":"","meta":{"_acf_changed":false},"product_brand":[],"product_cat":[1130,1137,1128],"product_tag":[],"class_list":{"0":"post-58636","1":"product","2":"type-product","3":"status-publish","4":"has-post-thumbnail","6":"product_cat-akcesoria-foto","7":"product_cat-do-kamer-sportowych","8":"product_cat-foto-wideo","9":"pa_okres-gwarancji-5754","10":"pa_producent-sunnylife","12":"first","13":"outofstock","14":"taxable","15":"shipping-taxable","16":"purchasable","17":"product-type-simple"},"acf":[],"yoast_head":"<!-- This site is optimized with the Yoast SEO plugin v27.2 - https:\/\/yoast.com\/product\/yoast-seo-wordpress\/ -->\n<title>Szk\u0142o hartowane SUNNYLIFE do Insta360 X4\/X5 2szt. - IRONSKY.PL Sklep z Dronami<\/title>\n<meta name=\"description\" content=\"Szk\u0142o hartowane SUNNYLIFE do Insta360 X4\/X5 2szt. - \u2705 sklep z dronami i fachowym doradztwem. \u2705 Tutaj kupisz produkty DJI, Yuneec, Parrot, Syma i wiele innych, a tak\u017ce kursy i licencje na operatora drona.\" \/>\n<meta name=\"robots\" content=\"index, follow, max-snippet:-1, max-image-preview:large, max-video-preview:-1\" \/>\n<link rel=\"canonical\" href=\"https:\/\/ironsky.pl\/sklep\/produkt\/szklo-hartowane-sunnylife-do-insta360-x4-x5-2szt\/\" \/>\n<meta property=\"og:locale\" content=\"pl_PL\" \/>\n<meta property=\"og:type\" content=\"article\" \/>\n<meta property=\"og:title\" content=\"Szk\u0142o hartowane SUNNYLIFE do Insta360 X4\/X5 2szt. - IRONSKY.PL Sklep z Dronami\" \/>\n<meta property=\"og:description\" content=\"Szk\u0142o hartowane SUNNYLIFE do Insta360 X4\/X5 2szt. - \u2705 sklep z dronami i fachowym doradztwem. \u2705 Tutaj kupisz produkty DJI, Yuneec, Parrot, Syma i wiele innych, a tak\u017ce kursy i licencje na operatora drona.\" \/>\n<meta property=\"og:url\" content=\"https:\/\/ironsky.pl\/sklep\/produkt\/szklo-hartowane-sunnylife-do-insta360-x4-x5-2szt\/\" \/>\n<meta property=\"og:site_name\" content=\"IRONSKY.PL Sklep z Dronami\" \/>\n<meta property=\"article:modified_time\" content=\"2026-04-15T08:38:56+00:00\" \/>\n<meta property=\"og:image\" content=\"https:\/\/ironsky.pl\/sklep\/wp-content\/uploads\/2026\/04\/42872_3.jpg\" \/>\n\t<meta property=\"og:image:width\" content=\"800\" \/>\n\t<meta property=\"og:image:height\" content=\"800\" \/>\n\t<meta property=\"og:image:type\" content=\"image\/jpeg\" \/>\n<meta name=\"twitter:card\" content=\"summary_large_image\" \/>\n<meta name=\"twitter:label1\" content=\"Szacowany czas czytania\" \/>\n\t<meta name=\"twitter:data1\" content=\"1 minuta\" \/>\n<script type=\"application\/ld+json\" class=\"yoast-schema-graph\">{\"@context\":\"https:\/\/schema.org\",\"@graph\":[{\"@type\":\"WebPage\",\"@id\":\"https:\/\/ironsky.pl\/sklep\/produkt\/szklo-hartowane-sunnylife-do-insta360-x4-x5-2szt\/\",\"url\":\"https:\/\/ironsky.pl\/sklep\/produkt\/szklo-hartowane-sunnylife-do-insta360-x4-x5-2szt\/\",\"name\":\"Szk\u0142o hartowane SUNNYLIFE do Insta360 X4\/X5 2szt. - IRONSKY.PL Sklep z Dronami\",\"isPartOf\":{\"@id\":\"https:\/\/ironsky.pl\/sklep\/#website\"},\"primaryImageOfPage\":{\"@id\":\"https:\/\/ironsky.pl\/sklep\/produkt\/szklo-hartowane-sunnylife-do-insta360-x4-x5-2szt\/#primaryimage\"},\"image\":{\"@id\":\"https:\/\/ironsky.pl\/sklep\/produkt\/szklo-hartowane-sunnylife-do-insta360-x4-x5-2szt\/#primaryimage\"},\"thumbnailUrl\":\"https:\/\/ironsky.pl\/sklep\/wp-content\/uploads\/2026\/04\/42872_3.jpg\",\"datePublished\":\"2026-04-15T08:38:19+00:00\",\"dateModified\":\"2026-04-15T08:38:56+00:00\",\"description\":\"Szk\u0142o hartowane SUNNYLIFE do Insta360 X4\/X5 2szt. - \u2705 sklep z dronami i fachowym doradztwem. \u2705 Tutaj kupisz produkty DJI, Yuneec, Parrot, Syma i wiele innych, a tak\u017ce kursy i licencje na operatora drona.\",\"breadcrumb\":{\"@id\":\"https:\/\/ironsky.pl\/sklep\/produkt\/szklo-hartowane-sunnylife-do-insta360-x4-x5-2szt\/#breadcrumb\"},\"inLanguage\":\"pl-PL\",\"potentialAction\":[{\"@type\":\"ReadAction\",\"target\":[\"https:\/\/ironsky.pl\/sklep\/produkt\/szklo-hartowane-sunnylife-do-insta360-x4-x5-2szt\/\"]}]},{\"@type\":\"ImageObject\",\"inLanguage\":\"pl-PL\",\"@id\":\"https:\/\/ironsky.pl\/sklep\/produkt\/szklo-hartowane-sunnylife-do-insta360-x4-x5-2szt\/#primaryimage\",\"url\":\"https:\/\/ironsky.pl\/sklep\/wp-content\/uploads\/2026\/04\/42872_3.jpg\",\"contentUrl\":\"https:\/\/ironsky.pl\/sklep\/wp-content\/uploads\/2026\/04\/42872_3.jpg\",\"width\":800,\"height\":800},{\"@type\":\"BreadcrumbList\",\"@id\":\"https:\/\/ironsky.pl\/sklep\/produkt\/szklo-hartowane-sunnylife-do-insta360-x4-x5-2szt\/#breadcrumb\",\"itemListElement\":[{\"@type\":\"ListItem\",\"position\":1,\"name\":\"Strona g\u0142\u00f3wna\",\"item\":\"https:\/\/ironsky.pl\/sklep\/\"},{\"@type\":\"ListItem\",\"position\":2,\"name\":\"Wszystkie produkty\",\"item\":\"https:\/\/ironsky.pl\/sklep\/produkty\/\"},{\"@type\":\"ListItem\",\"position\":3,\"name\":\"Szk\u0142o hartowane SUNNYLIFE do Insta360 X4\/X5 2szt.\"}]},{\"@type\":\"WebSite\",\"@id\":\"https:\/\/ironsky.pl\/sklep\/#website\",\"url\":\"https:\/\/ironsky.pl\/sklep\/\",\"name\":\"IRONSKY.PL Sklep z Dronami\",\"description\":\"IRONSKY.PL Sklep z Dronami\",\"potentialAction\":[{\"@type\":\"SearchAction\",\"target\":{\"@type\":\"EntryPoint\",\"urlTemplate\":\"https:\/\/ironsky.pl\/sklep\/?s={search_term_string}\"},\"query-input\":{\"@type\":\"PropertyValueSpecification\",\"valueRequired\":true,\"valueName\":\"search_term_string\"}}],\"inLanguage\":\"pl-PL\"}]}<\/script>\n<!-- \/ Yoast SEO plugin. -->","yoast_head_json":{"title":"Szk\u0142o hartowane SUNNYLIFE do Insta360 X4\/X5 2szt. - IRONSKY.PL Sklep z Dronami","description":"Szk\u0142o hartowane SUNNYLIFE do Insta360 X4\/X5 2szt. - \u2705 sklep z dronami i fachowym doradztwem. \u2705 Tutaj kupisz produkty DJI, Yuneec, Parrot, Syma i wiele innych, a tak\u017ce kursy i licencje na operatora drona.","robots":{"index":"index","follow":"follow","max-snippet":"max-snippet:-1","max-image-preview":"max-image-preview:large","max-video-preview":"max-video-preview:-1"},"canonical":"https:\/\/ironsky.pl\/sklep\/produkt\/szklo-hartowane-sunnylife-do-insta360-x4-x5-2szt\/","og_locale":"pl_PL","og_type":"article","og_title":"Szk\u0142o hartowane SUNNYLIFE do Insta360 X4\/X5 2szt. - IRONSKY.PL Sklep z Dronami","og_description":"Szk\u0142o hartowane SUNNYLIFE do Insta360 X4\/X5 2szt. - \u2705 sklep z dronami i fachowym doradztwem. \u2705 Tutaj kupisz produkty DJI, Yuneec, Parrot, Syma i wiele innych, a tak\u017ce kursy i licencje na operatora drona.","og_url":"https:\/\/ironsky.pl\/sklep\/produkt\/szklo-hartowane-sunnylife-do-insta360-x4-x5-2szt\/","og_site_name":"IRONSKY.PL Sklep z Dronami","article_modified_time":"2026-04-15T08:38:56+00:00","og_image":[{"width":800,"height":800,"url":"https:\/\/ironsky.pl\/sklep\/wp-content\/uploads\/2026\/04\/42872_3.jpg","type":"image\/jpeg"}],"twitter_card":"summary_large_image","twitter_misc":{"Szacowany czas czytania":"1 minuta"},"schema":{"@context":"https:\/\/schema.org","@graph":[{"@type":"WebPage","@id":"https:\/\/ironsky.pl\/sklep\/produkt\/szklo-hartowane-sunnylife-do-insta360-x4-x5-2szt\/","url":"https:\/\/ironsky.pl\/sklep\/produkt\/szklo-hartowane-sunnylife-do-insta360-x4-x5-2szt\/","name":"Szk\u0142o hartowane SUNNYLIFE do Insta360 X4\/X5 2szt. - IRONSKY.PL Sklep z Dronami","isPartOf":{"@id":"https:\/\/ironsky.pl\/sklep\/#website"},"primaryImageOfPage":{"@id":"https:\/\/ironsky.pl\/sklep\/produkt\/szklo-hartowane-sunnylife-do-insta360-x4-x5-2szt\/#primaryimage"},"image":{"@id":"https:\/\/ironsky.pl\/sklep\/produkt\/szklo-hartowane-sunnylife-do-insta360-x4-x5-2szt\/#primaryimage"},"thumbnailUrl":"https:\/\/ironsky.pl\/sklep\/wp-content\/uploads\/2026\/04\/42872_3.jpg","datePublished":"2026-04-15T08:38:19+00:00","dateModified":"2026-04-15T08:38:56+00:00","description":"Szk\u0142o hartowane SUNNYLIFE do Insta360 X4\/X5 2szt. - \u2705 sklep z dronami i fachowym doradztwem. \u2705 Tutaj kupisz produkty DJI, Yuneec, Parrot, Syma i wiele innych, a tak\u017ce kursy i licencje na operatora drona.","breadcrumb":{"@id":"https:\/\/ironsky.pl\/sklep\/produkt\/szklo-hartowane-sunnylife-do-insta360-x4-x5-2szt\/#breadcrumb"},"inLanguage":"pl-PL","potentialAction":[{"@type":"ReadAction","target":["https:\/\/ironsky.pl\/sklep\/produkt\/szklo-hartowane-sunnylife-do-insta360-x4-x5-2szt\/"]}]},{"@type":"ImageObject","inLanguage":"pl-PL","@id":"https:\/\/ironsky.pl\/sklep\/produkt\/szklo-hartowane-sunnylife-do-insta360-x4-x5-2szt\/#primaryimage","url":"https:\/\/ironsky.pl\/sklep\/wp-content\/uploads\/2026\/04\/42872_3.jpg","contentUrl":"https:\/\/ironsky.pl\/sklep\/wp-content\/uploads\/2026\/04\/42872_3.jpg","width":800,"height":800},{"@type":"BreadcrumbList","@id":"https:\/\/ironsky.pl\/sklep\/produkt\/szklo-hartowane-sunnylife-do-insta360-x4-x5-2szt\/#breadcrumb","itemListElement":[{"@type":"ListItem","position":1,"name":"Strona g\u0142\u00f3wna","item":"https:\/\/ironsky.pl\/sklep\/"},{"@type":"ListItem","position":2,"name":"Wszystkie produkty","item":"https:\/\/ironsky.pl\/sklep\/produkty\/"},{"@type":"ListItem","position":3,"name":"Szk\u0142o hartowane SUNNYLIFE do Insta360 X4\/X5 2szt."}]},{"@type":"WebSite","@id":"https:\/\/ironsky.pl\/sklep\/#website","url":"https:\/\/ironsky.pl\/sklep\/","name":"IRONSKY.PL Sklep z Dronami","description":"IRONSKY.PL Sklep z Dronami","potentialAction":[{"@type":"SearchAction","target":{"@type":"EntryPoint","urlTemplate":"https:\/\/ironsky.pl\/sklep\/?s={search_term_string}"},"query-input":{"@type":"PropertyValueSpecification","valueRequired":true,"valueName":"search_term_string"}}],"inLanguage":"pl-PL"}]}},"_links":{"self":[{"href":"https:\/\/ironsky.pl\/sklep\/wp-json\/wp\/v2\/product\/58636","targetHints":{"allow":["GET"]}}],"collection":[{"href":"https:\/\/ironsky.pl\/sklep\/wp-json\/wp\/v2\/product"}],"about":[{"href":"https:\/\/ironsky.pl\/sklep\/wp-json\/wp\/v2\/types\/product"}],"replies":[{"embeddable":true,"href":"https:\/\/ironsky.pl\/sklep\/wp-json\/wp\/v2\/comments?post=58636"}],"wp:featuredmedia":[{"embeddable":true,"href":"https:\/\/ironsky.pl\/sklep\/wp-json\/wp\/v2\/media\/58637"}],"wp:attachment":[{"href":"https:\/\/ironsky.pl\/sklep\/wp-json\/wp\/v2\/media?parent=58636"}],"wp:term":[{"taxonomy":"product_brand","embeddable":true,"href":"https:\/\/ironsky.pl\/sklep\/wp-json\/wp\/v2\/product_brand?post=58636"},{"taxonomy":"product_cat","embeddable":true,"href":"https:\/\/ironsky.pl\/sklep\/wp-json\/wp\/v2\/product_cat?post=58636"},{"taxonomy":"product_tag","embeddable":true,"href":"https:\/\/ironsky.pl\/sklep\/wp-json\/wp\/v2\/product_tag?post=58636"}],"curies":[{"name":"wp","href":"https:\/\/api.w.org\/{rel}","templated":true}]}}