{"id":58633,"date":"2026-04-15T10:38:19","date_gmt":"2026-04-15T08:38:19","guid":{"rendered":"https:\/\/ironsky.pl\/sklep\/produkt\/walizka-sunnylife-aqx-14-dji-avata-2\/"},"modified":"2026-04-15T10:38:54","modified_gmt":"2026-04-15T08:38:54","slug":"walizka-sunnylife-aqx-14-dji-avata-2","status":"publish","type":"product","link":"https:\/\/ironsky.pl\/sklep\/produkt\/walizka-sunnylife-aqx-14-dji-avata-2\/","title":{"rendered":"Walizka SUNNYLIFE AQX-14 DJI Avata 2"},"content":{"rendered":"<h3>Walizka Sunnylife do DJI Avata 2<\/h3>\n<p>Walizka Sunnylife AQX-14 to idealne rozwi\u0105zanie dla posiadaczy DJI Avata 2. Zapewnia wygodny spos\u00f3b na transport i przechowywanie drona wraz z akcesoriami, takimi jak na przyk\u0142ad kontroler, gogle i akumulatory. Pozwala te\u017c zadba\u0107 o bezpiecze\u0144stwo sprz\u0119tu \u2013 skutecznie ochroni go przed wilgoci\u0105, wstrz\u0105sami czy uderzeniami.<\/p>\n<p>\n<img decoding=\"async\" src=\"https:\/\/assets.innpro.pl\/5881\/6907\/4.jpg\" border=\"0\" \/>\n<\/p>\n<h3>Niezawodna ochrona<\/h3>\n<p>Walizka oferuje odpowiednio rozmieszczone przegr\u00f3dki, kt\u00f3re zapewniaj\u0105 stabilno\u015b\u0107 i bezpiecze\u0144stwo dronowi oraz przeznaczonym dla niego akcesoriom. Co wi\u0119cej, produkt skutecznie ochroni Tw\u00f3j sprz\u0119t przed wstrz\u0105sami, uderzeniami i dzia\u0142aniem temperatur. Nie obawiaj si\u0119 jego uszkodzenia! Dodatkowo mi\u0119kka g\u0105bka wewn\u0105trz walizki zapobiega zarysowaniom, dbaj\u0105c o nienaruszony stan drona.<\/p>\n<p>\n<img decoding=\"async\" src=\"https:\/\/assets.innpro.pl\/5881\/6907\/3.jpg\" border=\"0\" \/>\n<\/p>\n<h3>Wodoodporna konstrukcja i wytrzyma\u0142e zamkni\u0119cie<\/h3>\n<p>Model AQX-14 zosta\u0142 zaprojektowany r\u00f3wnie\u017c z my\u015bl\u0105 o zabezpieczeniu sprz\u0119tu przed wilgoci\u0105. Szczelna konstrukcja skutecznie zapobiega przedostawaniu si\u0119 wody do jego wn\u0119trza. Ju\u017c nie musisz si\u0119 martwi\u0107, \u017ce Tw\u00f3j dron zamoknie i zostanie uszkodzony! Ponadto wzmocnione zamkni\u0119cie oraz o\u015b ze stali nierdzewnej 304 zapewniaj\u0105 dodatkow\u0105 ochron\u0119 i odporno\u015b\u0107 na zu\u017cycie, dzi\u0119ki czemu walizka zachowuje swoj\u0105 funkcjonalno\u015b\u0107 przez d\u0142ugi czas.<\/p>\n<p>\n<img decoding=\"async\" src=\"https:\/\/assets.innpro.pl\/5881\/6907\/2.jpg\" border=\"0\" \/>\n<\/p>\n<h3>Wyj\u0105tkowa trwa\u0142o\u015b\u0107<\/h3>\n<p>Walizka Sunnylife AQX-14 to inwestycja w bezpiecze\u0144stwo sprz\u0119tu. Dzi\u0119ki solidnym materia\u0142om i starannemu wykonaniu jest wyj\u0105tkowo odporna na zu\u017cycie, co sprawia, \u017ce doskonale sprawdza si\u0119 podczas codziennego u\u017cytkowania, a tak\u017ce w podr\u00f3\u017cach. Jej dodatkowym atutem jest umieszczony na spodzie usztywniacz, kt\u00f3ry jeszcze bardziej zwi\u0119ksza jej wytrzyma\u0142o\u015b\u0107 i pozwala na stabilne ustawienie jej na dowolnej powierzchni.<\/p>\n<p>\n<img decoding=\"async\" src=\"https:\/\/assets.innpro.pl\/5881\/6907\/5.jpg\" border=\"0\" \/>\n<\/p>\n<div class=\"table-wrapper\">\n<p>\u00a0<\/p>\n<h3><\/h3>\n<table>\n<tbody>\n<tr>\n<th>Producent<\/th>\n<td>Sunnylife<\/td>\n<\/tr>\n<tr>\n<th>Model<\/th>\n<td>AQX-14<\/td>\n<\/tr>\n<tr>\n<th>Waga<\/th>\n<td>2,46 kg<\/td>\n<\/tr>\n<tr>\n<th>Wymiary<\/th>\n<td>42 x 36,5 x 15,3 cm<\/td>\n<\/tr>\n<tr>\n<th>Kompatybilno\u015b\u0107<\/th>\n<td>DJI Avata 2<\/td>\n<\/tr>\n<\/tbody>\n<\/table>\n<\/div>\n","protected":false},"excerpt":{"rendered":"<p>Walizka Sunnylife do DJI Avata 2 Walizka Sunnylife AQX-14 to idealne rozwi\u0105zanie dla posiadaczy DJI Avata 2. Zapewnia wygodny spos\u00f3b<\/p>\n","protected":false},"featured_media":58634,"comment_status":"closed","ping_status":"open","template":"","meta":{"_acf_changed":false},"product_brand":[],"product_cat":[6167,1088,6171],"product_tag":[],"class_list":{"0":"post-58633","1":"product","2":"type-product","3":"status-publish","4":"has-post-thumbnail","6":"product_cat-akcesoria-do-dronow","7":"product_cat-drony","8":"product_cat-torby-i-walizki","9":"pa_okres-gwarancji-5754","10":"pa_producent-sunnylife","12":"first","13":"outofstock","14":"taxable","15":"shipping-taxable","16":"purchasable","17":"product-type-simple"},"acf":[],"yoast_head":"<!-- This site is optimized with the Yoast SEO plugin v27.2 - https:\/\/yoast.com\/product\/yoast-seo-wordpress\/ -->\n<title>Walizka SUNNYLIFE AQX-14 DJI Avata 2 - IRONSKY.PL Sklep z Dronami<\/title>\n<meta name=\"description\" content=\"Walizka SUNNYLIFE AQX-14 DJI Avata 2 - \u2705 sklep z dronami i fachowym doradztwem. \u2705 Tutaj kupisz produkty DJI, Yuneec, Parrot, Syma i wiele innych, a tak\u017ce kursy i licencje na operatora drona.\" \/>\n<meta name=\"robots\" content=\"index, follow, max-snippet:-1, max-image-preview:large, max-video-preview:-1\" \/>\n<link rel=\"canonical\" href=\"https:\/\/ironsky.pl\/sklep\/produkt\/walizka-sunnylife-aqx-14-dji-avata-2\/\" \/>\n<meta property=\"og:locale\" content=\"pl_PL\" \/>\n<meta property=\"og:type\" content=\"article\" \/>\n<meta property=\"og:title\" content=\"Walizka SUNNYLIFE AQX-14 DJI Avata 2 - IRONSKY.PL Sklep z Dronami\" \/>\n<meta property=\"og:description\" content=\"Walizka SUNNYLIFE AQX-14 DJI Avata 2 - \u2705 sklep z dronami i fachowym doradztwem. \u2705 Tutaj kupisz produkty DJI, Yuneec, Parrot, Syma i wiele innych, a tak\u017ce kursy i licencje na operatora drona.\" \/>\n<meta property=\"og:url\" content=\"https:\/\/ironsky.pl\/sklep\/produkt\/walizka-sunnylife-aqx-14-dji-avata-2\/\" \/>\n<meta property=\"og:site_name\" content=\"IRONSKY.PL Sklep z Dronami\" \/>\n<meta property=\"article:modified_time\" content=\"2026-04-15T08:38:54+00:00\" \/>\n<meta property=\"og:image\" content=\"https:\/\/ironsky.pl\/sklep\/wp-content\/uploads\/2026\/04\/42868_1.webp\" \/>\n\t<meta property=\"og:image:width\" content=\"800\" \/>\n\t<meta property=\"og:image:height\" content=\"800\" \/>\n\t<meta property=\"og:image:type\" content=\"image\/webp\" \/>\n<meta name=\"twitter:card\" content=\"summary_large_image\" \/>\n<meta name=\"twitter:label1\" content=\"Szacowany czas czytania\" \/>\n\t<meta name=\"twitter:data1\" content=\"1 minuta\" \/>\n<script type=\"application\/ld+json\" class=\"yoast-schema-graph\">{\"@context\":\"https:\/\/schema.org\",\"@graph\":[{\"@type\":\"WebPage\",\"@id\":\"https:\/\/ironsky.pl\/sklep\/produkt\/walizka-sunnylife-aqx-14-dji-avata-2\/\",\"url\":\"https:\/\/ironsky.pl\/sklep\/produkt\/walizka-sunnylife-aqx-14-dji-avata-2\/\",\"name\":\"Walizka SUNNYLIFE AQX-14 DJI Avata 2 - IRONSKY.PL Sklep z Dronami\",\"isPartOf\":{\"@id\":\"https:\/\/ironsky.pl\/sklep\/#website\"},\"primaryImageOfPage\":{\"@id\":\"https:\/\/ironsky.pl\/sklep\/produkt\/walizka-sunnylife-aqx-14-dji-avata-2\/#primaryimage\"},\"image\":{\"@id\":\"https:\/\/ironsky.pl\/sklep\/produkt\/walizka-sunnylife-aqx-14-dji-avata-2\/#primaryimage\"},\"thumbnailUrl\":\"https:\/\/ironsky.pl\/sklep\/wp-content\/uploads\/2026\/04\/42868_1.webp\",\"datePublished\":\"2026-04-15T08:38:19+00:00\",\"dateModified\":\"2026-04-15T08:38:54+00:00\",\"description\":\"Walizka SUNNYLIFE AQX-14 DJI Avata 2 - \u2705 sklep z dronami i fachowym doradztwem. \u2705 Tutaj kupisz produkty DJI, Yuneec, Parrot, Syma i wiele innych, a tak\u017ce kursy i licencje na operatora drona.\",\"breadcrumb\":{\"@id\":\"https:\/\/ironsky.pl\/sklep\/produkt\/walizka-sunnylife-aqx-14-dji-avata-2\/#breadcrumb\"},\"inLanguage\":\"pl-PL\",\"potentialAction\":[{\"@type\":\"ReadAction\",\"target\":[\"https:\/\/ironsky.pl\/sklep\/produkt\/walizka-sunnylife-aqx-14-dji-avata-2\/\"]}]},{\"@type\":\"ImageObject\",\"inLanguage\":\"pl-PL\",\"@id\":\"https:\/\/ironsky.pl\/sklep\/produkt\/walizka-sunnylife-aqx-14-dji-avata-2\/#primaryimage\",\"url\":\"https:\/\/ironsky.pl\/sklep\/wp-content\/uploads\/2026\/04\/42868_1.webp\",\"contentUrl\":\"https:\/\/ironsky.pl\/sklep\/wp-content\/uploads\/2026\/04\/42868_1.webp\",\"width\":800,\"height\":800},{\"@type\":\"BreadcrumbList\",\"@id\":\"https:\/\/ironsky.pl\/sklep\/produkt\/walizka-sunnylife-aqx-14-dji-avata-2\/#breadcrumb\",\"itemListElement\":[{\"@type\":\"ListItem\",\"position\":1,\"name\":\"Strona g\u0142\u00f3wna\",\"item\":\"https:\/\/ironsky.pl\/sklep\/\"},{\"@type\":\"ListItem\",\"position\":2,\"name\":\"Wszystkie produkty\",\"item\":\"https:\/\/ironsky.pl\/sklep\/produkty\/\"},{\"@type\":\"ListItem\",\"position\":3,\"name\":\"Walizka SUNNYLIFE AQX-14 DJI Avata 2\"}]},{\"@type\":\"WebSite\",\"@id\":\"https:\/\/ironsky.pl\/sklep\/#website\",\"url\":\"https:\/\/ironsky.pl\/sklep\/\",\"name\":\"IRONSKY.PL Sklep z Dronami\",\"description\":\"IRONSKY.PL Sklep z Dronami\",\"potentialAction\":[{\"@type\":\"SearchAction\",\"target\":{\"@type\":\"EntryPoint\",\"urlTemplate\":\"https:\/\/ironsky.pl\/sklep\/?s={search_term_string}\"},\"query-input\":{\"@type\":\"PropertyValueSpecification\",\"valueRequired\":true,\"valueName\":\"search_term_string\"}}],\"inLanguage\":\"pl-PL\"}]}<\/script>\n<!-- \/ Yoast SEO plugin. -->","yoast_head_json":{"title":"Walizka SUNNYLIFE AQX-14 DJI Avata 2 - IRONSKY.PL Sklep z Dronami","description":"Walizka SUNNYLIFE AQX-14 DJI Avata 2 - \u2705 sklep z dronami i fachowym doradztwem. \u2705 Tutaj kupisz produkty DJI, Yuneec, Parrot, Syma i wiele innych, a tak\u017ce kursy i licencje na operatora drona.","robots":{"index":"index","follow":"follow","max-snippet":"max-snippet:-1","max-image-preview":"max-image-preview:large","max-video-preview":"max-video-preview:-1"},"canonical":"https:\/\/ironsky.pl\/sklep\/produkt\/walizka-sunnylife-aqx-14-dji-avata-2\/","og_locale":"pl_PL","og_type":"article","og_title":"Walizka SUNNYLIFE AQX-14 DJI Avata 2 - IRONSKY.PL Sklep z Dronami","og_description":"Walizka SUNNYLIFE AQX-14 DJI Avata 2 - \u2705 sklep z dronami i fachowym doradztwem. \u2705 Tutaj kupisz produkty DJI, Yuneec, Parrot, Syma i wiele innych, a tak\u017ce kursy i licencje na operatora drona.","og_url":"https:\/\/ironsky.pl\/sklep\/produkt\/walizka-sunnylife-aqx-14-dji-avata-2\/","og_site_name":"IRONSKY.PL Sklep z Dronami","article_modified_time":"2026-04-15T08:38:54+00:00","og_image":[{"width":800,"height":800,"url":"https:\/\/ironsky.pl\/sklep\/wp-content\/uploads\/2026\/04\/42868_1.webp","type":"image\/webp"}],"twitter_card":"summary_large_image","twitter_misc":{"Szacowany czas czytania":"1 minuta"},"schema":{"@context":"https:\/\/schema.org","@graph":[{"@type":"WebPage","@id":"https:\/\/ironsky.pl\/sklep\/produkt\/walizka-sunnylife-aqx-14-dji-avata-2\/","url":"https:\/\/ironsky.pl\/sklep\/produkt\/walizka-sunnylife-aqx-14-dji-avata-2\/","name":"Walizka SUNNYLIFE AQX-14 DJI Avata 2 - IRONSKY.PL Sklep z Dronami","isPartOf":{"@id":"https:\/\/ironsky.pl\/sklep\/#website"},"primaryImageOfPage":{"@id":"https:\/\/ironsky.pl\/sklep\/produkt\/walizka-sunnylife-aqx-14-dji-avata-2\/#primaryimage"},"image":{"@id":"https:\/\/ironsky.pl\/sklep\/produkt\/walizka-sunnylife-aqx-14-dji-avata-2\/#primaryimage"},"thumbnailUrl":"https:\/\/ironsky.pl\/sklep\/wp-content\/uploads\/2026\/04\/42868_1.webp","datePublished":"2026-04-15T08:38:19+00:00","dateModified":"2026-04-15T08:38:54+00:00","description":"Walizka SUNNYLIFE AQX-14 DJI Avata 2 - \u2705 sklep z dronami i fachowym doradztwem. \u2705 Tutaj kupisz produkty DJI, Yuneec, Parrot, Syma i wiele innych, a tak\u017ce kursy i licencje na operatora drona.","breadcrumb":{"@id":"https:\/\/ironsky.pl\/sklep\/produkt\/walizka-sunnylife-aqx-14-dji-avata-2\/#breadcrumb"},"inLanguage":"pl-PL","potentialAction":[{"@type":"ReadAction","target":["https:\/\/ironsky.pl\/sklep\/produkt\/walizka-sunnylife-aqx-14-dji-avata-2\/"]}]},{"@type":"ImageObject","inLanguage":"pl-PL","@id":"https:\/\/ironsky.pl\/sklep\/produkt\/walizka-sunnylife-aqx-14-dji-avata-2\/#primaryimage","url":"https:\/\/ironsky.pl\/sklep\/wp-content\/uploads\/2026\/04\/42868_1.webp","contentUrl":"https:\/\/ironsky.pl\/sklep\/wp-content\/uploads\/2026\/04\/42868_1.webp","width":800,"height":800},{"@type":"BreadcrumbList","@id":"https:\/\/ironsky.pl\/sklep\/produkt\/walizka-sunnylife-aqx-14-dji-avata-2\/#breadcrumb","itemListElement":[{"@type":"ListItem","position":1,"name":"Strona g\u0142\u00f3wna","item":"https:\/\/ironsky.pl\/sklep\/"},{"@type":"ListItem","position":2,"name":"Wszystkie produkty","item":"https:\/\/ironsky.pl\/sklep\/produkty\/"},{"@type":"ListItem","position":3,"name":"Walizka SUNNYLIFE AQX-14 DJI Avata 2"}]},{"@type":"WebSite","@id":"https:\/\/ironsky.pl\/sklep\/#website","url":"https:\/\/ironsky.pl\/sklep\/","name":"IRONSKY.PL Sklep z Dronami","description":"IRONSKY.PL Sklep z Dronami","potentialAction":[{"@type":"SearchAction","target":{"@type":"EntryPoint","urlTemplate":"https:\/\/ironsky.pl\/sklep\/?s={search_term_string}"},"query-input":{"@type":"PropertyValueSpecification","valueRequired":true,"valueName":"search_term_string"}}],"inLanguage":"pl-PL"}]}},"_links":{"self":[{"href":"https:\/\/ironsky.pl\/sklep\/wp-json\/wp\/v2\/product\/58633","targetHints":{"allow":["GET"]}}],"collection":[{"href":"https:\/\/ironsky.pl\/sklep\/wp-json\/wp\/v2\/product"}],"about":[{"href":"https:\/\/ironsky.pl\/sklep\/wp-json\/wp\/v2\/types\/product"}],"replies":[{"embeddable":true,"href":"https:\/\/ironsky.pl\/sklep\/wp-json\/wp\/v2\/comments?post=58633"}],"wp:featuredmedia":[{"embeddable":true,"href":"https:\/\/ironsky.pl\/sklep\/wp-json\/wp\/v2\/media\/58634"}],"wp:attachment":[{"href":"https:\/\/ironsky.pl\/sklep\/wp-json\/wp\/v2\/media?parent=58633"}],"wp:term":[{"taxonomy":"product_brand","embeddable":true,"href":"https:\/\/ironsky.pl\/sklep\/wp-json\/wp\/v2\/product_brand?post=58633"},{"taxonomy":"product_cat","embeddable":true,"href":"https:\/\/ironsky.pl\/sklep\/wp-json\/wp\/v2\/product_cat?post=58633"},{"taxonomy":"product_tag","embeddable":true,"href":"https:\/\/ironsky.pl\/sklep\/wp-json\/wp\/v2\/product_tag?post=58633"}],"curies":[{"name":"wp","href":"https:\/\/api.w.org\/{rel}","templated":true}]}}