{"id":58630,"date":"2026-04-15T10:38:19","date_gmt":"2026-04-15T08:38:19","guid":{"rendered":"https:\/\/ironsky.pl\/sklep\/produkt\/etui-sunnylife-do-insta360-x4-i-akcesoriow-2\/"},"modified":"2026-04-15T10:38:53","modified_gmt":"2026-04-15T08:38:53","slug":"etui-sunnylife-do-insta360-x4-i-akcesoriow-2","status":"publish","type":"product","link":"https:\/\/ironsky.pl\/sklep\/produkt\/etui-sunnylife-do-insta360-x4-i-akcesoriow-2\/","title":{"rendered":"Etui SUNNYLIFE do Insta360 X4 i akcesori\u00f3w"},"content":{"rendered":"<h3>Etui Sunnylife do Insta360 X4 i akcesori\u00f3w<\/h3>\n<p>U\u0142atw sobie transport swojej kamery Insta360 X4 wraz z akcesoriami. Praktyczne etui marki Sunnylife pozwoli Ci na wygodne przenoszenie niezb\u0119dnego sprz\u0119tu \u2013 dzi\u0119ki specjalnym przegr\u00f3dkom ka\u017cdy element b\u0119dzie mia\u0142 swoje miejsce. Do dyspozycji masz tak\u017ce du\u017c\u0105 kiesze\u0144 zapinan\u0105 na zamek. Produkt zosta\u0142 wykonany z wysokiej jako\u015bci materia\u0142\u00f3w, jest wi\u0119c bardzo wytrzyma\u0142y, a jednocze\u015bnie zapewni Twoim urz\u0105dzeniom bezpiecze\u0144stwo.<\/p>\n<p>\n<img decoding=\"async\" src=\"https:\/\/assets.innpro.pl\/5903\/6934\/1.jpg\" border=\"0\" alt=\"\" \/>\n<\/p>\n<h3>Bezpieczne przechowywanie i transport<\/h3>\n<p>Etui X4-B816 pomie\u015bci nie tylko kamer\u0119 Insta360 X4, ale te\u017c liczne akcesoria, takie jak selfie stick, akumulatory czy hub do \u0142adowania. Specjalnie zaprojektowane przegr\u00f3dki sprawiaj\u0105, \u017ce ka\u017cdy element stabilnie pozostanie na swoim miejscu \u2013 dzi\u0119ki temu z \u0142atwo\u015bci\u0105 zachowasz porz\u0105dek i ochronisz sw\u00f3j sprz\u0119t przed uszkodzeniami.<\/p>\n<p>\n<img decoding=\"async\" src=\"https:\/\/assets.innpro.pl\/5903\/6934\/2.jpg\" border=\"0\" alt=\"\" \/>\n<\/p>\n<h3>Dodatkowa kiesze\u0144 na drobne akcesoria<\/h3>\n<p>Wewn\u0105trz torby znajduje si\u0119 du\u017ca kiesze\u0144 zapinana na zamek, kt\u00f3ra umo\u017cliwia przechowywanie drobnych akcesori\u00f3w, takich jak kable, karty pami\u0119ci czy filtry. Dzi\u0119ki temu wszystko, co mo\u017ce Ci si\u0119 przyda\u0107, b\u0119dziesz mie\u0107 zawsze pod r\u0119k\u0105! Nie obawiaj si\u0119, \u017ce zgubisz sw\u00f3j sprz\u0119t lub narazisz go na uszkodzenie.<\/p>\n<p>\n<img decoding=\"async\" src=\"https:\/\/assets.innpro.pl\/5903\/6934\/5.jpg\" border=\"0\" alt=\"\" \/>\n<\/p>\n<h3>W trosce o Twoj\u0105 wygod\u0119<\/h3>\n<p>Wysokiej jako\u015bci zamki b\u0142yskawiczne dzia\u0142aj\u0105 p\u0142ynnie i niezawodnie, zapewniaj\u0105c \u0142atwy dost\u0119p do zawarto\u015bci etui. Teraz w mgnieniu oka wyjmiesz potrzebny sprz\u0119t i zajmiesz si\u0119 nagrywaniem! Ju\u017c nie musisz si\u0119 martwi\u0107, \u017ce stracisz okazj\u0119 do wykonania idealnego uj\u0119cia. Co wi\u0119cej, wygodny uchwyt \u015bwietnie le\u017cy w d\u0142oni i umo\u017cliwia \u0142atwe przenoszenie etui.<\/p>\n<p>\n<img decoding=\"async\" src=\"https:\/\/assets.innpro.pl\/5903\/6934\/3.jpg\" border=\"0\" alt=\"\" \/>\n<\/p>\n<div class=\"table-wrapper\">\n<p>\u00a0<\/p>\n<h3><\/h3>\n<table>\n<tbody>\n<tr>\n<th>Producent<\/th>\n<td>Sunnylife<\/td>\n<\/tr>\n<tr>\n<th>Model<\/th>\n<td>X4-B816<\/td>\n<\/tr>\n<tr>\n<th>Materia\u0142<\/th>\n<td>Tkanina + flanela<\/td>\n<\/tr>\n<tr>\n<th>Waga<\/th>\n<td>432 g<\/td>\n<\/tr>\n<tr>\n<th>Wymiary<\/th>\n<td>324 x 191 x 67 mm<\/td>\n<\/tr>\n<tr>\n<th>Kompatybilno\u015b\u0107<\/th>\n<td>Insta360 X4<\/td>\n<\/tr>\n<\/tbody>\n<\/table>\n<\/div>\n","protected":false},"excerpt":{"rendered":"<p>Etui Sunnylife do Insta360 X4 i akcesori\u00f3w U\u0142atw sobie transport swojej kamery Insta360 X4 wraz z akcesoriami. Praktyczne etui marki<\/p>\n","protected":false},"featured_media":58631,"comment_status":"closed","ping_status":"open","template":"","meta":{"_acf_changed":false},"product_brand":[],"product_cat":[1130,1137,1128],"product_tag":[],"class_list":{"0":"post-58630","1":"product","2":"type-product","3":"status-publish","4":"has-post-thumbnail","6":"product_cat-akcesoria-foto","7":"product_cat-do-kamer-sportowych","8":"product_cat-foto-wideo","9":"pa_okres-gwarancji-5754","10":"pa_producent-sunnylife","12":"first","13":"outofstock","14":"taxable","15":"shipping-taxable","16":"purchasable","17":"product-type-simple"},"acf":[],"yoast_head":"<!-- This site is optimized with the Yoast SEO plugin v27.2 - https:\/\/yoast.com\/product\/yoast-seo-wordpress\/ -->\n<title>Etui SUNNYLIFE do Insta360 X4 i akcesori\u00f3w - IRONSKY.PL Sklep z Dronami<\/title>\n<meta name=\"description\" content=\"Etui SUNNYLIFE do Insta360 X4 i akcesori\u00f3w - \u2705 sklep z dronami i fachowym doradztwem. \u2705 Tutaj kupisz produkty DJI, Yuneec, Parrot, Syma i wiele innych, a tak\u017ce kursy i licencje na operatora drona.\" \/>\n<meta name=\"robots\" content=\"index, follow, max-snippet:-1, max-image-preview:large, max-video-preview:-1\" \/>\n<link rel=\"canonical\" href=\"https:\/\/ironsky.pl\/sklep\/produkt\/etui-sunnylife-do-insta360-x4-i-akcesoriow-2\/\" \/>\n<meta property=\"og:locale\" content=\"pl_PL\" \/>\n<meta property=\"og:type\" content=\"article\" \/>\n<meta property=\"og:title\" content=\"Etui SUNNYLIFE do Insta360 X4 i akcesori\u00f3w - IRONSKY.PL Sklep z Dronami\" \/>\n<meta property=\"og:description\" content=\"Etui SUNNYLIFE do Insta360 X4 i akcesori\u00f3w - \u2705 sklep z dronami i fachowym doradztwem. \u2705 Tutaj kupisz produkty DJI, Yuneec, Parrot, Syma i wiele innych, a tak\u017ce kursy i licencje na operatora drona.\" \/>\n<meta property=\"og:url\" content=\"https:\/\/ironsky.pl\/sklep\/produkt\/etui-sunnylife-do-insta360-x4-i-akcesoriow-2\/\" \/>\n<meta property=\"og:site_name\" content=\"IRONSKY.PL Sklep z Dronami\" \/>\n<meta property=\"article:modified_time\" content=\"2026-04-15T08:38:53+00:00\" \/>\n<meta property=\"og:image\" content=\"https:\/\/ironsky.pl\/sklep\/wp-content\/uploads\/2026\/04\/42867_1.jpg\" \/>\n\t<meta property=\"og:image:width\" content=\"800\" \/>\n\t<meta property=\"og:image:height\" content=\"800\" \/>\n\t<meta property=\"og:image:type\" content=\"image\/jpeg\" \/>\n<meta name=\"twitter:card\" content=\"summary_large_image\" \/>\n<meta name=\"twitter:label1\" content=\"Szacowany czas czytania\" \/>\n\t<meta name=\"twitter:data1\" content=\"1 minuta\" \/>\n<script type=\"application\/ld+json\" class=\"yoast-schema-graph\">{\"@context\":\"https:\/\/schema.org\",\"@graph\":[{\"@type\":\"WebPage\",\"@id\":\"https:\/\/ironsky.pl\/sklep\/produkt\/etui-sunnylife-do-insta360-x4-i-akcesoriow-2\/\",\"url\":\"https:\/\/ironsky.pl\/sklep\/produkt\/etui-sunnylife-do-insta360-x4-i-akcesoriow-2\/\",\"name\":\"Etui SUNNYLIFE do Insta360 X4 i akcesori\u00f3w - IRONSKY.PL Sklep z Dronami\",\"isPartOf\":{\"@id\":\"https:\/\/ironsky.pl\/sklep\/#website\"},\"primaryImageOfPage\":{\"@id\":\"https:\/\/ironsky.pl\/sklep\/produkt\/etui-sunnylife-do-insta360-x4-i-akcesoriow-2\/#primaryimage\"},\"image\":{\"@id\":\"https:\/\/ironsky.pl\/sklep\/produkt\/etui-sunnylife-do-insta360-x4-i-akcesoriow-2\/#primaryimage\"},\"thumbnailUrl\":\"https:\/\/ironsky.pl\/sklep\/wp-content\/uploads\/2026\/04\/42867_1.jpg\",\"datePublished\":\"2026-04-15T08:38:19+00:00\",\"dateModified\":\"2026-04-15T08:38:53+00:00\",\"description\":\"Etui SUNNYLIFE do Insta360 X4 i akcesori\u00f3w - \u2705 sklep z dronami i fachowym doradztwem. \u2705 Tutaj kupisz produkty DJI, Yuneec, Parrot, Syma i wiele innych, a tak\u017ce kursy i licencje na operatora drona.\",\"breadcrumb\":{\"@id\":\"https:\/\/ironsky.pl\/sklep\/produkt\/etui-sunnylife-do-insta360-x4-i-akcesoriow-2\/#breadcrumb\"},\"inLanguage\":\"pl-PL\",\"potentialAction\":[{\"@type\":\"ReadAction\",\"target\":[\"https:\/\/ironsky.pl\/sklep\/produkt\/etui-sunnylife-do-insta360-x4-i-akcesoriow-2\/\"]}]},{\"@type\":\"ImageObject\",\"inLanguage\":\"pl-PL\",\"@id\":\"https:\/\/ironsky.pl\/sklep\/produkt\/etui-sunnylife-do-insta360-x4-i-akcesoriow-2\/#primaryimage\",\"url\":\"https:\/\/ironsky.pl\/sklep\/wp-content\/uploads\/2026\/04\/42867_1.jpg\",\"contentUrl\":\"https:\/\/ironsky.pl\/sklep\/wp-content\/uploads\/2026\/04\/42867_1.jpg\",\"width\":800,\"height\":800},{\"@type\":\"BreadcrumbList\",\"@id\":\"https:\/\/ironsky.pl\/sklep\/produkt\/etui-sunnylife-do-insta360-x4-i-akcesoriow-2\/#breadcrumb\",\"itemListElement\":[{\"@type\":\"ListItem\",\"position\":1,\"name\":\"Strona g\u0142\u00f3wna\",\"item\":\"https:\/\/ironsky.pl\/sklep\/\"},{\"@type\":\"ListItem\",\"position\":2,\"name\":\"Wszystkie produkty\",\"item\":\"https:\/\/ironsky.pl\/sklep\/produkty\/\"},{\"@type\":\"ListItem\",\"position\":3,\"name\":\"Etui SUNNYLIFE do Insta360 X4 i akcesori\u00f3w\"}]},{\"@type\":\"WebSite\",\"@id\":\"https:\/\/ironsky.pl\/sklep\/#website\",\"url\":\"https:\/\/ironsky.pl\/sklep\/\",\"name\":\"IRONSKY.PL Sklep z Dronami\",\"description\":\"IRONSKY.PL Sklep z Dronami\",\"potentialAction\":[{\"@type\":\"SearchAction\",\"target\":{\"@type\":\"EntryPoint\",\"urlTemplate\":\"https:\/\/ironsky.pl\/sklep\/?s={search_term_string}\"},\"query-input\":{\"@type\":\"PropertyValueSpecification\",\"valueRequired\":true,\"valueName\":\"search_term_string\"}}],\"inLanguage\":\"pl-PL\"}]}<\/script>\n<!-- \/ Yoast SEO plugin. -->","yoast_head_json":{"title":"Etui SUNNYLIFE do Insta360 X4 i akcesori\u00f3w - IRONSKY.PL Sklep z Dronami","description":"Etui SUNNYLIFE do Insta360 X4 i akcesori\u00f3w - \u2705 sklep z dronami i fachowym doradztwem. \u2705 Tutaj kupisz produkty DJI, Yuneec, Parrot, Syma i wiele innych, a tak\u017ce kursy i licencje na operatora drona.","robots":{"index":"index","follow":"follow","max-snippet":"max-snippet:-1","max-image-preview":"max-image-preview:large","max-video-preview":"max-video-preview:-1"},"canonical":"https:\/\/ironsky.pl\/sklep\/produkt\/etui-sunnylife-do-insta360-x4-i-akcesoriow-2\/","og_locale":"pl_PL","og_type":"article","og_title":"Etui SUNNYLIFE do Insta360 X4 i akcesori\u00f3w - IRONSKY.PL Sklep z Dronami","og_description":"Etui SUNNYLIFE do Insta360 X4 i akcesori\u00f3w - \u2705 sklep z dronami i fachowym doradztwem. \u2705 Tutaj kupisz produkty DJI, Yuneec, Parrot, Syma i wiele innych, a tak\u017ce kursy i licencje na operatora drona.","og_url":"https:\/\/ironsky.pl\/sklep\/produkt\/etui-sunnylife-do-insta360-x4-i-akcesoriow-2\/","og_site_name":"IRONSKY.PL Sklep z Dronami","article_modified_time":"2026-04-15T08:38:53+00:00","og_image":[{"width":800,"height":800,"url":"https:\/\/ironsky.pl\/sklep\/wp-content\/uploads\/2026\/04\/42867_1.jpg","type":"image\/jpeg"}],"twitter_card":"summary_large_image","twitter_misc":{"Szacowany czas czytania":"1 minuta"},"schema":{"@context":"https:\/\/schema.org","@graph":[{"@type":"WebPage","@id":"https:\/\/ironsky.pl\/sklep\/produkt\/etui-sunnylife-do-insta360-x4-i-akcesoriow-2\/","url":"https:\/\/ironsky.pl\/sklep\/produkt\/etui-sunnylife-do-insta360-x4-i-akcesoriow-2\/","name":"Etui SUNNYLIFE do Insta360 X4 i akcesori\u00f3w - IRONSKY.PL Sklep z Dronami","isPartOf":{"@id":"https:\/\/ironsky.pl\/sklep\/#website"},"primaryImageOfPage":{"@id":"https:\/\/ironsky.pl\/sklep\/produkt\/etui-sunnylife-do-insta360-x4-i-akcesoriow-2\/#primaryimage"},"image":{"@id":"https:\/\/ironsky.pl\/sklep\/produkt\/etui-sunnylife-do-insta360-x4-i-akcesoriow-2\/#primaryimage"},"thumbnailUrl":"https:\/\/ironsky.pl\/sklep\/wp-content\/uploads\/2026\/04\/42867_1.jpg","datePublished":"2026-04-15T08:38:19+00:00","dateModified":"2026-04-15T08:38:53+00:00","description":"Etui SUNNYLIFE do Insta360 X4 i akcesori\u00f3w - \u2705 sklep z dronami i fachowym doradztwem. \u2705 Tutaj kupisz produkty DJI, Yuneec, Parrot, Syma i wiele innych, a tak\u017ce kursy i licencje na operatora drona.","breadcrumb":{"@id":"https:\/\/ironsky.pl\/sklep\/produkt\/etui-sunnylife-do-insta360-x4-i-akcesoriow-2\/#breadcrumb"},"inLanguage":"pl-PL","potentialAction":[{"@type":"ReadAction","target":["https:\/\/ironsky.pl\/sklep\/produkt\/etui-sunnylife-do-insta360-x4-i-akcesoriow-2\/"]}]},{"@type":"ImageObject","inLanguage":"pl-PL","@id":"https:\/\/ironsky.pl\/sklep\/produkt\/etui-sunnylife-do-insta360-x4-i-akcesoriow-2\/#primaryimage","url":"https:\/\/ironsky.pl\/sklep\/wp-content\/uploads\/2026\/04\/42867_1.jpg","contentUrl":"https:\/\/ironsky.pl\/sklep\/wp-content\/uploads\/2026\/04\/42867_1.jpg","width":800,"height":800},{"@type":"BreadcrumbList","@id":"https:\/\/ironsky.pl\/sklep\/produkt\/etui-sunnylife-do-insta360-x4-i-akcesoriow-2\/#breadcrumb","itemListElement":[{"@type":"ListItem","position":1,"name":"Strona g\u0142\u00f3wna","item":"https:\/\/ironsky.pl\/sklep\/"},{"@type":"ListItem","position":2,"name":"Wszystkie produkty","item":"https:\/\/ironsky.pl\/sklep\/produkty\/"},{"@type":"ListItem","position":3,"name":"Etui SUNNYLIFE do Insta360 X4 i akcesori\u00f3w"}]},{"@type":"WebSite","@id":"https:\/\/ironsky.pl\/sklep\/#website","url":"https:\/\/ironsky.pl\/sklep\/","name":"IRONSKY.PL Sklep z Dronami","description":"IRONSKY.PL Sklep z Dronami","potentialAction":[{"@type":"SearchAction","target":{"@type":"EntryPoint","urlTemplate":"https:\/\/ironsky.pl\/sklep\/?s={search_term_string}"},"query-input":{"@type":"PropertyValueSpecification","valueRequired":true,"valueName":"search_term_string"}}],"inLanguage":"pl-PL"}]}},"_links":{"self":[{"href":"https:\/\/ironsky.pl\/sklep\/wp-json\/wp\/v2\/product\/58630","targetHints":{"allow":["GET"]}}],"collection":[{"href":"https:\/\/ironsky.pl\/sklep\/wp-json\/wp\/v2\/product"}],"about":[{"href":"https:\/\/ironsky.pl\/sklep\/wp-json\/wp\/v2\/types\/product"}],"replies":[{"embeddable":true,"href":"https:\/\/ironsky.pl\/sklep\/wp-json\/wp\/v2\/comments?post=58630"}],"wp:featuredmedia":[{"embeddable":true,"href":"https:\/\/ironsky.pl\/sklep\/wp-json\/wp\/v2\/media\/58631"}],"wp:attachment":[{"href":"https:\/\/ironsky.pl\/sklep\/wp-json\/wp\/v2\/media?parent=58630"}],"wp:term":[{"taxonomy":"product_brand","embeddable":true,"href":"https:\/\/ironsky.pl\/sklep\/wp-json\/wp\/v2\/product_brand?post=58630"},{"taxonomy":"product_cat","embeddable":true,"href":"https:\/\/ironsky.pl\/sklep\/wp-json\/wp\/v2\/product_cat?post=58630"},{"taxonomy":"product_tag","embeddable":true,"href":"https:\/\/ironsky.pl\/sklep\/wp-json\/wp\/v2\/product_tag?post=58630"}],"curies":[{"name":"wp","href":"https:\/\/api.w.org\/{rel}","templated":true}]}}