{"id":58627,"date":"2026-04-15T10:38:19","date_gmt":"2026-04-15T08:38:19","guid":{"rendered":"https:\/\/ironsky.pl\/sklep\/produkt\/etui-sunnylife-do-insta360-x4-x5\/"},"modified":"2026-04-15T10:38:51","modified_gmt":"2026-04-15T08:38:51","slug":"etui-sunnylife-do-insta360-x4-x5","status":"publish","type":"product","link":"https:\/\/ironsky.pl\/sklep\/produkt\/etui-sunnylife-do-insta360-x4-x5\/","title":{"rendered":"Etui SUNNYLIFE do Insta360 X4\/X5"},"content":{"rendered":"<h3>Etui Sunnylife do Insta360 X4 \/ X5<\/h3>\n<p>Szukasz sposobu na wygodny i bezpieczny transport swojej kamery Insta360 X4 lub X5? Wypr\u00f3buj dedykowane etui marki Sunnylife! Wykonane z wysokiej jako\u015bci materia\u0142\u00f3w \u2013 to idealne rozwi\u0105zanie dla os\u00f3b, kt\u00f3re chc\u0105 zadba\u0107 o ochron\u0119 swojego sprz\u0119tu, a jednocze\u015bnie cieszy\u0107 si\u0119 jego bezproblemowym przenoszeniem.<\/p>\n<p>\n<img decoding=\"async\" src=\"https:\/\/assets.innpro.pl\/5902\/6933\/5.jpg\" border=\"0\" alt=\"\" \/>\n<\/p>\n<h3>Wygodne przechowywanie i transport<\/h3>\n<p>Dzi\u0119ki specjalnie zaprojektowanej przegr\u00f3dce etui X4-B812 zmie\u015bci Twoj\u0105 kamer\u0119 Insta360 X4 lub X5 oraz dodatkowe drobiazgi, takie jak kable, karty pami\u0119ci czy inne akcesoria. To daje Ci pewno\u015b\u0107, \u017ce wszystko, czego potrzebujesz, jest zawsze pod r\u0119k\u0105! Nie musisz te\u017c obawia\u0107 si\u0119 zgubienia lub uszkodzenia swojego sprz\u0119tu.<\/p>\n<p>\n<img decoding=\"async\" src=\"https:\/\/assets.innpro.pl\/5902\/6933\/2.jpg\" border=\"0\" alt=\"\" \/>\n<\/p>\n<h3>Starannie przemy\u015blana konstrukcja<\/h3>\n<p>Torba jest niewielka i lekka, dzi\u0119ki czemu jej transport i przechowywanie nie sprawi\u0105 Ci \u017cadnego problemu. Wyr\u00f3\u017cnia j\u0105 tak\u017ce solidna konstrukcja i mi\u0119kka wy\u015bci\u00f3\u0142ka, kt\u00f3ra chroni ekran umieszczonej wewn\u0105trz kamery przed zarysowaniem. Ponadto wysokiej jako\u015bci zamek b\u0142yskawiczny zapewnia szybki i \u0142atwy dost\u0119p do niezb\u0119dnego sprz\u0119tu.<\/p>\n<p>\n<img decoding=\"async\" src=\"https:\/\/assets.innpro.pl\/5902\/6933\/1.jpg\" border=\"0\" alt=\"\" \/>\n<\/p>\n<div class=\"table-wrapper\">\n<p>\u00a0<\/p>\n<h3><\/h3>\n<table>\n<tbody>\n<tr>\n<th>Producent<\/th>\n<td>Sunnylife<\/td>\n<\/tr>\n<tr>\n<th>Model<\/th>\n<td>X4-B812<\/td>\n<\/tr>\n<tr>\n<th>Materia\u0142<\/th>\n<td>Tkanina + flanela<\/td>\n<\/tr>\n<tr>\n<th>Waga<\/th>\n<td>129 g<\/td>\n<\/tr>\n<tr>\n<th>Wymiary<\/th>\n<td>168 x 90 x 70 mm<\/td>\n<\/tr>\n<tr>\n<th>Kompatybilno\u015b\u0107<\/th>\n<td>Insta360 X4\/X5<\/td>\n<\/tr>\n<\/tbody>\n<\/table>\n<\/div>\n","protected":false},"excerpt":{"rendered":"<p>Etui Sunnylife do Insta360 X4 \/ X5 Szukasz sposobu na wygodny i bezpieczny transport swojej kamery Insta360 X4 lub X5?<\/p>\n","protected":false},"featured_media":58628,"comment_status":"closed","ping_status":"open","template":"","meta":{"_acf_changed":false},"product_brand":[],"product_cat":[1130,1137,1128],"product_tag":[],"class_list":{"0":"post-58627","1":"product","2":"type-product","3":"status-publish","4":"has-post-thumbnail","6":"product_cat-akcesoria-foto","7":"product_cat-do-kamer-sportowych","8":"product_cat-foto-wideo","9":"pa_okres-gwarancji-5754","10":"pa_producent-sunnylife","12":"first","13":"outofstock","14":"taxable","15":"shipping-taxable","16":"purchasable","17":"product-type-simple"},"acf":[],"yoast_head":"<!-- This site is optimized with the Yoast SEO plugin v27.2 - https:\/\/yoast.com\/product\/yoast-seo-wordpress\/ -->\n<title>Etui SUNNYLIFE do Insta360 X4\/X5 - IRONSKY.PL Sklep z Dronami<\/title>\n<meta name=\"description\" content=\"Etui SUNNYLIFE do Insta360 X4\/X5 - \u2705 sklep z dronami i fachowym doradztwem. \u2705 Tutaj kupisz produkty DJI, Yuneec, Parrot, Syma i wiele innych, a tak\u017ce kursy i licencje na operatora drona.\" \/>\n<meta name=\"robots\" content=\"index, follow, max-snippet:-1, max-image-preview:large, max-video-preview:-1\" \/>\n<link rel=\"canonical\" href=\"https:\/\/ironsky.pl\/sklep\/produkt\/etui-sunnylife-do-insta360-x4-x5\/\" \/>\n<meta property=\"og:locale\" content=\"pl_PL\" \/>\n<meta property=\"og:type\" content=\"article\" \/>\n<meta property=\"og:title\" content=\"Etui SUNNYLIFE do Insta360 X4\/X5 - IRONSKY.PL Sklep z Dronami\" \/>\n<meta property=\"og:description\" content=\"Etui SUNNYLIFE do Insta360 X4\/X5 - \u2705 sklep z dronami i fachowym doradztwem. \u2705 Tutaj kupisz produkty DJI, Yuneec, Parrot, Syma i wiele innych, a tak\u017ce kursy i licencje na operatora drona.\" \/>\n<meta property=\"og:url\" content=\"https:\/\/ironsky.pl\/sklep\/produkt\/etui-sunnylife-do-insta360-x4-x5\/\" \/>\n<meta property=\"og:site_name\" content=\"IRONSKY.PL Sklep z Dronami\" \/>\n<meta property=\"article:modified_time\" content=\"2026-04-15T08:38:51+00:00\" \/>\n<meta property=\"og:image\" content=\"https:\/\/ironsky.pl\/sklep\/wp-content\/uploads\/2026\/04\/42866_2.jpg\" \/>\n\t<meta property=\"og:image:width\" content=\"800\" \/>\n\t<meta property=\"og:image:height\" content=\"800\" \/>\n\t<meta property=\"og:image:type\" content=\"image\/jpeg\" \/>\n<meta name=\"twitter:card\" content=\"summary_large_image\" \/>\n<meta name=\"twitter:label1\" content=\"Szacowany czas czytania\" \/>\n\t<meta name=\"twitter:data1\" content=\"1 minuta\" \/>\n<script type=\"application\/ld+json\" class=\"yoast-schema-graph\">{\"@context\":\"https:\/\/schema.org\",\"@graph\":[{\"@type\":\"WebPage\",\"@id\":\"https:\/\/ironsky.pl\/sklep\/produkt\/etui-sunnylife-do-insta360-x4-x5\/\",\"url\":\"https:\/\/ironsky.pl\/sklep\/produkt\/etui-sunnylife-do-insta360-x4-x5\/\",\"name\":\"Etui SUNNYLIFE do Insta360 X4\/X5 - IRONSKY.PL Sklep z Dronami\",\"isPartOf\":{\"@id\":\"https:\/\/ironsky.pl\/sklep\/#website\"},\"primaryImageOfPage\":{\"@id\":\"https:\/\/ironsky.pl\/sklep\/produkt\/etui-sunnylife-do-insta360-x4-x5\/#primaryimage\"},\"image\":{\"@id\":\"https:\/\/ironsky.pl\/sklep\/produkt\/etui-sunnylife-do-insta360-x4-x5\/#primaryimage\"},\"thumbnailUrl\":\"https:\/\/ironsky.pl\/sklep\/wp-content\/uploads\/2026\/04\/42866_2.jpg\",\"datePublished\":\"2026-04-15T08:38:19+00:00\",\"dateModified\":\"2026-04-15T08:38:51+00:00\",\"description\":\"Etui SUNNYLIFE do Insta360 X4\/X5 - \u2705 sklep z dronami i fachowym doradztwem. \u2705 Tutaj kupisz produkty DJI, Yuneec, Parrot, Syma i wiele innych, a tak\u017ce kursy i licencje na operatora drona.\",\"breadcrumb\":{\"@id\":\"https:\/\/ironsky.pl\/sklep\/produkt\/etui-sunnylife-do-insta360-x4-x5\/#breadcrumb\"},\"inLanguage\":\"pl-PL\",\"potentialAction\":[{\"@type\":\"ReadAction\",\"target\":[\"https:\/\/ironsky.pl\/sklep\/produkt\/etui-sunnylife-do-insta360-x4-x5\/\"]}]},{\"@type\":\"ImageObject\",\"inLanguage\":\"pl-PL\",\"@id\":\"https:\/\/ironsky.pl\/sklep\/produkt\/etui-sunnylife-do-insta360-x4-x5\/#primaryimage\",\"url\":\"https:\/\/ironsky.pl\/sklep\/wp-content\/uploads\/2026\/04\/42866_2.jpg\",\"contentUrl\":\"https:\/\/ironsky.pl\/sklep\/wp-content\/uploads\/2026\/04\/42866_2.jpg\",\"width\":800,\"height\":800},{\"@type\":\"BreadcrumbList\",\"@id\":\"https:\/\/ironsky.pl\/sklep\/produkt\/etui-sunnylife-do-insta360-x4-x5\/#breadcrumb\",\"itemListElement\":[{\"@type\":\"ListItem\",\"position\":1,\"name\":\"Strona g\u0142\u00f3wna\",\"item\":\"https:\/\/ironsky.pl\/sklep\/\"},{\"@type\":\"ListItem\",\"position\":2,\"name\":\"Wszystkie produkty\",\"item\":\"https:\/\/ironsky.pl\/sklep\/produkty\/\"},{\"@type\":\"ListItem\",\"position\":3,\"name\":\"Etui SUNNYLIFE do Insta360 X4\/X5\"}]},{\"@type\":\"WebSite\",\"@id\":\"https:\/\/ironsky.pl\/sklep\/#website\",\"url\":\"https:\/\/ironsky.pl\/sklep\/\",\"name\":\"IRONSKY.PL Sklep z Dronami\",\"description\":\"IRONSKY.PL Sklep z Dronami\",\"potentialAction\":[{\"@type\":\"SearchAction\",\"target\":{\"@type\":\"EntryPoint\",\"urlTemplate\":\"https:\/\/ironsky.pl\/sklep\/?s={search_term_string}\"},\"query-input\":{\"@type\":\"PropertyValueSpecification\",\"valueRequired\":true,\"valueName\":\"search_term_string\"}}],\"inLanguage\":\"pl-PL\"}]}<\/script>\n<!-- \/ Yoast SEO plugin. -->","yoast_head_json":{"title":"Etui SUNNYLIFE do Insta360 X4\/X5 - IRONSKY.PL Sklep z Dronami","description":"Etui SUNNYLIFE do Insta360 X4\/X5 - \u2705 sklep z dronami i fachowym doradztwem. \u2705 Tutaj kupisz produkty DJI, Yuneec, Parrot, Syma i wiele innych, a tak\u017ce kursy i licencje na operatora drona.","robots":{"index":"index","follow":"follow","max-snippet":"max-snippet:-1","max-image-preview":"max-image-preview:large","max-video-preview":"max-video-preview:-1"},"canonical":"https:\/\/ironsky.pl\/sklep\/produkt\/etui-sunnylife-do-insta360-x4-x5\/","og_locale":"pl_PL","og_type":"article","og_title":"Etui SUNNYLIFE do Insta360 X4\/X5 - IRONSKY.PL Sklep z Dronami","og_description":"Etui SUNNYLIFE do Insta360 X4\/X5 - \u2705 sklep z dronami i fachowym doradztwem. \u2705 Tutaj kupisz produkty DJI, Yuneec, Parrot, Syma i wiele innych, a tak\u017ce kursy i licencje na operatora drona.","og_url":"https:\/\/ironsky.pl\/sklep\/produkt\/etui-sunnylife-do-insta360-x4-x5\/","og_site_name":"IRONSKY.PL Sklep z Dronami","article_modified_time":"2026-04-15T08:38:51+00:00","og_image":[{"width":800,"height":800,"url":"https:\/\/ironsky.pl\/sklep\/wp-content\/uploads\/2026\/04\/42866_2.jpg","type":"image\/jpeg"}],"twitter_card":"summary_large_image","twitter_misc":{"Szacowany czas czytania":"1 minuta"},"schema":{"@context":"https:\/\/schema.org","@graph":[{"@type":"WebPage","@id":"https:\/\/ironsky.pl\/sklep\/produkt\/etui-sunnylife-do-insta360-x4-x5\/","url":"https:\/\/ironsky.pl\/sklep\/produkt\/etui-sunnylife-do-insta360-x4-x5\/","name":"Etui SUNNYLIFE do Insta360 X4\/X5 - IRONSKY.PL Sklep z Dronami","isPartOf":{"@id":"https:\/\/ironsky.pl\/sklep\/#website"},"primaryImageOfPage":{"@id":"https:\/\/ironsky.pl\/sklep\/produkt\/etui-sunnylife-do-insta360-x4-x5\/#primaryimage"},"image":{"@id":"https:\/\/ironsky.pl\/sklep\/produkt\/etui-sunnylife-do-insta360-x4-x5\/#primaryimage"},"thumbnailUrl":"https:\/\/ironsky.pl\/sklep\/wp-content\/uploads\/2026\/04\/42866_2.jpg","datePublished":"2026-04-15T08:38:19+00:00","dateModified":"2026-04-15T08:38:51+00:00","description":"Etui SUNNYLIFE do Insta360 X4\/X5 - \u2705 sklep z dronami i fachowym doradztwem. \u2705 Tutaj kupisz produkty DJI, Yuneec, Parrot, Syma i wiele innych, a tak\u017ce kursy i licencje na operatora drona.","breadcrumb":{"@id":"https:\/\/ironsky.pl\/sklep\/produkt\/etui-sunnylife-do-insta360-x4-x5\/#breadcrumb"},"inLanguage":"pl-PL","potentialAction":[{"@type":"ReadAction","target":["https:\/\/ironsky.pl\/sklep\/produkt\/etui-sunnylife-do-insta360-x4-x5\/"]}]},{"@type":"ImageObject","inLanguage":"pl-PL","@id":"https:\/\/ironsky.pl\/sklep\/produkt\/etui-sunnylife-do-insta360-x4-x5\/#primaryimage","url":"https:\/\/ironsky.pl\/sklep\/wp-content\/uploads\/2026\/04\/42866_2.jpg","contentUrl":"https:\/\/ironsky.pl\/sklep\/wp-content\/uploads\/2026\/04\/42866_2.jpg","width":800,"height":800},{"@type":"BreadcrumbList","@id":"https:\/\/ironsky.pl\/sklep\/produkt\/etui-sunnylife-do-insta360-x4-x5\/#breadcrumb","itemListElement":[{"@type":"ListItem","position":1,"name":"Strona g\u0142\u00f3wna","item":"https:\/\/ironsky.pl\/sklep\/"},{"@type":"ListItem","position":2,"name":"Wszystkie produkty","item":"https:\/\/ironsky.pl\/sklep\/produkty\/"},{"@type":"ListItem","position":3,"name":"Etui SUNNYLIFE do Insta360 X4\/X5"}]},{"@type":"WebSite","@id":"https:\/\/ironsky.pl\/sklep\/#website","url":"https:\/\/ironsky.pl\/sklep\/","name":"IRONSKY.PL Sklep z Dronami","description":"IRONSKY.PL Sklep z Dronami","potentialAction":[{"@type":"SearchAction","target":{"@type":"EntryPoint","urlTemplate":"https:\/\/ironsky.pl\/sklep\/?s={search_term_string}"},"query-input":{"@type":"PropertyValueSpecification","valueRequired":true,"valueName":"search_term_string"}}],"inLanguage":"pl-PL"}]}},"_links":{"self":[{"href":"https:\/\/ironsky.pl\/sklep\/wp-json\/wp\/v2\/product\/58627","targetHints":{"allow":["GET"]}}],"collection":[{"href":"https:\/\/ironsky.pl\/sklep\/wp-json\/wp\/v2\/product"}],"about":[{"href":"https:\/\/ironsky.pl\/sklep\/wp-json\/wp\/v2\/types\/product"}],"replies":[{"embeddable":true,"href":"https:\/\/ironsky.pl\/sklep\/wp-json\/wp\/v2\/comments?post=58627"}],"wp:featuredmedia":[{"embeddable":true,"href":"https:\/\/ironsky.pl\/sklep\/wp-json\/wp\/v2\/media\/58628"}],"wp:attachment":[{"href":"https:\/\/ironsky.pl\/sklep\/wp-json\/wp\/v2\/media?parent=58627"}],"wp:term":[{"taxonomy":"product_brand","embeddable":true,"href":"https:\/\/ironsky.pl\/sklep\/wp-json\/wp\/v2\/product_brand?post=58627"},{"taxonomy":"product_cat","embeddable":true,"href":"https:\/\/ironsky.pl\/sklep\/wp-json\/wp\/v2\/product_cat?post=58627"},{"taxonomy":"product_tag","embeddable":true,"href":"https:\/\/ironsky.pl\/sklep\/wp-json\/wp\/v2\/product_tag?post=58627"}],"curies":[{"name":"wp","href":"https:\/\/api.w.org\/{rel}","templated":true}]}}