{"id":58596,"date":"2026-04-15T10:38:19","date_gmt":"2026-04-15T08:38:19","guid":{"rendered":"https:\/\/ironsky.pl\/sklep\/produkt\/zestaw-filtrow-sunnylife-nd8-16-32-64-dji-avata-2\/"},"modified":"2026-04-15T10:38:33","modified_gmt":"2026-04-15T08:38:33","slug":"zestaw-filtrow-sunnylife-nd8-16-32-64-dji-avata-2","status":"publish","type":"product","link":"https:\/\/ironsky.pl\/sklep\/produkt\/zestaw-filtrow-sunnylife-nd8-16-32-64-dji-avata-2\/","title":{"rendered":"Zestaw filtr\u00f3w SUNNYLIFE ND8\/16\/32\/64 DJI Avata 2"},"content":{"rendered":"<h3>Zestaw 4 filtr\u00f3w ND 8\/16\/32\/64 Sunnylife do DJI Avata 2<\/h3>\n<p>Tw\u00f3rz fantastyczne uj\u0119cia z lotu ptaka nawet w niesprzyjaj\u0105cych warunkach o\u015bwietleniowych. Pomo\u017ce Ci w tym zestaw przeznaczonych dla drona DJI Avata 2 filtr\u00f3w ND (ND8\/16\/32\/64) marki Sunnylife! Dzi\u0119ki nim zapewnisz sobie wi\u0119ksz\u0105 elastyczno\u015b\u0107 w kontroli ekspozycji i bez trudu uzyskasz zachwycaj\u0105ce rezultaty. Wyr\u00f3\u017cnia je tak\u017ce wytrzyma\u0142a, a zarazem lekka konstrukcja. W sk\u0142ad zestawu wchodzi r\u00f3wnie\u017c praktyczne pude\u0142ko, kt\u00f3ry pozwoli Ci na wygodny transport i przechowywanie filtr\u00f3w.<\/p>\n<p>\n<img decoding=\"async\" src=\"https:\/\/assets.innpro.pl\/5872\/6897\/1.jpg\" border=\"0\" \/>\n<\/p>\n<h3>Dopracowane w ka\u017cdym szczeg\u00f3le<\/h3>\n<p>Filtry Sunnylife s\u0105 wyj\u0105tkowo lekkie \u2013 ka\u017cdy z nich wa\u017cy tylko oko\u0142o 0,7 g. Nie b\u0119d\u0105 wi\u0119c nadmiernie obci\u0105\u017ca\u0107 drona ani wp\u0142ywa\u0107 na stabilno\u015b\u0107 jego lotu! Wykonane ze szk\u0142a optycznego i PC \u2013 s\u0105 nie tylko trwa\u0142e, ale te\u017c zapewniaj\u0105 doskona\u0142\u0105 jako\u015b\u0107 obrazu. Wielowarstwowa pow\u0142oka gwarantuje \u015bwietn\u0105 przepuszczalno\u015b\u0107 \u015bwiat\u0142a, a jednocze\u015bnie chroni powierzchni\u0119 filtr\u00f3w przed wod\u0105, t\u0142ustymi plamami i zarysowaniem. Co wi\u0119cej, akcesoria nie przeszkadzaj\u0105 w korzystaniu z oryginalnej os\u0142ony gimbala drona, a ich instalacja jest niezwykle prosta i szybka.<\/p>\n<p>\n<img decoding=\"async\" src=\"https:\/\/assets.innpro.pl\/5872\/6897\/2.jpg\" border=\"0\" \/>\n<\/p>\n<h3>Tw\u00f3rz jeszcze pi\u0119kniejsze uj\u0119cia<\/h3>\n<p>Niesprzyjaj\u0105ce warunki o\u015bwietleniowe ju\u017c nie b\u0119d\u0105 stanowi\u0107 dla Ciebie \u017cadnej przeszkody. Filtry ND pozwol\u0105 Ci lepiej kontrolowa\u0107 ekspozycj\u0119, zmniejszaj\u0105c ilo\u015b\u0107 \u015bwiat\u0142a docieraj\u0105cego do matrycy kamery. Dzi\u0119ki nim mo\u017cesz te\u017c poprawi\u0107 nasycenie barw \u2013 teraz Twoje uj\u0119cia b\u0119d\u0105 zachwyca\u0107 \u017cyw\u0105, wyrazist\u0105 kolorystyk\u0105! Za ich pomoc\u0105 uzyskasz r\u00f3wnie\u017c oryginalny efekt motion blur.<\/p>\n<p>\n<img decoding=\"async\" src=\"https:\/\/assets.innpro.pl\/5872\/6897\/3.jpg\" border=\"0\" \/>\n<\/p>\n<h3>W zestawie<\/h3>\n<ul class=\"list-disc pl-5\">\n<li>Filtr ND8<\/li>\n<li>Filtr ND16<\/li>\n<li>Filtr ND32<\/li>\n<li>Filtr ND64<\/li>\n<li>Pude\u0142ko do przechowywania filtr\u00f3w<\/li>\n<\/ul>\n<div class=\"table-wrapper\">\n<p>\u00a0<\/p>\n<h3><\/h3>\n<table>\n<tbody>\n<tr>\n<th>Producent<\/th>\n<td>Sunnylife<\/td>\n<\/tr>\n<tr>\n<th>Model<\/th>\n<td>AT2-FI793<\/td>\n<\/tr>\n<tr>\n<th>Materia\u0142<\/th>\n<td>PC + szk\u0142o optyczne<\/td>\n<\/tr>\n<tr>\n<th>Waga jednego filtra<\/th>\n<td>Ok. 0,7 g<\/td>\n<\/tr>\n<tr>\n<th>Wymiary pude\u0142ka<\/th>\n<td>72 x 72 x 17 mm<\/td>\n<\/tr>\n<tr>\n<th>Kompatybilno\u015b\u0107<\/th>\n<td>DJI Avata 2<\/td>\n<\/tr>\n<tr>\n<th>Rodzaje filtr\u00f3w w zestawie<\/th>\n<td>ND8, ND16, ND32, ND64<\/td>\n<\/tr>\n<\/tbody>\n<\/table>\n<\/div>\n","protected":false},"excerpt":{"rendered":"<p>Zestaw 4 filtr\u00f3w ND 8\/16\/32\/64 Sunnylife do DJI Avata 2 Tw\u00f3rz fantastyczne uj\u0119cia z lotu ptaka nawet w niesprzyjaj\u0105cych warunkach<\/p>\n","protected":false},"featured_media":58597,"comment_status":"closed","ping_status":"open","template":"","meta":{"_acf_changed":false},"product_brand":[],"product_cat":[6167,1088,6200],"product_tag":[],"class_list":{"0":"post-58596","1":"product","2":"type-product","3":"status-publish","4":"has-post-thumbnail","6":"product_cat-akcesoria-do-dronow","7":"product_cat-drony","8":"product_cat-filtry-do-dronow-akcesoria-do-dronow","9":"pa_okres-gwarancji-5754","10":"pa_producent-sunnylife","12":"first","13":"outofstock","14":"taxable","15":"shipping-taxable","16":"purchasable","17":"product-type-simple"},"acf":[],"yoast_head":"<!-- This site is optimized with the Yoast SEO plugin v27.2 - https:\/\/yoast.com\/product\/yoast-seo-wordpress\/ -->\n<title>Zestaw filtr\u00f3w SUNNYLIFE ND8\/16\/32\/64 DJI Avata 2 - IRONSKY.PL Sklep z Dronami<\/title>\n<meta name=\"description\" content=\"Zestaw filtr\u00f3w SUNNYLIFE ND8\/16\/32\/64 DJI Avata 2 - \u2705 sklep z dronami i fachowym doradztwem. \u2705 Tutaj kupisz produkty DJI, Yuneec, Parrot, Syma i wiele innych, a tak\u017ce kursy i licencje na operatora drona.\" \/>\n<meta name=\"robots\" content=\"index, follow, max-snippet:-1, max-image-preview:large, max-video-preview:-1\" \/>\n<link rel=\"canonical\" href=\"https:\/\/ironsky.pl\/sklep\/produkt\/zestaw-filtrow-sunnylife-nd8-16-32-64-dji-avata-2\/\" \/>\n<meta property=\"og:locale\" content=\"pl_PL\" \/>\n<meta property=\"og:type\" content=\"article\" \/>\n<meta property=\"og:title\" content=\"Zestaw filtr\u00f3w SUNNYLIFE ND8\/16\/32\/64 DJI Avata 2 - IRONSKY.PL Sklep z Dronami\" \/>\n<meta property=\"og:description\" content=\"Zestaw filtr\u00f3w SUNNYLIFE ND8\/16\/32\/64 DJI Avata 2 - \u2705 sklep z dronami i fachowym doradztwem. \u2705 Tutaj kupisz produkty DJI, Yuneec, Parrot, Syma i wiele innych, a tak\u017ce kursy i licencje na operatora drona.\" \/>\n<meta property=\"og:url\" content=\"https:\/\/ironsky.pl\/sklep\/produkt\/zestaw-filtrow-sunnylife-nd8-16-32-64-dji-avata-2\/\" \/>\n<meta property=\"og:site_name\" content=\"IRONSKY.PL Sklep z Dronami\" \/>\n<meta property=\"article:modified_time\" content=\"2026-04-15T08:38:33+00:00\" \/>\n<meta property=\"og:image\" content=\"https:\/\/ironsky.pl\/sklep\/wp-content\/uploads\/2026\/04\/42861_1.webp\" \/>\n\t<meta property=\"og:image:width\" content=\"800\" \/>\n\t<meta property=\"og:image:height\" content=\"800\" \/>\n\t<meta property=\"og:image:type\" content=\"image\/webp\" \/>\n<meta name=\"twitter:card\" content=\"summary_large_image\" \/>\n<meta name=\"twitter:label1\" content=\"Szacowany czas czytania\" \/>\n\t<meta name=\"twitter:data1\" content=\"1 minuta\" \/>\n<script type=\"application\/ld+json\" class=\"yoast-schema-graph\">{\"@context\":\"https:\/\/schema.org\",\"@graph\":[{\"@type\":\"WebPage\",\"@id\":\"https:\/\/ironsky.pl\/sklep\/produkt\/zestaw-filtrow-sunnylife-nd8-16-32-64-dji-avata-2\/\",\"url\":\"https:\/\/ironsky.pl\/sklep\/produkt\/zestaw-filtrow-sunnylife-nd8-16-32-64-dji-avata-2\/\",\"name\":\"Zestaw filtr\u00f3w SUNNYLIFE ND8\/16\/32\/64 DJI Avata 2 - IRONSKY.PL Sklep z Dronami\",\"isPartOf\":{\"@id\":\"https:\/\/ironsky.pl\/sklep\/#website\"},\"primaryImageOfPage\":{\"@id\":\"https:\/\/ironsky.pl\/sklep\/produkt\/zestaw-filtrow-sunnylife-nd8-16-32-64-dji-avata-2\/#primaryimage\"},\"image\":{\"@id\":\"https:\/\/ironsky.pl\/sklep\/produkt\/zestaw-filtrow-sunnylife-nd8-16-32-64-dji-avata-2\/#primaryimage\"},\"thumbnailUrl\":\"https:\/\/ironsky.pl\/sklep\/wp-content\/uploads\/2026\/04\/42861_1.webp\",\"datePublished\":\"2026-04-15T08:38:19+00:00\",\"dateModified\":\"2026-04-15T08:38:33+00:00\",\"description\":\"Zestaw filtr\u00f3w SUNNYLIFE ND8\/16\/32\/64 DJI Avata 2 - \u2705 sklep z dronami i fachowym doradztwem. \u2705 Tutaj kupisz produkty DJI, Yuneec, Parrot, Syma i wiele innych, a tak\u017ce kursy i licencje na operatora drona.\",\"breadcrumb\":{\"@id\":\"https:\/\/ironsky.pl\/sklep\/produkt\/zestaw-filtrow-sunnylife-nd8-16-32-64-dji-avata-2\/#breadcrumb\"},\"inLanguage\":\"pl-PL\",\"potentialAction\":[{\"@type\":\"ReadAction\",\"target\":[\"https:\/\/ironsky.pl\/sklep\/produkt\/zestaw-filtrow-sunnylife-nd8-16-32-64-dji-avata-2\/\"]}]},{\"@type\":\"ImageObject\",\"inLanguage\":\"pl-PL\",\"@id\":\"https:\/\/ironsky.pl\/sklep\/produkt\/zestaw-filtrow-sunnylife-nd8-16-32-64-dji-avata-2\/#primaryimage\",\"url\":\"https:\/\/ironsky.pl\/sklep\/wp-content\/uploads\/2026\/04\/42861_1.webp\",\"contentUrl\":\"https:\/\/ironsky.pl\/sklep\/wp-content\/uploads\/2026\/04\/42861_1.webp\",\"width\":800,\"height\":800},{\"@type\":\"BreadcrumbList\",\"@id\":\"https:\/\/ironsky.pl\/sklep\/produkt\/zestaw-filtrow-sunnylife-nd8-16-32-64-dji-avata-2\/#breadcrumb\",\"itemListElement\":[{\"@type\":\"ListItem\",\"position\":1,\"name\":\"Strona g\u0142\u00f3wna\",\"item\":\"https:\/\/ironsky.pl\/sklep\/\"},{\"@type\":\"ListItem\",\"position\":2,\"name\":\"Wszystkie produkty\",\"item\":\"https:\/\/ironsky.pl\/sklep\/produkty\/\"},{\"@type\":\"ListItem\",\"position\":3,\"name\":\"Zestaw filtr\u00f3w SUNNYLIFE ND8\/16\/32\/64 DJI Avata 2\"}]},{\"@type\":\"WebSite\",\"@id\":\"https:\/\/ironsky.pl\/sklep\/#website\",\"url\":\"https:\/\/ironsky.pl\/sklep\/\",\"name\":\"IRONSKY.PL Sklep z Dronami\",\"description\":\"IRONSKY.PL Sklep z Dronami\",\"potentialAction\":[{\"@type\":\"SearchAction\",\"target\":{\"@type\":\"EntryPoint\",\"urlTemplate\":\"https:\/\/ironsky.pl\/sklep\/?s={search_term_string}\"},\"query-input\":{\"@type\":\"PropertyValueSpecification\",\"valueRequired\":true,\"valueName\":\"search_term_string\"}}],\"inLanguage\":\"pl-PL\"}]}<\/script>\n<!-- \/ Yoast SEO plugin. -->","yoast_head_json":{"title":"Zestaw filtr\u00f3w SUNNYLIFE ND8\/16\/32\/64 DJI Avata 2 - IRONSKY.PL Sklep z Dronami","description":"Zestaw filtr\u00f3w SUNNYLIFE ND8\/16\/32\/64 DJI Avata 2 - \u2705 sklep z dronami i fachowym doradztwem. \u2705 Tutaj kupisz produkty DJI, Yuneec, Parrot, Syma i wiele innych, a tak\u017ce kursy i licencje na operatora drona.","robots":{"index":"index","follow":"follow","max-snippet":"max-snippet:-1","max-image-preview":"max-image-preview:large","max-video-preview":"max-video-preview:-1"},"canonical":"https:\/\/ironsky.pl\/sklep\/produkt\/zestaw-filtrow-sunnylife-nd8-16-32-64-dji-avata-2\/","og_locale":"pl_PL","og_type":"article","og_title":"Zestaw filtr\u00f3w SUNNYLIFE ND8\/16\/32\/64 DJI Avata 2 - IRONSKY.PL Sklep z Dronami","og_description":"Zestaw filtr\u00f3w SUNNYLIFE ND8\/16\/32\/64 DJI Avata 2 - \u2705 sklep z dronami i fachowym doradztwem. \u2705 Tutaj kupisz produkty DJI, Yuneec, Parrot, Syma i wiele innych, a tak\u017ce kursy i licencje na operatora drona.","og_url":"https:\/\/ironsky.pl\/sklep\/produkt\/zestaw-filtrow-sunnylife-nd8-16-32-64-dji-avata-2\/","og_site_name":"IRONSKY.PL Sklep z Dronami","article_modified_time":"2026-04-15T08:38:33+00:00","og_image":[{"width":800,"height":800,"url":"https:\/\/ironsky.pl\/sklep\/wp-content\/uploads\/2026\/04\/42861_1.webp","type":"image\/webp"}],"twitter_card":"summary_large_image","twitter_misc":{"Szacowany czas czytania":"1 minuta"},"schema":{"@context":"https:\/\/schema.org","@graph":[{"@type":"WebPage","@id":"https:\/\/ironsky.pl\/sklep\/produkt\/zestaw-filtrow-sunnylife-nd8-16-32-64-dji-avata-2\/","url":"https:\/\/ironsky.pl\/sklep\/produkt\/zestaw-filtrow-sunnylife-nd8-16-32-64-dji-avata-2\/","name":"Zestaw filtr\u00f3w SUNNYLIFE ND8\/16\/32\/64 DJI Avata 2 - IRONSKY.PL Sklep z Dronami","isPartOf":{"@id":"https:\/\/ironsky.pl\/sklep\/#website"},"primaryImageOfPage":{"@id":"https:\/\/ironsky.pl\/sklep\/produkt\/zestaw-filtrow-sunnylife-nd8-16-32-64-dji-avata-2\/#primaryimage"},"image":{"@id":"https:\/\/ironsky.pl\/sklep\/produkt\/zestaw-filtrow-sunnylife-nd8-16-32-64-dji-avata-2\/#primaryimage"},"thumbnailUrl":"https:\/\/ironsky.pl\/sklep\/wp-content\/uploads\/2026\/04\/42861_1.webp","datePublished":"2026-04-15T08:38:19+00:00","dateModified":"2026-04-15T08:38:33+00:00","description":"Zestaw filtr\u00f3w SUNNYLIFE ND8\/16\/32\/64 DJI Avata 2 - \u2705 sklep z dronami i fachowym doradztwem. \u2705 Tutaj kupisz produkty DJI, Yuneec, Parrot, Syma i wiele innych, a tak\u017ce kursy i licencje na operatora drona.","breadcrumb":{"@id":"https:\/\/ironsky.pl\/sklep\/produkt\/zestaw-filtrow-sunnylife-nd8-16-32-64-dji-avata-2\/#breadcrumb"},"inLanguage":"pl-PL","potentialAction":[{"@type":"ReadAction","target":["https:\/\/ironsky.pl\/sklep\/produkt\/zestaw-filtrow-sunnylife-nd8-16-32-64-dji-avata-2\/"]}]},{"@type":"ImageObject","inLanguage":"pl-PL","@id":"https:\/\/ironsky.pl\/sklep\/produkt\/zestaw-filtrow-sunnylife-nd8-16-32-64-dji-avata-2\/#primaryimage","url":"https:\/\/ironsky.pl\/sklep\/wp-content\/uploads\/2026\/04\/42861_1.webp","contentUrl":"https:\/\/ironsky.pl\/sklep\/wp-content\/uploads\/2026\/04\/42861_1.webp","width":800,"height":800},{"@type":"BreadcrumbList","@id":"https:\/\/ironsky.pl\/sklep\/produkt\/zestaw-filtrow-sunnylife-nd8-16-32-64-dji-avata-2\/#breadcrumb","itemListElement":[{"@type":"ListItem","position":1,"name":"Strona g\u0142\u00f3wna","item":"https:\/\/ironsky.pl\/sklep\/"},{"@type":"ListItem","position":2,"name":"Wszystkie produkty","item":"https:\/\/ironsky.pl\/sklep\/produkty\/"},{"@type":"ListItem","position":3,"name":"Zestaw filtr\u00f3w SUNNYLIFE ND8\/16\/32\/64 DJI Avata 2"}]},{"@type":"WebSite","@id":"https:\/\/ironsky.pl\/sklep\/#website","url":"https:\/\/ironsky.pl\/sklep\/","name":"IRONSKY.PL Sklep z Dronami","description":"IRONSKY.PL Sklep z Dronami","potentialAction":[{"@type":"SearchAction","target":{"@type":"EntryPoint","urlTemplate":"https:\/\/ironsky.pl\/sklep\/?s={search_term_string}"},"query-input":{"@type":"PropertyValueSpecification","valueRequired":true,"valueName":"search_term_string"}}],"inLanguage":"pl-PL"}]}},"_links":{"self":[{"href":"https:\/\/ironsky.pl\/sklep\/wp-json\/wp\/v2\/product\/58596","targetHints":{"allow":["GET"]}}],"collection":[{"href":"https:\/\/ironsky.pl\/sklep\/wp-json\/wp\/v2\/product"}],"about":[{"href":"https:\/\/ironsky.pl\/sklep\/wp-json\/wp\/v2\/types\/product"}],"replies":[{"embeddable":true,"href":"https:\/\/ironsky.pl\/sklep\/wp-json\/wp\/v2\/comments?post=58596"}],"wp:featuredmedia":[{"embeddable":true,"href":"https:\/\/ironsky.pl\/sklep\/wp-json\/wp\/v2\/media\/58597"}],"wp:attachment":[{"href":"https:\/\/ironsky.pl\/sklep\/wp-json\/wp\/v2\/media?parent=58596"}],"wp:term":[{"taxonomy":"product_brand","embeddable":true,"href":"https:\/\/ironsky.pl\/sklep\/wp-json\/wp\/v2\/product_brand?post=58596"},{"taxonomy":"product_cat","embeddable":true,"href":"https:\/\/ironsky.pl\/sklep\/wp-json\/wp\/v2\/product_cat?post=58596"},{"taxonomy":"product_tag","embeddable":true,"href":"https:\/\/ironsky.pl\/sklep\/wp-json\/wp\/v2\/product_tag?post=58596"}],"curies":[{"name":"wp","href":"https:\/\/api.w.org\/{rel}","templated":true}]}}