{"id":58576,"date":"2026-04-15T10:38:19","date_gmt":"2026-04-15T08:38:19","guid":{"rendered":"https:\/\/ironsky.pl\/sklep\/produkt\/ladowarka-gens-ace-imars-d300-ac-dc-300w-700w-czarna\/"},"modified":"2026-04-15T10:38:23","modified_gmt":"2026-04-15T08:38:23","slug":"ladowarka-gens-ace-imars-d300-ac-dc-300w-700w-czarna","status":"publish","type":"product","link":"https:\/\/ironsky.pl\/sklep\/produkt\/ladowarka-gens-ace-imars-d300-ac-dc-300w-700w-czarna\/","title":{"rendered":"\u0141adowarka GENS ACE IMARS D300 AC\/DC 300W\/700W (czarna)"},"content":{"rendered":"<h3>\u0141adowarka Gens Ace IMARS D300 G-Tech Channel AC\/DC 300W\/700W RC (Czarna)<\/h3>\n<p>IMARS D300 to wszechstronna i inteligentna \u0142adowarka, zaprojektowana dla inteligentnych baterii G-Tech Eco. Jest tak\u017ce kompatybilna z innymi bateriami. Automatycznie identyfikuje typ baterii G-Tech, napi\u0119cie i pr\u0105d \u0142adowania, u\u0142atwiaj\u0105c proces. Posiada siedem tryb\u00f3w pracy, w tym \u0142adowanie, roz\u0142adowanie, balansowanie i inne. Dzi\u0119ki dwukana\u0142owemu \u0142adowaniu AC\/DC przeno\u015bnej konstrukcji i du\u017cemu wy\u015bwietlaczowi IPS jest \u0142atwa w u\u017cyciu i obs\u0142udze. Oferuje wysok\u0105 moc \u0142adowania, zaawansowane funkcje bezpiecze\u0144stwa i obs\u0142ug\u0119 inteligentnego \u0142adowania G-Tech.<\/p>\n<p>\n<img decoding=\"async\" alt=\"\" border=\"0\" src=\"https:\/\/assets.innpro.pl\/6133\/7197\/1.jpg\"\/>\n<\/p>\n<h3>W zestawie<\/h3>\n<ul class=\"list-disc pl-5\">\n<li>\u0142adowarka<\/li>\n<li>\n<p style=\"text-align:justify\">kabel AC<\/p>\n<\/li>\n<li>\n<p style=\"text-align:justify\">adapter XT60-T<\/p>\n<\/li>\n<li>\n<p style=\"text-align:justify\">adapter XT60-EC5<\/p>\n<\/li>\n<li>\n<p style=\"text-align:justify\">adapter XT60-EC3<\/p>\n<\/li>\n<\/ul>\n<div class=\"table-wrapper\">\n<p>\u00a0<\/p>\n<h3><\/h3>\n<table>\n<tbody>\n<tr>\n<th>Producent<\/th>\n<td>Gens Ace<\/td>\n<\/tr>\n<tr>\n<th>Model<\/th>\n<td>GEA300WD300-EW<\/td>\n<\/tr>\n<tr>\n<th>Kolor<\/th>\n<td>czarny<\/td>\n<\/tr>\n<tr>\n<th>Napi\u0119cie wej\u015bciowe<\/th>\n<td>AC 100-240V; DC 7-30V<\/td>\n<\/tr>\n<tr>\n<th>Napi\u0119cie wyj\u015bciowe<\/th>\n<td>DC 1~30V<\/td>\n<\/tr>\n<tr>\n<th>Maks. pr\u0105d wej\u015bciowy<\/th>\n<td>DC 34A<\/td>\n<\/tr>\n<tr>\n<th>Maks. moc roz\u0142adowania<\/th>\n<td>15W x2<\/td>\n<\/tr>\n<tr>\n<th>Maksymalna moc \u0142adowania<\/th>\n<td>AC 300W; DC 350W x2<\/td>\n<\/tr>\n<tr>\n<th>Pr\u0105d \u0142adowania<\/th>\n<td>0,1-16A x2<\/td>\n<\/tr>\n<tr>\n<th>Pr\u0105d roz\u0142adowania<\/th>\n<td>0,1~3A x2<\/td>\n<\/tr>\n<tr>\n<th>R\u00f3wnowa\u017cenie ogniw<\/th>\n<td>1~6s<\/td>\n<\/tr>\n<tr>\n<th>Wyj\u015bcie USB<\/th>\n<td>5V \/ 2.4A<\/td>\n<\/tr>\n<tr>\n<th>Typ wy\u015bwietlacza<\/th>\n<td>2,4-calowy wy\u015bwietlacz IPS LCD<\/td>\n<\/tr>\n<tr>\n<th>Obs\u0142ugiwane baterie<\/th>\n<td>LiPo \/ LiHV \/ LiFe 1~6S; NiMH 1~16S<\/td>\n<\/tr>\n<tr>\n<th>Wymiary<\/th>\n<td>145 \u00d7 76 \u00d7 62 mm<\/td>\n<\/tr>\n<tr>\n<th>Waga<\/th>\n<td>530 g<\/td>\n<\/tr>\n<\/tbody>\n<\/table>\n<\/div>\n","protected":false},"excerpt":{"rendered":"<p>\u0141adowarka Gens Ace IMARS D300 G-Tech Channel AC\/DC 300W\/700W RC (Czarna) IMARS D300 to wszechstronna i inteligentna \u0142adowarka, zaprojektowana dla<\/p>\n","protected":false},"featured_media":58577,"comment_status":"closed","ping_status":"open","template":"","meta":{"_acf_changed":false},"product_brand":[],"product_cat":[1173,1174,1169],"product_tag":[],"class_list":{"0":"post-58576","1":"product","2":"type-product","3":"status-publish","4":"has-post-thumbnail","6":"product_cat-ladowanie","7":"product_cat-ladowarki","8":"product_cat-modele-rc","9":"pa_okres-gwarancji-5754","10":"pa_producent-gens-ace","12":"first","13":"outofstock","14":"taxable","15":"shipping-taxable","16":"purchasable","17":"product-type-simple"},"acf":[],"yoast_head":"<!-- This site is optimized with the Yoast SEO plugin v27.2 - https:\/\/yoast.com\/product\/yoast-seo-wordpress\/ -->\n<title>\u0141adowarka GENS ACE IMARS D300 AC\/DC 300W\/700W (czarna) - IRONSKY.PL Sklep z Dronami<\/title>\n<meta name=\"description\" content=\"\u0141adowarka GENS ACE IMARS D300 AC\/DC 300W\/700W (czarna) - \u2705 sklep z dronami i fachowym doradztwem. \u2705 Tutaj kupisz produkty DJI, Yuneec, Parrot, Syma i wiele innych, a tak\u017ce kursy i licencje na operatora drona.\" \/>\n<meta name=\"robots\" content=\"index, follow, max-snippet:-1, max-image-preview:large, max-video-preview:-1\" \/>\n<link rel=\"canonical\" href=\"https:\/\/ironsky.pl\/sklep\/produkt\/ladowarka-gens-ace-imars-d300-ac-dc-300w-700w-czarna\/\" \/>\n<meta property=\"og:locale\" content=\"pl_PL\" \/>\n<meta property=\"og:type\" content=\"article\" \/>\n<meta property=\"og:title\" content=\"\u0141adowarka GENS ACE IMARS D300 AC\/DC 300W\/700W (czarna) - IRONSKY.PL Sklep z Dronami\" \/>\n<meta property=\"og:description\" content=\"\u0141adowarka GENS ACE IMARS D300 AC\/DC 300W\/700W (czarna) - \u2705 sklep z dronami i fachowym doradztwem. \u2705 Tutaj kupisz produkty DJI, Yuneec, Parrot, Syma i wiele innych, a tak\u017ce kursy i licencje na operatora drona.\" \/>\n<meta property=\"og:url\" content=\"https:\/\/ironsky.pl\/sklep\/produkt\/ladowarka-gens-ace-imars-d300-ac-dc-300w-700w-czarna\/\" \/>\n<meta property=\"og:site_name\" content=\"IRONSKY.PL Sklep z Dronami\" \/>\n<meta property=\"article:modified_time\" content=\"2026-04-15T08:38:23+00:00\" \/>\n<meta property=\"og:image\" content=\"https:\/\/ironsky.pl\/sklep\/wp-content\/uploads\/2026\/04\/42829_5.jpg\" \/>\n\t<meta property=\"og:image:width\" content=\"800\" \/>\n\t<meta property=\"og:image:height\" content=\"800\" \/>\n\t<meta property=\"og:image:type\" content=\"image\/jpeg\" \/>\n<meta name=\"twitter:card\" content=\"summary_large_image\" \/>\n<meta name=\"twitter:label1\" content=\"Szacowany czas czytania\" \/>\n\t<meta name=\"twitter:data1\" content=\"1 minuta\" \/>\n<script type=\"application\/ld+json\" class=\"yoast-schema-graph\">{\"@context\":\"https:\/\/schema.org\",\"@graph\":[{\"@type\":\"WebPage\",\"@id\":\"https:\/\/ironsky.pl\/sklep\/produkt\/ladowarka-gens-ace-imars-d300-ac-dc-300w-700w-czarna\/\",\"url\":\"https:\/\/ironsky.pl\/sklep\/produkt\/ladowarka-gens-ace-imars-d300-ac-dc-300w-700w-czarna\/\",\"name\":\"\u0141adowarka GENS ACE IMARS D300 AC\/DC 300W\/700W (czarna) - IRONSKY.PL Sklep z Dronami\",\"isPartOf\":{\"@id\":\"https:\/\/ironsky.pl\/sklep\/#website\"},\"primaryImageOfPage\":{\"@id\":\"https:\/\/ironsky.pl\/sklep\/produkt\/ladowarka-gens-ace-imars-d300-ac-dc-300w-700w-czarna\/#primaryimage\"},\"image\":{\"@id\":\"https:\/\/ironsky.pl\/sklep\/produkt\/ladowarka-gens-ace-imars-d300-ac-dc-300w-700w-czarna\/#primaryimage\"},\"thumbnailUrl\":\"https:\/\/ironsky.pl\/sklep\/wp-content\/uploads\/2026\/04\/42829_5.jpg\",\"datePublished\":\"2026-04-15T08:38:19+00:00\",\"dateModified\":\"2026-04-15T08:38:23+00:00\",\"description\":\"\u0141adowarka GENS ACE IMARS D300 AC\/DC 300W\/700W (czarna) - \u2705 sklep z dronami i fachowym doradztwem. \u2705 Tutaj kupisz produkty DJI, Yuneec, Parrot, Syma i wiele innych, a tak\u017ce kursy i licencje na operatora drona.\",\"breadcrumb\":{\"@id\":\"https:\/\/ironsky.pl\/sklep\/produkt\/ladowarka-gens-ace-imars-d300-ac-dc-300w-700w-czarna\/#breadcrumb\"},\"inLanguage\":\"pl-PL\",\"potentialAction\":[{\"@type\":\"ReadAction\",\"target\":[\"https:\/\/ironsky.pl\/sklep\/produkt\/ladowarka-gens-ace-imars-d300-ac-dc-300w-700w-czarna\/\"]}]},{\"@type\":\"ImageObject\",\"inLanguage\":\"pl-PL\",\"@id\":\"https:\/\/ironsky.pl\/sklep\/produkt\/ladowarka-gens-ace-imars-d300-ac-dc-300w-700w-czarna\/#primaryimage\",\"url\":\"https:\/\/ironsky.pl\/sklep\/wp-content\/uploads\/2026\/04\/42829_5.jpg\",\"contentUrl\":\"https:\/\/ironsky.pl\/sklep\/wp-content\/uploads\/2026\/04\/42829_5.jpg\",\"width\":800,\"height\":800},{\"@type\":\"BreadcrumbList\",\"@id\":\"https:\/\/ironsky.pl\/sklep\/produkt\/ladowarka-gens-ace-imars-d300-ac-dc-300w-700w-czarna\/#breadcrumb\",\"itemListElement\":[{\"@type\":\"ListItem\",\"position\":1,\"name\":\"Strona g\u0142\u00f3wna\",\"item\":\"https:\/\/ironsky.pl\/sklep\/\"},{\"@type\":\"ListItem\",\"position\":2,\"name\":\"Wszystkie produkty\",\"item\":\"https:\/\/ironsky.pl\/sklep\/produkty\/\"},{\"@type\":\"ListItem\",\"position\":3,\"name\":\"\u0141adowarka GENS ACE IMARS D300 AC\/DC 300W\/700W (czarna)\"}]},{\"@type\":\"WebSite\",\"@id\":\"https:\/\/ironsky.pl\/sklep\/#website\",\"url\":\"https:\/\/ironsky.pl\/sklep\/\",\"name\":\"IRONSKY.PL Sklep z Dronami\",\"description\":\"IRONSKY.PL Sklep z Dronami\",\"potentialAction\":[{\"@type\":\"SearchAction\",\"target\":{\"@type\":\"EntryPoint\",\"urlTemplate\":\"https:\/\/ironsky.pl\/sklep\/?s={search_term_string}\"},\"query-input\":{\"@type\":\"PropertyValueSpecification\",\"valueRequired\":true,\"valueName\":\"search_term_string\"}}],\"inLanguage\":\"pl-PL\"}]}<\/script>\n<!-- \/ Yoast SEO plugin. -->","yoast_head_json":{"title":"\u0141adowarka GENS ACE IMARS D300 AC\/DC 300W\/700W (czarna) - IRONSKY.PL Sklep z Dronami","description":"\u0141adowarka GENS ACE IMARS D300 AC\/DC 300W\/700W (czarna) - \u2705 sklep z dronami i fachowym doradztwem. \u2705 Tutaj kupisz produkty DJI, Yuneec, Parrot, Syma i wiele innych, a tak\u017ce kursy i licencje na operatora drona.","robots":{"index":"index","follow":"follow","max-snippet":"max-snippet:-1","max-image-preview":"max-image-preview:large","max-video-preview":"max-video-preview:-1"},"canonical":"https:\/\/ironsky.pl\/sklep\/produkt\/ladowarka-gens-ace-imars-d300-ac-dc-300w-700w-czarna\/","og_locale":"pl_PL","og_type":"article","og_title":"\u0141adowarka GENS ACE IMARS D300 AC\/DC 300W\/700W (czarna) - IRONSKY.PL Sklep z Dronami","og_description":"\u0141adowarka GENS ACE IMARS D300 AC\/DC 300W\/700W (czarna) - \u2705 sklep z dronami i fachowym doradztwem. \u2705 Tutaj kupisz produkty DJI, Yuneec, Parrot, Syma i wiele innych, a tak\u017ce kursy i licencje na operatora drona.","og_url":"https:\/\/ironsky.pl\/sklep\/produkt\/ladowarka-gens-ace-imars-d300-ac-dc-300w-700w-czarna\/","og_site_name":"IRONSKY.PL Sklep z Dronami","article_modified_time":"2026-04-15T08:38:23+00:00","og_image":[{"width":800,"height":800,"url":"https:\/\/ironsky.pl\/sklep\/wp-content\/uploads\/2026\/04\/42829_5.jpg","type":"image\/jpeg"}],"twitter_card":"summary_large_image","twitter_misc":{"Szacowany czas czytania":"1 minuta"},"schema":{"@context":"https:\/\/schema.org","@graph":[{"@type":"WebPage","@id":"https:\/\/ironsky.pl\/sklep\/produkt\/ladowarka-gens-ace-imars-d300-ac-dc-300w-700w-czarna\/","url":"https:\/\/ironsky.pl\/sklep\/produkt\/ladowarka-gens-ace-imars-d300-ac-dc-300w-700w-czarna\/","name":"\u0141adowarka GENS ACE IMARS D300 AC\/DC 300W\/700W (czarna) - IRONSKY.PL Sklep z Dronami","isPartOf":{"@id":"https:\/\/ironsky.pl\/sklep\/#website"},"primaryImageOfPage":{"@id":"https:\/\/ironsky.pl\/sklep\/produkt\/ladowarka-gens-ace-imars-d300-ac-dc-300w-700w-czarna\/#primaryimage"},"image":{"@id":"https:\/\/ironsky.pl\/sklep\/produkt\/ladowarka-gens-ace-imars-d300-ac-dc-300w-700w-czarna\/#primaryimage"},"thumbnailUrl":"https:\/\/ironsky.pl\/sklep\/wp-content\/uploads\/2026\/04\/42829_5.jpg","datePublished":"2026-04-15T08:38:19+00:00","dateModified":"2026-04-15T08:38:23+00:00","description":"\u0141adowarka GENS ACE IMARS D300 AC\/DC 300W\/700W (czarna) - \u2705 sklep z dronami i fachowym doradztwem. \u2705 Tutaj kupisz produkty DJI, Yuneec, Parrot, Syma i wiele innych, a tak\u017ce kursy i licencje na operatora drona.","breadcrumb":{"@id":"https:\/\/ironsky.pl\/sklep\/produkt\/ladowarka-gens-ace-imars-d300-ac-dc-300w-700w-czarna\/#breadcrumb"},"inLanguage":"pl-PL","potentialAction":[{"@type":"ReadAction","target":["https:\/\/ironsky.pl\/sklep\/produkt\/ladowarka-gens-ace-imars-d300-ac-dc-300w-700w-czarna\/"]}]},{"@type":"ImageObject","inLanguage":"pl-PL","@id":"https:\/\/ironsky.pl\/sklep\/produkt\/ladowarka-gens-ace-imars-d300-ac-dc-300w-700w-czarna\/#primaryimage","url":"https:\/\/ironsky.pl\/sklep\/wp-content\/uploads\/2026\/04\/42829_5.jpg","contentUrl":"https:\/\/ironsky.pl\/sklep\/wp-content\/uploads\/2026\/04\/42829_5.jpg","width":800,"height":800},{"@type":"BreadcrumbList","@id":"https:\/\/ironsky.pl\/sklep\/produkt\/ladowarka-gens-ace-imars-d300-ac-dc-300w-700w-czarna\/#breadcrumb","itemListElement":[{"@type":"ListItem","position":1,"name":"Strona g\u0142\u00f3wna","item":"https:\/\/ironsky.pl\/sklep\/"},{"@type":"ListItem","position":2,"name":"Wszystkie produkty","item":"https:\/\/ironsky.pl\/sklep\/produkty\/"},{"@type":"ListItem","position":3,"name":"\u0141adowarka GENS ACE IMARS D300 AC\/DC 300W\/700W (czarna)"}]},{"@type":"WebSite","@id":"https:\/\/ironsky.pl\/sklep\/#website","url":"https:\/\/ironsky.pl\/sklep\/","name":"IRONSKY.PL Sklep z Dronami","description":"IRONSKY.PL Sklep z Dronami","potentialAction":[{"@type":"SearchAction","target":{"@type":"EntryPoint","urlTemplate":"https:\/\/ironsky.pl\/sklep\/?s={search_term_string}"},"query-input":{"@type":"PropertyValueSpecification","valueRequired":true,"valueName":"search_term_string"}}],"inLanguage":"pl-PL"}]}},"_links":{"self":[{"href":"https:\/\/ironsky.pl\/sklep\/wp-json\/wp\/v2\/product\/58576","targetHints":{"allow":["GET"]}}],"collection":[{"href":"https:\/\/ironsky.pl\/sklep\/wp-json\/wp\/v2\/product"}],"about":[{"href":"https:\/\/ironsky.pl\/sklep\/wp-json\/wp\/v2\/types\/product"}],"replies":[{"embeddable":true,"href":"https:\/\/ironsky.pl\/sklep\/wp-json\/wp\/v2\/comments?post=58576"}],"wp:featuredmedia":[{"embeddable":true,"href":"https:\/\/ironsky.pl\/sklep\/wp-json\/wp\/v2\/media\/58577"}],"wp:attachment":[{"href":"https:\/\/ironsky.pl\/sklep\/wp-json\/wp\/v2\/media?parent=58576"}],"wp:term":[{"taxonomy":"product_brand","embeddable":true,"href":"https:\/\/ironsky.pl\/sklep\/wp-json\/wp\/v2\/product_brand?post=58576"},{"taxonomy":"product_cat","embeddable":true,"href":"https:\/\/ironsky.pl\/sklep\/wp-json\/wp\/v2\/product_cat?post=58576"},{"taxonomy":"product_tag","embeddable":true,"href":"https:\/\/ironsky.pl\/sklep\/wp-json\/wp\/v2\/product_tag?post=58576"}],"curies":[{"name":"wp","href":"https:\/\/api.w.org\/{rel}","templated":true}]}}