{"id":58567,"date":"2026-04-15T10:37:33","date_gmt":"2026-04-15T08:37:33","guid":{"rendered":"https:\/\/ironsky.pl\/sklep\/produkt\/akumulator-gens-ace-g-tech-8500mah-148v-xt90\/"},"modified":"2026-04-15T10:38:18","modified_gmt":"2026-04-15T08:38:18","slug":"akumulator-gens-ace-g-tech-8500mah-148v-xt90","status":"publish","type":"product","link":"https:\/\/ironsky.pl\/sklep\/produkt\/akumulator-gens-ace-g-tech-8500mah-148v-xt90\/","title":{"rendered":"Akumulator GENS ACE G-Tech 8500mAh 14,8V XT90"},"content":{"rendered":"<h3>Akumulator Gens ace G-Tech 8500mAh 14.8V 60C 4S1P Lipo PC Material Case with XT90 plug<\/h3>\n<p>Gens Ace G-Tech z obudow\u0105 wykonan\u0105 z materia\u0142u PC i konektorem XT90 zapewnia pot\u0119\u017cn\u0105 wydajno\u015b\u0107 niezb\u0119dn\u0105 do zasilania samochod\u00f3w RC. Z du\u017c\u0105 pojemno\u015bci\u0105 8500mAh i napi\u0119ciem 14.8V, zapewnia d\u0142ugi czas dzia\u0142ania oraz dynamiczne przyspieszenie, kt\u00f3re jest kluczowe na torach RC. Wsp\u00f3\u0142czynnik roz\u0142adowania 60C oferuje wystarczaj\u0105c\u0105 moc do szybkiego przyspieszania, co jest szczeg\u00f3lnie wa\u017cne w wy\u015bcigach. Akumulator wa\u017cy 691 g i ma kompaktowe wymiary 164 x 48 x 42 mm, co czyni go odpowiednim do monta\u017cu w popularnych modelach RC, takich jak Traxxas Xmaxx, Sledge, czy Arrma Karton8S. Dodatkowym atutem jest z\u0142\u0105cze XT90, kt\u00f3re oferuje solidne i bezpieczne po\u0142\u0105czenie.<\/p>\n<p>\n<img decoding=\"async\" src=\"https:\/\/assets.innpro.pl\/6311\/7404\/1.jpg\" border=\"0\" \/>\n<\/p>\n<div class=\"table-wrapper\">\n<p>\u00a0<\/p>\n<h3><\/h3>\n<table>\n<tbody>\n<tr>\n<th>Producent<\/th>\n<td>Gens Ace<\/td>\n<\/tr>\n<tr>\n<th>Model<\/th>\n<td>GEA854S60X9GT<\/td>\n<\/tr>\n<tr>\n<th>Pojemno\u015b\u0107<\/th>\n<td>8500mAh<\/td>\n<\/tr>\n<tr>\n<th>Napi\u0119cie<\/th>\n<td>14.8V \/ 4S<\/td>\n<\/tr>\n<tr>\n<th>Waga netto<\/th>\n<td>691g<\/td>\n<\/tr>\n<tr>\n<th>Wymiary<\/th>\n<td>164 x 48 x 42 mm<\/td>\n<\/tr>\n<tr>\n<th>Typ z\u0142\u0105cza<\/th>\n<td>XT90<\/td>\n<\/tr>\n<tr>\n<th>Typ obudowy<\/th>\n<td>Materia\u0142 PC (poliw\u0119glan)<\/td>\n<\/tr>\n<\/tbody>\n<\/table>\n<\/div>\n","protected":false},"excerpt":{"rendered":"<p>Akumulator Gens ace G-Tech 8500mAh 14.8V 60C 4S1P Lipo PC Material Case with XT90 plug Gens Ace G-Tech z obudow\u0105<\/p>\n","protected":false},"featured_media":58568,"comment_status":"closed","ping_status":"open","template":"","meta":{"_acf_changed":false},"product_brand":[],"product_cat":[1183,1182,1169],"product_tag":[],"class_list":{"0":"post-58567","1":"product","2":"type-product","3":"status-publish","4":"has-post-thumbnail","6":"product_cat-litowe-i-nimh","7":"product_cat-akumulatory","8":"product_cat-modele-rc","9":"pa_okres-gwarancji-5754","10":"pa_producent-gens-ace","12":"first","13":"outofstock","14":"taxable","15":"shipping-taxable","16":"purchasable","17":"product-type-simple"},"acf":[],"yoast_head":"<!-- This site is optimized with the Yoast SEO plugin v27.2 - https:\/\/yoast.com\/product\/yoast-seo-wordpress\/ -->\n<title>Akumulator GENS ACE G-Tech 8500mAh 14,8V XT90 - IRONSKY.PL Sklep z Dronami<\/title>\n<meta name=\"description\" content=\"Akumulator GENS ACE G-Tech 8500mAh 14,8V XT90 - \u2705 sklep z dronami i fachowym doradztwem. \u2705 Tutaj kupisz produkty DJI, Yuneec, Parrot, Syma i wiele innych, a tak\u017ce kursy i licencje na operatora drona.\" \/>\n<meta name=\"robots\" content=\"index, follow, max-snippet:-1, max-image-preview:large, max-video-preview:-1\" \/>\n<link rel=\"canonical\" href=\"https:\/\/ironsky.pl\/sklep\/produkt\/akumulator-gens-ace-g-tech-8500mah-148v-xt90\/\" \/>\n<meta property=\"og:locale\" content=\"pl_PL\" \/>\n<meta property=\"og:type\" content=\"article\" \/>\n<meta property=\"og:title\" content=\"Akumulator GENS ACE G-Tech 8500mAh 14,8V XT90 - IRONSKY.PL Sklep z Dronami\" \/>\n<meta property=\"og:description\" content=\"Akumulator GENS ACE G-Tech 8500mAh 14,8V XT90 - \u2705 sklep z dronami i fachowym doradztwem. \u2705 Tutaj kupisz produkty DJI, Yuneec, Parrot, Syma i wiele innych, a tak\u017ce kursy i licencje na operatora drona.\" \/>\n<meta property=\"og:url\" content=\"https:\/\/ironsky.pl\/sklep\/produkt\/akumulator-gens-ace-g-tech-8500mah-148v-xt90\/\" \/>\n<meta property=\"og:site_name\" content=\"IRONSKY.PL Sklep z Dronami\" \/>\n<meta property=\"article:modified_time\" content=\"2026-04-15T08:38:18+00:00\" \/>\n<meta property=\"og:image\" content=\"https:\/\/ironsky.pl\/sklep\/wp-content\/uploads\/2026\/04\/42826_1.jpg\" \/>\n\t<meta property=\"og:image:width\" content=\"800\" \/>\n\t<meta property=\"og:image:height\" content=\"800\" \/>\n\t<meta property=\"og:image:type\" content=\"image\/jpeg\" \/>\n<meta name=\"twitter:card\" content=\"summary_large_image\" \/>\n<meta name=\"twitter:label1\" content=\"Szacowany czas czytania\" \/>\n\t<meta name=\"twitter:data1\" content=\"1 minuta\" \/>\n<script type=\"application\/ld+json\" class=\"yoast-schema-graph\">{\"@context\":\"https:\/\/schema.org\",\"@graph\":[{\"@type\":\"WebPage\",\"@id\":\"https:\/\/ironsky.pl\/sklep\/produkt\/akumulator-gens-ace-g-tech-8500mah-148v-xt90\/\",\"url\":\"https:\/\/ironsky.pl\/sklep\/produkt\/akumulator-gens-ace-g-tech-8500mah-148v-xt90\/\",\"name\":\"Akumulator GENS ACE G-Tech 8500mAh 14,8V XT90 - IRONSKY.PL Sklep z Dronami\",\"isPartOf\":{\"@id\":\"https:\/\/ironsky.pl\/sklep\/#website\"},\"primaryImageOfPage\":{\"@id\":\"https:\/\/ironsky.pl\/sklep\/produkt\/akumulator-gens-ace-g-tech-8500mah-148v-xt90\/#primaryimage\"},\"image\":{\"@id\":\"https:\/\/ironsky.pl\/sklep\/produkt\/akumulator-gens-ace-g-tech-8500mah-148v-xt90\/#primaryimage\"},\"thumbnailUrl\":\"https:\/\/ironsky.pl\/sklep\/wp-content\/uploads\/2026\/04\/42826_1.jpg\",\"datePublished\":\"2026-04-15T08:37:33+00:00\",\"dateModified\":\"2026-04-15T08:38:18+00:00\",\"description\":\"Akumulator GENS ACE G-Tech 8500mAh 14,8V XT90 - \u2705 sklep z dronami i fachowym doradztwem. \u2705 Tutaj kupisz produkty DJI, Yuneec, Parrot, Syma i wiele innych, a tak\u017ce kursy i licencje na operatora drona.\",\"breadcrumb\":{\"@id\":\"https:\/\/ironsky.pl\/sklep\/produkt\/akumulator-gens-ace-g-tech-8500mah-148v-xt90\/#breadcrumb\"},\"inLanguage\":\"pl-PL\",\"potentialAction\":[{\"@type\":\"ReadAction\",\"target\":[\"https:\/\/ironsky.pl\/sklep\/produkt\/akumulator-gens-ace-g-tech-8500mah-148v-xt90\/\"]}]},{\"@type\":\"ImageObject\",\"inLanguage\":\"pl-PL\",\"@id\":\"https:\/\/ironsky.pl\/sklep\/produkt\/akumulator-gens-ace-g-tech-8500mah-148v-xt90\/#primaryimage\",\"url\":\"https:\/\/ironsky.pl\/sklep\/wp-content\/uploads\/2026\/04\/42826_1.jpg\",\"contentUrl\":\"https:\/\/ironsky.pl\/sklep\/wp-content\/uploads\/2026\/04\/42826_1.jpg\",\"width\":800,\"height\":800},{\"@type\":\"BreadcrumbList\",\"@id\":\"https:\/\/ironsky.pl\/sklep\/produkt\/akumulator-gens-ace-g-tech-8500mah-148v-xt90\/#breadcrumb\",\"itemListElement\":[{\"@type\":\"ListItem\",\"position\":1,\"name\":\"Strona g\u0142\u00f3wna\",\"item\":\"https:\/\/ironsky.pl\/sklep\/\"},{\"@type\":\"ListItem\",\"position\":2,\"name\":\"Wszystkie produkty\",\"item\":\"https:\/\/ironsky.pl\/sklep\/produkty\/\"},{\"@type\":\"ListItem\",\"position\":3,\"name\":\"Akumulator GENS ACE G-Tech 8500mAh 14,8V XT90\"}]},{\"@type\":\"WebSite\",\"@id\":\"https:\/\/ironsky.pl\/sklep\/#website\",\"url\":\"https:\/\/ironsky.pl\/sklep\/\",\"name\":\"IRONSKY.PL Sklep z Dronami\",\"description\":\"IRONSKY.PL Sklep z Dronami\",\"potentialAction\":[{\"@type\":\"SearchAction\",\"target\":{\"@type\":\"EntryPoint\",\"urlTemplate\":\"https:\/\/ironsky.pl\/sklep\/?s={search_term_string}\"},\"query-input\":{\"@type\":\"PropertyValueSpecification\",\"valueRequired\":true,\"valueName\":\"search_term_string\"}}],\"inLanguage\":\"pl-PL\"}]}<\/script>\n<!-- \/ Yoast SEO plugin. -->","yoast_head_json":{"title":"Akumulator GENS ACE G-Tech 8500mAh 14,8V XT90 - IRONSKY.PL Sklep z Dronami","description":"Akumulator GENS ACE G-Tech 8500mAh 14,8V XT90 - \u2705 sklep z dronami i fachowym doradztwem. \u2705 Tutaj kupisz produkty DJI, Yuneec, Parrot, Syma i wiele innych, a tak\u017ce kursy i licencje na operatora drona.","robots":{"index":"index","follow":"follow","max-snippet":"max-snippet:-1","max-image-preview":"max-image-preview:large","max-video-preview":"max-video-preview:-1"},"canonical":"https:\/\/ironsky.pl\/sklep\/produkt\/akumulator-gens-ace-g-tech-8500mah-148v-xt90\/","og_locale":"pl_PL","og_type":"article","og_title":"Akumulator GENS ACE G-Tech 8500mAh 14,8V XT90 - IRONSKY.PL Sklep z Dronami","og_description":"Akumulator GENS ACE G-Tech 8500mAh 14,8V XT90 - \u2705 sklep z dronami i fachowym doradztwem. \u2705 Tutaj kupisz produkty DJI, Yuneec, Parrot, Syma i wiele innych, a tak\u017ce kursy i licencje na operatora drona.","og_url":"https:\/\/ironsky.pl\/sklep\/produkt\/akumulator-gens-ace-g-tech-8500mah-148v-xt90\/","og_site_name":"IRONSKY.PL Sklep z Dronami","article_modified_time":"2026-04-15T08:38:18+00:00","og_image":[{"width":800,"height":800,"url":"https:\/\/ironsky.pl\/sklep\/wp-content\/uploads\/2026\/04\/42826_1.jpg","type":"image\/jpeg"}],"twitter_card":"summary_large_image","twitter_misc":{"Szacowany czas czytania":"1 minuta"},"schema":{"@context":"https:\/\/schema.org","@graph":[{"@type":"WebPage","@id":"https:\/\/ironsky.pl\/sklep\/produkt\/akumulator-gens-ace-g-tech-8500mah-148v-xt90\/","url":"https:\/\/ironsky.pl\/sklep\/produkt\/akumulator-gens-ace-g-tech-8500mah-148v-xt90\/","name":"Akumulator GENS ACE G-Tech 8500mAh 14,8V XT90 - IRONSKY.PL Sklep z Dronami","isPartOf":{"@id":"https:\/\/ironsky.pl\/sklep\/#website"},"primaryImageOfPage":{"@id":"https:\/\/ironsky.pl\/sklep\/produkt\/akumulator-gens-ace-g-tech-8500mah-148v-xt90\/#primaryimage"},"image":{"@id":"https:\/\/ironsky.pl\/sklep\/produkt\/akumulator-gens-ace-g-tech-8500mah-148v-xt90\/#primaryimage"},"thumbnailUrl":"https:\/\/ironsky.pl\/sklep\/wp-content\/uploads\/2026\/04\/42826_1.jpg","datePublished":"2026-04-15T08:37:33+00:00","dateModified":"2026-04-15T08:38:18+00:00","description":"Akumulator GENS ACE G-Tech 8500mAh 14,8V XT90 - \u2705 sklep z dronami i fachowym doradztwem. \u2705 Tutaj kupisz produkty DJI, Yuneec, Parrot, Syma i wiele innych, a tak\u017ce kursy i licencje na operatora drona.","breadcrumb":{"@id":"https:\/\/ironsky.pl\/sklep\/produkt\/akumulator-gens-ace-g-tech-8500mah-148v-xt90\/#breadcrumb"},"inLanguage":"pl-PL","potentialAction":[{"@type":"ReadAction","target":["https:\/\/ironsky.pl\/sklep\/produkt\/akumulator-gens-ace-g-tech-8500mah-148v-xt90\/"]}]},{"@type":"ImageObject","inLanguage":"pl-PL","@id":"https:\/\/ironsky.pl\/sklep\/produkt\/akumulator-gens-ace-g-tech-8500mah-148v-xt90\/#primaryimage","url":"https:\/\/ironsky.pl\/sklep\/wp-content\/uploads\/2026\/04\/42826_1.jpg","contentUrl":"https:\/\/ironsky.pl\/sklep\/wp-content\/uploads\/2026\/04\/42826_1.jpg","width":800,"height":800},{"@type":"BreadcrumbList","@id":"https:\/\/ironsky.pl\/sklep\/produkt\/akumulator-gens-ace-g-tech-8500mah-148v-xt90\/#breadcrumb","itemListElement":[{"@type":"ListItem","position":1,"name":"Strona g\u0142\u00f3wna","item":"https:\/\/ironsky.pl\/sklep\/"},{"@type":"ListItem","position":2,"name":"Wszystkie produkty","item":"https:\/\/ironsky.pl\/sklep\/produkty\/"},{"@type":"ListItem","position":3,"name":"Akumulator GENS ACE G-Tech 8500mAh 14,8V XT90"}]},{"@type":"WebSite","@id":"https:\/\/ironsky.pl\/sklep\/#website","url":"https:\/\/ironsky.pl\/sklep\/","name":"IRONSKY.PL Sklep z Dronami","description":"IRONSKY.PL Sklep z Dronami","potentialAction":[{"@type":"SearchAction","target":{"@type":"EntryPoint","urlTemplate":"https:\/\/ironsky.pl\/sklep\/?s={search_term_string}"},"query-input":{"@type":"PropertyValueSpecification","valueRequired":true,"valueName":"search_term_string"}}],"inLanguage":"pl-PL"}]}},"_links":{"self":[{"href":"https:\/\/ironsky.pl\/sklep\/wp-json\/wp\/v2\/product\/58567","targetHints":{"allow":["GET"]}}],"collection":[{"href":"https:\/\/ironsky.pl\/sklep\/wp-json\/wp\/v2\/product"}],"about":[{"href":"https:\/\/ironsky.pl\/sklep\/wp-json\/wp\/v2\/types\/product"}],"replies":[{"embeddable":true,"href":"https:\/\/ironsky.pl\/sklep\/wp-json\/wp\/v2\/comments?post=58567"}],"wp:featuredmedia":[{"embeddable":true,"href":"https:\/\/ironsky.pl\/sklep\/wp-json\/wp\/v2\/media\/58568"}],"wp:attachment":[{"href":"https:\/\/ironsky.pl\/sklep\/wp-json\/wp\/v2\/media?parent=58567"}],"wp:term":[{"taxonomy":"product_brand","embeddable":true,"href":"https:\/\/ironsky.pl\/sklep\/wp-json\/wp\/v2\/product_brand?post=58567"},{"taxonomy":"product_cat","embeddable":true,"href":"https:\/\/ironsky.pl\/sklep\/wp-json\/wp\/v2\/product_cat?post=58567"},{"taxonomy":"product_tag","embeddable":true,"href":"https:\/\/ironsky.pl\/sklep\/wp-json\/wp\/v2\/product_tag?post=58567"}],"curies":[{"name":"wp","href":"https:\/\/api.w.org\/{rel}","templated":true}]}}