{"id":58529,"date":"2026-04-15T10:37:33","date_gmt":"2026-04-15T08:37:33","guid":{"rendered":"https:\/\/ironsky.pl\/sklep\/produkt\/akumulator-gens-ace-g-tech-5000mah-111v-3s1p-xt60\/"},"modified":"2026-04-15T10:37:57","modified_gmt":"2026-04-15T08:37:57","slug":"akumulator-gens-ace-g-tech-5000mah-111v-3s1p-xt60","status":"publish","type":"product","link":"https:\/\/ironsky.pl\/sklep\/produkt\/akumulator-gens-ace-g-tech-5000mah-111v-3s1p-xt60\/","title":{"rendered":"Akumulator GENS ACE G-Tech 5000mAh 11,1V 3S1P XT60"},"content":{"rendered":"<h3>Akumulator Gens ace G-Tech 5000mAh 11.1V 60C 3S1P Short-Size Lipo With XT60 Plug<\/h3>\n<p>Gens ace G-Tech 5000mAh 11.1V 60C 3S1P o kompaktowych wymiarach, wyposa\u017cony w z\u0142\u0105cze XT60, to zaawansowane rozwi\u0105zanie zasilaj\u0105ce dla modeli RC, kt\u00f3re wymagaj\u0105 wysokiej mocy przy ograniczonej przestrzeni. Dzi\u0119ki wsp\u00f3\u0142czynnikowi roz\u0142adowania 60C akumulator zapewnia doskona\u0142\u0105 moc potrzebn\u0105 do szybkiego przyspieszenia, co jest kluczowe na torach wy\u015bcigowych RC. Wykorzystanie surowc\u00f3w litowo-polimerowych najwy\u017cszej jako\u015bci z Japonii i Korei oraz zaawansowana technologia uk\u0142adania ogniw pozwala na osi\u0105gni\u0119cie pojemno\u015bci pojedynczego ogniwa na poziomie 5000mAh. Szczeg\u00f3lna dba\u0142o\u015b\u0107 o dopasowanie pojemno\u015bci, napi\u0119cia, rezystancji i krzywej roz\u0142adowania ka\u017cdego ogniwa zapewnia nie tylko wydajno\u015b\u0107, ale i solidno\u015b\u0107 oraz bezpiecze\u0144stwo u\u017cytkowania. Idealnie nadaje si\u0119 do modeli RC takich jak Traxxas Stampede 4&#215;4, Slash VXL, Slash 4&#215;4 VXL, E-Maxx Brushless, E-Revo Brushless, Spartan oraz SLEDGE.<\/p>\n<p>\n<img decoding=\"async\" src=\"https:\/\/assets.innpro.pl\/6364\/7458\/1.jpg\" border=\"0\" \/>\n<\/p>\n<div class=\"table-wrapper\">\n<p>\u00a0<\/p>\n<h3><\/h3>\n<table>\n<tbody>\n<tr>\n<th>Producent<\/th>\n<td>Gens Ace<\/td>\n<\/tr>\n<tr>\n<th>Model<\/th>\n<td>GEA503S60SXGT<\/td>\n<\/tr>\n<tr>\n<th>Pojemno\u015b\u0107<\/th>\n<td>5000mAh<\/td>\n<\/tr>\n<tr>\n<th>Napi\u0119cie<\/th>\n<td>11.1V<\/td>\n<\/tr>\n<tr>\n<th>Wska\u017anik roz\u0142adowania<\/th>\n<td>60C<\/td>\n<\/tr>\n<tr>\n<th>Waga<\/th>\n<td>354g<\/td>\n<\/tr>\n<tr>\n<th>Wymiary<\/th>\n<td>138 \u00d7 45 \u00d7 30 mm<\/td>\n<\/tr>\n<\/tbody>\n<\/table>\n<\/div>\n","protected":false},"excerpt":{"rendered":"<p>Akumulator Gens ace G-Tech 5000mAh 11.1V 60C 3S1P Short-Size Lipo With XT60 Plug Gens ace G-Tech 5000mAh 11.1V 60C 3S1P<\/p>\n","protected":false},"featured_media":58530,"comment_status":"closed","ping_status":"open","template":"","meta":{"_acf_changed":false},"product_brand":[],"product_cat":[1183,1182,1169],"product_tag":[],"class_list":{"0":"post-58529","1":"product","2":"type-product","3":"status-publish","4":"has-post-thumbnail","6":"product_cat-litowe-i-nimh","7":"product_cat-akumulatory","8":"product_cat-modele-rc","9":"pa_okres-gwarancji-5754","10":"pa_producent-gens-ace","12":"first","13":"outofstock","14":"taxable","15":"shipping-taxable","16":"purchasable","17":"product-type-simple"},"acf":[],"yoast_head":"<!-- This site is optimized with the Yoast SEO plugin v27.2 - https:\/\/yoast.com\/product\/yoast-seo-wordpress\/ -->\n<title>Akumulator GENS ACE G-Tech 5000mAh 11,1V 3S1P XT60 - IRONSKY.PL Sklep z Dronami<\/title>\n<meta name=\"description\" content=\"Akumulator GENS ACE G-Tech 5000mAh 11,1V 3S1P XT60 - \u2705 sklep z dronami i fachowym doradztwem. \u2705 Tutaj kupisz produkty DJI, Yuneec, Parrot, Syma i wiele innych, a tak\u017ce kursy i licencje na operatora drona.\" \/>\n<meta name=\"robots\" content=\"index, follow, max-snippet:-1, max-image-preview:large, max-video-preview:-1\" \/>\n<link rel=\"canonical\" href=\"https:\/\/ironsky.pl\/sklep\/produkt\/akumulator-gens-ace-g-tech-5000mah-111v-3s1p-xt60\/\" \/>\n<meta property=\"og:locale\" content=\"pl_PL\" \/>\n<meta property=\"og:type\" content=\"article\" \/>\n<meta property=\"og:title\" content=\"Akumulator GENS ACE G-Tech 5000mAh 11,1V 3S1P XT60 - IRONSKY.PL Sklep z Dronami\" \/>\n<meta property=\"og:description\" content=\"Akumulator GENS ACE G-Tech 5000mAh 11,1V 3S1P XT60 - \u2705 sklep z dronami i fachowym doradztwem. \u2705 Tutaj kupisz produkty DJI, Yuneec, Parrot, Syma i wiele innych, a tak\u017ce kursy i licencje na operatora drona.\" \/>\n<meta property=\"og:url\" content=\"https:\/\/ironsky.pl\/sklep\/produkt\/akumulator-gens-ace-g-tech-5000mah-111v-3s1p-xt60\/\" \/>\n<meta property=\"og:site_name\" content=\"IRONSKY.PL Sklep z Dronami\" \/>\n<meta property=\"article:modified_time\" content=\"2026-04-15T08:37:57+00:00\" \/>\n<meta property=\"og:image\" content=\"https:\/\/ironsky.pl\/sklep\/wp-content\/uploads\/2026\/04\/42811_1.jpg\" \/>\n\t<meta property=\"og:image:width\" content=\"800\" \/>\n\t<meta property=\"og:image:height\" content=\"800\" \/>\n\t<meta property=\"og:image:type\" content=\"image\/jpeg\" \/>\n<meta name=\"twitter:card\" content=\"summary_large_image\" \/>\n<meta name=\"twitter:label1\" content=\"Szacowany czas czytania\" \/>\n\t<meta name=\"twitter:data1\" content=\"1 minuta\" \/>\n<script type=\"application\/ld+json\" class=\"yoast-schema-graph\">{\"@context\":\"https:\/\/schema.org\",\"@graph\":[{\"@type\":\"WebPage\",\"@id\":\"https:\/\/ironsky.pl\/sklep\/produkt\/akumulator-gens-ace-g-tech-5000mah-111v-3s1p-xt60\/\",\"url\":\"https:\/\/ironsky.pl\/sklep\/produkt\/akumulator-gens-ace-g-tech-5000mah-111v-3s1p-xt60\/\",\"name\":\"Akumulator GENS ACE G-Tech 5000mAh 11,1V 3S1P XT60 - IRONSKY.PL Sklep z Dronami\",\"isPartOf\":{\"@id\":\"https:\/\/ironsky.pl\/sklep\/#website\"},\"primaryImageOfPage\":{\"@id\":\"https:\/\/ironsky.pl\/sklep\/produkt\/akumulator-gens-ace-g-tech-5000mah-111v-3s1p-xt60\/#primaryimage\"},\"image\":{\"@id\":\"https:\/\/ironsky.pl\/sklep\/produkt\/akumulator-gens-ace-g-tech-5000mah-111v-3s1p-xt60\/#primaryimage\"},\"thumbnailUrl\":\"https:\/\/ironsky.pl\/sklep\/wp-content\/uploads\/2026\/04\/42811_1.jpg\",\"datePublished\":\"2026-04-15T08:37:33+00:00\",\"dateModified\":\"2026-04-15T08:37:57+00:00\",\"description\":\"Akumulator GENS ACE G-Tech 5000mAh 11,1V 3S1P XT60 - \u2705 sklep z dronami i fachowym doradztwem. \u2705 Tutaj kupisz produkty DJI, Yuneec, Parrot, Syma i wiele innych, a tak\u017ce kursy i licencje na operatora drona.\",\"breadcrumb\":{\"@id\":\"https:\/\/ironsky.pl\/sklep\/produkt\/akumulator-gens-ace-g-tech-5000mah-111v-3s1p-xt60\/#breadcrumb\"},\"inLanguage\":\"pl-PL\",\"potentialAction\":[{\"@type\":\"ReadAction\",\"target\":[\"https:\/\/ironsky.pl\/sklep\/produkt\/akumulator-gens-ace-g-tech-5000mah-111v-3s1p-xt60\/\"]}]},{\"@type\":\"ImageObject\",\"inLanguage\":\"pl-PL\",\"@id\":\"https:\/\/ironsky.pl\/sklep\/produkt\/akumulator-gens-ace-g-tech-5000mah-111v-3s1p-xt60\/#primaryimage\",\"url\":\"https:\/\/ironsky.pl\/sklep\/wp-content\/uploads\/2026\/04\/42811_1.jpg\",\"contentUrl\":\"https:\/\/ironsky.pl\/sklep\/wp-content\/uploads\/2026\/04\/42811_1.jpg\",\"width\":800,\"height\":800},{\"@type\":\"BreadcrumbList\",\"@id\":\"https:\/\/ironsky.pl\/sklep\/produkt\/akumulator-gens-ace-g-tech-5000mah-111v-3s1p-xt60\/#breadcrumb\",\"itemListElement\":[{\"@type\":\"ListItem\",\"position\":1,\"name\":\"Strona g\u0142\u00f3wna\",\"item\":\"https:\/\/ironsky.pl\/sklep\/\"},{\"@type\":\"ListItem\",\"position\":2,\"name\":\"Wszystkie produkty\",\"item\":\"https:\/\/ironsky.pl\/sklep\/produkty\/\"},{\"@type\":\"ListItem\",\"position\":3,\"name\":\"Akumulator GENS ACE G-Tech 5000mAh 11,1V 3S1P XT60\"}]},{\"@type\":\"WebSite\",\"@id\":\"https:\/\/ironsky.pl\/sklep\/#website\",\"url\":\"https:\/\/ironsky.pl\/sklep\/\",\"name\":\"IRONSKY.PL Sklep z Dronami\",\"description\":\"IRONSKY.PL Sklep z Dronami\",\"potentialAction\":[{\"@type\":\"SearchAction\",\"target\":{\"@type\":\"EntryPoint\",\"urlTemplate\":\"https:\/\/ironsky.pl\/sklep\/?s={search_term_string}\"},\"query-input\":{\"@type\":\"PropertyValueSpecification\",\"valueRequired\":true,\"valueName\":\"search_term_string\"}}],\"inLanguage\":\"pl-PL\"}]}<\/script>\n<!-- \/ Yoast SEO plugin. -->","yoast_head_json":{"title":"Akumulator GENS ACE G-Tech 5000mAh 11,1V 3S1P XT60 - IRONSKY.PL Sklep z Dronami","description":"Akumulator GENS ACE G-Tech 5000mAh 11,1V 3S1P XT60 - \u2705 sklep z dronami i fachowym doradztwem. \u2705 Tutaj kupisz produkty DJI, Yuneec, Parrot, Syma i wiele innych, a tak\u017ce kursy i licencje na operatora drona.","robots":{"index":"index","follow":"follow","max-snippet":"max-snippet:-1","max-image-preview":"max-image-preview:large","max-video-preview":"max-video-preview:-1"},"canonical":"https:\/\/ironsky.pl\/sklep\/produkt\/akumulator-gens-ace-g-tech-5000mah-111v-3s1p-xt60\/","og_locale":"pl_PL","og_type":"article","og_title":"Akumulator GENS ACE G-Tech 5000mAh 11,1V 3S1P XT60 - IRONSKY.PL Sklep z Dronami","og_description":"Akumulator GENS ACE G-Tech 5000mAh 11,1V 3S1P XT60 - \u2705 sklep z dronami i fachowym doradztwem. \u2705 Tutaj kupisz produkty DJI, Yuneec, Parrot, Syma i wiele innych, a tak\u017ce kursy i licencje na operatora drona.","og_url":"https:\/\/ironsky.pl\/sklep\/produkt\/akumulator-gens-ace-g-tech-5000mah-111v-3s1p-xt60\/","og_site_name":"IRONSKY.PL Sklep z Dronami","article_modified_time":"2026-04-15T08:37:57+00:00","og_image":[{"width":800,"height":800,"url":"https:\/\/ironsky.pl\/sklep\/wp-content\/uploads\/2026\/04\/42811_1.jpg","type":"image\/jpeg"}],"twitter_card":"summary_large_image","twitter_misc":{"Szacowany czas czytania":"1 minuta"},"schema":{"@context":"https:\/\/schema.org","@graph":[{"@type":"WebPage","@id":"https:\/\/ironsky.pl\/sklep\/produkt\/akumulator-gens-ace-g-tech-5000mah-111v-3s1p-xt60\/","url":"https:\/\/ironsky.pl\/sklep\/produkt\/akumulator-gens-ace-g-tech-5000mah-111v-3s1p-xt60\/","name":"Akumulator GENS ACE G-Tech 5000mAh 11,1V 3S1P XT60 - IRONSKY.PL Sklep z Dronami","isPartOf":{"@id":"https:\/\/ironsky.pl\/sklep\/#website"},"primaryImageOfPage":{"@id":"https:\/\/ironsky.pl\/sklep\/produkt\/akumulator-gens-ace-g-tech-5000mah-111v-3s1p-xt60\/#primaryimage"},"image":{"@id":"https:\/\/ironsky.pl\/sklep\/produkt\/akumulator-gens-ace-g-tech-5000mah-111v-3s1p-xt60\/#primaryimage"},"thumbnailUrl":"https:\/\/ironsky.pl\/sklep\/wp-content\/uploads\/2026\/04\/42811_1.jpg","datePublished":"2026-04-15T08:37:33+00:00","dateModified":"2026-04-15T08:37:57+00:00","description":"Akumulator GENS ACE G-Tech 5000mAh 11,1V 3S1P XT60 - \u2705 sklep z dronami i fachowym doradztwem. \u2705 Tutaj kupisz produkty DJI, Yuneec, Parrot, Syma i wiele innych, a tak\u017ce kursy i licencje na operatora drona.","breadcrumb":{"@id":"https:\/\/ironsky.pl\/sklep\/produkt\/akumulator-gens-ace-g-tech-5000mah-111v-3s1p-xt60\/#breadcrumb"},"inLanguage":"pl-PL","potentialAction":[{"@type":"ReadAction","target":["https:\/\/ironsky.pl\/sklep\/produkt\/akumulator-gens-ace-g-tech-5000mah-111v-3s1p-xt60\/"]}]},{"@type":"ImageObject","inLanguage":"pl-PL","@id":"https:\/\/ironsky.pl\/sklep\/produkt\/akumulator-gens-ace-g-tech-5000mah-111v-3s1p-xt60\/#primaryimage","url":"https:\/\/ironsky.pl\/sklep\/wp-content\/uploads\/2026\/04\/42811_1.jpg","contentUrl":"https:\/\/ironsky.pl\/sklep\/wp-content\/uploads\/2026\/04\/42811_1.jpg","width":800,"height":800},{"@type":"BreadcrumbList","@id":"https:\/\/ironsky.pl\/sklep\/produkt\/akumulator-gens-ace-g-tech-5000mah-111v-3s1p-xt60\/#breadcrumb","itemListElement":[{"@type":"ListItem","position":1,"name":"Strona g\u0142\u00f3wna","item":"https:\/\/ironsky.pl\/sklep\/"},{"@type":"ListItem","position":2,"name":"Wszystkie produkty","item":"https:\/\/ironsky.pl\/sklep\/produkty\/"},{"@type":"ListItem","position":3,"name":"Akumulator GENS ACE G-Tech 5000mAh 11,1V 3S1P XT60"}]},{"@type":"WebSite","@id":"https:\/\/ironsky.pl\/sklep\/#website","url":"https:\/\/ironsky.pl\/sklep\/","name":"IRONSKY.PL Sklep z Dronami","description":"IRONSKY.PL Sklep z Dronami","potentialAction":[{"@type":"SearchAction","target":{"@type":"EntryPoint","urlTemplate":"https:\/\/ironsky.pl\/sklep\/?s={search_term_string}"},"query-input":{"@type":"PropertyValueSpecification","valueRequired":true,"valueName":"search_term_string"}}],"inLanguage":"pl-PL"}]}},"_links":{"self":[{"href":"https:\/\/ironsky.pl\/sklep\/wp-json\/wp\/v2\/product\/58529","targetHints":{"allow":["GET"]}}],"collection":[{"href":"https:\/\/ironsky.pl\/sklep\/wp-json\/wp\/v2\/product"}],"about":[{"href":"https:\/\/ironsky.pl\/sklep\/wp-json\/wp\/v2\/types\/product"}],"replies":[{"embeddable":true,"href":"https:\/\/ironsky.pl\/sklep\/wp-json\/wp\/v2\/comments?post=58529"}],"wp:featuredmedia":[{"embeddable":true,"href":"https:\/\/ironsky.pl\/sklep\/wp-json\/wp\/v2\/media\/58530"}],"wp:attachment":[{"href":"https:\/\/ironsky.pl\/sklep\/wp-json\/wp\/v2\/media?parent=58529"}],"wp:term":[{"taxonomy":"product_brand","embeddable":true,"href":"https:\/\/ironsky.pl\/sklep\/wp-json\/wp\/v2\/product_brand?post=58529"},{"taxonomy":"product_cat","embeddable":true,"href":"https:\/\/ironsky.pl\/sklep\/wp-json\/wp\/v2\/product_cat?post=58529"},{"taxonomy":"product_tag","embeddable":true,"href":"https:\/\/ironsky.pl\/sklep\/wp-json\/wp\/v2\/product_tag?post=58529"}],"curies":[{"name":"wp","href":"https:\/\/api.w.org\/{rel}","templated":true}]}}