{"id":58523,"date":"2026-04-15T10:37:33","date_gmt":"2026-04-15T08:37:33","guid":{"rendered":"https:\/\/ironsky.pl\/sklep\/produkt\/akumulator-gens-ace-g-tech-5000mah-11-1v-60c-3s1p-xt60\/"},"modified":"2026-04-15T10:37:54","modified_gmt":"2026-04-15T08:37:54","slug":"akumulator-gens-ace-g-tech-5000mah-11-1v-60c-3s1p-xt60","status":"publish","type":"product","link":"https:\/\/ironsky.pl\/sklep\/produkt\/akumulator-gens-ace-g-tech-5000mah-11-1v-60c-3s1p-xt60\/","title":{"rendered":"Akumulator GENS ACE G-Tech 5000mAh 11.1V 60C 3S1P XT60"},"content":{"rendered":"<h3>Akumulator Gens ace G-Tech 5000mAh 11.1V 60C 3S1P Lipo With XT60 Plug<\/h3>\n<p>Gens ace G-Tech 5000mAh 11.1V 60C 3S1P Lipo z konektorem XT60 to doskona\u0142y wyb\u00f3r dla mi\u0142o\u015bnik\u00f3w modeli RC, szczeg\u00f3lnie tych, kt\u00f3rzy ceni\u0105 sobie wysok\u0105 pr\u0119dko\u015b\u0107 i mocne przyspieszenie. Idealnie dopasowany do potrzeb wy\u015bcig\u00f3w RC, oferuje imponuj\u0105cy wsp\u00f3\u0142czynnik ci\u0105g\u0142ego roz\u0142adowania na poziomie 60C, co zapewnia szybki przyp\u0142yw energii niezb\u0119dnej do osi\u0105gania wysokich pr\u0119dko\u015bci. Konstrukcja akumulatora, wykorzystuj\u0105ca zaawansowan\u0105 technologi\u0119 uk\u0142adania ogniw oraz wysokiej jako\u015bci surowce litowo-polimerowe z Japonii i Korei, gwarantuje, \u017ce ka\u017cda kom\u00f3rka osi\u0105ga pojemno\u015b\u0107 5000mAh, zapewniaj\u0105c solidn\u0105 ochron\u0119 i d\u0142ugotrwa\u0142\u0105 wydajno\u015b\u0107. Jest idealny do modeli RC, takich jak Slash VXL, Slash 4&#215;4 VXL, E-Maxx Brushless, E-Revo Brushless oraz Spartan i SLEDGE.\u00a0<\/p>\n<p>\n<img decoding=\"async\" src=\"https:\/\/assets.innpro.pl\/6367\/7461\/1.jpg\" border=\"0\" \/>\n<\/p>\n<div class=\"table-wrapper\">\n<p>\u00a0<\/p>\n<h3><\/h3>\n<table>\n<tbody>\n<tr>\n<th>Producent<\/th>\n<td>Gens Ace<\/td>\n<\/tr>\n<tr>\n<th>Model<\/th>\n<td>GEA503S60X6GT<\/td>\n<\/tr>\n<tr>\n<th>Pojemno\u015b\u0107<\/th>\n<td>5000mAh<\/td>\n<\/tr>\n<tr>\n<th>Napi\u0119cie<\/th>\n<td>11.1V<\/td>\n<\/tr>\n<tr>\n<th>Maksymalne ci\u0105g\u0142e roz\u0142adowanie<\/th>\n<td>60C<\/td>\n<\/tr>\n<tr>\n<th>Waga<\/th>\n<td>359 g<\/td>\n<\/tr>\n<tr>\n<th>Wymiary<\/th>\n<td>153x44x25mm<\/td>\n<\/tr>\n<\/tbody>\n<\/table>\n<\/div>\n","protected":false},"excerpt":{"rendered":"<p>Akumulator Gens ace G-Tech 5000mAh 11.1V 60C 3S1P Lipo With XT60 Plug Gens ace G-Tech 5000mAh 11.1V 60C 3S1P Lipo<\/p>\n","protected":false},"featured_media":58524,"comment_status":"closed","ping_status":"open","template":"","meta":{"_acf_changed":false},"product_brand":[],"product_cat":[1183,1182,1169],"product_tag":[],"class_list":{"0":"post-58523","1":"product","2":"type-product","3":"status-publish","4":"has-post-thumbnail","6":"product_cat-litowe-i-nimh","7":"product_cat-akumulatory","8":"product_cat-modele-rc","9":"pa_okres-gwarancji-5754","10":"pa_producent-gens-ace","12":"first","13":"outofstock","14":"taxable","15":"shipping-taxable","16":"purchasable","17":"product-type-simple"},"acf":[],"yoast_head":"<!-- This site is optimized with the Yoast SEO plugin v27.2 - https:\/\/yoast.com\/product\/yoast-seo-wordpress\/ -->\n<title>Akumulator GENS ACE G-Tech 5000mAh 11.1V 60C 3S1P XT60 - IRONSKY.PL Sklep z Dronami<\/title>\n<meta name=\"description\" content=\"Akumulator GENS ACE G-Tech 5000mAh 11.1V 60C 3S1P XT60 - \u2705 sklep z dronami i fachowym doradztwem. \u2705 Tutaj kupisz produkty DJI, Yuneec, Parrot, Syma i wiele innych, a tak\u017ce kursy i licencje na operatora drona.\" \/>\n<meta name=\"robots\" content=\"index, follow, max-snippet:-1, max-image-preview:large, max-video-preview:-1\" \/>\n<link rel=\"canonical\" href=\"https:\/\/ironsky.pl\/sklep\/produkt\/akumulator-gens-ace-g-tech-5000mah-11-1v-60c-3s1p-xt60\/\" \/>\n<meta property=\"og:locale\" content=\"pl_PL\" \/>\n<meta property=\"og:type\" content=\"article\" \/>\n<meta property=\"og:title\" content=\"Akumulator GENS ACE G-Tech 5000mAh 11.1V 60C 3S1P XT60 - IRONSKY.PL Sklep z Dronami\" \/>\n<meta property=\"og:description\" content=\"Akumulator GENS ACE G-Tech 5000mAh 11.1V 60C 3S1P XT60 - \u2705 sklep z dronami i fachowym doradztwem. \u2705 Tutaj kupisz produkty DJI, Yuneec, Parrot, Syma i wiele innych, a tak\u017ce kursy i licencje na operatora drona.\" \/>\n<meta property=\"og:url\" content=\"https:\/\/ironsky.pl\/sklep\/produkt\/akumulator-gens-ace-g-tech-5000mah-11-1v-60c-3s1p-xt60\/\" \/>\n<meta property=\"og:site_name\" content=\"IRONSKY.PL Sklep z Dronami\" \/>\n<meta property=\"article:modified_time\" content=\"2026-04-15T08:37:54+00:00\" \/>\n<meta property=\"og:image\" content=\"https:\/\/ironsky.pl\/sklep\/wp-content\/uploads\/2026\/04\/42810_1.jpg\" \/>\n\t<meta property=\"og:image:width\" content=\"800\" \/>\n\t<meta property=\"og:image:height\" content=\"800\" \/>\n\t<meta property=\"og:image:type\" content=\"image\/jpeg\" \/>\n<meta name=\"twitter:card\" content=\"summary_large_image\" \/>\n<meta name=\"twitter:label1\" content=\"Szacowany czas czytania\" \/>\n\t<meta name=\"twitter:data1\" content=\"1 minuta\" \/>\n<script type=\"application\/ld+json\" class=\"yoast-schema-graph\">{\"@context\":\"https:\/\/schema.org\",\"@graph\":[{\"@type\":\"WebPage\",\"@id\":\"https:\/\/ironsky.pl\/sklep\/produkt\/akumulator-gens-ace-g-tech-5000mah-11-1v-60c-3s1p-xt60\/\",\"url\":\"https:\/\/ironsky.pl\/sklep\/produkt\/akumulator-gens-ace-g-tech-5000mah-11-1v-60c-3s1p-xt60\/\",\"name\":\"Akumulator GENS ACE G-Tech 5000mAh 11.1V 60C 3S1P XT60 - IRONSKY.PL Sklep z Dronami\",\"isPartOf\":{\"@id\":\"https:\/\/ironsky.pl\/sklep\/#website\"},\"primaryImageOfPage\":{\"@id\":\"https:\/\/ironsky.pl\/sklep\/produkt\/akumulator-gens-ace-g-tech-5000mah-11-1v-60c-3s1p-xt60\/#primaryimage\"},\"image\":{\"@id\":\"https:\/\/ironsky.pl\/sklep\/produkt\/akumulator-gens-ace-g-tech-5000mah-11-1v-60c-3s1p-xt60\/#primaryimage\"},\"thumbnailUrl\":\"https:\/\/ironsky.pl\/sklep\/wp-content\/uploads\/2026\/04\/42810_1.jpg\",\"datePublished\":\"2026-04-15T08:37:33+00:00\",\"dateModified\":\"2026-04-15T08:37:54+00:00\",\"description\":\"Akumulator GENS ACE G-Tech 5000mAh 11.1V 60C 3S1P XT60 - \u2705 sklep z dronami i fachowym doradztwem. \u2705 Tutaj kupisz produkty DJI, Yuneec, Parrot, Syma i wiele innych, a tak\u017ce kursy i licencje na operatora drona.\",\"breadcrumb\":{\"@id\":\"https:\/\/ironsky.pl\/sklep\/produkt\/akumulator-gens-ace-g-tech-5000mah-11-1v-60c-3s1p-xt60\/#breadcrumb\"},\"inLanguage\":\"pl-PL\",\"potentialAction\":[{\"@type\":\"ReadAction\",\"target\":[\"https:\/\/ironsky.pl\/sklep\/produkt\/akumulator-gens-ace-g-tech-5000mah-11-1v-60c-3s1p-xt60\/\"]}]},{\"@type\":\"ImageObject\",\"inLanguage\":\"pl-PL\",\"@id\":\"https:\/\/ironsky.pl\/sklep\/produkt\/akumulator-gens-ace-g-tech-5000mah-11-1v-60c-3s1p-xt60\/#primaryimage\",\"url\":\"https:\/\/ironsky.pl\/sklep\/wp-content\/uploads\/2026\/04\/42810_1.jpg\",\"contentUrl\":\"https:\/\/ironsky.pl\/sklep\/wp-content\/uploads\/2026\/04\/42810_1.jpg\",\"width\":800,\"height\":800},{\"@type\":\"BreadcrumbList\",\"@id\":\"https:\/\/ironsky.pl\/sklep\/produkt\/akumulator-gens-ace-g-tech-5000mah-11-1v-60c-3s1p-xt60\/#breadcrumb\",\"itemListElement\":[{\"@type\":\"ListItem\",\"position\":1,\"name\":\"Strona g\u0142\u00f3wna\",\"item\":\"https:\/\/ironsky.pl\/sklep\/\"},{\"@type\":\"ListItem\",\"position\":2,\"name\":\"Wszystkie produkty\",\"item\":\"https:\/\/ironsky.pl\/sklep\/produkty\/\"},{\"@type\":\"ListItem\",\"position\":3,\"name\":\"Akumulator GENS ACE G-Tech 5000mAh 11.1V 60C 3S1P XT60\"}]},{\"@type\":\"WebSite\",\"@id\":\"https:\/\/ironsky.pl\/sklep\/#website\",\"url\":\"https:\/\/ironsky.pl\/sklep\/\",\"name\":\"IRONSKY.PL Sklep z Dronami\",\"description\":\"IRONSKY.PL Sklep z Dronami\",\"potentialAction\":[{\"@type\":\"SearchAction\",\"target\":{\"@type\":\"EntryPoint\",\"urlTemplate\":\"https:\/\/ironsky.pl\/sklep\/?s={search_term_string}\"},\"query-input\":{\"@type\":\"PropertyValueSpecification\",\"valueRequired\":true,\"valueName\":\"search_term_string\"}}],\"inLanguage\":\"pl-PL\"}]}<\/script>\n<!-- \/ Yoast SEO plugin. -->","yoast_head_json":{"title":"Akumulator GENS ACE G-Tech 5000mAh 11.1V 60C 3S1P XT60 - IRONSKY.PL Sklep z Dronami","description":"Akumulator GENS ACE G-Tech 5000mAh 11.1V 60C 3S1P XT60 - \u2705 sklep z dronami i fachowym doradztwem. \u2705 Tutaj kupisz produkty DJI, Yuneec, Parrot, Syma i wiele innych, a tak\u017ce kursy i licencje na operatora drona.","robots":{"index":"index","follow":"follow","max-snippet":"max-snippet:-1","max-image-preview":"max-image-preview:large","max-video-preview":"max-video-preview:-1"},"canonical":"https:\/\/ironsky.pl\/sklep\/produkt\/akumulator-gens-ace-g-tech-5000mah-11-1v-60c-3s1p-xt60\/","og_locale":"pl_PL","og_type":"article","og_title":"Akumulator GENS ACE G-Tech 5000mAh 11.1V 60C 3S1P XT60 - IRONSKY.PL Sklep z Dronami","og_description":"Akumulator GENS ACE G-Tech 5000mAh 11.1V 60C 3S1P XT60 - \u2705 sklep z dronami i fachowym doradztwem. \u2705 Tutaj kupisz produkty DJI, Yuneec, Parrot, Syma i wiele innych, a tak\u017ce kursy i licencje na operatora drona.","og_url":"https:\/\/ironsky.pl\/sklep\/produkt\/akumulator-gens-ace-g-tech-5000mah-11-1v-60c-3s1p-xt60\/","og_site_name":"IRONSKY.PL Sklep z Dronami","article_modified_time":"2026-04-15T08:37:54+00:00","og_image":[{"width":800,"height":800,"url":"https:\/\/ironsky.pl\/sklep\/wp-content\/uploads\/2026\/04\/42810_1.jpg","type":"image\/jpeg"}],"twitter_card":"summary_large_image","twitter_misc":{"Szacowany czas czytania":"1 minuta"},"schema":{"@context":"https:\/\/schema.org","@graph":[{"@type":"WebPage","@id":"https:\/\/ironsky.pl\/sklep\/produkt\/akumulator-gens-ace-g-tech-5000mah-11-1v-60c-3s1p-xt60\/","url":"https:\/\/ironsky.pl\/sklep\/produkt\/akumulator-gens-ace-g-tech-5000mah-11-1v-60c-3s1p-xt60\/","name":"Akumulator GENS ACE G-Tech 5000mAh 11.1V 60C 3S1P XT60 - IRONSKY.PL Sklep z Dronami","isPartOf":{"@id":"https:\/\/ironsky.pl\/sklep\/#website"},"primaryImageOfPage":{"@id":"https:\/\/ironsky.pl\/sklep\/produkt\/akumulator-gens-ace-g-tech-5000mah-11-1v-60c-3s1p-xt60\/#primaryimage"},"image":{"@id":"https:\/\/ironsky.pl\/sklep\/produkt\/akumulator-gens-ace-g-tech-5000mah-11-1v-60c-3s1p-xt60\/#primaryimage"},"thumbnailUrl":"https:\/\/ironsky.pl\/sklep\/wp-content\/uploads\/2026\/04\/42810_1.jpg","datePublished":"2026-04-15T08:37:33+00:00","dateModified":"2026-04-15T08:37:54+00:00","description":"Akumulator GENS ACE G-Tech 5000mAh 11.1V 60C 3S1P XT60 - \u2705 sklep z dronami i fachowym doradztwem. \u2705 Tutaj kupisz produkty DJI, Yuneec, Parrot, Syma i wiele innych, a tak\u017ce kursy i licencje na operatora drona.","breadcrumb":{"@id":"https:\/\/ironsky.pl\/sklep\/produkt\/akumulator-gens-ace-g-tech-5000mah-11-1v-60c-3s1p-xt60\/#breadcrumb"},"inLanguage":"pl-PL","potentialAction":[{"@type":"ReadAction","target":["https:\/\/ironsky.pl\/sklep\/produkt\/akumulator-gens-ace-g-tech-5000mah-11-1v-60c-3s1p-xt60\/"]}]},{"@type":"ImageObject","inLanguage":"pl-PL","@id":"https:\/\/ironsky.pl\/sklep\/produkt\/akumulator-gens-ace-g-tech-5000mah-11-1v-60c-3s1p-xt60\/#primaryimage","url":"https:\/\/ironsky.pl\/sklep\/wp-content\/uploads\/2026\/04\/42810_1.jpg","contentUrl":"https:\/\/ironsky.pl\/sklep\/wp-content\/uploads\/2026\/04\/42810_1.jpg","width":800,"height":800},{"@type":"BreadcrumbList","@id":"https:\/\/ironsky.pl\/sklep\/produkt\/akumulator-gens-ace-g-tech-5000mah-11-1v-60c-3s1p-xt60\/#breadcrumb","itemListElement":[{"@type":"ListItem","position":1,"name":"Strona g\u0142\u00f3wna","item":"https:\/\/ironsky.pl\/sklep\/"},{"@type":"ListItem","position":2,"name":"Wszystkie produkty","item":"https:\/\/ironsky.pl\/sklep\/produkty\/"},{"@type":"ListItem","position":3,"name":"Akumulator GENS ACE G-Tech 5000mAh 11.1V 60C 3S1P XT60"}]},{"@type":"WebSite","@id":"https:\/\/ironsky.pl\/sklep\/#website","url":"https:\/\/ironsky.pl\/sklep\/","name":"IRONSKY.PL Sklep z Dronami","description":"IRONSKY.PL Sklep z Dronami","potentialAction":[{"@type":"SearchAction","target":{"@type":"EntryPoint","urlTemplate":"https:\/\/ironsky.pl\/sklep\/?s={search_term_string}"},"query-input":{"@type":"PropertyValueSpecification","valueRequired":true,"valueName":"search_term_string"}}],"inLanguage":"pl-PL"}]}},"_links":{"self":[{"href":"https:\/\/ironsky.pl\/sklep\/wp-json\/wp\/v2\/product\/58523","targetHints":{"allow":["GET"]}}],"collection":[{"href":"https:\/\/ironsky.pl\/sklep\/wp-json\/wp\/v2\/product"}],"about":[{"href":"https:\/\/ironsky.pl\/sklep\/wp-json\/wp\/v2\/types\/product"}],"replies":[{"embeddable":true,"href":"https:\/\/ironsky.pl\/sklep\/wp-json\/wp\/v2\/comments?post=58523"}],"wp:featuredmedia":[{"embeddable":true,"href":"https:\/\/ironsky.pl\/sklep\/wp-json\/wp\/v2\/media\/58524"}],"wp:attachment":[{"href":"https:\/\/ironsky.pl\/sklep\/wp-json\/wp\/v2\/media?parent=58523"}],"wp:term":[{"taxonomy":"product_brand","embeddable":true,"href":"https:\/\/ironsky.pl\/sklep\/wp-json\/wp\/v2\/product_brand?post=58523"},{"taxonomy":"product_cat","embeddable":true,"href":"https:\/\/ironsky.pl\/sklep\/wp-json\/wp\/v2\/product_cat?post=58523"},{"taxonomy":"product_tag","embeddable":true,"href":"https:\/\/ironsky.pl\/sklep\/wp-json\/wp\/v2\/product_tag?post=58523"}],"curies":[{"name":"wp","href":"https:\/\/api.w.org\/{rel}","templated":true}]}}