{"id":58495,"date":"2026-04-15T10:37:33","date_gmt":"2026-04-15T08:37:33","guid":{"rendered":"https:\/\/ironsky.pl\/sklep\/produkt\/zestaw-wizytowek-aluminiowych-laserpecker-100szt\/"},"modified":"2026-04-15T10:37:39","modified_gmt":"2026-04-15T08:37:39","slug":"zestaw-wizytowek-aluminiowych-laserpecker-100szt","status":"publish","type":"product","link":"https:\/\/ironsky.pl\/sklep\/produkt\/zestaw-wizytowek-aluminiowych-laserpecker-100szt\/","title":{"rendered":"Zestaw wizyt\u00f3wek aluminiowych LASERPECKER 100szt."},"content":{"rendered":"<h3>Zestaw aluminiowych wizyt\u00f3wek LaserPecker (100 szt.)<\/h3>\n<p>Zestaw zawiera 100 aluminiowych blaszek, na kt\u00f3rych mo\u017cesz grawerowa\u0107 dowolne napisy i wzory. To doskona\u0142y spos\u00f3b na stworzenie spersonalizowanych kart prezentowych, wizyt\u00f3wek, tabliczek imiennych, tablic na drzwi i nie tylko. Kolor grawera b\u0119dzie bia\u0142y lub zbli\u017cony do bia\u0142ego. Do wykonania blaszek zastosowano trwa\u0142y stop aluminium, kt\u00f3ry jest wyj\u0105tkowo lekki, a zarazem trwa\u0142y i odporny na zginanie, uszkodzenia oraz rdz\u0119. Uwaga: najlepsze efekty uzyskasz przy u\u017cyciu grawerki LaserPecker LP2, LP3 lub LP4.<\/p>\n<p>\n<img decoding=\"async\" src=\"https:\/\/assets.innpro.pl\/6294\/7388\/3.jpg\" border=\"0\" \/>\n<\/p>\n<div class=\"table-wrapper\">\n<p>\u00a0<\/p>\n<h3><\/h3>\n<table>\n<tbody>\n<tr>\n<th>Producent<\/th>\n<td>LaserPecker<\/td>\n<\/tr>\n<tr>\n<th>Model<\/th>\n<td>LP100BC<\/td>\n<\/tr>\n<tr>\n<th>Materia\u0142<\/th>\n<td>Stop aluminium<\/td>\n<\/tr>\n<tr>\n<th>Wymiary<\/th>\n<td>85 x 55 x 0,1 mm<\/td>\n<\/tr>\n<tr>\n<th>Liczba sztuk w zestawie<\/th>\n<td>100<\/td>\n<\/tr>\n<\/tbody>\n<\/table>\n<\/div>\n","protected":false},"excerpt":{"rendered":"<p>Zestaw aluminiowych wizyt\u00f3wek LaserPecker (100 szt.) Zestaw zawiera 100 aluminiowych blaszek, na kt\u00f3rych mo\u017cesz grawerowa\u0107 dowolne napisy i wzory. To<\/p>\n","protected":false},"featured_media":44873,"comment_status":"closed","ping_status":"open","template":"","meta":{"_acf_changed":false},"product_brand":[],"product_cat":[6220,6218,6217],"product_tag":[],"class_list":{"0":"post-58495","1":"product","2":"type-product","3":"status-publish","4":"has-post-thumbnail","6":"product_cat-akcesoria-grawerki-i-wycinarki-laserowe","7":"product_cat-grawerki-i-wycinarki-laserowe","8":"product_cat-technologie-kreatywne","9":"pa_producent-laserpecker","11":"first","12":"outofstock","13":"taxable","14":"shipping-taxable","15":"purchasable","16":"product-type-simple"},"acf":[],"yoast_head":"<!-- This site is optimized with the Yoast SEO plugin v27.2 - https:\/\/yoast.com\/product\/yoast-seo-wordpress\/ -->\n<title>Zestaw wizyt\u00f3wek aluminiowych LASERPECKER 100szt. - IRONSKY.PL Sklep z Dronami<\/title>\n<meta name=\"description\" content=\"Zestaw wizyt\u00f3wek aluminiowych LASERPECKER 100szt. - \u2705 sklep z dronami i fachowym doradztwem. \u2705 Tutaj kupisz produkty DJI, Yuneec, Parrot, Syma i wiele innych, a tak\u017ce kursy i licencje na operatora drona.\" \/>\n<meta name=\"robots\" content=\"index, follow, max-snippet:-1, max-image-preview:large, max-video-preview:-1\" \/>\n<link rel=\"canonical\" href=\"https:\/\/ironsky.pl\/sklep\/produkt\/zestaw-wizytowek-aluminiowych-laserpecker-100szt\/\" \/>\n<meta property=\"og:locale\" content=\"pl_PL\" \/>\n<meta property=\"og:type\" content=\"article\" \/>\n<meta property=\"og:title\" content=\"Zestaw wizyt\u00f3wek aluminiowych LASERPECKER 100szt. - IRONSKY.PL Sklep z Dronami\" \/>\n<meta property=\"og:description\" content=\"Zestaw wizyt\u00f3wek aluminiowych LASERPECKER 100szt. - \u2705 sklep z dronami i fachowym doradztwem. \u2705 Tutaj kupisz produkty DJI, Yuneec, Parrot, Syma i wiele innych, a tak\u017ce kursy i licencje na operatora drona.\" \/>\n<meta property=\"og:url\" content=\"https:\/\/ironsky.pl\/sklep\/produkt\/zestaw-wizytowek-aluminiowych-laserpecker-100szt\/\" \/>\n<meta property=\"og:site_name\" content=\"IRONSKY.PL Sklep z Dronami\" \/>\n<meta property=\"article:modified_time\" content=\"2026-04-15T08:37:39+00:00\" \/>\n<meta property=\"og:image\" content=\"https:\/\/ironsky.pl\/sklep\/wp-content\/uploads\/2025\/06\/42713_3.jpg\" \/>\n\t<meta property=\"og:image:width\" content=\"800\" \/>\n\t<meta property=\"og:image:height\" content=\"800\" \/>\n\t<meta property=\"og:image:type\" content=\"image\/jpeg\" \/>\n<meta name=\"twitter:card\" content=\"summary_large_image\" \/>\n<meta name=\"twitter:label1\" content=\"Szacowany czas czytania\" \/>\n\t<meta name=\"twitter:data1\" content=\"1 minuta\" \/>\n<script type=\"application\/ld+json\" class=\"yoast-schema-graph\">{\"@context\":\"https:\/\/schema.org\",\"@graph\":[{\"@type\":\"WebPage\",\"@id\":\"https:\/\/ironsky.pl\/sklep\/produkt\/zestaw-wizytowek-aluminiowych-laserpecker-100szt\/\",\"url\":\"https:\/\/ironsky.pl\/sklep\/produkt\/zestaw-wizytowek-aluminiowych-laserpecker-100szt\/\",\"name\":\"Zestaw wizyt\u00f3wek aluminiowych LASERPECKER 100szt. - IRONSKY.PL Sklep z Dronami\",\"isPartOf\":{\"@id\":\"https:\/\/ironsky.pl\/sklep\/#website\"},\"primaryImageOfPage\":{\"@id\":\"https:\/\/ironsky.pl\/sklep\/produkt\/zestaw-wizytowek-aluminiowych-laserpecker-100szt\/#primaryimage\"},\"image\":{\"@id\":\"https:\/\/ironsky.pl\/sklep\/produkt\/zestaw-wizytowek-aluminiowych-laserpecker-100szt\/#primaryimage\"},\"thumbnailUrl\":\"https:\/\/ironsky.pl\/sklep\/wp-content\/uploads\/2025\/06\/42713_3.jpg\",\"datePublished\":\"2026-04-15T08:37:33+00:00\",\"dateModified\":\"2026-04-15T08:37:39+00:00\",\"description\":\"Zestaw wizyt\u00f3wek aluminiowych LASERPECKER 100szt. - \u2705 sklep z dronami i fachowym doradztwem. \u2705 Tutaj kupisz produkty DJI, Yuneec, Parrot, Syma i wiele innych, a tak\u017ce kursy i licencje na operatora drona.\",\"breadcrumb\":{\"@id\":\"https:\/\/ironsky.pl\/sklep\/produkt\/zestaw-wizytowek-aluminiowych-laserpecker-100szt\/#breadcrumb\"},\"inLanguage\":\"pl-PL\",\"potentialAction\":[{\"@type\":\"ReadAction\",\"target\":[\"https:\/\/ironsky.pl\/sklep\/produkt\/zestaw-wizytowek-aluminiowych-laserpecker-100szt\/\"]}]},{\"@type\":\"ImageObject\",\"inLanguage\":\"pl-PL\",\"@id\":\"https:\/\/ironsky.pl\/sklep\/produkt\/zestaw-wizytowek-aluminiowych-laserpecker-100szt\/#primaryimage\",\"url\":\"https:\/\/ironsky.pl\/sklep\/wp-content\/uploads\/2025\/06\/42713_3.jpg\",\"contentUrl\":\"https:\/\/ironsky.pl\/sklep\/wp-content\/uploads\/2025\/06\/42713_3.jpg\",\"width\":800,\"height\":800},{\"@type\":\"BreadcrumbList\",\"@id\":\"https:\/\/ironsky.pl\/sklep\/produkt\/zestaw-wizytowek-aluminiowych-laserpecker-100szt\/#breadcrumb\",\"itemListElement\":[{\"@type\":\"ListItem\",\"position\":1,\"name\":\"Strona g\u0142\u00f3wna\",\"item\":\"https:\/\/ironsky.pl\/sklep\/\"},{\"@type\":\"ListItem\",\"position\":2,\"name\":\"Wszystkie produkty\",\"item\":\"https:\/\/ironsky.pl\/sklep\/produkty\/\"},{\"@type\":\"ListItem\",\"position\":3,\"name\":\"Zestaw wizyt\u00f3wek aluminiowych LASERPECKER 100szt.\"}]},{\"@type\":\"WebSite\",\"@id\":\"https:\/\/ironsky.pl\/sklep\/#website\",\"url\":\"https:\/\/ironsky.pl\/sklep\/\",\"name\":\"IRONSKY.PL Sklep z Dronami\",\"description\":\"IRONSKY.PL Sklep z Dronami\",\"potentialAction\":[{\"@type\":\"SearchAction\",\"target\":{\"@type\":\"EntryPoint\",\"urlTemplate\":\"https:\/\/ironsky.pl\/sklep\/?s={search_term_string}\"},\"query-input\":{\"@type\":\"PropertyValueSpecification\",\"valueRequired\":true,\"valueName\":\"search_term_string\"}}],\"inLanguage\":\"pl-PL\"}]}<\/script>\n<!-- \/ Yoast SEO plugin. -->","yoast_head_json":{"title":"Zestaw wizyt\u00f3wek aluminiowych LASERPECKER 100szt. - IRONSKY.PL Sklep z Dronami","description":"Zestaw wizyt\u00f3wek aluminiowych LASERPECKER 100szt. - \u2705 sklep z dronami i fachowym doradztwem. \u2705 Tutaj kupisz produkty DJI, Yuneec, Parrot, Syma i wiele innych, a tak\u017ce kursy i licencje na operatora drona.","robots":{"index":"index","follow":"follow","max-snippet":"max-snippet:-1","max-image-preview":"max-image-preview:large","max-video-preview":"max-video-preview:-1"},"canonical":"https:\/\/ironsky.pl\/sklep\/produkt\/zestaw-wizytowek-aluminiowych-laserpecker-100szt\/","og_locale":"pl_PL","og_type":"article","og_title":"Zestaw wizyt\u00f3wek aluminiowych LASERPECKER 100szt. - IRONSKY.PL Sklep z Dronami","og_description":"Zestaw wizyt\u00f3wek aluminiowych LASERPECKER 100szt. - \u2705 sklep z dronami i fachowym doradztwem. \u2705 Tutaj kupisz produkty DJI, Yuneec, Parrot, Syma i wiele innych, a tak\u017ce kursy i licencje na operatora drona.","og_url":"https:\/\/ironsky.pl\/sklep\/produkt\/zestaw-wizytowek-aluminiowych-laserpecker-100szt\/","og_site_name":"IRONSKY.PL Sklep z Dronami","article_modified_time":"2026-04-15T08:37:39+00:00","og_image":[{"width":800,"height":800,"url":"https:\/\/ironsky.pl\/sklep\/wp-content\/uploads\/2025\/06\/42713_3.jpg","type":"image\/jpeg"}],"twitter_card":"summary_large_image","twitter_misc":{"Szacowany czas czytania":"1 minuta"},"schema":{"@context":"https:\/\/schema.org","@graph":[{"@type":"WebPage","@id":"https:\/\/ironsky.pl\/sklep\/produkt\/zestaw-wizytowek-aluminiowych-laserpecker-100szt\/","url":"https:\/\/ironsky.pl\/sklep\/produkt\/zestaw-wizytowek-aluminiowych-laserpecker-100szt\/","name":"Zestaw wizyt\u00f3wek aluminiowych LASERPECKER 100szt. - IRONSKY.PL Sklep z Dronami","isPartOf":{"@id":"https:\/\/ironsky.pl\/sklep\/#website"},"primaryImageOfPage":{"@id":"https:\/\/ironsky.pl\/sklep\/produkt\/zestaw-wizytowek-aluminiowych-laserpecker-100szt\/#primaryimage"},"image":{"@id":"https:\/\/ironsky.pl\/sklep\/produkt\/zestaw-wizytowek-aluminiowych-laserpecker-100szt\/#primaryimage"},"thumbnailUrl":"https:\/\/ironsky.pl\/sklep\/wp-content\/uploads\/2025\/06\/42713_3.jpg","datePublished":"2026-04-15T08:37:33+00:00","dateModified":"2026-04-15T08:37:39+00:00","description":"Zestaw wizyt\u00f3wek aluminiowych LASERPECKER 100szt. - \u2705 sklep z dronami i fachowym doradztwem. \u2705 Tutaj kupisz produkty DJI, Yuneec, Parrot, Syma i wiele innych, a tak\u017ce kursy i licencje na operatora drona.","breadcrumb":{"@id":"https:\/\/ironsky.pl\/sklep\/produkt\/zestaw-wizytowek-aluminiowych-laserpecker-100szt\/#breadcrumb"},"inLanguage":"pl-PL","potentialAction":[{"@type":"ReadAction","target":["https:\/\/ironsky.pl\/sklep\/produkt\/zestaw-wizytowek-aluminiowych-laserpecker-100szt\/"]}]},{"@type":"ImageObject","inLanguage":"pl-PL","@id":"https:\/\/ironsky.pl\/sklep\/produkt\/zestaw-wizytowek-aluminiowych-laserpecker-100szt\/#primaryimage","url":"https:\/\/ironsky.pl\/sklep\/wp-content\/uploads\/2025\/06\/42713_3.jpg","contentUrl":"https:\/\/ironsky.pl\/sklep\/wp-content\/uploads\/2025\/06\/42713_3.jpg","width":800,"height":800},{"@type":"BreadcrumbList","@id":"https:\/\/ironsky.pl\/sklep\/produkt\/zestaw-wizytowek-aluminiowych-laserpecker-100szt\/#breadcrumb","itemListElement":[{"@type":"ListItem","position":1,"name":"Strona g\u0142\u00f3wna","item":"https:\/\/ironsky.pl\/sklep\/"},{"@type":"ListItem","position":2,"name":"Wszystkie produkty","item":"https:\/\/ironsky.pl\/sklep\/produkty\/"},{"@type":"ListItem","position":3,"name":"Zestaw wizyt\u00f3wek aluminiowych LASERPECKER 100szt."}]},{"@type":"WebSite","@id":"https:\/\/ironsky.pl\/sklep\/#website","url":"https:\/\/ironsky.pl\/sklep\/","name":"IRONSKY.PL Sklep z Dronami","description":"IRONSKY.PL Sklep z Dronami","potentialAction":[{"@type":"SearchAction","target":{"@type":"EntryPoint","urlTemplate":"https:\/\/ironsky.pl\/sklep\/?s={search_term_string}"},"query-input":{"@type":"PropertyValueSpecification","valueRequired":true,"valueName":"search_term_string"}}],"inLanguage":"pl-PL"}]}},"_links":{"self":[{"href":"https:\/\/ironsky.pl\/sklep\/wp-json\/wp\/v2\/product\/58495","targetHints":{"allow":["GET"]}}],"collection":[{"href":"https:\/\/ironsky.pl\/sklep\/wp-json\/wp\/v2\/product"}],"about":[{"href":"https:\/\/ironsky.pl\/sklep\/wp-json\/wp\/v2\/types\/product"}],"replies":[{"embeddable":true,"href":"https:\/\/ironsky.pl\/sklep\/wp-json\/wp\/v2\/comments?post=58495"}],"wp:featuredmedia":[{"embeddable":true,"href":"https:\/\/ironsky.pl\/sklep\/wp-json\/wp\/v2\/media\/44873"}],"wp:attachment":[{"href":"https:\/\/ironsky.pl\/sklep\/wp-json\/wp\/v2\/media?parent=58495"}],"wp:term":[{"taxonomy":"product_brand","embeddable":true,"href":"https:\/\/ironsky.pl\/sklep\/wp-json\/wp\/v2\/product_brand?post=58495"},{"taxonomy":"product_cat","embeddable":true,"href":"https:\/\/ironsky.pl\/sklep\/wp-json\/wp\/v2\/product_cat?post=58495"},{"taxonomy":"product_tag","embeddable":true,"href":"https:\/\/ironsky.pl\/sklep\/wp-json\/wp\/v2\/product_tag?post=58495"}],"curies":[{"name":"wp","href":"https:\/\/api.w.org\/{rel}","templated":true}]}}