{"id":58494,"date":"2026-04-15T10:37:33","date_gmt":"2026-04-15T08:37:33","guid":{"rendered":"https:\/\/ironsky.pl\/sklep\/produkt\/zywica-anycubic-standardowa-szara\/"},"modified":"2026-04-15T10:37:37","modified_gmt":"2026-04-15T08:37:37","slug":"zywica-anycubic-standardowa-szara","status":"publish","type":"product","link":"https:\/\/ironsky.pl\/sklep\/produkt\/zywica-anycubic-standardowa-szara\/","title":{"rendered":"\u017bywica ANYCUBIC standardowa (szara)"},"content":{"rendered":"<h3>\u017bywica standardowa AnyCubic (Szara)<\/h3>\n<p>\u017bywica standardowa AnyCubic wyr\u00f3\u017cnia si\u0119 doskona\u0142\u0105 przyczepno\u015bci\u0105 i trwa\u0142o\u015bci\u0105. Doskonale nadaje si\u0119 nawet dla pocz\u0105tkuj\u0105cych u\u017cytkownik\u00f3w. Pozwala uzyska\u0107 imponuj\u0105c\u0105 pr\u0119dko\u015b\u0107 drukowania i niedo\u015bcignion\u0105 precyzj\u0119 \u2013 \u015bwietnie sprawdzi si\u0119 w wypadku bardzo szczeg\u00f3\u0142owych modeli. Jest przy tym bardzo prosta w czyszczeniu.<\/p>\n<p><img decoding=\"async\" src=\"https:\/\/assets.innpro.pl\/6121\/7185\/1.jpg\" border=\"0\" \/><\/p>\n<h3>Wyj\u0105tkowa wytrzyma\u0142o\u015b\u0107<\/h3>\n<p>Postaw na idealne po\u0142\u0105czenie wytrzyma\u0142o\u015bci i spr\u0119\u017cysto\u015bci. \u017bywica standardowa AnyCubic wyr\u00f3\u017cnia si\u0119 twardo\u015bci\u0105 oko\u0142o 85 HS, wytrzyma\u0142o\u015bci\u0105 na zginanie na poziomie 50-60 MPa oraz gi\u0119tko\u015bci\u0105 si\u0119gaj\u0105c\u0105 1400-1600 MPa. Jej czyszczenie r\u00f3wnie\u017c nie sprawi Ci problemu. Korzystaj\u0105c z niej, nie musisz te\u017c obawia\u0107 si\u0119 nieprzyjemnych zapach\u00f3w.<\/p>\n<p><img decoding=\"async\" src=\"https:\/\/assets.innpro.pl\/6121\/7185\/3.jpg\" border=\"0\" \/><\/p>\n<h3>Niesamowita precyzja<\/h3>\n<p>Teraz bez problemu zadbasz o ka\u017cdy, najdrobniejszy nawet detal. \u017bywica zapewnia precyzj\u0119 odlewu na poziomie \u00b1 0,2 mm \u2013 mo\u017cesz te\u017c kontrolowa\u0107 j\u0105 w zakresie \u00b1 0,1 mm w zale\u017cno\u015bci od rodzaju u\u017cywanego urz\u0105dzenia. Dzi\u0119ki temu z \u0142atwo\u015bci\u0105 wydrukujesz wysokiej jako\u015bci, bogate w szczeg\u00f3\u0142y modele!<\/p>\n<p><img decoding=\"async\" src=\"https:\/\/assets.innpro.pl\/6121\/7185\/4.jpg\" border=\"0\" \/><\/p>\n<h3>Szybkie drukowanie<\/h3>\n<p>Nie tra\u0107 czasu na przed\u0142u\u017caj\u0105ce si\u0119 oczekiwanie, a\u017c Tw\u00f3j model zostanie wydrukowany. \u017bywica wyr\u00f3\u017cnia si\u0119 doskona\u0142\u0105 p\u0142ynno\u015bci\u0105, dzi\u0119ki czemu szybko si\u0119 rozpuszcza i pozwala skr\u00f3ci\u0107 proces drukowania. Teraz Twoje wydruki b\u0119d\u0105 gotowe w mgnieniu oka!<\/p>\n<p><img decoding=\"async\" src=\"https:\/\/assets.innpro.pl\/6121\/7185\/5.jpg\" border=\"0\" \/><\/p>\n<h3>Szeroka kompatybilno\u015b\u0107<\/h3>\n<p>Zapomnij o problemach z kompatybilno\u015bci\u0105. \u017bywica standardowa AnyCubic pasuje do wi\u0119kszo\u015bci popularnych drukarek 3D LCD oraz DLP. Mo\u017cesz wi\u0119c tworzy\u0107 szczeg\u00f3\u0142owe wydruki niezale\u017cnie od tego, jaki sprz\u0119t posiadasz!<\/p>\n<p><img decoding=\"async\" src=\"https:\/\/assets.innpro.pl\/6121\/7185\/2.jpg\" border=\"0\" \/><\/p>\n<p>\u00a0<\/p>\n<table border=\"1\" cellspacing=\"0\" cellpadding=\"5\">\n<thead>\n<tr>\n<th colspan=\"2\">2.2. Elementy oznakowania<\/th>\n<\/tr>\n<\/thead>\n<tbody>\n<tr>\n<td><strong>UFI<\/strong><\/td>\n<td>FU9T-F5WA-E00G-07E7 \/\u00a0FCF9-P061-W104-KFYV<\/td>\n<\/tr>\n<tr>\n<td colspan=\"2\"><strong>Oznakowanie zgodne z rozporz\u0105dzeniem (WE) nr 1272\/2008 [CLP]<\/strong><\/td>\n<\/tr>\n<tr>\n<td>Piktogramy zagro\u017ce\u0144 (CLP)<\/td>\n<td><img decoding=\"async\" src=\"https:\/\/b2b.innpro.pl\/data\/include\/cms\/Karta-charakterystyki\/GHS07.jpeg\" border=\"0\" alt=\"GHS07 \u2013 Dzia\u0142anie dra\u017cni\u0105ce\" width=\"50\" height=\"50\" \/><br \/> GHS07<\/td>\n<\/tr>\n<tr>\n<td>Has\u0142o ostrzegawcze<\/td>\n<td>UWAGA<\/td>\n<\/tr>\n<tr>\n<td>Zawiera<\/td>\n<td>2-oksepanon, homopolimer, ester 2-[(1-okso-2-propen-1-ylo)oksy]etylowy; diakrylan 2,2\u2032-(etylenodioksy)dietylu; propylidynotrimetanol, etoksylowany, estry z kwasem akrylowym; diakrylan 2-[[2,2-bis[[[(1-oksoallilo)oksy]metylo]butoksy]metylo]-2-etylo-1,3-propanodiolu; fenylo(2,4,6-trimetylobenzoilo)fosfinian etylu<\/td>\n<\/tr>\n<tr>\n<td>Zwroty wskazuj\u0105ce rodzaj zagro\u017cenia (CLP)<\/td>\n<td>H315: Dzia\u0142a dra\u017cni\u0105co na sk\u00f3r\u0119.<br \/> H317: Mo\u017ce powodowa\u0107 reakcj\u0119 alergiczn\u0105 sk\u00f3ry.<br \/> H319: Dzia\u0142a dra\u017cni\u0105co na oczy.<br \/> H335: Mo\u017ce powodowa\u0107 podra\u017cnienie dr\u00f3g oddechowych.<br \/> H412: Dzia\u0142a szkodliwie na organizmy wodne, powoduj\u0105c d\u0142ugotrwa\u0142e skutki.<\/td>\n<\/tr>\n<tr>\n<td>O\u015bwiadczenia dotycz\u0105ce \u015brodk\u00f3w ostro\u017cno\u015bci (CLP)<\/td>\n<td>P101: W razie konieczno\u015bci zasi\u0119gni\u0119cia porady lekarza nale\u017cy pokaza\u0107 pojemnik lub etykiet\u0119.<br \/> P102: Chroni\u0107 przed dzie\u0107mi.<br \/> P264: Dok\u0142adnie umy\u0107 r\u0119ce po u\u017cyciu.<br \/> P280: Stosowa\u0107 r\u0119kawice ochronne, odzie\u017c ochronn\u0105, ochron\u0119 oczu\/ochron\u0119 twarzy.<br \/> P273: Unika\u0107 uwolnienia do \u015brodowiska.<br \/> P261: Unika\u0107 wdychania rozpylonej cieczy.<br \/> P302+P352: W PRZYPADKU KONTAKTU ZE SK\u00d3R\u0104: Umy\u0107 du\u017c\u0105 ilo\u015bci\u0105 wody i myd\u0142em.<br \/> P304+P340: W PRZYPADKU DOSTANIA SI\u0118 DO DR\u00d3G ODDECHOWYCH: wyprowadzi\u0107 lub wynie\u015b\u0107 poszkodowanego na \u015bwie\u017ce powietrze i zapewni\u0107 warunki do odpoczynku w pozycji umo\u017cliwiaj\u0105cej swobodne oddychanie.<br \/> P305+P351+P338: W PRZYPADKU DOSTANIA SI\u0118 DO OCZU: Ostro\u017cnie p\u0142uka\u0107 wod\u0105 przez kilka minut. Wyj\u0105\u0107 soczewki kontaktowe, je\u017celi s\u0105 i mo\u017cna je \u0142atwo usun\u0105\u0107. Nadal p\u0142uka\u0107.<br \/> P333+P313: W przypadku wyst\u0105pienia podra\u017cnienia sk\u00f3ry lub wysypki: Zasi\u0119gn\u0105\u0107 porady\/zg\u0142osi\u0107 si\u0119 pod opiek\u0119 lekarza.<br \/> P501: Utylizowa\u0107 zawarto\u015b\u0107\/pojemnik zgodnie z przepisami lokalnymi\/regionalnymi\/narodowymi\/mi\u0119dzynarodowymi.<\/td>\n<\/tr>\n<tr>\n<td>Zabezpieczenie odporne na otwarcie przez dzieci<\/td>\n<td>Nie dotyczy.<\/td>\n<\/tr>\n<tr>\n<td>Ostrze\u017cenie dotykowe<\/td>\n<td>Nie dotyczy.<\/td>\n<\/tr>\n<\/tbody>\n<\/table>\n<p>\u00a0<\/p>\n<p><strong>Pobierz:<\/strong> <a href=\"https:\/\/cdn-files.innpro.pl\/anycubic\/6974662350350\/karta_charakterystyki\/6974662350350_6974662350404_6974662350411_karta_charakterystyki_1.pdf\"><strong>Karta Charakterystyki 1<\/strong><\/a><\/p>\n<p><strong>Pobierz:<\/strong> <a href=\"https:\/\/cdn-files.innpro.pl\/anycubic\/6974662350350\/karta_charakterystyki\/6974662350350_6974662350404_6974662350411_karta_charakterystyki_2.pdf\"><strong>Karta Charakterystyki 2<\/strong><\/a><\/p>\n<div class=\"table-wrapper\">\n<p>\u00a0<\/p>\n<h3>\u00a0<\/h3>\n<table>\n<tbody>\n<tr>\n<th>Producent<\/th>\n<td>AnyCubic<\/td>\n<\/tr>\n<tr>\n<th>Model<\/th>\n<td>SPTGY-104E<\/td>\n<\/tr>\n<tr>\n<th>Kolor<\/th>\n<td>Szary<\/td>\n<\/tr>\n<tr>\n<th>D\u0142ugo\u015b\u0107 fali<\/th>\n<td>365-405 nm<\/td>\n<\/tr>\n<tr>\n<th>G\u0119sto\u015b\u0107<\/th>\n<td>1,13 g\/cm3<\/td>\n<\/tr>\n<tr>\n<th>Lepko\u015b\u0107<\/th>\n<td>200-230 cP \/ mPa\u22c5s<\/td>\n<\/tr>\n<tr>\n<th>Twardo\u015b\u0107 powierzchni<\/th>\n<td>84-86 HS<\/td>\n<\/tr>\n<tr>\n<th>Wytrzyma\u0142o\u015b\u0107 na rozci\u0105ganie<\/th>\n<td>40-50 MPa<\/td>\n<\/tr>\n<tr>\n<th>Maks. wyd\u0142u\u017cenie do zerwania<\/th>\n<td>12-16%<\/td>\n<\/tr>\n<tr>\n<th>Kurczliwo\u015b\u0107<\/th>\n<td>4,5-5,5%<\/td>\n<\/tr>\n<tr>\n<th>Wytrzyma\u0142o\u015b\u0107 na zginanie<\/th>\n<td>50-60 MPa<\/td>\n<\/tr>\n<tr>\n<th>Gi\u0119tko\u015b\u0107<\/th>\n<td>1400-1600 MPa<\/td>\n<\/tr>\n<tr>\n<th>Okres konserwacji<\/th>\n<td>18 miesi\u0119cy<\/td>\n<\/tr>\n<tr>\n<th>Waga<\/th>\n<td>1 kg<\/td>\n<\/tr>\n<\/tbody>\n<\/table>\n<\/div>\n","protected":false},"excerpt":{"rendered":"<p>\u017bywica standardowa AnyCubic (Szara) \u017bywica standardowa AnyCubic wyr\u00f3\u017cnia si\u0119 doskona\u0142\u0105 przyczepno\u015bci\u0105 i trwa\u0142o\u015bci\u0105. Doskonale nadaje si\u0119 nawet dla pocz\u0105tkuj\u0105cych u\u017cytkownik\u00f3w.<\/p>\n","protected":false},"featured_media":44865,"comment_status":"closed","ping_status":"open","template":"","meta":{"_acf_changed":false},"product_brand":[],"product_cat":[6222,6217,6227],"product_tag":[],"class_list":{"0":"post-58494","1":"product","2":"type-product","3":"status-publish","4":"has-post-thumbnail","6":"product_cat-druk-3d-technologie-kreatywne","7":"product_cat-technologie-kreatywne","8":"product_cat-zywice-druk-3d-technologie-kreatywne","9":"pa_okres-gwarancji-5757","10":"pa_producent-anycubic","12":"first","13":"outofstock","14":"taxable","15":"shipping-taxable","16":"purchasable","17":"product-type-simple"},"acf":[],"yoast_head":"<!-- This site is optimized with the Yoast SEO plugin v27.2 - https:\/\/yoast.com\/product\/yoast-seo-wordpress\/ -->\n<title>\u017bywica ANYCUBIC standardowa (szara) - IRONSKY.PL Sklep z Dronami<\/title>\n<meta name=\"description\" content=\"\u017bywica ANYCUBIC standardowa (szara) - \u2705 sklep z dronami i fachowym doradztwem. \u2705 Tutaj kupisz produkty DJI, Yuneec, Parrot, Syma i wiele innych, a tak\u017ce kursy i licencje na operatora drona.\" \/>\n<meta name=\"robots\" content=\"index, follow, max-snippet:-1, max-image-preview:large, max-video-preview:-1\" \/>\n<link rel=\"canonical\" href=\"https:\/\/ironsky.pl\/sklep\/produkt\/zywica-anycubic-standardowa-szara\/\" \/>\n<meta property=\"og:locale\" content=\"pl_PL\" \/>\n<meta property=\"og:type\" content=\"article\" \/>\n<meta property=\"og:title\" content=\"\u017bywica ANYCUBIC standardowa (szara) - IRONSKY.PL Sklep z Dronami\" \/>\n<meta property=\"og:description\" content=\"\u017bywica ANYCUBIC standardowa (szara) - \u2705 sklep z dronami i fachowym doradztwem. \u2705 Tutaj kupisz produkty DJI, Yuneec, Parrot, Syma i wiele innych, a tak\u017ce kursy i licencje na operatora drona.\" \/>\n<meta property=\"og:url\" content=\"https:\/\/ironsky.pl\/sklep\/produkt\/zywica-anycubic-standardowa-szara\/\" \/>\n<meta property=\"og:site_name\" content=\"IRONSKY.PL Sklep z Dronami\" \/>\n<meta property=\"article:modified_time\" content=\"2026-04-15T08:37:37+00:00\" \/>\n<meta property=\"og:image\" content=\"https:\/\/ironsky.pl\/sklep\/wp-content\/uploads\/2025\/06\/42697_3.jpg\" \/>\n\t<meta property=\"og:image:width\" content=\"800\" \/>\n\t<meta property=\"og:image:height\" content=\"800\" \/>\n\t<meta property=\"og:image:type\" content=\"image\/jpeg\" \/>\n<meta name=\"twitter:card\" content=\"summary_large_image\" \/>\n<meta name=\"twitter:label1\" content=\"Szacowany czas czytania\" \/>\n\t<meta name=\"twitter:data1\" content=\"3 minuty\" \/>\n<script type=\"application\/ld+json\" class=\"yoast-schema-graph\">{\"@context\":\"https:\/\/schema.org\",\"@graph\":[{\"@type\":\"WebPage\",\"@id\":\"https:\/\/ironsky.pl\/sklep\/produkt\/zywica-anycubic-standardowa-szara\/\",\"url\":\"https:\/\/ironsky.pl\/sklep\/produkt\/zywica-anycubic-standardowa-szara\/\",\"name\":\"\u017bywica ANYCUBIC standardowa (szara) - IRONSKY.PL Sklep z Dronami\",\"isPartOf\":{\"@id\":\"https:\/\/ironsky.pl\/sklep\/#website\"},\"primaryImageOfPage\":{\"@id\":\"https:\/\/ironsky.pl\/sklep\/produkt\/zywica-anycubic-standardowa-szara\/#primaryimage\"},\"image\":{\"@id\":\"https:\/\/ironsky.pl\/sklep\/produkt\/zywica-anycubic-standardowa-szara\/#primaryimage\"},\"thumbnailUrl\":\"https:\/\/ironsky.pl\/sklep\/wp-content\/uploads\/2025\/06\/42697_3.jpg\",\"datePublished\":\"2026-04-15T08:37:33+00:00\",\"dateModified\":\"2026-04-15T08:37:37+00:00\",\"description\":\"\u017bywica ANYCUBIC standardowa (szara) - \u2705 sklep z dronami i fachowym doradztwem. \u2705 Tutaj kupisz produkty DJI, Yuneec, Parrot, Syma i wiele innych, a tak\u017ce kursy i licencje na operatora drona.\",\"breadcrumb\":{\"@id\":\"https:\/\/ironsky.pl\/sklep\/produkt\/zywica-anycubic-standardowa-szara\/#breadcrumb\"},\"inLanguage\":\"pl-PL\",\"potentialAction\":[{\"@type\":\"ReadAction\",\"target\":[\"https:\/\/ironsky.pl\/sklep\/produkt\/zywica-anycubic-standardowa-szara\/\"]}]},{\"@type\":\"ImageObject\",\"inLanguage\":\"pl-PL\",\"@id\":\"https:\/\/ironsky.pl\/sklep\/produkt\/zywica-anycubic-standardowa-szara\/#primaryimage\",\"url\":\"https:\/\/ironsky.pl\/sklep\/wp-content\/uploads\/2025\/06\/42697_3.jpg\",\"contentUrl\":\"https:\/\/ironsky.pl\/sklep\/wp-content\/uploads\/2025\/06\/42697_3.jpg\",\"width\":800,\"height\":800},{\"@type\":\"BreadcrumbList\",\"@id\":\"https:\/\/ironsky.pl\/sklep\/produkt\/zywica-anycubic-standardowa-szara\/#breadcrumb\",\"itemListElement\":[{\"@type\":\"ListItem\",\"position\":1,\"name\":\"Strona g\u0142\u00f3wna\",\"item\":\"https:\/\/ironsky.pl\/sklep\/\"},{\"@type\":\"ListItem\",\"position\":2,\"name\":\"Wszystkie produkty\",\"item\":\"https:\/\/ironsky.pl\/sklep\/produkty\/\"},{\"@type\":\"ListItem\",\"position\":3,\"name\":\"\u017bywica ANYCUBIC standardowa (szara)\"}]},{\"@type\":\"WebSite\",\"@id\":\"https:\/\/ironsky.pl\/sklep\/#website\",\"url\":\"https:\/\/ironsky.pl\/sklep\/\",\"name\":\"IRONSKY.PL Sklep z Dronami\",\"description\":\"IRONSKY.PL Sklep z Dronami\",\"potentialAction\":[{\"@type\":\"SearchAction\",\"target\":{\"@type\":\"EntryPoint\",\"urlTemplate\":\"https:\/\/ironsky.pl\/sklep\/?s={search_term_string}\"},\"query-input\":{\"@type\":\"PropertyValueSpecification\",\"valueRequired\":true,\"valueName\":\"search_term_string\"}}],\"inLanguage\":\"pl-PL\"}]}<\/script>\n<!-- \/ Yoast SEO plugin. -->","yoast_head_json":{"title":"\u017bywica ANYCUBIC standardowa (szara) - IRONSKY.PL Sklep z Dronami","description":"\u017bywica ANYCUBIC standardowa (szara) - \u2705 sklep z dronami i fachowym doradztwem. \u2705 Tutaj kupisz produkty DJI, Yuneec, Parrot, Syma i wiele innych, a tak\u017ce kursy i licencje na operatora drona.","robots":{"index":"index","follow":"follow","max-snippet":"max-snippet:-1","max-image-preview":"max-image-preview:large","max-video-preview":"max-video-preview:-1"},"canonical":"https:\/\/ironsky.pl\/sklep\/produkt\/zywica-anycubic-standardowa-szara\/","og_locale":"pl_PL","og_type":"article","og_title":"\u017bywica ANYCUBIC standardowa (szara) - IRONSKY.PL Sklep z Dronami","og_description":"\u017bywica ANYCUBIC standardowa (szara) - \u2705 sklep z dronami i fachowym doradztwem. \u2705 Tutaj kupisz produkty DJI, Yuneec, Parrot, Syma i wiele innych, a tak\u017ce kursy i licencje na operatora drona.","og_url":"https:\/\/ironsky.pl\/sklep\/produkt\/zywica-anycubic-standardowa-szara\/","og_site_name":"IRONSKY.PL Sklep z Dronami","article_modified_time":"2026-04-15T08:37:37+00:00","og_image":[{"width":800,"height":800,"url":"https:\/\/ironsky.pl\/sklep\/wp-content\/uploads\/2025\/06\/42697_3.jpg","type":"image\/jpeg"}],"twitter_card":"summary_large_image","twitter_misc":{"Szacowany czas czytania":"3 minuty"},"schema":{"@context":"https:\/\/schema.org","@graph":[{"@type":"WebPage","@id":"https:\/\/ironsky.pl\/sklep\/produkt\/zywica-anycubic-standardowa-szara\/","url":"https:\/\/ironsky.pl\/sklep\/produkt\/zywica-anycubic-standardowa-szara\/","name":"\u017bywica ANYCUBIC standardowa (szara) - IRONSKY.PL Sklep z Dronami","isPartOf":{"@id":"https:\/\/ironsky.pl\/sklep\/#website"},"primaryImageOfPage":{"@id":"https:\/\/ironsky.pl\/sklep\/produkt\/zywica-anycubic-standardowa-szara\/#primaryimage"},"image":{"@id":"https:\/\/ironsky.pl\/sklep\/produkt\/zywica-anycubic-standardowa-szara\/#primaryimage"},"thumbnailUrl":"https:\/\/ironsky.pl\/sklep\/wp-content\/uploads\/2025\/06\/42697_3.jpg","datePublished":"2026-04-15T08:37:33+00:00","dateModified":"2026-04-15T08:37:37+00:00","description":"\u017bywica ANYCUBIC standardowa (szara) - \u2705 sklep z dronami i fachowym doradztwem. \u2705 Tutaj kupisz produkty DJI, Yuneec, Parrot, Syma i wiele innych, a tak\u017ce kursy i licencje na operatora drona.","breadcrumb":{"@id":"https:\/\/ironsky.pl\/sklep\/produkt\/zywica-anycubic-standardowa-szara\/#breadcrumb"},"inLanguage":"pl-PL","potentialAction":[{"@type":"ReadAction","target":["https:\/\/ironsky.pl\/sklep\/produkt\/zywica-anycubic-standardowa-szara\/"]}]},{"@type":"ImageObject","inLanguage":"pl-PL","@id":"https:\/\/ironsky.pl\/sklep\/produkt\/zywica-anycubic-standardowa-szara\/#primaryimage","url":"https:\/\/ironsky.pl\/sklep\/wp-content\/uploads\/2025\/06\/42697_3.jpg","contentUrl":"https:\/\/ironsky.pl\/sklep\/wp-content\/uploads\/2025\/06\/42697_3.jpg","width":800,"height":800},{"@type":"BreadcrumbList","@id":"https:\/\/ironsky.pl\/sklep\/produkt\/zywica-anycubic-standardowa-szara\/#breadcrumb","itemListElement":[{"@type":"ListItem","position":1,"name":"Strona g\u0142\u00f3wna","item":"https:\/\/ironsky.pl\/sklep\/"},{"@type":"ListItem","position":2,"name":"Wszystkie produkty","item":"https:\/\/ironsky.pl\/sklep\/produkty\/"},{"@type":"ListItem","position":3,"name":"\u017bywica ANYCUBIC standardowa (szara)"}]},{"@type":"WebSite","@id":"https:\/\/ironsky.pl\/sklep\/#website","url":"https:\/\/ironsky.pl\/sklep\/","name":"IRONSKY.PL Sklep z Dronami","description":"IRONSKY.PL Sklep z Dronami","potentialAction":[{"@type":"SearchAction","target":{"@type":"EntryPoint","urlTemplate":"https:\/\/ironsky.pl\/sklep\/?s={search_term_string}"},"query-input":{"@type":"PropertyValueSpecification","valueRequired":true,"valueName":"search_term_string"}}],"inLanguage":"pl-PL"}]}},"_links":{"self":[{"href":"https:\/\/ironsky.pl\/sklep\/wp-json\/wp\/v2\/product\/58494","targetHints":{"allow":["GET"]}}],"collection":[{"href":"https:\/\/ironsky.pl\/sklep\/wp-json\/wp\/v2\/product"}],"about":[{"href":"https:\/\/ironsky.pl\/sklep\/wp-json\/wp\/v2\/types\/product"}],"replies":[{"embeddable":true,"href":"https:\/\/ironsky.pl\/sklep\/wp-json\/wp\/v2\/comments?post=58494"}],"wp:featuredmedia":[{"embeddable":true,"href":"https:\/\/ironsky.pl\/sklep\/wp-json\/wp\/v2\/media\/44865"}],"wp:attachment":[{"href":"https:\/\/ironsky.pl\/sklep\/wp-json\/wp\/v2\/media?parent=58494"}],"wp:term":[{"taxonomy":"product_brand","embeddable":true,"href":"https:\/\/ironsky.pl\/sklep\/wp-json\/wp\/v2\/product_brand?post=58494"},{"taxonomy":"product_cat","embeddable":true,"href":"https:\/\/ironsky.pl\/sklep\/wp-json\/wp\/v2\/product_cat?post=58494"},{"taxonomy":"product_tag","embeddable":true,"href":"https:\/\/ironsky.pl\/sklep\/wp-json\/wp\/v2\/product_tag?post=58494"}],"curies":[{"name":"wp","href":"https:\/\/api.w.org\/{rel}","templated":true}]}}