{"id":58490,"date":"2026-04-15T10:37:33","date_gmt":"2026-04-15T08:37:33","guid":{"rendered":"https:\/\/ironsky.pl\/sklep\/produkt\/filtr-freewell-uv-do-avata-2\/"},"modified":"2026-04-15T10:37:34","modified_gmt":"2026-04-15T08:37:34","slug":"filtr-freewell-uv-do-avata-2","status":"publish","type":"product","link":"https:\/\/ironsky.pl\/sklep\/produkt\/filtr-freewell-uv-do-avata-2\/","title":{"rendered":"Filtr FREEWELL UV do Avata 2"},"content":{"rendered":"<h3>Filtr UV Freewell do DJI Avata 2<\/h3>\n<p>Filtr zaprojektowany specjalnie dla modeli DJI Avata 2. Jest to wysokiej jako\u015bci szk\u0142o optyczne ze specjalnymi pow\u0142okami chroni\u0105cymi obiektyw przed zarysowaniem, py\u0142em i zabrudzeniem. Filtr UV blokuje \u015bwiat\u0142o ultrafioletowe, dzi\u0119ki czemu unikniesz zamglenia na zdj\u0119ciach i zyskasz ostre, wyra\u017ane obrazy. W zestawie znajdziesz te\u017c etui, kt\u00f3re u\u0142atwi Ci przechowywanie filtra.<\/p>\n<p><img decoding=\"async\" src=\"https:\/\/assets.innpro.pl\/5836\/6858\/1.jpg\" border=\"0\" alt=\"\" \/><\/p>\n<h3>Jeszcze lepsza jako\u015b\u0107 zdj\u0119\u0107<\/h3>\n<p>Filtr zosta\u0142 zaprojektowany po to, by poch\u0142ania\u0107 wi\u0119kszo\u015b\u0107 promieni UV docieraj\u0105cych do obiektywu, zapewniaj\u0105c jednocze\u015bnie neutralno\u015b\u0107 kolor\u00f3w. Lekki filtr jest pokryty specjaln\u0105 pow\u0142ok\u0105, kt\u00f3ra zapewnia optymaln\u0105 jako\u015b\u0107 obrazu, a jednocze\u015bnie chroni obiektyw przed zanieczyszczeniami i zarysowaniem. Teraz Twoje zdj\u0119cia b\u0119d\u0105 jeszcze lepsze, a Ty b\u0119dziesz spokojny o sw\u00f3j obiektyw.<\/p>\n<p><img decoding=\"async\" src=\"https:\/\/assets.innpro.pl\/5836\/6858\/3.jpg\" border=\"0\" alt=\"\" \/><\/p>\n<h3>Technologia GimbalSafe<\/h3>\n<p>Freewell stawia na wysok\u0105 jako\u015b\u0107 wykonania i poddaje swoje produkty rygorystycznym testom, dzi\u0119ki czemu mo\u017cesz mie\u0107 pewno\u015b\u0107, \u017ce Tw\u00f3j dron b\u0119dzie bezpieczny. Filtr posiada ultra lekk\u0105 ramk\u0119, kt\u00f3ra nie obci\u0105\u017ca urz\u0105dzenia i nie wp\u0142ywa na jego r\u00f3wnowag\u0119. Ka\u017cdy lot b\u0119dzie jeszcze bezpieczniejszy z filtrem UV Freewell.<\/p>\n<p><img decoding=\"async\" src=\"https:\/\/assets.innpro.pl\/5836\/6858\/2.jpg\" border=\"0\" alt=\"\" \/><\/p>\n<h3>Ochronna pow\u0142oka<\/h3>\n<p>Dla uzyskania najlepszych efekt\u00f3w w czasie fotografowania w plenerze filtr zyska\u0142 specjaln\u0105 pow\u0142ok\u0119, dzi\u0119ki czemu jest on py\u0142oszczelny i odporny na zarysowania. Zdj\u0119cia zawodnik\u00f3w \u017cu\u017clu? Czemu nie! Tw\u00f3j obiektyw na tym nie ucierpi! Co wi\u0119cej, warstwa oleofobowa zapobiega t\u0142ustym plamom i odciskom palc\u00f3w, dzi\u0119ki czemu utrzymanie filtra w czysto\u015bci nie b\u0119dzie stanowi\u0142o problemu.<\/p>\n<p><img decoding=\"async\" src=\"https:\/\/assets.innpro.pl\/5836\/6858\/5.jpg\" border=\"0\" alt=\"\" \/><\/p>\n<h3>W zestawie<\/h3>\n<ul>\n<li>Filtr<\/li>\n<li>Etu<\/li>\n<\/ul>\n<div class=\"table-wrapper\">\n<p>\u00a0<\/p>\n<table>\n<tbody>\n<tr>\n<th>Producent<\/th>\n<td>Freewell<\/td>\n<\/tr>\n<tr>\n<th>Model<\/th>\n<td>FW-DAV2-UV<\/td>\n<\/tr>\n<tr>\n<th>Kompatybilno\u015b\u0107<\/th>\n<td>DJI Avata 2<\/td>\n<\/tr>\n<tr>\n<th>Typ filtra<\/th>\n<td>UV<\/td>\n<\/tr>\n<tr>\n<th>Pow\u0142oki optyczne<\/th>\n<td>Py\u0142oszczelna, odporna na zarysowania, olejoodporna<\/td>\n<\/tr>\n<\/tbody>\n<\/table>\n<\/div>\n","protected":false},"excerpt":{"rendered":"<p>Filtr UV Freewell do DJI Avata 2 Filtr zaprojektowany specjalnie dla modeli DJI Avata 2. Jest to wysokiej jako\u015bci szk\u0142o<\/p>\n","protected":false},"featured_media":58491,"comment_status":"closed","ping_status":"open","template":"","meta":{"_acf_changed":false},"product_brand":[],"product_cat":[6167,1088,6200],"product_tag":[],"class_list":{"0":"post-58490","1":"product","2":"type-product","3":"status-publish","4":"has-post-thumbnail","6":"product_cat-akcesoria-do-dronow","7":"product_cat-drony","8":"product_cat-filtry-do-dronow-akcesoria-do-dronow","9":"pa_okres-gwarancji-5754","10":"pa_producent-freewell","12":"first","13":"outofstock","14":"taxable","15":"shipping-taxable","16":"purchasable","17":"product-type-simple"},"acf":[],"yoast_head":"<!-- This site is optimized with the Yoast SEO plugin v27.2 - https:\/\/yoast.com\/product\/yoast-seo-wordpress\/ -->\n<title>Filtr FREEWELL UV do Avata 2 - IRONSKY.PL Sklep z Dronami<\/title>\n<meta name=\"description\" content=\"Filtr FREEWELL UV do Avata 2 - \u2705 sklep z dronami i fachowym doradztwem. \u2705 Tutaj kupisz produkty DJI, Yuneec, Parrot, Syma i wiele innych, a tak\u017ce kursy i licencje na operatora drona.\" \/>\n<meta name=\"robots\" content=\"index, follow, max-snippet:-1, max-image-preview:large, max-video-preview:-1\" \/>\n<link rel=\"canonical\" href=\"https:\/\/ironsky.pl\/sklep\/produkt\/filtr-freewell-uv-do-avata-2\/\" \/>\n<meta property=\"og:locale\" content=\"pl_PL\" \/>\n<meta property=\"og:type\" content=\"article\" \/>\n<meta property=\"og:title\" content=\"Filtr FREEWELL UV do Avata 2 - IRONSKY.PL Sklep z Dronami\" \/>\n<meta property=\"og:description\" content=\"Filtr FREEWELL UV do Avata 2 - \u2705 sklep z dronami i fachowym doradztwem. \u2705 Tutaj kupisz produkty DJI, Yuneec, Parrot, Syma i wiele innych, a tak\u017ce kursy i licencje na operatora drona.\" \/>\n<meta property=\"og:url\" content=\"https:\/\/ironsky.pl\/sklep\/produkt\/filtr-freewell-uv-do-avata-2\/\" \/>\n<meta property=\"og:site_name\" content=\"IRONSKY.PL Sklep z Dronami\" \/>\n<meta property=\"article:modified_time\" content=\"2026-04-15T08:37:34+00:00\" \/>\n<meta property=\"og:image\" content=\"https:\/\/ironsky.pl\/sklep\/wp-content\/uploads\/2026\/04\/42686_1.webp\" \/>\n\t<meta property=\"og:image:width\" content=\"800\" \/>\n\t<meta property=\"og:image:height\" content=\"800\" \/>\n\t<meta property=\"og:image:type\" content=\"image\/webp\" \/>\n<meta name=\"twitter:card\" content=\"summary_large_image\" \/>\n<meta name=\"twitter:label1\" content=\"Szacowany czas czytania\" \/>\n\t<meta name=\"twitter:data1\" content=\"1 minuta\" \/>\n<script type=\"application\/ld+json\" class=\"yoast-schema-graph\">{\"@context\":\"https:\/\/schema.org\",\"@graph\":[{\"@type\":\"WebPage\",\"@id\":\"https:\/\/ironsky.pl\/sklep\/produkt\/filtr-freewell-uv-do-avata-2\/\",\"url\":\"https:\/\/ironsky.pl\/sklep\/produkt\/filtr-freewell-uv-do-avata-2\/\",\"name\":\"Filtr FREEWELL UV do Avata 2 - IRONSKY.PL Sklep z Dronami\",\"isPartOf\":{\"@id\":\"https:\/\/ironsky.pl\/sklep\/#website\"},\"primaryImageOfPage\":{\"@id\":\"https:\/\/ironsky.pl\/sklep\/produkt\/filtr-freewell-uv-do-avata-2\/#primaryimage\"},\"image\":{\"@id\":\"https:\/\/ironsky.pl\/sklep\/produkt\/filtr-freewell-uv-do-avata-2\/#primaryimage\"},\"thumbnailUrl\":\"https:\/\/ironsky.pl\/sklep\/wp-content\/uploads\/2026\/04\/42686_1.webp\",\"datePublished\":\"2026-04-15T08:37:33+00:00\",\"dateModified\":\"2026-04-15T08:37:34+00:00\",\"description\":\"Filtr FREEWELL UV do Avata 2 - \u2705 sklep z dronami i fachowym doradztwem. \u2705 Tutaj kupisz produkty DJI, Yuneec, Parrot, Syma i wiele innych, a tak\u017ce kursy i licencje na operatora drona.\",\"breadcrumb\":{\"@id\":\"https:\/\/ironsky.pl\/sklep\/produkt\/filtr-freewell-uv-do-avata-2\/#breadcrumb\"},\"inLanguage\":\"pl-PL\",\"potentialAction\":[{\"@type\":\"ReadAction\",\"target\":[\"https:\/\/ironsky.pl\/sklep\/produkt\/filtr-freewell-uv-do-avata-2\/\"]}]},{\"@type\":\"ImageObject\",\"inLanguage\":\"pl-PL\",\"@id\":\"https:\/\/ironsky.pl\/sklep\/produkt\/filtr-freewell-uv-do-avata-2\/#primaryimage\",\"url\":\"https:\/\/ironsky.pl\/sklep\/wp-content\/uploads\/2026\/04\/42686_1.webp\",\"contentUrl\":\"https:\/\/ironsky.pl\/sklep\/wp-content\/uploads\/2026\/04\/42686_1.webp\",\"width\":800,\"height\":800},{\"@type\":\"BreadcrumbList\",\"@id\":\"https:\/\/ironsky.pl\/sklep\/produkt\/filtr-freewell-uv-do-avata-2\/#breadcrumb\",\"itemListElement\":[{\"@type\":\"ListItem\",\"position\":1,\"name\":\"Strona g\u0142\u00f3wna\",\"item\":\"https:\/\/ironsky.pl\/sklep\/\"},{\"@type\":\"ListItem\",\"position\":2,\"name\":\"Wszystkie produkty\",\"item\":\"https:\/\/ironsky.pl\/sklep\/produkty\/\"},{\"@type\":\"ListItem\",\"position\":3,\"name\":\"Filtr FREEWELL UV do Avata 2\"}]},{\"@type\":\"WebSite\",\"@id\":\"https:\/\/ironsky.pl\/sklep\/#website\",\"url\":\"https:\/\/ironsky.pl\/sklep\/\",\"name\":\"IRONSKY.PL Sklep z Dronami\",\"description\":\"IRONSKY.PL Sklep z Dronami\",\"potentialAction\":[{\"@type\":\"SearchAction\",\"target\":{\"@type\":\"EntryPoint\",\"urlTemplate\":\"https:\/\/ironsky.pl\/sklep\/?s={search_term_string}\"},\"query-input\":{\"@type\":\"PropertyValueSpecification\",\"valueRequired\":true,\"valueName\":\"search_term_string\"}}],\"inLanguage\":\"pl-PL\"}]}<\/script>\n<!-- \/ Yoast SEO plugin. -->","yoast_head_json":{"title":"Filtr FREEWELL UV do Avata 2 - IRONSKY.PL Sklep z Dronami","description":"Filtr FREEWELL UV do Avata 2 - \u2705 sklep z dronami i fachowym doradztwem. \u2705 Tutaj kupisz produkty DJI, Yuneec, Parrot, Syma i wiele innych, a tak\u017ce kursy i licencje na operatora drona.","robots":{"index":"index","follow":"follow","max-snippet":"max-snippet:-1","max-image-preview":"max-image-preview:large","max-video-preview":"max-video-preview:-1"},"canonical":"https:\/\/ironsky.pl\/sklep\/produkt\/filtr-freewell-uv-do-avata-2\/","og_locale":"pl_PL","og_type":"article","og_title":"Filtr FREEWELL UV do Avata 2 - IRONSKY.PL Sklep z Dronami","og_description":"Filtr FREEWELL UV do Avata 2 - \u2705 sklep z dronami i fachowym doradztwem. \u2705 Tutaj kupisz produkty DJI, Yuneec, Parrot, Syma i wiele innych, a tak\u017ce kursy i licencje na operatora drona.","og_url":"https:\/\/ironsky.pl\/sklep\/produkt\/filtr-freewell-uv-do-avata-2\/","og_site_name":"IRONSKY.PL Sklep z Dronami","article_modified_time":"2026-04-15T08:37:34+00:00","og_image":[{"width":800,"height":800,"url":"https:\/\/ironsky.pl\/sklep\/wp-content\/uploads\/2026\/04\/42686_1.webp","type":"image\/webp"}],"twitter_card":"summary_large_image","twitter_misc":{"Szacowany czas czytania":"1 minuta"},"schema":{"@context":"https:\/\/schema.org","@graph":[{"@type":"WebPage","@id":"https:\/\/ironsky.pl\/sklep\/produkt\/filtr-freewell-uv-do-avata-2\/","url":"https:\/\/ironsky.pl\/sklep\/produkt\/filtr-freewell-uv-do-avata-2\/","name":"Filtr FREEWELL UV do Avata 2 - IRONSKY.PL Sklep z Dronami","isPartOf":{"@id":"https:\/\/ironsky.pl\/sklep\/#website"},"primaryImageOfPage":{"@id":"https:\/\/ironsky.pl\/sklep\/produkt\/filtr-freewell-uv-do-avata-2\/#primaryimage"},"image":{"@id":"https:\/\/ironsky.pl\/sklep\/produkt\/filtr-freewell-uv-do-avata-2\/#primaryimage"},"thumbnailUrl":"https:\/\/ironsky.pl\/sklep\/wp-content\/uploads\/2026\/04\/42686_1.webp","datePublished":"2026-04-15T08:37:33+00:00","dateModified":"2026-04-15T08:37:34+00:00","description":"Filtr FREEWELL UV do Avata 2 - \u2705 sklep z dronami i fachowym doradztwem. \u2705 Tutaj kupisz produkty DJI, Yuneec, Parrot, Syma i wiele innych, a tak\u017ce kursy i licencje na operatora drona.","breadcrumb":{"@id":"https:\/\/ironsky.pl\/sklep\/produkt\/filtr-freewell-uv-do-avata-2\/#breadcrumb"},"inLanguage":"pl-PL","potentialAction":[{"@type":"ReadAction","target":["https:\/\/ironsky.pl\/sklep\/produkt\/filtr-freewell-uv-do-avata-2\/"]}]},{"@type":"ImageObject","inLanguage":"pl-PL","@id":"https:\/\/ironsky.pl\/sklep\/produkt\/filtr-freewell-uv-do-avata-2\/#primaryimage","url":"https:\/\/ironsky.pl\/sklep\/wp-content\/uploads\/2026\/04\/42686_1.webp","contentUrl":"https:\/\/ironsky.pl\/sklep\/wp-content\/uploads\/2026\/04\/42686_1.webp","width":800,"height":800},{"@type":"BreadcrumbList","@id":"https:\/\/ironsky.pl\/sklep\/produkt\/filtr-freewell-uv-do-avata-2\/#breadcrumb","itemListElement":[{"@type":"ListItem","position":1,"name":"Strona g\u0142\u00f3wna","item":"https:\/\/ironsky.pl\/sklep\/"},{"@type":"ListItem","position":2,"name":"Wszystkie produkty","item":"https:\/\/ironsky.pl\/sklep\/produkty\/"},{"@type":"ListItem","position":3,"name":"Filtr FREEWELL UV do Avata 2"}]},{"@type":"WebSite","@id":"https:\/\/ironsky.pl\/sklep\/#website","url":"https:\/\/ironsky.pl\/sklep\/","name":"IRONSKY.PL Sklep z Dronami","description":"IRONSKY.PL Sklep z Dronami","potentialAction":[{"@type":"SearchAction","target":{"@type":"EntryPoint","urlTemplate":"https:\/\/ironsky.pl\/sklep\/?s={search_term_string}"},"query-input":{"@type":"PropertyValueSpecification","valueRequired":true,"valueName":"search_term_string"}}],"inLanguage":"pl-PL"}]}},"_links":{"self":[{"href":"https:\/\/ironsky.pl\/sklep\/wp-json\/wp\/v2\/product\/58490","targetHints":{"allow":["GET"]}}],"collection":[{"href":"https:\/\/ironsky.pl\/sklep\/wp-json\/wp\/v2\/product"}],"about":[{"href":"https:\/\/ironsky.pl\/sklep\/wp-json\/wp\/v2\/types\/product"}],"replies":[{"embeddable":true,"href":"https:\/\/ironsky.pl\/sklep\/wp-json\/wp\/v2\/comments?post=58490"}],"wp:featuredmedia":[{"embeddable":true,"href":"https:\/\/ironsky.pl\/sklep\/wp-json\/wp\/v2\/media\/58491"}],"wp:attachment":[{"href":"https:\/\/ironsky.pl\/sklep\/wp-json\/wp\/v2\/media?parent=58490"}],"wp:term":[{"taxonomy":"product_brand","embeddable":true,"href":"https:\/\/ironsky.pl\/sklep\/wp-json\/wp\/v2\/product_brand?post=58490"},{"taxonomy":"product_cat","embeddable":true,"href":"https:\/\/ironsky.pl\/sklep\/wp-json\/wp\/v2\/product_cat?post=58490"},{"taxonomy":"product_tag","embeddable":true,"href":"https:\/\/ironsky.pl\/sklep\/wp-json\/wp\/v2\/product_tag?post=58490"}],"curies":[{"name":"wp","href":"https:\/\/api.w.org\/{rel}","templated":true}]}}