{"id":58488,"date":"2026-04-15T10:37:08","date_gmt":"2026-04-15T08:37:08","guid":{"rendered":"https:\/\/ironsky.pl\/sklep\/produkt\/zestaw-filtrow-freewell-nd8-16-32-64-do-avata-2\/"},"modified":"2026-04-15T10:37:32","modified_gmt":"2026-04-15T08:37:32","slug":"zestaw-filtrow-freewell-nd8-16-32-64-do-avata-2","status":"publish","type":"product","link":"https:\/\/ironsky.pl\/sklep\/produkt\/zestaw-filtrow-freewell-nd8-16-32-64-do-avata-2\/","title":{"rendered":"Zestaw filtr\u00f3w FREEWELL ND8\/16\/32\/64 do Avata 2"},"content":{"rendered":"<h3>Zestaw 4 filtr\u00f3w ND8,16,32,64 Freewell do DJI Avata 2\u00a0<\/h3>\n<p>W zestawie znajdziesz 4 filtry ND stworzone specjalnie dla dron\u00f3w DJI Avata 2. Pakiet jest odpowiedni do wykonania \u015bwietnej jako\u015bci materia\u0142\u00f3w zar\u00f3wno podczas pochmurnych jak i s\u0142onecznych dni. W jego sk\u0142ad wchodz\u0105 ND8, ND16, ND32 oraz ND64. Ka\u017cdy z nich pozwoli Ci zmniejszy\u0107 ilo\u015b\u0107 \u015bwiat\u0142a wpadaj\u0105cego do matrycy, a jednocze\u015bnie zachowa\u0107 neutraln\u0105 kolorystyk\u0119 wykonanych zdj\u0119\u0107. Produkt wyr\u00f3\u017cnia si\u0119 solidn\u0105 konstrukcj\u0105, jest wyj\u0105tkowo lekki i nie zaburza r\u00f3wnowagi drona, dzi\u0119ki czemu mo\u017cesz korzysta\u0107 z nich bez obaw o swoje urz\u0105dzenie.<\/p>\n<p><img decoding=\"async\" src=\"https:\/\/assets.innpro.pl\/5837\/6859\/1.jpg\" border=\"0\" alt=\"\" \/><\/p>\n<h3>Fenomenalne zdj\u0119cia krajobrazu<\/h3>\n<p>Dzi\u0119ki filtrom optycznym ND mo\u017cesz zredukowa\u0107 ilo\u015b\u0107 \u015bwiat\u0142a docieraj\u0105cego do matrycy, bez wp\u0142ywu na barwy zdj\u0119\u0107. \u015awietnie sprawdz\u0105 si\u0119, je\u015bli potrzebujesz wyd\u0142u\u017cy\u0107 czas na\u015bwietlania lub poprawi\u0107 g\u0142\u0119bi\u0119 ostro\u015bci, przy zachowaniu odpowiedniej ekspozycji. W zestawie znajdziesz filtr w 4 r\u00f3\u017cnych stopniach redukcji \u015bwiat\u0142a: ND8, ND16, ND32, ND64. kt\u00f3re sprawdz\u0105 si\u0119 zar\u00f3wno w czasie pochmurnych jak i s\u0142onecznych dni. Z ich u\u017cyciem uzyskasz <a href=\"http:\/\/m.in\">m.in<\/a>. ciekawe efekty rozmycia wody lub chmur w zdj\u0119ciach krajobrazu. Eksperymentuj i stw\u00f3rz zapieraj\u0105ce dech w piersiach fotografie!<\/p>\n<p><img decoding=\"async\" src=\"https:\/\/assets.innpro.pl\/5837\/6859\/2.jpg\" border=\"0\" alt=\"\" \/><\/p>\n<h3>Ochronna pow\u0142oka<\/h3>\n<p>Wykonane z najwy\u017cszej jako\u015bci materia\u0142\u00f3w filtry maj\u0105 specjaln\u0105, ochronn\u0105 pow\u0142ok\u0119, kt\u00f3ra nie wp\u0142ywa na optyk\u0119 kolorystyczn\u0105 tworzonych materia\u0142\u00f3w. Filtry s\u0105 wi\u0119c odporne na py\u0142 i zadrapania, a tak\u017ce odciski palc\u00f3w i powstawanie t\u0142ustych plam, wi\u0119c utrzymanie ich w czysto\u015bci nie stanowi \u017cadnego problemu. Jednocze\u015bnie zapewniaj\u0105 najlepsz\u0105 jako\u015b\u0107 obrazu w fotografii plenerowej i pozwalaj\u0105 zachowa\u0107 neutraln\u0105 kolorystyk\u0119 obrazu. Twoje zdj\u0119cia b\u0119d\u0105 zachwycaj\u0105cym odwzorowaniem rzeczywisto\u015bci!<\/p>\n<p><img decoding=\"async\" src=\"https:\/\/assets.innpro.pl\/5837\/6859\/3.jpg\" border=\"0\" alt=\"\" \/><\/p>\n<h3>Technologia GimbalSafe<\/h3>\n<p>Obawiasz si\u0119, \u017ce filtry wp\u0142yn\u0105 negatywnie na dynamik\u0119 lotu? Niepotrzebnie! Filtry zosta\u0142y zaprojektowane z my\u015bl\u0105 o DJI Avata 2 i przesz\u0142y szereg test\u00f3w, kt\u00f3re potwierdzaj\u0105 bezpiecze\u0144stwo u\u017cytkowania. Ramki filtr\u00f3w s\u0105 wyj\u0105tkowo lekkie, wi\u0119c nie zaburzaj\u0105 r\u00f3wnowagi urz\u0105dzenia. Lataj swobodnie i tw\u00f3rz wyj\u0105tkowe zdj\u0119cia z Freewell!<\/p>\n<p><img decoding=\"async\" src=\"https:\/\/assets.innpro.pl\/5837\/6859\/4.jpg\" border=\"0\" alt=\"\" \/><\/p>\n<h3>W zestawie<\/h3>\n<ul>\n<li>Filtry<\/li>\n<li>Etui<\/li>\n<\/ul>\n<div class=\"table-wrapper\">\n<p>\u00a0<\/p>\n<h3>\u00a0<\/h3>\n<table>\n<tbody>\n<tr>\n<th>Producent<\/th>\n<td>Freewell<\/td>\n<\/tr>\n<tr>\n<th>Model<\/th>\n<td>FW-DAV2-STD<\/td>\n<\/tr>\n<tr>\n<th>Kompatybilno\u015b\u0107<\/th>\n<td>DJI Avata 2<\/td>\n<\/tr>\n<tr>\n<th>Typ filtra<\/th>\n<td>ND8, ND16, ND32 oraz ND64<\/td>\n<\/tr>\n<tr>\n<th>Pow\u0142oki optyczne<\/th>\n<td>Py\u0142oszczelna, odporna na zarysowania, olejoodporna<\/td>\n<\/tr>\n<\/tbody>\n<\/table>\n<\/div>\n","protected":false},"excerpt":{"rendered":"<p>Zestaw 4 filtr\u00f3w ND8,16,32,64 Freewell do DJI Avata 2\u00a0 W zestawie znajdziesz 4 filtry ND stworzone specjalnie dla dron\u00f3w DJI<\/p>\n","protected":false},"featured_media":58489,"comment_status":"closed","ping_status":"open","template":"","meta":{"_acf_changed":false},"product_brand":[],"product_cat":[6167,1088,6200],"product_tag":[],"class_list":{"0":"post-58488","1":"product","2":"type-product","3":"status-publish","4":"has-post-thumbnail","6":"product_cat-akcesoria-do-dronow","7":"product_cat-drony","8":"product_cat-filtry-do-dronow-akcesoria-do-dronow","9":"pa_okres-gwarancji-5754","10":"pa_producent-freewell","12":"first","13":"outofstock","14":"taxable","15":"shipping-taxable","16":"purchasable","17":"product-type-simple"},"acf":[],"yoast_head":"<!-- This site is optimized with the Yoast SEO plugin v27.2 - https:\/\/yoast.com\/product\/yoast-seo-wordpress\/ -->\n<title>Zestaw filtr\u00f3w FREEWELL ND8\/16\/32\/64 do Avata 2 - IRONSKY.PL Sklep z Dronami<\/title>\n<meta name=\"description\" content=\"Zestaw filtr\u00f3w FREEWELL ND8\/16\/32\/64 do Avata 2 - \u2705 sklep z dronami i fachowym doradztwem. \u2705 Tutaj kupisz produkty DJI, Yuneec, Parrot, Syma i wiele innych, a tak\u017ce kursy i licencje na operatora drona.\" \/>\n<meta name=\"robots\" content=\"index, follow, max-snippet:-1, max-image-preview:large, max-video-preview:-1\" \/>\n<link rel=\"canonical\" href=\"https:\/\/ironsky.pl\/sklep\/produkt\/zestaw-filtrow-freewell-nd8-16-32-64-do-avata-2\/\" \/>\n<meta property=\"og:locale\" content=\"pl_PL\" \/>\n<meta property=\"og:type\" content=\"article\" \/>\n<meta property=\"og:title\" content=\"Zestaw filtr\u00f3w FREEWELL ND8\/16\/32\/64 do Avata 2 - IRONSKY.PL Sklep z Dronami\" \/>\n<meta property=\"og:description\" content=\"Zestaw filtr\u00f3w FREEWELL ND8\/16\/32\/64 do Avata 2 - \u2705 sklep z dronami i fachowym doradztwem. \u2705 Tutaj kupisz produkty DJI, Yuneec, Parrot, Syma i wiele innych, a tak\u017ce kursy i licencje na operatora drona.\" \/>\n<meta property=\"og:url\" content=\"https:\/\/ironsky.pl\/sklep\/produkt\/zestaw-filtrow-freewell-nd8-16-32-64-do-avata-2\/\" \/>\n<meta property=\"og:site_name\" content=\"IRONSKY.PL Sklep z Dronami\" \/>\n<meta property=\"article:modified_time\" content=\"2026-04-15T08:37:32+00:00\" \/>\n<meta property=\"og:image\" content=\"https:\/\/ironsky.pl\/sklep\/wp-content\/uploads\/2026\/04\/42685_1.webp\" \/>\n\t<meta property=\"og:image:width\" content=\"800\" \/>\n\t<meta property=\"og:image:height\" content=\"800\" \/>\n\t<meta property=\"og:image:type\" content=\"image\/webp\" \/>\n<meta name=\"twitter:card\" content=\"summary_large_image\" \/>\n<meta name=\"twitter:label1\" content=\"Szacowany czas czytania\" \/>\n\t<meta name=\"twitter:data1\" content=\"2 minuty\" \/>\n<script type=\"application\/ld+json\" class=\"yoast-schema-graph\">{\"@context\":\"https:\/\/schema.org\",\"@graph\":[{\"@type\":\"WebPage\",\"@id\":\"https:\/\/ironsky.pl\/sklep\/produkt\/zestaw-filtrow-freewell-nd8-16-32-64-do-avata-2\/\",\"url\":\"https:\/\/ironsky.pl\/sklep\/produkt\/zestaw-filtrow-freewell-nd8-16-32-64-do-avata-2\/\",\"name\":\"Zestaw filtr\u00f3w FREEWELL ND8\/16\/32\/64 do Avata 2 - IRONSKY.PL Sklep z Dronami\",\"isPartOf\":{\"@id\":\"https:\/\/ironsky.pl\/sklep\/#website\"},\"primaryImageOfPage\":{\"@id\":\"https:\/\/ironsky.pl\/sklep\/produkt\/zestaw-filtrow-freewell-nd8-16-32-64-do-avata-2\/#primaryimage\"},\"image\":{\"@id\":\"https:\/\/ironsky.pl\/sklep\/produkt\/zestaw-filtrow-freewell-nd8-16-32-64-do-avata-2\/#primaryimage\"},\"thumbnailUrl\":\"https:\/\/ironsky.pl\/sklep\/wp-content\/uploads\/2026\/04\/42685_1.webp\",\"datePublished\":\"2026-04-15T08:37:08+00:00\",\"dateModified\":\"2026-04-15T08:37:32+00:00\",\"description\":\"Zestaw filtr\u00f3w FREEWELL ND8\/16\/32\/64 do Avata 2 - \u2705 sklep z dronami i fachowym doradztwem. \u2705 Tutaj kupisz produkty DJI, Yuneec, Parrot, Syma i wiele innych, a tak\u017ce kursy i licencje na operatora drona.\",\"breadcrumb\":{\"@id\":\"https:\/\/ironsky.pl\/sklep\/produkt\/zestaw-filtrow-freewell-nd8-16-32-64-do-avata-2\/#breadcrumb\"},\"inLanguage\":\"pl-PL\",\"potentialAction\":[{\"@type\":\"ReadAction\",\"target\":[\"https:\/\/ironsky.pl\/sklep\/produkt\/zestaw-filtrow-freewell-nd8-16-32-64-do-avata-2\/\"]}]},{\"@type\":\"ImageObject\",\"inLanguage\":\"pl-PL\",\"@id\":\"https:\/\/ironsky.pl\/sklep\/produkt\/zestaw-filtrow-freewell-nd8-16-32-64-do-avata-2\/#primaryimage\",\"url\":\"https:\/\/ironsky.pl\/sklep\/wp-content\/uploads\/2026\/04\/42685_1.webp\",\"contentUrl\":\"https:\/\/ironsky.pl\/sklep\/wp-content\/uploads\/2026\/04\/42685_1.webp\",\"width\":800,\"height\":800},{\"@type\":\"BreadcrumbList\",\"@id\":\"https:\/\/ironsky.pl\/sklep\/produkt\/zestaw-filtrow-freewell-nd8-16-32-64-do-avata-2\/#breadcrumb\",\"itemListElement\":[{\"@type\":\"ListItem\",\"position\":1,\"name\":\"Strona g\u0142\u00f3wna\",\"item\":\"https:\/\/ironsky.pl\/sklep\/\"},{\"@type\":\"ListItem\",\"position\":2,\"name\":\"Wszystkie produkty\",\"item\":\"https:\/\/ironsky.pl\/sklep\/produkty\/\"},{\"@type\":\"ListItem\",\"position\":3,\"name\":\"Zestaw filtr\u00f3w FREEWELL ND8\/16\/32\/64 do Avata 2\"}]},{\"@type\":\"WebSite\",\"@id\":\"https:\/\/ironsky.pl\/sklep\/#website\",\"url\":\"https:\/\/ironsky.pl\/sklep\/\",\"name\":\"IRONSKY.PL Sklep z Dronami\",\"description\":\"IRONSKY.PL Sklep z Dronami\",\"potentialAction\":[{\"@type\":\"SearchAction\",\"target\":{\"@type\":\"EntryPoint\",\"urlTemplate\":\"https:\/\/ironsky.pl\/sklep\/?s={search_term_string}\"},\"query-input\":{\"@type\":\"PropertyValueSpecification\",\"valueRequired\":true,\"valueName\":\"search_term_string\"}}],\"inLanguage\":\"pl-PL\"}]}<\/script>\n<!-- \/ Yoast SEO plugin. -->","yoast_head_json":{"title":"Zestaw filtr\u00f3w FREEWELL ND8\/16\/32\/64 do Avata 2 - IRONSKY.PL Sklep z Dronami","description":"Zestaw filtr\u00f3w FREEWELL ND8\/16\/32\/64 do Avata 2 - \u2705 sklep z dronami i fachowym doradztwem. \u2705 Tutaj kupisz produkty DJI, Yuneec, Parrot, Syma i wiele innych, a tak\u017ce kursy i licencje na operatora drona.","robots":{"index":"index","follow":"follow","max-snippet":"max-snippet:-1","max-image-preview":"max-image-preview:large","max-video-preview":"max-video-preview:-1"},"canonical":"https:\/\/ironsky.pl\/sklep\/produkt\/zestaw-filtrow-freewell-nd8-16-32-64-do-avata-2\/","og_locale":"pl_PL","og_type":"article","og_title":"Zestaw filtr\u00f3w FREEWELL ND8\/16\/32\/64 do Avata 2 - IRONSKY.PL Sklep z Dronami","og_description":"Zestaw filtr\u00f3w FREEWELL ND8\/16\/32\/64 do Avata 2 - \u2705 sklep z dronami i fachowym doradztwem. \u2705 Tutaj kupisz produkty DJI, Yuneec, Parrot, Syma i wiele innych, a tak\u017ce kursy i licencje na operatora drona.","og_url":"https:\/\/ironsky.pl\/sklep\/produkt\/zestaw-filtrow-freewell-nd8-16-32-64-do-avata-2\/","og_site_name":"IRONSKY.PL Sklep z Dronami","article_modified_time":"2026-04-15T08:37:32+00:00","og_image":[{"width":800,"height":800,"url":"https:\/\/ironsky.pl\/sklep\/wp-content\/uploads\/2026\/04\/42685_1.webp","type":"image\/webp"}],"twitter_card":"summary_large_image","twitter_misc":{"Szacowany czas czytania":"2 minuty"},"schema":{"@context":"https:\/\/schema.org","@graph":[{"@type":"WebPage","@id":"https:\/\/ironsky.pl\/sklep\/produkt\/zestaw-filtrow-freewell-nd8-16-32-64-do-avata-2\/","url":"https:\/\/ironsky.pl\/sklep\/produkt\/zestaw-filtrow-freewell-nd8-16-32-64-do-avata-2\/","name":"Zestaw filtr\u00f3w FREEWELL ND8\/16\/32\/64 do Avata 2 - IRONSKY.PL Sklep z Dronami","isPartOf":{"@id":"https:\/\/ironsky.pl\/sklep\/#website"},"primaryImageOfPage":{"@id":"https:\/\/ironsky.pl\/sklep\/produkt\/zestaw-filtrow-freewell-nd8-16-32-64-do-avata-2\/#primaryimage"},"image":{"@id":"https:\/\/ironsky.pl\/sklep\/produkt\/zestaw-filtrow-freewell-nd8-16-32-64-do-avata-2\/#primaryimage"},"thumbnailUrl":"https:\/\/ironsky.pl\/sklep\/wp-content\/uploads\/2026\/04\/42685_1.webp","datePublished":"2026-04-15T08:37:08+00:00","dateModified":"2026-04-15T08:37:32+00:00","description":"Zestaw filtr\u00f3w FREEWELL ND8\/16\/32\/64 do Avata 2 - \u2705 sklep z dronami i fachowym doradztwem. \u2705 Tutaj kupisz produkty DJI, Yuneec, Parrot, Syma i wiele innych, a tak\u017ce kursy i licencje na operatora drona.","breadcrumb":{"@id":"https:\/\/ironsky.pl\/sklep\/produkt\/zestaw-filtrow-freewell-nd8-16-32-64-do-avata-2\/#breadcrumb"},"inLanguage":"pl-PL","potentialAction":[{"@type":"ReadAction","target":["https:\/\/ironsky.pl\/sklep\/produkt\/zestaw-filtrow-freewell-nd8-16-32-64-do-avata-2\/"]}]},{"@type":"ImageObject","inLanguage":"pl-PL","@id":"https:\/\/ironsky.pl\/sklep\/produkt\/zestaw-filtrow-freewell-nd8-16-32-64-do-avata-2\/#primaryimage","url":"https:\/\/ironsky.pl\/sklep\/wp-content\/uploads\/2026\/04\/42685_1.webp","contentUrl":"https:\/\/ironsky.pl\/sklep\/wp-content\/uploads\/2026\/04\/42685_1.webp","width":800,"height":800},{"@type":"BreadcrumbList","@id":"https:\/\/ironsky.pl\/sklep\/produkt\/zestaw-filtrow-freewell-nd8-16-32-64-do-avata-2\/#breadcrumb","itemListElement":[{"@type":"ListItem","position":1,"name":"Strona g\u0142\u00f3wna","item":"https:\/\/ironsky.pl\/sklep\/"},{"@type":"ListItem","position":2,"name":"Wszystkie produkty","item":"https:\/\/ironsky.pl\/sklep\/produkty\/"},{"@type":"ListItem","position":3,"name":"Zestaw filtr\u00f3w FREEWELL ND8\/16\/32\/64 do Avata 2"}]},{"@type":"WebSite","@id":"https:\/\/ironsky.pl\/sklep\/#website","url":"https:\/\/ironsky.pl\/sklep\/","name":"IRONSKY.PL Sklep z Dronami","description":"IRONSKY.PL Sklep z Dronami","potentialAction":[{"@type":"SearchAction","target":{"@type":"EntryPoint","urlTemplate":"https:\/\/ironsky.pl\/sklep\/?s={search_term_string}"},"query-input":{"@type":"PropertyValueSpecification","valueRequired":true,"valueName":"search_term_string"}}],"inLanguage":"pl-PL"}]}},"_links":{"self":[{"href":"https:\/\/ironsky.pl\/sklep\/wp-json\/wp\/v2\/product\/58488","targetHints":{"allow":["GET"]}}],"collection":[{"href":"https:\/\/ironsky.pl\/sklep\/wp-json\/wp\/v2\/product"}],"about":[{"href":"https:\/\/ironsky.pl\/sklep\/wp-json\/wp\/v2\/types\/product"}],"replies":[{"embeddable":true,"href":"https:\/\/ironsky.pl\/sklep\/wp-json\/wp\/v2\/comments?post=58488"}],"wp:featuredmedia":[{"embeddable":true,"href":"https:\/\/ironsky.pl\/sklep\/wp-json\/wp\/v2\/media\/58489"}],"wp:attachment":[{"href":"https:\/\/ironsky.pl\/sklep\/wp-json\/wp\/v2\/media?parent=58488"}],"wp:term":[{"taxonomy":"product_brand","embeddable":true,"href":"https:\/\/ironsky.pl\/sklep\/wp-json\/wp\/v2\/product_brand?post=58488"},{"taxonomy":"product_cat","embeddable":true,"href":"https:\/\/ironsky.pl\/sklep\/wp-json\/wp\/v2\/product_cat?post=58488"},{"taxonomy":"product_tag","embeddable":true,"href":"https:\/\/ironsky.pl\/sklep\/wp-json\/wp\/v2\/product_tag?post=58488"}],"curies":[{"name":"wp","href":"https:\/\/api.w.org\/{rel}","templated":true}]}}