{"id":58487,"date":"2026-04-15T10:37:08","date_gmt":"2026-04-15T08:37:08","guid":{"rendered":"https:\/\/ironsky.pl\/sklep\/produkt\/myjka-i-utwardzarka-wydrukow-3d-anycubic-wash-cure-3\/"},"modified":"2026-04-15T10:37:30","modified_gmt":"2026-04-15T08:37:30","slug":"myjka-i-utwardzarka-wydrukow-3d-anycubic-wash-cure-3","status":"publish","type":"product","link":"https:\/\/ironsky.pl\/sklep\/produkt\/myjka-i-utwardzarka-wydrukow-3d-anycubic-wash-cure-3\/","title":{"rendered":"Myjka i utwardzarka wydruk\u00f3w 3D ANYCUBIC Wash &#038; Cure 3"},"content":{"rendered":"<h3>Urz\u0105dzenie do mycia i suszenia wydruk\u00f3w AnyCubic Wash &amp; Cure 3\u00a0<\/h3>\n<p>Zadbaj o odpowiednie wyko\u0144czenie i utwardzenie Twoich wydruk\u00f3w 3D. Urz\u0105dzenie do mycia i suszenia AnyCubic Wash &amp; Cure 3 wyr\u00f3\u017cnia si\u0119 powi\u0119kszon\u0105 konstrukcj\u0105, dzi\u0119ki kt\u00f3rej \u015bwietnie sprawdza si\u0119 w wypadku modeli o r\u00f3\u017cnych rozmiarach. Umo\u017cliwia czyszczenie zar\u00f3wno w koszyku, jak i z platform\u0105. Pracuje przy tym zaskakuj\u0105co cicho i oferuje kilka tryb\u00f3w dzia\u0142ania do wyboru. Mo\u017cesz te\u017c r\u0119cznie dostosowa\u0107 czas mycia i utwardzania.<\/p>\n<p>\n<img decoding=\"async\" src=\"https:\/\/assets.innpro.pl\/6098\/7160\/1.jpg\" border=\"0\" \/>\n<\/p>\n<h3>Zmie\u015bci nawet wi\u0119ksze wydruki<\/h3>\n<p>Pojemno\u015b\u0107 koszyka urz\u0105dzenia wynosi 3 l, a ca\u0142kowita pojemno\u015b\u0107 jego modu\u0142u do czyszczenia to a\u017c 4 l. Dzi\u0119ki temu za jego pomoc\u0105 bez problemu wyczy\u015bcisz wydruki o wymiarach do 165 x 100 x 180 mm (w koszyku) lub do 165 x 100 x 165 mm (z platform\u0105). Natomiast wymiary przestrzeni do utwardzania wynosz\u0105 160 x 180 mm.<\/p>\n<p>\n<img decoding=\"async\" src=\"https:\/\/assets.innpro.pl\/6098\/7160\/7.jpg\" border=\"0\" \/>\n<\/p>\n<h3>Idealne do utwardzania<\/h3>\n<p>Urz\u0105dzenie wyr\u00f3\u017cnia si\u0119 starannie przemy\u015blan\u0105 konstrukcj\u0105 i zoptymalizowanym u\u0142o\u017ceniem diod, dzi\u0119ki czemu zapewnia kompleksowe, r\u00f3wnomierne utwardzanie modeli. W zestawie znajdziesz te\u017c dodatkow\u0105 lampk\u0119 UV o wyginanej konstrukcji, kt\u00f3ra wyr\u00f3\u017cnia si\u0119 energi\u0105 na poziomie 30 000 \u03bcW\/cm2 i zakresem promieniowania od 1 cm do 3 cm. Za jej pomoc\u0105 z powodzeniem utwardzisz na przyk\u0142ad wybrane detale wydruk\u00f3w.<\/p>\n<p>\n<img decoding=\"async\" src=\"https:\/\/assets.innpro.pl\/6098\/7160\/8.jpg\" border=\"0\" \/>\n<\/p>\n<h3>Ulepszona konstrukcja, wi\u0119ksza efektywno\u015b\u0107<\/h3>\n<p>Koszyk urz\u0105dzenia powsta\u0142 z odpornego na rdz\u0119 dwuwarstwowego tworzywa PP, a dzi\u0119ki ulepszonej konstrukcji umo\u017cliwia czyszczenie wydruk\u00f3w umieszczonych na platformie. Pozwala te\u017c wybiera\u0107 spo\u015br\u00f3d 2 wysoko\u015bci \u2013 100 mm i 165 mm. Mo\u017cesz wi\u0119c dostosowa\u0107 go do wielko\u015bci swojego modelu, aby zoptymalizowa\u0107 zu\u017cycie IPA.<\/p>\n<p>\n<img decoding=\"async\" src=\"https:\/\/assets.innpro.pl\/6098\/7160\/3.jpg\" border=\"0\" \/>\n<\/p>\n<h3>Wygodna obs\u0142uga<\/h3>\n<p>Urz\u0105dzenie pozwala wybiera\u0107 spo\u015br\u00f3d 3 tryb\u00f3w pracy, takich jak mycie, utwardzanie i ulepszone utwardzanie FlexiCure przy u\u017cyciu do\u0142\u0105czonej do zestawu lampki UV. Istnieje r\u00f3wnie\u017c mo\u017cliwo\u015b\u0107 dostosowania czasu czyszczenia i suszenia od 1 minuty do 30 minut. Model Wash &amp; Cure 3 jest obs\u0142ugiwany za pomoc\u0105 wygodnego w u\u017cyciu pokr\u0119t\u0142a i przycisk\u00f3w dotykowych.<\/p>\n<p>\n<img decoding=\"async\" src=\"https:\/\/assets.innpro.pl\/6098\/7160\/4.jpg\" border=\"0\" \/>\n<\/p>\n<h3>Niski poziom g\u0142o\u015bno\u015bci<\/h3>\n<p>Nie obawiaj si\u0119 uci\u0105\u017cliwego ha\u0142asu. Model Wash &amp; Cure 3 wyr\u00f3\u017cnia si\u0119 uszczelnion\u0105 konstrukcj\u0105 i zoptymalizowanym oprogramowaniem, dzi\u0119ki czemu mo\u017ce zapewni\u0107 wyj\u0105tkow\u0105 wydajno\u015b\u0107 przy jednoczesnym niskim poziomie g\u0142o\u015bno\u015bci \u2013 zaledwie oko\u0142o 65 dB. Odpocznij lub zajmij si\u0119 prac\u0105, podczas gdy urz\u0105dzenie umyje i utwardzi Twoje wydruki \u2013 nic nie b\u0119dzie Ci przeszkadza\u0107.<\/p>\n<p>\n<img decoding=\"async\" src=\"https:\/\/assets.innpro.pl\/6098\/7160\/5.jpg\" border=\"0\" \/>\n<\/p>\n<h3>W zestawie<\/h3>\n<ul class=\"list-disc pl-5\">\n<li>Urz\u0105dzenie do mycia i suszenia wydruk\u00f3w<\/li>\n<li>Modu\u0142 do czyszczenia<\/li>\n<li>Koszyk do czyszczenia<\/li>\n<li>Dr\u0105\u017cek x4<\/li>\n<li>St\u00f3\u0142 do utwardzania<\/li>\n<li>Lampa UV o wyginanej konstrukcji<\/li>\n<li>Zestaw kluczy imbusowych<\/li>\n<li>Zasilacz<\/li>\n<li>Instrukcja obs\u0142ugi<\/li>\n<\/ul>\n<div class=\"table-wrapper\">\n<p>\u00a0<\/p>\n<h3><\/h3>\n<table>\n<tbody>\n<tr>\n<th>Producent<\/th>\n<td>AnyCubic<\/td>\n<\/tr>\n<tr>\n<th>Model<\/th>\n<td>WS3A0WH-Y-O<\/td>\n<\/tr>\n<tr>\n<th>\u0179r\u00f3d\u0142o \u015bwiat\u0142a UV<\/th>\n<td>10 diod 405 nm + lampa o regulowanej konstrukcji<\/td>\n<\/tr>\n<tr>\n<th>Tryby pracy<\/th>\n<td>Czyszczenie, utwardzanie, FlexiCure<\/td>\n<\/tr>\n<tr>\n<th>Moc znamionowa<\/th>\n<td>36 W<\/td>\n<\/tr>\n<tr>\n<th>Napi\u0119cie wej\u015bciowe<\/th>\n<td>100-240 V 50\/60 Hz<\/td>\n<\/tr>\n<tr>\n<th>Regulacja czasu mycia \/ utwardzania<\/th>\n<td>1-30 min<\/td>\n<\/tr>\n<tr>\n<th>Maks. wymiary utwardzanego modelu<\/th>\n<td>\u00f8160 x 180 mm<\/td>\n<\/tr>\n<tr>\n<th>Maks. wymiary czyszczonego modelu<\/th>\n<td>Z platform\u0105: 165 x 100 x 165 mm; Bez platformy: 165 x 100 x 180 mm;<\/td>\n<\/tr>\n<tr>\n<th>Panel sterowania<\/th>\n<td>Przyciski dotykowe, pokr\u0119t\u0142o<\/td>\n<\/tr>\n<tr>\n<th>Materia\u0142 (koszyk do czyszczenia, modu\u0142 do czyszczenia, st\u00f3\u0142 do utwardzania)<\/th>\n<td>PP<\/td>\n<\/tr>\n<tr>\n<th>Wysoko\u015b\u0107 lampy UV<\/th>\n<td>285 mm<\/td>\n<\/tr>\n<tr>\n<th>Wymiary<\/th>\n<td>216 x 217 x 310 mm<\/td>\n<\/tr>\n<tr>\n<th>Waga<\/th>\n<td>2,7 kg<\/td>\n<\/tr>\n<\/tbody>\n<\/table>\n<\/div>\n","protected":false},"excerpt":{"rendered":"<p>Urz\u0105dzenie do mycia i suszenia wydruk\u00f3w AnyCubic Wash &amp; Cure 3\u00a0 Zadbaj o odpowiednie wyko\u0144czenie i utwardzenie Twoich wydruk\u00f3w 3D.<\/p>\n","protected":false},"featured_media":44856,"comment_status":"closed","ping_status":"open","template":"","meta":{"_acf_changed":false},"product_brand":[],"product_cat":[6226,6222,6217],"product_tag":[],"class_list":{"0":"post-58487","1":"product","2":"type-product","3":"status-publish","4":"has-post-thumbnail","6":"product_cat-akcesoria-do-drukarek-3d","7":"product_cat-druk-3d-technologie-kreatywne","8":"product_cat-technologie-kreatywne","9":"pa_okres-gwarancji-5757","10":"pa_producent-anycubic","12":"first","13":"outofstock","14":"taxable","15":"shipping-taxable","16":"purchasable","17":"product-type-simple"},"acf":[],"yoast_head":"<!-- This site is optimized with the Yoast SEO plugin v27.2 - https:\/\/yoast.com\/product\/yoast-seo-wordpress\/ -->\n<title>Myjka i utwardzarka wydruk\u00f3w 3D ANYCUBIC Wash &amp; Cure 3 - IRONSKY.PL Sklep z Dronami<\/title>\n<meta name=\"description\" content=\"Myjka i utwardzarka wydruk\u00f3w 3D ANYCUBIC Wash &amp; Cure 3 - \u2705 sklep z dronami i fachowym doradztwem. \u2705 Tutaj kupisz produkty DJI, Yuneec, Parrot, Syma i wiele innych, a tak\u017ce kursy i licencje na operatora drona.\" \/>\n<meta name=\"robots\" content=\"index, follow, max-snippet:-1, max-image-preview:large, max-video-preview:-1\" \/>\n<link rel=\"canonical\" href=\"https:\/\/ironsky.pl\/sklep\/produkt\/myjka-i-utwardzarka-wydrukow-3d-anycubic-wash-cure-3\/\" \/>\n<meta property=\"og:locale\" content=\"pl_PL\" \/>\n<meta property=\"og:type\" content=\"article\" \/>\n<meta property=\"og:title\" content=\"Myjka i utwardzarka wydruk\u00f3w 3D ANYCUBIC Wash &amp; Cure 3 - IRONSKY.PL Sklep z Dronami\" \/>\n<meta property=\"og:description\" content=\"Myjka i utwardzarka wydruk\u00f3w 3D ANYCUBIC Wash &amp; Cure 3 - \u2705 sklep z dronami i fachowym doradztwem. \u2705 Tutaj kupisz produkty DJI, Yuneec, Parrot, Syma i wiele innych, a tak\u017ce kursy i licencje na operatora drona.\" \/>\n<meta property=\"og:url\" content=\"https:\/\/ironsky.pl\/sklep\/produkt\/myjka-i-utwardzarka-wydrukow-3d-anycubic-wash-cure-3\/\" \/>\n<meta property=\"og:site_name\" content=\"IRONSKY.PL Sklep z Dronami\" \/>\n<meta property=\"article:modified_time\" content=\"2026-04-15T08:37:30+00:00\" \/>\n<meta property=\"og:image\" content=\"https:\/\/ironsky.pl\/sklep\/wp-content\/uploads\/2025\/06\/42683_1.jpg\" \/>\n\t<meta property=\"og:image:width\" content=\"800\" \/>\n\t<meta property=\"og:image:height\" content=\"800\" \/>\n\t<meta property=\"og:image:type\" content=\"image\/jpeg\" \/>\n<meta name=\"twitter:card\" content=\"summary_large_image\" \/>\n<meta name=\"twitter:label1\" content=\"Szacowany czas czytania\" \/>\n\t<meta name=\"twitter:data1\" content=\"2 minuty\" \/>\n<script type=\"application\/ld+json\" class=\"yoast-schema-graph\">{\"@context\":\"https:\/\/schema.org\",\"@graph\":[{\"@type\":\"WebPage\",\"@id\":\"https:\/\/ironsky.pl\/sklep\/produkt\/myjka-i-utwardzarka-wydrukow-3d-anycubic-wash-cure-3\/\",\"url\":\"https:\/\/ironsky.pl\/sklep\/produkt\/myjka-i-utwardzarka-wydrukow-3d-anycubic-wash-cure-3\/\",\"name\":\"Myjka i utwardzarka wydruk\u00f3w 3D ANYCUBIC Wash & Cure 3 - IRONSKY.PL Sklep z Dronami\",\"isPartOf\":{\"@id\":\"https:\/\/ironsky.pl\/sklep\/#website\"},\"primaryImageOfPage\":{\"@id\":\"https:\/\/ironsky.pl\/sklep\/produkt\/myjka-i-utwardzarka-wydrukow-3d-anycubic-wash-cure-3\/#primaryimage\"},\"image\":{\"@id\":\"https:\/\/ironsky.pl\/sklep\/produkt\/myjka-i-utwardzarka-wydrukow-3d-anycubic-wash-cure-3\/#primaryimage\"},\"thumbnailUrl\":\"https:\/\/ironsky.pl\/sklep\/wp-content\/uploads\/2025\/06\/42683_1.jpg\",\"datePublished\":\"2026-04-15T08:37:08+00:00\",\"dateModified\":\"2026-04-15T08:37:30+00:00\",\"description\":\"Myjka i utwardzarka wydruk\u00f3w 3D ANYCUBIC Wash & Cure 3 - \u2705 sklep z dronami i fachowym doradztwem. \u2705 Tutaj kupisz produkty DJI, Yuneec, Parrot, Syma i wiele innych, a tak\u017ce kursy i licencje na operatora drona.\",\"breadcrumb\":{\"@id\":\"https:\/\/ironsky.pl\/sklep\/produkt\/myjka-i-utwardzarka-wydrukow-3d-anycubic-wash-cure-3\/#breadcrumb\"},\"inLanguage\":\"pl-PL\",\"potentialAction\":[{\"@type\":\"ReadAction\",\"target\":[\"https:\/\/ironsky.pl\/sklep\/produkt\/myjka-i-utwardzarka-wydrukow-3d-anycubic-wash-cure-3\/\"]}]},{\"@type\":\"ImageObject\",\"inLanguage\":\"pl-PL\",\"@id\":\"https:\/\/ironsky.pl\/sklep\/produkt\/myjka-i-utwardzarka-wydrukow-3d-anycubic-wash-cure-3\/#primaryimage\",\"url\":\"https:\/\/ironsky.pl\/sklep\/wp-content\/uploads\/2025\/06\/42683_1.jpg\",\"contentUrl\":\"https:\/\/ironsky.pl\/sklep\/wp-content\/uploads\/2025\/06\/42683_1.jpg\",\"width\":800,\"height\":800},{\"@type\":\"BreadcrumbList\",\"@id\":\"https:\/\/ironsky.pl\/sklep\/produkt\/myjka-i-utwardzarka-wydrukow-3d-anycubic-wash-cure-3\/#breadcrumb\",\"itemListElement\":[{\"@type\":\"ListItem\",\"position\":1,\"name\":\"Strona g\u0142\u00f3wna\",\"item\":\"https:\/\/ironsky.pl\/sklep\/\"},{\"@type\":\"ListItem\",\"position\":2,\"name\":\"Wszystkie produkty\",\"item\":\"https:\/\/ironsky.pl\/sklep\/produkty\/\"},{\"@type\":\"ListItem\",\"position\":3,\"name\":\"Myjka i utwardzarka wydruk\u00f3w 3D ANYCUBIC Wash &#038; Cure 3\"}]},{\"@type\":\"WebSite\",\"@id\":\"https:\/\/ironsky.pl\/sklep\/#website\",\"url\":\"https:\/\/ironsky.pl\/sklep\/\",\"name\":\"IRONSKY.PL Sklep z Dronami\",\"description\":\"IRONSKY.PL Sklep z Dronami\",\"potentialAction\":[{\"@type\":\"SearchAction\",\"target\":{\"@type\":\"EntryPoint\",\"urlTemplate\":\"https:\/\/ironsky.pl\/sklep\/?s={search_term_string}\"},\"query-input\":{\"@type\":\"PropertyValueSpecification\",\"valueRequired\":true,\"valueName\":\"search_term_string\"}}],\"inLanguage\":\"pl-PL\"}]}<\/script>\n<!-- \/ Yoast SEO plugin. -->","yoast_head_json":{"title":"Myjka i utwardzarka wydruk\u00f3w 3D ANYCUBIC Wash & Cure 3 - IRONSKY.PL Sklep z Dronami","description":"Myjka i utwardzarka wydruk\u00f3w 3D ANYCUBIC Wash & Cure 3 - \u2705 sklep z dronami i fachowym doradztwem. \u2705 Tutaj kupisz produkty DJI, Yuneec, Parrot, Syma i wiele innych, a tak\u017ce kursy i licencje na operatora drona.","robots":{"index":"index","follow":"follow","max-snippet":"max-snippet:-1","max-image-preview":"max-image-preview:large","max-video-preview":"max-video-preview:-1"},"canonical":"https:\/\/ironsky.pl\/sklep\/produkt\/myjka-i-utwardzarka-wydrukow-3d-anycubic-wash-cure-3\/","og_locale":"pl_PL","og_type":"article","og_title":"Myjka i utwardzarka wydruk\u00f3w 3D ANYCUBIC Wash & Cure 3 - IRONSKY.PL Sklep z Dronami","og_description":"Myjka i utwardzarka wydruk\u00f3w 3D ANYCUBIC Wash & Cure 3 - \u2705 sklep z dronami i fachowym doradztwem. \u2705 Tutaj kupisz produkty DJI, Yuneec, Parrot, Syma i wiele innych, a tak\u017ce kursy i licencje na operatora drona.","og_url":"https:\/\/ironsky.pl\/sklep\/produkt\/myjka-i-utwardzarka-wydrukow-3d-anycubic-wash-cure-3\/","og_site_name":"IRONSKY.PL Sklep z Dronami","article_modified_time":"2026-04-15T08:37:30+00:00","og_image":[{"width":800,"height":800,"url":"https:\/\/ironsky.pl\/sklep\/wp-content\/uploads\/2025\/06\/42683_1.jpg","type":"image\/jpeg"}],"twitter_card":"summary_large_image","twitter_misc":{"Szacowany czas czytania":"2 minuty"},"schema":{"@context":"https:\/\/schema.org","@graph":[{"@type":"WebPage","@id":"https:\/\/ironsky.pl\/sklep\/produkt\/myjka-i-utwardzarka-wydrukow-3d-anycubic-wash-cure-3\/","url":"https:\/\/ironsky.pl\/sklep\/produkt\/myjka-i-utwardzarka-wydrukow-3d-anycubic-wash-cure-3\/","name":"Myjka i utwardzarka wydruk\u00f3w 3D ANYCUBIC Wash & Cure 3 - IRONSKY.PL Sklep z Dronami","isPartOf":{"@id":"https:\/\/ironsky.pl\/sklep\/#website"},"primaryImageOfPage":{"@id":"https:\/\/ironsky.pl\/sklep\/produkt\/myjka-i-utwardzarka-wydrukow-3d-anycubic-wash-cure-3\/#primaryimage"},"image":{"@id":"https:\/\/ironsky.pl\/sklep\/produkt\/myjka-i-utwardzarka-wydrukow-3d-anycubic-wash-cure-3\/#primaryimage"},"thumbnailUrl":"https:\/\/ironsky.pl\/sklep\/wp-content\/uploads\/2025\/06\/42683_1.jpg","datePublished":"2026-04-15T08:37:08+00:00","dateModified":"2026-04-15T08:37:30+00:00","description":"Myjka i utwardzarka wydruk\u00f3w 3D ANYCUBIC Wash & Cure 3 - \u2705 sklep z dronami i fachowym doradztwem. \u2705 Tutaj kupisz produkty DJI, Yuneec, Parrot, Syma i wiele innych, a tak\u017ce kursy i licencje na operatora drona.","breadcrumb":{"@id":"https:\/\/ironsky.pl\/sklep\/produkt\/myjka-i-utwardzarka-wydrukow-3d-anycubic-wash-cure-3\/#breadcrumb"},"inLanguage":"pl-PL","potentialAction":[{"@type":"ReadAction","target":["https:\/\/ironsky.pl\/sklep\/produkt\/myjka-i-utwardzarka-wydrukow-3d-anycubic-wash-cure-3\/"]}]},{"@type":"ImageObject","inLanguage":"pl-PL","@id":"https:\/\/ironsky.pl\/sklep\/produkt\/myjka-i-utwardzarka-wydrukow-3d-anycubic-wash-cure-3\/#primaryimage","url":"https:\/\/ironsky.pl\/sklep\/wp-content\/uploads\/2025\/06\/42683_1.jpg","contentUrl":"https:\/\/ironsky.pl\/sklep\/wp-content\/uploads\/2025\/06\/42683_1.jpg","width":800,"height":800},{"@type":"BreadcrumbList","@id":"https:\/\/ironsky.pl\/sklep\/produkt\/myjka-i-utwardzarka-wydrukow-3d-anycubic-wash-cure-3\/#breadcrumb","itemListElement":[{"@type":"ListItem","position":1,"name":"Strona g\u0142\u00f3wna","item":"https:\/\/ironsky.pl\/sklep\/"},{"@type":"ListItem","position":2,"name":"Wszystkie produkty","item":"https:\/\/ironsky.pl\/sklep\/produkty\/"},{"@type":"ListItem","position":3,"name":"Myjka i utwardzarka wydruk\u00f3w 3D ANYCUBIC Wash &#038; Cure 3"}]},{"@type":"WebSite","@id":"https:\/\/ironsky.pl\/sklep\/#website","url":"https:\/\/ironsky.pl\/sklep\/","name":"IRONSKY.PL Sklep z Dronami","description":"IRONSKY.PL Sklep z Dronami","potentialAction":[{"@type":"SearchAction","target":{"@type":"EntryPoint","urlTemplate":"https:\/\/ironsky.pl\/sklep\/?s={search_term_string}"},"query-input":{"@type":"PropertyValueSpecification","valueRequired":true,"valueName":"search_term_string"}}],"inLanguage":"pl-PL"}]}},"_links":{"self":[{"href":"https:\/\/ironsky.pl\/sklep\/wp-json\/wp\/v2\/product\/58487","targetHints":{"allow":["GET"]}}],"collection":[{"href":"https:\/\/ironsky.pl\/sklep\/wp-json\/wp\/v2\/product"}],"about":[{"href":"https:\/\/ironsky.pl\/sklep\/wp-json\/wp\/v2\/types\/product"}],"replies":[{"embeddable":true,"href":"https:\/\/ironsky.pl\/sklep\/wp-json\/wp\/v2\/comments?post=58487"}],"wp:featuredmedia":[{"embeddable":true,"href":"https:\/\/ironsky.pl\/sklep\/wp-json\/wp\/v2\/media\/44856"}],"wp:attachment":[{"href":"https:\/\/ironsky.pl\/sklep\/wp-json\/wp\/v2\/media?parent=58487"}],"wp:term":[{"taxonomy":"product_brand","embeddable":true,"href":"https:\/\/ironsky.pl\/sklep\/wp-json\/wp\/v2\/product_brand?post=58487"},{"taxonomy":"product_cat","embeddable":true,"href":"https:\/\/ironsky.pl\/sklep\/wp-json\/wp\/v2\/product_cat?post=58487"},{"taxonomy":"product_tag","embeddable":true,"href":"https:\/\/ironsky.pl\/sklep\/wp-json\/wp\/v2\/product_tag?post=58487"}],"curies":[{"name":"wp","href":"https:\/\/api.w.org\/{rel}","templated":true}]}}