{"id":58486,"date":"2026-04-15T10:37:08","date_gmt":"2026-04-15T08:37:08","guid":{"rendered":"https:\/\/ironsky.pl\/sklep\/produkt\/myjka-i-utwardzarka-wydrukow-anycubic-wash-cure-3-plus\/"},"modified":"2026-04-15T10:37:28","modified_gmt":"2026-04-15T08:37:28","slug":"myjka-i-utwardzarka-wydrukow-anycubic-wash-cure-3-plus","status":"publish","type":"product","link":"https:\/\/ironsky.pl\/sklep\/produkt\/myjka-i-utwardzarka-wydrukow-anycubic-wash-cure-3-plus\/","title":{"rendered":"Myjka i utwardzarka wydruk\u00f3w ANYCUBIC Wash &#038; Cure 3 Plus"},"content":{"rendered":"<h3>Urz\u0105dzenie do mycia i suszenia wydruk\u00f3w AnyCubic Wash &amp; Cure 3 Plus<\/h3>\n<p>Wash &amp; Cure 3 Plus to niezawodne urz\u0105dzenie do mycia i suszenia, kt\u00f3re pozwoli Ci zadba\u0107 o odpowiednie wyko\u0144czenie i utwardzenie Twoich wydruk\u00f3w. Cechuje si\u0119 du\u017c\u0105 konstrukcj\u0105, dzi\u0119ki kt\u00f3rej bez problemu zmie\u015bci nawet wi\u0119ksze modele. Wyr\u00f3\u017cnia je tak\u017ce zaskakuj\u0105co cicha praca. Mo\u017cesz te\u017c wybiera\u0107 spo\u015br\u00f3d r\u00f3\u017cnych tryb\u00f3w dzia\u0142ania i r\u0119cznie dostosowywa\u0107 czas czyszczenia lub utwardzania.<\/p>\n<p>\n<img decoding=\"async\" src=\"https:\/\/assets.innpro.pl\/6092\/7155\/1.jpg\" border=\"0\" \/>\n<\/p>\n<h3>Wi\u0119ksza pojemno\u015b\u0107<\/h3>\n<p>Produkt pozwoli Ci bez problemu wyczy\u015bci\u0107 nawet wi\u0119ksze wydruki. Pojemno\u015b\u0107 jego koszyka wynosi a\u017c 7,6 l, a ca\u0142kowita pojemno\u015b\u0107 modu\u0142u do czyszczenia to a\u017c 12 l. To wystarczaj\u0105co du\u017co, aby zmie\u015bci\u0107 modele o r\u00f3\u017cnych rozmiarach! Z kolei wymiary obszaru do utwardzania to \u00f8220 x 260 mm.<\/p>\n<p>\n<img decoding=\"async\" src=\"https:\/\/assets.innpro.pl\/6092\/7155\/7.jpg\" border=\"0\" \/>\n<\/p>\n<h3>Niezawodne utwardzanie<\/h3>\n<p>Dzi\u0119ki starannie przemy\u015blanej konstrukcji i ulepszonemu u\u0142o\u017ceniu diod urz\u0105dzenie gwarantuje doskona\u0142e, r\u00f3wnomierne efekty utwardzania. Co wi\u0119cej, w sk\u0142ad zestawu wchodzi innowacyjna lampa UV o wyginanej konstrukcji, kt\u00f3ra zapewnia energi\u0119 na poziomie 30 000 \u03bcW\/cm2 oraz zakres promieniowania 1-3 cm. Za jej pomoc\u0105 mo\u017cesz na przyk\u0142ad utwardza\u0107 detale swoich modeli.<\/p>\n<p>\n<img decoding=\"async\" src=\"https:\/\/assets.innpro.pl\/6092\/7155\/8.jpg\" border=\"0\" \/>\n<\/p>\n<h3>Ulepszona konstrukcja koszyka<\/h3>\n<p>Koszyk urz\u0105dzenia zosta\u0142 wykonany z odpornego na rdzewienie dwuwarstwowego tworzywa PP, a ponadto umo\u017cliwia czyszczenie modeli umieszczonych na platformie. Mo\u017cesz te\u017c wybiera\u0107 spo\u015br\u00f3d 2 dost\u0119pnych wysoko\u015bci \u2013 150 mm i 250 mm. Dzi\u0119ki temu z \u0142atwo\u015bci\u0105 dostosujesz produkt do wielko\u015bci swojego wydruku i zapewnisz sobie maksymaln\u0105 wydajno\u015b\u0107 IPA \u2013 zu\u017cyjesz go tylko tyle, ile rzeczywi\u015bcie potrzebujesz!<\/p>\n<p>\n<img decoding=\"async\" src=\"https:\/\/assets.innpro.pl\/6092\/7155\/3.jpg\" border=\"0\" \/>\n<\/p>\n<h3>Utwardzaj wi\u0119cej modeli w tym samym czasie<\/h3>\n<p>Do dyspozycji masz tak\u017ce dwuwarstwow\u0105 platform\u0119 do utwardzania, dzi\u0119ki kt\u00f3rej mo\u017cesz suszy\u0107 wi\u0119ksz\u0105 liczb\u0119 modeli jednocze\u015bnie. Dzi\u0119ki temu zaoszcz\u0119dzisz czas i unikniesz niepotrzebnej eksploatacji urz\u0105dzenia!<\/p>\n<p>\n<img decoding=\"async\" src=\"https:\/\/assets.innpro.pl\/6092\/7155\/6.jpg\" border=\"0\" \/>\n<\/p>\n<h3>Prosta obs\u0142uga<\/h3>\n<p>Urz\u0105dzenie oferuje 3 tryby pracy do wyboru \u2013 mycie, utwardzanie oraz ulepszone utwardzanie FlexiCure z wykorzystaniem wchodz\u0105cej w sk\u0142ad zestawu lampy UV. Mo\u017cesz te\u017c r\u0119cznie dostosowa\u0107 czas czyszczenia lub suszenia w zakresie 1-30 minut. Wygodn\u0105 obs\u0142ug\u0119 modelu Wash &amp; Cure 3 Plus umo\u017cliwia wbudowany panel dotykowy.<\/p>\n<p>\n<img decoding=\"async\" src=\"https:\/\/assets.innpro.pl\/6092\/7155\/4.jpg\" border=\"0\" \/>\n<\/p>\n<h3>Cicha praca<\/h3>\n<p>Nie obawiaj si\u0119, \u017ce generowany przez urz\u0105dzenie ha\u0142as przeszkodzi Ci w pracy lub w odpoczynku. Uszczelniona konstrukcja i zoptymalizowane oprogramowanie modelu Wash &amp; Cure 3 Plus sprawia, \u017ce jego poziom g\u0142o\u015bno\u015bci wynosi tylko oko\u0142o 65 dB. Mo\u017cesz wi\u0119c cieszy\u0107 si\u0119 spokojem!<\/p>\n<p>\n<img decoding=\"async\" src=\"https:\/\/assets.innpro.pl\/6092\/7155\/5.jpg\" border=\"0\" \/>\n<\/p>\n<h3>W zestawie<\/h3>\n<ul class=\"list-disc pl-5\">\n<li>Urz\u0105dzenie do mycia i suszenia wydruk\u00f3w<\/li>\n<li>Modu\u0142 do czyszczenia<\/li>\n<li>Koszyk do czyszczenia<\/li>\n<li>Dr\u0105\u017cek x4<\/li>\n<li>St\u00f3\u0142 do utwardzania<\/li>\n<li>Lampa UV o wyginanej konstrukcji<\/li>\n<li>Zestaw kluczy imbusowych<\/li>\n<li>Zasilacz<\/li>\n<li>Instrukcja obs\u0142ugi<\/li>\n<\/ul>\n<div class=\"table-wrapper\">\n<p>\u00a0<\/p>\n<h3><\/h3>\n<table>\n<tbody>\n<tr>\n<th>Producent<\/th>\n<td>AnyCubic<\/td>\n<\/tr>\n<tr>\n<th>Model<\/th>\n<td>WS3LA0WH-Y-O<\/td>\n<\/tr>\n<tr>\n<th>\u0179r\u00f3d\u0142o \u015bwiat\u0142a UV<\/th>\n<td>14 diod 405 nm + lampa o regulowanej konstrukcji<\/td>\n<\/tr>\n<tr>\n<th>Tryby pracy<\/th>\n<td>Czyszczenie, utwardzanie, FlexiCure<\/td>\n<\/tr>\n<tr>\n<th>Moc znamionowa<\/th>\n<td>36 W<\/td>\n<\/tr>\n<tr>\n<th>Napi\u0119cie wej\u015bciowe<\/th>\n<td>100-240 V 50\/60 Hz<\/td>\n<\/tr>\n<tr>\n<th>Regulacja czasu mycia \/ utwardzania<\/th>\n<td>1-30 min<\/td>\n<\/tr>\n<tr>\n<th>Maks. wymiary utwardzanego modelu<\/th>\n<td>\u00f8220 x 260 mm<\/td>\n<\/tr>\n<tr>\n<th>Maks. wymiary czyszczonego modelu<\/th>\n<td>Z platform\u0105: 228 x 128 x 250 mm; Bez platformy: 228 x 128 x 260 mm;<\/td>\n<\/tr>\n<tr>\n<th>Panel sterowania<\/th>\n<td>Przyciski dotykowe<\/td>\n<\/tr>\n<tr>\n<th>Materia\u0142 (koszyk do czyszczenia, modu\u0142 do czyszczenia, st\u00f3\u0142 do utwardzania)<\/th>\n<td>PP<\/td>\n<\/tr>\n<tr>\n<th>Wysoko\u015b\u0107 lampy UV<\/th>\n<td>380 mm<\/td>\n<\/tr>\n<tr>\n<th>Wymiary<\/th>\n<td>312 x 267 x 434 mm<\/td>\n<\/tr>\n<tr>\n<th>Waga<\/th>\n<td>5,7 kg<\/td>\n<\/tr>\n<\/tbody>\n<\/table>\n<\/div>\n","protected":false},"excerpt":{"rendered":"<p>Urz\u0105dzenie do mycia i suszenia wydruk\u00f3w AnyCubic Wash &amp; Cure 3 Plus Wash &amp; Cure 3 Plus to niezawodne urz\u0105dzenie<\/p>\n","protected":false},"featured_media":44848,"comment_status":"closed","ping_status":"open","template":"","meta":{"_acf_changed":false},"product_brand":[],"product_cat":[6226,6222,6217],"product_tag":[],"class_list":{"0":"post-58486","1":"product","2":"type-product","3":"status-publish","4":"has-post-thumbnail","6":"product_cat-akcesoria-do-drukarek-3d","7":"product_cat-druk-3d-technologie-kreatywne","8":"product_cat-technologie-kreatywne","9":"pa_okres-gwarancji-5757","10":"pa_producent-anycubic","12":"first","13":"outofstock","14":"taxable","15":"shipping-taxable","16":"purchasable","17":"product-type-simple"},"acf":[],"yoast_head":"<!-- This site is optimized with the Yoast SEO plugin v27.2 - https:\/\/yoast.com\/product\/yoast-seo-wordpress\/ -->\n<title>Myjka i utwardzarka wydruk\u00f3w ANYCUBIC Wash &amp; Cure 3 Plus - IRONSKY.PL Sklep z Dronami<\/title>\n<meta name=\"description\" content=\"Myjka i utwardzarka wydruk\u00f3w ANYCUBIC Wash &amp; Cure 3 Plus - \u2705 sklep z dronami i fachowym doradztwem. \u2705 Tutaj kupisz produkty DJI, Yuneec, Parrot, Syma i wiele innych, a tak\u017ce kursy i licencje na operatora drona.\" \/>\n<meta name=\"robots\" content=\"index, follow, max-snippet:-1, max-image-preview:large, max-video-preview:-1\" \/>\n<link rel=\"canonical\" href=\"https:\/\/ironsky.pl\/sklep\/produkt\/myjka-i-utwardzarka-wydrukow-anycubic-wash-cure-3-plus\/\" \/>\n<meta property=\"og:locale\" content=\"pl_PL\" \/>\n<meta property=\"og:type\" content=\"article\" \/>\n<meta property=\"og:title\" content=\"Myjka i utwardzarka wydruk\u00f3w ANYCUBIC Wash &amp; Cure 3 Plus - IRONSKY.PL Sklep z Dronami\" \/>\n<meta property=\"og:description\" content=\"Myjka i utwardzarka wydruk\u00f3w ANYCUBIC Wash &amp; Cure 3 Plus - \u2705 sklep z dronami i fachowym doradztwem. \u2705 Tutaj kupisz produkty DJI, Yuneec, Parrot, Syma i wiele innych, a tak\u017ce kursy i licencje na operatora drona.\" \/>\n<meta property=\"og:url\" content=\"https:\/\/ironsky.pl\/sklep\/produkt\/myjka-i-utwardzarka-wydrukow-anycubic-wash-cure-3-plus\/\" \/>\n<meta property=\"og:site_name\" content=\"IRONSKY.PL Sklep z Dronami\" \/>\n<meta property=\"article:modified_time\" content=\"2026-04-15T08:37:28+00:00\" \/>\n<meta property=\"og:image\" content=\"https:\/\/ironsky.pl\/sklep\/wp-content\/uploads\/2025\/06\/42681_6.jpg\" \/>\n\t<meta property=\"og:image:width\" content=\"800\" \/>\n\t<meta property=\"og:image:height\" content=\"800\" \/>\n\t<meta property=\"og:image:type\" content=\"image\/jpeg\" \/>\n<meta name=\"twitter:card\" content=\"summary_large_image\" \/>\n<meta name=\"twitter:label1\" content=\"Szacowany czas czytania\" \/>\n\t<meta name=\"twitter:data1\" content=\"3 minuty\" \/>\n<script type=\"application\/ld+json\" class=\"yoast-schema-graph\">{\"@context\":\"https:\/\/schema.org\",\"@graph\":[{\"@type\":\"WebPage\",\"@id\":\"https:\/\/ironsky.pl\/sklep\/produkt\/myjka-i-utwardzarka-wydrukow-anycubic-wash-cure-3-plus\/\",\"url\":\"https:\/\/ironsky.pl\/sklep\/produkt\/myjka-i-utwardzarka-wydrukow-anycubic-wash-cure-3-plus\/\",\"name\":\"Myjka i utwardzarka wydruk\u00f3w ANYCUBIC Wash & Cure 3 Plus - IRONSKY.PL Sklep z Dronami\",\"isPartOf\":{\"@id\":\"https:\/\/ironsky.pl\/sklep\/#website\"},\"primaryImageOfPage\":{\"@id\":\"https:\/\/ironsky.pl\/sklep\/produkt\/myjka-i-utwardzarka-wydrukow-anycubic-wash-cure-3-plus\/#primaryimage\"},\"image\":{\"@id\":\"https:\/\/ironsky.pl\/sklep\/produkt\/myjka-i-utwardzarka-wydrukow-anycubic-wash-cure-3-plus\/#primaryimage\"},\"thumbnailUrl\":\"https:\/\/ironsky.pl\/sklep\/wp-content\/uploads\/2025\/06\/42681_6.jpg\",\"datePublished\":\"2026-04-15T08:37:08+00:00\",\"dateModified\":\"2026-04-15T08:37:28+00:00\",\"description\":\"Myjka i utwardzarka wydruk\u00f3w ANYCUBIC Wash & Cure 3 Plus - \u2705 sklep z dronami i fachowym doradztwem. \u2705 Tutaj kupisz produkty DJI, Yuneec, Parrot, Syma i wiele innych, a tak\u017ce kursy i licencje na operatora drona.\",\"breadcrumb\":{\"@id\":\"https:\/\/ironsky.pl\/sklep\/produkt\/myjka-i-utwardzarka-wydrukow-anycubic-wash-cure-3-plus\/#breadcrumb\"},\"inLanguage\":\"pl-PL\",\"potentialAction\":[{\"@type\":\"ReadAction\",\"target\":[\"https:\/\/ironsky.pl\/sklep\/produkt\/myjka-i-utwardzarka-wydrukow-anycubic-wash-cure-3-plus\/\"]}]},{\"@type\":\"ImageObject\",\"inLanguage\":\"pl-PL\",\"@id\":\"https:\/\/ironsky.pl\/sklep\/produkt\/myjka-i-utwardzarka-wydrukow-anycubic-wash-cure-3-plus\/#primaryimage\",\"url\":\"https:\/\/ironsky.pl\/sklep\/wp-content\/uploads\/2025\/06\/42681_6.jpg\",\"contentUrl\":\"https:\/\/ironsky.pl\/sklep\/wp-content\/uploads\/2025\/06\/42681_6.jpg\",\"width\":800,\"height\":800},{\"@type\":\"BreadcrumbList\",\"@id\":\"https:\/\/ironsky.pl\/sklep\/produkt\/myjka-i-utwardzarka-wydrukow-anycubic-wash-cure-3-plus\/#breadcrumb\",\"itemListElement\":[{\"@type\":\"ListItem\",\"position\":1,\"name\":\"Strona g\u0142\u00f3wna\",\"item\":\"https:\/\/ironsky.pl\/sklep\/\"},{\"@type\":\"ListItem\",\"position\":2,\"name\":\"Wszystkie produkty\",\"item\":\"https:\/\/ironsky.pl\/sklep\/produkty\/\"},{\"@type\":\"ListItem\",\"position\":3,\"name\":\"Myjka i utwardzarka wydruk\u00f3w ANYCUBIC Wash &#038; Cure 3 Plus\"}]},{\"@type\":\"WebSite\",\"@id\":\"https:\/\/ironsky.pl\/sklep\/#website\",\"url\":\"https:\/\/ironsky.pl\/sklep\/\",\"name\":\"IRONSKY.PL Sklep z Dronami\",\"description\":\"IRONSKY.PL Sklep z Dronami\",\"potentialAction\":[{\"@type\":\"SearchAction\",\"target\":{\"@type\":\"EntryPoint\",\"urlTemplate\":\"https:\/\/ironsky.pl\/sklep\/?s={search_term_string}\"},\"query-input\":{\"@type\":\"PropertyValueSpecification\",\"valueRequired\":true,\"valueName\":\"search_term_string\"}}],\"inLanguage\":\"pl-PL\"}]}<\/script>\n<!-- \/ Yoast SEO plugin. -->","yoast_head_json":{"title":"Myjka i utwardzarka wydruk\u00f3w ANYCUBIC Wash & Cure 3 Plus - IRONSKY.PL Sklep z Dronami","description":"Myjka i utwardzarka wydruk\u00f3w ANYCUBIC Wash & Cure 3 Plus - \u2705 sklep z dronami i fachowym doradztwem. \u2705 Tutaj kupisz produkty DJI, Yuneec, Parrot, Syma i wiele innych, a tak\u017ce kursy i licencje na operatora drona.","robots":{"index":"index","follow":"follow","max-snippet":"max-snippet:-1","max-image-preview":"max-image-preview:large","max-video-preview":"max-video-preview:-1"},"canonical":"https:\/\/ironsky.pl\/sklep\/produkt\/myjka-i-utwardzarka-wydrukow-anycubic-wash-cure-3-plus\/","og_locale":"pl_PL","og_type":"article","og_title":"Myjka i utwardzarka wydruk\u00f3w ANYCUBIC Wash & Cure 3 Plus - IRONSKY.PL Sklep z Dronami","og_description":"Myjka i utwardzarka wydruk\u00f3w ANYCUBIC Wash & Cure 3 Plus - \u2705 sklep z dronami i fachowym doradztwem. \u2705 Tutaj kupisz produkty DJI, Yuneec, Parrot, Syma i wiele innych, a tak\u017ce kursy i licencje na operatora drona.","og_url":"https:\/\/ironsky.pl\/sklep\/produkt\/myjka-i-utwardzarka-wydrukow-anycubic-wash-cure-3-plus\/","og_site_name":"IRONSKY.PL Sklep z Dronami","article_modified_time":"2026-04-15T08:37:28+00:00","og_image":[{"width":800,"height":800,"url":"https:\/\/ironsky.pl\/sklep\/wp-content\/uploads\/2025\/06\/42681_6.jpg","type":"image\/jpeg"}],"twitter_card":"summary_large_image","twitter_misc":{"Szacowany czas czytania":"3 minuty"},"schema":{"@context":"https:\/\/schema.org","@graph":[{"@type":"WebPage","@id":"https:\/\/ironsky.pl\/sklep\/produkt\/myjka-i-utwardzarka-wydrukow-anycubic-wash-cure-3-plus\/","url":"https:\/\/ironsky.pl\/sklep\/produkt\/myjka-i-utwardzarka-wydrukow-anycubic-wash-cure-3-plus\/","name":"Myjka i utwardzarka wydruk\u00f3w ANYCUBIC Wash & Cure 3 Plus - IRONSKY.PL Sklep z Dronami","isPartOf":{"@id":"https:\/\/ironsky.pl\/sklep\/#website"},"primaryImageOfPage":{"@id":"https:\/\/ironsky.pl\/sklep\/produkt\/myjka-i-utwardzarka-wydrukow-anycubic-wash-cure-3-plus\/#primaryimage"},"image":{"@id":"https:\/\/ironsky.pl\/sklep\/produkt\/myjka-i-utwardzarka-wydrukow-anycubic-wash-cure-3-plus\/#primaryimage"},"thumbnailUrl":"https:\/\/ironsky.pl\/sklep\/wp-content\/uploads\/2025\/06\/42681_6.jpg","datePublished":"2026-04-15T08:37:08+00:00","dateModified":"2026-04-15T08:37:28+00:00","description":"Myjka i utwardzarka wydruk\u00f3w ANYCUBIC Wash & Cure 3 Plus - \u2705 sklep z dronami i fachowym doradztwem. \u2705 Tutaj kupisz produkty DJI, Yuneec, Parrot, Syma i wiele innych, a tak\u017ce kursy i licencje na operatora drona.","breadcrumb":{"@id":"https:\/\/ironsky.pl\/sklep\/produkt\/myjka-i-utwardzarka-wydrukow-anycubic-wash-cure-3-plus\/#breadcrumb"},"inLanguage":"pl-PL","potentialAction":[{"@type":"ReadAction","target":["https:\/\/ironsky.pl\/sklep\/produkt\/myjka-i-utwardzarka-wydrukow-anycubic-wash-cure-3-plus\/"]}]},{"@type":"ImageObject","inLanguage":"pl-PL","@id":"https:\/\/ironsky.pl\/sklep\/produkt\/myjka-i-utwardzarka-wydrukow-anycubic-wash-cure-3-plus\/#primaryimage","url":"https:\/\/ironsky.pl\/sklep\/wp-content\/uploads\/2025\/06\/42681_6.jpg","contentUrl":"https:\/\/ironsky.pl\/sklep\/wp-content\/uploads\/2025\/06\/42681_6.jpg","width":800,"height":800},{"@type":"BreadcrumbList","@id":"https:\/\/ironsky.pl\/sklep\/produkt\/myjka-i-utwardzarka-wydrukow-anycubic-wash-cure-3-plus\/#breadcrumb","itemListElement":[{"@type":"ListItem","position":1,"name":"Strona g\u0142\u00f3wna","item":"https:\/\/ironsky.pl\/sklep\/"},{"@type":"ListItem","position":2,"name":"Wszystkie produkty","item":"https:\/\/ironsky.pl\/sklep\/produkty\/"},{"@type":"ListItem","position":3,"name":"Myjka i utwardzarka wydruk\u00f3w ANYCUBIC Wash &#038; Cure 3 Plus"}]},{"@type":"WebSite","@id":"https:\/\/ironsky.pl\/sklep\/#website","url":"https:\/\/ironsky.pl\/sklep\/","name":"IRONSKY.PL Sklep z Dronami","description":"IRONSKY.PL Sklep z Dronami","potentialAction":[{"@type":"SearchAction","target":{"@type":"EntryPoint","urlTemplate":"https:\/\/ironsky.pl\/sklep\/?s={search_term_string}"},"query-input":{"@type":"PropertyValueSpecification","valueRequired":true,"valueName":"search_term_string"}}],"inLanguage":"pl-PL"}]}},"_links":{"self":[{"href":"https:\/\/ironsky.pl\/sklep\/wp-json\/wp\/v2\/product\/58486","targetHints":{"allow":["GET"]}}],"collection":[{"href":"https:\/\/ironsky.pl\/sklep\/wp-json\/wp\/v2\/product"}],"about":[{"href":"https:\/\/ironsky.pl\/sklep\/wp-json\/wp\/v2\/types\/product"}],"replies":[{"embeddable":true,"href":"https:\/\/ironsky.pl\/sklep\/wp-json\/wp\/v2\/comments?post=58486"}],"wp:featuredmedia":[{"embeddable":true,"href":"https:\/\/ironsky.pl\/sklep\/wp-json\/wp\/v2\/media\/44848"}],"wp:attachment":[{"href":"https:\/\/ironsky.pl\/sklep\/wp-json\/wp\/v2\/media?parent=58486"}],"wp:term":[{"taxonomy":"product_brand","embeddable":true,"href":"https:\/\/ironsky.pl\/sklep\/wp-json\/wp\/v2\/product_brand?post=58486"},{"taxonomy":"product_cat","embeddable":true,"href":"https:\/\/ironsky.pl\/sklep\/wp-json\/wp\/v2\/product_cat?post=58486"},{"taxonomy":"product_tag","embeddable":true,"href":"https:\/\/ironsky.pl\/sklep\/wp-json\/wp\/v2\/product_tag?post=58486"}],"curies":[{"name":"wp","href":"https:\/\/api.w.org\/{rel}","templated":true}]}}