{"id":58485,"date":"2026-04-15T10:37:08","date_gmt":"2026-04-15T08:37:08","guid":{"rendered":"https:\/\/ironsky.pl\/sklep\/produkt\/drukarka-3d-anycubic-kobra-2-neo-2\/"},"modified":"2026-04-15T10:37:27","modified_gmt":"2026-04-15T08:37:27","slug":"drukarka-3d-anycubic-kobra-2-neo-2","status":"publish","type":"product","link":"https:\/\/ironsky.pl\/sklep\/produkt\/drukarka-3d-anycubic-kobra-2-neo-2\/","title":{"rendered":"Drukarka 3D ANYCUBIC Kobra 2 Neo"},"content":{"rendered":"<h3>Drukarka 3D AnyCubic Kobra 2 Neo<\/h3>\n<p>Drukarka 3D AnyCubic Kobra 2 Neo pozwoli Ci na szybkie i dok\u0142adne drukowanie wielu r\u00f3\u017cnych modeli. Pracuje z maksymaln\u0105 pr\u0119dko\u015bci\u0105 250 mm\/s i zosta\u0142a wyposa\u017cona w nowy, zintegrowany ekstruder. Oferuje r\u00f3wnie\u017c nap\u0119d liniowy i kszta\u0142towanie wej\u015bcia, dzi\u0119ki czemu pozwala tworzy\u0107 szczeg\u00f3\u0142owe, wysokiej jako\u015bci druki. Obs\u0142uguje r\u00f3wnie\u017c automatyczne poziomowanie z kompensacj\u0105 odchylenia osi Z. Jest przy tym bardzo prosta i wygodna w u\u017cyciu.<\/p>\n<p>\n<img decoding=\"async\" src=\"https:\/\/assets.innpro.pl\/6085\/7145\/1.jpg\" border=\"0\" \/>\n<\/p>\n<h3>Imponuj\u0105ca pr\u0119dko\u015b\u0107 drukowania<\/h3>\n<p>Nie chcesz zbyt d\u0142ugo czeka\u0107, a\u017c Twoje modele b\u0119d\u0105 gotowe? Model Kobra 2 Neo b\u0119dzie dla Ciebie idealny! Drukarka oferuje maksymaln\u0105 pr\u0119dko\u015b\u0107 drukowania si\u0119gaj\u0105c\u0105 250 mm\/s (przy czym zalecana pr\u0119dko\u015b\u0107 to 150 mm\/s). Aby za jej pomoc\u0105 wydrukowa\u0107 3DBenchy, wystarczy tylko oko\u0142o p\u00f3\u0142 godziny!<\/p>\n<p>\n<img decoding=\"async\" src=\"https:\/\/assets.innpro.pl\/6085\/7145\/8.jpg\" border=\"0\" \/>\n<\/p>\n<h3>Nowy, zintegrowany ekstruder<\/h3>\n<p>Ulepszony ekstruder i system ch\u0142odzenia drukarki umo\u017cliwiaj\u0105 szybkie rozpuszczanie filamentu z moc\u0105 60 W. Z kolei wbudowany wentylator pracuj\u0105cy z pr\u0119dko\u015bci\u0105 7000 rpm zapewnia b\u0142yskawiczne ch\u0142odzenie i formowanie modelu. Kobra 2 Neo wyr\u00f3\u017cnia si\u0119 tak\u017ce kompatybilno\u015bci\u0105 z r\u00f3\u017cnymi rodzajami filamentu, w tym PLA, TPU i PETG. Dzi\u0119ki temu \u015bwietnie sprawdzi si\u0119 w r\u00f3\u017cnych zastosowaniach!<\/p>\n<p>\n<img decoding=\"async\" src=\"https:\/\/assets.innpro.pl\/6085\/7145\/2.jpg\" border=\"0\" \/>\n<\/p>\n<h3>Szczeg\u00f3\u0142owe modele<\/h3>\n<p>Drukarka obs\u0142uguje r\u00f3wnie\u017c takie funkcje jak nap\u0119d linowy i kszta\u0142towanie wej\u015bcia, dzi\u0119ki czemu gotowe wydruki cechuj\u0105 si\u0119 lepsz\u0105 jako\u015bci\u0105, stabilno\u015bci\u0105, g\u0142adko\u015bci\u0105 i bogactwem szczeg\u00f3\u0142\u00f3w. Teraz nawet pocz\u0105tkuj\u0105cy u\u017cytkownicy bez trudu stworz\u0105 zachwycaj\u0105ce modele!<\/p>\n<p>\n<img decoding=\"async\" src=\"https:\/\/assets.innpro.pl\/6085\/7145\/5.jpg\" border=\"0\" \/>\n<\/p>\n<h3>System automatycznego poziomowania<\/h3>\n<p>Model Kobra 2 Neo obs\u0142uguje system automatycznego poziomowania LeviQ 2.0, kt\u00f3ry pozwala dodatkowo na inteligentn\u0105 kompensacj\u0119 odchyle\u0144 w osi Z \u2013 umo\u017cliwia te\u017c niwelowanie ich za pomoc\u0105 niestandardowych warto\u015bci. To oznacza, \u017ce bez problemu dostosujesz go do swoich potrzeb!<\/p>\n<p>\n<img decoding=\"async\" src=\"https:\/\/assets.innpro.pl\/6085\/7145\/3.jpg\" border=\"0\" \/>\n<\/p>\n<h3>Wygodna obs\u0142uga<\/h3>\n<p>Do obs\u0142ugi drukarki s\u0142u\u017cy 2,4-calowy ekran LCD z wygodnym w u\u017cyciu pokr\u0119t\u0142em. Za jego pomoc\u0105 z \u0142atwo\u015bci\u0105 dostosujesz ustawienia, wybierzesz odpowiednie funkcje i wiele wi\u0119cej. Ponadto ca\u0142e urz\u0105dzenie sk\u0142ada si\u0119 z 5 modu\u0142\u00f3w, dzi\u0119ki czemu jest bardzo proste w monta\u017cu. Teraz w mgnieniu oka przygotujesz drukark\u0119 do pracy i zajmiesz si\u0119 tworzeniem wysokiej jako\u015bci modeli!<\/p>\n<p>\n<img decoding=\"async\" src=\"https:\/\/assets.innpro.pl\/6085\/7145\/4.jpg\" border=\"0\" \/>\n<\/p>\n<h3>W zestawie<\/h3>\n<ul class=\"list-disc pl-5\">\n<li>Rama<\/li>\n<li>Baza<\/li>\n<li>Ekran z pokr\u0119t\u0142em<\/li>\n<li>Uchwyt na filament<\/li>\n<li>G\u0142owica drukuj\u0105ca<\/li>\n<li>Karta TF (8 GB)<\/li>\n<li>Uchwyt do mocowania kabla<\/li>\n<li>Czytnik kart<\/li>\n<li>Dysza<\/li>\n<li>Zestaw \u015brub<\/li>\n<li>Testowy filament<\/li>\n<li>Zestaw narz\u0119dzi<\/li>\n<li>Kabel zasilaj\u0105cy<\/li>\n<li>Instrukcja obs\u0142ugi<\/li>\n<\/ul>\n<div class=\"table-wrapper\">\n<p>\u00a0<\/p>\n<h3><\/h3>\n<table>\n<tbody>\n<tr>\n<th>Producent<\/th>\n<td>AnyCubic<\/td>\n<\/tr>\n<tr>\n<th>Model<\/th>\n<td>KNVA0BK-Y-O<\/td>\n<\/tr>\n<tr>\n<th>Typ<\/th>\n<td>FDM \/ FFF<\/td>\n<\/tr>\n<tr>\n<th>Struktura<\/th>\n<td>Kartezja\u0144ska<\/td>\n<\/tr>\n<tr>\n<th>Wykrywanie filamentu<\/th>\n<td>Opcjonalne<\/td>\n<\/tr>\n<tr>\n<th>Poziomowanie<\/th>\n<td>Automatyczny system LeviQ 2.0 (25-punktowy)<\/td>\n<\/tr>\n<tr>\n<th>Platforma<\/th>\n<td>Magnetyczna platforma PEI ze stali spr\u0119\u017cynowej (220 x 220 mm)<\/td>\n<\/tr>\n<tr>\n<th>O\u015b Y<\/th>\n<td>Szyna x1<\/td>\n<\/tr>\n<tr>\n<th>O\u015b Z<\/th>\n<td>Pr\u0119t z gwintem<\/td>\n<\/tr>\n<tr>\n<th>Ekstruder<\/th>\n<td>Zintegrowany, umieszczony bezpo\u015brednio nad g\u0142owic\u0105 drukuj\u0105c\u0105<\/td>\n<\/tr>\n<tr>\n<th>Pr\u0119dko\u015b\u0107 wentylatora ch\u0142odz\u0105cego<\/th>\n<td>7000 rpm<\/td>\n<\/tr>\n<tr>\n<th>Napinacz ta\u015bmy osi X \/ Y<\/th>\n<td>Przycisk do regulacji<\/td>\n<\/tr>\n<tr>\n<th>Panel sterowania<\/th>\n<td>2,4-calowy ekran LCD sterowany za pomoc\u0105 pokr\u0119t\u0142a<\/td>\n<\/tr>\n<tr>\n<th>Wprowadzanie danych<\/th>\n<td>Karta microSD<\/td>\n<\/tr>\n<tr>\n<th>Temperatura sto\u0142u<\/th>\n<td>\u2264 110\u00b0C<\/td>\n<\/tr>\n<tr>\n<th>Dysza<\/th>\n<td>\u2264 260\u00b0C, \u00d8 0,4 mm (wymienna)<\/td>\n<\/tr>\n<tr>\n<th>P\u0142yta g\u0142\u00f3wna<\/th>\n<td>32-bitowa<\/td>\n<\/tr>\n<tr>\n<th>Maks. obj\u0119to\u015b\u0107 drukowania<\/th>\n<td>12,1 l<\/td>\n<\/tr>\n<tr>\n<th>Kompatybilne rodzaje filament\u00f3w<\/th>\n<td>PLA \/ TPU \/ ABS \/ PETG<\/td>\n<\/tr>\n<tr>\n<th>Pr\u0119dko\u015b\u0107 drukowania<\/th>\n<td>Maksymalna: \u2264 250 mm\/s; Standardowa: \u2264 150 mm\/s;<\/td>\n<\/tr>\n<tr>\n<th>Maks. wymiary drukowania<\/th>\n<td>250 x 220 x 220 mm (W x S x G)<\/td>\n<\/tr>\n<tr>\n<th>Zasilanie<\/th>\n<td>400 W<\/td>\n<\/tr>\n<tr>\n<th>Waga<\/th>\n<td>7,3 kg<\/td>\n<\/tr>\n<tr>\n<th>Wymiary<\/th>\n<td>485 x 440 x 440 mm<\/td>\n<\/tr>\n<\/tbody>\n<\/table>\n<\/div>\n","protected":false},"excerpt":{"rendered":"<p>Drukarka 3D AnyCubic Kobra 2 Neo Drukarka 3D AnyCubic Kobra 2 Neo pozwoli Ci na szybkie i dok\u0142adne drukowanie wielu<\/p>\n","protected":false},"featured_media":44841,"comment_status":"closed","ping_status":"open","template":"","meta":{"_acf_changed":false},"product_brand":[],"product_cat":[6222,6223,6217],"product_tag":[],"class_list":{"0":"post-58485","1":"product","2":"type-product","3":"status-publish","4":"has-post-thumbnail","6":"product_cat-druk-3d-technologie-kreatywne","7":"product_cat-drukarki-3d","8":"product_cat-technologie-kreatywne","9":"pa_okres-gwarancji-5757","10":"pa_producent-anycubic","12":"first","13":"outofstock","14":"taxable","15":"shipping-taxable","16":"purchasable","17":"product-type-simple"},"acf":[],"yoast_head":"<!-- This site is optimized with the Yoast SEO plugin v27.2 - https:\/\/yoast.com\/product\/yoast-seo-wordpress\/ -->\n<title>Drukarka 3D ANYCUBIC Kobra 2 Neo - IRONSKY.PL Sklep z Dronami<\/title>\n<meta name=\"description\" content=\"Drukarka 3D ANYCUBIC Kobra 2 Neo - \u2705 sklep z dronami i fachowym doradztwem. \u2705 Tutaj kupisz produkty DJI, Yuneec, Parrot, Syma i wiele innych, a tak\u017ce kursy i licencje na operatora drona.\" \/>\n<meta name=\"robots\" content=\"index, follow, max-snippet:-1, max-image-preview:large, max-video-preview:-1\" \/>\n<link rel=\"canonical\" href=\"https:\/\/ironsky.pl\/sklep\/produkt\/drukarka-3d-anycubic-kobra-2-neo-2\/\" \/>\n<meta property=\"og:locale\" content=\"pl_PL\" \/>\n<meta property=\"og:type\" content=\"article\" \/>\n<meta property=\"og:title\" content=\"Drukarka 3D ANYCUBIC Kobra 2 Neo - IRONSKY.PL Sklep z Dronami\" \/>\n<meta property=\"og:description\" content=\"Drukarka 3D ANYCUBIC Kobra 2 Neo - \u2705 sklep z dronami i fachowym doradztwem. \u2705 Tutaj kupisz produkty DJI, Yuneec, Parrot, Syma i wiele innych, a tak\u017ce kursy i licencje na operatora drona.\" \/>\n<meta property=\"og:url\" content=\"https:\/\/ironsky.pl\/sklep\/produkt\/drukarka-3d-anycubic-kobra-2-neo-2\/\" \/>\n<meta property=\"og:site_name\" content=\"IRONSKY.PL Sklep z Dronami\" \/>\n<meta property=\"article:modified_time\" content=\"2026-04-15T08:37:27+00:00\" \/>\n<meta property=\"og:image\" content=\"https:\/\/ironsky.pl\/sklep\/wp-content\/uploads\/2025\/06\/42677_6.jpg\" \/>\n\t<meta property=\"og:image:width\" content=\"800\" \/>\n\t<meta property=\"og:image:height\" content=\"800\" \/>\n\t<meta property=\"og:image:type\" content=\"image\/jpeg\" \/>\n<meta name=\"twitter:card\" content=\"summary_large_image\" \/>\n<meta name=\"twitter:label1\" content=\"Szacowany czas czytania\" \/>\n\t<meta name=\"twitter:data1\" content=\"3 minuty\" \/>\n<script type=\"application\/ld+json\" class=\"yoast-schema-graph\">{\"@context\":\"https:\/\/schema.org\",\"@graph\":[{\"@type\":\"WebPage\",\"@id\":\"https:\/\/ironsky.pl\/sklep\/produkt\/drukarka-3d-anycubic-kobra-2-neo-2\/\",\"url\":\"https:\/\/ironsky.pl\/sklep\/produkt\/drukarka-3d-anycubic-kobra-2-neo-2\/\",\"name\":\"Drukarka 3D ANYCUBIC Kobra 2 Neo - IRONSKY.PL Sklep z Dronami\",\"isPartOf\":{\"@id\":\"https:\/\/ironsky.pl\/sklep\/#website\"},\"primaryImageOfPage\":{\"@id\":\"https:\/\/ironsky.pl\/sklep\/produkt\/drukarka-3d-anycubic-kobra-2-neo-2\/#primaryimage\"},\"image\":{\"@id\":\"https:\/\/ironsky.pl\/sklep\/produkt\/drukarka-3d-anycubic-kobra-2-neo-2\/#primaryimage\"},\"thumbnailUrl\":\"https:\/\/ironsky.pl\/sklep\/wp-content\/uploads\/2025\/06\/42677_6.jpg\",\"datePublished\":\"2026-04-15T08:37:08+00:00\",\"dateModified\":\"2026-04-15T08:37:27+00:00\",\"description\":\"Drukarka 3D ANYCUBIC Kobra 2 Neo - \u2705 sklep z dronami i fachowym doradztwem. \u2705 Tutaj kupisz produkty DJI, Yuneec, Parrot, Syma i wiele innych, a tak\u017ce kursy i licencje na operatora drona.\",\"breadcrumb\":{\"@id\":\"https:\/\/ironsky.pl\/sklep\/produkt\/drukarka-3d-anycubic-kobra-2-neo-2\/#breadcrumb\"},\"inLanguage\":\"pl-PL\",\"potentialAction\":[{\"@type\":\"ReadAction\",\"target\":[\"https:\/\/ironsky.pl\/sklep\/produkt\/drukarka-3d-anycubic-kobra-2-neo-2\/\"]}]},{\"@type\":\"ImageObject\",\"inLanguage\":\"pl-PL\",\"@id\":\"https:\/\/ironsky.pl\/sklep\/produkt\/drukarka-3d-anycubic-kobra-2-neo-2\/#primaryimage\",\"url\":\"https:\/\/ironsky.pl\/sklep\/wp-content\/uploads\/2025\/06\/42677_6.jpg\",\"contentUrl\":\"https:\/\/ironsky.pl\/sklep\/wp-content\/uploads\/2025\/06\/42677_6.jpg\",\"width\":800,\"height\":800},{\"@type\":\"BreadcrumbList\",\"@id\":\"https:\/\/ironsky.pl\/sklep\/produkt\/drukarka-3d-anycubic-kobra-2-neo-2\/#breadcrumb\",\"itemListElement\":[{\"@type\":\"ListItem\",\"position\":1,\"name\":\"Strona g\u0142\u00f3wna\",\"item\":\"https:\/\/ironsky.pl\/sklep\/\"},{\"@type\":\"ListItem\",\"position\":2,\"name\":\"Wszystkie produkty\",\"item\":\"https:\/\/ironsky.pl\/sklep\/produkty\/\"},{\"@type\":\"ListItem\",\"position\":3,\"name\":\"Drukarka 3D ANYCUBIC Kobra 2 Neo\"}]},{\"@type\":\"WebSite\",\"@id\":\"https:\/\/ironsky.pl\/sklep\/#website\",\"url\":\"https:\/\/ironsky.pl\/sklep\/\",\"name\":\"IRONSKY.PL Sklep z Dronami\",\"description\":\"IRONSKY.PL Sklep z Dronami\",\"potentialAction\":[{\"@type\":\"SearchAction\",\"target\":{\"@type\":\"EntryPoint\",\"urlTemplate\":\"https:\/\/ironsky.pl\/sklep\/?s={search_term_string}\"},\"query-input\":{\"@type\":\"PropertyValueSpecification\",\"valueRequired\":true,\"valueName\":\"search_term_string\"}}],\"inLanguage\":\"pl-PL\"}]}<\/script>\n<!-- \/ Yoast SEO plugin. -->","yoast_head_json":{"title":"Drukarka 3D ANYCUBIC Kobra 2 Neo - IRONSKY.PL Sklep z Dronami","description":"Drukarka 3D ANYCUBIC Kobra 2 Neo - \u2705 sklep z dronami i fachowym doradztwem. \u2705 Tutaj kupisz produkty DJI, Yuneec, Parrot, Syma i wiele innych, a tak\u017ce kursy i licencje na operatora drona.","robots":{"index":"index","follow":"follow","max-snippet":"max-snippet:-1","max-image-preview":"max-image-preview:large","max-video-preview":"max-video-preview:-1"},"canonical":"https:\/\/ironsky.pl\/sklep\/produkt\/drukarka-3d-anycubic-kobra-2-neo-2\/","og_locale":"pl_PL","og_type":"article","og_title":"Drukarka 3D ANYCUBIC Kobra 2 Neo - IRONSKY.PL Sklep z Dronami","og_description":"Drukarka 3D ANYCUBIC Kobra 2 Neo - \u2705 sklep z dronami i fachowym doradztwem. \u2705 Tutaj kupisz produkty DJI, Yuneec, Parrot, Syma i wiele innych, a tak\u017ce kursy i licencje na operatora drona.","og_url":"https:\/\/ironsky.pl\/sklep\/produkt\/drukarka-3d-anycubic-kobra-2-neo-2\/","og_site_name":"IRONSKY.PL Sklep z Dronami","article_modified_time":"2026-04-15T08:37:27+00:00","og_image":[{"width":800,"height":800,"url":"https:\/\/ironsky.pl\/sklep\/wp-content\/uploads\/2025\/06\/42677_6.jpg","type":"image\/jpeg"}],"twitter_card":"summary_large_image","twitter_misc":{"Szacowany czas czytania":"3 minuty"},"schema":{"@context":"https:\/\/schema.org","@graph":[{"@type":"WebPage","@id":"https:\/\/ironsky.pl\/sklep\/produkt\/drukarka-3d-anycubic-kobra-2-neo-2\/","url":"https:\/\/ironsky.pl\/sklep\/produkt\/drukarka-3d-anycubic-kobra-2-neo-2\/","name":"Drukarka 3D ANYCUBIC Kobra 2 Neo - IRONSKY.PL Sklep z Dronami","isPartOf":{"@id":"https:\/\/ironsky.pl\/sklep\/#website"},"primaryImageOfPage":{"@id":"https:\/\/ironsky.pl\/sklep\/produkt\/drukarka-3d-anycubic-kobra-2-neo-2\/#primaryimage"},"image":{"@id":"https:\/\/ironsky.pl\/sklep\/produkt\/drukarka-3d-anycubic-kobra-2-neo-2\/#primaryimage"},"thumbnailUrl":"https:\/\/ironsky.pl\/sklep\/wp-content\/uploads\/2025\/06\/42677_6.jpg","datePublished":"2026-04-15T08:37:08+00:00","dateModified":"2026-04-15T08:37:27+00:00","description":"Drukarka 3D ANYCUBIC Kobra 2 Neo - \u2705 sklep z dronami i fachowym doradztwem. \u2705 Tutaj kupisz produkty DJI, Yuneec, Parrot, Syma i wiele innych, a tak\u017ce kursy i licencje na operatora drona.","breadcrumb":{"@id":"https:\/\/ironsky.pl\/sklep\/produkt\/drukarka-3d-anycubic-kobra-2-neo-2\/#breadcrumb"},"inLanguage":"pl-PL","potentialAction":[{"@type":"ReadAction","target":["https:\/\/ironsky.pl\/sklep\/produkt\/drukarka-3d-anycubic-kobra-2-neo-2\/"]}]},{"@type":"ImageObject","inLanguage":"pl-PL","@id":"https:\/\/ironsky.pl\/sklep\/produkt\/drukarka-3d-anycubic-kobra-2-neo-2\/#primaryimage","url":"https:\/\/ironsky.pl\/sklep\/wp-content\/uploads\/2025\/06\/42677_6.jpg","contentUrl":"https:\/\/ironsky.pl\/sklep\/wp-content\/uploads\/2025\/06\/42677_6.jpg","width":800,"height":800},{"@type":"BreadcrumbList","@id":"https:\/\/ironsky.pl\/sklep\/produkt\/drukarka-3d-anycubic-kobra-2-neo-2\/#breadcrumb","itemListElement":[{"@type":"ListItem","position":1,"name":"Strona g\u0142\u00f3wna","item":"https:\/\/ironsky.pl\/sklep\/"},{"@type":"ListItem","position":2,"name":"Wszystkie produkty","item":"https:\/\/ironsky.pl\/sklep\/produkty\/"},{"@type":"ListItem","position":3,"name":"Drukarka 3D ANYCUBIC Kobra 2 Neo"}]},{"@type":"WebSite","@id":"https:\/\/ironsky.pl\/sklep\/#website","url":"https:\/\/ironsky.pl\/sklep\/","name":"IRONSKY.PL Sklep z Dronami","description":"IRONSKY.PL Sklep z Dronami","potentialAction":[{"@type":"SearchAction","target":{"@type":"EntryPoint","urlTemplate":"https:\/\/ironsky.pl\/sklep\/?s={search_term_string}"},"query-input":{"@type":"PropertyValueSpecification","valueRequired":true,"valueName":"search_term_string"}}],"inLanguage":"pl-PL"}]}},"_links":{"self":[{"href":"https:\/\/ironsky.pl\/sklep\/wp-json\/wp\/v2\/product\/58485","targetHints":{"allow":["GET"]}}],"collection":[{"href":"https:\/\/ironsky.pl\/sklep\/wp-json\/wp\/v2\/product"}],"about":[{"href":"https:\/\/ironsky.pl\/sklep\/wp-json\/wp\/v2\/types\/product"}],"replies":[{"embeddable":true,"href":"https:\/\/ironsky.pl\/sklep\/wp-json\/wp\/v2\/comments?post=58485"}],"wp:featuredmedia":[{"embeddable":true,"href":"https:\/\/ironsky.pl\/sklep\/wp-json\/wp\/v2\/media\/44841"}],"wp:attachment":[{"href":"https:\/\/ironsky.pl\/sklep\/wp-json\/wp\/v2\/media?parent=58485"}],"wp:term":[{"taxonomy":"product_brand","embeddable":true,"href":"https:\/\/ironsky.pl\/sklep\/wp-json\/wp\/v2\/product_brand?post=58485"},{"taxonomy":"product_cat","embeddable":true,"href":"https:\/\/ironsky.pl\/sklep\/wp-json\/wp\/v2\/product_cat?post=58485"},{"taxonomy":"product_tag","embeddable":true,"href":"https:\/\/ironsky.pl\/sklep\/wp-json\/wp\/v2\/product_tag?post=58485"}],"curies":[{"name":"wp","href":"https:\/\/api.w.org\/{rel}","templated":true}]}}