{"id":58484,"date":"2026-04-15T10:37:08","date_gmt":"2026-04-15T08:37:08","guid":{"rendered":"https:\/\/ironsky.pl\/sklep\/produkt\/drukarka-3d-anycubic-kobra-2-pro-2\/"},"modified":"2026-04-15T10:37:26","modified_gmt":"2026-04-15T08:37:26","slug":"drukarka-3d-anycubic-kobra-2-pro-2","status":"publish","type":"product","link":"https:\/\/ironsky.pl\/sklep\/produkt\/drukarka-3d-anycubic-kobra-2-pro-2\/","title":{"rendered":"Drukarka 3D ANYCUBIC Kobra 2 Pro"},"content":{"rendered":"<h3>Drukarka 3D AnyCubic Kobra 2 Pro<\/h3>\n<p>Szukasz wydajnej, dok\u0142adnej i prostej w obs\u0142udze drukarki 3D? Postaw na model Kobra 2 Pro! Maksymalna pr\u0119dko\u015b\u0107 drukowania 500 mm\/s i przyspieszenie a\u017c do 20 000 mm\/s2 pozwol\u0105 Ci w mgnieniu oka tworzy\u0107 wybrane modele, a automatyczne poziomowanie, kontrola przep\u0142ywu filamentu i kompensacja drga\u0144 zapewni\u0105 doskona\u0142e rezultaty. Wygodn\u0105 obs\u0142ug\u0119 drukarki umo\u017cliwia wbudowany panel dotykowy i dedykowana aplikacja.<\/p>\n<p>\n<img decoding=\"async\" src=\"https:\/\/assets.innpro.pl\/6076\/7136\/1.jpg\" border=\"0\" \/>\n<\/p>\n<h3>Maksymalne przyspieszenie<\/h3>\n<p>Przekonaj si\u0119, jak szybko mo\u017cesz tworzy\u0107 swoje wydruki. Kobra 2 Pro oferuje standardow\u0105 pr\u0119dko\u015b\u0107 drukowania na poziomie 300 mm\/s oraz pr\u0119dko\u015b\u0107 maksymaln\u0105 si\u0119gaj\u0105c\u0105 500 mm\/s. Wyr\u00f3\u017cnia si\u0119 tak\u017ce przyspieszeniem a\u017c do 20 000 mm\/s2. Dzi\u0119ki temu zaoszcz\u0119dzisz czas! Zrelaksuj si\u0119 i wypij ulubion\u0105 kaw\u0119, podczas gdy drukarka w mgnieniu oka przygotuje Tw\u00f3j model.<\/p>\n<p>\n<img decoding=\"async\" src=\"https:\/\/assets.innpro.pl\/6076\/7136\/3.jpg\" border=\"0\" \/>\n<\/p>\n<h3>Procesor o wysokiej wydajno\u015bci<\/h3>\n<p>Co sprawia, \u017ce drukarka pracuje tak szybko i wydajnie? Model Kobra 2 Pro zosta\u0142 wyposa\u017cony w wydajny procesor Cortex-A7 1,2 GHz, kt\u00f3ry gwarantuje pot\u0119\u017cn\u0105 moc obliczeniow\u0105. Dzi\u0119ki temu mo\u017ce zapewni\u0107 skr\u00f3cony czas reakcji na polecenia, lepsz\u0105 kontrol\u0119 silnika i imponuj\u0105c\u0105 pr\u0119dko\u015b\u0107 drukowania.<\/p>\n<p>\n<img decoding=\"async\" src=\"https:\/\/assets.innpro.pl\/6076\/7136\/9.jpg\" border=\"0\" \/>\n<\/p>\n<h3>Zoptymalizowana konstrukcja<\/h3>\n<p>Ekstruder drukarki znajduje si\u0119 bezpo\u015brednio nad jej g\u0142owic\u0105 drukuj\u0105c\u0105, co w po\u0142\u0105czeniu z \u0142o\u017cyskami SG15, dwuwa\u0142owym rdzeniem osi X \/ Y oraz dw\u00f3m \u015brubom prowadz\u0105cym osi Z gwarantuje efektywne i precyzyjne wyt\u0142aczanie filamentu. Pozwala te\u017c na jego szybkie rozpuszczanie i ch\u0142odzenie, umo\u017cliwiaj\u0105c p\u0142ynne drukowanie bez widocznych warstw.<\/p>\n<p>\n<img decoding=\"async\" src=\"https:\/\/assets.innpro.pl\/6076\/7136\/2.jpg\" border=\"0\" \/>\n<\/p>\n<h3>Druk najwy\u017cszej jako\u015bci<\/h3>\n<p>Zale\u017cy Ci na jak najwy\u017cszej jako\u015bci druku? Chcesz, \u017ceby Twoje modele by\u0142y szczeg\u00f3\u0142owe i realistyczne? Z drukark\u0105 Kobra 2 Pro staje si\u0119 to prostsze ni\u017c kiedykolwiek wcze\u015bniej! Zaawansowana funkcja kompensacji redukuje wp\u0142yw drga\u0144 na jako\u015b\u0107 wydruku, a tryb kontroli przep\u0142ywu filamentu pozwala dostosowa\u0107 ilo\u015b\u0107 materia\u0142u w taki spos\u00f3b, aby zapewni\u0107 r\u00f3wnomierne wype\u0142nienie warstw.<\/p>\n<p>\n<img decoding=\"async\" src=\"https:\/\/assets.innpro.pl\/6076\/7136\/8.jpg\" border=\"0\" \/>\n<\/p>\n<h3>Przyjazna u\u017cytkownikom<\/h3>\n<p>Drukarka zosta\u0142a wyposa\u017cona w 4,3-calowy kolorowy ekran dotykowy, kt\u00f3ry pozwala na jej wygodn\u0105 obs\u0142ug\u0119. Za jego pomoc\u0105 z \u0142atwo\u015bci\u0105 dostosujesz ustawienia i wiele wi\u0119cej! Do dyspozycji masz tak\u017ce dedykowan\u0105 aplikacj\u0119 Anycubic, kt\u00f3ra umo\u017cliwia mi\u0119dzy innymi zdalne sprawdzanie statusu urz\u0105dzenia oraz aktualizacj\u0119 oprogramowania.<\/p>\n<p>\n<img decoding=\"async\" src=\"https:\/\/assets.innpro.pl\/6076\/7136\/4.jpg\" border=\"0\" \/>\n<\/p>\n<h3>Ulepszony system LeviQ 2.0<\/h3>\n<p>Kobra 2 Pro oferuje ulepszony system LeviQ 2.0, kt\u00f3ry pozwala na automatyczne poziomowanie i inteligentn\u0105 kompensacj\u0119 odchylenia w osi Z \u2013 mo\u017cesz te\u017c niwelowa\u0107 je przy u\u017cyciu w\u0142asnych, niestandardowych warto\u015bci. Dzi\u0119ki temu z \u0142atwo\u015bci\u0105 dostosujesz drukark\u0119 do swoich bie\u017c\u0105cych potrzeb i sytuacji!<\/p>\n<p>\n<img decoding=\"async\" src=\"https:\/\/assets.innpro.pl\/6076\/7136\/6.jpg\" border=\"0\" \/>\n<\/p>\n<h3>W trosce o szczeg\u00f3\u0142y<\/h3>\n<p>Zintegrowana konstrukcja drukarki pozwala na jej prosty monta\u017c i konfiguracj\u0119, a magnetyczna platforma ze stali spr\u0119\u017cynowej umo\u017cliwia bezproblemowe zdejmowanie gotowych modeli. Mo\u017cesz te\u017c regulowa\u0107 napi\u0119cie paska osi X \/ Y za pomoc\u0105 odpowiedniego pokr\u0119t\u0142a. Ponadto 32-bitowa p\u0142yta g\u0142\u00f3wna zapewnia p\u0142ynne i precyzyjne drukowanie, a a\u017c 8 GB wbudowanej pami\u0119ci daje mo\u017cliwo\u015b\u0107 przechowywania nawet 400 plik\u00f3w z modelami. Dost\u0119pna jest r\u00f3wnie\u017c funkcja wykrywania przerwania filamentu.<\/p>\n<p>\n<img decoding=\"async\" src=\"https:\/\/assets.innpro.pl\/6076\/7136\/7.jpg\" border=\"0\" \/>\n<\/p>\n<h3>W zestawie<\/h3>\n<ul class=\"list-disc pl-5\">\n<li>Rama<\/li>\n<li>Baza<\/li>\n<li>Ekran dotykowy<\/li>\n<li>Uchwyt na filament<\/li>\n<li>G\u0142owica drukuj\u0105ca<\/li>\n<li>Detektor filamentu<\/li>\n<li>Uchwyt do mocowania kabla<\/li>\n<li>Pami\u0119\u0107 flash USB<\/li>\n<li>Dysza<\/li>\n<li>Zestaw \u015brub i nak\u0142adek<\/li>\n<li>Filament testowy<\/li>\n<li>Zestaw narz\u0119dzi<\/li>\n<li>Kabel zasilaj\u0105cy<\/li>\n<li>Smar<\/li>\n<li>Instrukcja obs\u0142ugi<\/li>\n<\/ul>\n<div class=\"table-wrapper\">\n<p>\u00a0<\/p>\n<h3><\/h3>\n<table>\n<tbody>\n<tr>\n<th>Producent<\/th>\n<td>AnyCubic<\/td>\n<\/tr>\n<tr>\n<th>Model<\/th>\n<td>K2RC0BK-Y-O<\/td>\n<\/tr>\n<tr>\n<th>Typ<\/th>\n<td>FDM \/ FFF<\/td>\n<\/tr>\n<tr>\n<th>Struktura<\/th>\n<td>Kartezja\u0144ska<\/td>\n<\/tr>\n<tr>\n<th>Wykrywanie filamentu<\/th>\n<td>Domy\u015blne<\/td>\n<\/tr>\n<tr>\n<th>Poziomowanie<\/th>\n<td>Automatyczny system LeviQ 2.0 (25-punktowy)<\/td>\n<\/tr>\n<tr>\n<th>Platforma<\/th>\n<td>Magnetyczna platforma PEI ze stali spr\u0119\u017cynowej (220 x 220 mm)<\/td>\n<\/tr>\n<tr>\n<th>Osie X \/ Y<\/th>\n<td>Podw\u00f3jne metalowe wrzeciona<\/td>\n<\/tr>\n<tr>\n<th>O\u015b Z<\/th>\n<td>Pr\u0119t z podw\u00f3jnym gwintem<\/td>\n<\/tr>\n<tr>\n<th>Ekstruder<\/th>\n<td>Umieszczony bezpo\u015brednio nad g\u0142owic\u0105 drukuj\u0105c\u0105 + 2 przek\u0142adnie<\/td>\n<\/tr>\n<tr>\n<th>Pr\u0119dko\u015b\u0107 wentylatora ch\u0142odz\u0105cego<\/th>\n<td>7000 rpm<\/td>\n<\/tr>\n<tr>\n<th>Napinacz ta\u015bmy osi X \/ Y<\/th>\n<td>Tak<\/td>\n<\/tr>\n<tr>\n<th>Panel sterowania<\/th>\n<td>4,3-calowy ekran dotykowy LCD<\/td>\n<\/tr>\n<tr>\n<th>Porty wej\u015bciowe<\/th>\n<td>3x USB<\/td>\n<\/tr>\n<tr>\n<th>Temperatura sto\u0142u<\/th>\n<td>\u2264 110\u00b0C<\/td>\n<\/tr>\n<tr>\n<th>Dysza<\/th>\n<td>\u2264 260\u00b0C, \u00d8 0,4 mm (wymienna)<\/td>\n<\/tr>\n<tr>\n<th>P\u0142yta g\u0142\u00f3wna<\/th>\n<td>32-bitowa<\/td>\n<\/tr>\n<tr>\n<th>Maks. obj\u0119to\u015b\u0107 drukowania<\/th>\n<td>12,1 l<\/td>\n<\/tr>\n<tr>\n<th>Kompatybilne rodzaje filament\u00f3w<\/th>\n<td>PLA \/ TPU \/ ABS \/ PETG<\/td>\n<\/tr>\n<tr>\n<th>Pr\u0119dko\u015b\u0107 drukowania<\/th>\n<td>Maksymalna: \u2264 500 mm\/s; Standardowa: \u2264 300 mm\/s;<\/td>\n<\/tr>\n<tr>\n<th>Maks. wymiary drukowania<\/th>\n<td>250 x 220 x 220 mm (W x S x G)<\/td>\n<\/tr>\n<tr>\n<th>Zasilanie<\/th>\n<td>400 W<\/td>\n<\/tr>\n<tr>\n<th>Waga<\/th>\n<td>8,4 kg<\/td>\n<\/tr>\n<tr>\n<th>Wymiary<\/th>\n<td>486 x 435 x 463 mm<\/td>\n<\/tr>\n<\/tbody>\n<\/table>\n<\/div>\n","protected":false},"excerpt":{"rendered":"<p>Drukarka 3D AnyCubic Kobra 2 Pro Szukasz wydajnej, dok\u0142adnej i prostej w obs\u0142udze drukarki 3D? Postaw na model Kobra 2<\/p>\n","protected":false},"featured_media":44834,"comment_status":"closed","ping_status":"open","template":"","meta":{"_acf_changed":false},"product_brand":[],"product_cat":[6222,6223,6217],"product_tag":[],"class_list":{"0":"post-58484","1":"product","2":"type-product","3":"status-publish","4":"has-post-thumbnail","6":"product_cat-druk-3d-technologie-kreatywne","7":"product_cat-drukarki-3d","8":"product_cat-technologie-kreatywne","9":"pa_okres-gwarancji-5757","10":"pa_producent-anycubic","12":"first","13":"outofstock","14":"taxable","15":"shipping-taxable","16":"purchasable","17":"product-type-simple"},"acf":[],"yoast_head":"<!-- This site is optimized with the Yoast SEO plugin v27.2 - https:\/\/yoast.com\/product\/yoast-seo-wordpress\/ -->\n<title>Drukarka 3D ANYCUBIC Kobra 2 Pro - IRONSKY.PL Sklep z Dronami<\/title>\n<meta name=\"description\" content=\"Drukarka 3D ANYCUBIC Kobra 2 Pro - \u2705 sklep z dronami i fachowym doradztwem. \u2705 Tutaj kupisz produkty DJI, Yuneec, Parrot, Syma i wiele innych, a tak\u017ce kursy i licencje na operatora drona.\" \/>\n<meta name=\"robots\" content=\"index, follow, max-snippet:-1, max-image-preview:large, max-video-preview:-1\" \/>\n<link rel=\"canonical\" href=\"https:\/\/ironsky.pl\/sklep\/produkt\/drukarka-3d-anycubic-kobra-2-pro-2\/\" \/>\n<meta property=\"og:locale\" content=\"pl_PL\" \/>\n<meta property=\"og:type\" content=\"article\" \/>\n<meta property=\"og:title\" content=\"Drukarka 3D ANYCUBIC Kobra 2 Pro - IRONSKY.PL Sklep z Dronami\" \/>\n<meta property=\"og:description\" content=\"Drukarka 3D ANYCUBIC Kobra 2 Pro - \u2705 sklep z dronami i fachowym doradztwem. \u2705 Tutaj kupisz produkty DJI, Yuneec, Parrot, Syma i wiele innych, a tak\u017ce kursy i licencje na operatora drona.\" \/>\n<meta property=\"og:url\" content=\"https:\/\/ironsky.pl\/sklep\/produkt\/drukarka-3d-anycubic-kobra-2-pro-2\/\" \/>\n<meta property=\"og:site_name\" content=\"IRONSKY.PL Sklep z Dronami\" \/>\n<meta property=\"article:modified_time\" content=\"2026-04-15T08:37:26+00:00\" \/>\n<meta property=\"og:image\" content=\"https:\/\/ironsky.pl\/sklep\/wp-content\/uploads\/2025\/06\/42676_6.jpg\" \/>\n\t<meta property=\"og:image:width\" content=\"800\" \/>\n\t<meta property=\"og:image:height\" content=\"800\" \/>\n\t<meta property=\"og:image:type\" content=\"image\/jpeg\" \/>\n<meta name=\"twitter:card\" content=\"summary_large_image\" \/>\n<meta name=\"twitter:label1\" content=\"Szacowany czas czytania\" \/>\n\t<meta name=\"twitter:data1\" content=\"3 minuty\" \/>\n<script type=\"application\/ld+json\" class=\"yoast-schema-graph\">{\"@context\":\"https:\/\/schema.org\",\"@graph\":[{\"@type\":\"WebPage\",\"@id\":\"https:\/\/ironsky.pl\/sklep\/produkt\/drukarka-3d-anycubic-kobra-2-pro-2\/\",\"url\":\"https:\/\/ironsky.pl\/sklep\/produkt\/drukarka-3d-anycubic-kobra-2-pro-2\/\",\"name\":\"Drukarka 3D ANYCUBIC Kobra 2 Pro - IRONSKY.PL Sklep z Dronami\",\"isPartOf\":{\"@id\":\"https:\/\/ironsky.pl\/sklep\/#website\"},\"primaryImageOfPage\":{\"@id\":\"https:\/\/ironsky.pl\/sklep\/produkt\/drukarka-3d-anycubic-kobra-2-pro-2\/#primaryimage\"},\"image\":{\"@id\":\"https:\/\/ironsky.pl\/sklep\/produkt\/drukarka-3d-anycubic-kobra-2-pro-2\/#primaryimage\"},\"thumbnailUrl\":\"https:\/\/ironsky.pl\/sklep\/wp-content\/uploads\/2025\/06\/42676_6.jpg\",\"datePublished\":\"2026-04-15T08:37:08+00:00\",\"dateModified\":\"2026-04-15T08:37:26+00:00\",\"description\":\"Drukarka 3D ANYCUBIC Kobra 2 Pro - \u2705 sklep z dronami i fachowym doradztwem. \u2705 Tutaj kupisz produkty DJI, Yuneec, Parrot, Syma i wiele innych, a tak\u017ce kursy i licencje na operatora drona.\",\"breadcrumb\":{\"@id\":\"https:\/\/ironsky.pl\/sklep\/produkt\/drukarka-3d-anycubic-kobra-2-pro-2\/#breadcrumb\"},\"inLanguage\":\"pl-PL\",\"potentialAction\":[{\"@type\":\"ReadAction\",\"target\":[\"https:\/\/ironsky.pl\/sklep\/produkt\/drukarka-3d-anycubic-kobra-2-pro-2\/\"]}]},{\"@type\":\"ImageObject\",\"inLanguage\":\"pl-PL\",\"@id\":\"https:\/\/ironsky.pl\/sklep\/produkt\/drukarka-3d-anycubic-kobra-2-pro-2\/#primaryimage\",\"url\":\"https:\/\/ironsky.pl\/sklep\/wp-content\/uploads\/2025\/06\/42676_6.jpg\",\"contentUrl\":\"https:\/\/ironsky.pl\/sklep\/wp-content\/uploads\/2025\/06\/42676_6.jpg\",\"width\":800,\"height\":800},{\"@type\":\"BreadcrumbList\",\"@id\":\"https:\/\/ironsky.pl\/sklep\/produkt\/drukarka-3d-anycubic-kobra-2-pro-2\/#breadcrumb\",\"itemListElement\":[{\"@type\":\"ListItem\",\"position\":1,\"name\":\"Strona g\u0142\u00f3wna\",\"item\":\"https:\/\/ironsky.pl\/sklep\/\"},{\"@type\":\"ListItem\",\"position\":2,\"name\":\"Wszystkie produkty\",\"item\":\"https:\/\/ironsky.pl\/sklep\/produkty\/\"},{\"@type\":\"ListItem\",\"position\":3,\"name\":\"Drukarka 3D ANYCUBIC Kobra 2 Pro\"}]},{\"@type\":\"WebSite\",\"@id\":\"https:\/\/ironsky.pl\/sklep\/#website\",\"url\":\"https:\/\/ironsky.pl\/sklep\/\",\"name\":\"IRONSKY.PL Sklep z Dronami\",\"description\":\"IRONSKY.PL Sklep z Dronami\",\"potentialAction\":[{\"@type\":\"SearchAction\",\"target\":{\"@type\":\"EntryPoint\",\"urlTemplate\":\"https:\/\/ironsky.pl\/sklep\/?s={search_term_string}\"},\"query-input\":{\"@type\":\"PropertyValueSpecification\",\"valueRequired\":true,\"valueName\":\"search_term_string\"}}],\"inLanguage\":\"pl-PL\"}]}<\/script>\n<!-- \/ Yoast SEO plugin. -->","yoast_head_json":{"title":"Drukarka 3D ANYCUBIC Kobra 2 Pro - IRONSKY.PL Sklep z Dronami","description":"Drukarka 3D ANYCUBIC Kobra 2 Pro - \u2705 sklep z dronami i fachowym doradztwem. \u2705 Tutaj kupisz produkty DJI, Yuneec, Parrot, Syma i wiele innych, a tak\u017ce kursy i licencje na operatora drona.","robots":{"index":"index","follow":"follow","max-snippet":"max-snippet:-1","max-image-preview":"max-image-preview:large","max-video-preview":"max-video-preview:-1"},"canonical":"https:\/\/ironsky.pl\/sklep\/produkt\/drukarka-3d-anycubic-kobra-2-pro-2\/","og_locale":"pl_PL","og_type":"article","og_title":"Drukarka 3D ANYCUBIC Kobra 2 Pro - IRONSKY.PL Sklep z Dronami","og_description":"Drukarka 3D ANYCUBIC Kobra 2 Pro - \u2705 sklep z dronami i fachowym doradztwem. \u2705 Tutaj kupisz produkty DJI, Yuneec, Parrot, Syma i wiele innych, a tak\u017ce kursy i licencje na operatora drona.","og_url":"https:\/\/ironsky.pl\/sklep\/produkt\/drukarka-3d-anycubic-kobra-2-pro-2\/","og_site_name":"IRONSKY.PL Sklep z Dronami","article_modified_time":"2026-04-15T08:37:26+00:00","og_image":[{"width":800,"height":800,"url":"https:\/\/ironsky.pl\/sklep\/wp-content\/uploads\/2025\/06\/42676_6.jpg","type":"image\/jpeg"}],"twitter_card":"summary_large_image","twitter_misc":{"Szacowany czas czytania":"3 minuty"},"schema":{"@context":"https:\/\/schema.org","@graph":[{"@type":"WebPage","@id":"https:\/\/ironsky.pl\/sklep\/produkt\/drukarka-3d-anycubic-kobra-2-pro-2\/","url":"https:\/\/ironsky.pl\/sklep\/produkt\/drukarka-3d-anycubic-kobra-2-pro-2\/","name":"Drukarka 3D ANYCUBIC Kobra 2 Pro - IRONSKY.PL Sklep z Dronami","isPartOf":{"@id":"https:\/\/ironsky.pl\/sklep\/#website"},"primaryImageOfPage":{"@id":"https:\/\/ironsky.pl\/sklep\/produkt\/drukarka-3d-anycubic-kobra-2-pro-2\/#primaryimage"},"image":{"@id":"https:\/\/ironsky.pl\/sklep\/produkt\/drukarka-3d-anycubic-kobra-2-pro-2\/#primaryimage"},"thumbnailUrl":"https:\/\/ironsky.pl\/sklep\/wp-content\/uploads\/2025\/06\/42676_6.jpg","datePublished":"2026-04-15T08:37:08+00:00","dateModified":"2026-04-15T08:37:26+00:00","description":"Drukarka 3D ANYCUBIC Kobra 2 Pro - \u2705 sklep z dronami i fachowym doradztwem. \u2705 Tutaj kupisz produkty DJI, Yuneec, Parrot, Syma i wiele innych, a tak\u017ce kursy i licencje na operatora drona.","breadcrumb":{"@id":"https:\/\/ironsky.pl\/sklep\/produkt\/drukarka-3d-anycubic-kobra-2-pro-2\/#breadcrumb"},"inLanguage":"pl-PL","potentialAction":[{"@type":"ReadAction","target":["https:\/\/ironsky.pl\/sklep\/produkt\/drukarka-3d-anycubic-kobra-2-pro-2\/"]}]},{"@type":"ImageObject","inLanguage":"pl-PL","@id":"https:\/\/ironsky.pl\/sklep\/produkt\/drukarka-3d-anycubic-kobra-2-pro-2\/#primaryimage","url":"https:\/\/ironsky.pl\/sklep\/wp-content\/uploads\/2025\/06\/42676_6.jpg","contentUrl":"https:\/\/ironsky.pl\/sklep\/wp-content\/uploads\/2025\/06\/42676_6.jpg","width":800,"height":800},{"@type":"BreadcrumbList","@id":"https:\/\/ironsky.pl\/sklep\/produkt\/drukarka-3d-anycubic-kobra-2-pro-2\/#breadcrumb","itemListElement":[{"@type":"ListItem","position":1,"name":"Strona g\u0142\u00f3wna","item":"https:\/\/ironsky.pl\/sklep\/"},{"@type":"ListItem","position":2,"name":"Wszystkie produkty","item":"https:\/\/ironsky.pl\/sklep\/produkty\/"},{"@type":"ListItem","position":3,"name":"Drukarka 3D ANYCUBIC Kobra 2 Pro"}]},{"@type":"WebSite","@id":"https:\/\/ironsky.pl\/sklep\/#website","url":"https:\/\/ironsky.pl\/sklep\/","name":"IRONSKY.PL Sklep z Dronami","description":"IRONSKY.PL Sklep z Dronami","potentialAction":[{"@type":"SearchAction","target":{"@type":"EntryPoint","urlTemplate":"https:\/\/ironsky.pl\/sklep\/?s={search_term_string}"},"query-input":{"@type":"PropertyValueSpecification","valueRequired":true,"valueName":"search_term_string"}}],"inLanguage":"pl-PL"}]}},"_links":{"self":[{"href":"https:\/\/ironsky.pl\/sklep\/wp-json\/wp\/v2\/product\/58484","targetHints":{"allow":["GET"]}}],"collection":[{"href":"https:\/\/ironsky.pl\/sklep\/wp-json\/wp\/v2\/product"}],"about":[{"href":"https:\/\/ironsky.pl\/sklep\/wp-json\/wp\/v2\/types\/product"}],"replies":[{"embeddable":true,"href":"https:\/\/ironsky.pl\/sklep\/wp-json\/wp\/v2\/comments?post=58484"}],"wp:featuredmedia":[{"embeddable":true,"href":"https:\/\/ironsky.pl\/sklep\/wp-json\/wp\/v2\/media\/44834"}],"wp:attachment":[{"href":"https:\/\/ironsky.pl\/sklep\/wp-json\/wp\/v2\/media?parent=58484"}],"wp:term":[{"taxonomy":"product_brand","embeddable":true,"href":"https:\/\/ironsky.pl\/sklep\/wp-json\/wp\/v2\/product_brand?post=58484"},{"taxonomy":"product_cat","embeddable":true,"href":"https:\/\/ironsky.pl\/sklep\/wp-json\/wp\/v2\/product_cat?post=58484"},{"taxonomy":"product_tag","embeddable":true,"href":"https:\/\/ironsky.pl\/sklep\/wp-json\/wp\/v2\/product_tag?post=58484"}],"curies":[{"name":"wp","href":"https:\/\/api.w.org\/{rel}","templated":true}]}}