{"id":58471,"date":"2026-04-15T10:37:08","date_gmt":"2026-04-15T08:37:08","guid":{"rendered":"https:\/\/ironsky.pl\/sklep\/produkt\/filament-creality-cr-pla-wood-biala-sosna\/"},"modified":"2026-04-15T10:37:11","modified_gmt":"2026-04-15T08:37:11","slug":"filament-creality-cr-pla-wood-biala-sosna","status":"publish","type":"product","link":"https:\/\/ironsky.pl\/sklep\/produkt\/filament-creality-cr-pla-wood-biala-sosna\/","title":{"rendered":"Filament CREALITY CR-PLA Wood (bia\u0142a sosna)"},"content":{"rendered":"<h3>Filament CR-PLA Wood Creality (Sosna bia\u0142a)<\/h3>\n<p>Filament PLA CR-Wood marki Creality idealnie nadaje si\u0119 do tworzenia figurek i nie tylko. Wyr\u00f3\u017cnia si\u0119 pi\u0119knym kolorem drewna, du\u017c\u0105 wytrzyma\u0142o\u015bci\u0105 i odporno\u015bci\u0105 na zniekszta\u0142cenia. Umo\u017cliwia p\u0142ynne i szybkie drukowanie \u2013 bez zapychania dyszy. Co wi\u0119cej, zosta\u0142 wykonany z wytrzyma\u0142ych i przyjaznych dla \u015brodowiska materia\u0142\u00f3w. Jest przy tym kompatybilny z wi\u0119kszo\u015bci\u0105 drukarek FDM dost\u0119pnych na rynku.<\/p>\n<p>\n<img decoding=\"async\" src=\"https:\/\/assets.innpro.pl\/5981\/7014\/1.jpg\" border=\"0\" \/>\n<\/p>\n<h3>Najwy\u017csza jako\u015b\u0107 wykonania<\/h3>\n<p>Do wykonania filamentu zastosowano przyjazne dla \u015brodowiska, biodegradowalne materia\u0142y, kt\u00f3re cechuj\u0105 si\u0119 bardzo du\u017c\u0105 wytrzyma\u0142o\u015bci\u0105. Jego niew\u0105tpliwym atutem jest te\u017c elegancki kolor drewna \u2013 z powodzeniem wykorzystasz go na przyk\u0142ad do drukowania dekoracji.<\/p>\n<p>\n<img decoding=\"async\" src=\"https:\/\/assets.innpro.pl\/5981\/7014\/3.jpg\" border=\"0\" \/>\n<\/p>\n<h3>P\u0142ynne drukowanie<\/h3>\n<p>Filament pozwala na p\u0142ynne i szybkie drukowanie modeli 3D \u2013 z pr\u0119dko\u015bci\u0105 do 90 mm\/s. Wyr\u00f3\u017cnia si\u0119 doskona\u0142\u0105 przyczepno\u015bci\u0105 i nisk\u0105 kurczliwo\u015bci\u0105. Jest te\u017c odporny na zniekszta\u0142cenia i minimalizuje ryzyko zapchania dyszy drukarki. Wszystko to pozwoli Ci bez problemu drukowa\u0107 wybrane elementy i zaoszcz\u0119dzi\u0107 czas!<\/p>\n<p>\n<img decoding=\"async\" src=\"https:\/\/assets.innpro.pl\/5981\/7014\/4.jpg\" border=\"0\" \/>\n<\/p>\n<div class=\"table-wrapper\">\n<p>\u00a0<\/p>\n<h3><\/h3>\n<table>\n<tbody>\n<tr>\n<th>Producent<\/th>\n<td>Creality<\/td>\n<\/tr>\n<tr>\n<th>Nazwa<\/th>\n<td>CR-Wood Filament<\/td>\n<\/tr>\n<tr>\n<th>Model<\/th>\n<td>3301130001<\/td>\n<\/tr>\n<tr>\n<th>Kolor<\/th>\n<td>Sosna bia\u0142a<\/td>\n<\/tr>\n<tr>\n<th>Temperatura drukowania<\/th>\n<td>Od 190\u00b0C do 230\u00b0C<\/td>\n<\/tr>\n<tr>\n<th>Pr\u0119dko\u015b\u0107 drukowania<\/th>\n<td>40-90 mm\/s<\/td>\n<\/tr>\n<tr>\n<th>\u015arednica filamentu<\/th>\n<td>1,75 mm<\/td>\n<\/tr>\n<tr>\n<th>Waga<\/th>\n<td>1 kg<\/td>\n<\/tr>\n<\/tbody>\n<\/table>\n<\/div>\n","protected":false},"excerpt":{"rendered":"<p>Filament CR-PLA Wood Creality (Sosna bia\u0142a) Filament PLA CR-Wood marki Creality idealnie nadaje si\u0119 do tworzenia figurek i nie tylko.<\/p>\n","protected":false},"featured_media":44781,"comment_status":"closed","ping_status":"open","template":"","meta":{"_acf_changed":false},"product_brand":[],"product_cat":[6222,6225,6217],"product_tag":[],"class_list":{"0":"post-58471","1":"product","2":"type-product","3":"status-publish","4":"has-post-thumbnail","6":"product_cat-druk-3d-technologie-kreatywne","7":"product_cat-filamenty-druk-3d-technologie-kreatywne","8":"product_cat-technologie-kreatywne","9":"pa_okres-gwarancji-5757","10":"pa_producent-creality","12":"first","13":"outofstock","14":"taxable","15":"shipping-taxable","16":"purchasable","17":"product-type-simple"},"acf":[],"yoast_head":"<!-- This site is optimized with the Yoast SEO plugin v27.2 - https:\/\/yoast.com\/product\/yoast-seo-wordpress\/ -->\n<title>Filament CREALITY CR-PLA Wood (bia\u0142a sosna) - IRONSKY.PL Sklep z Dronami<\/title>\n<meta name=\"description\" content=\"Filament CREALITY CR-PLA Wood (bia\u0142a sosna) - \u2705 sklep z dronami i fachowym doradztwem. \u2705 Tutaj kupisz produkty DJI, Yuneec, Parrot, Syma i wiele innych, a tak\u017ce kursy i licencje na operatora drona.\" \/>\n<meta name=\"robots\" content=\"index, follow, max-snippet:-1, max-image-preview:large, max-video-preview:-1\" \/>\n<link rel=\"canonical\" href=\"https:\/\/ironsky.pl\/sklep\/produkt\/filament-creality-cr-pla-wood-biala-sosna\/\" \/>\n<meta property=\"og:locale\" content=\"pl_PL\" \/>\n<meta property=\"og:type\" content=\"article\" \/>\n<meta property=\"og:title\" content=\"Filament CREALITY CR-PLA Wood (bia\u0142a sosna) - IRONSKY.PL Sklep z Dronami\" \/>\n<meta property=\"og:description\" content=\"Filament CREALITY CR-PLA Wood (bia\u0142a sosna) - \u2705 sklep z dronami i fachowym doradztwem. \u2705 Tutaj kupisz produkty DJI, Yuneec, Parrot, Syma i wiele innych, a tak\u017ce kursy i licencje na operatora drona.\" \/>\n<meta property=\"og:url\" content=\"https:\/\/ironsky.pl\/sklep\/produkt\/filament-creality-cr-pla-wood-biala-sosna\/\" \/>\n<meta property=\"og:site_name\" content=\"IRONSKY.PL Sklep z Dronami\" \/>\n<meta property=\"article:modified_time\" content=\"2026-04-15T08:37:11+00:00\" \/>\n<meta property=\"og:image\" content=\"https:\/\/ironsky.pl\/sklep\/wp-content\/uploads\/2025\/06\/42635_1.webp\" \/>\n\t<meta property=\"og:image:width\" content=\"800\" \/>\n\t<meta property=\"og:image:height\" content=\"800\" \/>\n\t<meta property=\"og:image:type\" content=\"image\/webp\" \/>\n<meta name=\"twitter:card\" content=\"summary_large_image\" \/>\n<meta name=\"twitter:label1\" content=\"Szacowany czas czytania\" \/>\n\t<meta name=\"twitter:data1\" content=\"1 minuta\" \/>\n<script type=\"application\/ld+json\" class=\"yoast-schema-graph\">{\"@context\":\"https:\/\/schema.org\",\"@graph\":[{\"@type\":\"WebPage\",\"@id\":\"https:\/\/ironsky.pl\/sklep\/produkt\/filament-creality-cr-pla-wood-biala-sosna\/\",\"url\":\"https:\/\/ironsky.pl\/sklep\/produkt\/filament-creality-cr-pla-wood-biala-sosna\/\",\"name\":\"Filament CREALITY CR-PLA Wood (bia\u0142a sosna) - IRONSKY.PL Sklep z Dronami\",\"isPartOf\":{\"@id\":\"https:\/\/ironsky.pl\/sklep\/#website\"},\"primaryImageOfPage\":{\"@id\":\"https:\/\/ironsky.pl\/sklep\/produkt\/filament-creality-cr-pla-wood-biala-sosna\/#primaryimage\"},\"image\":{\"@id\":\"https:\/\/ironsky.pl\/sklep\/produkt\/filament-creality-cr-pla-wood-biala-sosna\/#primaryimage\"},\"thumbnailUrl\":\"https:\/\/ironsky.pl\/sklep\/wp-content\/uploads\/2025\/06\/42635_1.webp\",\"datePublished\":\"2026-04-15T08:37:08+00:00\",\"dateModified\":\"2026-04-15T08:37:11+00:00\",\"description\":\"Filament CREALITY CR-PLA Wood (bia\u0142a sosna) - \u2705 sklep z dronami i fachowym doradztwem. \u2705 Tutaj kupisz produkty DJI, Yuneec, Parrot, Syma i wiele innych, a tak\u017ce kursy i licencje na operatora drona.\",\"breadcrumb\":{\"@id\":\"https:\/\/ironsky.pl\/sklep\/produkt\/filament-creality-cr-pla-wood-biala-sosna\/#breadcrumb\"},\"inLanguage\":\"pl-PL\",\"potentialAction\":[{\"@type\":\"ReadAction\",\"target\":[\"https:\/\/ironsky.pl\/sklep\/produkt\/filament-creality-cr-pla-wood-biala-sosna\/\"]}]},{\"@type\":\"ImageObject\",\"inLanguage\":\"pl-PL\",\"@id\":\"https:\/\/ironsky.pl\/sklep\/produkt\/filament-creality-cr-pla-wood-biala-sosna\/#primaryimage\",\"url\":\"https:\/\/ironsky.pl\/sklep\/wp-content\/uploads\/2025\/06\/42635_1.webp\",\"contentUrl\":\"https:\/\/ironsky.pl\/sklep\/wp-content\/uploads\/2025\/06\/42635_1.webp\",\"width\":800,\"height\":800},{\"@type\":\"BreadcrumbList\",\"@id\":\"https:\/\/ironsky.pl\/sklep\/produkt\/filament-creality-cr-pla-wood-biala-sosna\/#breadcrumb\",\"itemListElement\":[{\"@type\":\"ListItem\",\"position\":1,\"name\":\"Strona g\u0142\u00f3wna\",\"item\":\"https:\/\/ironsky.pl\/sklep\/\"},{\"@type\":\"ListItem\",\"position\":2,\"name\":\"Wszystkie produkty\",\"item\":\"https:\/\/ironsky.pl\/sklep\/produkty\/\"},{\"@type\":\"ListItem\",\"position\":3,\"name\":\"Filament CREALITY CR-PLA Wood (bia\u0142a sosna)\"}]},{\"@type\":\"WebSite\",\"@id\":\"https:\/\/ironsky.pl\/sklep\/#website\",\"url\":\"https:\/\/ironsky.pl\/sklep\/\",\"name\":\"IRONSKY.PL Sklep z Dronami\",\"description\":\"IRONSKY.PL Sklep z Dronami\",\"potentialAction\":[{\"@type\":\"SearchAction\",\"target\":{\"@type\":\"EntryPoint\",\"urlTemplate\":\"https:\/\/ironsky.pl\/sklep\/?s={search_term_string}\"},\"query-input\":{\"@type\":\"PropertyValueSpecification\",\"valueRequired\":true,\"valueName\":\"search_term_string\"}}],\"inLanguage\":\"pl-PL\"}]}<\/script>\n<!-- \/ Yoast SEO plugin. -->","yoast_head_json":{"title":"Filament CREALITY CR-PLA Wood (bia\u0142a sosna) - IRONSKY.PL Sklep z Dronami","description":"Filament CREALITY CR-PLA Wood (bia\u0142a sosna) - \u2705 sklep z dronami i fachowym doradztwem. \u2705 Tutaj kupisz produkty DJI, Yuneec, Parrot, Syma i wiele innych, a tak\u017ce kursy i licencje na operatora drona.","robots":{"index":"index","follow":"follow","max-snippet":"max-snippet:-1","max-image-preview":"max-image-preview:large","max-video-preview":"max-video-preview:-1"},"canonical":"https:\/\/ironsky.pl\/sklep\/produkt\/filament-creality-cr-pla-wood-biala-sosna\/","og_locale":"pl_PL","og_type":"article","og_title":"Filament CREALITY CR-PLA Wood (bia\u0142a sosna) - IRONSKY.PL Sklep z Dronami","og_description":"Filament CREALITY CR-PLA Wood (bia\u0142a sosna) - \u2705 sklep z dronami i fachowym doradztwem. \u2705 Tutaj kupisz produkty DJI, Yuneec, Parrot, Syma i wiele innych, a tak\u017ce kursy i licencje na operatora drona.","og_url":"https:\/\/ironsky.pl\/sklep\/produkt\/filament-creality-cr-pla-wood-biala-sosna\/","og_site_name":"IRONSKY.PL Sklep z Dronami","article_modified_time":"2026-04-15T08:37:11+00:00","og_image":[{"width":800,"height":800,"url":"https:\/\/ironsky.pl\/sklep\/wp-content\/uploads\/2025\/06\/42635_1.webp","type":"image\/webp"}],"twitter_card":"summary_large_image","twitter_misc":{"Szacowany czas czytania":"1 minuta"},"schema":{"@context":"https:\/\/schema.org","@graph":[{"@type":"WebPage","@id":"https:\/\/ironsky.pl\/sklep\/produkt\/filament-creality-cr-pla-wood-biala-sosna\/","url":"https:\/\/ironsky.pl\/sklep\/produkt\/filament-creality-cr-pla-wood-biala-sosna\/","name":"Filament CREALITY CR-PLA Wood (bia\u0142a sosna) - IRONSKY.PL Sklep z Dronami","isPartOf":{"@id":"https:\/\/ironsky.pl\/sklep\/#website"},"primaryImageOfPage":{"@id":"https:\/\/ironsky.pl\/sklep\/produkt\/filament-creality-cr-pla-wood-biala-sosna\/#primaryimage"},"image":{"@id":"https:\/\/ironsky.pl\/sklep\/produkt\/filament-creality-cr-pla-wood-biala-sosna\/#primaryimage"},"thumbnailUrl":"https:\/\/ironsky.pl\/sklep\/wp-content\/uploads\/2025\/06\/42635_1.webp","datePublished":"2026-04-15T08:37:08+00:00","dateModified":"2026-04-15T08:37:11+00:00","description":"Filament CREALITY CR-PLA Wood (bia\u0142a sosna) - \u2705 sklep z dronami i fachowym doradztwem. \u2705 Tutaj kupisz produkty DJI, Yuneec, Parrot, Syma i wiele innych, a tak\u017ce kursy i licencje na operatora drona.","breadcrumb":{"@id":"https:\/\/ironsky.pl\/sklep\/produkt\/filament-creality-cr-pla-wood-biala-sosna\/#breadcrumb"},"inLanguage":"pl-PL","potentialAction":[{"@type":"ReadAction","target":["https:\/\/ironsky.pl\/sklep\/produkt\/filament-creality-cr-pla-wood-biala-sosna\/"]}]},{"@type":"ImageObject","inLanguage":"pl-PL","@id":"https:\/\/ironsky.pl\/sklep\/produkt\/filament-creality-cr-pla-wood-biala-sosna\/#primaryimage","url":"https:\/\/ironsky.pl\/sklep\/wp-content\/uploads\/2025\/06\/42635_1.webp","contentUrl":"https:\/\/ironsky.pl\/sklep\/wp-content\/uploads\/2025\/06\/42635_1.webp","width":800,"height":800},{"@type":"BreadcrumbList","@id":"https:\/\/ironsky.pl\/sklep\/produkt\/filament-creality-cr-pla-wood-biala-sosna\/#breadcrumb","itemListElement":[{"@type":"ListItem","position":1,"name":"Strona g\u0142\u00f3wna","item":"https:\/\/ironsky.pl\/sklep\/"},{"@type":"ListItem","position":2,"name":"Wszystkie produkty","item":"https:\/\/ironsky.pl\/sklep\/produkty\/"},{"@type":"ListItem","position":3,"name":"Filament CREALITY CR-PLA Wood (bia\u0142a sosna)"}]},{"@type":"WebSite","@id":"https:\/\/ironsky.pl\/sklep\/#website","url":"https:\/\/ironsky.pl\/sklep\/","name":"IRONSKY.PL Sklep z Dronami","description":"IRONSKY.PL Sklep z Dronami","potentialAction":[{"@type":"SearchAction","target":{"@type":"EntryPoint","urlTemplate":"https:\/\/ironsky.pl\/sklep\/?s={search_term_string}"},"query-input":{"@type":"PropertyValueSpecification","valueRequired":true,"valueName":"search_term_string"}}],"inLanguage":"pl-PL"}]}},"_links":{"self":[{"href":"https:\/\/ironsky.pl\/sklep\/wp-json\/wp\/v2\/product\/58471","targetHints":{"allow":["GET"]}}],"collection":[{"href":"https:\/\/ironsky.pl\/sklep\/wp-json\/wp\/v2\/product"}],"about":[{"href":"https:\/\/ironsky.pl\/sklep\/wp-json\/wp\/v2\/types\/product"}],"replies":[{"embeddable":true,"href":"https:\/\/ironsky.pl\/sklep\/wp-json\/wp\/v2\/comments?post=58471"}],"wp:featuredmedia":[{"embeddable":true,"href":"https:\/\/ironsky.pl\/sklep\/wp-json\/wp\/v2\/media\/44781"}],"wp:attachment":[{"href":"https:\/\/ironsky.pl\/sklep\/wp-json\/wp\/v2\/media?parent=58471"}],"wp:term":[{"taxonomy":"product_brand","embeddable":true,"href":"https:\/\/ironsky.pl\/sklep\/wp-json\/wp\/v2\/product_brand?post=58471"},{"taxonomy":"product_cat","embeddable":true,"href":"https:\/\/ironsky.pl\/sklep\/wp-json\/wp\/v2\/product_cat?post=58471"},{"taxonomy":"product_tag","embeddable":true,"href":"https:\/\/ironsky.pl\/sklep\/wp-json\/wp\/v2\/product_tag?post=58471"}],"curies":[{"name":"wp","href":"https:\/\/api.w.org\/{rel}","templated":true}]}}