{"id":58467,"date":"2026-04-15T10:36:42","date_gmt":"2026-04-15T08:36:42","guid":{"rendered":"https:\/\/ironsky.pl\/sklep\/produkt\/filament-creality-cr-silk-pla-srebrny\/"},"modified":"2026-04-15T10:37:05","modified_gmt":"2026-04-15T08:37:05","slug":"filament-creality-cr-silk-pla-srebrny","status":"publish","type":"product","link":"https:\/\/ironsky.pl\/sklep\/produkt\/filament-creality-cr-silk-pla-srebrny\/","title":{"rendered":"Filament CREALITY CR-Silk PLA (srebrny)"},"content":{"rendered":"<h3>Filament CR-Silk PLA Creality (Srebrny)<\/h3>\n<p>Filament CR-Silk marki Creality wyr\u00f3\u017cnia si\u0119 metalicznym, eleganckim po\u0142yskiem, dzi\u0119ki czemu przyci\u0105ga wzrok i doskonale nadaje si\u0119 do drukowania figurek, dekoracji, a nawet bi\u017cuterii. Cechuje go tak\u017ce imponuj\u0105ca wytrzyma\u0142o\u015b\u0107 i kompatybilno\u015b\u0107 z wi\u0119kszo\u015bci\u0105 drukarek Creality. Co wi\u0119cej, do jego wykonania zastosowano trwa\u0142e, a zarazem przyjazne dla \u015brodowiska materia\u0142y.<\/p>\n<p>\n<img decoding=\"async\" src=\"https:\/\/assets.innpro.pl\/5974\/7007\/1.jpg\" border=\"0\" \/>\n<\/p>\n<h3>Szybkie i bezproblemowe drukowanie<\/h3>\n<p>Dzi\u0119ki starannemu uzwojeniu filament pozwala na p\u0142ynne, bezproblemowe drukowanie z pr\u0119dko\u015bci\u0105 do 100 mm\/s. Jest te\u017c odporny na pl\u0105tanie si\u0119. Dzi\u0119ki temu zaoszcz\u0119dzisz czas i unikniesz marnowania materia\u0142\u00f3w!<\/p>\n<p>\n<img decoding=\"async\" src=\"https:\/\/assets.innpro.pl\/5974\/7007\/4.jpg\" border=\"0\" \/>\n<\/p>\n<h3>Elegancki i wytrzyma\u0142y<\/h3>\n<p>Filament jest bardzo przyjemny w dotyku i wyr\u00f3\u017cnia si\u0119 eleganckim, delikatnym po\u0142yskiem \u2013 pozwala uzyska\u0107 per\u0142ow\u0105 i g\u0142adk\u0105 powierzchni\u0119 modelu bez konieczno\u015bci dodatkowego polerowania. Ponadto zosta\u0142 wykonany z przyjaznych dla \u015brodowiska, trwa\u0142ych materia\u0142\u00f3w (PLA), dzi\u0119ki czemu jest odporny na zniekszta\u0142cenia i wyr\u00f3\u017cnia si\u0119 nisk\u0105 kurczliwo\u015bci\u0105. Jego wytrzyma\u0142o\u015b\u0107 na rozci\u0105ganie si\u0119ga 35 MPa, a wytrzyma\u0142o\u015b\u0107 na zginanie wynosi a\u017c 67 MPa.<\/p>\n<p>\n<img decoding=\"async\" src=\"https:\/\/assets.innpro.pl\/5974\/7007\/5.jpg\" border=\"0\" \/>\n<\/p>\n<div class=\"table-wrapper\">\n<p>\u00a0<\/p>\n<h3><\/h3>\n<table>\n<tbody>\n<tr>\n<th>Producent<\/th>\n<td>Creality<\/td>\n<\/tr>\n<tr>\n<th>Nazwa<\/th>\n<td>CR-Silk Filament<\/td>\n<\/tr>\n<tr>\n<th>Model<\/th>\n<td>3301120007<\/td>\n<\/tr>\n<tr>\n<th>Kolor<\/th>\n<td>Srebrny<\/td>\n<\/tr>\n<tr>\n<th>Temperatura ekstrudera<\/th>\n<td>Od 190\u00b0C do 230\u00b0C<\/td>\n<\/tr>\n<tr>\n<th>Temperatura sto\u0142u<\/th>\n<td>Od braku ogrzewania do 60\u00b0C<\/td>\n<\/tr>\n<tr>\n<th>Pr\u0119dko\u015b\u0107 drukowania<\/th>\n<td>40-100 mm\/s<\/td>\n<\/tr>\n<tr>\n<th>Wytrzyma\u0142o\u015b\u0107 na rozci\u0105ganie<\/th>\n<td>35 MPa<\/td>\n<\/tr>\n<tr>\n<th>Wytrzyma\u0142o\u015b\u0107 na zginanie<\/th>\n<td>67 MPa<\/td>\n<\/tr>\n<tr>\n<th>\u015arednica filamentu<\/th>\n<td>1,75 mm<\/td>\n<\/tr>\n<tr>\n<th>Waga<\/th>\n<td>1 kg<\/td>\n<\/tr>\n<\/tbody>\n<\/table>\n<\/div>\n","protected":false},"excerpt":{"rendered":"<p>Filament CR-Silk PLA Creality (Srebrny) Filament CR-Silk marki Creality wyr\u00f3\u017cnia si\u0119 metalicznym, eleganckim po\u0142yskiem, dzi\u0119ki czemu przyci\u0105ga wzrok i doskonale<\/p>\n","protected":false},"featured_media":44758,"comment_status":"closed","ping_status":"open","template":"","meta":{"_acf_changed":false},"product_brand":[],"product_cat":[6222,6225,6217],"product_tag":[],"class_list":{"0":"post-58467","1":"product","2":"type-product","3":"status-publish","4":"has-post-thumbnail","6":"product_cat-druk-3d-technologie-kreatywne","7":"product_cat-filamenty-druk-3d-technologie-kreatywne","8":"product_cat-technologie-kreatywne","9":"pa_okres-gwarancji-5757","10":"pa_producent-creality","12":"first","13":"outofstock","14":"taxable","15":"shipping-taxable","16":"purchasable","17":"product-type-simple"},"acf":[],"yoast_head":"<!-- This site is optimized with the Yoast SEO plugin v27.2 - https:\/\/yoast.com\/product\/yoast-seo-wordpress\/ -->\n<title>Filament CREALITY CR-Silk PLA (srebrny) - IRONSKY.PL Sklep z Dronami<\/title>\n<meta name=\"description\" content=\"Filament CREALITY CR-Silk PLA (srebrny) - \u2705 sklep z dronami i fachowym doradztwem. \u2705 Tutaj kupisz produkty DJI, Yuneec, Parrot, Syma i wiele innych, a tak\u017ce kursy i licencje na operatora drona.\" \/>\n<meta name=\"robots\" content=\"index, follow, max-snippet:-1, max-image-preview:large, max-video-preview:-1\" \/>\n<link rel=\"canonical\" href=\"https:\/\/ironsky.pl\/sklep\/produkt\/filament-creality-cr-silk-pla-srebrny\/\" \/>\n<meta property=\"og:locale\" content=\"pl_PL\" \/>\n<meta property=\"og:type\" content=\"article\" \/>\n<meta property=\"og:title\" content=\"Filament CREALITY CR-Silk PLA (srebrny) - IRONSKY.PL Sklep z Dronami\" \/>\n<meta property=\"og:description\" content=\"Filament CREALITY CR-Silk PLA (srebrny) - \u2705 sklep z dronami i fachowym doradztwem. \u2705 Tutaj kupisz produkty DJI, Yuneec, Parrot, Syma i wiele innych, a tak\u017ce kursy i licencje na operatora drona.\" \/>\n<meta property=\"og:url\" content=\"https:\/\/ironsky.pl\/sklep\/produkt\/filament-creality-cr-silk-pla-srebrny\/\" \/>\n<meta property=\"og:site_name\" content=\"IRONSKY.PL Sklep z Dronami\" \/>\n<meta property=\"article:modified_time\" content=\"2026-04-15T08:37:05+00:00\" \/>\n<meta property=\"og:image\" content=\"https:\/\/ironsky.pl\/sklep\/wp-content\/uploads\/2025\/06\/42619_1.webp\" \/>\n\t<meta property=\"og:image:width\" content=\"800\" \/>\n\t<meta property=\"og:image:height\" content=\"800\" \/>\n\t<meta property=\"og:image:type\" content=\"image\/webp\" \/>\n<meta name=\"twitter:card\" content=\"summary_large_image\" \/>\n<meta name=\"twitter:label1\" content=\"Szacowany czas czytania\" \/>\n\t<meta name=\"twitter:data1\" content=\"1 minuta\" \/>\n<script type=\"application\/ld+json\" class=\"yoast-schema-graph\">{\"@context\":\"https:\/\/schema.org\",\"@graph\":[{\"@type\":\"WebPage\",\"@id\":\"https:\/\/ironsky.pl\/sklep\/produkt\/filament-creality-cr-silk-pla-srebrny\/\",\"url\":\"https:\/\/ironsky.pl\/sklep\/produkt\/filament-creality-cr-silk-pla-srebrny\/\",\"name\":\"Filament CREALITY CR-Silk PLA (srebrny) - IRONSKY.PL Sklep z Dronami\",\"isPartOf\":{\"@id\":\"https:\/\/ironsky.pl\/sklep\/#website\"},\"primaryImageOfPage\":{\"@id\":\"https:\/\/ironsky.pl\/sklep\/produkt\/filament-creality-cr-silk-pla-srebrny\/#primaryimage\"},\"image\":{\"@id\":\"https:\/\/ironsky.pl\/sklep\/produkt\/filament-creality-cr-silk-pla-srebrny\/#primaryimage\"},\"thumbnailUrl\":\"https:\/\/ironsky.pl\/sklep\/wp-content\/uploads\/2025\/06\/42619_1.webp\",\"datePublished\":\"2026-04-15T08:36:42+00:00\",\"dateModified\":\"2026-04-15T08:37:05+00:00\",\"description\":\"Filament CREALITY CR-Silk PLA (srebrny) - \u2705 sklep z dronami i fachowym doradztwem. \u2705 Tutaj kupisz produkty DJI, Yuneec, Parrot, Syma i wiele innych, a tak\u017ce kursy i licencje na operatora drona.\",\"breadcrumb\":{\"@id\":\"https:\/\/ironsky.pl\/sklep\/produkt\/filament-creality-cr-silk-pla-srebrny\/#breadcrumb\"},\"inLanguage\":\"pl-PL\",\"potentialAction\":[{\"@type\":\"ReadAction\",\"target\":[\"https:\/\/ironsky.pl\/sklep\/produkt\/filament-creality-cr-silk-pla-srebrny\/\"]}]},{\"@type\":\"ImageObject\",\"inLanguage\":\"pl-PL\",\"@id\":\"https:\/\/ironsky.pl\/sklep\/produkt\/filament-creality-cr-silk-pla-srebrny\/#primaryimage\",\"url\":\"https:\/\/ironsky.pl\/sklep\/wp-content\/uploads\/2025\/06\/42619_1.webp\",\"contentUrl\":\"https:\/\/ironsky.pl\/sklep\/wp-content\/uploads\/2025\/06\/42619_1.webp\",\"width\":800,\"height\":800},{\"@type\":\"BreadcrumbList\",\"@id\":\"https:\/\/ironsky.pl\/sklep\/produkt\/filament-creality-cr-silk-pla-srebrny\/#breadcrumb\",\"itemListElement\":[{\"@type\":\"ListItem\",\"position\":1,\"name\":\"Strona g\u0142\u00f3wna\",\"item\":\"https:\/\/ironsky.pl\/sklep\/\"},{\"@type\":\"ListItem\",\"position\":2,\"name\":\"Wszystkie produkty\",\"item\":\"https:\/\/ironsky.pl\/sklep\/produkty\/\"},{\"@type\":\"ListItem\",\"position\":3,\"name\":\"Filament CREALITY CR-Silk PLA (srebrny)\"}]},{\"@type\":\"WebSite\",\"@id\":\"https:\/\/ironsky.pl\/sklep\/#website\",\"url\":\"https:\/\/ironsky.pl\/sklep\/\",\"name\":\"IRONSKY.PL Sklep z Dronami\",\"description\":\"IRONSKY.PL Sklep z Dronami\",\"potentialAction\":[{\"@type\":\"SearchAction\",\"target\":{\"@type\":\"EntryPoint\",\"urlTemplate\":\"https:\/\/ironsky.pl\/sklep\/?s={search_term_string}\"},\"query-input\":{\"@type\":\"PropertyValueSpecification\",\"valueRequired\":true,\"valueName\":\"search_term_string\"}}],\"inLanguage\":\"pl-PL\"}]}<\/script>\n<!-- \/ Yoast SEO plugin. -->","yoast_head_json":{"title":"Filament CREALITY CR-Silk PLA (srebrny) - IRONSKY.PL Sklep z Dronami","description":"Filament CREALITY CR-Silk PLA (srebrny) - \u2705 sklep z dronami i fachowym doradztwem. \u2705 Tutaj kupisz produkty DJI, Yuneec, Parrot, Syma i wiele innych, a tak\u017ce kursy i licencje na operatora drona.","robots":{"index":"index","follow":"follow","max-snippet":"max-snippet:-1","max-image-preview":"max-image-preview:large","max-video-preview":"max-video-preview:-1"},"canonical":"https:\/\/ironsky.pl\/sklep\/produkt\/filament-creality-cr-silk-pla-srebrny\/","og_locale":"pl_PL","og_type":"article","og_title":"Filament CREALITY CR-Silk PLA (srebrny) - IRONSKY.PL Sklep z Dronami","og_description":"Filament CREALITY CR-Silk PLA (srebrny) - \u2705 sklep z dronami i fachowym doradztwem. \u2705 Tutaj kupisz produkty DJI, Yuneec, Parrot, Syma i wiele innych, a tak\u017ce kursy i licencje na operatora drona.","og_url":"https:\/\/ironsky.pl\/sklep\/produkt\/filament-creality-cr-silk-pla-srebrny\/","og_site_name":"IRONSKY.PL Sklep z Dronami","article_modified_time":"2026-04-15T08:37:05+00:00","og_image":[{"width":800,"height":800,"url":"https:\/\/ironsky.pl\/sklep\/wp-content\/uploads\/2025\/06\/42619_1.webp","type":"image\/webp"}],"twitter_card":"summary_large_image","twitter_misc":{"Szacowany czas czytania":"1 minuta"},"schema":{"@context":"https:\/\/schema.org","@graph":[{"@type":"WebPage","@id":"https:\/\/ironsky.pl\/sklep\/produkt\/filament-creality-cr-silk-pla-srebrny\/","url":"https:\/\/ironsky.pl\/sklep\/produkt\/filament-creality-cr-silk-pla-srebrny\/","name":"Filament CREALITY CR-Silk PLA (srebrny) - IRONSKY.PL Sklep z Dronami","isPartOf":{"@id":"https:\/\/ironsky.pl\/sklep\/#website"},"primaryImageOfPage":{"@id":"https:\/\/ironsky.pl\/sklep\/produkt\/filament-creality-cr-silk-pla-srebrny\/#primaryimage"},"image":{"@id":"https:\/\/ironsky.pl\/sklep\/produkt\/filament-creality-cr-silk-pla-srebrny\/#primaryimage"},"thumbnailUrl":"https:\/\/ironsky.pl\/sklep\/wp-content\/uploads\/2025\/06\/42619_1.webp","datePublished":"2026-04-15T08:36:42+00:00","dateModified":"2026-04-15T08:37:05+00:00","description":"Filament CREALITY CR-Silk PLA (srebrny) - \u2705 sklep z dronami i fachowym doradztwem. \u2705 Tutaj kupisz produkty DJI, Yuneec, Parrot, Syma i wiele innych, a tak\u017ce kursy i licencje na operatora drona.","breadcrumb":{"@id":"https:\/\/ironsky.pl\/sklep\/produkt\/filament-creality-cr-silk-pla-srebrny\/#breadcrumb"},"inLanguage":"pl-PL","potentialAction":[{"@type":"ReadAction","target":["https:\/\/ironsky.pl\/sklep\/produkt\/filament-creality-cr-silk-pla-srebrny\/"]}]},{"@type":"ImageObject","inLanguage":"pl-PL","@id":"https:\/\/ironsky.pl\/sklep\/produkt\/filament-creality-cr-silk-pla-srebrny\/#primaryimage","url":"https:\/\/ironsky.pl\/sklep\/wp-content\/uploads\/2025\/06\/42619_1.webp","contentUrl":"https:\/\/ironsky.pl\/sklep\/wp-content\/uploads\/2025\/06\/42619_1.webp","width":800,"height":800},{"@type":"BreadcrumbList","@id":"https:\/\/ironsky.pl\/sklep\/produkt\/filament-creality-cr-silk-pla-srebrny\/#breadcrumb","itemListElement":[{"@type":"ListItem","position":1,"name":"Strona g\u0142\u00f3wna","item":"https:\/\/ironsky.pl\/sklep\/"},{"@type":"ListItem","position":2,"name":"Wszystkie produkty","item":"https:\/\/ironsky.pl\/sklep\/produkty\/"},{"@type":"ListItem","position":3,"name":"Filament CREALITY CR-Silk PLA (srebrny)"}]},{"@type":"WebSite","@id":"https:\/\/ironsky.pl\/sklep\/#website","url":"https:\/\/ironsky.pl\/sklep\/","name":"IRONSKY.PL Sklep z Dronami","description":"IRONSKY.PL Sklep z Dronami","potentialAction":[{"@type":"SearchAction","target":{"@type":"EntryPoint","urlTemplate":"https:\/\/ironsky.pl\/sklep\/?s={search_term_string}"},"query-input":{"@type":"PropertyValueSpecification","valueRequired":true,"valueName":"search_term_string"}}],"inLanguage":"pl-PL"}]}},"_links":{"self":[{"href":"https:\/\/ironsky.pl\/sklep\/wp-json\/wp\/v2\/product\/58467","targetHints":{"allow":["GET"]}}],"collection":[{"href":"https:\/\/ironsky.pl\/sklep\/wp-json\/wp\/v2\/product"}],"about":[{"href":"https:\/\/ironsky.pl\/sklep\/wp-json\/wp\/v2\/types\/product"}],"replies":[{"embeddable":true,"href":"https:\/\/ironsky.pl\/sklep\/wp-json\/wp\/v2\/comments?post=58467"}],"wp:featuredmedia":[{"embeddable":true,"href":"https:\/\/ironsky.pl\/sklep\/wp-json\/wp\/v2\/media\/44758"}],"wp:attachment":[{"href":"https:\/\/ironsky.pl\/sklep\/wp-json\/wp\/v2\/media?parent=58467"}],"wp:term":[{"taxonomy":"product_brand","embeddable":true,"href":"https:\/\/ironsky.pl\/sklep\/wp-json\/wp\/v2\/product_brand?post=58467"},{"taxonomy":"product_cat","embeddable":true,"href":"https:\/\/ironsky.pl\/sklep\/wp-json\/wp\/v2\/product_cat?post=58467"},{"taxonomy":"product_tag","embeddable":true,"href":"https:\/\/ironsky.pl\/sklep\/wp-json\/wp\/v2\/product_tag?post=58467"}],"curies":[{"name":"wp","href":"https:\/\/api.w.org\/{rel}","templated":true}]}}