{"id":58458,"date":"2026-04-15T10:36:42","date_gmt":"2026-04-15T08:36:42","guid":{"rendered":"https:\/\/ironsky.pl\/sklep\/produkt\/filament-creality-hyper-pla-bialy\/"},"modified":"2026-04-15T10:36:54","modified_gmt":"2026-04-15T08:36:54","slug":"filament-creality-hyper-pla-bialy","status":"publish","type":"product","link":"https:\/\/ironsky.pl\/sklep\/produkt\/filament-creality-hyper-pla-bialy\/","title":{"rendered":"Filament CREALITY Hyper PLA (bia\u0142y)"},"content":{"rendered":"<h3>Filament Hyper PLA Creality (Bia\u0142y)<\/h3>\n<p>Filament Hyper PLA marki Creality wyr\u00f3\u017cnia si\u0119 szybkim ch\u0142odzeniem i wytrzyma\u0142o\u015bci\u0105, a jednocze\u015bnie zapewnia doskona\u0142\u0105 precyzj\u0119. Zosta\u0142 wykonany z wysokiej jako\u015bci materia\u0142\u00f3w i fantastycznie nadaje si\u0119 do r\u00f3\u017cnych zastosowa\u0144 \u2013 od tworzenia figurek, przez cz\u0119\u015bci do urz\u0105dze\u0144, a\u017c po prototypy. Umo\u017cliwia szybkie, dok\u0142adne drukowanie i si\u0119 nie pl\u0105cze. Idealnie sprawdza si\u0119 w po\u0142\u0105czeniu z drukarkami Creality. U\u017cytkownicy mog\u0105 te\u017c skorzysta\u0107 z us\u0142ugi Creality Cloud, kt\u00f3ra oferuje mi\u0119dzy innymi mn\u00f3stwo darmowych modeli do druku.<\/p>\n<p>\n<img decoding=\"async\" src=\"https:\/\/assets.innpro.pl\/5963\/6996\/1.jpg\" border=\"0\" \/>\n<\/p>\n<h3>Jeszcze szybsze drukowanie<\/h3>\n<p>Dzi\u0119ki wysokiej p\u0142ynno\u015bci i szybkiemu ch\u0142odzeniu filament umo\u017cliwia drukowanie z pr\u0119dko\u015bci\u0105 si\u0119gaj\u0105c\u0105 600 mm\/s. Ponadto doskona\u0142a stabilno\u015b\u0107 zapewnia wi\u0119ksz\u0105 precyzj\u0119 i pozwala uzyskiwa\u0107 lepsze rezultaty. To jednak nie koniec. Niezawodna kontrola \u015brednicy filamentu i automatyczny uk\u0142ad nawijania gwarantuj\u0105 p\u0142ynniejsze drukowanie i minimalizuj\u0105 ryzyko spl\u0105tania.<\/p>\n<p>\n<img decoding=\"async\" src=\"https:\/\/assets.innpro.pl\/5963\/6996\/5.jpg\" border=\"0\" \/>\n<\/p>\n<h3>Wytrzyma\u0142o\u015b\u0107<\/h3>\n<p>Filament wyr\u00f3\u017cnia si\u0119 du\u017c\u0105 wytrzyma\u0142o\u015bci\u0105 na rozci\u0105ganie (52,99 Mpa) i zginanie (92,38 Mpa), dzi\u0119ki czemu drukowane modele s\u0105 bardziej trwa\u0142e. Do jego wykonania zastosowano najwy\u017cszej klasy materia\u0142y, a ponadto poddano go rygorystycznej kontroli jako\u015bci. Wszystko to pozwala cieszy\u0107 si\u0119 fantastyczn\u0105 wydajno\u015bci\u0105 drukowania i doskona\u0142ymi efektami.<\/p>\n<p>\n<img decoding=\"async\" src=\"https:\/\/assets.innpro.pl\/5963\/6996\/6.jpg\" border=\"0\" \/>\n<\/p>\n<h3>W zestawie<\/h3>\n<ul class=\"list-disc pl-5\">\n<li>Szpula z filamentem<\/li>\n<li>\u015arodek osuszaj\u0105cy<\/li>\n<li>Opakowanie pr\u00f3\u017cniowe<\/li>\n<\/ul>\n<div class=\"table-wrapper\">\n<p>\u00a0<\/p>\n<h3><\/h3>\n<table>\n<tbody>\n<tr>\n<th>Producent<\/th>\n<td>Creality<\/td>\n<\/tr>\n<tr>\n<th>Nazwa<\/th>\n<td>Hyper Series PLA<\/td>\n<\/tr>\n<tr>\n<th>Model<\/th>\n<td>3301010335<\/td>\n<\/tr>\n<tr>\n<th>Kolor<\/th>\n<td>Bia\u0142y<\/td>\n<\/tr>\n<tr>\n<th>\u015arednica<\/th>\n<td>1,75 mm \u00b1 0,3 mm<\/td>\n<\/tr>\n<tr>\n<th>Waga<\/th>\n<td>1 kg<\/td>\n<\/tr>\n<tr>\n<th>Temperatura drukowania<\/th>\n<td>Od 190\u00b0C do 230\u00b0C<\/td>\n<\/tr>\n<tr>\n<th>Temperatura sto\u0142u<\/th>\n<td>Od 25\u00b0C do 60\u00b0C<\/td>\n<\/tr>\n<tr>\n<th>Pr\u0119dko\u015b\u0107 drukowania<\/th>\n<td>30-600 mm\/s<\/td>\n<\/tr>\n<tr>\n<th>Wentylator<\/th>\n<td>100%<\/td>\n<\/tr>\n<tr>\n<th>G\u0119sto\u015b\u0107<\/th>\n<td>1,25 g\/cm3<\/td>\n<\/tr>\n<tr>\n<th>Wytrzyma\u0142o\u015b\u0107 na rozci\u0105ganie (X-Y)<\/th>\n<td>52,88 Mpa<\/td>\n<\/tr>\n<tr>\n<th>Modu\u0142 spr\u0119\u017cysto\u015bci (X-Y)<\/th>\n<td>1146,064<\/td>\n<\/tr>\n<tr>\n<th>Wyd\u0142u\u017cenie przy zerwaniu<\/th>\n<td>6,304%<\/td>\n<\/tr>\n<tr>\n<th>Wytrzyma\u0142o\u015b\u0107 na zginanie (X-Y)<\/th>\n<td>92,38 Mpa<\/td>\n<\/tr>\n<tr>\n<th>Modu\u0142 gi\u0119tko\u015bci (X-Y)<\/th>\n<td>2490,178 Mpa<\/td>\n<\/tr>\n<tr>\n<th>Wytrzyma\u0142o\u015b\u0107 udarowa Charpy\u2019ego (X-Y)<\/th>\n<td>8,8344 kJ\/m2<\/td>\n<\/tr>\n<tr>\n<th>Platforma drukowania<\/th>\n<td>Krzem w\u0119glowy, p\u0142yta z PEI, papier teksturowany, klej PVP<\/td>\n<\/tr>\n<\/tbody>\n<\/table>\n<\/div>\n","protected":false},"excerpt":{"rendered":"<p>Filament Hyper PLA Creality (Bia\u0142y) Filament Hyper PLA marki Creality wyr\u00f3\u017cnia si\u0119 szybkim ch\u0142odzeniem i wytrzyma\u0142o\u015bci\u0105, a jednocze\u015bnie zapewnia doskona\u0142\u0105<\/p>\n","protected":false},"featured_media":44710,"comment_status":"closed","ping_status":"open","template":"","meta":{"_acf_changed":false},"product_brand":[],"product_cat":[6222,6225,6217],"product_tag":[],"class_list":{"0":"post-58458","1":"product","2":"type-product","3":"status-publish","4":"has-post-thumbnail","6":"product_cat-druk-3d-technologie-kreatywne","7":"product_cat-filamenty-druk-3d-technologie-kreatywne","8":"product_cat-technologie-kreatywne","9":"pa_okres-gwarancji-5757","10":"pa_producent-creality","12":"first","13":"outofstock","14":"taxable","15":"shipping-taxable","16":"purchasable","17":"product-type-simple"},"acf":[],"yoast_head":"<!-- This site is optimized with the Yoast SEO plugin v27.2 - https:\/\/yoast.com\/product\/yoast-seo-wordpress\/ -->\n<title>Filament CREALITY Hyper PLA (bia\u0142y) - IRONSKY.PL Sklep z Dronami<\/title>\n<meta name=\"description\" content=\"Filament CREALITY Hyper PLA (bia\u0142y) - \u2705 sklep z dronami i fachowym doradztwem. \u2705 Tutaj kupisz produkty DJI, Yuneec, Parrot, Syma i wiele innych, a tak\u017ce kursy i licencje na operatora drona.\" \/>\n<meta name=\"robots\" content=\"index, follow, max-snippet:-1, max-image-preview:large, max-video-preview:-1\" \/>\n<link rel=\"canonical\" href=\"https:\/\/ironsky.pl\/sklep\/produkt\/filament-creality-hyper-pla-bialy\/\" \/>\n<meta property=\"og:locale\" content=\"pl_PL\" \/>\n<meta property=\"og:type\" content=\"article\" \/>\n<meta property=\"og:title\" content=\"Filament CREALITY Hyper PLA (bia\u0142y) - IRONSKY.PL Sklep z Dronami\" \/>\n<meta property=\"og:description\" content=\"Filament CREALITY Hyper PLA (bia\u0142y) - \u2705 sklep z dronami i fachowym doradztwem. \u2705 Tutaj kupisz produkty DJI, Yuneec, Parrot, Syma i wiele innych, a tak\u017ce kursy i licencje na operatora drona.\" \/>\n<meta property=\"og:url\" content=\"https:\/\/ironsky.pl\/sklep\/produkt\/filament-creality-hyper-pla-bialy\/\" \/>\n<meta property=\"og:site_name\" content=\"IRONSKY.PL Sklep z Dronami\" \/>\n<meta property=\"article:modified_time\" content=\"2026-04-15T08:36:54+00:00\" \/>\n<meta property=\"og:image\" content=\"https:\/\/ironsky.pl\/sklep\/wp-content\/uploads\/2025\/06\/42609_1.webp\" \/>\n\t<meta property=\"og:image:width\" content=\"800\" \/>\n\t<meta property=\"og:image:height\" content=\"800\" \/>\n\t<meta property=\"og:image:type\" content=\"image\/webp\" \/>\n<meta name=\"twitter:card\" content=\"summary_large_image\" \/>\n<meta name=\"twitter:label1\" content=\"Szacowany czas czytania\" \/>\n\t<meta name=\"twitter:data1\" content=\"1 minuta\" \/>\n<script type=\"application\/ld+json\" class=\"yoast-schema-graph\">{\"@context\":\"https:\/\/schema.org\",\"@graph\":[{\"@type\":\"WebPage\",\"@id\":\"https:\/\/ironsky.pl\/sklep\/produkt\/filament-creality-hyper-pla-bialy\/\",\"url\":\"https:\/\/ironsky.pl\/sklep\/produkt\/filament-creality-hyper-pla-bialy\/\",\"name\":\"Filament CREALITY Hyper PLA (bia\u0142y) - IRONSKY.PL Sklep z Dronami\",\"isPartOf\":{\"@id\":\"https:\/\/ironsky.pl\/sklep\/#website\"},\"primaryImageOfPage\":{\"@id\":\"https:\/\/ironsky.pl\/sklep\/produkt\/filament-creality-hyper-pla-bialy\/#primaryimage\"},\"image\":{\"@id\":\"https:\/\/ironsky.pl\/sklep\/produkt\/filament-creality-hyper-pla-bialy\/#primaryimage\"},\"thumbnailUrl\":\"https:\/\/ironsky.pl\/sklep\/wp-content\/uploads\/2025\/06\/42609_1.webp\",\"datePublished\":\"2026-04-15T08:36:42+00:00\",\"dateModified\":\"2026-04-15T08:36:54+00:00\",\"description\":\"Filament CREALITY Hyper PLA (bia\u0142y) - \u2705 sklep z dronami i fachowym doradztwem. \u2705 Tutaj kupisz produkty DJI, Yuneec, Parrot, Syma i wiele innych, a tak\u017ce kursy i licencje na operatora drona.\",\"breadcrumb\":{\"@id\":\"https:\/\/ironsky.pl\/sklep\/produkt\/filament-creality-hyper-pla-bialy\/#breadcrumb\"},\"inLanguage\":\"pl-PL\",\"potentialAction\":[{\"@type\":\"ReadAction\",\"target\":[\"https:\/\/ironsky.pl\/sklep\/produkt\/filament-creality-hyper-pla-bialy\/\"]}]},{\"@type\":\"ImageObject\",\"inLanguage\":\"pl-PL\",\"@id\":\"https:\/\/ironsky.pl\/sklep\/produkt\/filament-creality-hyper-pla-bialy\/#primaryimage\",\"url\":\"https:\/\/ironsky.pl\/sklep\/wp-content\/uploads\/2025\/06\/42609_1.webp\",\"contentUrl\":\"https:\/\/ironsky.pl\/sklep\/wp-content\/uploads\/2025\/06\/42609_1.webp\",\"width\":800,\"height\":800},{\"@type\":\"BreadcrumbList\",\"@id\":\"https:\/\/ironsky.pl\/sklep\/produkt\/filament-creality-hyper-pla-bialy\/#breadcrumb\",\"itemListElement\":[{\"@type\":\"ListItem\",\"position\":1,\"name\":\"Strona g\u0142\u00f3wna\",\"item\":\"https:\/\/ironsky.pl\/sklep\/\"},{\"@type\":\"ListItem\",\"position\":2,\"name\":\"Wszystkie produkty\",\"item\":\"https:\/\/ironsky.pl\/sklep\/produkty\/\"},{\"@type\":\"ListItem\",\"position\":3,\"name\":\"Filament CREALITY Hyper PLA (bia\u0142y)\"}]},{\"@type\":\"WebSite\",\"@id\":\"https:\/\/ironsky.pl\/sklep\/#website\",\"url\":\"https:\/\/ironsky.pl\/sklep\/\",\"name\":\"IRONSKY.PL Sklep z Dronami\",\"description\":\"IRONSKY.PL Sklep z Dronami\",\"potentialAction\":[{\"@type\":\"SearchAction\",\"target\":{\"@type\":\"EntryPoint\",\"urlTemplate\":\"https:\/\/ironsky.pl\/sklep\/?s={search_term_string}\"},\"query-input\":{\"@type\":\"PropertyValueSpecification\",\"valueRequired\":true,\"valueName\":\"search_term_string\"}}],\"inLanguage\":\"pl-PL\"}]}<\/script>\n<!-- \/ Yoast SEO plugin. -->","yoast_head_json":{"title":"Filament CREALITY Hyper PLA (bia\u0142y) - IRONSKY.PL Sklep z Dronami","description":"Filament CREALITY Hyper PLA (bia\u0142y) - \u2705 sklep z dronami i fachowym doradztwem. \u2705 Tutaj kupisz produkty DJI, Yuneec, Parrot, Syma i wiele innych, a tak\u017ce kursy i licencje na operatora drona.","robots":{"index":"index","follow":"follow","max-snippet":"max-snippet:-1","max-image-preview":"max-image-preview:large","max-video-preview":"max-video-preview:-1"},"canonical":"https:\/\/ironsky.pl\/sklep\/produkt\/filament-creality-hyper-pla-bialy\/","og_locale":"pl_PL","og_type":"article","og_title":"Filament CREALITY Hyper PLA (bia\u0142y) - IRONSKY.PL Sklep z Dronami","og_description":"Filament CREALITY Hyper PLA (bia\u0142y) - \u2705 sklep z dronami i fachowym doradztwem. \u2705 Tutaj kupisz produkty DJI, Yuneec, Parrot, Syma i wiele innych, a tak\u017ce kursy i licencje na operatora drona.","og_url":"https:\/\/ironsky.pl\/sklep\/produkt\/filament-creality-hyper-pla-bialy\/","og_site_name":"IRONSKY.PL Sklep z Dronami","article_modified_time":"2026-04-15T08:36:54+00:00","og_image":[{"width":800,"height":800,"url":"https:\/\/ironsky.pl\/sklep\/wp-content\/uploads\/2025\/06\/42609_1.webp","type":"image\/webp"}],"twitter_card":"summary_large_image","twitter_misc":{"Szacowany czas czytania":"1 minuta"},"schema":{"@context":"https:\/\/schema.org","@graph":[{"@type":"WebPage","@id":"https:\/\/ironsky.pl\/sklep\/produkt\/filament-creality-hyper-pla-bialy\/","url":"https:\/\/ironsky.pl\/sklep\/produkt\/filament-creality-hyper-pla-bialy\/","name":"Filament CREALITY Hyper PLA (bia\u0142y) - IRONSKY.PL Sklep z Dronami","isPartOf":{"@id":"https:\/\/ironsky.pl\/sklep\/#website"},"primaryImageOfPage":{"@id":"https:\/\/ironsky.pl\/sklep\/produkt\/filament-creality-hyper-pla-bialy\/#primaryimage"},"image":{"@id":"https:\/\/ironsky.pl\/sklep\/produkt\/filament-creality-hyper-pla-bialy\/#primaryimage"},"thumbnailUrl":"https:\/\/ironsky.pl\/sklep\/wp-content\/uploads\/2025\/06\/42609_1.webp","datePublished":"2026-04-15T08:36:42+00:00","dateModified":"2026-04-15T08:36:54+00:00","description":"Filament CREALITY Hyper PLA (bia\u0142y) - \u2705 sklep z dronami i fachowym doradztwem. \u2705 Tutaj kupisz produkty DJI, Yuneec, Parrot, Syma i wiele innych, a tak\u017ce kursy i licencje na operatora drona.","breadcrumb":{"@id":"https:\/\/ironsky.pl\/sklep\/produkt\/filament-creality-hyper-pla-bialy\/#breadcrumb"},"inLanguage":"pl-PL","potentialAction":[{"@type":"ReadAction","target":["https:\/\/ironsky.pl\/sklep\/produkt\/filament-creality-hyper-pla-bialy\/"]}]},{"@type":"ImageObject","inLanguage":"pl-PL","@id":"https:\/\/ironsky.pl\/sklep\/produkt\/filament-creality-hyper-pla-bialy\/#primaryimage","url":"https:\/\/ironsky.pl\/sklep\/wp-content\/uploads\/2025\/06\/42609_1.webp","contentUrl":"https:\/\/ironsky.pl\/sklep\/wp-content\/uploads\/2025\/06\/42609_1.webp","width":800,"height":800},{"@type":"BreadcrumbList","@id":"https:\/\/ironsky.pl\/sklep\/produkt\/filament-creality-hyper-pla-bialy\/#breadcrumb","itemListElement":[{"@type":"ListItem","position":1,"name":"Strona g\u0142\u00f3wna","item":"https:\/\/ironsky.pl\/sklep\/"},{"@type":"ListItem","position":2,"name":"Wszystkie produkty","item":"https:\/\/ironsky.pl\/sklep\/produkty\/"},{"@type":"ListItem","position":3,"name":"Filament CREALITY Hyper PLA (bia\u0142y)"}]},{"@type":"WebSite","@id":"https:\/\/ironsky.pl\/sklep\/#website","url":"https:\/\/ironsky.pl\/sklep\/","name":"IRONSKY.PL Sklep z Dronami","description":"IRONSKY.PL Sklep z Dronami","potentialAction":[{"@type":"SearchAction","target":{"@type":"EntryPoint","urlTemplate":"https:\/\/ironsky.pl\/sklep\/?s={search_term_string}"},"query-input":{"@type":"PropertyValueSpecification","valueRequired":true,"valueName":"search_term_string"}}],"inLanguage":"pl-PL"}]}},"_links":{"self":[{"href":"https:\/\/ironsky.pl\/sklep\/wp-json\/wp\/v2\/product\/58458","targetHints":{"allow":["GET"]}}],"collection":[{"href":"https:\/\/ironsky.pl\/sklep\/wp-json\/wp\/v2\/product"}],"about":[{"href":"https:\/\/ironsky.pl\/sklep\/wp-json\/wp\/v2\/types\/product"}],"replies":[{"embeddable":true,"href":"https:\/\/ironsky.pl\/sklep\/wp-json\/wp\/v2\/comments?post=58458"}],"wp:featuredmedia":[{"embeddable":true,"href":"https:\/\/ironsky.pl\/sklep\/wp-json\/wp\/v2\/media\/44710"}],"wp:attachment":[{"href":"https:\/\/ironsky.pl\/sklep\/wp-json\/wp\/v2\/media?parent=58458"}],"wp:term":[{"taxonomy":"product_brand","embeddable":true,"href":"https:\/\/ironsky.pl\/sklep\/wp-json\/wp\/v2\/product_brand?post=58458"},{"taxonomy":"product_cat","embeddable":true,"href":"https:\/\/ironsky.pl\/sklep\/wp-json\/wp\/v2\/product_cat?post=58458"},{"taxonomy":"product_tag","embeddable":true,"href":"https:\/\/ironsky.pl\/sklep\/wp-json\/wp\/v2\/product_tag?post=58458"}],"curies":[{"name":"wp","href":"https:\/\/api.w.org\/{rel}","templated":true}]}}