{"id":58445,"date":"2026-04-15T10:35:58","date_gmt":"2026-04-15T08:35:58","guid":{"rendered":"https:\/\/ironsky.pl\/sklep\/produkt\/zestaw-filtrow-neewer-fl-p10-do-dji-osmo-pocket-3\/"},"modified":"2026-04-15T10:36:39","modified_gmt":"2026-04-15T08:36:39","slug":"zestaw-filtrow-neewer-fl-p10-do-dji-osmo-pocket-3","status":"publish","type":"product","link":"https:\/\/ironsky.pl\/sklep\/produkt\/zestaw-filtrow-neewer-fl-p10-do-dji-osmo-pocket-3\/","title":{"rendered":"Zestaw filtr\u00f3w NEEWER FL-P10 do DJI Osmo Pocket 3"},"content":{"rendered":"<h3>Zestaw filtr\u00f3w do DJI Osmo Pocket 3 Neewer FL-P10 (ND8~1000, LPR ,MIST1\/4, CPL, ND8\/PL~ND64\/PL)<\/h3>\n<p>Zestaw filtr\u00f3w magnetycznych, dedykowany DJI OSMO Pocket 3, oferuje natychmiastowe i pewne mocowanie magnetyczne, pozwalaj\u0105c na uchwycenie niesamowitych moment\u00f3w. Akcesoria wyr\u00f3\u017cniaj\u0105 si\u0119 wielokrotnie powlekanym szk\u0142em optycznym HD, zapewniaj\u0105c czyste obrazy dla kamer gimbalowych z optymalnymi czasami migawki, zminimalizowanym odblaskiem, \u017cywymi kolorami i zachwycaj\u0105cymi efektami w zr\u00f3\u017cnicowanych warunkach pogodowych i nocnych sceneriach.<\/p>\n<p>\n<img decoding=\"async\" src=\"https:\/\/assets.innpro.pl\/5992\/7026\/3.jpg\" border=\"0\" \/>\n<\/p>\n<h3>Odtw\u00f3rz \u017cywe kolory<\/h3>\n<p>Rozja\u015bnij swoje uj\u0119cia za pomoc\u0105 filtra polaroidowego (CPL), kt\u00f3ry pomaga zmniejszy\u0107 odblaski, mg\u0142\u0119 i nieprzyjemne refleksy z powierzchni takich jak woda, szk\u0142o i inne niemetaliczne przedmioty, poprawiaj\u0105c kolory i klarowno\u015b\u0107 lotniczych zdj\u0119\u0107.<\/p>\n<p>\n<img decoding=\"async\" src=\"https:\/\/assets.innpro.pl\/5992\/7026\/1.jpg\" border=\"0\" \/>\n<\/p>\n<h3>Wywa\u017cona ekspozycja<\/h3>\n<p>Filtry ND8, ND16, ND32, ND64, ND128, ND256 i ND1000 pozwalaj\u0105 na precyzyjn\u0105 kontrol\u0119 ekspozycji podczas dynamicznych aktywno\u015bci na \u015bwie\u017cym powietrzu, oferuj\u0105c opcje redukcji \u015bwiat\u0142a o odpowiednio 3, 4, 5, 6, 7, 8 i 10 stopni. Akcesoria skutecznie zapobiegaj\u0105 nadmiernemu na\u015bwietleniu i podnosz\u0105 jako\u015b\u0107 obrazu w r\u00f3\u017cnych warunkach o\u015bwietleniowych. Ponadto filtry ND\/PL zapobiegaj\u0105 nadmiernemu na\u015bwietleniu, minimalizuj\u0105 odblaski i refleksy z niemetalicznych powierzchni, takich jak woda i szk\u0142o.<\/p>\n<p>\n<img decoding=\"async\" src=\"https:\/\/assets.innpro.pl\/5992\/7026\/2.jpg\" border=\"0\" \/>\n<\/p>\n<h3>Marzycielski klimat filmowy i osza\u0142amiaj\u0105ce nocne uj\u0119cia<\/h3>\n<p>Czarny filtr dyfuzyjny 1\/4 z efektem marzycielskiego kina zmniejsza jasne punkty i odblaski, wprowadzaj\u0105c bardziej zamglony i mi\u0119kki wygl\u0105d \u2013 idealny do portret\u00f3w, film\u00f3w i vlog\u00f3w. Filtr LPR zmniejsza \u017c\u00f3\u0142to-zielony odcie\u0144 generowany przez \u015bwiat\u0142a miejskie, utrzymuj\u0105c w\u0142a\u015bciwe kontrasty i unikaj\u0105c nadmiernego na\u015bwietlenia, aby uchwyci\u0107 detale filmowanego obiektu. W efekcie wszystkie uwiecznione przez Ciebie uj\u0119cia b\u0119d\u0105 fenomenalne!<\/p>\n<p>\n<img decoding=\"async\" src=\"https:\/\/assets.innpro.pl\/5992\/7026\/5.jpg\" border=\"0\" \/>\n<\/p>\n<h3>Wytrzyma\u0142a konstrukcja<\/h3>\n<p>Dzi\u0119ki magnetycznej konstrukcji wymiana filtr\u00f3w odbywa si\u0119 sprawnie i bezproblemowo. Szk\u0142o, z kt\u00f3rego wykonano filtry, jest odporne na wod\u0119, olej i kurz. Dodatkowym atutem jest aluminiowa rama, kt\u00f3ra pomimo wytrzyma\u0142o\u015bci wa\u017cy zaledwie 1.62 g, a jej grubo\u015b\u0107 nie przekracza 2 mm.<\/p>\n<p>\n<img decoding=\"async\" src=\"https:\/\/assets.innpro.pl\/5992\/7026\/6.jpg\" border=\"0\" \/>\n<\/p>\n<h3>W zestawie:<\/h3>\n<ul class=\"list-disc pl-5\">\n<li>Filtr ND8<\/li>\n<li>Filtr ND16<\/li>\n<li>Filtr ND32<\/li>\n<li>Filtr ND64<\/li>\n<li>Filtr ND128<\/li>\n<li>Filtr ND256<\/li>\n<li>Filtr ND1000<\/li>\n<li>Filtr redukcji zanieczyszcze\u0144 \u015bwietlnych<\/li>\n<li>Filtr dyfuzyjny 1\/4<\/li>\n<li>Filtr CPL<\/li>\n<li>Filtr ND8\/PL<\/li>\n<li>Filtr ND16\/PL<\/li>\n<li>Filtr ND32\/PL<\/li>\n<li>Filtr ND64\/PL<\/li>\n<li>\u015aciereczka do czyszczenia<\/li>\n<li>Pokrowiec na filtry<\/li>\n<\/ul>\n<div class=\"table-wrapper\">\n<p>\u00a0<\/p>\n<h3><\/h3>\n<table>\n<tbody>\n<tr>\n<th>Producent<\/th>\n<td>Neewer <\/td>\n<\/tr>\n<tr>\n<th>Model<\/th>\n<td>FL-P10<\/td>\n<\/tr>\n<tr>\n<th>Kod producenta<\/th>\n<td>B0CRYLQKFD<\/td>\n<\/tr>\n<tr>\n<th>Kompatybilno\u015b\u0107<\/th>\n<td>DJI OSMO Pocket 3<\/td>\n<\/tr>\n<tr>\n<th>G\u0142\u00f3wny materia\u0142<\/th>\n<td>Aluminium<\/td>\n<\/tr>\n<\/tbody>\n<\/table>\n<\/div>\n","protected":false},"excerpt":{"rendered":"<p>Zestaw filtr\u00f3w do DJI Osmo Pocket 3 Neewer FL-P10 (ND8~1000, LPR ,MIST1\/4, CPL, ND8\/PL~ND64\/PL) Zestaw filtr\u00f3w magnetycznych, dedykowany DJI OSMO<\/p>\n","protected":false},"featured_media":58446,"comment_status":"closed","ping_status":"open","template":"","meta":{"_acf_changed":false},"product_brand":[],"product_cat":[6224,6211,1128],"product_tag":[],"class_list":{"0":"post-58445","1":"product","2":"type-product","3":"status-publish","4":"has-post-thumbnail","6":"product_cat-do-kamer-sportowych-filtry","7":"product_cat-filtry","8":"product_cat-foto-wideo","9":"pa_okres-gwarancji-5754","10":"pa_producent-neewer","12":"first","13":"outofstock","14":"taxable","15":"shipping-taxable","16":"purchasable","17":"product-type-simple"},"acf":[],"yoast_head":"<!-- This site is optimized with the Yoast SEO plugin v27.2 - https:\/\/yoast.com\/product\/yoast-seo-wordpress\/ -->\n<title>Zestaw filtr\u00f3w NEEWER FL-P10 do DJI Osmo Pocket 3 - IRONSKY.PL Sklep z Dronami<\/title>\n<meta name=\"description\" content=\"Zestaw filtr\u00f3w NEEWER FL-P10 do DJI Osmo Pocket 3 - \u2705 sklep z dronami i fachowym doradztwem. \u2705 Tutaj kupisz produkty DJI, Yuneec, Parrot, Syma i wiele innych, a tak\u017ce kursy i licencje na operatora drona.\" \/>\n<meta name=\"robots\" content=\"index, follow, max-snippet:-1, max-image-preview:large, max-video-preview:-1\" \/>\n<link rel=\"canonical\" href=\"https:\/\/ironsky.pl\/sklep\/produkt\/zestaw-filtrow-neewer-fl-p10-do-dji-osmo-pocket-3\/\" \/>\n<meta property=\"og:locale\" content=\"pl_PL\" \/>\n<meta property=\"og:type\" content=\"article\" \/>\n<meta property=\"og:title\" content=\"Zestaw filtr\u00f3w NEEWER FL-P10 do DJI Osmo Pocket 3 - IRONSKY.PL Sklep z Dronami\" \/>\n<meta property=\"og:description\" content=\"Zestaw filtr\u00f3w NEEWER FL-P10 do DJI Osmo Pocket 3 - \u2705 sklep z dronami i fachowym doradztwem. \u2705 Tutaj kupisz produkty DJI, Yuneec, Parrot, Syma i wiele innych, a tak\u017ce kursy i licencje na operatora drona.\" \/>\n<meta property=\"og:url\" content=\"https:\/\/ironsky.pl\/sklep\/produkt\/zestaw-filtrow-neewer-fl-p10-do-dji-osmo-pocket-3\/\" \/>\n<meta property=\"og:site_name\" content=\"IRONSKY.PL Sklep z Dronami\" \/>\n<meta property=\"article:modified_time\" content=\"2026-04-15T08:36:39+00:00\" \/>\n<meta property=\"og:image\" content=\"https:\/\/ironsky.pl\/sklep\/wp-content\/uploads\/2026\/04\/42429_1.webp\" \/>\n\t<meta property=\"og:image:width\" content=\"800\" \/>\n\t<meta property=\"og:image:height\" content=\"800\" \/>\n\t<meta property=\"og:image:type\" content=\"image\/webp\" \/>\n<meta name=\"twitter:card\" content=\"summary_large_image\" \/>\n<meta name=\"twitter:label1\" content=\"Szacowany czas czytania\" \/>\n\t<meta name=\"twitter:data1\" content=\"2 minuty\" \/>\n<script type=\"application\/ld+json\" class=\"yoast-schema-graph\">{\"@context\":\"https:\/\/schema.org\",\"@graph\":[{\"@type\":\"WebPage\",\"@id\":\"https:\/\/ironsky.pl\/sklep\/produkt\/zestaw-filtrow-neewer-fl-p10-do-dji-osmo-pocket-3\/\",\"url\":\"https:\/\/ironsky.pl\/sklep\/produkt\/zestaw-filtrow-neewer-fl-p10-do-dji-osmo-pocket-3\/\",\"name\":\"Zestaw filtr\u00f3w NEEWER FL-P10 do DJI Osmo Pocket 3 - IRONSKY.PL Sklep z Dronami\",\"isPartOf\":{\"@id\":\"https:\/\/ironsky.pl\/sklep\/#website\"},\"primaryImageOfPage\":{\"@id\":\"https:\/\/ironsky.pl\/sklep\/produkt\/zestaw-filtrow-neewer-fl-p10-do-dji-osmo-pocket-3\/#primaryimage\"},\"image\":{\"@id\":\"https:\/\/ironsky.pl\/sklep\/produkt\/zestaw-filtrow-neewer-fl-p10-do-dji-osmo-pocket-3\/#primaryimage\"},\"thumbnailUrl\":\"https:\/\/ironsky.pl\/sklep\/wp-content\/uploads\/2026\/04\/42429_1.webp\",\"datePublished\":\"2026-04-15T08:35:58+00:00\",\"dateModified\":\"2026-04-15T08:36:39+00:00\",\"description\":\"Zestaw filtr\u00f3w NEEWER FL-P10 do DJI Osmo Pocket 3 - \u2705 sklep z dronami i fachowym doradztwem. \u2705 Tutaj kupisz produkty DJI, Yuneec, Parrot, Syma i wiele innych, a tak\u017ce kursy i licencje na operatora drona.\",\"breadcrumb\":{\"@id\":\"https:\/\/ironsky.pl\/sklep\/produkt\/zestaw-filtrow-neewer-fl-p10-do-dji-osmo-pocket-3\/#breadcrumb\"},\"inLanguage\":\"pl-PL\",\"potentialAction\":[{\"@type\":\"ReadAction\",\"target\":[\"https:\/\/ironsky.pl\/sklep\/produkt\/zestaw-filtrow-neewer-fl-p10-do-dji-osmo-pocket-3\/\"]}]},{\"@type\":\"ImageObject\",\"inLanguage\":\"pl-PL\",\"@id\":\"https:\/\/ironsky.pl\/sklep\/produkt\/zestaw-filtrow-neewer-fl-p10-do-dji-osmo-pocket-3\/#primaryimage\",\"url\":\"https:\/\/ironsky.pl\/sklep\/wp-content\/uploads\/2026\/04\/42429_1.webp\",\"contentUrl\":\"https:\/\/ironsky.pl\/sklep\/wp-content\/uploads\/2026\/04\/42429_1.webp\",\"width\":800,\"height\":800},{\"@type\":\"BreadcrumbList\",\"@id\":\"https:\/\/ironsky.pl\/sklep\/produkt\/zestaw-filtrow-neewer-fl-p10-do-dji-osmo-pocket-3\/#breadcrumb\",\"itemListElement\":[{\"@type\":\"ListItem\",\"position\":1,\"name\":\"Strona g\u0142\u00f3wna\",\"item\":\"https:\/\/ironsky.pl\/sklep\/\"},{\"@type\":\"ListItem\",\"position\":2,\"name\":\"Wszystkie produkty\",\"item\":\"https:\/\/ironsky.pl\/sklep\/produkty\/\"},{\"@type\":\"ListItem\",\"position\":3,\"name\":\"Zestaw filtr\u00f3w NEEWER FL-P10 do DJI Osmo Pocket 3\"}]},{\"@type\":\"WebSite\",\"@id\":\"https:\/\/ironsky.pl\/sklep\/#website\",\"url\":\"https:\/\/ironsky.pl\/sklep\/\",\"name\":\"IRONSKY.PL Sklep z Dronami\",\"description\":\"IRONSKY.PL Sklep z Dronami\",\"potentialAction\":[{\"@type\":\"SearchAction\",\"target\":{\"@type\":\"EntryPoint\",\"urlTemplate\":\"https:\/\/ironsky.pl\/sklep\/?s={search_term_string}\"},\"query-input\":{\"@type\":\"PropertyValueSpecification\",\"valueRequired\":true,\"valueName\":\"search_term_string\"}}],\"inLanguage\":\"pl-PL\"}]}<\/script>\n<!-- \/ Yoast SEO plugin. -->","yoast_head_json":{"title":"Zestaw filtr\u00f3w NEEWER FL-P10 do DJI Osmo Pocket 3 - IRONSKY.PL Sklep z Dronami","description":"Zestaw filtr\u00f3w NEEWER FL-P10 do DJI Osmo Pocket 3 - \u2705 sklep z dronami i fachowym doradztwem. \u2705 Tutaj kupisz produkty DJI, Yuneec, Parrot, Syma i wiele innych, a tak\u017ce kursy i licencje na operatora drona.","robots":{"index":"index","follow":"follow","max-snippet":"max-snippet:-1","max-image-preview":"max-image-preview:large","max-video-preview":"max-video-preview:-1"},"canonical":"https:\/\/ironsky.pl\/sklep\/produkt\/zestaw-filtrow-neewer-fl-p10-do-dji-osmo-pocket-3\/","og_locale":"pl_PL","og_type":"article","og_title":"Zestaw filtr\u00f3w NEEWER FL-P10 do DJI Osmo Pocket 3 - IRONSKY.PL Sklep z Dronami","og_description":"Zestaw filtr\u00f3w NEEWER FL-P10 do DJI Osmo Pocket 3 - \u2705 sklep z dronami i fachowym doradztwem. \u2705 Tutaj kupisz produkty DJI, Yuneec, Parrot, Syma i wiele innych, a tak\u017ce kursy i licencje na operatora drona.","og_url":"https:\/\/ironsky.pl\/sklep\/produkt\/zestaw-filtrow-neewer-fl-p10-do-dji-osmo-pocket-3\/","og_site_name":"IRONSKY.PL Sklep z Dronami","article_modified_time":"2026-04-15T08:36:39+00:00","og_image":[{"width":800,"height":800,"url":"https:\/\/ironsky.pl\/sklep\/wp-content\/uploads\/2026\/04\/42429_1.webp","type":"image\/webp"}],"twitter_card":"summary_large_image","twitter_misc":{"Szacowany czas czytania":"2 minuty"},"schema":{"@context":"https:\/\/schema.org","@graph":[{"@type":"WebPage","@id":"https:\/\/ironsky.pl\/sklep\/produkt\/zestaw-filtrow-neewer-fl-p10-do-dji-osmo-pocket-3\/","url":"https:\/\/ironsky.pl\/sklep\/produkt\/zestaw-filtrow-neewer-fl-p10-do-dji-osmo-pocket-3\/","name":"Zestaw filtr\u00f3w NEEWER FL-P10 do DJI Osmo Pocket 3 - IRONSKY.PL Sklep z Dronami","isPartOf":{"@id":"https:\/\/ironsky.pl\/sklep\/#website"},"primaryImageOfPage":{"@id":"https:\/\/ironsky.pl\/sklep\/produkt\/zestaw-filtrow-neewer-fl-p10-do-dji-osmo-pocket-3\/#primaryimage"},"image":{"@id":"https:\/\/ironsky.pl\/sklep\/produkt\/zestaw-filtrow-neewer-fl-p10-do-dji-osmo-pocket-3\/#primaryimage"},"thumbnailUrl":"https:\/\/ironsky.pl\/sklep\/wp-content\/uploads\/2026\/04\/42429_1.webp","datePublished":"2026-04-15T08:35:58+00:00","dateModified":"2026-04-15T08:36:39+00:00","description":"Zestaw filtr\u00f3w NEEWER FL-P10 do DJI Osmo Pocket 3 - \u2705 sklep z dronami i fachowym doradztwem. \u2705 Tutaj kupisz produkty DJI, Yuneec, Parrot, Syma i wiele innych, a tak\u017ce kursy i licencje na operatora drona.","breadcrumb":{"@id":"https:\/\/ironsky.pl\/sklep\/produkt\/zestaw-filtrow-neewer-fl-p10-do-dji-osmo-pocket-3\/#breadcrumb"},"inLanguage":"pl-PL","potentialAction":[{"@type":"ReadAction","target":["https:\/\/ironsky.pl\/sklep\/produkt\/zestaw-filtrow-neewer-fl-p10-do-dji-osmo-pocket-3\/"]}]},{"@type":"ImageObject","inLanguage":"pl-PL","@id":"https:\/\/ironsky.pl\/sklep\/produkt\/zestaw-filtrow-neewer-fl-p10-do-dji-osmo-pocket-3\/#primaryimage","url":"https:\/\/ironsky.pl\/sklep\/wp-content\/uploads\/2026\/04\/42429_1.webp","contentUrl":"https:\/\/ironsky.pl\/sklep\/wp-content\/uploads\/2026\/04\/42429_1.webp","width":800,"height":800},{"@type":"BreadcrumbList","@id":"https:\/\/ironsky.pl\/sklep\/produkt\/zestaw-filtrow-neewer-fl-p10-do-dji-osmo-pocket-3\/#breadcrumb","itemListElement":[{"@type":"ListItem","position":1,"name":"Strona g\u0142\u00f3wna","item":"https:\/\/ironsky.pl\/sklep\/"},{"@type":"ListItem","position":2,"name":"Wszystkie produkty","item":"https:\/\/ironsky.pl\/sklep\/produkty\/"},{"@type":"ListItem","position":3,"name":"Zestaw filtr\u00f3w NEEWER FL-P10 do DJI Osmo Pocket 3"}]},{"@type":"WebSite","@id":"https:\/\/ironsky.pl\/sklep\/#website","url":"https:\/\/ironsky.pl\/sklep\/","name":"IRONSKY.PL Sklep z Dronami","description":"IRONSKY.PL Sklep z Dronami","potentialAction":[{"@type":"SearchAction","target":{"@type":"EntryPoint","urlTemplate":"https:\/\/ironsky.pl\/sklep\/?s={search_term_string}"},"query-input":{"@type":"PropertyValueSpecification","valueRequired":true,"valueName":"search_term_string"}}],"inLanguage":"pl-PL"}]}},"_links":{"self":[{"href":"https:\/\/ironsky.pl\/sklep\/wp-json\/wp\/v2\/product\/58445","targetHints":{"allow":["GET"]}}],"collection":[{"href":"https:\/\/ironsky.pl\/sklep\/wp-json\/wp\/v2\/product"}],"about":[{"href":"https:\/\/ironsky.pl\/sklep\/wp-json\/wp\/v2\/types\/product"}],"replies":[{"embeddable":true,"href":"https:\/\/ironsky.pl\/sklep\/wp-json\/wp\/v2\/comments?post=58445"}],"wp:featuredmedia":[{"embeddable":true,"href":"https:\/\/ironsky.pl\/sklep\/wp-json\/wp\/v2\/media\/58446"}],"wp:attachment":[{"href":"https:\/\/ironsky.pl\/sklep\/wp-json\/wp\/v2\/media?parent=58445"}],"wp:term":[{"taxonomy":"product_brand","embeddable":true,"href":"https:\/\/ironsky.pl\/sklep\/wp-json\/wp\/v2\/product_brand?post=58445"},{"taxonomy":"product_cat","embeddable":true,"href":"https:\/\/ironsky.pl\/sklep\/wp-json\/wp\/v2\/product_cat?post=58445"},{"taxonomy":"product_tag","embeddable":true,"href":"https:\/\/ironsky.pl\/sklep\/wp-json\/wp\/v2\/product_tag?post=58445"}],"curies":[{"name":"wp","href":"https:\/\/api.w.org\/{rel}","templated":true}]}}