{"id":58399,"date":"2026-04-15T10:35:58","date_gmt":"2026-04-15T08:35:58","guid":{"rendered":"https:\/\/ironsky.pl\/sklep\/produkt\/stacja-zasilania-dji-power-1000-1024wh\/"},"modified":"2026-04-15T10:36:18","modified_gmt":"2026-04-15T08:36:18","slug":"stacja-zasilania-dji-power-1000-1024wh","status":"publish","type":"product","link":"https:\/\/ironsky.pl\/sklep\/produkt\/stacja-zasilania-dji-power-1000-1024wh\/","title":{"rendered":"Stacja zasilania DJI Power 1000 1024Wh"},"content":{"rendered":"<h3>DJI Power 1000 \u2014 Twoje \u017ar\u00f3d\u0142o energii<\/h3>\n<p>DJI Power 1000 to rewolucja w \u015bwiecie przeno\u015bnego zasilania, \u0142\u0105cz\u0105ca w sobie zaawansowan\u0105 technologi\u0119, wyj\u0105tkow\u0105 moc oraz niezawodno\u015b\u0107, jakiej oczekujesz od lidera rynku dron\u00f3w. Z moc\u0105 wyj\u015bciow\u0105 AC do 2200 W, DJI Power 1000 obs\u0142u\u017cy ponad 99% powszechnie u\u017cywanych urz\u0105dze\u0144 domowych, a tak\u017ce szybko na\u0142aduje akumulatory do dron\u00f3w DJI, gwarantuj\u0105c Ci nieprzerwane tworzenie tre\u015bci. Imponuj\u0105ca pojemno\u015b\u0107 1024Wh oraz mo\u017cliwo\u015b\u0107 \u0142adowania solarnego czyni\u0105 j\u0105 idealnym rozwi\u0105zaniem dla ka\u017cdego, kto szuka niezawodnego \u017ar\u00f3d\u0142a energii w domu, podczas podr\u00f3\u017cy czy w terenie.<\/p>\n<p>\n<img decoding=\"async\" src=\"https:\/\/assets.innpro.pl\/5365\/6284\/1.jpg\" border=\"0\" \/>\n<\/p>\n<h3>Moc, kt\u00f3ra Ci\u0119 nie zawiedzie<\/h3>\n<p>Brak dost\u0119pu do energii elektrycznej nie b\u0119dzie ju\u017c problemem! DJI Power 1000 oferuje imponuj\u0105c\u0105 moc wyj\u015bciow\u0105 do 2200 W, dzi\u0119ki czemu bez problemu poradzi sobie z zasilaniem wi\u0119kszo\u015bci urz\u0105dze\u0144 domowych \u2014 od lod\u00f3wki po elektronarz\u0119dzia. Jest to idealne rozwi\u0105zanie nie tylko do u\u017cytku domowego, ale tak\u017ce na kempingu, w warsztacie czy podczas sesji fotograficznej w terenie. Wsparcie dla szybkiego \u0142adowania dron\u00f3w DJI pozwala na powr\u00f3t do lotu w zaledwie 30 minut, co sprawia, \u017ce jeste\u015b got\u00f3w do pracy w b\u0142yskawicznym czasie, nawet w najmniej spodziewanych sytuacjach.<\/p>\n<p>\n<img decoding=\"async\" src=\"https:\/\/assets.innpro.pl\/5365\/6284\/3.jpg\" border=\"0\" \/>\n<\/p>\n<h3>Nieograniczona energia, gdziekolwiek jeste\u015b<\/h3>\n<p>Dzi\u0119ki pojemno\u015bci 1024 Wh DJI Power 1000 zapewnia energi\u0119 na d\u0142ugo. Wykorzystuj\u0105c 2 porty USB-C, mo\u017cesz na\u0142adowa\u0107 telefon kom\u00f3rkowy a\u017c do 57 razy, drona do 12 razy czy nawet utrzyma\u0107 dzia\u0142anie lod\u00f3wki przez prawie 2 dni. To sprawia, \u017ce jest niezast\u0105piona w ka\u017cdej sytuacji \u2014 niespodziewane awarie czy kilkudniowe wyprawy \u2014 z DJI Power 1000 nie musisz obawia\u0107 si\u0119, \u017ce zabraknie Ci energii!<\/p>\n<p>\n<img decoding=\"async\" src=\"https:\/\/assets.innpro.pl\/5365\/6284\/5.jpg\" border=\"0\" \/>\n<\/p>\n<h3>Nieprzerwana ci\u0105g\u0142o\u015b\u0107 zasilania w trybie UPS<\/h3>\n<p>Awaria pr\u0105du Ci\u0119 ju\u017c nie zaskoczy! DJI Power 1000 wyr\u00f3\u017cnia si\u0119 funkcj\u0105 UPS (Uninterruptible Power Supply), gwarantuj\u0105c\u0105 ci\u0105g\u0142o\u015b\u0107 dzia\u0142ania pod\u0142\u0105czonych urz\u0105dze\u0144 w przypadku nag\u0142ej utraty zasilania. Gdy urz\u0105dzenie elektryczne jest pod\u0142\u0105czone do w\u0142\u0105czonej stacji zasilania DJI Power 1000 poprzez port wyj\u015bciowy AC i oba s\u0105 zasilane z sieci, stacja automatycznie przechodzi w tryb UPS. To oznacza, \u017ce w momencie przerwy w dostawie pr\u0105du, DJI Power 1000 mo\u017ce rozpocz\u0105\u0107 zasilanie pod\u0142\u0105czonego urz\u0105dzenia (lub urz\u0105dze\u0144) w ci\u0105gu zaledwie 0,02 sekundy. Dzi\u0119ki temu mo\u017cesz by\u0107 spokojny o ci\u0105g\u0142o\u015b\u0107 pracy wa\u017cnych urz\u0105dze\u0144, takich jak komputery, systemy bezpiecze\u0144stwa czy sprz\u0119t medyczny, co jest nieocenione w awaryjnych sytuacjach.<\/p>\n<p>\n<img decoding=\"async\" src=\"https:\/\/assets.innpro.pl\/5365\/6284\/4.jpg\" border=\"0\" \/>\n<\/p>\n<h3>Szybkie \u0142adowanie z podw\u00f3jn\u0105 moc\u0105 USB-C<\/h3>\n<p>DJI Power 1000 ustanawia nowe standardy szybkiego \u0142adowania z podw\u00f3jnym portem USB-C \u2014 ka\u017cdym o mocy do 140W, oferuj\u0105c \u0142\u0105czn\u0105 moc wyj\u015bciow\u0105 do 280W Ta cecha sprawia, \u017ce DJI Power 1000 \u0142atwo sprosta wymaganiom wi\u0119kszo\u015bci urz\u0105dze\u0144 z portem USB-C, wspieraj\u0105c \u0142adowanie zgodne z protoko\u0142em PD 3.1 do 140 W. Dzi\u0119ki temu szybko na\u0142adujesz swojego 16-calowego MacBooka Pro, a tak\u017ce inne urz\u0105dzenia wymagaj\u0105ce du\u017cej mocy \u0142adowania. Dodatkowo DJI Power 1000 zapewnia szybkie i efektywne \u0142adowanie akumulator\u00f3w do dron\u00f3w DJI, umo\u017cliwiaj\u0105c ich na\u0142adowanie od 10% do 95% w zaledwie 32 minuty, co pozwala na szybki powr\u00f3t do pracy z dronami serii Mavic 3, DJI Air 3, oraz Inspire 3, nieprzerwanie kontynuuj\u0105c tworzenie tre\u015bci.<\/p>\n<p>\n<img decoding=\"async\" src=\"https:\/\/assets.innpro.pl\/5365\/6284\/6.jpg\" border=\"0\" \/>\n<\/p>\n<h3>\u0141adowanie na trzy sposoby<\/h3>\n<p>Elastyczno\u015b\u0107 w \u0142adowaniu to kolejny atut DJI Power 1000. Mo\u017cesz j\u0105 na\u0142adowa\u0107 za pomoc\u0105 pr\u0105du sieciowego, paneli s\u0142onecznych czy nawet w samochodzie, co sprawia, \u017ce niezale\u017cnie od tego, gdzie si\u0119 znajdujesz, szybko przygotujesz j\u0105 do dzia\u0142ania. Wystarczy 50 minut, aby uzupe\u0142ni\u0107 jej energi\u0119 do poziomu 80%, natomiast pe\u0142ne \u0142adowanie tej pot\u0119\u017cnej stacji zajmuje jedynie oko\u0142o 70 minut!<\/p>\n<p>\n<img decoding=\"async\" src=\"https:\/\/assets.innpro.pl\/5365\/6284\/2.jpg\" border=\"0\" \/>\n<\/p>\n<h3>Inteligentne zabezpieczenia<\/h3>\n<p>Bezpiecze\u0144stwo u\u017cytkowania DJI Power 1000 stoi na najwy\u017cszym miejscu, a wszystko za spraw\u0105 zintegrowanego systemowi zarz\u0105dzania bateri\u0105 (BMS) oraz wykorzystaniu bezpiecznych kom\u00f3rek LFP, kt\u00f3re gwarantuj\u0105 d\u0142ug\u0105 \u017cywotno\u015b\u0107 do 3000 cykli \u0142adowania. Urz\u0105dzenie jest wyposa\u017cone w 11 czujnik\u00f3w temperatury, kt\u00f3re na bie\u017c\u0105co monitoruj\u0105 stan termiczny, zapewniaj\u0105c bezpieczn\u0105 prac\u0119 nawet w temperaturach dochodz\u0105cych do 40\u00b0C. Dzi\u0119ki zastosowaniu 10 bezpiecznik\u00f3w zapewniaj\u0105cych ochron\u0119 obwod\u00f3w dla ka\u017cdego modu\u0142u DJI Power 1000 reaguje natychmiast w przypadku wykrycia anomalii, co jeszcze bardziej zwi\u0119ksza poziom bezpiecze\u0144stwa podczas eksploatacji.<\/p>\n<p>\n<img decoding=\"async\" src=\"https:\/\/assets.innpro.pl\/5365\/6284\/7.jpg\" border=\"0\" \/>\n<\/p>\n<h3>Komfort cichej pracy<\/h3>\n<p>Jedn\u0105 z kluczowych zalet DJI Power 1000 jest jej ultracicha praca, z poziomem ha\u0142asu na poziomie zaledwie 23 dB podczas \u0142adowania. To mniej ni\u017c wi\u0119kszo\u015b\u0107 lod\u00f3wek domowych! To czyni j\u0105 idealnym rozwi\u0105zaniem nie tylko do u\u017cytku zewn\u0119trznego, ale r\u00f3wnie\u017c w domowych warunkach, gdzie cicha praca urz\u0105dze\u0144 ma kluczowe znaczenie. Dzi\u0119ki temu DJI Power 1000 doskonale wpisuje si\u0119 w potrzeby u\u017cytkownik\u00f3w, kt\u00f3rzy ceni\u0105 sobie spok\u00f3j i komfort.<\/p>\n<p>\n<img decoding=\"async\" src=\"https:\/\/assets.innpro.pl\/5365\/6284\/9.jpg\" border=\"0\" \/>\n<\/p>\n<h3>Rozwi\u0105zanie na miar\u0119 przysz\u0142o\u015bci<\/h3>\n<p>Z DJI Power 1000 przygotujesz si\u0119 na przysz\u0142o\u015b\u0107, czerpi\u0105c korzy\u015bci z zielonej energii. Dzi\u0119ki mo\u017cliwo\u015bci \u0142adowania solarnego mo\u017cesz cieszy\u0107 si\u0119 nieograniczonym dost\u0119pem do zasilania, korzystaj\u0105c z darmowych zasob\u00f3w z promieni s\u0142onecznych. To nie tylko ekologiczne, ale tak\u017ce ekonomiczne rozwi\u0105zanie dla ka\u017cdego, kto szuka niezawodnego \u017ar\u00f3d\u0142a energii.<\/p>\n<p>\n<img decoding=\"async\" src=\"https:\/\/assets.innpro.pl\/5365\/6284\/10.jpg\" border=\"0\" \/>\n<\/p>\n<h3>W zestawie<\/h3>\n<p>Stacja zasilania DJI Power 1000<\/p>\n<p>Akcesoria<\/p>\n<div class=\"table-wrapper\">\n<p>\u00a0<\/p>\n<h3>Og\u00f3lne<\/h3>\n<table>\n<tbody>\n<tr>\n<th>Model <\/th>\n<td>DYM1000H<\/td>\n<\/tr>\n<tr>\n<th>Pojemno\u015b\u0107 <\/th>\n<td>1024 Wh<\/td>\n<\/tr>\n<tr>\n<th>Waga netto <\/th>\n<td>Oko\u0142o 13 kg<\/td>\n<\/tr>\n<tr>\n<th>Wymiary <\/th>\n<td>448\u00d7225\u00d7230 mm (d\u0142.\u00d7szer.\u00d7wys.)<\/td>\n<\/tr>\n<tr>\n<th>Liczba port\u00f3w <\/th>\n<td>Wyj\u015bcie AC \u00d7 2  USB-C \u00d7 2  USB-A \u00d7 2  SDC \u00d7 1 SDC Lite \u00d7 1  AC Input \u00d7 1<\/td>\n<\/tr>\n<tr>\n<th>Maksymalna wysoko\u015b\u0107 robocza<\/th>\n<td>3000 m<\/td>\n<\/tr>\n<tr>\n<th><\/th>\n<td><\/td>\n<\/tr>\n<\/tbody>\n<\/table>\n<p>\u00a0<\/p>\n<h3>Wyj\u015bcie<\/h3>\n<table>\n<tbody>\n<tr>\n<th>Wyj\u015bcie AC  <\/th>\n<td>AC 220-240 V, 50\/60 Hz, maks. moc ci\u0105g\u0142a: 2200 W Maksymalna ci\u0105g\u0142a moc wyj\u015bciowa jest dost\u0119pna, gdy poziom na\u0142adowania akumulatora produktu przekracza 20%. Dane wyj\u015bciowe AC r\u00f3\u017cni\u0105 si\u0119 w zale\u017cno\u015bci od kraju i regionu.  Bior\u0105c pod uwag\u0119, \u017ce napi\u0119cie w Japonii wynosi 100 V, maksymalna ci\u0105g\u0142a moc wyj\u015bciowa japo\u0144skiej wersji wynosi 2000 W.<\/td>\n<\/tr>\n<tr>\n<th>Wyj\u015bcie AC (tryb obej\u015bcia) <\/th>\n<td>AC 220-240 V, 10 A, 2200 W<\/td>\n<\/tr>\n<tr>\n<th>Wyj\u015bcie USB-A <\/th>\n<td>5 V, 3 A 9 V, 2 A 12 V, 2 A  Maksymalna moc wyj\u015bciowa na kana\u0142: 24 W<\/td>\n<\/tr>\n<tr>\n<th>Wyj\u015bcie USB-C <\/th>\n<td>5 V, 5 A  9 V, 5 A  12 V, 5 A 15 V, 5 A 20 V, 5 A 28 V, 5 A (EPR) Maksymalna moc wyj\u015bciowa na kana\u0142: 140 W*  * Port USB-C obs\u0142uguje maksymaln\u0105 moc wyj\u015bciow\u0105 140 W. \u0141adowane urz\u0105dzenie musi obs\u0142ugiwa\u0107 protok\u00f3\u0142 PD 3.1 i korzysta\u0107 z kabla USB spe\u0142niaj\u0105cego specyfikacje EPR.<\/td>\n<\/tr>\n<tr>\n<th>Wyj\u015bcie SDC i SDC Lite <\/th>\n<td>SDC: 9-27 V, maks. pr\u0105d: 10 A, maks. moc wyj\u015bciowa: 240 W SDC Lite: 9-27 V, maks. pr\u0105d: 10 A, maks. moc wyj\u015bciowa: 240 W Oba porty SDC i SDC Lite obs\u0142uguj\u0105 rozbudowane akcesoria;<\/td>\n<\/tr>\n<\/tbody>\n<\/table>\n<p>\u00a0<\/p>\n<h3>Wej\u015bcie<\/h3>\n<table>\n<tbody>\n<tr>\n<th>Wej\u015bcie AC <\/th>\n<td>AC 220-240 V, 1200 W (\u0142adowanie), 2200 W (tryb Bypass)<\/td>\n<\/tr>\n<tr>\n<th>Wej\u015bcie SDC i SDC Lite <\/th>\n<td>SDC: DC 32-58,4 V, maks. 400 W, 8 A SDC Lite: 32-58,4 V DC, maks. 400 W, 8 A Oba porty SDC i SDC Lite obs\u0142uguj\u0105 rozbudowane akcesoria;<\/td>\n<\/tr>\n<\/tbody>\n<\/table>\n<p>\u00a0<\/p>\n<h3>Akumulator<\/h3>\n<table>\n<tbody>\n<tr>\n<th>Rodzaj  <\/th>\n<td>LFP (\u017celazofosforan litu)<\/td>\n<\/tr>\n<tr>\n<th>Cykl \u017cycia <\/th>\n<td>Utrzymuje ponad 80% pojemno\u015bci po 3000 cykli.  Zmierzone w temperaturze pokojowej 25\u2103\/77\u00b0F, podczas \u0142adowania w standardowym trybie \u0142adowania 600 W i przy mocy wyj\u015bciowej 1000 W.<\/td>\n<\/tr>\n<\/tbody>\n<\/table>\n<p>\u00a0<\/p>\n<h3>Temperatura pracy<\/h3>\n<table>\n<tbody>\n<tr>\n<th>Temperatura zasilania <\/th>\n<td>-10\u00b0 do 45\u00b0 C (14\u00b0 do 113\u00b0 F)<\/td>\n<\/tr>\n<tr>\n<th>Temperatura \u0142adowania <\/th>\n<td>0\u00b0 do 45\u00b0 C (32\u00b0 do 113\u00b0 F)<\/td>\n<\/tr>\n<tr>\n<th>Temperatura przechowywania <\/th>\n<td>-10\u00b0 do 45\u00b0 C (14\u00b0 do 113\u00b0 F)<\/td>\n<\/tr>\n<\/tbody>\n<\/table>\n<\/div>\n","protected":false},"excerpt":{"rendered":"<p>DJI Power 1000 \u2014 Twoje \u017ar\u00f3d\u0142o energii DJI Power 1000 to rewolucja w \u015bwiecie przeno\u015bnego zasilania, \u0142\u0105cz\u0105ca w sobie zaawansowan\u0105<\/p>\n","protected":false},"featured_media":58400,"comment_status":"closed","ping_status":"open","template":"","meta":{"_acf_changed":false},"product_brand":[],"product_cat":[1108,6199,1111],"product_tag":[],"class_list":{"0":"post-58399","1":"product","2":"type-product","3":"status-publish","4":"has-post-thumbnail","6":"product_cat-energia","7":"product_cat-stacje-zasilania-stacje-zasilania","8":"product_cat-stacje-zasilania","9":"pa_okres-gwarancji-5754","10":"pa_producent-dji","12":"first","13":"outofstock","14":"taxable","15":"shipping-taxable","16":"purchasable","17":"product-type-simple"},"acf":[],"yoast_head":"<!-- This site is optimized with the Yoast SEO plugin v27.2 - https:\/\/yoast.com\/product\/yoast-seo-wordpress\/ -->\n<title>Stacja zasilania DJI Power 1000 1024Wh - IRONSKY.PL Sklep z Dronami<\/title>\n<meta name=\"description\" content=\"Stacja zasilania DJI Power 1000 1024Wh - \u2705 sklep z dronami i fachowym doradztwem. \u2705 Tutaj kupisz produkty DJI, Yuneec, Parrot, Syma i wiele innych, a tak\u017ce kursy i licencje na operatora drona.\" \/>\n<meta name=\"robots\" content=\"index, follow, max-snippet:-1, max-image-preview:large, max-video-preview:-1\" \/>\n<link rel=\"canonical\" href=\"https:\/\/ironsky.pl\/sklep\/produkt\/stacja-zasilania-dji-power-1000-1024wh\/\" \/>\n<meta property=\"og:locale\" content=\"pl_PL\" \/>\n<meta property=\"og:type\" content=\"article\" \/>\n<meta property=\"og:title\" content=\"Stacja zasilania DJI Power 1000 1024Wh - IRONSKY.PL Sklep z Dronami\" \/>\n<meta property=\"og:description\" content=\"Stacja zasilania DJI Power 1000 1024Wh - \u2705 sklep z dronami i fachowym doradztwem. \u2705 Tutaj kupisz produkty DJI, Yuneec, Parrot, Syma i wiele innych, a tak\u017ce kursy i licencje na operatora drona.\" \/>\n<meta property=\"og:url\" content=\"https:\/\/ironsky.pl\/sklep\/produkt\/stacja-zasilania-dji-power-1000-1024wh\/\" \/>\n<meta property=\"og:site_name\" content=\"IRONSKY.PL Sklep z Dronami\" \/>\n<meta property=\"article:modified_time\" content=\"2026-04-15T08:36:18+00:00\" \/>\n<meta property=\"og:image\" content=\"https:\/\/ironsky.pl\/sklep\/wp-content\/uploads\/2026\/04\/42380_6.jpg\" \/>\n\t<meta property=\"og:image:width\" content=\"800\" \/>\n\t<meta property=\"og:image:height\" content=\"800\" \/>\n\t<meta property=\"og:image:type\" content=\"image\/jpeg\" \/>\n<meta name=\"twitter:card\" content=\"summary_large_image\" \/>\n<meta name=\"twitter:label1\" content=\"Szacowany czas czytania\" \/>\n\t<meta name=\"twitter:data1\" content=\"6 minut\" \/>\n<script type=\"application\/ld+json\" class=\"yoast-schema-graph\">{\"@context\":\"https:\/\/schema.org\",\"@graph\":[{\"@type\":\"WebPage\",\"@id\":\"https:\/\/ironsky.pl\/sklep\/produkt\/stacja-zasilania-dji-power-1000-1024wh\/\",\"url\":\"https:\/\/ironsky.pl\/sklep\/produkt\/stacja-zasilania-dji-power-1000-1024wh\/\",\"name\":\"Stacja zasilania DJI Power 1000 1024Wh - IRONSKY.PL Sklep z Dronami\",\"isPartOf\":{\"@id\":\"https:\/\/ironsky.pl\/sklep\/#website\"},\"primaryImageOfPage\":{\"@id\":\"https:\/\/ironsky.pl\/sklep\/produkt\/stacja-zasilania-dji-power-1000-1024wh\/#primaryimage\"},\"image\":{\"@id\":\"https:\/\/ironsky.pl\/sklep\/produkt\/stacja-zasilania-dji-power-1000-1024wh\/#primaryimage\"},\"thumbnailUrl\":\"https:\/\/ironsky.pl\/sklep\/wp-content\/uploads\/2026\/04\/42380_6.jpg\",\"datePublished\":\"2026-04-15T08:35:58+00:00\",\"dateModified\":\"2026-04-15T08:36:18+00:00\",\"description\":\"Stacja zasilania DJI Power 1000 1024Wh - \u2705 sklep z dronami i fachowym doradztwem. \u2705 Tutaj kupisz produkty DJI, Yuneec, Parrot, Syma i wiele innych, a tak\u017ce kursy i licencje na operatora drona.\",\"breadcrumb\":{\"@id\":\"https:\/\/ironsky.pl\/sklep\/produkt\/stacja-zasilania-dji-power-1000-1024wh\/#breadcrumb\"},\"inLanguage\":\"pl-PL\",\"potentialAction\":[{\"@type\":\"ReadAction\",\"target\":[\"https:\/\/ironsky.pl\/sklep\/produkt\/stacja-zasilania-dji-power-1000-1024wh\/\"]}]},{\"@type\":\"ImageObject\",\"inLanguage\":\"pl-PL\",\"@id\":\"https:\/\/ironsky.pl\/sklep\/produkt\/stacja-zasilania-dji-power-1000-1024wh\/#primaryimage\",\"url\":\"https:\/\/ironsky.pl\/sklep\/wp-content\/uploads\/2026\/04\/42380_6.jpg\",\"contentUrl\":\"https:\/\/ironsky.pl\/sklep\/wp-content\/uploads\/2026\/04\/42380_6.jpg\",\"width\":800,\"height\":800},{\"@type\":\"BreadcrumbList\",\"@id\":\"https:\/\/ironsky.pl\/sklep\/produkt\/stacja-zasilania-dji-power-1000-1024wh\/#breadcrumb\",\"itemListElement\":[{\"@type\":\"ListItem\",\"position\":1,\"name\":\"Strona g\u0142\u00f3wna\",\"item\":\"https:\/\/ironsky.pl\/sklep\/\"},{\"@type\":\"ListItem\",\"position\":2,\"name\":\"Wszystkie produkty\",\"item\":\"https:\/\/ironsky.pl\/sklep\/produkty\/\"},{\"@type\":\"ListItem\",\"position\":3,\"name\":\"Stacja zasilania DJI Power 1000 1024Wh\"}]},{\"@type\":\"WebSite\",\"@id\":\"https:\/\/ironsky.pl\/sklep\/#website\",\"url\":\"https:\/\/ironsky.pl\/sklep\/\",\"name\":\"IRONSKY.PL Sklep z Dronami\",\"description\":\"IRONSKY.PL Sklep z Dronami\",\"potentialAction\":[{\"@type\":\"SearchAction\",\"target\":{\"@type\":\"EntryPoint\",\"urlTemplate\":\"https:\/\/ironsky.pl\/sklep\/?s={search_term_string}\"},\"query-input\":{\"@type\":\"PropertyValueSpecification\",\"valueRequired\":true,\"valueName\":\"search_term_string\"}}],\"inLanguage\":\"pl-PL\"}]}<\/script>\n<!-- \/ Yoast SEO plugin. -->","yoast_head_json":{"title":"Stacja zasilania DJI Power 1000 1024Wh - IRONSKY.PL Sklep z Dronami","description":"Stacja zasilania DJI Power 1000 1024Wh - \u2705 sklep z dronami i fachowym doradztwem. \u2705 Tutaj kupisz produkty DJI, Yuneec, Parrot, Syma i wiele innych, a tak\u017ce kursy i licencje na operatora drona.","robots":{"index":"index","follow":"follow","max-snippet":"max-snippet:-1","max-image-preview":"max-image-preview:large","max-video-preview":"max-video-preview:-1"},"canonical":"https:\/\/ironsky.pl\/sklep\/produkt\/stacja-zasilania-dji-power-1000-1024wh\/","og_locale":"pl_PL","og_type":"article","og_title":"Stacja zasilania DJI Power 1000 1024Wh - IRONSKY.PL Sklep z Dronami","og_description":"Stacja zasilania DJI Power 1000 1024Wh - \u2705 sklep z dronami i fachowym doradztwem. \u2705 Tutaj kupisz produkty DJI, Yuneec, Parrot, Syma i wiele innych, a tak\u017ce kursy i licencje na operatora drona.","og_url":"https:\/\/ironsky.pl\/sklep\/produkt\/stacja-zasilania-dji-power-1000-1024wh\/","og_site_name":"IRONSKY.PL Sklep z Dronami","article_modified_time":"2026-04-15T08:36:18+00:00","og_image":[{"width":800,"height":800,"url":"https:\/\/ironsky.pl\/sklep\/wp-content\/uploads\/2026\/04\/42380_6.jpg","type":"image\/jpeg"}],"twitter_card":"summary_large_image","twitter_misc":{"Szacowany czas czytania":"6 minut"},"schema":{"@context":"https:\/\/schema.org","@graph":[{"@type":"WebPage","@id":"https:\/\/ironsky.pl\/sklep\/produkt\/stacja-zasilania-dji-power-1000-1024wh\/","url":"https:\/\/ironsky.pl\/sklep\/produkt\/stacja-zasilania-dji-power-1000-1024wh\/","name":"Stacja zasilania DJI Power 1000 1024Wh - IRONSKY.PL Sklep z Dronami","isPartOf":{"@id":"https:\/\/ironsky.pl\/sklep\/#website"},"primaryImageOfPage":{"@id":"https:\/\/ironsky.pl\/sklep\/produkt\/stacja-zasilania-dji-power-1000-1024wh\/#primaryimage"},"image":{"@id":"https:\/\/ironsky.pl\/sklep\/produkt\/stacja-zasilania-dji-power-1000-1024wh\/#primaryimage"},"thumbnailUrl":"https:\/\/ironsky.pl\/sklep\/wp-content\/uploads\/2026\/04\/42380_6.jpg","datePublished":"2026-04-15T08:35:58+00:00","dateModified":"2026-04-15T08:36:18+00:00","description":"Stacja zasilania DJI Power 1000 1024Wh - \u2705 sklep z dronami i fachowym doradztwem. \u2705 Tutaj kupisz produkty DJI, Yuneec, Parrot, Syma i wiele innych, a tak\u017ce kursy i licencje na operatora drona.","breadcrumb":{"@id":"https:\/\/ironsky.pl\/sklep\/produkt\/stacja-zasilania-dji-power-1000-1024wh\/#breadcrumb"},"inLanguage":"pl-PL","potentialAction":[{"@type":"ReadAction","target":["https:\/\/ironsky.pl\/sklep\/produkt\/stacja-zasilania-dji-power-1000-1024wh\/"]}]},{"@type":"ImageObject","inLanguage":"pl-PL","@id":"https:\/\/ironsky.pl\/sklep\/produkt\/stacja-zasilania-dji-power-1000-1024wh\/#primaryimage","url":"https:\/\/ironsky.pl\/sklep\/wp-content\/uploads\/2026\/04\/42380_6.jpg","contentUrl":"https:\/\/ironsky.pl\/sklep\/wp-content\/uploads\/2026\/04\/42380_6.jpg","width":800,"height":800},{"@type":"BreadcrumbList","@id":"https:\/\/ironsky.pl\/sklep\/produkt\/stacja-zasilania-dji-power-1000-1024wh\/#breadcrumb","itemListElement":[{"@type":"ListItem","position":1,"name":"Strona g\u0142\u00f3wna","item":"https:\/\/ironsky.pl\/sklep\/"},{"@type":"ListItem","position":2,"name":"Wszystkie produkty","item":"https:\/\/ironsky.pl\/sklep\/produkty\/"},{"@type":"ListItem","position":3,"name":"Stacja zasilania DJI Power 1000 1024Wh"}]},{"@type":"WebSite","@id":"https:\/\/ironsky.pl\/sklep\/#website","url":"https:\/\/ironsky.pl\/sklep\/","name":"IRONSKY.PL Sklep z Dronami","description":"IRONSKY.PL Sklep z Dronami","potentialAction":[{"@type":"SearchAction","target":{"@type":"EntryPoint","urlTemplate":"https:\/\/ironsky.pl\/sklep\/?s={search_term_string}"},"query-input":{"@type":"PropertyValueSpecification","valueRequired":true,"valueName":"search_term_string"}}],"inLanguage":"pl-PL"}]}},"_links":{"self":[{"href":"https:\/\/ironsky.pl\/sklep\/wp-json\/wp\/v2\/product\/58399","targetHints":{"allow":["GET"]}}],"collection":[{"href":"https:\/\/ironsky.pl\/sklep\/wp-json\/wp\/v2\/product"}],"about":[{"href":"https:\/\/ironsky.pl\/sklep\/wp-json\/wp\/v2\/types\/product"}],"replies":[{"embeddable":true,"href":"https:\/\/ironsky.pl\/sklep\/wp-json\/wp\/v2\/comments?post=58399"}],"wp:featuredmedia":[{"embeddable":true,"href":"https:\/\/ironsky.pl\/sklep\/wp-json\/wp\/v2\/media\/58400"}],"wp:attachment":[{"href":"https:\/\/ironsky.pl\/sklep\/wp-json\/wp\/v2\/media?parent=58399"}],"wp:term":[{"taxonomy":"product_brand","embeddable":true,"href":"https:\/\/ironsky.pl\/sklep\/wp-json\/wp\/v2\/product_brand?post=58399"},{"taxonomy":"product_cat","embeddable":true,"href":"https:\/\/ironsky.pl\/sklep\/wp-json\/wp\/v2\/product_cat?post=58399"},{"taxonomy":"product_tag","embeddable":true,"href":"https:\/\/ironsky.pl\/sklep\/wp-json\/wp\/v2\/product_tag?post=58399"}],"curies":[{"name":"wp","href":"https:\/\/api.w.org\/{rel}","templated":true}]}}