{"id":58398,"date":"2026-04-15T10:35:58","date_gmt":"2026-04-15T08:35:58","guid":{"rendered":"https:\/\/ironsky.pl\/sklep\/produkt\/rolka-elektryczna-laserpecker-versatile-electric-roller\/"},"modified":"2026-04-15T10:36:17","modified_gmt":"2026-04-15T08:36:17","slug":"rolka-elektryczna-laserpecker-versatile-electric-roller","status":"publish","type":"product","link":"https:\/\/ironsky.pl\/sklep\/produkt\/rolka-elektryczna-laserpecker-versatile-electric-roller\/","title":{"rendered":"Rolka elektryczna LASERPECKER Versatile Electric Roller"},"content":{"rendered":"<h3>Uniwersalna rolka LaserPecker Versatile Electric Roller\u00a0<\/h3>\n<p>Zyskaj wi\u0119cej mo\u017cliwo\u015bci podczas korzystania ze swojej grawerki laserowej LP2. Uniwersalna rolka LaserPecker pozwala na zwi\u0119kszenie obszaru roboczego do 10 x 200 cm, dzi\u0119ki czemu mo\u017cesz bez problemu ozdabia\u0107 nawet wi\u0119ksze przedmioty, mi\u0119dzy innymi deski i blaty. Korzystaj\u0105c z niej, b\u0119dziesz te\u017c w stanie grawerowa\u0107 cylindryczne obiekty, na przyk\u0142ad wa\u0142ki i butelki, a tak\u017ce nier\u00f3wne lub zakrzywione powierzchnie. Produkt obs\u0142uguje kilka tryb\u00f3w pracy, w tym Cylindrical, Trolly i Slab.<\/p>\n<p>\n<img decoding=\"async\" src=\"https:\/\/assets.innpro.pl\/6283\/7377\/2.png\" border=\"0\" \/>\n<\/p>\n<h3>W zestawie<\/h3>\n<ul class=\"list-disc pl-5\">\n<li>Rolka<\/li>\n<li>Suwak magnetyczny x2<\/li>\n<li>Wspornik w kszta\u0142cie litery C<\/li>\n<li>Opaski silikonowe<\/li>\n<li>Kabel USB<\/li>\n<li>Instrukcja obs\u0142ugi<\/li>\n<\/ul>\n<div class=\"table-wrapper\">\n<p>\u00a0<\/p>\n<h3><\/h3>\n<table>\n<tbody>\n<tr>\n<th>Producent<\/th>\n<td>LaserPecker<\/td>\n<\/tr>\n<tr>\n<th>Model<\/th>\n<td>LPVE<\/td>\n<\/tr>\n<tr>\n<th>Maks. obszar grawerowania<\/th>\n<td>10 x 200 cm<\/td>\n<\/tr>\n<tr>\n<th>Pr\u0105d wej\u015bciowy<\/th>\n<td>5 V \/ 2 A<\/td>\n<\/tr>\n<tr>\n<th>Materia\u0142<\/th>\n<td>Anodowane aluminium<\/td>\n<\/tr>\n<tr>\n<th>Wymiary<\/th>\n<td>18,6 x 12,7 x 3,7 cm<\/td>\n<\/tr>\n<tr>\n<th>Waga<\/th>\n<td>1,6 kg<\/td>\n<\/tr>\n<\/tbody>\n<\/table>\n<\/div>\n","protected":false},"excerpt":{"rendered":"<p>Uniwersalna rolka LaserPecker Versatile Electric Roller\u00a0 Zyskaj wi\u0119cej mo\u017cliwo\u015bci podczas korzystania ze swojej grawerki laserowej LP2. Uniwersalna rolka LaserPecker pozwala<\/p>\n","protected":false},"featured_media":44690,"comment_status":"closed","ping_status":"open","template":"","meta":{"_acf_changed":false},"product_brand":[],"product_cat":[6220,6218,6217],"product_tag":[],"class_list":{"0":"post-58398","1":"product","2":"type-product","3":"status-publish","4":"has-post-thumbnail","6":"product_cat-akcesoria-grawerki-i-wycinarki-laserowe","7":"product_cat-grawerki-i-wycinarki-laserowe","8":"product_cat-technologie-kreatywne","9":"pa_okres-gwarancji-5757","10":"pa_producent-laserpecker","12":"first","13":"outofstock","14":"taxable","15":"shipping-taxable","16":"purchasable","17":"product-type-simple"},"acf":[],"yoast_head":"<!-- This site is optimized with the Yoast SEO plugin v27.2 - https:\/\/yoast.com\/product\/yoast-seo-wordpress\/ -->\n<title>Rolka elektryczna LASERPECKER Versatile Electric Roller - IRONSKY.PL Sklep z Dronami<\/title>\n<meta name=\"description\" content=\"Rolka elektryczna LASERPECKER Versatile Electric Roller - \u2705 sklep z dronami i fachowym doradztwem. \u2705 Tutaj kupisz produkty DJI, Yuneec, Parrot, Syma i wiele innych, a tak\u017ce kursy i licencje na operatora drona.\" \/>\n<meta name=\"robots\" content=\"index, follow, max-snippet:-1, max-image-preview:large, max-video-preview:-1\" \/>\n<link rel=\"canonical\" href=\"https:\/\/ironsky.pl\/sklep\/produkt\/rolka-elektryczna-laserpecker-versatile-electric-roller\/\" \/>\n<meta property=\"og:locale\" content=\"pl_PL\" \/>\n<meta property=\"og:type\" content=\"article\" \/>\n<meta property=\"og:title\" content=\"Rolka elektryczna LASERPECKER Versatile Electric Roller - IRONSKY.PL Sklep z Dronami\" \/>\n<meta property=\"og:description\" content=\"Rolka elektryczna LASERPECKER Versatile Electric Roller - \u2705 sklep z dronami i fachowym doradztwem. \u2705 Tutaj kupisz produkty DJI, Yuneec, Parrot, Syma i wiele innych, a tak\u017ce kursy i licencje na operatora drona.\" \/>\n<meta property=\"og:url\" content=\"https:\/\/ironsky.pl\/sklep\/produkt\/rolka-elektryczna-laserpecker-versatile-electric-roller\/\" \/>\n<meta property=\"og:site_name\" content=\"IRONSKY.PL Sklep z Dronami\" \/>\n<meta property=\"article:modified_time\" content=\"2026-04-15T08:36:17+00:00\" \/>\n<meta property=\"og:image\" content=\"https:\/\/ironsky.pl\/sklep\/wp-content\/uploads\/2025\/06\/42367_1.jpg\" \/>\n\t<meta property=\"og:image:width\" content=\"800\" \/>\n\t<meta property=\"og:image:height\" content=\"800\" \/>\n\t<meta property=\"og:image:type\" content=\"image\/jpeg\" \/>\n<meta name=\"twitter:card\" content=\"summary_large_image\" \/>\n<meta name=\"twitter:label1\" content=\"Szacowany czas czytania\" \/>\n\t<meta name=\"twitter:data1\" content=\"1 minuta\" \/>\n<script type=\"application\/ld+json\" class=\"yoast-schema-graph\">{\"@context\":\"https:\/\/schema.org\",\"@graph\":[{\"@type\":\"WebPage\",\"@id\":\"https:\/\/ironsky.pl\/sklep\/produkt\/rolka-elektryczna-laserpecker-versatile-electric-roller\/\",\"url\":\"https:\/\/ironsky.pl\/sklep\/produkt\/rolka-elektryczna-laserpecker-versatile-electric-roller\/\",\"name\":\"Rolka elektryczna LASERPECKER Versatile Electric Roller - IRONSKY.PL Sklep z Dronami\",\"isPartOf\":{\"@id\":\"https:\/\/ironsky.pl\/sklep\/#website\"},\"primaryImageOfPage\":{\"@id\":\"https:\/\/ironsky.pl\/sklep\/produkt\/rolka-elektryczna-laserpecker-versatile-electric-roller\/#primaryimage\"},\"image\":{\"@id\":\"https:\/\/ironsky.pl\/sklep\/produkt\/rolka-elektryczna-laserpecker-versatile-electric-roller\/#primaryimage\"},\"thumbnailUrl\":\"https:\/\/ironsky.pl\/sklep\/wp-content\/uploads\/2025\/06\/42367_1.jpg\",\"datePublished\":\"2026-04-15T08:35:58+00:00\",\"dateModified\":\"2026-04-15T08:36:17+00:00\",\"description\":\"Rolka elektryczna LASERPECKER Versatile Electric Roller - \u2705 sklep z dronami i fachowym doradztwem. \u2705 Tutaj kupisz produkty DJI, Yuneec, Parrot, Syma i wiele innych, a tak\u017ce kursy i licencje na operatora drona.\",\"breadcrumb\":{\"@id\":\"https:\/\/ironsky.pl\/sklep\/produkt\/rolka-elektryczna-laserpecker-versatile-electric-roller\/#breadcrumb\"},\"inLanguage\":\"pl-PL\",\"potentialAction\":[{\"@type\":\"ReadAction\",\"target\":[\"https:\/\/ironsky.pl\/sklep\/produkt\/rolka-elektryczna-laserpecker-versatile-electric-roller\/\"]}]},{\"@type\":\"ImageObject\",\"inLanguage\":\"pl-PL\",\"@id\":\"https:\/\/ironsky.pl\/sklep\/produkt\/rolka-elektryczna-laserpecker-versatile-electric-roller\/#primaryimage\",\"url\":\"https:\/\/ironsky.pl\/sklep\/wp-content\/uploads\/2025\/06\/42367_1.jpg\",\"contentUrl\":\"https:\/\/ironsky.pl\/sklep\/wp-content\/uploads\/2025\/06\/42367_1.jpg\",\"width\":800,\"height\":800},{\"@type\":\"BreadcrumbList\",\"@id\":\"https:\/\/ironsky.pl\/sklep\/produkt\/rolka-elektryczna-laserpecker-versatile-electric-roller\/#breadcrumb\",\"itemListElement\":[{\"@type\":\"ListItem\",\"position\":1,\"name\":\"Strona g\u0142\u00f3wna\",\"item\":\"https:\/\/ironsky.pl\/sklep\/\"},{\"@type\":\"ListItem\",\"position\":2,\"name\":\"Wszystkie produkty\",\"item\":\"https:\/\/ironsky.pl\/sklep\/produkty\/\"},{\"@type\":\"ListItem\",\"position\":3,\"name\":\"Rolka elektryczna LASERPECKER Versatile Electric Roller\"}]},{\"@type\":\"WebSite\",\"@id\":\"https:\/\/ironsky.pl\/sklep\/#website\",\"url\":\"https:\/\/ironsky.pl\/sklep\/\",\"name\":\"IRONSKY.PL Sklep z Dronami\",\"description\":\"IRONSKY.PL Sklep z Dronami\",\"potentialAction\":[{\"@type\":\"SearchAction\",\"target\":{\"@type\":\"EntryPoint\",\"urlTemplate\":\"https:\/\/ironsky.pl\/sklep\/?s={search_term_string}\"},\"query-input\":{\"@type\":\"PropertyValueSpecification\",\"valueRequired\":true,\"valueName\":\"search_term_string\"}}],\"inLanguage\":\"pl-PL\"}]}<\/script>\n<!-- \/ Yoast SEO plugin. -->","yoast_head_json":{"title":"Rolka elektryczna LASERPECKER Versatile Electric Roller - IRONSKY.PL Sklep z Dronami","description":"Rolka elektryczna LASERPECKER Versatile Electric Roller - \u2705 sklep z dronami i fachowym doradztwem. \u2705 Tutaj kupisz produkty DJI, Yuneec, Parrot, Syma i wiele innych, a tak\u017ce kursy i licencje na operatora drona.","robots":{"index":"index","follow":"follow","max-snippet":"max-snippet:-1","max-image-preview":"max-image-preview:large","max-video-preview":"max-video-preview:-1"},"canonical":"https:\/\/ironsky.pl\/sklep\/produkt\/rolka-elektryczna-laserpecker-versatile-electric-roller\/","og_locale":"pl_PL","og_type":"article","og_title":"Rolka elektryczna LASERPECKER Versatile Electric Roller - IRONSKY.PL Sklep z Dronami","og_description":"Rolka elektryczna LASERPECKER Versatile Electric Roller - \u2705 sklep z dronami i fachowym doradztwem. \u2705 Tutaj kupisz produkty DJI, Yuneec, Parrot, Syma i wiele innych, a tak\u017ce kursy i licencje na operatora drona.","og_url":"https:\/\/ironsky.pl\/sklep\/produkt\/rolka-elektryczna-laserpecker-versatile-electric-roller\/","og_site_name":"IRONSKY.PL Sklep z Dronami","article_modified_time":"2026-04-15T08:36:17+00:00","og_image":[{"width":800,"height":800,"url":"https:\/\/ironsky.pl\/sklep\/wp-content\/uploads\/2025\/06\/42367_1.jpg","type":"image\/jpeg"}],"twitter_card":"summary_large_image","twitter_misc":{"Szacowany czas czytania":"1 minuta"},"schema":{"@context":"https:\/\/schema.org","@graph":[{"@type":"WebPage","@id":"https:\/\/ironsky.pl\/sklep\/produkt\/rolka-elektryczna-laserpecker-versatile-electric-roller\/","url":"https:\/\/ironsky.pl\/sklep\/produkt\/rolka-elektryczna-laserpecker-versatile-electric-roller\/","name":"Rolka elektryczna LASERPECKER Versatile Electric Roller - IRONSKY.PL Sklep z Dronami","isPartOf":{"@id":"https:\/\/ironsky.pl\/sklep\/#website"},"primaryImageOfPage":{"@id":"https:\/\/ironsky.pl\/sklep\/produkt\/rolka-elektryczna-laserpecker-versatile-electric-roller\/#primaryimage"},"image":{"@id":"https:\/\/ironsky.pl\/sklep\/produkt\/rolka-elektryczna-laserpecker-versatile-electric-roller\/#primaryimage"},"thumbnailUrl":"https:\/\/ironsky.pl\/sklep\/wp-content\/uploads\/2025\/06\/42367_1.jpg","datePublished":"2026-04-15T08:35:58+00:00","dateModified":"2026-04-15T08:36:17+00:00","description":"Rolka elektryczna LASERPECKER Versatile Electric Roller - \u2705 sklep z dronami i fachowym doradztwem. \u2705 Tutaj kupisz produkty DJI, Yuneec, Parrot, Syma i wiele innych, a tak\u017ce kursy i licencje na operatora drona.","breadcrumb":{"@id":"https:\/\/ironsky.pl\/sklep\/produkt\/rolka-elektryczna-laserpecker-versatile-electric-roller\/#breadcrumb"},"inLanguage":"pl-PL","potentialAction":[{"@type":"ReadAction","target":["https:\/\/ironsky.pl\/sklep\/produkt\/rolka-elektryczna-laserpecker-versatile-electric-roller\/"]}]},{"@type":"ImageObject","inLanguage":"pl-PL","@id":"https:\/\/ironsky.pl\/sklep\/produkt\/rolka-elektryczna-laserpecker-versatile-electric-roller\/#primaryimage","url":"https:\/\/ironsky.pl\/sklep\/wp-content\/uploads\/2025\/06\/42367_1.jpg","contentUrl":"https:\/\/ironsky.pl\/sklep\/wp-content\/uploads\/2025\/06\/42367_1.jpg","width":800,"height":800},{"@type":"BreadcrumbList","@id":"https:\/\/ironsky.pl\/sklep\/produkt\/rolka-elektryczna-laserpecker-versatile-electric-roller\/#breadcrumb","itemListElement":[{"@type":"ListItem","position":1,"name":"Strona g\u0142\u00f3wna","item":"https:\/\/ironsky.pl\/sklep\/"},{"@type":"ListItem","position":2,"name":"Wszystkie produkty","item":"https:\/\/ironsky.pl\/sklep\/produkty\/"},{"@type":"ListItem","position":3,"name":"Rolka elektryczna LASERPECKER Versatile Electric Roller"}]},{"@type":"WebSite","@id":"https:\/\/ironsky.pl\/sklep\/#website","url":"https:\/\/ironsky.pl\/sklep\/","name":"IRONSKY.PL Sklep z Dronami","description":"IRONSKY.PL Sklep z Dronami","potentialAction":[{"@type":"SearchAction","target":{"@type":"EntryPoint","urlTemplate":"https:\/\/ironsky.pl\/sklep\/?s={search_term_string}"},"query-input":{"@type":"PropertyValueSpecification","valueRequired":true,"valueName":"search_term_string"}}],"inLanguage":"pl-PL"}]}},"_links":{"self":[{"href":"https:\/\/ironsky.pl\/sklep\/wp-json\/wp\/v2\/product\/58398","targetHints":{"allow":["GET"]}}],"collection":[{"href":"https:\/\/ironsky.pl\/sklep\/wp-json\/wp\/v2\/product"}],"about":[{"href":"https:\/\/ironsky.pl\/sklep\/wp-json\/wp\/v2\/types\/product"}],"replies":[{"embeddable":true,"href":"https:\/\/ironsky.pl\/sklep\/wp-json\/wp\/v2\/comments?post=58398"}],"wp:featuredmedia":[{"embeddable":true,"href":"https:\/\/ironsky.pl\/sklep\/wp-json\/wp\/v2\/media\/44690"}],"wp:attachment":[{"href":"https:\/\/ironsky.pl\/sklep\/wp-json\/wp\/v2\/media?parent=58398"}],"wp:term":[{"taxonomy":"product_brand","embeddable":true,"href":"https:\/\/ironsky.pl\/sklep\/wp-json\/wp\/v2\/product_brand?post=58398"},{"taxonomy":"product_cat","embeddable":true,"href":"https:\/\/ironsky.pl\/sklep\/wp-json\/wp\/v2\/product_cat?post=58398"},{"taxonomy":"product_tag","embeddable":true,"href":"https:\/\/ironsky.pl\/sklep\/wp-json\/wp\/v2\/product_tag?post=58398"}],"curies":[{"name":"wp","href":"https:\/\/api.w.org\/{rel}","templated":true}]}}