{"id":58394,"date":"2026-04-15T10:35:58","date_gmt":"2026-04-15T08:35:58","guid":{"rendered":"https:\/\/ironsky.pl\/sklep\/produkt\/grawerka-laserowa-laserpecker-laserpecker-2-basic\/"},"modified":"2026-04-15T10:36:15","modified_gmt":"2026-04-15T08:36:15","slug":"grawerka-laserowa-laserpecker-laserpecker-2-basic","status":"publish","type":"product","link":"https:\/\/ironsky.pl\/sklep\/produkt\/grawerka-laserowa-laserpecker-laserpecker-2-basic\/","title":{"rendered":"Grawerka laserowa LASERPECKER LaserPecker 2 Basic"},"content":{"rendered":"<h3>Grawerka laserowa Laserpecker 2 wersja Basic<\/h3>\n<p>LaserPecker 2 to grawerka laserowa, kt\u00f3ra \u0142\u0105czy w sobie wydajno\u015b\u0107, wszechstronno\u015b\u0107 i mobilno\u015b\u0107. Dzi\u0119ki zaawansowanej technologii i intuicyjnej obs\u0142udze otwiera nowe mo\u017cliwo\u015bci w dziedzinie personalizacji przedmiot\u00f3w. Jest idealnym rozwi\u0105zaniem dla profesjonalist\u00f3w i amator\u00f3w, pragn\u0105cych eksplorowa\u0107 \u015bwiat grawerowania laserowego. Dzia\u0142a z pr\u0119dko\u015bci\u0105 do 600 mm\/s i zapewnia niedo\u015bcignion\u0105 precyzj\u0119.<\/p>\n<p>\n<img decoding=\"async\" src=\"https:\/\/assets.innpro.pl\/6260\/7353\/1.jpg\" border=\"0\" alt=\"Grawerka laserowa w nowoczesnej obudowie, ustawiona na p\u0142askiej podstawie z uchwytem na g\u00f3rze\" \/>\n<\/p>\n<h3>Grawerowanie zdj\u0119\u0107 i r\u00f3\u017cnorodnych materia\u0142\u00f3w<\/h3>\n<p>LaserPecker 2 wyr\u00f3\u017cnia si\u0119 mo\u017cliwo\u015bci\u0105 grawerowania zdj\u0119\u0107 z albumu czy kamery, co pozwala u\u017cytkownikowi na tworzenie niepowtarzalnych, spersonalizowanych dzie\u0142. Urz\u0105dzenie mo\u017ce pracowa\u0107 na r\u00f3\u017cnorodnych materia\u0142ach, takich jak drewno, metal, sk\u00f3ra czy plastik, co czyni je niezwykle wszechstronnym narz\u0119dziem, idealnym do r\u00f3\u017cnorakich projekt\u00f3w. LaserPecker 2 wyr\u00f3\u017cnia si\u0119 tak\u017ce kompatybilno\u015bci\u0105 z wieloma systemami operacyjnymi, takimi jak iOS, Android, MacOS i Windows.<\/p>\n<p>\n<img decoding=\"async\" src=\"https:\/\/assets.innpro.pl\/6260\/7353\/4.png\" border=\"0\" alt=\"Grawerka laserowa w trakcie pracy z aktywnym promieniem lasera i pomara\u0144czow\u0105 os\u0142on\u0105 ochronn\u0105\" \/>\n<\/p>\n<h3>Mobilno\u015b\u0107 i wydajno\u015b\u0107<\/h3>\n<p>Mimo swoich niewielkich rozmiar\u00f3w model LaserPecker 2 jest wyj\u0105tkowo wydajny. Jego kompaktowa konstrukcja u\u0142atwia przenoszenie i pozwala na grawerowanie w miejscach, do kt\u00f3rych trudno dotrze\u0107 innymi urz\u0105dzeniami. Elektryczna podstawka to kolejny atut grawerki. Umo\u017cliwia ona precyzyjn\u0105 regulacj\u0119 ogniskowej za pomoc\u0105 bocznych przycisk\u00f3w, co zwi\u0119ksza dok\u0142adno\u015b\u0107 i jako\u015b\u0107 grawerowania. Dodatkowo mo\u017cliwo\u015b\u0107 utrzymania lasera pod wybranym k\u0105tem pozwala na optymalne dostosowanie do grawerowanej powierzchni.<\/p>\n<p>\n<img decoding=\"async\" src=\"https:\/\/assets.innpro.pl\/6260\/7353\/6.png\" border=\"0\" alt=\"Jednostka grawerki laserowej z ty\u0142u, pokazuj\u0105ca porty USB, wentylacj\u0119 i pod\u0142\u0105czony przew\u00f3d zasilaj\u0105cy\" \/>\n<\/p>\n<h3>Zaawansowana technologia lasera<\/h3>\n<p>Model LaserPecker 2 jest wyposa\u017cony w diod\u0119 laserow\u0105 NICHIA (wysokowydajny element generuj\u0105cy wi\u0105zk\u0119 \u015bwiat\u0142a) i pozwala grawerowa\u0107 z pr\u0119dko\u015bci\u0105 do 600 mm\/s. Jego zdolno\u015b\u0107 do pracy z rozdzielczo\u015bciami 1K, 1.3K i 2K umo\u017cliwia uzyskanie wyra\u017anych i szczeg\u00f3\u0142owych efekt\u00f3w na szerokiej gamie materia\u0142\u00f3w. Urz\u0105dzenie charakteryzuje si\u0119 imponuj\u0105c\u0105 precyzj\u0105 do 0,025 mm, co gwarantuje wyj\u0105tkow\u0105 jako\u015b\u0107 ko\u0144cowych produkt\u00f3w. Dzi\u0119ki temu LaserPecker 2 sprawdzi si\u0119 w realizacji skomplikowanych i precyzyjnych projekt\u00f3w, zar\u00f3wno w domu, jak i w profesjonalnych zastosowaniach.<\/p>\n<p>\n<img decoding=\"async\" src=\"https:\/\/assets.innpro.pl\/6260\/7353\/3.png\" border=\"0\" alt=\"Grawerka laserowa pochylona do przodu, z widoczn\u0105 os\u0142on\u0105 ochronn\u0105 i p\u0142ytk\u0105 z wygrawerowanym napisem\" \/>\n<\/p>\n<h3>Bezpieczne u\u017cytkowanie<\/h3>\n<p>Grawerka LaserPecker 2 zapewni Ci r\u00f3wnie\u017c bezpiecze\u0144stwo u\u017cytkowania. Zosta\u0142a wyposa\u017cona w os\u0142on\u0119 ochronn\u0105, a ponadto oferuje zabezpieczenie przed przegrzaniem i przechylaniem. Mo\u017cesz te\u017c zablokowa\u0107 j\u0105 za pomoc\u0105 has\u0142a. Dzi\u0119ki temu nie musisz si\u0119 niczego obawia\u0107! W sk\u0142ad zestawu wchodz\u0105 tak\u017ce specjalne gogle ochronne.<\/p>\n<p>\n<img decoding=\"async\" src=\"https:\/\/assets.innpro.pl\/6260\/7353\/5.png\" border=\"0\" alt=\"Grawerka laserowa z pomara\u0144czow\u0105 os\u0142on\u0105 ustawiona obok akcesori\u00f3w i okular\u00f3w ochronnych\" \/>\n<\/p>\n<h3>Imponuj\u0105ca \u017cywotno\u015b\u0107<\/h3>\n<p>Nie obawiaj si\u0119, \u017ce grawerka zbyt szybko odm\u00f3wi Ci pos\u0142usze\u0144stwa. Urz\u0105dzenie wyr\u00f3\u017cnia si\u0119 \u017cywotno\u015bci\u0105 na poziomie oko\u0142o 10 000 godzin i mo\u017ce zapewni\u0107 nieprzerwany czas pracy si\u0119gaj\u0105cy 168 godzin. To oznacza, \u017ce za jego pomoc\u0105 bez problemu stworzysz mn\u00f3stwo fantastycznych projekt\u00f3w!<\/p>\n<p>\n<img decoding=\"async\" src=\"https:\/\/assets.innpro.pl\/6260\/7353\/2.png\" border=\"0\" alt=\"Grawerka laserowa z pod\u015bwietlan\u0105 podstaw\u0105 ustawiona na tle schemat\u00f3w elektronicznych\" \/>\n<\/p>\n<h3>W zestawie<\/h3>\n<ul class=\"list-disc pl-5\">\n<li>Grawerka laserowa<\/li>\n<li>Os\u0142ona ochronna<\/li>\n<li>Gogle<\/li>\n<li>Kabel USB<\/li>\n<li>Instrukcja obs\u0142ugi<\/li>\n<\/ul>\n<div class=\"table-wrapper\">\n<p>\u00a0<\/p>\n<h3><\/h3>\n<table>\n<tbody>\n<tr>\n<th>Producent<\/th>\n<td>LaserPecker<\/td>\n<\/tr>\n<tr>\n<th>Model<\/th>\n<td>LP2BV<\/td>\n<\/tr>\n<tr>\n<th>Moc<\/th>\n<td>5 W<\/td>\n<\/tr>\n<tr>\n<th>Typ lasera<\/th>\n<td>Dioda NICHIA 450 nm<\/td>\n<\/tr>\n<tr>\n<th>Maks. rozmiar grawera<\/th>\n<td>100 x 100 mm<\/td>\n<\/tr>\n<tr>\n<th>Rozdzielczo\u015b\u0107<\/th>\n<td>1K \/ 1.3K \/ 2K<\/td>\n<\/tr>\n<tr>\n<th>Pr\u0119dko\u015b\u0107 podgl\u0105du<\/th>\n<td>3750 mm\/s<\/td>\n<\/tr>\n<tr>\n<th>Pr\u0119dko\u015b\u0107 grawerowania<\/th>\n<td>Ok. 6-600 mm\/s<\/td>\n<\/tr>\n<tr>\n<th>Tryby podgl\u0105du<\/th>\n<td>Square Preview + Graphic Preview<\/td>\n<\/tr>\n<tr>\n<th>Wej\u015bcie<\/th>\n<td>12 V 5 A | 100-240 V | 50-60 Hz<\/td>\n<\/tr>\n<tr>\n<th>Transmisja bezprzewodowa<\/th>\n<td>Bluetooth 5.0<\/td>\n<\/tr>\n<tr>\n<th>Obs\u0142ugiwane formaty plik\u00f3w<\/th>\n<td>Aplikacja: jpg, png, G-code; PC: G-code, jpg, png, bmp, svg, dfx;<\/td>\n<\/tr>\n<tr>\n<th>Kompatybilne systemy operacyjne<\/th>\n<td>Android, iOS, Windows, macOS<\/td>\n<\/tr>\n<\/tbody>\n<\/table>\n<\/div>\n","protected":false},"excerpt":{"rendered":"<p>Grawerka laserowa Laserpecker 2 wersja Basic LaserPecker 2 to grawerka laserowa, kt\u00f3ra \u0142\u0105czy w sobie wydajno\u015b\u0107, wszechstronno\u015b\u0107 i mobilno\u015b\u0107. Dzi\u0119ki<\/p>\n","protected":false},"featured_media":58395,"comment_status":"closed","ping_status":"open","template":"","meta":{"_acf_changed":false},"product_brand":[],"product_cat":[6218,6217,6219],"product_tag":[],"class_list":{"0":"post-58394","1":"product","2":"type-product","3":"status-publish","4":"has-post-thumbnail","6":"product_cat-grawerki-i-wycinarki-laserowe","7":"product_cat-technologie-kreatywne","8":"product_cat-urzadzenia","9":"pa_okres-gwarancji-5757","10":"pa_producent-laserpecker","12":"first","13":"outofstock","14":"taxable","15":"shipping-taxable","16":"purchasable","17":"product-type-simple"},"acf":[],"yoast_head":"<!-- This site is optimized with the Yoast SEO plugin v27.2 - https:\/\/yoast.com\/product\/yoast-seo-wordpress\/ -->\n<title>Grawerka laserowa LASERPECKER LaserPecker 2 Basic - IRONSKY.PL Sklep z Dronami<\/title>\n<meta name=\"description\" content=\"Grawerka laserowa LASERPECKER LaserPecker 2 Basic - \u2705 sklep z dronami i fachowym doradztwem. \u2705 Tutaj kupisz produkty DJI, Yuneec, Parrot, Syma i wiele innych, a tak\u017ce kursy i licencje na operatora drona.\" \/>\n<meta name=\"robots\" content=\"index, follow, max-snippet:-1, max-image-preview:large, max-video-preview:-1\" \/>\n<link rel=\"canonical\" href=\"https:\/\/ironsky.pl\/sklep\/produkt\/grawerka-laserowa-laserpecker-laserpecker-2-basic\/\" \/>\n<meta property=\"og:locale\" content=\"pl_PL\" \/>\n<meta property=\"og:type\" content=\"article\" \/>\n<meta property=\"og:title\" content=\"Grawerka laserowa LASERPECKER LaserPecker 2 Basic - IRONSKY.PL Sklep z Dronami\" \/>\n<meta property=\"og:description\" content=\"Grawerka laserowa LASERPECKER LaserPecker 2 Basic - \u2705 sklep z dronami i fachowym doradztwem. \u2705 Tutaj kupisz produkty DJI, Yuneec, Parrot, Syma i wiele innych, a tak\u017ce kursy i licencje na operatora drona.\" \/>\n<meta property=\"og:url\" content=\"https:\/\/ironsky.pl\/sklep\/produkt\/grawerka-laserowa-laserpecker-laserpecker-2-basic\/\" \/>\n<meta property=\"og:site_name\" content=\"IRONSKY.PL Sklep z Dronami\" \/>\n<meta property=\"article:modified_time\" content=\"2026-04-15T08:36:15+00:00\" \/>\n<meta property=\"og:image\" content=\"https:\/\/ironsky.pl\/sklep\/wp-content\/uploads\/2026\/04\/42365_1.jpg\" \/>\n\t<meta property=\"og:image:width\" content=\"800\" \/>\n\t<meta property=\"og:image:height\" content=\"800\" \/>\n\t<meta property=\"og:image:type\" content=\"image\/jpeg\" \/>\n<meta name=\"twitter:card\" content=\"summary_large_image\" \/>\n<meta name=\"twitter:label1\" content=\"Szacowany czas czytania\" \/>\n\t<meta name=\"twitter:data1\" content=\"2 minuty\" \/>\n<script type=\"application\/ld+json\" class=\"yoast-schema-graph\">{\"@context\":\"https:\/\/schema.org\",\"@graph\":[{\"@type\":\"WebPage\",\"@id\":\"https:\/\/ironsky.pl\/sklep\/produkt\/grawerka-laserowa-laserpecker-laserpecker-2-basic\/\",\"url\":\"https:\/\/ironsky.pl\/sklep\/produkt\/grawerka-laserowa-laserpecker-laserpecker-2-basic\/\",\"name\":\"Grawerka laserowa LASERPECKER LaserPecker 2 Basic - IRONSKY.PL Sklep z Dronami\",\"isPartOf\":{\"@id\":\"https:\/\/ironsky.pl\/sklep\/#website\"},\"primaryImageOfPage\":{\"@id\":\"https:\/\/ironsky.pl\/sklep\/produkt\/grawerka-laserowa-laserpecker-laserpecker-2-basic\/#primaryimage\"},\"image\":{\"@id\":\"https:\/\/ironsky.pl\/sklep\/produkt\/grawerka-laserowa-laserpecker-laserpecker-2-basic\/#primaryimage\"},\"thumbnailUrl\":\"https:\/\/ironsky.pl\/sklep\/wp-content\/uploads\/2026\/04\/42365_1.jpg\",\"datePublished\":\"2026-04-15T08:35:58+00:00\",\"dateModified\":\"2026-04-15T08:36:15+00:00\",\"description\":\"Grawerka laserowa LASERPECKER LaserPecker 2 Basic - \u2705 sklep z dronami i fachowym doradztwem. \u2705 Tutaj kupisz produkty DJI, Yuneec, Parrot, Syma i wiele innych, a tak\u017ce kursy i licencje na operatora drona.\",\"breadcrumb\":{\"@id\":\"https:\/\/ironsky.pl\/sklep\/produkt\/grawerka-laserowa-laserpecker-laserpecker-2-basic\/#breadcrumb\"},\"inLanguage\":\"pl-PL\",\"potentialAction\":[{\"@type\":\"ReadAction\",\"target\":[\"https:\/\/ironsky.pl\/sklep\/produkt\/grawerka-laserowa-laserpecker-laserpecker-2-basic\/\"]}]},{\"@type\":\"ImageObject\",\"inLanguage\":\"pl-PL\",\"@id\":\"https:\/\/ironsky.pl\/sklep\/produkt\/grawerka-laserowa-laserpecker-laserpecker-2-basic\/#primaryimage\",\"url\":\"https:\/\/ironsky.pl\/sklep\/wp-content\/uploads\/2026\/04\/42365_1.jpg\",\"contentUrl\":\"https:\/\/ironsky.pl\/sklep\/wp-content\/uploads\/2026\/04\/42365_1.jpg\",\"width\":800,\"height\":800},{\"@type\":\"BreadcrumbList\",\"@id\":\"https:\/\/ironsky.pl\/sklep\/produkt\/grawerka-laserowa-laserpecker-laserpecker-2-basic\/#breadcrumb\",\"itemListElement\":[{\"@type\":\"ListItem\",\"position\":1,\"name\":\"Strona g\u0142\u00f3wna\",\"item\":\"https:\/\/ironsky.pl\/sklep\/\"},{\"@type\":\"ListItem\",\"position\":2,\"name\":\"Wszystkie produkty\",\"item\":\"https:\/\/ironsky.pl\/sklep\/produkty\/\"},{\"@type\":\"ListItem\",\"position\":3,\"name\":\"Grawerka laserowa LASERPECKER LaserPecker 2 Basic\"}]},{\"@type\":\"WebSite\",\"@id\":\"https:\/\/ironsky.pl\/sklep\/#website\",\"url\":\"https:\/\/ironsky.pl\/sklep\/\",\"name\":\"IRONSKY.PL Sklep z Dronami\",\"description\":\"IRONSKY.PL Sklep z Dronami\",\"potentialAction\":[{\"@type\":\"SearchAction\",\"target\":{\"@type\":\"EntryPoint\",\"urlTemplate\":\"https:\/\/ironsky.pl\/sklep\/?s={search_term_string}\"},\"query-input\":{\"@type\":\"PropertyValueSpecification\",\"valueRequired\":true,\"valueName\":\"search_term_string\"}}],\"inLanguage\":\"pl-PL\"}]}<\/script>\n<!-- \/ Yoast SEO plugin. -->","yoast_head_json":{"title":"Grawerka laserowa LASERPECKER LaserPecker 2 Basic - IRONSKY.PL Sklep z Dronami","description":"Grawerka laserowa LASERPECKER LaserPecker 2 Basic - \u2705 sklep z dronami i fachowym doradztwem. \u2705 Tutaj kupisz produkty DJI, Yuneec, Parrot, Syma i wiele innych, a tak\u017ce kursy i licencje na operatora drona.","robots":{"index":"index","follow":"follow","max-snippet":"max-snippet:-1","max-image-preview":"max-image-preview:large","max-video-preview":"max-video-preview:-1"},"canonical":"https:\/\/ironsky.pl\/sklep\/produkt\/grawerka-laserowa-laserpecker-laserpecker-2-basic\/","og_locale":"pl_PL","og_type":"article","og_title":"Grawerka laserowa LASERPECKER LaserPecker 2 Basic - IRONSKY.PL Sklep z Dronami","og_description":"Grawerka laserowa LASERPECKER LaserPecker 2 Basic - \u2705 sklep z dronami i fachowym doradztwem. \u2705 Tutaj kupisz produkty DJI, Yuneec, Parrot, Syma i wiele innych, a tak\u017ce kursy i licencje na operatora drona.","og_url":"https:\/\/ironsky.pl\/sklep\/produkt\/grawerka-laserowa-laserpecker-laserpecker-2-basic\/","og_site_name":"IRONSKY.PL Sklep z Dronami","article_modified_time":"2026-04-15T08:36:15+00:00","og_image":[{"width":800,"height":800,"url":"https:\/\/ironsky.pl\/sklep\/wp-content\/uploads\/2026\/04\/42365_1.jpg","type":"image\/jpeg"}],"twitter_card":"summary_large_image","twitter_misc":{"Szacowany czas czytania":"2 minuty"},"schema":{"@context":"https:\/\/schema.org","@graph":[{"@type":"WebPage","@id":"https:\/\/ironsky.pl\/sklep\/produkt\/grawerka-laserowa-laserpecker-laserpecker-2-basic\/","url":"https:\/\/ironsky.pl\/sklep\/produkt\/grawerka-laserowa-laserpecker-laserpecker-2-basic\/","name":"Grawerka laserowa LASERPECKER LaserPecker 2 Basic - IRONSKY.PL Sklep z Dronami","isPartOf":{"@id":"https:\/\/ironsky.pl\/sklep\/#website"},"primaryImageOfPage":{"@id":"https:\/\/ironsky.pl\/sklep\/produkt\/grawerka-laserowa-laserpecker-laserpecker-2-basic\/#primaryimage"},"image":{"@id":"https:\/\/ironsky.pl\/sklep\/produkt\/grawerka-laserowa-laserpecker-laserpecker-2-basic\/#primaryimage"},"thumbnailUrl":"https:\/\/ironsky.pl\/sklep\/wp-content\/uploads\/2026\/04\/42365_1.jpg","datePublished":"2026-04-15T08:35:58+00:00","dateModified":"2026-04-15T08:36:15+00:00","description":"Grawerka laserowa LASERPECKER LaserPecker 2 Basic - \u2705 sklep z dronami i fachowym doradztwem. \u2705 Tutaj kupisz produkty DJI, Yuneec, Parrot, Syma i wiele innych, a tak\u017ce kursy i licencje na operatora drona.","breadcrumb":{"@id":"https:\/\/ironsky.pl\/sklep\/produkt\/grawerka-laserowa-laserpecker-laserpecker-2-basic\/#breadcrumb"},"inLanguage":"pl-PL","potentialAction":[{"@type":"ReadAction","target":["https:\/\/ironsky.pl\/sklep\/produkt\/grawerka-laserowa-laserpecker-laserpecker-2-basic\/"]}]},{"@type":"ImageObject","inLanguage":"pl-PL","@id":"https:\/\/ironsky.pl\/sklep\/produkt\/grawerka-laserowa-laserpecker-laserpecker-2-basic\/#primaryimage","url":"https:\/\/ironsky.pl\/sklep\/wp-content\/uploads\/2026\/04\/42365_1.jpg","contentUrl":"https:\/\/ironsky.pl\/sklep\/wp-content\/uploads\/2026\/04\/42365_1.jpg","width":800,"height":800},{"@type":"BreadcrumbList","@id":"https:\/\/ironsky.pl\/sklep\/produkt\/grawerka-laserowa-laserpecker-laserpecker-2-basic\/#breadcrumb","itemListElement":[{"@type":"ListItem","position":1,"name":"Strona g\u0142\u00f3wna","item":"https:\/\/ironsky.pl\/sklep\/"},{"@type":"ListItem","position":2,"name":"Wszystkie produkty","item":"https:\/\/ironsky.pl\/sklep\/produkty\/"},{"@type":"ListItem","position":3,"name":"Grawerka laserowa LASERPECKER LaserPecker 2 Basic"}]},{"@type":"WebSite","@id":"https:\/\/ironsky.pl\/sklep\/#website","url":"https:\/\/ironsky.pl\/sklep\/","name":"IRONSKY.PL Sklep z Dronami","description":"IRONSKY.PL Sklep z Dronami","potentialAction":[{"@type":"SearchAction","target":{"@type":"EntryPoint","urlTemplate":"https:\/\/ironsky.pl\/sklep\/?s={search_term_string}"},"query-input":{"@type":"PropertyValueSpecification","valueRequired":true,"valueName":"search_term_string"}}],"inLanguage":"pl-PL"}]}},"_links":{"self":[{"href":"https:\/\/ironsky.pl\/sklep\/wp-json\/wp\/v2\/product\/58394","targetHints":{"allow":["GET"]}}],"collection":[{"href":"https:\/\/ironsky.pl\/sklep\/wp-json\/wp\/v2\/product"}],"about":[{"href":"https:\/\/ironsky.pl\/sklep\/wp-json\/wp\/v2\/types\/product"}],"replies":[{"embeddable":true,"href":"https:\/\/ironsky.pl\/sklep\/wp-json\/wp\/v2\/comments?post=58394"}],"wp:featuredmedia":[{"embeddable":true,"href":"https:\/\/ironsky.pl\/sklep\/wp-json\/wp\/v2\/media\/58395"}],"wp:attachment":[{"href":"https:\/\/ironsky.pl\/sklep\/wp-json\/wp\/v2\/media?parent=58394"}],"wp:term":[{"taxonomy":"product_brand","embeddable":true,"href":"https:\/\/ironsky.pl\/sklep\/wp-json\/wp\/v2\/product_brand?post=58394"},{"taxonomy":"product_cat","embeddable":true,"href":"https:\/\/ironsky.pl\/sklep\/wp-json\/wp\/v2\/product_cat?post=58394"},{"taxonomy":"product_tag","embeddable":true,"href":"https:\/\/ironsky.pl\/sklep\/wp-json\/wp\/v2\/product_tag?post=58394"}],"curies":[{"name":"wp","href":"https:\/\/api.w.org\/{rel}","templated":true}]}}