{"id":58355,"date":"2026-04-15T10:35:20","date_gmt":"2026-04-15T08:35:20","guid":{"rendered":"https:\/\/ironsky.pl\/sklep\/produkt\/lampa-led-neewer-ms150b-130w\/"},"modified":"2026-04-15T10:35:54","modified_gmt":"2026-04-15T08:35:54","slug":"lampa-led-neewer-ms150b-130w","status":"publish","type":"product","link":"https:\/\/ironsky.pl\/sklep\/produkt\/lampa-led-neewer-ms150b-130w\/","title":{"rendered":"Lampa LED NEEWER MS150B 130W"},"content":{"rendered":"<h3>Lampa LED Neewer MS150B Bi Color 130W 2700-6500K<\/h3>\n<p>Lampa LED Neewer MS150B o mocy 130 W zapewnia dwubarwne, ci\u0105g\u0142e o\u015bwietlenie i pozwala na regulacj\u0119 temperatury barwowej w zakresie od 2700K do 6500K. Gwarantuje te\u017c maksymaln\u0105 jasno\u015b\u0107 200000 lux na odleg\u0142o\u015b\u0107 0,5 m. Oferuje przy tym 12 efekt\u00f3w specjalnych i wysokie wska\u017aniki CRI97+ i TLCI98+, dzi\u0119ki czemu zapewnia \u017cywe kolory i realistyczne sceny. O\u015bwietlenie jest zbalansowane \u2013 zapomnij o problemie migotania!<\/p>\n<p>\n<img decoding=\"async\" alt=\"\" border=\"0\" src=\"https:\/\/assets.innpro.pl\/6088\/7150\/4.jpg\"\/>\n<\/p>\n<h3>Technologia Dimming i system ch\u0142odzenia<\/h3>\n<p>MS150B wykorzystuje technologi\u0119 PWM do regulacji jasno\u015bci od 0 do 100% z dok\u0142adno\u015bci\u0105 do 1%. Dzi\u0119ki temu umo\u017cliwia precyzyjne dostosowanie poziomu jasno\u015bci nawet w s\u0142abo o\u015bwietlonych warunkach. Lamp\u0119 wyposa\u017cono w 4 inteligentne tryby odprowadzania ciep\u0142a \u2013 smart, high speed, low speed i OFF, co zapewnia ch\u0142odzenie bez wp\u0142ywu na wydajno\u015b\u0107.<\/p>\n<p>\n<img decoding=\"async\" alt=\"\" border=\"0\" src=\"https:\/\/assets.innpro.pl\/6088\/7150\/6.jpg\"\/>\n<\/p>\n<h3>Kontrola za pomoc\u0105 aplikacji i 2.4G<\/h3>\n<p>Dzi\u0119ki technologii NEEWER Infinity modelem MS150B mo\u017cna sterowa\u0107 za pomoc\u0105 aplikacji mobilnej, oferuj\u0105cej kontrol\u0119 nad setkami lamp oraz mo\u017cliwo\u015b\u0107 aktualizacji firmware przez OTA. Po\u0142\u0105czenie 2.4G pozwala na kontrol\u0119 grupow\u0105 lamp w promieniu do 15 m przy u\u017cyciu 00-99 kana\u0142\u00f3w za pomoc\u0105 pilota. Dost\u0119pne s\u0105 tak\u017ce pokr\u0119t\u0142a i przyciski, kt\u00f3re pozwalaj\u0105 dostosowa\u0107 o\u015bwietlenie.<\/p>\n<p>\n<img decoding=\"async\" alt=\"\" border=\"0\" src=\"https:\/\/assets.innpro.pl\/6088\/7150\/9.jpg\"\/>\n<\/p>\n<h3>R\u00f3\u017cne \u017ar\u00f3d\u0142a zasilania<\/h3>\n<p>Urz\u0105dzenie Neewer zasila\u0107 mo\u017cna za pomoc\u0105 2 akumulator\u00f3w (NP-F750\/NP-F970), V-mount (14.4V) oraz kabla D-Tap, co umo\u017cliwia prac\u0119 w terenie. Adapter zasilania pozwala na pod\u0142\u0105czenie do gniazdka sieciowego, zapewniaj\u0105c maksymaln\u0105 wydajno\u015b\u0107 o\u015bwietlenia. Uwaga: akumulatory i kabel D-Tap nie stanowi\u0105 cz\u0119\u015bci zestawu.<\/p>\n<p>\n<img decoding=\"async\" alt=\"\" border=\"0\" src=\"https:\/\/assets.innpro.pl\/6088\/7150\/7.jpg\"\/>\n<\/p>\n<h3>Mocowanie Bowens do modyfikacji \u015bwiat\u0142a<\/h3>\n<p>Za pomoc\u0105 mocowania NEEWER z uchwytem na parasol mo\u017cna pod\u0142\u0105czy\u0107 softboxy, parasole fotograficzne i r\u00f3\u017cne modyfikatory \u015bwiat\u0142a. Do\u0142\u0105czony do zestawu adapter mocowania Bowens dodatkowo rozszerza kompatybilno\u015b\u0107 z akcesoriami.<\/p>\n<p>\n<img decoding=\"async\" alt=\"\" border=\"0\" src=\"https:\/\/assets.innpro.pl\/6088\/7150\/3.jpg\"\/>\n<\/p>\n<h3>Dodatkowe udogodnienia<\/h3>\n<p>Lamp\u0119 wykonano z wytrzyma\u0142ego stopu aluminium, a dzi\u0119ki mo\u017cliwo\u015bci demonta\u017cu uchwytu, kt\u00f3ry obraca si\u0119 w zakresie 180\u00b0, z \u0142atwo\u015bci\u0105 j\u0105 przechowasz. Waga urz\u0105dzenia wynosi zaledwie 0.98 kg \u2013 nie musisz si\u0119 martwi\u0107, \u017ce b\u0119dzie stanowi\u0142o zb\u0119dne obci\u0105\u017cenie. Ponadto ekran LCD pozwala na wygodne sprawdzenie bie\u017c\u0105cych ustawie\u0144.<\/p>\n<p>\n<img decoding=\"async\" alt=\"\" border=\"0\" src=\"https:\/\/assets.innpro.pl\/6088\/7150\/5.jpg\"\/>\n<\/p>\n<h3>W zestawie:<\/h3>\n<ul class=\"list-disc pl-5\">\n<li>Lampa LED NEEWER MS150B<\/li>\n<li>Standardowy reflektor NEEWER<\/li>\n<li>Adapter mocowania Bowens<\/li>\n<li>Uchwyt na parasol<\/li>\n<li>Adapter zasilania<\/li>\n<\/ul>\n<div class=\"table-wrapper\">\n<p>\u00a0<\/p>\n<h3><\/h3>\n<table>\n<tbody>\n<tr>\n<th>Producent<\/th>\n<td>Neewer<\/td>\n<\/tr>\n<tr>\n<th>Model<\/th>\n<td>MS150B<\/td>\n<\/tr>\n<tr>\n<th>Moc<\/th>\n<td>130W<\/td>\n<\/tr>\n<tr>\n<th>Temperatura barwowa<\/th>\n<td>2700K-6500K<\/td>\n<\/tr>\n<tr>\n<th>Jasno\u015b\u0107<\/th>\n<td>Maksymalnie 200000 lux przy 0,5 m<\/td>\n<\/tr>\n<tr>\n<th>Wska\u017anik CRI<\/th>\n<td>97+<\/td>\n<\/tr>\n<tr>\n<th>Wska\u017anik TLCI<\/th>\n<td>98+<\/td>\n<\/tr>\n<tr>\n<th>Efekty specjalne<\/th>\n<td>12<\/td>\n<\/tr>\n<tr>\n<th>Masa<\/th>\n<td>980 g<\/td>\n<\/tr>\n<tr>\n<th>Wymiary<\/th>\n<td>19,5 x 9,5 x 8 cm<\/td>\n<\/tr>\n<tr>\n<th>Zasilanie<\/th>\n<td>Akumulatory NP-F750\/NP-F970, akumulator V-mount, kabel D-Tap<\/td>\n<\/tr>\n<tr>\n<th>Sterowanie<\/th>\n<td>Aplikacja mobilna, po\u0142\u0105czenie 2.4G<\/td>\n<\/tr>\n<\/tbody>\n<\/table>\n<\/div>\n","protected":false},"excerpt":{"rendered":"<p>Lampa LED Neewer MS150B Bi Color 130W 2700-6500K Lampa LED Neewer MS150B o mocy 130 W zapewnia dwubarwne, ci\u0105g\u0142e o\u015bwietlenie<\/p>\n","protected":false},"featured_media":58356,"comment_status":"closed","ping_status":"open","template":"","meta":{"_acf_changed":false},"product_brand":[],"product_cat":[1128,6186,6182],"product_tag":[],"class_list":{"0":"post-58355","1":"product","2":"type-product","3":"status-publish","4":"has-post-thumbnail","6":"product_cat-foto-wideo","7":"product_cat-lampy","8":"product_cat-studio-fotograficzne","9":"pa_okres-gwarancji-5754","10":"pa_producent-neewer","12":"first","13":"outofstock","14":"taxable","15":"shipping-taxable","16":"purchasable","17":"product-type-simple"},"acf":[],"yoast_head":"<!-- This site is optimized with the Yoast SEO plugin v27.2 - https:\/\/yoast.com\/product\/yoast-seo-wordpress\/ -->\n<title>Lampa LED NEEWER MS150B 130W - IRONSKY.PL Sklep z Dronami<\/title>\n<meta name=\"description\" content=\"Lampa LED NEEWER MS150B 130W - \u2705 sklep z dronami i fachowym doradztwem. \u2705 Tutaj kupisz produkty DJI, Yuneec, Parrot, Syma i wiele innych, a tak\u017ce kursy i licencje na operatora drona.\" \/>\n<meta name=\"robots\" content=\"index, follow, max-snippet:-1, max-image-preview:large, max-video-preview:-1\" \/>\n<link rel=\"canonical\" href=\"https:\/\/ironsky.pl\/sklep\/produkt\/lampa-led-neewer-ms150b-130w\/\" \/>\n<meta property=\"og:locale\" content=\"pl_PL\" \/>\n<meta property=\"og:type\" content=\"article\" \/>\n<meta property=\"og:title\" content=\"Lampa LED NEEWER MS150B 130W - IRONSKY.PL Sklep z Dronami\" \/>\n<meta property=\"og:description\" content=\"Lampa LED NEEWER MS150B 130W - \u2705 sklep z dronami i fachowym doradztwem. \u2705 Tutaj kupisz produkty DJI, Yuneec, Parrot, Syma i wiele innych, a tak\u017ce kursy i licencje na operatora drona.\" \/>\n<meta property=\"og:url\" content=\"https:\/\/ironsky.pl\/sklep\/produkt\/lampa-led-neewer-ms150b-130w\/\" \/>\n<meta property=\"og:site_name\" content=\"IRONSKY.PL Sklep z Dronami\" \/>\n<meta property=\"article:modified_time\" content=\"2026-04-15T08:35:54+00:00\" \/>\n<meta property=\"og:image\" content=\"https:\/\/ironsky.pl\/sklep\/wp-content\/uploads\/2026\/04\/42311_1.jpg\" \/>\n\t<meta property=\"og:image:width\" content=\"800\" \/>\n\t<meta property=\"og:image:height\" content=\"800\" \/>\n\t<meta property=\"og:image:type\" content=\"image\/jpeg\" \/>\n<meta name=\"twitter:card\" content=\"summary_large_image\" \/>\n<meta name=\"twitter:label1\" content=\"Szacowany czas czytania\" \/>\n\t<meta name=\"twitter:data1\" content=\"2 minuty\" \/>\n<script type=\"application\/ld+json\" class=\"yoast-schema-graph\">{\"@context\":\"https:\/\/schema.org\",\"@graph\":[{\"@type\":\"WebPage\",\"@id\":\"https:\/\/ironsky.pl\/sklep\/produkt\/lampa-led-neewer-ms150b-130w\/\",\"url\":\"https:\/\/ironsky.pl\/sklep\/produkt\/lampa-led-neewer-ms150b-130w\/\",\"name\":\"Lampa LED NEEWER MS150B 130W - IRONSKY.PL Sklep z Dronami\",\"isPartOf\":{\"@id\":\"https:\/\/ironsky.pl\/sklep\/#website\"},\"primaryImageOfPage\":{\"@id\":\"https:\/\/ironsky.pl\/sklep\/produkt\/lampa-led-neewer-ms150b-130w\/#primaryimage\"},\"image\":{\"@id\":\"https:\/\/ironsky.pl\/sklep\/produkt\/lampa-led-neewer-ms150b-130w\/#primaryimage\"},\"thumbnailUrl\":\"https:\/\/ironsky.pl\/sklep\/wp-content\/uploads\/2026\/04\/42311_1.jpg\",\"datePublished\":\"2026-04-15T08:35:20+00:00\",\"dateModified\":\"2026-04-15T08:35:54+00:00\",\"description\":\"Lampa LED NEEWER MS150B 130W - \u2705 sklep z dronami i fachowym doradztwem. \u2705 Tutaj kupisz produkty DJI, Yuneec, Parrot, Syma i wiele innych, a tak\u017ce kursy i licencje na operatora drona.\",\"breadcrumb\":{\"@id\":\"https:\/\/ironsky.pl\/sklep\/produkt\/lampa-led-neewer-ms150b-130w\/#breadcrumb\"},\"inLanguage\":\"pl-PL\",\"potentialAction\":[{\"@type\":\"ReadAction\",\"target\":[\"https:\/\/ironsky.pl\/sklep\/produkt\/lampa-led-neewer-ms150b-130w\/\"]}]},{\"@type\":\"ImageObject\",\"inLanguage\":\"pl-PL\",\"@id\":\"https:\/\/ironsky.pl\/sklep\/produkt\/lampa-led-neewer-ms150b-130w\/#primaryimage\",\"url\":\"https:\/\/ironsky.pl\/sklep\/wp-content\/uploads\/2026\/04\/42311_1.jpg\",\"contentUrl\":\"https:\/\/ironsky.pl\/sklep\/wp-content\/uploads\/2026\/04\/42311_1.jpg\",\"width\":800,\"height\":800},{\"@type\":\"BreadcrumbList\",\"@id\":\"https:\/\/ironsky.pl\/sklep\/produkt\/lampa-led-neewer-ms150b-130w\/#breadcrumb\",\"itemListElement\":[{\"@type\":\"ListItem\",\"position\":1,\"name\":\"Strona g\u0142\u00f3wna\",\"item\":\"https:\/\/ironsky.pl\/sklep\/\"},{\"@type\":\"ListItem\",\"position\":2,\"name\":\"Wszystkie produkty\",\"item\":\"https:\/\/ironsky.pl\/sklep\/produkty\/\"},{\"@type\":\"ListItem\",\"position\":3,\"name\":\"Lampa LED NEEWER MS150B 130W\"}]},{\"@type\":\"WebSite\",\"@id\":\"https:\/\/ironsky.pl\/sklep\/#website\",\"url\":\"https:\/\/ironsky.pl\/sklep\/\",\"name\":\"IRONSKY.PL Sklep z Dronami\",\"description\":\"IRONSKY.PL Sklep z Dronami\",\"potentialAction\":[{\"@type\":\"SearchAction\",\"target\":{\"@type\":\"EntryPoint\",\"urlTemplate\":\"https:\/\/ironsky.pl\/sklep\/?s={search_term_string}\"},\"query-input\":{\"@type\":\"PropertyValueSpecification\",\"valueRequired\":true,\"valueName\":\"search_term_string\"}}],\"inLanguage\":\"pl-PL\"}]}<\/script>\n<!-- \/ Yoast SEO plugin. -->","yoast_head_json":{"title":"Lampa LED NEEWER MS150B 130W - IRONSKY.PL Sklep z Dronami","description":"Lampa LED NEEWER MS150B 130W - \u2705 sklep z dronami i fachowym doradztwem. \u2705 Tutaj kupisz produkty DJI, Yuneec, Parrot, Syma i wiele innych, a tak\u017ce kursy i licencje na operatora drona.","robots":{"index":"index","follow":"follow","max-snippet":"max-snippet:-1","max-image-preview":"max-image-preview:large","max-video-preview":"max-video-preview:-1"},"canonical":"https:\/\/ironsky.pl\/sklep\/produkt\/lampa-led-neewer-ms150b-130w\/","og_locale":"pl_PL","og_type":"article","og_title":"Lampa LED NEEWER MS150B 130W - IRONSKY.PL Sklep z Dronami","og_description":"Lampa LED NEEWER MS150B 130W - \u2705 sklep z dronami i fachowym doradztwem. \u2705 Tutaj kupisz produkty DJI, Yuneec, Parrot, Syma i wiele innych, a tak\u017ce kursy i licencje na operatora drona.","og_url":"https:\/\/ironsky.pl\/sklep\/produkt\/lampa-led-neewer-ms150b-130w\/","og_site_name":"IRONSKY.PL Sklep z Dronami","article_modified_time":"2026-04-15T08:35:54+00:00","og_image":[{"width":800,"height":800,"url":"https:\/\/ironsky.pl\/sklep\/wp-content\/uploads\/2026\/04\/42311_1.jpg","type":"image\/jpeg"}],"twitter_card":"summary_large_image","twitter_misc":{"Szacowany czas czytania":"2 minuty"},"schema":{"@context":"https:\/\/schema.org","@graph":[{"@type":"WebPage","@id":"https:\/\/ironsky.pl\/sklep\/produkt\/lampa-led-neewer-ms150b-130w\/","url":"https:\/\/ironsky.pl\/sklep\/produkt\/lampa-led-neewer-ms150b-130w\/","name":"Lampa LED NEEWER MS150B 130W - IRONSKY.PL Sklep z Dronami","isPartOf":{"@id":"https:\/\/ironsky.pl\/sklep\/#website"},"primaryImageOfPage":{"@id":"https:\/\/ironsky.pl\/sklep\/produkt\/lampa-led-neewer-ms150b-130w\/#primaryimage"},"image":{"@id":"https:\/\/ironsky.pl\/sklep\/produkt\/lampa-led-neewer-ms150b-130w\/#primaryimage"},"thumbnailUrl":"https:\/\/ironsky.pl\/sklep\/wp-content\/uploads\/2026\/04\/42311_1.jpg","datePublished":"2026-04-15T08:35:20+00:00","dateModified":"2026-04-15T08:35:54+00:00","description":"Lampa LED NEEWER MS150B 130W - \u2705 sklep z dronami i fachowym doradztwem. \u2705 Tutaj kupisz produkty DJI, Yuneec, Parrot, Syma i wiele innych, a tak\u017ce kursy i licencje na operatora drona.","breadcrumb":{"@id":"https:\/\/ironsky.pl\/sklep\/produkt\/lampa-led-neewer-ms150b-130w\/#breadcrumb"},"inLanguage":"pl-PL","potentialAction":[{"@type":"ReadAction","target":["https:\/\/ironsky.pl\/sklep\/produkt\/lampa-led-neewer-ms150b-130w\/"]}]},{"@type":"ImageObject","inLanguage":"pl-PL","@id":"https:\/\/ironsky.pl\/sklep\/produkt\/lampa-led-neewer-ms150b-130w\/#primaryimage","url":"https:\/\/ironsky.pl\/sklep\/wp-content\/uploads\/2026\/04\/42311_1.jpg","contentUrl":"https:\/\/ironsky.pl\/sklep\/wp-content\/uploads\/2026\/04\/42311_1.jpg","width":800,"height":800},{"@type":"BreadcrumbList","@id":"https:\/\/ironsky.pl\/sklep\/produkt\/lampa-led-neewer-ms150b-130w\/#breadcrumb","itemListElement":[{"@type":"ListItem","position":1,"name":"Strona g\u0142\u00f3wna","item":"https:\/\/ironsky.pl\/sklep\/"},{"@type":"ListItem","position":2,"name":"Wszystkie produkty","item":"https:\/\/ironsky.pl\/sklep\/produkty\/"},{"@type":"ListItem","position":3,"name":"Lampa LED NEEWER MS150B 130W"}]},{"@type":"WebSite","@id":"https:\/\/ironsky.pl\/sklep\/#website","url":"https:\/\/ironsky.pl\/sklep\/","name":"IRONSKY.PL Sklep z Dronami","description":"IRONSKY.PL Sklep z Dronami","potentialAction":[{"@type":"SearchAction","target":{"@type":"EntryPoint","urlTemplate":"https:\/\/ironsky.pl\/sklep\/?s={search_term_string}"},"query-input":{"@type":"PropertyValueSpecification","valueRequired":true,"valueName":"search_term_string"}}],"inLanguage":"pl-PL"}]}},"_links":{"self":[{"href":"https:\/\/ironsky.pl\/sklep\/wp-json\/wp\/v2\/product\/58355","targetHints":{"allow":["GET"]}}],"collection":[{"href":"https:\/\/ironsky.pl\/sklep\/wp-json\/wp\/v2\/product"}],"about":[{"href":"https:\/\/ironsky.pl\/sklep\/wp-json\/wp\/v2\/types\/product"}],"replies":[{"embeddable":true,"href":"https:\/\/ironsky.pl\/sklep\/wp-json\/wp\/v2\/comments?post=58355"}],"wp:featuredmedia":[{"embeddable":true,"href":"https:\/\/ironsky.pl\/sklep\/wp-json\/wp\/v2\/media\/58356"}],"wp:attachment":[{"href":"https:\/\/ironsky.pl\/sklep\/wp-json\/wp\/v2\/media?parent=58355"}],"wp:term":[{"taxonomy":"product_brand","embeddable":true,"href":"https:\/\/ironsky.pl\/sklep\/wp-json\/wp\/v2\/product_brand?post=58355"},{"taxonomy":"product_cat","embeddable":true,"href":"https:\/\/ironsky.pl\/sklep\/wp-json\/wp\/v2\/product_cat?post=58355"},{"taxonomy":"product_tag","embeddable":true,"href":"https:\/\/ironsky.pl\/sklep\/wp-json\/wp\/v2\/product_tag?post=58355"}],"curies":[{"name":"wp","href":"https:\/\/api.w.org\/{rel}","templated":true}]}}