{"id":58350,"date":"2026-04-15T10:35:20","date_gmt":"2026-04-15T08:35:20","guid":{"rendered":"https:\/\/ironsky.pl\/sklep\/produkt\/panel-led-neewer-gl1-pro-2900-7000k\/"},"modified":"2026-04-15T10:35:50","modified_gmt":"2026-04-15T08:35:50","slug":"panel-led-neewer-gl1-pro-2900-7000k","status":"publish","type":"product","link":"https:\/\/ironsky.pl\/sklep\/produkt\/panel-led-neewer-gl1-pro-2900-7000k\/","title":{"rendered":"Panel LED NEEWER GL1 Pro 2900-7000K"},"content":{"rendered":"<h3>Panel \u015bwietlny LED Neewer GL1 Pro 2900-7000K<\/h3>\n<p>Panel \u015bwietlny Neewer zapewnia efektywne i delikatne dla oczu \u015bwiat\u0142o o wysokim wsp\u00f3\u0142czynniku oddawania barw (97 CRI). Co wi\u0119cej, mo\u017cesz regulowa\u0107 jego jasno\u015b\u0107 i temperatur\u0119 barwow\u0105, a dzi\u0119ki 3 dost\u0119pnym sposobom po\u0142\u0105czenia wybierzesz odpowiedni dla siebie. Obs\u0142ug\u0119 urz\u0105dzenia u\u0142atwia dedykowana aplikacja, a cicha praca panelu nie b\u0119dzie Ci przeszkadza\u0107 podczas pracy lub rozgrywki.\u00a0<\/p>\n<p>\n<img decoding=\"async\" alt=\"\" border=\"0\" src=\"https:\/\/assets.innpro.pl\/6081\/7141\/1.jpg\"\/>\n<\/p>\n<h3>Wygodna obs\u0142uga<\/h3>\n<p>Z poziomu dedykowanej aplikacji mo\u017cesz sterowa\u0107 pojedynczym \u017ar\u00f3d\u0142em \u015bwiat\u0142a lub kilkoma panelami jednocze\u015bnie. Co wi\u0119cej, po pobraniu wtyczki NEEWER Live z platformy Stream Deck dostosujesz dzia\u0142anie panelu do w\u0142asnych potrzeb. Swobodnie reguluj jasno\u015b\u0107, temperatur\u0119 barwow\u0105, w\u0142\u0105cz\/wy\u0142\u0105cz o\u015bwietlenie itp.\u00a0<\/p>\n<p>\n<img decoding=\"async\" alt=\"\" border=\"0\" src=\"https:\/\/assets.innpro.pl\/6081\/7141\/2.jpg\"\/>\n<\/p>\n<h3>3 rodzaje po\u0142\u0105czenia<\/h3>\n<p>Panel \u015bwietlny mo\u017cesz po\u0142\u0105czy\u0107 ze swoim sprz\u0119tem na 3 sposoby. Skorzystaj z do\u0142\u0105czonego do zestawu klucza sprz\u0119towego USB 2.4 GHz, a nast\u0119pnie pobierz aplikacj\u0119 NEEWER Live. Mo\u017cesz tak\u017ce po\u0142\u0105czy\u0107 si\u0119 z Wi-Fi i wygodnie regulowa\u0107 poziom jasno\u015bci lub temperatur\u0119 barwow\u0105 bez przerywania rozgrywki, lub transmisji na \u017cywo. Dost\u0119pny jest r\u00f3wnie\u017c modu\u0142 Bluetooth, dzi\u0119ki kt\u00f3remu zdalnie dostosujesz dzia\u0142anie panelu z poziomu aplikacji NEEWER.<\/p>\n<p>\n<img decoding=\"async\" alt=\"\" border=\"0\" src=\"https:\/\/assets.innpro.pl\/6081\/7141\/6.jpg\"\/>\n<\/p>\n<h3>R\u00f3wnomierne, przyjazne dla oczu \u015bwiat\u0142o<\/h3>\n<p>Panel generuje \u015bwiat\u0142o o maksymalnym nat\u0119\u017ceniu 3700 luks\u00f3w \/ 0.5 m, co pozwala tworzy\u0107 bezcieniowe zdj\u0119cia. Co wi\u0119cej, istnieje mo\u017cliwo\u015b\u0107 regulacji jasno\u015bci od 0% do 100% i temperatury barwowej w zakresie 2900 K &#8211; 7000 K. Opr\u00f3cz tego, dzi\u0119ki przemy\u015blanej konstrukcji panel nie powoduje migotania i powstawania odblask\u00f3w, a wsp\u00f3\u0142czynnik oddawania barw na poziomie 97 CRI odpowiada za precyzyjne odwzorowanie kolor\u00f3w. Generowane przez panel \u015bwiat\u0142o jest te\u017c przyjemne dla oczu \u2013 mo\u017cesz z niego korzysta\u0107 przez d\u0142ugi czas bez uczucia zm\u0119czenia.<\/p>\n<p>\n<img decoding=\"async\" alt=\"\" border=\"0\" src=\"https:\/\/assets.innpro.pl\/6081\/7141\/3.jpg\"\/>\n<\/p>\n<h3>Dopracowana konstrukcja<\/h3>\n<p>To nie koniec zalet Neewer GL1 Pro. Obudowa panelu zosta\u0142a wykonana z tworzywa, kt\u00f3re dobrze odprowadza ciep\u0142o, chroni\u0105c j\u0105 przed przegrzaniem. Co wi\u0119cej, urz\u0105dzenie pracuje do\u015b\u0107 cicho, wi\u0119c nie musisz si\u0119 obawia\u0107, \u017ce b\u0119dzie Ci przeszkadza\u0107 podczas pracy. Dodatkowo wchodz\u0105ca w sk\u0142ad zestawu podstawka pasuje do biurek o grubo\u015bci od 0.9 do 7.5 cm. Mo\u017cesz r\u00f3wnie\u017c regulowa\u0107 jej wysoko\u015b\u0107 w zakresie 35-60 cm dla wi\u0119kszej wygody u\u017cytkowania.\u00a0<\/p>\n<p>\n<img decoding=\"async\" alt=\"\" border=\"0\" src=\"https:\/\/assets.innpro.pl\/6081\/7141\/4.jpg\"\/>\n<\/p>\n<div class=\"table-wrapper\">\n<p>\u00a0<\/p>\n<h3><\/h3>\n<table>\n<tbody>\n<tr>\n<th>Producent<\/th>\n<td>Neewer<\/td>\n<\/tr>\n<tr>\n<th>Model<\/th>\n<td>GL1 Pro<\/td>\n<\/tr>\n<tr>\n<th>Ilo\u015b\u0107 koralik\u00f3w LED<\/th>\n<td>192<\/td>\n<\/tr>\n<tr>\n<th>Moc<\/th>\n<td>45 W<\/td>\n<\/tr>\n<tr>\n<th>Jasno\u015b\u0107<\/th>\n<td>3700 lux (przy 0.5 m)<\/td>\n<\/tr>\n<tr>\n<th>Wsp\u00f3\u0142czynnik oddawania barw<\/th>\n<td>97 CRI<\/td>\n<\/tr>\n<tr>\n<th>Temperatura barwowa<\/th>\n<td>2900 K &#8211; 7000 K<\/td>\n<\/tr>\n<tr>\n<th>Sterowanie<\/th>\n<td>komputer, aplikacja, przyciski na panelu<\/td>\n<\/tr>\n<tr>\n<th>Po\u0142\u0105czenie<\/th>\n<td>USB, 2.4 GHz<\/td>\n<\/tr>\n<tr>\n<th>Platforma<\/th>\n<td>Stream Deck<\/td>\n<\/tr>\n<tr>\n<th>Aplikacja<\/th>\n<td>NEEWER<\/td>\n<\/tr>\n<\/tbody>\n<\/table>\n<\/div>\n","protected":false},"excerpt":{"rendered":"<p>Panel \u015bwietlny LED Neewer GL1 Pro 2900-7000K Panel \u015bwietlny Neewer zapewnia efektywne i delikatne dla oczu \u015bwiat\u0142o o wysokim wsp\u00f3\u0142czynniku<\/p>\n","protected":false},"featured_media":58351,"comment_status":"closed","ping_status":"open","template":"","meta":{"_acf_changed":false},"product_brand":[],"product_cat":[1128,6186,6182],"product_tag":[],"class_list":{"0":"post-58350","1":"product","2":"type-product","3":"status-publish","4":"has-post-thumbnail","6":"product_cat-foto-wideo","7":"product_cat-lampy","8":"product_cat-studio-fotograficzne","9":"pa_okres-gwarancji-5754","10":"pa_producent-neewer","12":"first","13":"outofstock","14":"taxable","15":"shipping-taxable","16":"purchasable","17":"product-type-simple"},"acf":[],"yoast_head":"<!-- This site is optimized with the Yoast SEO plugin v27.2 - https:\/\/yoast.com\/product\/yoast-seo-wordpress\/ -->\n<title>Panel LED NEEWER GL1 Pro 2900-7000K - IRONSKY.PL Sklep z Dronami<\/title>\n<meta name=\"description\" content=\"Panel LED NEEWER GL1 Pro 2900-7000K - \u2705 sklep z dronami i fachowym doradztwem. \u2705 Tutaj kupisz produkty DJI, Yuneec, Parrot, Syma i wiele innych, a tak\u017ce kursy i licencje na operatora drona.\" \/>\n<meta name=\"robots\" content=\"index, follow, max-snippet:-1, max-image-preview:large, max-video-preview:-1\" \/>\n<link rel=\"canonical\" href=\"https:\/\/ironsky.pl\/sklep\/produkt\/panel-led-neewer-gl1-pro-2900-7000k\/\" \/>\n<meta property=\"og:locale\" content=\"pl_PL\" \/>\n<meta property=\"og:type\" content=\"article\" \/>\n<meta property=\"og:title\" content=\"Panel LED NEEWER GL1 Pro 2900-7000K - IRONSKY.PL Sklep z Dronami\" \/>\n<meta property=\"og:description\" content=\"Panel LED NEEWER GL1 Pro 2900-7000K - \u2705 sklep z dronami i fachowym doradztwem. \u2705 Tutaj kupisz produkty DJI, Yuneec, Parrot, Syma i wiele innych, a tak\u017ce kursy i licencje na operatora drona.\" \/>\n<meta property=\"og:url\" content=\"https:\/\/ironsky.pl\/sklep\/produkt\/panel-led-neewer-gl1-pro-2900-7000k\/\" \/>\n<meta property=\"og:site_name\" content=\"IRONSKY.PL Sklep z Dronami\" \/>\n<meta property=\"article:modified_time\" content=\"2026-04-15T08:35:50+00:00\" \/>\n<meta property=\"og:image\" content=\"https:\/\/ironsky.pl\/sklep\/wp-content\/uploads\/2026\/04\/42309_1.jpg\" \/>\n\t<meta property=\"og:image:width\" content=\"800\" \/>\n\t<meta property=\"og:image:height\" content=\"800\" \/>\n\t<meta property=\"og:image:type\" content=\"image\/jpeg\" \/>\n<meta name=\"twitter:card\" content=\"summary_large_image\" \/>\n<meta name=\"twitter:label1\" content=\"Szacowany czas czytania\" \/>\n\t<meta name=\"twitter:data1\" content=\"2 minuty\" \/>\n<script type=\"application\/ld+json\" class=\"yoast-schema-graph\">{\"@context\":\"https:\/\/schema.org\",\"@graph\":[{\"@type\":\"WebPage\",\"@id\":\"https:\/\/ironsky.pl\/sklep\/produkt\/panel-led-neewer-gl1-pro-2900-7000k\/\",\"url\":\"https:\/\/ironsky.pl\/sklep\/produkt\/panel-led-neewer-gl1-pro-2900-7000k\/\",\"name\":\"Panel LED NEEWER GL1 Pro 2900-7000K - IRONSKY.PL Sklep z Dronami\",\"isPartOf\":{\"@id\":\"https:\/\/ironsky.pl\/sklep\/#website\"},\"primaryImageOfPage\":{\"@id\":\"https:\/\/ironsky.pl\/sklep\/produkt\/panel-led-neewer-gl1-pro-2900-7000k\/#primaryimage\"},\"image\":{\"@id\":\"https:\/\/ironsky.pl\/sklep\/produkt\/panel-led-neewer-gl1-pro-2900-7000k\/#primaryimage\"},\"thumbnailUrl\":\"https:\/\/ironsky.pl\/sklep\/wp-content\/uploads\/2026\/04\/42309_1.jpg\",\"datePublished\":\"2026-04-15T08:35:20+00:00\",\"dateModified\":\"2026-04-15T08:35:50+00:00\",\"description\":\"Panel LED NEEWER GL1 Pro 2900-7000K - \u2705 sklep z dronami i fachowym doradztwem. \u2705 Tutaj kupisz produkty DJI, Yuneec, Parrot, Syma i wiele innych, a tak\u017ce kursy i licencje na operatora drona.\",\"breadcrumb\":{\"@id\":\"https:\/\/ironsky.pl\/sklep\/produkt\/panel-led-neewer-gl1-pro-2900-7000k\/#breadcrumb\"},\"inLanguage\":\"pl-PL\",\"potentialAction\":[{\"@type\":\"ReadAction\",\"target\":[\"https:\/\/ironsky.pl\/sklep\/produkt\/panel-led-neewer-gl1-pro-2900-7000k\/\"]}]},{\"@type\":\"ImageObject\",\"inLanguage\":\"pl-PL\",\"@id\":\"https:\/\/ironsky.pl\/sklep\/produkt\/panel-led-neewer-gl1-pro-2900-7000k\/#primaryimage\",\"url\":\"https:\/\/ironsky.pl\/sklep\/wp-content\/uploads\/2026\/04\/42309_1.jpg\",\"contentUrl\":\"https:\/\/ironsky.pl\/sklep\/wp-content\/uploads\/2026\/04\/42309_1.jpg\",\"width\":800,\"height\":800},{\"@type\":\"BreadcrumbList\",\"@id\":\"https:\/\/ironsky.pl\/sklep\/produkt\/panel-led-neewer-gl1-pro-2900-7000k\/#breadcrumb\",\"itemListElement\":[{\"@type\":\"ListItem\",\"position\":1,\"name\":\"Strona g\u0142\u00f3wna\",\"item\":\"https:\/\/ironsky.pl\/sklep\/\"},{\"@type\":\"ListItem\",\"position\":2,\"name\":\"Wszystkie produkty\",\"item\":\"https:\/\/ironsky.pl\/sklep\/produkty\/\"},{\"@type\":\"ListItem\",\"position\":3,\"name\":\"Panel LED NEEWER GL1 Pro 2900-7000K\"}]},{\"@type\":\"WebSite\",\"@id\":\"https:\/\/ironsky.pl\/sklep\/#website\",\"url\":\"https:\/\/ironsky.pl\/sklep\/\",\"name\":\"IRONSKY.PL Sklep z Dronami\",\"description\":\"IRONSKY.PL Sklep z Dronami\",\"potentialAction\":[{\"@type\":\"SearchAction\",\"target\":{\"@type\":\"EntryPoint\",\"urlTemplate\":\"https:\/\/ironsky.pl\/sklep\/?s={search_term_string}\"},\"query-input\":{\"@type\":\"PropertyValueSpecification\",\"valueRequired\":true,\"valueName\":\"search_term_string\"}}],\"inLanguage\":\"pl-PL\"}]}<\/script>\n<!-- \/ Yoast SEO plugin. -->","yoast_head_json":{"title":"Panel LED NEEWER GL1 Pro 2900-7000K - IRONSKY.PL Sklep z Dronami","description":"Panel LED NEEWER GL1 Pro 2900-7000K - \u2705 sklep z dronami i fachowym doradztwem. \u2705 Tutaj kupisz produkty DJI, Yuneec, Parrot, Syma i wiele innych, a tak\u017ce kursy i licencje na operatora drona.","robots":{"index":"index","follow":"follow","max-snippet":"max-snippet:-1","max-image-preview":"max-image-preview:large","max-video-preview":"max-video-preview:-1"},"canonical":"https:\/\/ironsky.pl\/sklep\/produkt\/panel-led-neewer-gl1-pro-2900-7000k\/","og_locale":"pl_PL","og_type":"article","og_title":"Panel LED NEEWER GL1 Pro 2900-7000K - IRONSKY.PL Sklep z Dronami","og_description":"Panel LED NEEWER GL1 Pro 2900-7000K - \u2705 sklep z dronami i fachowym doradztwem. \u2705 Tutaj kupisz produkty DJI, Yuneec, Parrot, Syma i wiele innych, a tak\u017ce kursy i licencje na operatora drona.","og_url":"https:\/\/ironsky.pl\/sklep\/produkt\/panel-led-neewer-gl1-pro-2900-7000k\/","og_site_name":"IRONSKY.PL Sklep z Dronami","article_modified_time":"2026-04-15T08:35:50+00:00","og_image":[{"width":800,"height":800,"url":"https:\/\/ironsky.pl\/sklep\/wp-content\/uploads\/2026\/04\/42309_1.jpg","type":"image\/jpeg"}],"twitter_card":"summary_large_image","twitter_misc":{"Szacowany czas czytania":"2 minuty"},"schema":{"@context":"https:\/\/schema.org","@graph":[{"@type":"WebPage","@id":"https:\/\/ironsky.pl\/sklep\/produkt\/panel-led-neewer-gl1-pro-2900-7000k\/","url":"https:\/\/ironsky.pl\/sklep\/produkt\/panel-led-neewer-gl1-pro-2900-7000k\/","name":"Panel LED NEEWER GL1 Pro 2900-7000K - IRONSKY.PL Sklep z Dronami","isPartOf":{"@id":"https:\/\/ironsky.pl\/sklep\/#website"},"primaryImageOfPage":{"@id":"https:\/\/ironsky.pl\/sklep\/produkt\/panel-led-neewer-gl1-pro-2900-7000k\/#primaryimage"},"image":{"@id":"https:\/\/ironsky.pl\/sklep\/produkt\/panel-led-neewer-gl1-pro-2900-7000k\/#primaryimage"},"thumbnailUrl":"https:\/\/ironsky.pl\/sklep\/wp-content\/uploads\/2026\/04\/42309_1.jpg","datePublished":"2026-04-15T08:35:20+00:00","dateModified":"2026-04-15T08:35:50+00:00","description":"Panel LED NEEWER GL1 Pro 2900-7000K - \u2705 sklep z dronami i fachowym doradztwem. \u2705 Tutaj kupisz produkty DJI, Yuneec, Parrot, Syma i wiele innych, a tak\u017ce kursy i licencje na operatora drona.","breadcrumb":{"@id":"https:\/\/ironsky.pl\/sklep\/produkt\/panel-led-neewer-gl1-pro-2900-7000k\/#breadcrumb"},"inLanguage":"pl-PL","potentialAction":[{"@type":"ReadAction","target":["https:\/\/ironsky.pl\/sklep\/produkt\/panel-led-neewer-gl1-pro-2900-7000k\/"]}]},{"@type":"ImageObject","inLanguage":"pl-PL","@id":"https:\/\/ironsky.pl\/sklep\/produkt\/panel-led-neewer-gl1-pro-2900-7000k\/#primaryimage","url":"https:\/\/ironsky.pl\/sklep\/wp-content\/uploads\/2026\/04\/42309_1.jpg","contentUrl":"https:\/\/ironsky.pl\/sklep\/wp-content\/uploads\/2026\/04\/42309_1.jpg","width":800,"height":800},{"@type":"BreadcrumbList","@id":"https:\/\/ironsky.pl\/sklep\/produkt\/panel-led-neewer-gl1-pro-2900-7000k\/#breadcrumb","itemListElement":[{"@type":"ListItem","position":1,"name":"Strona g\u0142\u00f3wna","item":"https:\/\/ironsky.pl\/sklep\/"},{"@type":"ListItem","position":2,"name":"Wszystkie produkty","item":"https:\/\/ironsky.pl\/sklep\/produkty\/"},{"@type":"ListItem","position":3,"name":"Panel LED NEEWER GL1 Pro 2900-7000K"}]},{"@type":"WebSite","@id":"https:\/\/ironsky.pl\/sklep\/#website","url":"https:\/\/ironsky.pl\/sklep\/","name":"IRONSKY.PL Sklep z Dronami","description":"IRONSKY.PL Sklep z Dronami","potentialAction":[{"@type":"SearchAction","target":{"@type":"EntryPoint","urlTemplate":"https:\/\/ironsky.pl\/sklep\/?s={search_term_string}"},"query-input":{"@type":"PropertyValueSpecification","valueRequired":true,"valueName":"search_term_string"}}],"inLanguage":"pl-PL"}]}},"_links":{"self":[{"href":"https:\/\/ironsky.pl\/sklep\/wp-json\/wp\/v2\/product\/58350","targetHints":{"allow":["GET"]}}],"collection":[{"href":"https:\/\/ironsky.pl\/sklep\/wp-json\/wp\/v2\/product"}],"about":[{"href":"https:\/\/ironsky.pl\/sklep\/wp-json\/wp\/v2\/types\/product"}],"replies":[{"embeddable":true,"href":"https:\/\/ironsky.pl\/sklep\/wp-json\/wp\/v2\/comments?post=58350"}],"wp:featuredmedia":[{"embeddable":true,"href":"https:\/\/ironsky.pl\/sklep\/wp-json\/wp\/v2\/media\/58351"}],"wp:attachment":[{"href":"https:\/\/ironsky.pl\/sklep\/wp-json\/wp\/v2\/media?parent=58350"}],"wp:term":[{"taxonomy":"product_brand","embeddable":true,"href":"https:\/\/ironsky.pl\/sklep\/wp-json\/wp\/v2\/product_brand?post=58350"},{"taxonomy":"product_cat","embeddable":true,"href":"https:\/\/ironsky.pl\/sklep\/wp-json\/wp\/v2\/product_cat?post=58350"},{"taxonomy":"product_tag","embeddable":true,"href":"https:\/\/ironsky.pl\/sklep\/wp-json\/wp\/v2\/product_tag?post=58350"}],"curies":[{"name":"wp","href":"https:\/\/api.w.org\/{rel}","templated":true}]}}