{"id":58333,"date":"2026-04-15T10:35:20","date_gmt":"2026-04-15T08:35:20","guid":{"rendered":"https:\/\/ironsky.pl\/sklep\/produkt\/zestaw-lamp-studyjnych-neewer-rgb168-2x60w\/"},"modified":"2026-04-15T10:35:38","modified_gmt":"2026-04-15T08:35:38","slug":"zestaw-lamp-studyjnych-neewer-rgb168-2x60w","status":"publish","type":"product","link":"https:\/\/ironsky.pl\/sklep\/produkt\/zestaw-lamp-studyjnych-neewer-rgb168-2x60w\/","title":{"rendered":"Zestaw lamp studyjnych NEEWER RGB168 2x60W"},"content":{"rendered":"<h3>Zestaw studyjny Neewer RGB168 RGB LED, dwie lampy 60W 2500-8500K + statywy<\/h3>\n<p>Zestaw studyjny Neewer RGB168 RGB LED to zaawansowane rozwi\u0105zanie o\u015bwietleniowe dla profesjonalist\u00f3w zajmuj\u0105cych si\u0119 fotografi\u0105 i filmem, a tak\u017ce dla tw\u00f3rc\u00f3w tre\u015bci na platformach takich jak YouTube czy TikTok. Sk\u0142ada si\u0119 z dw\u00f3ch paneli \u015bwietlnych \u2013 ka\u017cdy z nich jest wyposa\u017cony w 144 diody RGBWW i zapewnia jasno\u015b\u0107 do 5000 luks\u00f3w. Wyr\u00f3\u017cnia je tak\u017ce szeroki zakres temperatury barwowej (od 2500K do 8500K), k\u0105t padania \u015bwiat\u0142a 120\u00b0 oraz wysoki wska\u017anik CRI 97+, co gwarantuje wiern\u0105 reprodukcj\u0119 kolor\u00f3w. W opakowaniu znajdziesz r\u00f3wnie\u017c praktyczn\u0105 torb\u0119 transportow\u0105.<\/p>\n<p><img decoding=\"async\" src=\"https:\/\/assets.innpro.pl\/5650\/6647\/5.jpg\" border=\"0\" alt=\"\"><\/p>\n<h3>Dostosuj \u015bwiat\u0142o do swoich potrzeb<\/h3>\n<p>Zapewnij sobie dok\u0142adnie takie o\u015bwietlenie, na jakim Ci zale\u017cy. Wchodz\u0105ce w sk\u0142ad zestawu lampy umo\u017cliwiaj\u0105 regulacj\u0119 jasno\u015bci i koloru \u015bwiat\u0142a. Da si\u0119 te\u017c dostosowa\u0107 jego temperatur\u0119 barwow\u0105 w zakresie 2500-8500K. Do dyspozycji masz tak\u017ce 17 specjalnych efekt\u00f3w \u015bwietlnych, takich jak na przyk\u0142ad B\u0142yskawica, Paparazzi, P\u0142omie\u0144 \u015awiecy, Fajerwerki czy Impreza. Mo\u017cesz wi\u0119c z \u0142atwo\u015bci\u0105 stworzy\u0107 fantastyczn\u0105 atmosfer\u0119 podczas kr\u0119cenia filmu na weselu, prowadzenia transmisji na \u017cywo i nie tylko!<\/p>\n<p><img decoding=\"async\" src=\"https:\/\/assets.innpro.pl\/5650\/6647\/1.jpg\" border=\"0\" alt=\"\"><\/p>\n<h3>Elastyczno\u015b\u0107 zasilania<\/h3>\n<p>Wchodz\u0105ce w sk\u0142ad zestawu lampy mog\u0105 by\u0107 zasilane na dwa sposoby: za pomoc\u0105 do\u0142\u0105czonego do opakowania adaptera DC 15 V 4,8 A lub przy u\u017cyciu akumulator\u00f3w Sony NP-F (brak w zestawie). Dzi\u0119ki temu zyskujesz wyj\u0105tkow\u0105 elastyczno\u015b\u0107 \u2013 mo\u017cesz bez problemu pracowa\u0107 r\u00f3\u017cnych warunkach, zar\u00f3wno w studio, jak i w plenerze. To doskona\u0142a opcja dla fotograf\u00f3w i filmowc\u00f3w, kt\u00f3rzy cz\u0119sto zmieniaj\u0105 lokalizacje!<\/p>\n<p><img decoding=\"async\" src=\"https:\/\/assets.innpro.pl\/5650\/6647\/4.jpg\" border=\"0\" alt=\"\"><\/p>\n<h3>Sterowanie za pomoc\u0105 aplikacji<\/h3>\n<p>Sterowanie panelami RGB168 odbywa si\u0119 za po\u015brednictwem aplikacji, kt\u00f3ra umo\u017cliwia zarz\u0105dzanie maksymalnie 8 grupami urz\u0105dze\u0144 oraz zapisywanie dw\u00f3ch zestaw\u00f3w ustawie\u0144 \u015bwietlnych. Dzi\u0119ki temu mo\u017cesz szybko i \u0142atwo dostosowa\u0107 o\u015bwietlenie do zmieniaj\u0105cych si\u0119 warunk\u00f3w i wymaga\u0144 scenariusza. Teraz wszystko, co mo\u017ce Ci si\u0119 przyda\u0107, masz na wyci\u0105gni\u0119cie r\u0119ki!<\/p>\n<p><img decoding=\"async\" src=\"https:\/\/assets.innpro.pl\/5650\/6647\/7.jpg\" border=\"0\" alt=\"\"><\/p>\n<h3>Solidne, regulowane statywy<\/h3>\n<p>W sk\u0142ad zestawu wchodz\u0105 te\u017c dwa metalowe statywy, kt\u00f3re zapewni\u0105 Twoim panelom \u015bwietlnym stabilno\u015b\u0107 i bezpiecze\u0144stwo. Mo\u017cesz te\u017c regulowa\u0107 ich wysoko\u015b\u0107 w zakresie od 85 cm do 200 cm, co pozwala na optymalne dostosowanie \u015bwiat\u0142a do aktualnych potrzeb. Ich maksymalne obci\u0105\u017cenie wynosi 10 kg, co \u015bwiadczy o ich solidno\u015bci i zdolno\u015bci do utrzymania ci\u0119\u017cszego sprz\u0119tu.<\/p>\n<p><img decoding=\"async\" src=\"https:\/\/assets.innpro.pl\/5650\/6647\/2.jpg\" border=\"0\" alt=\"\"><\/p>\n<h3>W zestawie<\/h3>\n<ul>\n<li>2x lampa RGB168 LED<\/li>\n<li>2x uchwyt monta\u017cowy<\/li>\n<li>2x statyw<\/li>\n<li>2x adapter zasilania<\/li>\n<li>2x kabel zasilaj\u0105cy<\/li>\n<li>1x torba transportowa<\/li>\n<\/ul>\n<div class=\"table-wrapper\">\n<p>&nbsp;<\/p>\n<h3><\/h3>\n<table>\n<tbody>\n<tr>\n<th>Producent<\/th>\n<td>Neewer<\/td>\n<\/tr>\n<tr>\n<th>Model<\/th>\n<td>B09P4NDP1N<\/td>\n<\/tr>\n<tr>\n<th>Liczba diod LED<\/th>\n<td>144 RGBWW<\/td>\n<\/tr>\n<tr>\n<th>Wej\u015bcie DC<\/th>\n<td>DC 15 V 4,8 A<\/td>\n<\/tr>\n<tr>\n<th>Moc maksymalna<\/th>\n<td>60 W<\/td>\n<\/tr>\n<tr>\n<th>Maks. jasno\u015b\u0107<\/th>\n<td>5000 luks\u00f3w \/ 0,5 m (5600K); 1500 luks\u00f3w \/ 1 m (5600K)<\/td>\n<\/tr>\n<tr>\n<th>CRI<\/th>\n<td>97+<\/td>\n<\/tr>\n<tr>\n<th>Zakres \u015bciemniania<\/th>\n<td>0-100%<\/td>\n<\/tr>\n<tr>\n<th>Temperatura barwowa<\/th>\n<td>2500-8500K<\/td>\n<\/tr>\n<tr>\n<th>K\u0105t odcienia<\/th>\n<td>0-360\u00b0<\/td>\n<\/tr>\n<tr>\n<th>Zakres nasycenia<\/th>\n<td>0-100%<\/td>\n<\/tr>\n<tr>\n<th>\u0179r\u00f3d\u0142o zasilania<\/th>\n<td>Adapter zasilania DC 15 V 4,8 A lub 2-pak akumulator\u00f3w Sony NP-F (brak w zestawie)<\/td>\n<\/tr>\n<tr>\n<th>Wymiary panelu \u015bwietlnego<\/th>\n<td>43,3 x 29,7 x 2,45 cm<\/td>\n<\/tr>\n<tr>\n<th>Waga panelu \u015bwietlnego<\/th>\n<td>2,12 kg<\/td>\n<\/tr>\n<tr>\n<th>Materia\u0142 statywu<\/th>\n<td>Metal<\/td>\n<\/tr>\n<tr>\n<th>D\u0142ugo\u015b\u0107 statywu po z\u0142o\u017ceniu<\/th>\n<td>72 cm<\/td>\n<\/tr>\n<tr>\n<th>Wysoko\u015b\u0107 statywu<\/th>\n<td>85-200 cm<\/td>\n<\/tr>\n<tr>\n<th>Maks. obci\u0105\u017cenie statywu<\/th>\n<td>10 kg<\/td>\n<\/tr>\n<tr>\n<th>\u015arednica rurek statywu<\/th>\n<td>28 mm, 25 mm, 22 mm<\/td>\n<\/tr>\n<tr>\n<th>Waga statywu<\/th>\n<td>1,43 kg<\/td>\n<\/tr>\n<\/tbody>\n<\/table>\n<\/div>\n","protected":false},"excerpt":{"rendered":"<p>Zestaw studyjny Neewer RGB168 RGB LED, dwie lampy 60W 2500-8500K + statywy Zestaw studyjny Neewer RGB168 RGB LED to zaawansowane<\/p>\n","protected":false},"featured_media":58334,"comment_status":"closed","ping_status":"open","template":"","meta":{"_acf_changed":false},"product_brand":[],"product_cat":[1128,6180],"product_tag":[],"class_list":{"0":"post-58333","1":"product","2":"type-product","3":"status-publish","4":"has-post-thumbnail","6":"product_cat-foto-wideo","7":"product_cat-zestawy-foto-wideo-2","8":"pa_okres-gwarancji-5754","9":"pa_producent-neewer","11":"first","12":"outofstock","13":"taxable","14":"shipping-taxable","15":"purchasable","16":"product-type-simple"},"acf":[],"yoast_head":"<!-- This site is optimized with the Yoast SEO plugin v27.2 - https:\/\/yoast.com\/product\/yoast-seo-wordpress\/ -->\n<title>Zestaw lamp studyjnych NEEWER RGB168 2x60W - IRONSKY.PL Sklep z Dronami<\/title>\n<meta name=\"description\" content=\"Zestaw lamp studyjnych NEEWER RGB168 2x60W - \u2705 sklep z dronami i fachowym doradztwem. \u2705 Tutaj kupisz produkty DJI, Yuneec, Parrot, Syma i wiele innych, a tak\u017ce kursy i licencje na operatora drona.\" \/>\n<meta name=\"robots\" content=\"index, follow, max-snippet:-1, max-image-preview:large, max-video-preview:-1\" \/>\n<link rel=\"canonical\" href=\"https:\/\/ironsky.pl\/sklep\/produkt\/zestaw-lamp-studyjnych-neewer-rgb168-2x60w\/\" \/>\n<meta property=\"og:locale\" content=\"pl_PL\" \/>\n<meta property=\"og:type\" content=\"article\" \/>\n<meta property=\"og:title\" content=\"Zestaw lamp studyjnych NEEWER RGB168 2x60W - IRONSKY.PL Sklep z Dronami\" \/>\n<meta property=\"og:description\" content=\"Zestaw lamp studyjnych NEEWER RGB168 2x60W - \u2705 sklep z dronami i fachowym doradztwem. \u2705 Tutaj kupisz produkty DJI, Yuneec, Parrot, Syma i wiele innych, a tak\u017ce kursy i licencje na operatora drona.\" \/>\n<meta property=\"og:url\" content=\"https:\/\/ironsky.pl\/sklep\/produkt\/zestaw-lamp-studyjnych-neewer-rgb168-2x60w\/\" \/>\n<meta property=\"og:site_name\" content=\"IRONSKY.PL Sklep z Dronami\" \/>\n<meta property=\"article:modified_time\" content=\"2026-04-15T08:35:38+00:00\" \/>\n<meta property=\"og:image\" content=\"https:\/\/ironsky.pl\/sklep\/wp-content\/uploads\/2026\/04\/42263_1.jpg\" \/>\n\t<meta property=\"og:image:width\" content=\"800\" \/>\n\t<meta property=\"og:image:height\" content=\"800\" \/>\n\t<meta property=\"og:image:type\" content=\"image\/jpeg\" \/>\n<meta name=\"twitter:card\" content=\"summary_large_image\" \/>\n<meta name=\"twitter:label1\" content=\"Szacowany czas czytania\" \/>\n\t<meta name=\"twitter:data1\" content=\"3 minuty\" \/>\n<script type=\"application\/ld+json\" class=\"yoast-schema-graph\">{\"@context\":\"https:\/\/schema.org\",\"@graph\":[{\"@type\":\"WebPage\",\"@id\":\"https:\/\/ironsky.pl\/sklep\/produkt\/zestaw-lamp-studyjnych-neewer-rgb168-2x60w\/\",\"url\":\"https:\/\/ironsky.pl\/sklep\/produkt\/zestaw-lamp-studyjnych-neewer-rgb168-2x60w\/\",\"name\":\"Zestaw lamp studyjnych NEEWER RGB168 2x60W - IRONSKY.PL Sklep z Dronami\",\"isPartOf\":{\"@id\":\"https:\/\/ironsky.pl\/sklep\/#website\"},\"primaryImageOfPage\":{\"@id\":\"https:\/\/ironsky.pl\/sklep\/produkt\/zestaw-lamp-studyjnych-neewer-rgb168-2x60w\/#primaryimage\"},\"image\":{\"@id\":\"https:\/\/ironsky.pl\/sklep\/produkt\/zestaw-lamp-studyjnych-neewer-rgb168-2x60w\/#primaryimage\"},\"thumbnailUrl\":\"https:\/\/ironsky.pl\/sklep\/wp-content\/uploads\/2026\/04\/42263_1.jpg\",\"datePublished\":\"2026-04-15T08:35:20+00:00\",\"dateModified\":\"2026-04-15T08:35:38+00:00\",\"description\":\"Zestaw lamp studyjnych NEEWER RGB168 2x60W - \u2705 sklep z dronami i fachowym doradztwem. \u2705 Tutaj kupisz produkty DJI, Yuneec, Parrot, Syma i wiele innych, a tak\u017ce kursy i licencje na operatora drona.\",\"breadcrumb\":{\"@id\":\"https:\/\/ironsky.pl\/sklep\/produkt\/zestaw-lamp-studyjnych-neewer-rgb168-2x60w\/#breadcrumb\"},\"inLanguage\":\"pl-PL\",\"potentialAction\":[{\"@type\":\"ReadAction\",\"target\":[\"https:\/\/ironsky.pl\/sklep\/produkt\/zestaw-lamp-studyjnych-neewer-rgb168-2x60w\/\"]}]},{\"@type\":\"ImageObject\",\"inLanguage\":\"pl-PL\",\"@id\":\"https:\/\/ironsky.pl\/sklep\/produkt\/zestaw-lamp-studyjnych-neewer-rgb168-2x60w\/#primaryimage\",\"url\":\"https:\/\/ironsky.pl\/sklep\/wp-content\/uploads\/2026\/04\/42263_1.jpg\",\"contentUrl\":\"https:\/\/ironsky.pl\/sklep\/wp-content\/uploads\/2026\/04\/42263_1.jpg\",\"width\":800,\"height\":800},{\"@type\":\"BreadcrumbList\",\"@id\":\"https:\/\/ironsky.pl\/sklep\/produkt\/zestaw-lamp-studyjnych-neewer-rgb168-2x60w\/#breadcrumb\",\"itemListElement\":[{\"@type\":\"ListItem\",\"position\":1,\"name\":\"Strona g\u0142\u00f3wna\",\"item\":\"https:\/\/ironsky.pl\/sklep\/\"},{\"@type\":\"ListItem\",\"position\":2,\"name\":\"Wszystkie produkty\",\"item\":\"https:\/\/ironsky.pl\/sklep\/produkty\/\"},{\"@type\":\"ListItem\",\"position\":3,\"name\":\"Zestaw lamp studyjnych NEEWER RGB168 2x60W\"}]},{\"@type\":\"WebSite\",\"@id\":\"https:\/\/ironsky.pl\/sklep\/#website\",\"url\":\"https:\/\/ironsky.pl\/sklep\/\",\"name\":\"IRONSKY.PL Sklep z Dronami\",\"description\":\"IRONSKY.PL Sklep z Dronami\",\"potentialAction\":[{\"@type\":\"SearchAction\",\"target\":{\"@type\":\"EntryPoint\",\"urlTemplate\":\"https:\/\/ironsky.pl\/sklep\/?s={search_term_string}\"},\"query-input\":{\"@type\":\"PropertyValueSpecification\",\"valueRequired\":true,\"valueName\":\"search_term_string\"}}],\"inLanguage\":\"pl-PL\"}]}<\/script>\n<!-- \/ Yoast SEO plugin. -->","yoast_head_json":{"title":"Zestaw lamp studyjnych NEEWER RGB168 2x60W - IRONSKY.PL Sklep z Dronami","description":"Zestaw lamp studyjnych NEEWER RGB168 2x60W - \u2705 sklep z dronami i fachowym doradztwem. \u2705 Tutaj kupisz produkty DJI, Yuneec, Parrot, Syma i wiele innych, a tak\u017ce kursy i licencje na operatora drona.","robots":{"index":"index","follow":"follow","max-snippet":"max-snippet:-1","max-image-preview":"max-image-preview:large","max-video-preview":"max-video-preview:-1"},"canonical":"https:\/\/ironsky.pl\/sklep\/produkt\/zestaw-lamp-studyjnych-neewer-rgb168-2x60w\/","og_locale":"pl_PL","og_type":"article","og_title":"Zestaw lamp studyjnych NEEWER RGB168 2x60W - IRONSKY.PL Sklep z Dronami","og_description":"Zestaw lamp studyjnych NEEWER RGB168 2x60W - \u2705 sklep z dronami i fachowym doradztwem. \u2705 Tutaj kupisz produkty DJI, Yuneec, Parrot, Syma i wiele innych, a tak\u017ce kursy i licencje na operatora drona.","og_url":"https:\/\/ironsky.pl\/sklep\/produkt\/zestaw-lamp-studyjnych-neewer-rgb168-2x60w\/","og_site_name":"IRONSKY.PL Sklep z Dronami","article_modified_time":"2026-04-15T08:35:38+00:00","og_image":[{"width":800,"height":800,"url":"https:\/\/ironsky.pl\/sklep\/wp-content\/uploads\/2026\/04\/42263_1.jpg","type":"image\/jpeg"}],"twitter_card":"summary_large_image","twitter_misc":{"Szacowany czas czytania":"3 minuty"},"schema":{"@context":"https:\/\/schema.org","@graph":[{"@type":"WebPage","@id":"https:\/\/ironsky.pl\/sklep\/produkt\/zestaw-lamp-studyjnych-neewer-rgb168-2x60w\/","url":"https:\/\/ironsky.pl\/sklep\/produkt\/zestaw-lamp-studyjnych-neewer-rgb168-2x60w\/","name":"Zestaw lamp studyjnych NEEWER RGB168 2x60W - IRONSKY.PL Sklep z Dronami","isPartOf":{"@id":"https:\/\/ironsky.pl\/sklep\/#website"},"primaryImageOfPage":{"@id":"https:\/\/ironsky.pl\/sklep\/produkt\/zestaw-lamp-studyjnych-neewer-rgb168-2x60w\/#primaryimage"},"image":{"@id":"https:\/\/ironsky.pl\/sklep\/produkt\/zestaw-lamp-studyjnych-neewer-rgb168-2x60w\/#primaryimage"},"thumbnailUrl":"https:\/\/ironsky.pl\/sklep\/wp-content\/uploads\/2026\/04\/42263_1.jpg","datePublished":"2026-04-15T08:35:20+00:00","dateModified":"2026-04-15T08:35:38+00:00","description":"Zestaw lamp studyjnych NEEWER RGB168 2x60W - \u2705 sklep z dronami i fachowym doradztwem. \u2705 Tutaj kupisz produkty DJI, Yuneec, Parrot, Syma i wiele innych, a tak\u017ce kursy i licencje na operatora drona.","breadcrumb":{"@id":"https:\/\/ironsky.pl\/sklep\/produkt\/zestaw-lamp-studyjnych-neewer-rgb168-2x60w\/#breadcrumb"},"inLanguage":"pl-PL","potentialAction":[{"@type":"ReadAction","target":["https:\/\/ironsky.pl\/sklep\/produkt\/zestaw-lamp-studyjnych-neewer-rgb168-2x60w\/"]}]},{"@type":"ImageObject","inLanguage":"pl-PL","@id":"https:\/\/ironsky.pl\/sklep\/produkt\/zestaw-lamp-studyjnych-neewer-rgb168-2x60w\/#primaryimage","url":"https:\/\/ironsky.pl\/sklep\/wp-content\/uploads\/2026\/04\/42263_1.jpg","contentUrl":"https:\/\/ironsky.pl\/sklep\/wp-content\/uploads\/2026\/04\/42263_1.jpg","width":800,"height":800},{"@type":"BreadcrumbList","@id":"https:\/\/ironsky.pl\/sklep\/produkt\/zestaw-lamp-studyjnych-neewer-rgb168-2x60w\/#breadcrumb","itemListElement":[{"@type":"ListItem","position":1,"name":"Strona g\u0142\u00f3wna","item":"https:\/\/ironsky.pl\/sklep\/"},{"@type":"ListItem","position":2,"name":"Wszystkie produkty","item":"https:\/\/ironsky.pl\/sklep\/produkty\/"},{"@type":"ListItem","position":3,"name":"Zestaw lamp studyjnych NEEWER RGB168 2x60W"}]},{"@type":"WebSite","@id":"https:\/\/ironsky.pl\/sklep\/#website","url":"https:\/\/ironsky.pl\/sklep\/","name":"IRONSKY.PL Sklep z Dronami","description":"IRONSKY.PL Sklep z Dronami","potentialAction":[{"@type":"SearchAction","target":{"@type":"EntryPoint","urlTemplate":"https:\/\/ironsky.pl\/sklep\/?s={search_term_string}"},"query-input":{"@type":"PropertyValueSpecification","valueRequired":true,"valueName":"search_term_string"}}],"inLanguage":"pl-PL"}]}},"_links":{"self":[{"href":"https:\/\/ironsky.pl\/sklep\/wp-json\/wp\/v2\/product\/58333","targetHints":{"allow":["GET"]}}],"collection":[{"href":"https:\/\/ironsky.pl\/sklep\/wp-json\/wp\/v2\/product"}],"about":[{"href":"https:\/\/ironsky.pl\/sklep\/wp-json\/wp\/v2\/types\/product"}],"replies":[{"embeddable":true,"href":"https:\/\/ironsky.pl\/sklep\/wp-json\/wp\/v2\/comments?post=58333"}],"wp:featuredmedia":[{"embeddable":true,"href":"https:\/\/ironsky.pl\/sklep\/wp-json\/wp\/v2\/media\/58334"}],"wp:attachment":[{"href":"https:\/\/ironsky.pl\/sklep\/wp-json\/wp\/v2\/media?parent=58333"}],"wp:term":[{"taxonomy":"product_brand","embeddable":true,"href":"https:\/\/ironsky.pl\/sklep\/wp-json\/wp\/v2\/product_brand?post=58333"},{"taxonomy":"product_cat","embeddable":true,"href":"https:\/\/ironsky.pl\/sklep\/wp-json\/wp\/v2\/product_cat?post=58333"},{"taxonomy":"product_tag","embeddable":true,"href":"https:\/\/ironsky.pl\/sklep\/wp-json\/wp\/v2\/product_tag?post=58333"}],"curies":[{"name":"wp","href":"https:\/\/api.w.org\/{rel}","templated":true}]}}