{"id":58331,"date":"2026-04-15T10:35:20","date_gmt":"2026-04-15T08:35:20","guid":{"rendered":"https:\/\/ironsky.pl\/sklep\/produkt\/zestaw-lamp-studyjnych-neewer-660-pro-rgb-led-50w-x2\/"},"modified":"2026-04-15T10:35:37","modified_gmt":"2026-04-15T08:35:37","slug":"zestaw-lamp-studyjnych-neewer-660-pro-rgb-led-50w-x2","status":"publish","type":"product","link":"https:\/\/ironsky.pl\/sklep\/produkt\/zestaw-lamp-studyjnych-neewer-660-pro-rgb-led-50w-x2\/","title":{"rendered":"Zestaw lamp studyjnych NEEWER 660 PRO RGB LED 50W x2"},"content":{"rendered":"<h3>Zestaw studyjny Neewer 660 PRO RGB LED, dwie lampy 50W 3200-5600K + statywy + wrota<\/h3>\n<p>Zestaw studyjny Neewer 660 PRO RGB LED jest przeznaczony dla filmowc\u00f3w, fotograf\u00f3w oraz tw\u00f3rc\u00f3w tre\u015bci, oferuj\u0105c wyj\u0105tkow\u0105 moc 50 W i jasno\u015b\u0107 do 7000 luks\u00f3w. Zawiera dwie lampy, ka\u017cda z 660 diodami LED, oraz dwa regulowane statywy. Umo\u017cliwia swobodne dostosowywanie jasno\u015bci, koloru i temperatury barwowej \u015bwiat\u0142a, co zapewnia precyzyjn\u0105 kontrol\u0119 nad atmosfer\u0105 na ka\u017cdym uj\u0119ciu. Co wi\u0119cej, dzi\u0119ki wska\u017anikowi CRI na poziomie 97+ wszystkie barwy s\u0105 odwzorowywane z najwy\u017csz\u0105 autentyczno\u015bci\u0105. W sk\u0142ad zestawu wchodz\u0105 tak\u017ce 2 praktyczne torby transportowe.<\/p>\n<p>\n<img decoding=\"async\" src=\"https:\/\/assets.innpro.pl\/5647\/6644\/3.jpg\" border=\"0\" \/>\n<\/p>\n<h3>Elastyczne opcje zasilania i doskona\u0142e odprowadzanie ciep\u0142a<\/h3>\n<p>Wchodz\u0105ce w sk\u0142ad zestawu lampy mog\u0105 by\u0107 zasilane za pomoc\u0105 do\u0142\u0105czonego adaptera AC, co idealnie nadaje si\u0119 na przyk\u0142ad do u\u017cytku studyjnego. Istnieje r\u00f3wnie\u017c mo\u017cliwo\u015b\u0107 zasilania ich z wykorzystaniem akumulator\u00f3w NP-F550 \/ NP-F970 (brak w zestawie) dla wi\u0119kszej mobilno\u015bci podczas pracy w terenie. To jednak nie wszystko \u2013 panel ze stopu aluminium zapewnia efektywne odprowadzanie ciep\u0142a, co przed\u0142u\u017ca czas pracy i zwi\u0119ksza wydajno\u015b\u0107 o\u015bwietlenia.<\/p>\n<p>\n<img decoding=\"async\" src=\"https:\/\/assets.innpro.pl\/5647\/6644\/1.jpg\" border=\"0\" \/>\n<\/p>\n<h3>O\u015bwietlenie, jakiego potrzebujesz<\/h3>\n<p>Lampy oferuj\u0105 9 predefiniowanych tryb\u00f3w, takich jak na przyk\u0142ad Fajerwerki, B\u0142yskawica czy P\u0142omie\u0144 \u015awiecy. Dzi\u0119ki temu mo\u017cesz bez wysi\u0142ku tworzy\u0107 magiczne efekty wizualne w swoich filmach, zdj\u0119ciach czy transmisjach na \u017cywo! Ka\u017cde urz\u0105dzenie pozwala tak\u017ce na p\u0142ynn\u0105 regulacj\u0119 jasno\u015bci, koloru i temperatury barwowej \u015bwiat\u0142a (od 3200K do 5600K). To przek\u0142ada si\u0119 na pe\u0142n\u0105 kontrol\u0119 nad o\u015bwietleniem i atmosfer\u0105 ka\u017cdej sceny. Dost\u0119pna jest r\u00f3wnie\u017c dedykowana aplikacja Neewer, kt\u00f3ra umo\u017cliwia zdaln\u0105 kontrol\u0119 ustawie\u0144 o\u015bwietlenia z odleg\u0142o\u015bci do 15 m. Za jej pomoc\u0105 mo\u017cesz te\u017c sterowa\u0107 kilkoma lampami grupowo.<\/p>\n<p>\n<img decoding=\"async\" src=\"https:\/\/assets.innpro.pl\/5647\/6644\/9.jpg\" border=\"0\" \/>\n<\/p>\n<h3>Solidne i regulowane statywy<\/h3>\n<p>W sk\u0142ad zestawu wchodz\u0105 tak\u017ce dwa statywy do lamp. Do ich wykonania zastosowano trwa\u0142y stop aluminium, dzi\u0119ki czemu s\u0105 bardzo lekkie, a zarazem stabilne. Mo\u017cesz te\u017c regulowa\u0107 ich wysoko\u015b\u0107 w zakresie od 92 cm do 200 cm. Ponadto dzi\u0119ki uchwytowi w kszta\u0142cie litery U lampy mog\u0105 by\u0107 nachylane do 180\u00b0, co pozwala na elastyczne ustawienie k\u0105ta o\u015bwietlenia. Do dyspozycji masz tak\u017ce czteroskrzyd\u0142owe wrota oraz zdejmowany dyfuzor, kt\u00f3ry zapewnia delikatny i osza\u0142amiaj\u0105cy efekt \u015bwietlny.\u00a0<\/p>\n<p>\n<img decoding=\"async\" src=\"https:\/\/assets.innpro.pl\/5647\/6644\/4.jpg\" border=\"0\" \/>\n<\/p>\n<h3>W zestawie<\/h3>\n<ul class=\"list-disc pl-5\">\n<li>2x lampa 660 II PRO RGB LED<\/li>\n<li>2x statyw<\/li>\n<li>2x dyfuzor<\/li>\n<li>2x adapter zasilania AC<\/li>\n<li>2x kabel zasilaj\u0105cy<\/li>\n<li>2x torba transportowa<\/li>\n<\/ul>\n<div class=\"table-wrapper\">\n<p>\u00a0<\/p>\n<h3><\/h3>\n<table>\n<tbody>\n<tr>\n<th>Producent<\/th>\n<td>Neewer<\/td>\n<\/tr>\n<tr>\n<th>Model<\/th>\n<td>B08M5SCZLT<\/td>\n<\/tr>\n<tr>\n<th>Moc<\/th>\n<td>50 W<\/td>\n<\/tr>\n<tr>\n<th>Liczba diod LED<\/th>\n<td>660 (170 zimne \u015bwiat\u0142o, 170 ciep\u0142e \u015bwiat\u0142o, 320 RGB)<\/td>\n<\/tr>\n<tr>\n<th>CRI<\/th>\n<td>97+<\/td>\n<\/tr>\n<tr>\n<th>Jasno\u015b\u0107<\/th>\n<td>Do 7000 luks\u00f3w \/ 0,5 m; Do 2200 luks\u00f3w \/ 1 m;<\/td>\n<\/tr>\n<tr>\n<th>Zakres \u015bciemniania<\/th>\n<td>0-100%<\/td>\n<\/tr>\n<tr>\n<th>Temperatura barwowa<\/th>\n<td>3200-5600K<\/td>\n<\/tr>\n<tr>\n<th>Zakres RGB<\/th>\n<td>360\u00b0<\/td>\n<\/tr>\n<tr>\n<th>Odcie\u0144<\/th>\n<td>0-360\u00b0<\/td>\n<\/tr>\n<tr>\n<th>Nasycenie<\/th>\n<td>0-100<\/td>\n<\/tr>\n<tr>\n<th>\u0179r\u00f3d\u0142o zasilania<\/th>\n<td>Adapter AC (w zestawie) lub akumulator Li-ion NP-F550 \/ NP-F970 (brak w zestawie)<\/td>\n<\/tr>\n<tr>\n<th>Napi\u0119cie wej\u015bciowe<\/th>\n<td>DC 12-15 V<\/td>\n<\/tr>\n<tr>\n<th>Kana\u0142y<\/th>\n<td>1-8 \/ wszystkie<\/td>\n<\/tr>\n<tr>\n<th>Wymiary<\/th>\n<td>23,2 x 20 x 5 cm<\/td>\n<\/tr>\n<tr>\n<th>Wysoko\u015b\u0107 statywu<\/th>\n<td>92-200 cm<\/td>\n<\/tr>\n<tr>\n<th>Materia\u0142 statywu<\/th>\n<td>Stop aluminium<\/td>\n<\/tr>\n<tr>\n<th>Maks. ud\u017awig statywu<\/th>\n<td>8 kg<\/td>\n<\/tr>\n<tr>\n<th>Wymiary torby transportowej<\/th>\n<td>79 x 14,5 x 32 cm<\/td>\n<\/tr>\n<tr>\n<th>Materia\u0142 torby transportowej<\/th>\n<td>Tkanina Oxford<\/td>\n<\/tr>\n<\/tbody>\n<\/table>\n<\/div>\n","protected":false},"excerpt":{"rendered":"<p>Zestaw studyjny Neewer 660 PRO RGB LED, dwie lampy 50W 3200-5600K + statywy + wrota Zestaw studyjny Neewer 660 PRO<\/p>\n","protected":false},"featured_media":58332,"comment_status":"closed","ping_status":"open","template":"","meta":{"_acf_changed":false},"product_brand":[],"product_cat":[1128,6180],"product_tag":[],"class_list":{"0":"post-58331","1":"product","2":"type-product","3":"status-publish","4":"has-post-thumbnail","6":"product_cat-foto-wideo","7":"product_cat-zestawy-foto-wideo-2","8":"pa_okres-gwarancji-5754","9":"pa_producent-neewer","11":"first","12":"outofstock","13":"taxable","14":"shipping-taxable","15":"purchasable","16":"product-type-simple"},"acf":[],"yoast_head":"<!-- This site is optimized with the Yoast SEO plugin v27.2 - https:\/\/yoast.com\/product\/yoast-seo-wordpress\/ -->\n<title>Zestaw lamp studyjnych NEEWER 660 PRO RGB LED 50W x2 - IRONSKY.PL Sklep z Dronami<\/title>\n<meta name=\"description\" content=\"Zestaw lamp studyjnych NEEWER 660 PRO RGB LED 50W x2 - \u2705 sklep z dronami i fachowym doradztwem. \u2705 Tutaj kupisz produkty DJI, Yuneec, Parrot, Syma i wiele innych, a tak\u017ce kursy i licencje na operatora drona.\" \/>\n<meta name=\"robots\" content=\"index, follow, max-snippet:-1, max-image-preview:large, max-video-preview:-1\" \/>\n<link rel=\"canonical\" href=\"https:\/\/ironsky.pl\/sklep\/produkt\/zestaw-lamp-studyjnych-neewer-660-pro-rgb-led-50w-x2\/\" \/>\n<meta property=\"og:locale\" content=\"pl_PL\" \/>\n<meta property=\"og:type\" content=\"article\" \/>\n<meta property=\"og:title\" content=\"Zestaw lamp studyjnych NEEWER 660 PRO RGB LED 50W x2 - IRONSKY.PL Sklep z Dronami\" \/>\n<meta property=\"og:description\" content=\"Zestaw lamp studyjnych NEEWER 660 PRO RGB LED 50W x2 - \u2705 sklep z dronami i fachowym doradztwem. \u2705 Tutaj kupisz produkty DJI, Yuneec, Parrot, Syma i wiele innych, a tak\u017ce kursy i licencje na operatora drona.\" \/>\n<meta property=\"og:url\" content=\"https:\/\/ironsky.pl\/sklep\/produkt\/zestaw-lamp-studyjnych-neewer-660-pro-rgb-led-50w-x2\/\" \/>\n<meta property=\"og:site_name\" content=\"IRONSKY.PL Sklep z Dronami\" \/>\n<meta property=\"article:modified_time\" content=\"2026-04-15T08:35:37+00:00\" \/>\n<meta property=\"og:image\" content=\"https:\/\/ironsky.pl\/sklep\/wp-content\/uploads\/2026\/04\/42262_1.jpg\" \/>\n\t<meta property=\"og:image:width\" content=\"800\" \/>\n\t<meta property=\"og:image:height\" content=\"800\" \/>\n\t<meta property=\"og:image:type\" content=\"image\/jpeg\" \/>\n<meta name=\"twitter:card\" content=\"summary_large_image\" \/>\n<meta name=\"twitter:label1\" content=\"Szacowany czas czytania\" \/>\n\t<meta name=\"twitter:data1\" content=\"2 minuty\" \/>\n<script type=\"application\/ld+json\" class=\"yoast-schema-graph\">{\"@context\":\"https:\/\/schema.org\",\"@graph\":[{\"@type\":\"WebPage\",\"@id\":\"https:\/\/ironsky.pl\/sklep\/produkt\/zestaw-lamp-studyjnych-neewer-660-pro-rgb-led-50w-x2\/\",\"url\":\"https:\/\/ironsky.pl\/sklep\/produkt\/zestaw-lamp-studyjnych-neewer-660-pro-rgb-led-50w-x2\/\",\"name\":\"Zestaw lamp studyjnych NEEWER 660 PRO RGB LED 50W x2 - IRONSKY.PL Sklep z Dronami\",\"isPartOf\":{\"@id\":\"https:\/\/ironsky.pl\/sklep\/#website\"},\"primaryImageOfPage\":{\"@id\":\"https:\/\/ironsky.pl\/sklep\/produkt\/zestaw-lamp-studyjnych-neewer-660-pro-rgb-led-50w-x2\/#primaryimage\"},\"image\":{\"@id\":\"https:\/\/ironsky.pl\/sklep\/produkt\/zestaw-lamp-studyjnych-neewer-660-pro-rgb-led-50w-x2\/#primaryimage\"},\"thumbnailUrl\":\"https:\/\/ironsky.pl\/sklep\/wp-content\/uploads\/2026\/04\/42262_1.jpg\",\"datePublished\":\"2026-04-15T08:35:20+00:00\",\"dateModified\":\"2026-04-15T08:35:37+00:00\",\"description\":\"Zestaw lamp studyjnych NEEWER 660 PRO RGB LED 50W x2 - \u2705 sklep z dronami i fachowym doradztwem. \u2705 Tutaj kupisz produkty DJI, Yuneec, Parrot, Syma i wiele innych, a tak\u017ce kursy i licencje na operatora drona.\",\"breadcrumb\":{\"@id\":\"https:\/\/ironsky.pl\/sklep\/produkt\/zestaw-lamp-studyjnych-neewer-660-pro-rgb-led-50w-x2\/#breadcrumb\"},\"inLanguage\":\"pl-PL\",\"potentialAction\":[{\"@type\":\"ReadAction\",\"target\":[\"https:\/\/ironsky.pl\/sklep\/produkt\/zestaw-lamp-studyjnych-neewer-660-pro-rgb-led-50w-x2\/\"]}]},{\"@type\":\"ImageObject\",\"inLanguage\":\"pl-PL\",\"@id\":\"https:\/\/ironsky.pl\/sklep\/produkt\/zestaw-lamp-studyjnych-neewer-660-pro-rgb-led-50w-x2\/#primaryimage\",\"url\":\"https:\/\/ironsky.pl\/sklep\/wp-content\/uploads\/2026\/04\/42262_1.jpg\",\"contentUrl\":\"https:\/\/ironsky.pl\/sklep\/wp-content\/uploads\/2026\/04\/42262_1.jpg\",\"width\":800,\"height\":800},{\"@type\":\"BreadcrumbList\",\"@id\":\"https:\/\/ironsky.pl\/sklep\/produkt\/zestaw-lamp-studyjnych-neewer-660-pro-rgb-led-50w-x2\/#breadcrumb\",\"itemListElement\":[{\"@type\":\"ListItem\",\"position\":1,\"name\":\"Strona g\u0142\u00f3wna\",\"item\":\"https:\/\/ironsky.pl\/sklep\/\"},{\"@type\":\"ListItem\",\"position\":2,\"name\":\"Wszystkie produkty\",\"item\":\"https:\/\/ironsky.pl\/sklep\/produkty\/\"},{\"@type\":\"ListItem\",\"position\":3,\"name\":\"Zestaw lamp studyjnych NEEWER 660 PRO RGB LED 50W x2\"}]},{\"@type\":\"WebSite\",\"@id\":\"https:\/\/ironsky.pl\/sklep\/#website\",\"url\":\"https:\/\/ironsky.pl\/sklep\/\",\"name\":\"IRONSKY.PL Sklep z Dronami\",\"description\":\"IRONSKY.PL Sklep z Dronami\",\"potentialAction\":[{\"@type\":\"SearchAction\",\"target\":{\"@type\":\"EntryPoint\",\"urlTemplate\":\"https:\/\/ironsky.pl\/sklep\/?s={search_term_string}\"},\"query-input\":{\"@type\":\"PropertyValueSpecification\",\"valueRequired\":true,\"valueName\":\"search_term_string\"}}],\"inLanguage\":\"pl-PL\"}]}<\/script>\n<!-- \/ Yoast SEO plugin. -->","yoast_head_json":{"title":"Zestaw lamp studyjnych NEEWER 660 PRO RGB LED 50W x2 - IRONSKY.PL Sklep z Dronami","description":"Zestaw lamp studyjnych NEEWER 660 PRO RGB LED 50W x2 - \u2705 sklep z dronami i fachowym doradztwem. \u2705 Tutaj kupisz produkty DJI, Yuneec, Parrot, Syma i wiele innych, a tak\u017ce kursy i licencje na operatora drona.","robots":{"index":"index","follow":"follow","max-snippet":"max-snippet:-1","max-image-preview":"max-image-preview:large","max-video-preview":"max-video-preview:-1"},"canonical":"https:\/\/ironsky.pl\/sklep\/produkt\/zestaw-lamp-studyjnych-neewer-660-pro-rgb-led-50w-x2\/","og_locale":"pl_PL","og_type":"article","og_title":"Zestaw lamp studyjnych NEEWER 660 PRO RGB LED 50W x2 - IRONSKY.PL Sklep z Dronami","og_description":"Zestaw lamp studyjnych NEEWER 660 PRO RGB LED 50W x2 - \u2705 sklep z dronami i fachowym doradztwem. \u2705 Tutaj kupisz produkty DJI, Yuneec, Parrot, Syma i wiele innych, a tak\u017ce kursy i licencje na operatora drona.","og_url":"https:\/\/ironsky.pl\/sklep\/produkt\/zestaw-lamp-studyjnych-neewer-660-pro-rgb-led-50w-x2\/","og_site_name":"IRONSKY.PL Sklep z Dronami","article_modified_time":"2026-04-15T08:35:37+00:00","og_image":[{"width":800,"height":800,"url":"https:\/\/ironsky.pl\/sklep\/wp-content\/uploads\/2026\/04\/42262_1.jpg","type":"image\/jpeg"}],"twitter_card":"summary_large_image","twitter_misc":{"Szacowany czas czytania":"2 minuty"},"schema":{"@context":"https:\/\/schema.org","@graph":[{"@type":"WebPage","@id":"https:\/\/ironsky.pl\/sklep\/produkt\/zestaw-lamp-studyjnych-neewer-660-pro-rgb-led-50w-x2\/","url":"https:\/\/ironsky.pl\/sklep\/produkt\/zestaw-lamp-studyjnych-neewer-660-pro-rgb-led-50w-x2\/","name":"Zestaw lamp studyjnych NEEWER 660 PRO RGB LED 50W x2 - IRONSKY.PL Sklep z Dronami","isPartOf":{"@id":"https:\/\/ironsky.pl\/sklep\/#website"},"primaryImageOfPage":{"@id":"https:\/\/ironsky.pl\/sklep\/produkt\/zestaw-lamp-studyjnych-neewer-660-pro-rgb-led-50w-x2\/#primaryimage"},"image":{"@id":"https:\/\/ironsky.pl\/sklep\/produkt\/zestaw-lamp-studyjnych-neewer-660-pro-rgb-led-50w-x2\/#primaryimage"},"thumbnailUrl":"https:\/\/ironsky.pl\/sklep\/wp-content\/uploads\/2026\/04\/42262_1.jpg","datePublished":"2026-04-15T08:35:20+00:00","dateModified":"2026-04-15T08:35:37+00:00","description":"Zestaw lamp studyjnych NEEWER 660 PRO RGB LED 50W x2 - \u2705 sklep z dronami i fachowym doradztwem. \u2705 Tutaj kupisz produkty DJI, Yuneec, Parrot, Syma i wiele innych, a tak\u017ce kursy i licencje na operatora drona.","breadcrumb":{"@id":"https:\/\/ironsky.pl\/sklep\/produkt\/zestaw-lamp-studyjnych-neewer-660-pro-rgb-led-50w-x2\/#breadcrumb"},"inLanguage":"pl-PL","potentialAction":[{"@type":"ReadAction","target":["https:\/\/ironsky.pl\/sklep\/produkt\/zestaw-lamp-studyjnych-neewer-660-pro-rgb-led-50w-x2\/"]}]},{"@type":"ImageObject","inLanguage":"pl-PL","@id":"https:\/\/ironsky.pl\/sklep\/produkt\/zestaw-lamp-studyjnych-neewer-660-pro-rgb-led-50w-x2\/#primaryimage","url":"https:\/\/ironsky.pl\/sklep\/wp-content\/uploads\/2026\/04\/42262_1.jpg","contentUrl":"https:\/\/ironsky.pl\/sklep\/wp-content\/uploads\/2026\/04\/42262_1.jpg","width":800,"height":800},{"@type":"BreadcrumbList","@id":"https:\/\/ironsky.pl\/sklep\/produkt\/zestaw-lamp-studyjnych-neewer-660-pro-rgb-led-50w-x2\/#breadcrumb","itemListElement":[{"@type":"ListItem","position":1,"name":"Strona g\u0142\u00f3wna","item":"https:\/\/ironsky.pl\/sklep\/"},{"@type":"ListItem","position":2,"name":"Wszystkie produkty","item":"https:\/\/ironsky.pl\/sklep\/produkty\/"},{"@type":"ListItem","position":3,"name":"Zestaw lamp studyjnych NEEWER 660 PRO RGB LED 50W x2"}]},{"@type":"WebSite","@id":"https:\/\/ironsky.pl\/sklep\/#website","url":"https:\/\/ironsky.pl\/sklep\/","name":"IRONSKY.PL Sklep z Dronami","description":"IRONSKY.PL Sklep z Dronami","potentialAction":[{"@type":"SearchAction","target":{"@type":"EntryPoint","urlTemplate":"https:\/\/ironsky.pl\/sklep\/?s={search_term_string}"},"query-input":{"@type":"PropertyValueSpecification","valueRequired":true,"valueName":"search_term_string"}}],"inLanguage":"pl-PL"}]}},"_links":{"self":[{"href":"https:\/\/ironsky.pl\/sklep\/wp-json\/wp\/v2\/product\/58331","targetHints":{"allow":["GET"]}}],"collection":[{"href":"https:\/\/ironsky.pl\/sklep\/wp-json\/wp\/v2\/product"}],"about":[{"href":"https:\/\/ironsky.pl\/sklep\/wp-json\/wp\/v2\/types\/product"}],"replies":[{"embeddable":true,"href":"https:\/\/ironsky.pl\/sklep\/wp-json\/wp\/v2\/comments?post=58331"}],"wp:featuredmedia":[{"embeddable":true,"href":"https:\/\/ironsky.pl\/sklep\/wp-json\/wp\/v2\/media\/58332"}],"wp:attachment":[{"href":"https:\/\/ironsky.pl\/sklep\/wp-json\/wp\/v2\/media?parent=58331"}],"wp:term":[{"taxonomy":"product_brand","embeddable":true,"href":"https:\/\/ironsky.pl\/sklep\/wp-json\/wp\/v2\/product_brand?post=58331"},{"taxonomy":"product_cat","embeddable":true,"href":"https:\/\/ironsky.pl\/sklep\/wp-json\/wp\/v2\/product_cat?post=58331"},{"taxonomy":"product_tag","embeddable":true,"href":"https:\/\/ironsky.pl\/sklep\/wp-json\/wp\/v2\/product_tag?post=58331"}],"curies":[{"name":"wp","href":"https:\/\/api.w.org\/{rel}","templated":true}]}}