{"id":58329,"date":"2026-04-15T10:35:20","date_gmt":"2026-04-15T08:35:20","guid":{"rendered":"https:\/\/ironsky.pl\/sklep\/produkt\/plan-ochrony-dji-care-refresh-dji-avata-2-plan-roczny-kod-elektroniczny\/"},"modified":"2026-04-15T10:35:35","modified_gmt":"2026-04-15T08:35:35","slug":"plan-ochrony-dji-care-refresh-dji-avata-2-plan-roczny-kod-elektroniczny","status":"publish","type":"product","link":"https:\/\/ironsky.pl\/sklep\/produkt\/plan-ochrony-dji-care-refresh-dji-avata-2-plan-roczny-kod-elektroniczny\/","title":{"rendered":"Plan ochrony DJI Care Refresh DJI Avata 2 (plan roczny) &#8211; kod elektroniczny"},"content":{"rendered":"<div id=\"Opisproduktu\" class=\"long-description\">\n<div class=\"long-description__description-wrapper\">\n<div class=\"description-item__wrapper-center\">\n<div class=\"description-item__body-center\">\n<div class=\"description-item__body-wrapper-center\">\n<div class=\"description-item__title\" style=\"text-align: center\">Realizacja wysy\u0142ki kod\u00f3w elektronicznych odbywa si\u0119 od poniedzia\u0142ku do pi\u0105tku w godzinach od 8:00 do 16:00 na adres e-mail podany podczas sk\u0142adania zam\u00f3wienia.<br \/><\/br><\/div>\n<div class=\"description-item__content\" style=\"text-align: center\">\n          <\/div><\/div><\/div><\/div>\n<div class=\"description-item\">\n<div class=\"description-item__wrapper --reverse\">\n<div class=\"description-item__body\">\n<div class=\"description-item__body-wrapper\">\n<div class=\"description-item__title\">O us\u0142udze<\/div>\n<div class=\"description-item__content\">\n<p>DJI Care Refresh to pakiet serwisowy umo\u017cliwiaj\u0105cy &#8211; odp\u0142atn\u0105 &#8211; wymian\u0119 uszkodzonego produktu na nowy. Us\u0142uga obejmuje uszkodzenia powsta\u0142e nawet z winy u\u017cytkownika.<\/p>\n<p>Dodatkowo, us\u0142uga mo\u017ce by\u0107 aktywowana w ka\u017cdym momencie &#8211; Po 48 godzinach od aktywacji drona konieczne b\u0119dzie przes\u0142anie do <a target=\"_blank\" rel=\"noopener noreferrer nofollow\" href=\"https:\/\/repair.dji.com\/djicare\/customerupload\"><u>DJI filmu weryfikacyjnego<\/u><\/a>.&nbsp;<\/p>\n<p>\u0141\u0105czny czas us\u0142ugi, uwzgl\u0119dniaj\u0105c przed\u0142u\u017cenia to 3 lata, <\/br>a to a\u017c 6 wymian!<\/p>\n<p>Wi\u0119cej informacji znajdziesz poni\u017cej.<\/p>\n<\/p><\/div><\/div><\/div>\n<div class=\"description-item__img\">\n          <img decoding=\"async\" src=\"https:\/\/assets.innpro.pl\/743\/789\/DJI-Care-Refresh-3.png\" alt=\"\" \/>\n        <\/div><\/div><\/div>\n<div class=\"description-item\">\n<div class=\"description-item__wrapper\">\n<div class=\"description-item__body\">\n<div class=\"description-item__body-wrapper\">\n<div class=\"description-item__title\">Koszt wymiany <sup>1<\/sup><\/div>\n<div class=\"description-item__content\">\n<p>W przypadku DJI Avata 2 koszt ka\u017cdej wymiany w ramach DJI Care Refresh wynosi: 245 PLN<\/p>\n<p>Cena us\u0142ugi Flyaway wynosi: 995 PLN<\/p>\n<p>DJI Care Refresh (plan roczny) zapewnia dwie wymiany i mo\u017cliwo\u015b\u0107 skorzystania z us\u0142ugi Flyaway jeden raz.<\/p>\n<p>DJI Care Refresh (pakiet 2-letni) zapewnia cztery wymiany i mo\u017cliwo\u015b\u0107 skorzystania z us\u0142ugi Flyaway dwa razy.<\/p>\n<p>&nbsp;<\/p>\n<p>&nbsp;<\/p>\n<p><sup>1<\/sup> W przypadku zg\u0142oszenia bezpo\u015brednio u producenta, kwota wymiany mo\u017ce ulec zmianie w zale\u017cno\u015bci od aktualnego kursu walut.<\/p>\n<\/p><\/div><\/div><\/div>\n<div class=\"description-item__img\">\n          <img decoding=\"async\" src=\"https:\/\/assets.innpro.pl\/743\/789\/DJI-Care-Resfresh-10.png\" alt=\"\" \/>\n        <\/div><\/div><\/div>\n<div class=\"description-item\">\n<div class=\"description-item__wrapper --reverse\">\n<div class=\"description-item__body\">\n<div class=\"description-item__body-wrapper\">\n<div class=\"description-item__title\">Mo\u017cliwo\u015b\u0107 przed\u0142u\u017cenia gwarancji producenta <sup>2<\/sup><\/div>\n<div class=\"description-item__content\">\n<p>Je\u017celi w okresie wa\u017cno\u015bci us\u0142ugi ani razu nie skorzystasz z mo\u017cliwo\u015bci wymiany, w ramach nagrody, DJI przed\u0142u\u017cy Twoj\u0105 gwarancj\u0119 producenta na dodatkowy rok.<\/p>\n<p>&nbsp;<\/p>\n<p>&nbsp;<\/p>\n<p><sup>2<\/sup> Dotyczy nast\u0119puj\u0105cych modeli: DJI Mini 2 SE, DJI Mini 3, DJI Mini 3 Pro, DJI Air 3, DJI Mavic 3, DJI Mavic 3 Classic, DJI Mavic 3 Cine, DJI Mavic 3 Pro, DJI Mavic 3 Pro Cine.<\/p>\n<\/p><\/div><\/div><\/div>\n<div class=\"description-item__img\">\n          <img decoding=\"async\" src=\"https:\/\/assets.innpro.pl\/743\/789\/DJI-Care-Refresh-11.png\" alt=\"\" \/>\n        <\/div><\/div><\/div>\n<div class=\"description-item\">\n<div class=\"description-item__wrapper\">\n<div class=\"description-item__body\">\n<div class=\"description-item__body-wrapper\">\n<div class=\"description-item__title\">Us\u0142uga Flyaway Coverage <sup>3<\/sup><\/div>\n<div class=\"description-item__content\">\n<p>Obejmuje ona mo\u017cliwo\u015b\u0107 wykupienia drona po ni\u017cszej cenie w sytuacji gdy nie ma mo\u017cliwo\u015bci dostarczenia wraku drona do DJI.<\/p>\n<p>Przyk\u0142adem takiej sytuacji b\u0119dzie utrata drona po kolizji np. z ga\u0142\u0119ziami drzewa oraz inne sytuacje, w kt\u00f3rych mimo stara\u0144 nie jeste\u015bmy w stanie odzyska\u0107 drona<\/p>\n<p>&nbsp;<\/p>\n<p>&nbsp;<\/p>\n<p><sup>3<\/sup> Us\u0142uga Flyaway dost\u0119pna jest dla wybranych dron\u00f3w: DJI Mini 4 Pro, DJI Air 3, DJI Mavic 3 Pro\/Cine, DJI Mavic 3 Classic, DJI Avata, DJI Mavic 3\/Cine, DJI Air 2S, Mavic Air 2, DJI Mini 3, DJI Mini 3 Pro, DJI Mini 2\/2 SE, DJI Mini SE<\/p>\n<\/p><\/div><\/div><\/div>\n<div class=\"description-item__img\">\n          <img decoding=\"async\" src=\"https:\/\/assets.innpro.pl\/743\/789\/269113c1-a431-4fe2-a892-e2ec3ee9c1b9.png\" alt=\"\" \/>\n        <\/div><\/div><\/div>\n<div class=\"description-item\">\n<div class=\"description-item__wrapper --reverse\">\n<div class=\"description-item__body\">\n<div class=\"description-item__body-wrapper\">\n<div class=\"description-item__title\">Jak aktywowa\u0107 DJI Care Refresh?<\/div>\n<div class=\"description-item__content\">\n<p>1. Wejd\u017a na stron\u0119 internetow\u0105 <a target=\"_blank\" rel=\"noopener noreferrer nofollow\" href=\"https:\/\/support.dji.com\/care\/active\"><u>https:\/\/support.dji.com\/care\/active<\/u><\/a>.<\/p>\n<p>2. W trakcie procesu aktywacji podaj sw\u00f3j kod Care Refresh, numer seryjny urz\u0105dzenia oraz swoje dane.<\/p>\n<p>2a. Gdy up\u0142yn\u0105\u0142 czas aktywacji, konieczne b\u0119dzie przes\u0142anie do <a target=\"_blank\" rel=\"noopener noreferrer nofollow\" href=\"https:\/\/repair.dji.com\/djicare\/customerupload\"><u>DJI filmu weryfikacyjnego<\/u><\/a>. Po akceptacji us\u0142ug\u0119 nale\u017cy aktywowa\u0107 w ci\u0105gu 72 godzin.<\/p>\n<p>3. Us\u0142uga zostanie aktywowana i automatycznie przypisana do drona. Potwierdzenie aktywacji DJI Care Refresh otrzymasz drog\u0105 mailow\u0105.<\/p>\n<\/p><\/div><\/div><\/div>\n<div class=\"description-item__img\">\n          <img decoding=\"async\" src=\"https:\/\/assets.innpro.pl\/743\/789\/DJI-Care-Resfresh-1.png\" alt=\"\" \/>\n        <\/div><\/div><\/div>\n<div class=\"description-item\">\n<div class=\"description-item__wrapper\">\n<div class=\"description-item__body\">\n<div class=\"description-item__body-wrapper\">\n<div class=\"description-item__title\">Jak aktywowa\u0107 us\u0142ug\u0119 Flyaway?<\/div>\n<div class=\"description-item__content\">\n<p>Aby us\u0142uga Flyaway Coverage by\u0142a dost\u0119pna, powi\u0105\u017c swoje konto DJI i aparatur\u0119 steruj\u0105c\u0105 z dronem za pomoc\u0105 aplikacji DJI Fly. Je\u017celi nie zrobisz tego przed ewentualn\u0105 utrat\u0105 drona, jego wymiana nie b\u0119dzie mo\u017cliwa. Do zg\u0142oszenia konieczne jest za\u0142\u0105czenie log\u00f3w z lotu.<\/p>\n<\/p><\/div><\/div><\/div>\n<div class=\"description-item__img\">\n          <img decoding=\"async\" src=\"https:\/\/assets.innpro.pl\/743\/789\/DJI-Care-Refresh-9.png\" alt=\"\" \/>\n        <\/div><\/div><\/div>\n<div class=\"description-item\">\n<div class=\"description-item__wrapper --reverse\">\n<div class=\"description-item__body\">\n<div class=\"description-item__body-wrapper\">\n<div class=\"description-item__title\">Jak skorzysta\u0107 z us\u0142ugi?<\/div>\n<div class=\"description-item__content\">\n<p>1. Zg\u0142o\u015b napraw\u0119 do naszego serwisu: <a target=\"_blank\" rel=\"noopener noreferrer nofollow\" href=\"https:\/\/dji-ars.pl\/Serwis-chelp-pol-66.html\"><u>DJI-ARS Serwis<\/u><\/a>&nbsp;<\/p>\n<p>Alternatywnie mo\u017cesz zg\u0142osi\u0107 usterk\u0119 na stronie <a target=\"_blank\" rel=\"noopener noreferrer nofollow\" href=\"https:\/\/www.dji.com\/pl\/support\/repair\"><u>producenta DJI<\/u><\/a> i wys\u0142a\u0107 produkt z adnotacj\u0105, \u017ce posiadasz DJI Care Refresh.<\/p>\n<p>2. Gdy otrzymasz wycen\u0119 naprawy, zdecyduj, czy chcesz z niej skorzysta\u0107, czy wolisz wymian\u0119 w ramach DJI Care Refresh.<\/p>\n<p>3. Po wybraniu opcji DJI Care Refresh zap\u0142a\u0107 za wymian\u0119 \u2013 nast\u0119pnie otrzymasz nowy egzemplarz.<\/p>\n<p>4. Wymieniony produkt zostanie do Ciebie dostarczony priorytetowo i z darmow\u0105 wysy\u0142k\u0105.<\/p>\n<\/p><\/div><\/div><\/div>\n<div class=\"description-item__img\">\n          <img decoding=\"async\" src=\"https:\/\/assets.innpro.pl\/743\/789\/DJI-Care-Refresh-12.png\" alt=\"\" \/>\n        <\/div><\/div><\/div>\n<div class=\"description-item\" style=\"text-align: center;\">\n      <img decoding=\"async\" src=\"https:\/\/assets.innpro.pl\/743\/789\/DJI-Care-Refresh-5a.png\" alt=\"\">\n    <\/div>\n<div class=\"description-item__wrapper-center\">\n<div class=\"description-item__body-center\">\n<div class=\"description-item__body-wrapper-center\">\n<div class=\"description-item__title\" style=\"text-align: center\">DJI Care Refresh<\/div>\n<div class=\"description-item__content\" style=\"text-align: center\">\n<table>\n<tbody>\n<tr>\n<th colspan=\"1\" rowspan=\"1\">\n<p style=\"text-align: center\">Obejmuje:<\/p>\n<\/th>\n<th colspan=\"1\" rowspan=\"1\">\n<p style=\"text-align: center\">Nie obejmuje:<\/p>\n<\/th>\n<\/tr>\n<tr>\n<td colspan=\"1\" rowspan=\"1\">\n<p>Wymian\u0119 b\u0105d\u017a napraw\u0119 w przypadku kolizji, upadku, upuszczenia, uszkodzenia spowodowanego b\u0142\u0119dem operatora.<\/p>\n<\/td>\n<td colspan=\"1\" rowspan=\"1\">\n<p>Zgubionego b\u0105d\u017a cz\u0119\u015bciowo zgubionego drona, gimbala lub akcesori\u00f3w. Kradzie\u017cy lub porzucenia produktu. Uszkodze\u0144 spowodowanych lotem w niew\u0142a\u015bciwych warunkach atmosferycznych.<\/p>\n<\/td>\n<\/tr>\n<tr>\n<td colspan=\"1\" rowspan=\"1\">\n<p>Wymian\u0119 drona na nowy lub r\u00f3wnowa\u017cny nowemu, w przypadku zwr\u00f3cenia wraku drona na skutek utopienia.<\/p>\n<\/td>\n<td colspan=\"1\" rowspan=\"1\">\n<p>Nadajnika, akcesori\u00f3w dodatkowych, rozmy\u015blnej utraty drona, uszkodze\u0144 obudowy, kt\u00f3re nie wp\u0142ywaj\u0105 na dzia\u0142anie produktu.<\/p>\n<\/td>\n<\/tr>\n<tr>\n<td colspan=\"1\" rowspan=\"1\">\n<p>Mo\u017cliwo\u015b\u0107 zakupu nowego drona po atrakcyjnej cenie w przypadku skorzystania z Flyaway Coverage.<\/p>\n<\/td>\n<td colspan=\"1\" rowspan=\"1\">\n<p>Bezpo\u015brednich lub niebezpo\u015brednich uszkodze\u0144 spowodowanych dzia\u0142aniem si\u0142 wy\u017cszych oraz usterek powsta\u0142ych poza okresem wa\u017cno\u015bci DJI Care Refresh.<\/p>\n<\/td>\n<\/tr>\n<tr>\n<td colspan=\"1\" rowspan=\"1\">\n<p style=\"text-align: center\">Dodatkowo:<\/p>\n<\/td>\n<td colspan=\"1\" rowspan=\"1\">\n<p>Dodatkowych op\u0142at zwi\u0105zanych z ulepszeniem modelu, poprawieniem jego osi\u0105g\u00f3w.<\/p>\n<\/td>\n<\/tr>\n<tr>\n<td colspan=\"1\" rowspan=\"1\">\n<p>Ka\u017cdy u\u017cytkownik posiadaj\u0105cy DJI Care Refresh mo\u017ce liczy\u0107 na  natychmiastowe wsparcie ze strony DJI.<\/p>\n<\/td>\n<td colspan=\"1\" rowspan=\"1\">\n<p>Usterek wynikaj\u0105cych z przeprowadzenia modyfikacji, kt\u00f3re nie s\u0105 zgodne z zaleceniami znajduj\u0105cymi si\u0119 w podr\u0119czniku u\u017cytkowania niekompatybilnych akumulator\u00f3w i \u0142adowarki.<\/p>\n<\/td>\n<\/tr>\n<tr>\n<td colspan=\"1\" rowspan=\"1\">\n<p>Producent zapewnia darmow\u0105 wysy\u0142k\u0119 naprawionego\/wymienionego urz\u0105dzenia do klienta.<\/p>\n<\/td>\n<td colspan=\"1\" rowspan=\"1\">\n<p>Usterek wynikaj\u0105cych z korzystania z nieautoryzowanych akcesori\u00f3w. akumulator\u00f3w b\u0105d\u017a oprogramowania.<\/p>\n<\/td>\n<\/tr>\n<tr>\n<td colspan=\"1\" rowspan=\"1\">\n<p>12 miesi\u0119czne przed\u0142u\u017cenie gwarancji producenta w nagrod\u0119 za bezpieczne latanie &#8211; dotyczy wybranych modeli.<\/p>\n<\/td>\n<td colspan=\"1\" rowspan=\"1\">\n<p>&nbsp;<\/p>\n<\/td>\n<\/tr>\n<\/tbody>\n<\/table>\n<p>&nbsp;<\/p>\n<\/p><\/div><\/div><\/div><\/div>\n<div class=\"description-item__wrapper-center\">\n<div class=\"description-item__body-center\">\n<div class=\"description-item__body-wrapper-center\">\n<div class=\"description-item__title\" style=\"text-align: center\">Przed\u0142u\u017cenie us\u0142ugi DJI Care Refresh<\/div>\n<div class=\"description-item__content\" style=\"text-align: center\">\n<p>Maksymalny okres trwania us\u0142ugi DJI Care Refresh, \u0142\u0105cznie z przed\u0142u\u017ceniem to 3 lata. Je\u015bli chcesz to zrobi\u0107, wykup dodatkowy roczny plan.<\/p>\n<\/p><\/div><\/div><\/div><\/div>\n<div class=\"description-item\" style=\"text-align: center;\">\n      <img decoding=\"async\" src=\"https:\/\/assets.innpro.pl\/743\/789\/wykres DJI CRostateczne.png\" alt=\"\"><\/p>\n<div class=\"description-item__wrapper-center\">\n<div class=\"description-item__body-center\">\n<div class=\"description-item__body-wrapper-center\">\n<div class=\"description-item__title\" style=\"text-align: center\"><\/div>\n<div class=\"description-item__content\" style=\"text-align: center\">\n<p style=\"text-align: center\">Przed\u0142u\u017cenia mo\u017cna dokona\u0107 tylko za pomoc\u0105 planu rocznego w czasie trwania aktualnego planu lub w ci\u0105gu 15 dni od daty zako\u0144czenia wa\u017cno\u015bci us\u0142ugi. <\/p>\n<p style=\"text-align: center\">&nbsp;<\/p>\n<p style=\"text-align: center\">Informujemy, \u017ce na podstawie <a target=\"_blank\" rel=\"noopener noreferrer nofollow\" href=\"https:\/\/dji-ars.pl\/pol-terms.html\">regulaminu \u00a75 punkty 5.6-5.7<\/a> nie ma mo\u017cliwo\u015bci zwrotu, b\u0105d\u017a wymiany kod\u00f3w elektronicznych oraz kart fizycznych z usuni\u0119t\u0105 pow\u0142ok\u0105 zabezpieczaj\u0105c\u0105 lub plomb\u0105.<\/p>\n<\/p><\/div><\/div><\/div><\/div><\/div>\n<\/div>\n","protected":false},"excerpt":{"rendered":"<p>Realizacja wysy\u0142ki kod\u00f3w elektronicznych odbywa si\u0119 od poniedzia\u0142ku do pi\u0105tku w godzinach od 8:00 do 16:00 na adres e-mail podany<\/p>\n","protected":false},"featured_media":58330,"comment_status":"closed","ping_status":"open","template":"","meta":{"_acf_changed":false},"product_brand":[],"product_cat":[6166,1088],"product_tag":[],"class_list":{"0":"post-58329","1":"product","2":"type-product","3":"status-publish","4":"has-post-thumbnail","6":"product_cat-dji-care-refresh","7":"product_cat-drony","8":"pa_producent-dji","10":"first","11":"instock","12":"taxable","13":"shipping-taxable","14":"purchasable","15":"product-type-simple"},"acf":[],"yoast_head":"<!-- This site is optimized with the Yoast SEO plugin v27.2 - https:\/\/yoast.com\/product\/yoast-seo-wordpress\/ -->\n<title>Plan ochrony DJI Care Refresh DJI Avata 2 (plan roczny) - kod elektroniczny - IRONSKY.PL Sklep z Dronami<\/title>\n<meta name=\"description\" content=\"Plan ochrony DJI Care Refresh DJI Avata 2 (plan roczny) - kod elektroniczny - \u2705 sklep z dronami i fachowym doradztwem. \u2705 Tutaj kupisz produkty DJI, Yuneec, Parrot, Syma i wiele innych, a tak\u017ce kursy i licencje na operatora drona.\" \/>\n<meta name=\"robots\" content=\"index, follow, max-snippet:-1, max-image-preview:large, max-video-preview:-1\" \/>\n<link rel=\"canonical\" href=\"https:\/\/ironsky.pl\/sklep\/produkt\/plan-ochrony-dji-care-refresh-dji-avata-2-plan-roczny-kod-elektroniczny\/\" \/>\n<meta property=\"og:locale\" content=\"pl_PL\" \/>\n<meta property=\"og:type\" content=\"article\" \/>\n<meta property=\"og:title\" content=\"Plan ochrony DJI Care Refresh DJI Avata 2 (plan roczny) - kod elektroniczny - IRONSKY.PL Sklep z Dronami\" \/>\n<meta property=\"og:description\" content=\"Plan ochrony DJI Care Refresh DJI Avata 2 (plan roczny) - kod elektroniczny - \u2705 sklep z dronami i fachowym doradztwem. \u2705 Tutaj kupisz produkty DJI, Yuneec, Parrot, Syma i wiele innych, a tak\u017ce kursy i licencje na operatora drona.\" \/>\n<meta property=\"og:url\" content=\"https:\/\/ironsky.pl\/sklep\/produkt\/plan-ochrony-dji-care-refresh-dji-avata-2-plan-roczny-kod-elektroniczny\/\" \/>\n<meta property=\"og:site_name\" content=\"IRONSKY.PL Sklep z Dronami\" \/>\n<meta property=\"article:modified_time\" content=\"2026-04-15T08:35:35+00:00\" \/>\n<meta property=\"og:image\" content=\"https:\/\/ironsky.pl\/sklep\/wp-content\/uploads\/2026\/04\/42239_1.png\" \/>\n\t<meta property=\"og:image:width\" content=\"1020\" \/>\n\t<meta property=\"og:image:height\" content=\"877\" \/>\n\t<meta property=\"og:image:type\" content=\"image\/png\" \/>\n<meta name=\"twitter:card\" content=\"summary_large_image\" \/>\n<meta name=\"twitter:label1\" content=\"Szacowany czas czytania\" \/>\n\t<meta name=\"twitter:data1\" content=\"4 minuty\" \/>\n<script type=\"application\/ld+json\" class=\"yoast-schema-graph\">{\"@context\":\"https:\/\/schema.org\",\"@graph\":[{\"@type\":\"WebPage\",\"@id\":\"https:\/\/ironsky.pl\/sklep\/produkt\/plan-ochrony-dji-care-refresh-dji-avata-2-plan-roczny-kod-elektroniczny\/\",\"url\":\"https:\/\/ironsky.pl\/sklep\/produkt\/plan-ochrony-dji-care-refresh-dji-avata-2-plan-roczny-kod-elektroniczny\/\",\"name\":\"Plan ochrony DJI Care Refresh DJI Avata 2 (plan roczny) - kod elektroniczny - IRONSKY.PL Sklep z Dronami\",\"isPartOf\":{\"@id\":\"https:\/\/ironsky.pl\/sklep\/#website\"},\"primaryImageOfPage\":{\"@id\":\"https:\/\/ironsky.pl\/sklep\/produkt\/plan-ochrony-dji-care-refresh-dji-avata-2-plan-roczny-kod-elektroniczny\/#primaryimage\"},\"image\":{\"@id\":\"https:\/\/ironsky.pl\/sklep\/produkt\/plan-ochrony-dji-care-refresh-dji-avata-2-plan-roczny-kod-elektroniczny\/#primaryimage\"},\"thumbnailUrl\":\"https:\/\/ironsky.pl\/sklep\/wp-content\/uploads\/2026\/04\/42239_1.png\",\"datePublished\":\"2026-04-15T08:35:20+00:00\",\"dateModified\":\"2026-04-15T08:35:35+00:00\",\"description\":\"Plan ochrony DJI Care Refresh DJI Avata 2 (plan roczny) - kod elektroniczny - \u2705 sklep z dronami i fachowym doradztwem. \u2705 Tutaj kupisz produkty DJI, Yuneec, Parrot, Syma i wiele innych, a tak\u017ce kursy i licencje na operatora drona.\",\"breadcrumb\":{\"@id\":\"https:\/\/ironsky.pl\/sklep\/produkt\/plan-ochrony-dji-care-refresh-dji-avata-2-plan-roczny-kod-elektroniczny\/#breadcrumb\"},\"inLanguage\":\"pl-PL\",\"potentialAction\":[{\"@type\":\"ReadAction\",\"target\":[\"https:\/\/ironsky.pl\/sklep\/produkt\/plan-ochrony-dji-care-refresh-dji-avata-2-plan-roczny-kod-elektroniczny\/\"]}]},{\"@type\":\"ImageObject\",\"inLanguage\":\"pl-PL\",\"@id\":\"https:\/\/ironsky.pl\/sklep\/produkt\/plan-ochrony-dji-care-refresh-dji-avata-2-plan-roczny-kod-elektroniczny\/#primaryimage\",\"url\":\"https:\/\/ironsky.pl\/sklep\/wp-content\/uploads\/2026\/04\/42239_1.png\",\"contentUrl\":\"https:\/\/ironsky.pl\/sklep\/wp-content\/uploads\/2026\/04\/42239_1.png\",\"width\":1020,\"height\":877},{\"@type\":\"BreadcrumbList\",\"@id\":\"https:\/\/ironsky.pl\/sklep\/produkt\/plan-ochrony-dji-care-refresh-dji-avata-2-plan-roczny-kod-elektroniczny\/#breadcrumb\",\"itemListElement\":[{\"@type\":\"ListItem\",\"position\":1,\"name\":\"Strona g\u0142\u00f3wna\",\"item\":\"https:\/\/ironsky.pl\/sklep\/\"},{\"@type\":\"ListItem\",\"position\":2,\"name\":\"Wszystkie produkty\",\"item\":\"https:\/\/ironsky.pl\/sklep\/produkty\/\"},{\"@type\":\"ListItem\",\"position\":3,\"name\":\"Plan ochrony DJI Care Refresh DJI Avata 2 (plan roczny) &#8211; kod elektroniczny\"}]},{\"@type\":\"WebSite\",\"@id\":\"https:\/\/ironsky.pl\/sklep\/#website\",\"url\":\"https:\/\/ironsky.pl\/sklep\/\",\"name\":\"IRONSKY.PL Sklep z Dronami\",\"description\":\"IRONSKY.PL Sklep z Dronami\",\"potentialAction\":[{\"@type\":\"SearchAction\",\"target\":{\"@type\":\"EntryPoint\",\"urlTemplate\":\"https:\/\/ironsky.pl\/sklep\/?s={search_term_string}\"},\"query-input\":{\"@type\":\"PropertyValueSpecification\",\"valueRequired\":true,\"valueName\":\"search_term_string\"}}],\"inLanguage\":\"pl-PL\"}]}<\/script>\n<!-- \/ Yoast SEO plugin. -->","yoast_head_json":{"title":"Plan ochrony DJI Care Refresh DJI Avata 2 (plan roczny) - kod elektroniczny - IRONSKY.PL Sklep z Dronami","description":"Plan ochrony DJI Care Refresh DJI Avata 2 (plan roczny) - kod elektroniczny - \u2705 sklep z dronami i fachowym doradztwem. \u2705 Tutaj kupisz produkty DJI, Yuneec, Parrot, Syma i wiele innych, a tak\u017ce kursy i licencje na operatora drona.","robots":{"index":"index","follow":"follow","max-snippet":"max-snippet:-1","max-image-preview":"max-image-preview:large","max-video-preview":"max-video-preview:-1"},"canonical":"https:\/\/ironsky.pl\/sklep\/produkt\/plan-ochrony-dji-care-refresh-dji-avata-2-plan-roczny-kod-elektroniczny\/","og_locale":"pl_PL","og_type":"article","og_title":"Plan ochrony DJI Care Refresh DJI Avata 2 (plan roczny) - kod elektroniczny - IRONSKY.PL Sklep z Dronami","og_description":"Plan ochrony DJI Care Refresh DJI Avata 2 (plan roczny) - kod elektroniczny - \u2705 sklep z dronami i fachowym doradztwem. \u2705 Tutaj kupisz produkty DJI, Yuneec, Parrot, Syma i wiele innych, a tak\u017ce kursy i licencje na operatora drona.","og_url":"https:\/\/ironsky.pl\/sklep\/produkt\/plan-ochrony-dji-care-refresh-dji-avata-2-plan-roczny-kod-elektroniczny\/","og_site_name":"IRONSKY.PL Sklep z Dronami","article_modified_time":"2026-04-15T08:35:35+00:00","og_image":[{"width":1020,"height":877,"url":"https:\/\/ironsky.pl\/sklep\/wp-content\/uploads\/2026\/04\/42239_1.png","type":"image\/png"}],"twitter_card":"summary_large_image","twitter_misc":{"Szacowany czas czytania":"4 minuty"},"schema":{"@context":"https:\/\/schema.org","@graph":[{"@type":"WebPage","@id":"https:\/\/ironsky.pl\/sklep\/produkt\/plan-ochrony-dji-care-refresh-dji-avata-2-plan-roczny-kod-elektroniczny\/","url":"https:\/\/ironsky.pl\/sklep\/produkt\/plan-ochrony-dji-care-refresh-dji-avata-2-plan-roczny-kod-elektroniczny\/","name":"Plan ochrony DJI Care Refresh DJI Avata 2 (plan roczny) - kod elektroniczny - IRONSKY.PL Sklep z Dronami","isPartOf":{"@id":"https:\/\/ironsky.pl\/sklep\/#website"},"primaryImageOfPage":{"@id":"https:\/\/ironsky.pl\/sklep\/produkt\/plan-ochrony-dji-care-refresh-dji-avata-2-plan-roczny-kod-elektroniczny\/#primaryimage"},"image":{"@id":"https:\/\/ironsky.pl\/sklep\/produkt\/plan-ochrony-dji-care-refresh-dji-avata-2-plan-roczny-kod-elektroniczny\/#primaryimage"},"thumbnailUrl":"https:\/\/ironsky.pl\/sklep\/wp-content\/uploads\/2026\/04\/42239_1.png","datePublished":"2026-04-15T08:35:20+00:00","dateModified":"2026-04-15T08:35:35+00:00","description":"Plan ochrony DJI Care Refresh DJI Avata 2 (plan roczny) - kod elektroniczny - \u2705 sklep z dronami i fachowym doradztwem. \u2705 Tutaj kupisz produkty DJI, Yuneec, Parrot, Syma i wiele innych, a tak\u017ce kursy i licencje na operatora drona.","breadcrumb":{"@id":"https:\/\/ironsky.pl\/sklep\/produkt\/plan-ochrony-dji-care-refresh-dji-avata-2-plan-roczny-kod-elektroniczny\/#breadcrumb"},"inLanguage":"pl-PL","potentialAction":[{"@type":"ReadAction","target":["https:\/\/ironsky.pl\/sklep\/produkt\/plan-ochrony-dji-care-refresh-dji-avata-2-plan-roczny-kod-elektroniczny\/"]}]},{"@type":"ImageObject","inLanguage":"pl-PL","@id":"https:\/\/ironsky.pl\/sklep\/produkt\/plan-ochrony-dji-care-refresh-dji-avata-2-plan-roczny-kod-elektroniczny\/#primaryimage","url":"https:\/\/ironsky.pl\/sklep\/wp-content\/uploads\/2026\/04\/42239_1.png","contentUrl":"https:\/\/ironsky.pl\/sklep\/wp-content\/uploads\/2026\/04\/42239_1.png","width":1020,"height":877},{"@type":"BreadcrumbList","@id":"https:\/\/ironsky.pl\/sklep\/produkt\/plan-ochrony-dji-care-refresh-dji-avata-2-plan-roczny-kod-elektroniczny\/#breadcrumb","itemListElement":[{"@type":"ListItem","position":1,"name":"Strona g\u0142\u00f3wna","item":"https:\/\/ironsky.pl\/sklep\/"},{"@type":"ListItem","position":2,"name":"Wszystkie produkty","item":"https:\/\/ironsky.pl\/sklep\/produkty\/"},{"@type":"ListItem","position":3,"name":"Plan ochrony DJI Care Refresh DJI Avata 2 (plan roczny) &#8211; kod elektroniczny"}]},{"@type":"WebSite","@id":"https:\/\/ironsky.pl\/sklep\/#website","url":"https:\/\/ironsky.pl\/sklep\/","name":"IRONSKY.PL Sklep z Dronami","description":"IRONSKY.PL Sklep z Dronami","potentialAction":[{"@type":"SearchAction","target":{"@type":"EntryPoint","urlTemplate":"https:\/\/ironsky.pl\/sklep\/?s={search_term_string}"},"query-input":{"@type":"PropertyValueSpecification","valueRequired":true,"valueName":"search_term_string"}}],"inLanguage":"pl-PL"}]}},"_links":{"self":[{"href":"https:\/\/ironsky.pl\/sklep\/wp-json\/wp\/v2\/product\/58329","targetHints":{"allow":["GET"]}}],"collection":[{"href":"https:\/\/ironsky.pl\/sklep\/wp-json\/wp\/v2\/product"}],"about":[{"href":"https:\/\/ironsky.pl\/sklep\/wp-json\/wp\/v2\/types\/product"}],"replies":[{"embeddable":true,"href":"https:\/\/ironsky.pl\/sklep\/wp-json\/wp\/v2\/comments?post=58329"}],"wp:featuredmedia":[{"embeddable":true,"href":"https:\/\/ironsky.pl\/sklep\/wp-json\/wp\/v2\/media\/58330"}],"wp:attachment":[{"href":"https:\/\/ironsky.pl\/sklep\/wp-json\/wp\/v2\/media?parent=58329"}],"wp:term":[{"taxonomy":"product_brand","embeddable":true,"href":"https:\/\/ironsky.pl\/sklep\/wp-json\/wp\/v2\/product_brand?post=58329"},{"taxonomy":"product_cat","embeddable":true,"href":"https:\/\/ironsky.pl\/sklep\/wp-json\/wp\/v2\/product_cat?post=58329"},{"taxonomy":"product_tag","embeddable":true,"href":"https:\/\/ironsky.pl\/sklep\/wp-json\/wp\/v2\/product_tag?post=58329"}],"curies":[{"name":"wp","href":"https:\/\/api.w.org\/{rel}","templated":true}]}}