{"id":58268,"date":"2026-04-15T10:34:43","date_gmt":"2026-04-15T08:34:43","guid":{"rendered":"https:\/\/ironsky.pl\/sklep\/produkt\/panel-led-neewer-sl90-pro-moc-12w\/"},"modified":"2026-04-15T10:34:57","modified_gmt":"2026-04-15T08:34:57","slug":"panel-led-neewer-sl90-pro-moc-12w","status":"publish","type":"product","link":"https:\/\/ironsky.pl\/sklep\/produkt\/panel-led-neewer-sl90-pro-moc-12w\/","title":{"rendered":"Panel LED NEEWER SL90 Pro moc 12W"},"content":{"rendered":"<h3>Panel \u015bwietlny Neewer SL90 Pro LED RGB 12W 2500-10000K<\/h3>\n<p>Neewer SL90 Pro to innowacyjny panel LED wyposa\u017cony w 150 diod. Oferuje maksymaln\u0105 jasno\u015b\u0107 do 1700 luks\u00f3w i pozwala regulowa\u0107 nat\u0119\u017cenie, temperatur\u0119 barwow\u0105 oraz kolor \u015bwiat\u0142a. Wyr\u00f3\u017cnia si\u0119 tak\u017ce wysokim wska\u017anikiem oddawania kolor\u00f3w CRI i TLCI (97+), co gwarantuje wiern\u0105 reprodukcj\u0119 barw. Do dyspozycji masz tak\u017ce a\u017c 18 r\u00f3\u017cnych tryb\u00f3w \u015bwiecenia oraz mo\u017cliwo\u015b\u0107 synchronizacji urz\u0105dzenia z muzyk\u0105.<\/p>\n<p><img decoding=\"async\" src=\"https:\/\/assets.innpro.pl\/5625\/6624\/3.jpg\" border=\"0\" alt=\"\"><\/p>\n<h3>Zaawansowana regulacja \u015bwiat\u0142a i tryby \u015bwiecenia<\/h3>\n<p>Model SL90 Pro oferuje zaawansowane mo\u017cliwo\u015bci regulacji jasno\u015bci, temperatury barwowej oraz koloru \u015bwiat\u0142a. Dzi\u0119ki temu mo\u017cesz dostosowa\u0107 je do swoich oczekiwa\u0144! Do wyboru masz tak\u017ce 18 r\u00f3\u017cnych tryb\u00f3w \u015bwiecenia, takich jak na przyk\u0142ad B\u0142yskawica, Paparazzi, P\u0142omie\u0144 \u015bwiecy czy Fajerwerki. Za ich pomoc\u0105 bez trudu wykreujesz niezapomnian\u0105 atmosfer\u0119 na ka\u017cd\u0105 okazj\u0119! Mo\u017cesz te\u017c zsynchronizowa\u0107 o\u015bwietlenie z muzyk\u0105 \u2013 to doskona\u0142e rozwi\u0105zanie na imprez\u0119.<\/p>\n<p><img decoding=\"async\" src=\"https:\/\/assets.innpro.pl\/5625\/6624\/2.jpg\" border=\"0\" alt=\"\"><\/p>\n<h3>D\u0142ugi czas pracy i szybkie \u0142adowanie<\/h3>\n<p>Wbudowany akumulator o pojemno\u015bci 4300 mAh zapewnia do 3,5 godziny ci\u0105g\u0142ej pracy panelu. Nie obawiaj si\u0119, \u017ce urz\u0105dzenie zbyt szybko odm\u00f3wi Ci pos\u0142usze\u0144stwa! Model SL90 Pro wspiera te\u017c szybkie \u0142adowanie PD (Power Delivery) z wej\u015bciem 9 V 2 A, co pozwala na\u0142adowa\u0107 go w zaledwie oko\u0142o 2,8 godziny. Zapomnij o d\u0142ugim oczekiwaniu!<\/p>\n<p><img decoding=\"async\" src=\"https:\/\/assets.innpro.pl\/5625\/6624\/4.jpg\" border=\"0\" alt=\"\"><\/p>\n<h3>Sterowanie przez aplikacj\u0119 i nowoczesne rozwi\u0105zania<\/h3>\n<p>Panel SL90 Pro jest kompatybilny z aplikacj\u0105 Neewer, kt\u00f3ra umo\u017cliwia zdalne sterowanie wszystkimi funkcjami \u015bwiat\u0142a za pomoc\u0105 smartfona. Za jej pomoc\u0105 mo\u017cesz ustawi\u0107 do 8 grup \u015bwietlnych i pod\u0142\u0105czy\u0107 do nich a\u017c 255 paneli, co pozwala na synchronizacj\u0119 ustawie\u0144 w ca\u0142ym systemie. Dodatkowo funkcja zapisu dw\u00f3ch grup ustawie\u0144 predefiniowanych oraz ich dodanie do ulubionych znacznie u\u0142atwia zarz\u0105dzanie o\u015bwietleniem. Ponadto technologia OTA (Over-The-Air) umo\u017cliwia \u0142atwe i szybkie aktualizacje oprogramowania, zapewniaj\u0105c dost\u0119p do najnowszych funkcji i ulepsze\u0144.<\/p>\n<p><img decoding=\"async\" src=\"https:\/\/assets.innpro.pl\/5625\/6624\/9.jpg\" border=\"0\" alt=\"\"><\/p>\n<h3>Wytrzyma\u0142a konstrukcja i elastyczno\u015b\u0107 monta\u017cu<\/h3>\n<p>Solidna obudowa ze stopu aluminium gwarantuje trwa\u0142o\u015b\u0107 i stabilno\u015b\u0107 modelu SL90 Pro. Urz\u0105dzenie jest wyposa\u017cone w regulowany uchwyt, kt\u00f3ry pozwala na obr\u00f3t o 360\u00b0 i pochylenie o 90\u00b0, co zapewnia du\u017c\u0105 swobod\u0119 w kierowaniu \u015bwiat\u0142a. Bezproblemowy monta\u017c panelu umo\u017cliwia mocowanie typu zimna stopka.<\/p>\n<p><img decoding=\"async\" src=\"https:\/\/assets.innpro.pl\/5625\/6624\/7.jpg\" border=\"0\" alt=\"\"><\/p>\n<h3>Wiele zastosowa\u0144<\/h3>\n<p>Dzi\u0119ki tak wielu mo\u017cliwo\u015bciom panel \u015bwietlny Neewer doskonale sprawdzi si\u0119 w wielu zastosowaniach. Z powodzeniem wykorzystasz go na przyk\u0142ad podczas nagrywania film\u00f3w, robienia sesji zdj\u0119ciowych czy prowadzenia transmisji na \u017cywo. Model SL90 Pro doskonale sprawdzi si\u0119 r\u00f3wnie\u017c na imprezie \u2013 dost\u0119pne tryby i mo\u017cliwo\u015b\u0107 synchronizacji \u015bwiat\u0142a z muzyk\u0105 pomog\u0105 Ci zadba\u0107 o niezapomniany klimat.<\/p>\n<p><img decoding=\"async\" src=\"https:\/\/assets.innpro.pl\/5625\/6624\/5.jpg\" border=\"0\" alt=\"\"><\/p>\n<h3>W zestawie<\/h3>\n<ul>\n<li>Panel \u015bwietlny<\/li>\n<li>Adapter typu zimna stopka<\/li>\n<li>Kabel USB-C<\/li>\n<li>Etui do przechowywania<\/li>\n<li>Instrukcja obs\u0142ugi<\/li>\n<\/ul>\n<div class=\"table-wrapper\">\n<p>&nbsp;<\/p>\n<h3><\/h3>\n<table>\n<tbody>\n<tr>\n<th>Producent<\/th>\n<td>Neewer<\/td>\n<\/tr>\n<tr>\n<th>Model<\/th>\n<td>SL90 Pro<\/td>\n<\/tr>\n<tr>\n<th>Materia\u0142<\/th>\n<td>Stop aluminium<\/td>\n<\/tr>\n<tr>\n<th>Liczba diod LED<\/th>\n<td>150 (40 ciep\u0142e \u015bwiat\u0142o bia\u0142e, 40 zimne \u015bwiat\u0142o bia\u0142o, 70 RGB)<\/td>\n<\/tr>\n<tr>\n<th>Pojemno\u015b\u0107 akumulatora<\/th>\n<td>4300 mAh<\/td>\n<\/tr>\n<tr>\n<th>Tryby pracy (sceny)<\/th>\n<td>18<\/td>\n<\/tr>\n<tr>\n<th>Moc<\/th>\n<td>12 W<\/td>\n<\/tr>\n<tr>\n<th>Wej\u015bcie<\/th>\n<td>USB 5 V 2 A, 9 V 2 A<\/td>\n<\/tr>\n<tr>\n<th>Maks. jasno\u015b\u0107<\/th>\n<td>1700 luks\u00f3w (przy 0,5 m)<\/td>\n<\/tr>\n<tr>\n<th>Temperatura barwowa<\/th>\n<td>2500-10000K<\/td>\n<\/tr>\n<tr>\n<th>CRI<\/th>\n<td>97+<\/td>\n<\/tr>\n<tr>\n<th>Zakres regulacji jasno\u015bci<\/th>\n<td>0-100%<\/td>\n<\/tr>\n<tr>\n<th>K\u0105t odcienia<\/th>\n<td>0-360\u00b0<\/td>\n<\/tr>\n<tr>\n<th>Zakres nasycenia<\/th>\n<td>0-100%<\/td>\n<\/tr>\n<tr>\n<th>Zakres kana\u0142\u00f3w<\/th>\n<td>0-9<\/td>\n<\/tr>\n<\/tbody>\n<\/table>\n<\/div>\n","protected":false},"excerpt":{"rendered":"<p>Panel \u015bwietlny Neewer SL90 Pro LED RGB 12W 2500-10000K Neewer SL90 Pro to innowacyjny panel LED wyposa\u017cony w 150 diod.<\/p>\n","protected":false},"featured_media":58269,"comment_status":"closed","ping_status":"open","template":"","meta":{"_acf_changed":false},"product_brand":[],"product_cat":[1128,6186,6182],"product_tag":[],"class_list":{"0":"post-58268","1":"product","2":"type-product","3":"status-publish","4":"has-post-thumbnail","6":"product_cat-foto-wideo","7":"product_cat-lampy","8":"product_cat-studio-fotograficzne","9":"pa_okres-gwarancji-5754","10":"pa_producent-neewer","12":"first","13":"outofstock","14":"taxable","15":"shipping-taxable","16":"purchasable","17":"product-type-simple"},"acf":[],"yoast_head":"<!-- This site is optimized with the Yoast SEO plugin v27.2 - https:\/\/yoast.com\/product\/yoast-seo-wordpress\/ -->\n<title>Panel LED NEEWER SL90 Pro moc 12W - IRONSKY.PL Sklep z Dronami<\/title>\n<meta name=\"description\" content=\"Panel LED NEEWER SL90 Pro moc 12W - \u2705 sklep z dronami i fachowym doradztwem. \u2705 Tutaj kupisz produkty DJI, Yuneec, Parrot, Syma i wiele innych, a tak\u017ce kursy i licencje na operatora drona.\" \/>\n<meta name=\"robots\" content=\"index, follow, max-snippet:-1, max-image-preview:large, max-video-preview:-1\" \/>\n<link rel=\"canonical\" href=\"https:\/\/ironsky.pl\/sklep\/produkt\/panel-led-neewer-sl90-pro-moc-12w\/\" \/>\n<meta property=\"og:locale\" content=\"pl_PL\" \/>\n<meta property=\"og:type\" content=\"article\" \/>\n<meta property=\"og:title\" content=\"Panel LED NEEWER SL90 Pro moc 12W - IRONSKY.PL Sklep z Dronami\" \/>\n<meta property=\"og:description\" content=\"Panel LED NEEWER SL90 Pro moc 12W - \u2705 sklep z dronami i fachowym doradztwem. \u2705 Tutaj kupisz produkty DJI, Yuneec, Parrot, Syma i wiele innych, a tak\u017ce kursy i licencje na operatora drona.\" \/>\n<meta property=\"og:url\" content=\"https:\/\/ironsky.pl\/sklep\/produkt\/panel-led-neewer-sl90-pro-moc-12w\/\" \/>\n<meta property=\"og:site_name\" content=\"IRONSKY.PL Sklep z Dronami\" \/>\n<meta property=\"article:modified_time\" content=\"2026-04-15T08:34:57+00:00\" \/>\n<meta property=\"og:image\" content=\"https:\/\/ironsky.pl\/sklep\/wp-content\/uploads\/2026\/04\/42187_1.jpg\" \/>\n\t<meta property=\"og:image:width\" content=\"800\" \/>\n\t<meta property=\"og:image:height\" content=\"800\" \/>\n\t<meta property=\"og:image:type\" content=\"image\/jpeg\" \/>\n<meta name=\"twitter:card\" content=\"summary_large_image\" \/>\n<meta name=\"twitter:label1\" content=\"Szacowany czas czytania\" \/>\n\t<meta name=\"twitter:data1\" content=\"3 minuty\" \/>\n<script type=\"application\/ld+json\" class=\"yoast-schema-graph\">{\"@context\":\"https:\/\/schema.org\",\"@graph\":[{\"@type\":\"WebPage\",\"@id\":\"https:\/\/ironsky.pl\/sklep\/produkt\/panel-led-neewer-sl90-pro-moc-12w\/\",\"url\":\"https:\/\/ironsky.pl\/sklep\/produkt\/panel-led-neewer-sl90-pro-moc-12w\/\",\"name\":\"Panel LED NEEWER SL90 Pro moc 12W - IRONSKY.PL Sklep z Dronami\",\"isPartOf\":{\"@id\":\"https:\/\/ironsky.pl\/sklep\/#website\"},\"primaryImageOfPage\":{\"@id\":\"https:\/\/ironsky.pl\/sklep\/produkt\/panel-led-neewer-sl90-pro-moc-12w\/#primaryimage\"},\"image\":{\"@id\":\"https:\/\/ironsky.pl\/sklep\/produkt\/panel-led-neewer-sl90-pro-moc-12w\/#primaryimage\"},\"thumbnailUrl\":\"https:\/\/ironsky.pl\/sklep\/wp-content\/uploads\/2026\/04\/42187_1.jpg\",\"datePublished\":\"2026-04-15T08:34:43+00:00\",\"dateModified\":\"2026-04-15T08:34:57+00:00\",\"description\":\"Panel LED NEEWER SL90 Pro moc 12W - \u2705 sklep z dronami i fachowym doradztwem. \u2705 Tutaj kupisz produkty DJI, Yuneec, Parrot, Syma i wiele innych, a tak\u017ce kursy i licencje na operatora drona.\",\"breadcrumb\":{\"@id\":\"https:\/\/ironsky.pl\/sklep\/produkt\/panel-led-neewer-sl90-pro-moc-12w\/#breadcrumb\"},\"inLanguage\":\"pl-PL\",\"potentialAction\":[{\"@type\":\"ReadAction\",\"target\":[\"https:\/\/ironsky.pl\/sklep\/produkt\/panel-led-neewer-sl90-pro-moc-12w\/\"]}]},{\"@type\":\"ImageObject\",\"inLanguage\":\"pl-PL\",\"@id\":\"https:\/\/ironsky.pl\/sklep\/produkt\/panel-led-neewer-sl90-pro-moc-12w\/#primaryimage\",\"url\":\"https:\/\/ironsky.pl\/sklep\/wp-content\/uploads\/2026\/04\/42187_1.jpg\",\"contentUrl\":\"https:\/\/ironsky.pl\/sklep\/wp-content\/uploads\/2026\/04\/42187_1.jpg\",\"width\":800,\"height\":800},{\"@type\":\"BreadcrumbList\",\"@id\":\"https:\/\/ironsky.pl\/sklep\/produkt\/panel-led-neewer-sl90-pro-moc-12w\/#breadcrumb\",\"itemListElement\":[{\"@type\":\"ListItem\",\"position\":1,\"name\":\"Strona g\u0142\u00f3wna\",\"item\":\"https:\/\/ironsky.pl\/sklep\/\"},{\"@type\":\"ListItem\",\"position\":2,\"name\":\"Wszystkie produkty\",\"item\":\"https:\/\/ironsky.pl\/sklep\/produkty\/\"},{\"@type\":\"ListItem\",\"position\":3,\"name\":\"Panel LED NEEWER SL90 Pro moc 12W\"}]},{\"@type\":\"WebSite\",\"@id\":\"https:\/\/ironsky.pl\/sklep\/#website\",\"url\":\"https:\/\/ironsky.pl\/sklep\/\",\"name\":\"IRONSKY.PL Sklep z Dronami\",\"description\":\"IRONSKY.PL Sklep z Dronami\",\"potentialAction\":[{\"@type\":\"SearchAction\",\"target\":{\"@type\":\"EntryPoint\",\"urlTemplate\":\"https:\/\/ironsky.pl\/sklep\/?s={search_term_string}\"},\"query-input\":{\"@type\":\"PropertyValueSpecification\",\"valueRequired\":true,\"valueName\":\"search_term_string\"}}],\"inLanguage\":\"pl-PL\"}]}<\/script>\n<!-- \/ Yoast SEO plugin. -->","yoast_head_json":{"title":"Panel LED NEEWER SL90 Pro moc 12W - IRONSKY.PL Sklep z Dronami","description":"Panel LED NEEWER SL90 Pro moc 12W - \u2705 sklep z dronami i fachowym doradztwem. \u2705 Tutaj kupisz produkty DJI, Yuneec, Parrot, Syma i wiele innych, a tak\u017ce kursy i licencje na operatora drona.","robots":{"index":"index","follow":"follow","max-snippet":"max-snippet:-1","max-image-preview":"max-image-preview:large","max-video-preview":"max-video-preview:-1"},"canonical":"https:\/\/ironsky.pl\/sklep\/produkt\/panel-led-neewer-sl90-pro-moc-12w\/","og_locale":"pl_PL","og_type":"article","og_title":"Panel LED NEEWER SL90 Pro moc 12W - IRONSKY.PL Sklep z Dronami","og_description":"Panel LED NEEWER SL90 Pro moc 12W - \u2705 sklep z dronami i fachowym doradztwem. \u2705 Tutaj kupisz produkty DJI, Yuneec, Parrot, Syma i wiele innych, a tak\u017ce kursy i licencje na operatora drona.","og_url":"https:\/\/ironsky.pl\/sklep\/produkt\/panel-led-neewer-sl90-pro-moc-12w\/","og_site_name":"IRONSKY.PL Sklep z Dronami","article_modified_time":"2026-04-15T08:34:57+00:00","og_image":[{"width":800,"height":800,"url":"https:\/\/ironsky.pl\/sklep\/wp-content\/uploads\/2026\/04\/42187_1.jpg","type":"image\/jpeg"}],"twitter_card":"summary_large_image","twitter_misc":{"Szacowany czas czytania":"3 minuty"},"schema":{"@context":"https:\/\/schema.org","@graph":[{"@type":"WebPage","@id":"https:\/\/ironsky.pl\/sklep\/produkt\/panel-led-neewer-sl90-pro-moc-12w\/","url":"https:\/\/ironsky.pl\/sklep\/produkt\/panel-led-neewer-sl90-pro-moc-12w\/","name":"Panel LED NEEWER SL90 Pro moc 12W - IRONSKY.PL Sklep z Dronami","isPartOf":{"@id":"https:\/\/ironsky.pl\/sklep\/#website"},"primaryImageOfPage":{"@id":"https:\/\/ironsky.pl\/sklep\/produkt\/panel-led-neewer-sl90-pro-moc-12w\/#primaryimage"},"image":{"@id":"https:\/\/ironsky.pl\/sklep\/produkt\/panel-led-neewer-sl90-pro-moc-12w\/#primaryimage"},"thumbnailUrl":"https:\/\/ironsky.pl\/sklep\/wp-content\/uploads\/2026\/04\/42187_1.jpg","datePublished":"2026-04-15T08:34:43+00:00","dateModified":"2026-04-15T08:34:57+00:00","description":"Panel LED NEEWER SL90 Pro moc 12W - \u2705 sklep z dronami i fachowym doradztwem. \u2705 Tutaj kupisz produkty DJI, Yuneec, Parrot, Syma i wiele innych, a tak\u017ce kursy i licencje na operatora drona.","breadcrumb":{"@id":"https:\/\/ironsky.pl\/sklep\/produkt\/panel-led-neewer-sl90-pro-moc-12w\/#breadcrumb"},"inLanguage":"pl-PL","potentialAction":[{"@type":"ReadAction","target":["https:\/\/ironsky.pl\/sklep\/produkt\/panel-led-neewer-sl90-pro-moc-12w\/"]}]},{"@type":"ImageObject","inLanguage":"pl-PL","@id":"https:\/\/ironsky.pl\/sklep\/produkt\/panel-led-neewer-sl90-pro-moc-12w\/#primaryimage","url":"https:\/\/ironsky.pl\/sklep\/wp-content\/uploads\/2026\/04\/42187_1.jpg","contentUrl":"https:\/\/ironsky.pl\/sklep\/wp-content\/uploads\/2026\/04\/42187_1.jpg","width":800,"height":800},{"@type":"BreadcrumbList","@id":"https:\/\/ironsky.pl\/sklep\/produkt\/panel-led-neewer-sl90-pro-moc-12w\/#breadcrumb","itemListElement":[{"@type":"ListItem","position":1,"name":"Strona g\u0142\u00f3wna","item":"https:\/\/ironsky.pl\/sklep\/"},{"@type":"ListItem","position":2,"name":"Wszystkie produkty","item":"https:\/\/ironsky.pl\/sklep\/produkty\/"},{"@type":"ListItem","position":3,"name":"Panel LED NEEWER SL90 Pro moc 12W"}]},{"@type":"WebSite","@id":"https:\/\/ironsky.pl\/sklep\/#website","url":"https:\/\/ironsky.pl\/sklep\/","name":"IRONSKY.PL Sklep z Dronami","description":"IRONSKY.PL Sklep z Dronami","potentialAction":[{"@type":"SearchAction","target":{"@type":"EntryPoint","urlTemplate":"https:\/\/ironsky.pl\/sklep\/?s={search_term_string}"},"query-input":{"@type":"PropertyValueSpecification","valueRequired":true,"valueName":"search_term_string"}}],"inLanguage":"pl-PL"}]}},"_links":{"self":[{"href":"https:\/\/ironsky.pl\/sklep\/wp-json\/wp\/v2\/product\/58268","targetHints":{"allow":["GET"]}}],"collection":[{"href":"https:\/\/ironsky.pl\/sklep\/wp-json\/wp\/v2\/product"}],"about":[{"href":"https:\/\/ironsky.pl\/sklep\/wp-json\/wp\/v2\/types\/product"}],"replies":[{"embeddable":true,"href":"https:\/\/ironsky.pl\/sklep\/wp-json\/wp\/v2\/comments?post=58268"}],"wp:featuredmedia":[{"embeddable":true,"href":"https:\/\/ironsky.pl\/sklep\/wp-json\/wp\/v2\/media\/58269"}],"wp:attachment":[{"href":"https:\/\/ironsky.pl\/sklep\/wp-json\/wp\/v2\/media?parent=58268"}],"wp:term":[{"taxonomy":"product_brand","embeddable":true,"href":"https:\/\/ironsky.pl\/sklep\/wp-json\/wp\/v2\/product_brand?post=58268"},{"taxonomy":"product_cat","embeddable":true,"href":"https:\/\/ironsky.pl\/sklep\/wp-json\/wp\/v2\/product_cat?post=58268"},{"taxonomy":"product_tag","embeddable":true,"href":"https:\/\/ironsky.pl\/sklep\/wp-json\/wp\/v2\/product_tag?post=58268"}],"curies":[{"name":"wp","href":"https:\/\/api.w.org\/{rel}","templated":true}]}}