{"id":58266,"date":"2026-04-15T10:34:43","date_gmt":"2026-04-15T08:34:43","guid":{"rendered":"https:\/\/ironsky.pl\/sklep\/produkt\/szczotka-do-czyszczenia-radaru-dreame-mcba10-a1-a1-pro-a2\/"},"modified":"2026-04-15T10:34:54","modified_gmt":"2026-04-15T08:34:54","slug":"szczotka-do-czyszczenia-radaru-dreame-mcba10-a1-a1-pro-a2","status":"publish","type":"product","link":"https:\/\/ironsky.pl\/sklep\/produkt\/szczotka-do-czyszczenia-radaru-dreame-mcba10-a1-a1-pro-a2\/","title":{"rendered":"Szczotka do czyszczenia radaru DREAME MCBA10 A1\/A1 Pro\/A2"},"content":{"rendered":"<h3>Szczotka do czyszczenia radaru robota kosz\u0105cego Dreame A1, A1 Pro, A2<\/h3>\n<p>Szczotka do czyszczenia radaru zosta\u0142a specjalnie zaprojektowana, aby dok\u0142adnie usun\u0105\u0107 wszelkie zabrudzenia, kurz i zanieczyszczenia z czujnika robota kosz\u0105cego Dreame A1 \/ A1 Pro \/ A2. Dzi\u0119ki mi\u0119kkim, ale wytrzyma\u0142ym w\u0142osom, gwarantuje ona bezpieczne i dok\u0142adne czyszczenie, nie uszkadzaj\u0105c przy tym radaru. Nie pozw\u00f3l, aby zabrudzony radar stanowi\u0142 przeszkod\u0119 dla efektywnej pracy Twojego robota kosz\u0105cego!<\/p>\n<p>\n<img decoding=\"async\" src=\"https:\/\/assets.innpro.pl\/5460\/6415\/1.jpg\" border=\"0\" alt=\"\" \/>\n<\/p>\n<div class=\"table-wrapper\">\n<p>\u00a0<\/p>\n<h3><\/h3>\n<table>\n<tbody>\n<tr>\n<th>Producent<\/th>\n<td>Dreame<\/td>\n<\/tr>\n<tr>\n<th>Model<\/th>\n<td>MCBA10<\/td>\n<\/tr>\n<tr>\n<th>Kompatybilno\u015b\u0107<\/th>\n<td>Dreame A1 \/ A1 Pro \/ A2<\/td>\n<\/tr>\n<\/tbody>\n<\/table>\n<\/div>\n","protected":false},"excerpt":{"rendered":"<p>Szczotka do czyszczenia radaru robota kosz\u0105cego Dreame A1, A1 Pro, A2 Szczotka do czyszczenia radaru zosta\u0142a specjalnie zaprojektowana, aby dok\u0142adnie<\/p>\n","protected":false},"featured_media":44652,"comment_status":"closed","ping_status":"open","template":"","meta":{"_acf_changed":false},"product_brand":[],"product_cat":[5937,5970],"product_tag":[],"class_list":{"0":"post-58266","1":"product","2":"type-product","3":"status-publish","4":"has-post-thumbnail","6":"product_cat-outdoor","7":"product_cat-pozostale-outdoor","8":"pa_producent-dreame","10":"first","11":"outofstock","12":"taxable","13":"shipping-taxable","14":"purchasable","15":"product-type-simple"},"acf":[],"yoast_head":"<!-- This site is optimized with the Yoast SEO plugin v27.2 - https:\/\/yoast.com\/product\/yoast-seo-wordpress\/ -->\n<title>Szczotka do czyszczenia radaru DREAME MCBA10 A1\/A1 Pro\/A2 - IRONSKY.PL Sklep z Dronami<\/title>\n<meta name=\"description\" content=\"Szczotka do czyszczenia radaru DREAME MCBA10 A1\/A1 Pro\/A2 - \u2705 sklep z dronami i fachowym doradztwem. \u2705 Tutaj kupisz produkty DJI, Yuneec, Parrot, Syma i wiele innych, a tak\u017ce kursy i licencje na operatora drona.\" \/>\n<meta name=\"robots\" content=\"index, follow, max-snippet:-1, max-image-preview:large, max-video-preview:-1\" \/>\n<link rel=\"canonical\" href=\"https:\/\/ironsky.pl\/sklep\/produkt\/szczotka-do-czyszczenia-radaru-dreame-mcba10-a1-a1-pro-a2\/\" \/>\n<meta property=\"og:locale\" content=\"pl_PL\" \/>\n<meta property=\"og:type\" content=\"article\" \/>\n<meta property=\"og:title\" content=\"Szczotka do czyszczenia radaru DREAME MCBA10 A1\/A1 Pro\/A2 - IRONSKY.PL Sklep z Dronami\" \/>\n<meta property=\"og:description\" content=\"Szczotka do czyszczenia radaru DREAME MCBA10 A1\/A1 Pro\/A2 - \u2705 sklep z dronami i fachowym doradztwem. \u2705 Tutaj kupisz produkty DJI, Yuneec, Parrot, Syma i wiele innych, a tak\u017ce kursy i licencje na operatora drona.\" \/>\n<meta property=\"og:url\" content=\"https:\/\/ironsky.pl\/sklep\/produkt\/szczotka-do-czyszczenia-radaru-dreame-mcba10-a1-a1-pro-a2\/\" \/>\n<meta property=\"og:site_name\" content=\"IRONSKY.PL Sklep z Dronami\" \/>\n<meta property=\"article:modified_time\" content=\"2026-04-15T08:34:54+00:00\" \/>\n<meta property=\"og:image\" content=\"https:\/\/ironsky.pl\/sklep\/wp-content\/uploads\/2025\/06\/42168_1.jpg\" \/>\n\t<meta property=\"og:image:width\" content=\"800\" \/>\n\t<meta property=\"og:image:height\" content=\"800\" \/>\n\t<meta property=\"og:image:type\" content=\"image\/jpeg\" \/>\n<meta name=\"twitter:card\" content=\"summary_large_image\" \/>\n<script type=\"application\/ld+json\" class=\"yoast-schema-graph\">{\"@context\":\"https:\/\/schema.org\",\"@graph\":[{\"@type\":\"WebPage\",\"@id\":\"https:\/\/ironsky.pl\/sklep\/produkt\/szczotka-do-czyszczenia-radaru-dreame-mcba10-a1-a1-pro-a2\/\",\"url\":\"https:\/\/ironsky.pl\/sklep\/produkt\/szczotka-do-czyszczenia-radaru-dreame-mcba10-a1-a1-pro-a2\/\",\"name\":\"Szczotka do czyszczenia radaru DREAME MCBA10 A1\/A1 Pro\/A2 - IRONSKY.PL Sklep z Dronami\",\"isPartOf\":{\"@id\":\"https:\/\/ironsky.pl\/sklep\/#website\"},\"primaryImageOfPage\":{\"@id\":\"https:\/\/ironsky.pl\/sklep\/produkt\/szczotka-do-czyszczenia-radaru-dreame-mcba10-a1-a1-pro-a2\/#primaryimage\"},\"image\":{\"@id\":\"https:\/\/ironsky.pl\/sklep\/produkt\/szczotka-do-czyszczenia-radaru-dreame-mcba10-a1-a1-pro-a2\/#primaryimage\"},\"thumbnailUrl\":\"https:\/\/ironsky.pl\/sklep\/wp-content\/uploads\/2025\/06\/42168_1.jpg\",\"datePublished\":\"2026-04-15T08:34:43+00:00\",\"dateModified\":\"2026-04-15T08:34:54+00:00\",\"description\":\"Szczotka do czyszczenia radaru DREAME MCBA10 A1\/A1 Pro\/A2 - \u2705 sklep z dronami i fachowym doradztwem. \u2705 Tutaj kupisz produkty DJI, Yuneec, Parrot, Syma i wiele innych, a tak\u017ce kursy i licencje na operatora drona.\",\"breadcrumb\":{\"@id\":\"https:\/\/ironsky.pl\/sklep\/produkt\/szczotka-do-czyszczenia-radaru-dreame-mcba10-a1-a1-pro-a2\/#breadcrumb\"},\"inLanguage\":\"pl-PL\",\"potentialAction\":[{\"@type\":\"ReadAction\",\"target\":[\"https:\/\/ironsky.pl\/sklep\/produkt\/szczotka-do-czyszczenia-radaru-dreame-mcba10-a1-a1-pro-a2\/\"]}]},{\"@type\":\"ImageObject\",\"inLanguage\":\"pl-PL\",\"@id\":\"https:\/\/ironsky.pl\/sklep\/produkt\/szczotka-do-czyszczenia-radaru-dreame-mcba10-a1-a1-pro-a2\/#primaryimage\",\"url\":\"https:\/\/ironsky.pl\/sklep\/wp-content\/uploads\/2025\/06\/42168_1.jpg\",\"contentUrl\":\"https:\/\/ironsky.pl\/sklep\/wp-content\/uploads\/2025\/06\/42168_1.jpg\",\"width\":800,\"height\":800},{\"@type\":\"BreadcrumbList\",\"@id\":\"https:\/\/ironsky.pl\/sklep\/produkt\/szczotka-do-czyszczenia-radaru-dreame-mcba10-a1-a1-pro-a2\/#breadcrumb\",\"itemListElement\":[{\"@type\":\"ListItem\",\"position\":1,\"name\":\"Strona g\u0142\u00f3wna\",\"item\":\"https:\/\/ironsky.pl\/sklep\/\"},{\"@type\":\"ListItem\",\"position\":2,\"name\":\"Wszystkie produkty\",\"item\":\"https:\/\/ironsky.pl\/sklep\/produkty\/\"},{\"@type\":\"ListItem\",\"position\":3,\"name\":\"Szczotka do czyszczenia radaru DREAME MCBA10 A1\/A1 Pro\/A2\"}]},{\"@type\":\"WebSite\",\"@id\":\"https:\/\/ironsky.pl\/sklep\/#website\",\"url\":\"https:\/\/ironsky.pl\/sklep\/\",\"name\":\"IRONSKY.PL Sklep z Dronami\",\"description\":\"IRONSKY.PL Sklep z Dronami\",\"potentialAction\":[{\"@type\":\"SearchAction\",\"target\":{\"@type\":\"EntryPoint\",\"urlTemplate\":\"https:\/\/ironsky.pl\/sklep\/?s={search_term_string}\"},\"query-input\":{\"@type\":\"PropertyValueSpecification\",\"valueRequired\":true,\"valueName\":\"search_term_string\"}}],\"inLanguage\":\"pl-PL\"}]}<\/script>\n<!-- \/ Yoast SEO plugin. -->","yoast_head_json":{"title":"Szczotka do czyszczenia radaru DREAME MCBA10 A1\/A1 Pro\/A2 - IRONSKY.PL Sklep z Dronami","description":"Szczotka do czyszczenia radaru DREAME MCBA10 A1\/A1 Pro\/A2 - \u2705 sklep z dronami i fachowym doradztwem. \u2705 Tutaj kupisz produkty DJI, Yuneec, Parrot, Syma i wiele innych, a tak\u017ce kursy i licencje na operatora drona.","robots":{"index":"index","follow":"follow","max-snippet":"max-snippet:-1","max-image-preview":"max-image-preview:large","max-video-preview":"max-video-preview:-1"},"canonical":"https:\/\/ironsky.pl\/sklep\/produkt\/szczotka-do-czyszczenia-radaru-dreame-mcba10-a1-a1-pro-a2\/","og_locale":"pl_PL","og_type":"article","og_title":"Szczotka do czyszczenia radaru DREAME MCBA10 A1\/A1 Pro\/A2 - IRONSKY.PL Sklep z Dronami","og_description":"Szczotka do czyszczenia radaru DREAME MCBA10 A1\/A1 Pro\/A2 - \u2705 sklep z dronami i fachowym doradztwem. \u2705 Tutaj kupisz produkty DJI, Yuneec, Parrot, Syma i wiele innych, a tak\u017ce kursy i licencje na operatora drona.","og_url":"https:\/\/ironsky.pl\/sklep\/produkt\/szczotka-do-czyszczenia-radaru-dreame-mcba10-a1-a1-pro-a2\/","og_site_name":"IRONSKY.PL Sklep z Dronami","article_modified_time":"2026-04-15T08:34:54+00:00","og_image":[{"width":800,"height":800,"url":"https:\/\/ironsky.pl\/sklep\/wp-content\/uploads\/2025\/06\/42168_1.jpg","type":"image\/jpeg"}],"twitter_card":"summary_large_image","schema":{"@context":"https:\/\/schema.org","@graph":[{"@type":"WebPage","@id":"https:\/\/ironsky.pl\/sklep\/produkt\/szczotka-do-czyszczenia-radaru-dreame-mcba10-a1-a1-pro-a2\/","url":"https:\/\/ironsky.pl\/sklep\/produkt\/szczotka-do-czyszczenia-radaru-dreame-mcba10-a1-a1-pro-a2\/","name":"Szczotka do czyszczenia radaru DREAME MCBA10 A1\/A1 Pro\/A2 - IRONSKY.PL Sklep z Dronami","isPartOf":{"@id":"https:\/\/ironsky.pl\/sklep\/#website"},"primaryImageOfPage":{"@id":"https:\/\/ironsky.pl\/sklep\/produkt\/szczotka-do-czyszczenia-radaru-dreame-mcba10-a1-a1-pro-a2\/#primaryimage"},"image":{"@id":"https:\/\/ironsky.pl\/sklep\/produkt\/szczotka-do-czyszczenia-radaru-dreame-mcba10-a1-a1-pro-a2\/#primaryimage"},"thumbnailUrl":"https:\/\/ironsky.pl\/sklep\/wp-content\/uploads\/2025\/06\/42168_1.jpg","datePublished":"2026-04-15T08:34:43+00:00","dateModified":"2026-04-15T08:34:54+00:00","description":"Szczotka do czyszczenia radaru DREAME MCBA10 A1\/A1 Pro\/A2 - \u2705 sklep z dronami i fachowym doradztwem. \u2705 Tutaj kupisz produkty DJI, Yuneec, Parrot, Syma i wiele innych, a tak\u017ce kursy i licencje na operatora drona.","breadcrumb":{"@id":"https:\/\/ironsky.pl\/sklep\/produkt\/szczotka-do-czyszczenia-radaru-dreame-mcba10-a1-a1-pro-a2\/#breadcrumb"},"inLanguage":"pl-PL","potentialAction":[{"@type":"ReadAction","target":["https:\/\/ironsky.pl\/sklep\/produkt\/szczotka-do-czyszczenia-radaru-dreame-mcba10-a1-a1-pro-a2\/"]}]},{"@type":"ImageObject","inLanguage":"pl-PL","@id":"https:\/\/ironsky.pl\/sklep\/produkt\/szczotka-do-czyszczenia-radaru-dreame-mcba10-a1-a1-pro-a2\/#primaryimage","url":"https:\/\/ironsky.pl\/sklep\/wp-content\/uploads\/2025\/06\/42168_1.jpg","contentUrl":"https:\/\/ironsky.pl\/sklep\/wp-content\/uploads\/2025\/06\/42168_1.jpg","width":800,"height":800},{"@type":"BreadcrumbList","@id":"https:\/\/ironsky.pl\/sklep\/produkt\/szczotka-do-czyszczenia-radaru-dreame-mcba10-a1-a1-pro-a2\/#breadcrumb","itemListElement":[{"@type":"ListItem","position":1,"name":"Strona g\u0142\u00f3wna","item":"https:\/\/ironsky.pl\/sklep\/"},{"@type":"ListItem","position":2,"name":"Wszystkie produkty","item":"https:\/\/ironsky.pl\/sklep\/produkty\/"},{"@type":"ListItem","position":3,"name":"Szczotka do czyszczenia radaru DREAME MCBA10 A1\/A1 Pro\/A2"}]},{"@type":"WebSite","@id":"https:\/\/ironsky.pl\/sklep\/#website","url":"https:\/\/ironsky.pl\/sklep\/","name":"IRONSKY.PL Sklep z Dronami","description":"IRONSKY.PL Sklep z Dronami","potentialAction":[{"@type":"SearchAction","target":{"@type":"EntryPoint","urlTemplate":"https:\/\/ironsky.pl\/sklep\/?s={search_term_string}"},"query-input":{"@type":"PropertyValueSpecification","valueRequired":true,"valueName":"search_term_string"}}],"inLanguage":"pl-PL"}]}},"_links":{"self":[{"href":"https:\/\/ironsky.pl\/sklep\/wp-json\/wp\/v2\/product\/58266","targetHints":{"allow":["GET"]}}],"collection":[{"href":"https:\/\/ironsky.pl\/sklep\/wp-json\/wp\/v2\/product"}],"about":[{"href":"https:\/\/ironsky.pl\/sklep\/wp-json\/wp\/v2\/types\/product"}],"replies":[{"embeddable":true,"href":"https:\/\/ironsky.pl\/sklep\/wp-json\/wp\/v2\/comments?post=58266"}],"wp:featuredmedia":[{"embeddable":true,"href":"https:\/\/ironsky.pl\/sklep\/wp-json\/wp\/v2\/media\/44652"}],"wp:attachment":[{"href":"https:\/\/ironsky.pl\/sklep\/wp-json\/wp\/v2\/media?parent=58266"}],"wp:term":[{"taxonomy":"product_brand","embeddable":true,"href":"https:\/\/ironsky.pl\/sklep\/wp-json\/wp\/v2\/product_brand?post=58266"},{"taxonomy":"product_cat","embeddable":true,"href":"https:\/\/ironsky.pl\/sklep\/wp-json\/wp\/v2\/product_cat?post=58266"},{"taxonomy":"product_tag","embeddable":true,"href":"https:\/\/ironsky.pl\/sklep\/wp-json\/wp\/v2\/product_tag?post=58266"}],"curies":[{"name":"wp","href":"https:\/\/api.w.org\/{rel}","templated":true}]}}