{"id":58258,"date":"2026-04-15T10:34:43","date_gmt":"2026-04-15T08:34:43","guid":{"rendered":"https:\/\/ironsky.pl\/sklep\/produkt\/drukarka-3d-creality-ender-3-v3-2\/"},"modified":"2026-04-15T10:34:48","modified_gmt":"2026-04-15T08:34:48","slug":"drukarka-3d-creality-ender-3-v3-2","status":"publish","type":"product","link":"https:\/\/ironsky.pl\/sklep\/produkt\/drukarka-3d-creality-ender-3-v3-2\/","title":{"rendered":"Drukarka 3D CREALITY Ender-3 V3"},"content":{"rendered":"<h3>Drukarka 3D Creality Ender-3 V3<\/h3>\n<p>Creality Ender-3 V3 to zaawansowana drukarka 3D, kt\u00f3ra \u0142\u0105czy w sobie nowoczesne technologie, stabiln\u0105 konstrukcj\u0119 i intuicyjny interfejs, oferuj\u0105c profesjonalistom i entuzjastom narz\u0119dzie do tworzenia precyzyjnych wydruk\u00f3w. Dzi\u0119ki technologii FDM (fused deposition modeling), drukarka zapewnia wysok\u0105 jako\u015b\u0107 wydruk\u00f3w w r\u00f3\u017cnych materia\u0142ach.<\/p>\n<p>\n<img decoding=\"async\" src=\"https:\/\/assets.innpro.pl\/5895\/6924\/1.jpg\" border=\"0\" \/>\n<\/p>\n<h3>Wydajne funkcje drukowania<\/h3>\n<p>Drukarka umo\u017cliwia modelowanie w r\u00f3\u017cnych materia\u0142ach, takich jak PLA, TPU, PETG, ABS, PLA-CF, PETG-CF i CR-carbon, oferuj\u0105c szerok\u0105 gam\u0119 mo\u017cliwo\u015bci projektowych. Oferuje funkcje wykrywania filamentu, co zapobiega przerwaniu procesu drukowania. Odbywa si\u0119 on z pr\u0119dko\u015bci\u0105 do 600 mm\/s, a skoordynowany ruch osi X i Z jest nap\u0119dzany przez dwa silniki przymocowane do podstawy, co zwi\u0119ksza dok\u0142adno\u015b\u0107 osi Z i umo\u017cliwia uzyskanie lepszej jako\u015bci wydruk\u00f3w. Drukarka obs\u0142uguje format pliku Gcode i umo\u017cliwia drukowanie z dysku USB, poprzez sie\u0107 LAN lub z chmury.<\/p>\n<p>\n<img decoding=\"async\" src=\"https:\/\/assets.innpro.pl\/5895\/6924\/3.jpg\" border=\"0\" \/>\n<\/p>\n<h3>Zaawansowana konstrukcja<\/h3>\n<p>Ender-3 V3 wyposa\u017cona jest w now\u0105 metalow\u0105 konstrukcj\u0119 z cz\u0119\u015bciami odlewanymi ci\u015bnieniowo, zapewniaj\u0105c wi\u0119ksz\u0105 stabilno\u015b\u0107 i trwa\u0142o\u015b\u0107. Suwnica i podstawa s\u0105 wykonane z jednego kawa\u0142ka metalu, co dodatkowo zwi\u0119ksza dok\u0142adno\u015b\u0107 osi Z, umo\u017cliwiaj\u0105c uzyskanie lepszej jako\u015bci wydruk\u00f3w. Drukarka jest r\u00f3wnie\u017c wyposa\u017cona w bezpo\u015brednie wyt\u0142aczanie na pe\u0142nej mocy, co umo\u017cliwia ekstrudowanie bez zatykania przez ponad 1000 godzin. Grza\u0142ka ceramiczna o mocy 60 W zapewnia pe\u0142ne stopienie filament\u00f3w przy du\u017cej pr\u0119dko\u015bci.<\/p>\n<p>\n<img decoding=\"async\" src=\"https:\/\/assets.innpro.pl\/5895\/6924\/9.jpg\" border=\"0\" \/>\n<\/p>\n<h3>Zaawansowane ch\u0142odzenie<\/h3>\n<p>Drukarka jest wyposa\u017cona w wytrzyma\u0142\u0105 miedzian\u0105 dysz\u0119 z ko\u0144c\u00f3wk\u0105 stalow\u0105 i os\u0142on\u0105 termiczn\u0105 ze stopu tytanu. Dodatkowo dwa pot\u0119\u017cne wentylatory z przodu i z ty\u0142u g\u0142owicy drukuj\u0105cej szybko i r\u00f3wnomiernie ch\u0142odz\u0105 \u015bwie\u017co wydrukowan\u0105 sekcj\u0119, zapewniaj\u0105c doskona\u0142\u0105 jako\u015b\u0107 wydruk\u00f3w nawet przy du\u017cych pr\u0119dko\u015bciach.<\/p>\n<p>\n<img decoding=\"async\" src=\"https:\/\/assets.innpro.pl\/5895\/6924\/7.jpg\" border=\"0\" \/>\n<\/p>\n<h3>\u0141atwa obs\u0142uga i konfiguracja<\/h3>\n<p>Ender-3 V3 oferuje automatyczne wykrywanie poziomu i kalibracj\u0119, co przygotowuje drukark\u0119 do pracy bez potrzeby r\u0119cznego poziomowania. Drukarka jest r\u00f3wnie\u017c wyposa\u017cona w 4,3-calowy kolorowy ekran dotykowy HD, kt\u00f3ry umo\u017cliwia \u0142atwe monitorowanie procesu drukowania, podgl\u0105d modelu i kontrol\u0119 temperatury za pomoc\u0105 ruchomej grafiki. Dodatkowo drukarka posiada system operacyjny kompatybilny z Windows i Mac OS, zapewniaj\u0105c wszechstronno\u015b\u0107 w obs\u0142udze.<\/p>\n<p>\n<img decoding=\"async\" src=\"https:\/\/assets.innpro.pl\/5895\/6924\/8.jpg\" border=\"0\" \/>\n<\/p>\n<h3>Wydajno\u015b\u0107 i precyzja<\/h3>\n<p>Drukarka oferuje maksymaln\u0105 pr\u0119dko\u015b\u0107 drukowania 600 mm\/s i maksymalne przyspieszenie 20000 mm\/s^2, umo\u017cliwiaj\u0105c szybkie i precyzyjne wydruki. Bezpo\u015brednio nap\u0119dzany ekstruder jest wzmocniony spr\u0119\u017cyn\u0105 \u015brubow\u0105 i t\u0142okiem kulowym, zapewniaj\u0105c mocne chwycenie filamentu bez zwalniania. Ulepszenia ekstrudera, takie jak spr\u0119\u017cyna boczna, t\u0142ok kulowy i d\u017awignia metalurgii proszk\u00f3w, dodatkowo zwi\u0119kszaj\u0105 przyczepno\u015b\u0107 i si\u0142\u0119 wyt\u0142aczania, zapewniaj\u0105c precyzyjne drukowanie.<\/p>\n<p>\n<img decoding=\"async\" src=\"https:\/\/assets.innpro.pl\/5895\/6924\/5.jpg\" border=\"0\" \/>\n<\/p>\n<h3>Nowoczesne funkcje drukowania<\/h3>\n<p>Drukarka posiada doskona\u0142y ekosystem oprogramowania, kt\u00f3ry pozwala na kontrol\u0119 i monitorowanie za pomoc\u0105 Creality Print slicer i Creality Cloud APP. System ten umo\u017cliwia \u0142atwe zarz\u0105dzanie i eksportowanie modeli. Podstawa ze stali spr\u0119\u017cynowej umo\u017cliwia uwalnianie modelu z lekkim wygi\u0119ciem, co jest przydatne w procesie drukowania.<\/p>\n<p>\n<img decoding=\"async\" src=\"https:\/\/assets.innpro.pl\/5895\/6924\/4.jpg\" border=\"0\" \/>\n<\/p>\n<div class=\"table-wrapper\">\n<p>\u00a0<\/p>\n<h3><\/h3>\n<table>\n<tbody>\n<tr>\n<th>Producent <\/th>\n<td>Creality <\/td>\n<\/tr>\n<tr>\n<th>Model<\/th>\n<td>Ender-3 V3<\/td>\n<\/tr>\n<tr>\n<th>Technologia modelowania <\/th>\n<td>FDM<\/td>\n<\/tr>\n<tr>\n<th>Wymiary modelowania <\/th>\n<td>220 x 220 x 250 mm<\/td>\n<\/tr>\n<tr>\n<th>Metoda poziomowania <\/th>\n<td>automatyczne wykrywanie poziomu <\/td>\n<\/tr>\n<tr>\n<th>Liczba dysz<\/th>\n<td>1 szt. <\/td>\n<\/tr>\n<tr>\n<th>\u015arednica ekstrudera <\/th>\n<td>0,4 mm<\/td>\n<\/tr>\n<tr>\n<th>Grubo\u015b\u0107 warstwy <\/th>\n<td>0,1-0,35 mm<\/td>\n<\/tr>\n<tr>\n<th>Precyzja <\/th>\n<td>\u00b10,2 mm<\/td>\n<\/tr>\n<tr>\n<th>Temperatura dyszy <\/th>\n<td>\u2264 300<\/td>\n<\/tr>\n<tr>\n<th>Temperatura pod\u0142o\u017ca <\/th>\n<td>\u2264 110<\/td>\n<\/tr>\n<tr>\n<th>Filamenty <\/th>\n<td>PLA \/ TPU \/ PETG \/ ABS \/ PLA-CF \/ PETG-CF \/ CR-carbon <\/td>\n<\/tr>\n<tr>\n<th>Moc znamionowa <\/th>\n<td>350 W<\/td>\n<\/tr>\n<tr>\n<th>Napi\u0119cie wej\u015bciowe <\/th>\n<td>100-120 V; 200-240 V; 50\/60 Hz<\/td>\n<\/tr>\n<tr>\n<th>Wykrywanie filamentu <\/th>\n<td>Tak<\/td>\n<\/tr>\n<tr>\n<th>odzyskiwanie utraconego zasilania <\/th>\n<td>Tak<\/td>\n<\/tr>\n<tr>\n<th>Metoda drukowania <\/th>\n<td>z dysku USB \/ przez sie\u0107 LAN \/ z chmury <\/td>\n<\/tr>\n<tr>\n<th>Format pliku drukowania <\/th>\n<td>Gcode<\/td>\n<\/tr>\n<tr>\n<th>Oprogramowanie do wycinania <\/th>\n<td>Creality Print <\/td>\n<\/tr>\n<tr>\n<th>System operacyjny <\/th>\n<td>Windows \/ Mac OS<\/td>\n<\/tr>\n<tr>\n<th>J\u0119zyk <\/th>\n<td>Chi\u0144ski, Angielski, Hiszpa\u0144ski, Niemiecki, Francuski, Rosyjski, Portugalski, W\u0142oski itp. <\/td>\n<\/tr>\n<\/tbody>\n<\/table>\n<\/div>\n","protected":false},"excerpt":{"rendered":"<p>Drukarka 3D Creality Ender-3 V3 Creality Ender-3 V3 to zaawansowana drukarka 3D, kt\u00f3ra \u0142\u0105czy w sobie nowoczesne technologie, stabiln\u0105 konstrukcj\u0119<\/p>\n","protected":false},"featured_media":44634,"comment_status":"closed","ping_status":"open","template":"","meta":{"_acf_changed":false},"product_brand":[],"product_cat":[6222,6223,6217],"product_tag":[],"class_list":{"0":"post-58258","1":"product","2":"type-product","3":"status-publish","4":"has-post-thumbnail","6":"product_cat-druk-3d-technologie-kreatywne","7":"product_cat-drukarki-3d","8":"product_cat-technologie-kreatywne","9":"pa_okres-gwarancji-5754","10":"pa_producent-creality","12":"first","13":"outofstock","14":"taxable","15":"shipping-taxable","16":"purchasable","17":"product-type-simple"},"acf":[],"yoast_head":"<!-- This site is optimized with the Yoast SEO plugin v27.2 - https:\/\/yoast.com\/product\/yoast-seo-wordpress\/ -->\n<title>Drukarka 3D CREALITY Ender-3 V3 - IRONSKY.PL Sklep z Dronami<\/title>\n<meta name=\"description\" content=\"Drukarka 3D CREALITY Ender-3 V3 - \u2705 sklep z dronami i fachowym doradztwem. \u2705 Tutaj kupisz produkty DJI, Yuneec, Parrot, Syma i wiele innych, a tak\u017ce kursy i licencje na operatora drona.\" \/>\n<meta name=\"robots\" content=\"index, follow, max-snippet:-1, max-image-preview:large, max-video-preview:-1\" \/>\n<link rel=\"canonical\" href=\"https:\/\/ironsky.pl\/sklep\/produkt\/drukarka-3d-creality-ender-3-v3-2\/\" \/>\n<meta property=\"og:locale\" content=\"pl_PL\" \/>\n<meta property=\"og:type\" content=\"article\" \/>\n<meta property=\"og:title\" content=\"Drukarka 3D CREALITY Ender-3 V3 - IRONSKY.PL Sklep z Dronami\" \/>\n<meta property=\"og:description\" content=\"Drukarka 3D CREALITY Ender-3 V3 - \u2705 sklep z dronami i fachowym doradztwem. \u2705 Tutaj kupisz produkty DJI, Yuneec, Parrot, Syma i wiele innych, a tak\u017ce kursy i licencje na operatora drona.\" \/>\n<meta property=\"og:url\" content=\"https:\/\/ironsky.pl\/sklep\/produkt\/drukarka-3d-creality-ender-3-v3-2\/\" \/>\n<meta property=\"og:site_name\" content=\"IRONSKY.PL Sklep z Dronami\" \/>\n<meta property=\"article:modified_time\" content=\"2026-04-15T08:34:48+00:00\" \/>\n<meta property=\"og:image\" content=\"https:\/\/ironsky.pl\/sklep\/wp-content\/uploads\/2025\/06\/42148_5.jpg\" \/>\n\t<meta property=\"og:image:width\" content=\"800\" \/>\n\t<meta property=\"og:image:height\" content=\"800\" \/>\n\t<meta property=\"og:image:type\" content=\"image\/jpeg\" \/>\n<meta name=\"twitter:card\" content=\"summary_large_image\" \/>\n<meta name=\"twitter:label1\" content=\"Szacowany czas czytania\" \/>\n\t<meta name=\"twitter:data1\" content=\"3 minuty\" \/>\n<script type=\"application\/ld+json\" class=\"yoast-schema-graph\">{\"@context\":\"https:\/\/schema.org\",\"@graph\":[{\"@type\":\"WebPage\",\"@id\":\"https:\/\/ironsky.pl\/sklep\/produkt\/drukarka-3d-creality-ender-3-v3-2\/\",\"url\":\"https:\/\/ironsky.pl\/sklep\/produkt\/drukarka-3d-creality-ender-3-v3-2\/\",\"name\":\"Drukarka 3D CREALITY Ender-3 V3 - IRONSKY.PL Sklep z Dronami\",\"isPartOf\":{\"@id\":\"https:\/\/ironsky.pl\/sklep\/#website\"},\"primaryImageOfPage\":{\"@id\":\"https:\/\/ironsky.pl\/sklep\/produkt\/drukarka-3d-creality-ender-3-v3-2\/#primaryimage\"},\"image\":{\"@id\":\"https:\/\/ironsky.pl\/sklep\/produkt\/drukarka-3d-creality-ender-3-v3-2\/#primaryimage\"},\"thumbnailUrl\":\"https:\/\/ironsky.pl\/sklep\/wp-content\/uploads\/2025\/06\/42148_5.jpg\",\"datePublished\":\"2026-04-15T08:34:43+00:00\",\"dateModified\":\"2026-04-15T08:34:48+00:00\",\"description\":\"Drukarka 3D CREALITY Ender-3 V3 - \u2705 sklep z dronami i fachowym doradztwem. \u2705 Tutaj kupisz produkty DJI, Yuneec, Parrot, Syma i wiele innych, a tak\u017ce kursy i licencje na operatora drona.\",\"breadcrumb\":{\"@id\":\"https:\/\/ironsky.pl\/sklep\/produkt\/drukarka-3d-creality-ender-3-v3-2\/#breadcrumb\"},\"inLanguage\":\"pl-PL\",\"potentialAction\":[{\"@type\":\"ReadAction\",\"target\":[\"https:\/\/ironsky.pl\/sklep\/produkt\/drukarka-3d-creality-ender-3-v3-2\/\"]}]},{\"@type\":\"ImageObject\",\"inLanguage\":\"pl-PL\",\"@id\":\"https:\/\/ironsky.pl\/sklep\/produkt\/drukarka-3d-creality-ender-3-v3-2\/#primaryimage\",\"url\":\"https:\/\/ironsky.pl\/sklep\/wp-content\/uploads\/2025\/06\/42148_5.jpg\",\"contentUrl\":\"https:\/\/ironsky.pl\/sklep\/wp-content\/uploads\/2025\/06\/42148_5.jpg\",\"width\":800,\"height\":800},{\"@type\":\"BreadcrumbList\",\"@id\":\"https:\/\/ironsky.pl\/sklep\/produkt\/drukarka-3d-creality-ender-3-v3-2\/#breadcrumb\",\"itemListElement\":[{\"@type\":\"ListItem\",\"position\":1,\"name\":\"Strona g\u0142\u00f3wna\",\"item\":\"https:\/\/ironsky.pl\/sklep\/\"},{\"@type\":\"ListItem\",\"position\":2,\"name\":\"Wszystkie produkty\",\"item\":\"https:\/\/ironsky.pl\/sklep\/produkty\/\"},{\"@type\":\"ListItem\",\"position\":3,\"name\":\"Drukarka 3D CREALITY Ender-3 V3\"}]},{\"@type\":\"WebSite\",\"@id\":\"https:\/\/ironsky.pl\/sklep\/#website\",\"url\":\"https:\/\/ironsky.pl\/sklep\/\",\"name\":\"IRONSKY.PL Sklep z Dronami\",\"description\":\"IRONSKY.PL Sklep z Dronami\",\"potentialAction\":[{\"@type\":\"SearchAction\",\"target\":{\"@type\":\"EntryPoint\",\"urlTemplate\":\"https:\/\/ironsky.pl\/sklep\/?s={search_term_string}\"},\"query-input\":{\"@type\":\"PropertyValueSpecification\",\"valueRequired\":true,\"valueName\":\"search_term_string\"}}],\"inLanguage\":\"pl-PL\"}]}<\/script>\n<!-- \/ Yoast SEO plugin. -->","yoast_head_json":{"title":"Drukarka 3D CREALITY Ender-3 V3 - IRONSKY.PL Sklep z Dronami","description":"Drukarka 3D CREALITY Ender-3 V3 - \u2705 sklep z dronami i fachowym doradztwem. \u2705 Tutaj kupisz produkty DJI, Yuneec, Parrot, Syma i wiele innych, a tak\u017ce kursy i licencje na operatora drona.","robots":{"index":"index","follow":"follow","max-snippet":"max-snippet:-1","max-image-preview":"max-image-preview:large","max-video-preview":"max-video-preview:-1"},"canonical":"https:\/\/ironsky.pl\/sklep\/produkt\/drukarka-3d-creality-ender-3-v3-2\/","og_locale":"pl_PL","og_type":"article","og_title":"Drukarka 3D CREALITY Ender-3 V3 - IRONSKY.PL Sklep z Dronami","og_description":"Drukarka 3D CREALITY Ender-3 V3 - \u2705 sklep z dronami i fachowym doradztwem. \u2705 Tutaj kupisz produkty DJI, Yuneec, Parrot, Syma i wiele innych, a tak\u017ce kursy i licencje na operatora drona.","og_url":"https:\/\/ironsky.pl\/sklep\/produkt\/drukarka-3d-creality-ender-3-v3-2\/","og_site_name":"IRONSKY.PL Sklep z Dronami","article_modified_time":"2026-04-15T08:34:48+00:00","og_image":[{"width":800,"height":800,"url":"https:\/\/ironsky.pl\/sklep\/wp-content\/uploads\/2025\/06\/42148_5.jpg","type":"image\/jpeg"}],"twitter_card":"summary_large_image","twitter_misc":{"Szacowany czas czytania":"3 minuty"},"schema":{"@context":"https:\/\/schema.org","@graph":[{"@type":"WebPage","@id":"https:\/\/ironsky.pl\/sklep\/produkt\/drukarka-3d-creality-ender-3-v3-2\/","url":"https:\/\/ironsky.pl\/sklep\/produkt\/drukarka-3d-creality-ender-3-v3-2\/","name":"Drukarka 3D CREALITY Ender-3 V3 - IRONSKY.PL Sklep z Dronami","isPartOf":{"@id":"https:\/\/ironsky.pl\/sklep\/#website"},"primaryImageOfPage":{"@id":"https:\/\/ironsky.pl\/sklep\/produkt\/drukarka-3d-creality-ender-3-v3-2\/#primaryimage"},"image":{"@id":"https:\/\/ironsky.pl\/sklep\/produkt\/drukarka-3d-creality-ender-3-v3-2\/#primaryimage"},"thumbnailUrl":"https:\/\/ironsky.pl\/sklep\/wp-content\/uploads\/2025\/06\/42148_5.jpg","datePublished":"2026-04-15T08:34:43+00:00","dateModified":"2026-04-15T08:34:48+00:00","description":"Drukarka 3D CREALITY Ender-3 V3 - \u2705 sklep z dronami i fachowym doradztwem. \u2705 Tutaj kupisz produkty DJI, Yuneec, Parrot, Syma i wiele innych, a tak\u017ce kursy i licencje na operatora drona.","breadcrumb":{"@id":"https:\/\/ironsky.pl\/sklep\/produkt\/drukarka-3d-creality-ender-3-v3-2\/#breadcrumb"},"inLanguage":"pl-PL","potentialAction":[{"@type":"ReadAction","target":["https:\/\/ironsky.pl\/sklep\/produkt\/drukarka-3d-creality-ender-3-v3-2\/"]}]},{"@type":"ImageObject","inLanguage":"pl-PL","@id":"https:\/\/ironsky.pl\/sklep\/produkt\/drukarka-3d-creality-ender-3-v3-2\/#primaryimage","url":"https:\/\/ironsky.pl\/sklep\/wp-content\/uploads\/2025\/06\/42148_5.jpg","contentUrl":"https:\/\/ironsky.pl\/sklep\/wp-content\/uploads\/2025\/06\/42148_5.jpg","width":800,"height":800},{"@type":"BreadcrumbList","@id":"https:\/\/ironsky.pl\/sklep\/produkt\/drukarka-3d-creality-ender-3-v3-2\/#breadcrumb","itemListElement":[{"@type":"ListItem","position":1,"name":"Strona g\u0142\u00f3wna","item":"https:\/\/ironsky.pl\/sklep\/"},{"@type":"ListItem","position":2,"name":"Wszystkie produkty","item":"https:\/\/ironsky.pl\/sklep\/produkty\/"},{"@type":"ListItem","position":3,"name":"Drukarka 3D CREALITY Ender-3 V3"}]},{"@type":"WebSite","@id":"https:\/\/ironsky.pl\/sklep\/#website","url":"https:\/\/ironsky.pl\/sklep\/","name":"IRONSKY.PL Sklep z Dronami","description":"IRONSKY.PL Sklep z Dronami","potentialAction":[{"@type":"SearchAction","target":{"@type":"EntryPoint","urlTemplate":"https:\/\/ironsky.pl\/sklep\/?s={search_term_string}"},"query-input":{"@type":"PropertyValueSpecification","valueRequired":true,"valueName":"search_term_string"}}],"inLanguage":"pl-PL"}]}},"_links":{"self":[{"href":"https:\/\/ironsky.pl\/sklep\/wp-json\/wp\/v2\/product\/58258","targetHints":{"allow":["GET"]}}],"collection":[{"href":"https:\/\/ironsky.pl\/sklep\/wp-json\/wp\/v2\/product"}],"about":[{"href":"https:\/\/ironsky.pl\/sklep\/wp-json\/wp\/v2\/types\/product"}],"replies":[{"embeddable":true,"href":"https:\/\/ironsky.pl\/sklep\/wp-json\/wp\/v2\/comments?post=58258"}],"wp:featuredmedia":[{"embeddable":true,"href":"https:\/\/ironsky.pl\/sklep\/wp-json\/wp\/v2\/media\/44634"}],"wp:attachment":[{"href":"https:\/\/ironsky.pl\/sklep\/wp-json\/wp\/v2\/media?parent=58258"}],"wp:term":[{"taxonomy":"product_brand","embeddable":true,"href":"https:\/\/ironsky.pl\/sklep\/wp-json\/wp\/v2\/product_brand?post=58258"},{"taxonomy":"product_cat","embeddable":true,"href":"https:\/\/ironsky.pl\/sklep\/wp-json\/wp\/v2\/product_cat?post=58258"},{"taxonomy":"product_tag","embeddable":true,"href":"https:\/\/ironsky.pl\/sklep\/wp-json\/wp\/v2\/product_tag?post=58258"}],"curies":[{"name":"wp","href":"https:\/\/api.w.org\/{rel}","templated":true}]}}