{"id":58236,"date":"2026-04-15T10:33:57","date_gmt":"2026-04-15T08:33:57","guid":{"rendered":"https:\/\/ironsky.pl\/sklep\/produkt\/system-follow-focus-dji-focus-pro-all-in-one-combo\/"},"modified":"2026-04-15T10:34:38","modified_gmt":"2026-04-15T08:34:38","slug":"system-follow-focus-dji-focus-pro-all-in-one-combo","status":"publish","type":"product","link":"https:\/\/ironsky.pl\/sklep\/produkt\/system-follow-focus-dji-focus-pro-all-in-one-combo\/","title":{"rendered":"System follow focus DJI Focus Pro All-In-One Combo"},"content":{"rendered":"<h3>Nowy poziom kontroli z DJI Focus Pro<\/h3>\n<\/p>\n<p>DJI Focus Pro to pionierski niezale\u017cny system kontroli obiektywu Automated Manual Focus (AMF) od DJI, oferuj\u0105cy tw\u00f3rcom filmowym solidne i wszechstronne rozwi\u0105zanie w zakresie regulacji ostro\u015bci. Sk\u0142ada si\u0119 z czterech g\u0142\u00f3wnych modu\u0142\u00f3w: LiDAR, Motor, Grip i Hand Unit, oferuj\u0105c tw\u00f3rcom elastyczno\u015b\u0107 w zale\u017cno\u015bci od potrzeb realizowanego scenariusza. W zestawie All in One Combo otrzymujesz ka\u017cdy z nich wraz z futera\u0142em, w kt\u00f3rym wygodnie je przechowasz. To doskona\u0142e rozwi\u0105zanie dla wszystkich filmowc\u00f3w \u2014 od indywidualist\u00f3w, korzystaj\u0105cych z autofokusa LiDAR po zespo\u0142y wsp\u00f3\u0142pracuj\u0105ce przy u\u017cyciu Hand Unit. DJI Focus Pro dostosowuje si\u0119 do r\u00f3\u017cnorodnych wymaga\u0144! <\/p>\n<\/p>\n<p>\n<img decoding=\"async\" src=\"https:\/\/assets.innpro.pl\/5258\/6159\/1 \u2014 kopia.jpg\" border=\"0\" \/>\n<\/p>\n<h3>Odkryj niezr\u00f3wnan\u0105 precyzj\u0119<\/h3>\n<\/p>\n<p>DJI wprowadza system LiDAR jako niezale\u017cne narz\u0119dzie, z kt\u00f3rym zyskujesz wolno\u015b\u0107 w tworzeniu ostrych uj\u0119\u0107 w ka\u017cdej sytuacji. Zupe\u0142nie nowy uchwyt DJI Focus Pro Grip z intuicyjnym ekranem dotykowym, autokalibracj\u0105 i magazynowaniem danych dla 15 obiektyw\u00f3w, a tak\u017ce mo\u017cliwo\u015bci\u0105 bezprzewodowego uruchamiania i zatrzymywania nagrywania za po\u015brednictwem Bluetooth, oferuje mo\u017cliwo\u015b\u0107 wykorzystania precyzyjnej regulacji ostro\u015bci przy u\u017cyciu LiDAR nawet je\u015bli nie korzystasz ze stabilizatora Ronin!<\/p>\n<\/p>\n<p>\n<img decoding=\"async\" src=\"https:\/\/assets.innpro.pl\/5258\/6159\/2.jpg\" border=\"0\" \/>\n<\/p>\n<h3>Niespotykana ostro\u015b\u0107<\/h3>\n<\/p>\n<p>System LiDAR umo\u017cliwia utrzymanie ostro\u015bci na postaciach w kadrze na odleg\u0142o\u015b\u0107 do 20 metr\u00f3w, czyli trzykrotnie wi\u0119cej ni\u017c poprzednia generacja. Co wi\u0119cej, niezwykle szeroki zakres ostro\u015bci FOV 70\u00b0 pozwala przekroczy\u0107 granice kreatywno\u015bci, umo\u017cliwiaj\u0105c \u0142atwe kadrowanie i zbli\u017cenia, daj\u0105c Ci pe\u0142n\u0105 kontrol\u0119 nad ka\u017cdym uj\u0119ciem.<\/p>\n<\/p>\n<p>\n<img decoding=\"async\" src=\"https:\/\/assets.innpro.pl\/5258\/6159\/4.jpg\" border=\"0\" \/>\n<\/p>\n<h3>Inteligentny fokus<\/h3>\n<\/p>\n<p>Ustawienie ostro\u015bci nigdy nie by\u0142o \u0142atwiejsze! Zaawansowane algorytmy AI i 76,800 punkt\u00f3w dalmierza LiDAR z cz\u0119stotliwo\u015bci\u0105 od\u015bwie\u017cania na poziomie 30 Hz poprawiaj\u0105 dok\u0142adno\u015b\u0107 wykrywania kraw\u0119dzi i zmniejszaj\u0105 wahania ostro\u015bci, nawet gdy obiekt szybko si\u0119 porusza. Dzi\u0119ki temu DJI Focus Pro zapewnia nie tylko wi\u0119ksz\u0105 precyzj\u0119, ale i niezawodn\u0105 stabilno\u015b\u0107 w ka\u017cdych warunkach.<\/p>\n<\/p>\n<p>\n<img decoding=\"async\" src=\"https:\/\/assets.innpro.pl\/5258\/6159\/5.jpg\" border=\"0\" \/>\n<\/p>\n<h3>AMF \u2014 zautomatyzowane wsparcie<\/h3>\n<\/p>\n<p>DJI Focus Pro to prawdziwy prze\u0142om, kt\u00f3ry zmienia zasady gry w ustawianiu ostro\u015bci, wprowadzaj\u0105c tryb AMF, czyli automatyczn\u0105 r\u0119czn\u0105 regulacj\u0119. To nowe rozwi\u0105zanie zaprojektowane z my\u015bl\u0105 o filmowcach, u\u0142atwia wsp\u00f3\u0142prac\u0119 mi\u0119dzy Tob\u0105 a technologi\u0105, daj\u0105c Ci jeszcze wi\u0119ksz\u0105 kontrol\u0119 nad procesem filmowania. Dzi\u0119ki niemu mo\u017cesz p\u0142ynnie prze\u0142\u0105cza\u0107 si\u0119 mi\u0119dzy r\u0119cznym a automatycznym ustawianiem ostro\u015bci, co czyni prac\u0119 szybsz\u0105 i bardziej intuicyjn\u0105. <\/p>\n<\/p>\n<p>\n<img decoding=\"async\" src=\"https:\/\/assets.innpro.pl\/5258\/6159\/3.jpg\" border=\"0\" \/>\n<\/p>\n<h3>Hand Unit \u2014 panuj nad scen\u0105<\/h3>\n<\/p>\n<p>Modu\u0142 Hand Unit FIZ to klucz do osi\u0105gni\u0119cia niepor\u00f3wnywalnej precyzji i p\u0142ynno\u015bci, kt\u00f3ra przek\u0142ada si\u0119 na lepsz\u0105 jako\u015b\u0107 Twoich produkcji. Dzi\u0119ki magnetycznemu t\u0142umieniu i bezstopniowej regulacji system ten zapewnia intuicyjne i komfortowe do\u015bwiadczenie zar\u00f3wno w regulacji ostro\u015bci, jak i przys\u0142ony czy zoomu, umo\u017cliwiaj\u0105c precyzyjne uchwycenie ka\u017cdego szczeg\u00f3\u0142u sceny. Z elektronicznymi znacznikami punkt\u00f3w A-B i zasi\u0119giem komunikacji do 160 metr\u00f3w, umo\u017cliwia realizacj\u0119 ambitnych pomys\u0142\u00f3w bez ogranicze\u0144. Ponadto szybkie \u0142\u0105czenie i niskie op\u00f3\u017anienie silnika u\u0142atwiaj\u0105 p\u0142ynne przej\u015bcia i dostosowanie do r\u00f3\u017cnych obiektyw\u00f3w, co czyni DJI Focus Pro niezb\u0119dnym narz\u0119dziem dla ka\u017cdego, kto pragnie podnie\u015b\u0107 swoje filmy na wy\u017cszy poziom artystyczny i techniczny.<\/p>\n<\/p>\n<p>\n<img decoding=\"async\" src=\"https:\/\/assets.innpro.pl\/5258\/6159\/6.jpg\" border=\"0\" \/>\n<\/p>\n<h3>W zestawie<\/h3>\n<ul class=\"list-disc pl-5\">\n<li>DJI Focus Pro LiDAR<\/li>\n<li>DJI Focus Pro Grip<\/li>\n<li>DJI Focus Pro Motor<\/li>\n<li>DJI Focus Pro Hand Unit<\/li>\n<li>DJI Focus Pro futera\u0142<\/li>\n<\/ul>\n<div class=\"table-wrapper\">\n<p>\u00a0<\/p>\n<h3>LiDAR<\/h3>\n<table>\n<tbody>\n<tr>\n<th>Porty  <\/th>\n<td>Zimna stopka Otw\u00f3r gwintowany 1\/4&#8243;-20  Port aktualizacji oprogramowania sprz\u0119towego USB-C (zasilanie\/USB) Port danych USB-C (zasilanie\/CVBS\/CAN) <\/td>\n<\/tr>\n<tr>\n<th>Czujnik obrazu <\/th>\n<td>Rozdzielczo\u015b\u0107: 1920\u00d71440 FOV: 57,4\u00b0 (w poziomie), 44,6\u00b0 (w pionie), 70,1\u00b0 (po przek\u0105tnej) Frame Rate: 30 kl.  Odpowiednik ogniskowej: 30 mm<\/td>\n<\/tr>\n<tr>\n<th>Czujnik ToF <\/th>\n<td>Punkty zasi\u0119gu: 76,800 Zasi\u0119g wykrywania 0,5-20 m FOV: Tryb szerokok\u0105tny: 65\u00b0 (poziomo), 40\u00b0 (pionowo), 76,1\u00b0 (po przek\u0105tnej) Tryb teleobiektywu: 20\u00b0 (poziomo), 20\u00b0 (pionowo), 28,3\u00b0 (po przek\u0105tnej) Frame Rate: 30 kl. Ekwiwalent ogniskowej: 30 mm (tryb szerokok\u0105tny) Dok\u0142adno\u015b\u0107 pomiaru: \u00b11% do 3% (zale\u017cnie od odleg\u0142o\u015bci) <\/td>\n<\/tr>\n<tr>\n<th>Uczenie maszynowe <\/th>\n<td>\u015aledzenie obiektu: Mo\u017ce rozpozna\u0107 do pi\u0119ciu obiekt\u00f3w jednocze\u015bnie i wybra\u0107 jeden do \u015bledzenia.  Inteligentna identyfikacja obiekt\u00f3w: Cz\u0142owiek, pojazd  Obszar ostro\u015bci: Flex Spot (aktywacja blokady ostro\u015bci poprzez wykadrowanie obiektu i naci\u015bni\u0119cie spustu; obs\u0142uguje tylko autofokus, nie ActiveTrack); Szeroki (gdy obiekt jest zablokowany na cz\u0142owieku, obs\u0142uguje zar\u00f3wno autofokus, jak i ActiveTrack*; gdy obiekt jest zablokowany na poje\u017adzie, obs\u0142uguje tylko autofokus, nie ActiveTrack). * ActiveTrack jest dost\u0119pny tylko w po\u0142\u0105czeniu z DJI RS 4 Pro lub DJI RS 3 Pro.<\/td>\n<\/tr>\n<tr>\n<th>W\u0142a\u015bciwo\u015bci elektryczne <\/th>\n<td>Pob\u00f3r mocy: \u015arednio ok. 6,3 W, maks. 6,8 W Napi\u0119cie wej\u015bciowe =: 6,6-17,2 V<\/td>\n<\/tr>\n<tr>\n<th>Temperatura pracy <\/th>\n<td>-20\u00b0 do 45\u00b0 C (-4\u00b0 do 113\u00b0 F)<\/td>\n<\/tr>\n<tr>\n<th>W\u0142a\u015bciwo\u015bci mechaniczne <\/th>\n<td>Wymiary korpusu : Oko\u0142o 68\u00d725\u00d757 mm (d\u0142.\u00d7szer.\u00d7wys.) Waga: oko\u0142o 140 g <\/td>\n<\/tr>\n<tr>\n<th>Metoda i pozycja monta\u017cu <\/th>\n<td>Mo\u017ce by\u0107 montowany bezpo\u015brednio przez zimn\u0105 stopk\u0119 lub za pomoc\u0105 otworu gwintowanego 1\/4&#8243;. Zaleca si\u0119 monta\u017c DJI Focus Pro LiDAR blisko osi optycznej kamery.<\/td>\n<\/tr>\n<\/tbody>\n<\/table>\n<p>\u00a0<\/p>\n<h3>Grip<\/h3>\n<table>\n<tbody>\n<tr>\n<th>Cz\u0119stotliwo\u015b\u0107 pracy <\/th>\n<td>2,400-2,4835 GHz<\/td>\n<\/tr>\n<tr>\n<th>Moc nadajnika Bluetooth <\/th>\n<td>&lt; 8 dBm<\/td>\n<\/tr>\n<tr>\n<th>W\u0142a\u015bciwo\u015bci mechaniczne <\/th>\n<td>Wymiary korpusu: Oko\u0142o 59\u00d773\u00d7162 mm (d\u0142.\u00d7szer.\u00d7wys.)  Waga korpusu: Oko\u0142o 482 g <\/td>\n<\/tr>\n<tr>\n<th>Metoda monta\u017cu <\/th>\n<td>Elastyczny monta\u017c po lewej lub prawej stronie klatki za pomoc\u0105 portu NATO<\/td>\n<\/tr>\n<tr>\n<th>Ekran <\/th>\n<td>1,8-calowy kolorowy ekran dotykowy<\/td>\n<\/tr>\n<tr>\n<th>Port <\/th>\n<td>Port USB-C (DJI Focus Pro LiDAR) Port USB-C (silnik DJI Focus Pro) Port USB-C (port sterowania kamer\u0105) Port USB-C (port \u0142adowania akumulatora)<\/td>\n<\/tr>\n<tr>\n<th>Czas pracy <\/th>\n<td>Oko\u0142o 2,5 godziny Zmierzone w \u015brodowisku o temperaturze 25\u00b0 C (77\u00b0 F) przy jednoczesnym zasilaniu uchwytu, LiDAR i silnika ustawiania ostro\u015bci, przy stale w\u0142\u0105czonym AF i w po\u0142\u0105czeniu z obiektywem manualnym.<\/td>\n<\/tr>\n<tr>\n<th>Moc \u0142adowania <\/th>\n<td>Obs\u0142uguje szybkie \u0142adowanie PD 18 W<\/td>\n<\/tr>\n<tr>\n<th>Model akumulatora <\/th>\n<td>BHX711-3000-7.2V<\/td>\n<\/tr>\n<tr>\n<th>Napi\u0119cie zasilania <\/th>\n<td>6.6-8.4 V<\/td>\n<\/tr>\n<tr>\n<th>Temperatura pracy <\/th>\n<td>-20\u00b0 do 45\u00b0 C (-4\u00b0 do 113\u00b0 F)<\/td>\n<\/tr>\n<\/tbody>\n<\/table>\n<p>\u00a0<\/p>\n<h3>Hand Unit<\/h3>\n<table>\n<tbody>\n<tr>\n<th>Cz\u0119stotliwo\u015b\u0107 pracy <\/th>\n<td>2,400-2,4835 GHz<\/td>\n<\/tr>\n<tr>\n<th>Moc nadajnika Bluetooth <\/th>\n<td>&lt; 8 dBm<\/td>\n<\/tr>\n<tr>\n<th>Moc nadajnika <\/th>\n<td>2,4 GHz (EIRP) &lt; 20 dBm (CE\/SRRC\/MIC) &lt; 26 dBm (FCC)<\/td>\n<\/tr>\n<tr>\n<th>Odleg\u0142o\u015b\u0107 transmisji <\/th>\n<td>2,4 GHz 160 m* 100 m**  * Zmierzone zgodnie z norm\u0105 FCC w niezak\u0142\u00f3conym \u015brodowisku wolnym od zak\u0142\u00f3ce\u0144. ** Zmierzone zgodnie z normami CE\/SRRC\/MIC w niezak\u0142\u00f3conym \u015brodowisku wolnym od zak\u0142\u00f3ce\u0144.<\/td>\n<\/tr>\n<tr>\n<th>W\u0142a\u015bciwo\u015bci mechaniczne <\/th>\n<td>Wymiary: Oko\u0142o 128\u00d787\u00d787 mm (d\u0142.\u00d7szer.\u00d7wys.) Waga: Oko\u0142o 555 g (1,22 funta) (bez akumulatora)<\/td>\n<\/tr>\n<tr>\n<th>Akumulator <\/th>\n<td>Model: NP-F55 Wej\u015bcie: 6.3-8.4 V Wymiary: 71\u00d738,6\u00d721,1 mm (d\u0142.\u00d7szer.\u00d7wys.)<\/td>\n<\/tr>\n<tr>\n<th>Ekran  <\/th>\n<td>Kolorowy ekran dotykowy o przek\u0105tnej 1,09 cala<\/td>\n<\/tr>\n<tr>\n<th>Statyczny pob\u00f3r mocy <\/th>\n<td>0.83 W<\/td>\n<\/tr>\n<tr>\n<th>Temperatura pracy <\/th>\n<td>-20\u00b0 do 45\u00b0 C (-4\u00b0 do 113\u00b0 F) (z wy\u0142\u0105czeniem temperatury akumulatora)<\/td>\n<\/tr>\n<tr>\n<th><\/th>\n<td><\/td>\n<\/tr>\n<\/tbody>\n<\/table>\n<p>\u00a0<\/p>\n<h3>Motor<\/h3>\n<table>\n<tbody>\n<tr>\n<th>Moc nadajnika <\/th>\n<td>2,4 GHz (EIRP) &lt; 20 dBm (CE\/SRRC\/MIC) &lt; 26 dBm (FCC)<\/td>\n<\/tr>\n<tr>\n<th>Odleg\u0142o\u015b\u0107 transmisji <\/th>\n<td>2,4 GHz 160 m* 100 m** * Zmierzone zgodnie z norm\u0105 FCC w niezak\u0142\u00f3conym \u015brodowisku wolnym od zak\u0142\u00f3ce\u0144. ** Zmierzone zgodnie z normami CE\/SRRC\/MIC w niezak\u0142\u00f3conym \u015brodowisku wolnym od zak\u0142\u00f3ce\u0144.<\/td>\n<\/tr>\n<tr>\n<th>W\u0142a\u015bciwo\u015bci mechaniczne <\/th>\n<td>Wymiary: Oko\u0142o 100\u00d761\u00d734 mm (d\u0142.\u00d7szer.\u00d7wys.) \u200cWeight: Oko\u0142o 123 g (0,27 funta) \u015arednica pr\u0119ta: 15 mm Z\u0119by przek\u0142adni wyj\u015bciowej: 30  Modu\u0142 przek\u0142adni wyj\u015bciowej: 0.8<\/td>\n<\/tr>\n<tr>\n<th>Wydajno\u015b\u0107 <\/th>\n<td>Maksymalny moment obrotowy: 0,6 N-m (8 V) Maksymalna pr\u0119dko\u015b\u0107: 300 obr\/min (8 V)<\/td>\n<\/tr>\n<tr>\n<th>Napi\u0119cie zasilania <\/th>\n<td>6.6-17.2 V<\/td>\n<\/tr>\n<tr>\n<th>Pr\u0105d przeci\u0105\u017cenia  <\/th>\n<td>2 A, 8 V<\/td>\n<\/tr>\n<tr>\n<th>Pr\u0105d  <\/th>\n<td>60 mA, 8 V<\/td>\n<\/tr>\n<tr>\n<th>Temperatura pracy  <\/th>\n<td>-20\u00b0 do 45\u00b0 C (-4\u00b0 do 113\u00b0 F)<\/td>\n<\/tr>\n<tr>\n<th>Napi\u0119cie wyj\u015bciowe <\/th>\n<td>6.6-17.2 V<\/td>\n<\/tr>\n<\/tbody>\n<\/table>\n<\/div>\n","protected":false},"excerpt":{"rendered":"<p>Nowy poziom kontroli z DJI Focus Pro DJI Focus Pro to pionierski niezale\u017cny system kontroli obiektywu Automated Manual Focus (AMF)<\/p>\n","protected":false},"featured_media":58237,"comment_status":"closed","ping_status":"open","template":"","meta":{"_acf_changed":false},"product_brand":[],"product_cat":[1128,1129],"product_tag":[],"class_list":{"0":"post-58236","1":"product","2":"type-product","3":"status-publish","4":"has-post-thumbnail","6":"product_cat-foto-wideo","7":"product_cat-gimbale-i-stabilizatory","8":"pa_okres-gwarancji-5754","9":"pa_producent-dji","11":"first","12":"outofstock","13":"taxable","14":"shipping-taxable","15":"purchasable","16":"product-type-simple"},"acf":[],"yoast_head":"<!-- This site is optimized with the Yoast SEO plugin v27.2 - https:\/\/yoast.com\/product\/yoast-seo-wordpress\/ -->\n<title>System follow focus DJI Focus Pro All-In-One Combo - IRONSKY.PL Sklep z Dronami<\/title>\n<meta name=\"description\" content=\"System follow focus DJI Focus Pro All-In-One Combo - \u2705 sklep z dronami i fachowym doradztwem. \u2705 Tutaj kupisz produkty DJI, Yuneec, Parrot, Syma i wiele innych, a tak\u017ce kursy i licencje na operatora drona.\" \/>\n<meta name=\"robots\" content=\"index, follow, max-snippet:-1, max-image-preview:large, max-video-preview:-1\" \/>\n<link rel=\"canonical\" href=\"https:\/\/ironsky.pl\/sklep\/produkt\/system-follow-focus-dji-focus-pro-all-in-one-combo\/\" \/>\n<meta property=\"og:locale\" content=\"pl_PL\" \/>\n<meta property=\"og:type\" content=\"article\" \/>\n<meta property=\"og:title\" content=\"System follow focus DJI Focus Pro All-In-One Combo - IRONSKY.PL Sklep z Dronami\" \/>\n<meta property=\"og:description\" content=\"System follow focus DJI Focus Pro All-In-One Combo - \u2705 sklep z dronami i fachowym doradztwem. \u2705 Tutaj kupisz produkty DJI, Yuneec, Parrot, Syma i wiele innych, a tak\u017ce kursy i licencje na operatora drona.\" \/>\n<meta property=\"og:url\" content=\"https:\/\/ironsky.pl\/sklep\/produkt\/system-follow-focus-dji-focus-pro-all-in-one-combo\/\" \/>\n<meta property=\"og:site_name\" content=\"IRONSKY.PL Sklep z Dronami\" \/>\n<meta property=\"article:modified_time\" content=\"2026-04-15T08:34:38+00:00\" \/>\n<meta property=\"og:image\" content=\"https:\/\/ironsky.pl\/sklep\/wp-content\/uploads\/2026\/04\/42137_2.jpg\" \/>\n\t<meta property=\"og:image:width\" content=\"800\" \/>\n\t<meta property=\"og:image:height\" content=\"800\" \/>\n\t<meta property=\"og:image:type\" content=\"image\/jpeg\" \/>\n<meta name=\"twitter:card\" content=\"summary_large_image\" \/>\n<meta name=\"twitter:label1\" content=\"Szacowany czas czytania\" \/>\n\t<meta name=\"twitter:data1\" content=\"6 minut\" \/>\n<script type=\"application\/ld+json\" class=\"yoast-schema-graph\">{\"@context\":\"https:\/\/schema.org\",\"@graph\":[{\"@type\":\"WebPage\",\"@id\":\"https:\/\/ironsky.pl\/sklep\/produkt\/system-follow-focus-dji-focus-pro-all-in-one-combo\/\",\"url\":\"https:\/\/ironsky.pl\/sklep\/produkt\/system-follow-focus-dji-focus-pro-all-in-one-combo\/\",\"name\":\"System follow focus DJI Focus Pro All-In-One Combo - IRONSKY.PL Sklep z Dronami\",\"isPartOf\":{\"@id\":\"https:\/\/ironsky.pl\/sklep\/#website\"},\"primaryImageOfPage\":{\"@id\":\"https:\/\/ironsky.pl\/sklep\/produkt\/system-follow-focus-dji-focus-pro-all-in-one-combo\/#primaryimage\"},\"image\":{\"@id\":\"https:\/\/ironsky.pl\/sklep\/produkt\/system-follow-focus-dji-focus-pro-all-in-one-combo\/#primaryimage\"},\"thumbnailUrl\":\"https:\/\/ironsky.pl\/sklep\/wp-content\/uploads\/2026\/04\/42137_2.jpg\",\"datePublished\":\"2026-04-15T08:33:57+00:00\",\"dateModified\":\"2026-04-15T08:34:38+00:00\",\"description\":\"System follow focus DJI Focus Pro All-In-One Combo - \u2705 sklep z dronami i fachowym doradztwem. \u2705 Tutaj kupisz produkty DJI, Yuneec, Parrot, Syma i wiele innych, a tak\u017ce kursy i licencje na operatora drona.\",\"breadcrumb\":{\"@id\":\"https:\/\/ironsky.pl\/sklep\/produkt\/system-follow-focus-dji-focus-pro-all-in-one-combo\/#breadcrumb\"},\"inLanguage\":\"pl-PL\",\"potentialAction\":[{\"@type\":\"ReadAction\",\"target\":[\"https:\/\/ironsky.pl\/sklep\/produkt\/system-follow-focus-dji-focus-pro-all-in-one-combo\/\"]}]},{\"@type\":\"ImageObject\",\"inLanguage\":\"pl-PL\",\"@id\":\"https:\/\/ironsky.pl\/sklep\/produkt\/system-follow-focus-dji-focus-pro-all-in-one-combo\/#primaryimage\",\"url\":\"https:\/\/ironsky.pl\/sklep\/wp-content\/uploads\/2026\/04\/42137_2.jpg\",\"contentUrl\":\"https:\/\/ironsky.pl\/sklep\/wp-content\/uploads\/2026\/04\/42137_2.jpg\",\"width\":800,\"height\":800},{\"@type\":\"BreadcrumbList\",\"@id\":\"https:\/\/ironsky.pl\/sklep\/produkt\/system-follow-focus-dji-focus-pro-all-in-one-combo\/#breadcrumb\",\"itemListElement\":[{\"@type\":\"ListItem\",\"position\":1,\"name\":\"Strona g\u0142\u00f3wna\",\"item\":\"https:\/\/ironsky.pl\/sklep\/\"},{\"@type\":\"ListItem\",\"position\":2,\"name\":\"Wszystkie produkty\",\"item\":\"https:\/\/ironsky.pl\/sklep\/produkty\/\"},{\"@type\":\"ListItem\",\"position\":3,\"name\":\"System follow focus DJI Focus Pro All-In-One Combo\"}]},{\"@type\":\"WebSite\",\"@id\":\"https:\/\/ironsky.pl\/sklep\/#website\",\"url\":\"https:\/\/ironsky.pl\/sklep\/\",\"name\":\"IRONSKY.PL Sklep z Dronami\",\"description\":\"IRONSKY.PL Sklep z Dronami\",\"potentialAction\":[{\"@type\":\"SearchAction\",\"target\":{\"@type\":\"EntryPoint\",\"urlTemplate\":\"https:\/\/ironsky.pl\/sklep\/?s={search_term_string}\"},\"query-input\":{\"@type\":\"PropertyValueSpecification\",\"valueRequired\":true,\"valueName\":\"search_term_string\"}}],\"inLanguage\":\"pl-PL\"}]}<\/script>\n<!-- \/ Yoast SEO plugin. -->","yoast_head_json":{"title":"System follow focus DJI Focus Pro All-In-One Combo - IRONSKY.PL Sklep z Dronami","description":"System follow focus DJI Focus Pro All-In-One Combo - \u2705 sklep z dronami i fachowym doradztwem. \u2705 Tutaj kupisz produkty DJI, Yuneec, Parrot, Syma i wiele innych, a tak\u017ce kursy i licencje na operatora drona.","robots":{"index":"index","follow":"follow","max-snippet":"max-snippet:-1","max-image-preview":"max-image-preview:large","max-video-preview":"max-video-preview:-1"},"canonical":"https:\/\/ironsky.pl\/sklep\/produkt\/system-follow-focus-dji-focus-pro-all-in-one-combo\/","og_locale":"pl_PL","og_type":"article","og_title":"System follow focus DJI Focus Pro All-In-One Combo - IRONSKY.PL Sklep z Dronami","og_description":"System follow focus DJI Focus Pro All-In-One Combo - \u2705 sklep z dronami i fachowym doradztwem. \u2705 Tutaj kupisz produkty DJI, Yuneec, Parrot, Syma i wiele innych, a tak\u017ce kursy i licencje na operatora drona.","og_url":"https:\/\/ironsky.pl\/sklep\/produkt\/system-follow-focus-dji-focus-pro-all-in-one-combo\/","og_site_name":"IRONSKY.PL Sklep z Dronami","article_modified_time":"2026-04-15T08:34:38+00:00","og_image":[{"width":800,"height":800,"url":"https:\/\/ironsky.pl\/sklep\/wp-content\/uploads\/2026\/04\/42137_2.jpg","type":"image\/jpeg"}],"twitter_card":"summary_large_image","twitter_misc":{"Szacowany czas czytania":"6 minut"},"schema":{"@context":"https:\/\/schema.org","@graph":[{"@type":"WebPage","@id":"https:\/\/ironsky.pl\/sklep\/produkt\/system-follow-focus-dji-focus-pro-all-in-one-combo\/","url":"https:\/\/ironsky.pl\/sklep\/produkt\/system-follow-focus-dji-focus-pro-all-in-one-combo\/","name":"System follow focus DJI Focus Pro All-In-One Combo - IRONSKY.PL Sklep z Dronami","isPartOf":{"@id":"https:\/\/ironsky.pl\/sklep\/#website"},"primaryImageOfPage":{"@id":"https:\/\/ironsky.pl\/sklep\/produkt\/system-follow-focus-dji-focus-pro-all-in-one-combo\/#primaryimage"},"image":{"@id":"https:\/\/ironsky.pl\/sklep\/produkt\/system-follow-focus-dji-focus-pro-all-in-one-combo\/#primaryimage"},"thumbnailUrl":"https:\/\/ironsky.pl\/sklep\/wp-content\/uploads\/2026\/04\/42137_2.jpg","datePublished":"2026-04-15T08:33:57+00:00","dateModified":"2026-04-15T08:34:38+00:00","description":"System follow focus DJI Focus Pro All-In-One Combo - \u2705 sklep z dronami i fachowym doradztwem. \u2705 Tutaj kupisz produkty DJI, Yuneec, Parrot, Syma i wiele innych, a tak\u017ce kursy i licencje na operatora drona.","breadcrumb":{"@id":"https:\/\/ironsky.pl\/sklep\/produkt\/system-follow-focus-dji-focus-pro-all-in-one-combo\/#breadcrumb"},"inLanguage":"pl-PL","potentialAction":[{"@type":"ReadAction","target":["https:\/\/ironsky.pl\/sklep\/produkt\/system-follow-focus-dji-focus-pro-all-in-one-combo\/"]}]},{"@type":"ImageObject","inLanguage":"pl-PL","@id":"https:\/\/ironsky.pl\/sklep\/produkt\/system-follow-focus-dji-focus-pro-all-in-one-combo\/#primaryimage","url":"https:\/\/ironsky.pl\/sklep\/wp-content\/uploads\/2026\/04\/42137_2.jpg","contentUrl":"https:\/\/ironsky.pl\/sklep\/wp-content\/uploads\/2026\/04\/42137_2.jpg","width":800,"height":800},{"@type":"BreadcrumbList","@id":"https:\/\/ironsky.pl\/sklep\/produkt\/system-follow-focus-dji-focus-pro-all-in-one-combo\/#breadcrumb","itemListElement":[{"@type":"ListItem","position":1,"name":"Strona g\u0142\u00f3wna","item":"https:\/\/ironsky.pl\/sklep\/"},{"@type":"ListItem","position":2,"name":"Wszystkie produkty","item":"https:\/\/ironsky.pl\/sklep\/produkty\/"},{"@type":"ListItem","position":3,"name":"System follow focus DJI Focus Pro All-In-One Combo"}]},{"@type":"WebSite","@id":"https:\/\/ironsky.pl\/sklep\/#website","url":"https:\/\/ironsky.pl\/sklep\/","name":"IRONSKY.PL Sklep z Dronami","description":"IRONSKY.PL Sklep z Dronami","potentialAction":[{"@type":"SearchAction","target":{"@type":"EntryPoint","urlTemplate":"https:\/\/ironsky.pl\/sklep\/?s={search_term_string}"},"query-input":{"@type":"PropertyValueSpecification","valueRequired":true,"valueName":"search_term_string"}}],"inLanguage":"pl-PL"}]}},"_links":{"self":[{"href":"https:\/\/ironsky.pl\/sklep\/wp-json\/wp\/v2\/product\/58236","targetHints":{"allow":["GET"]}}],"collection":[{"href":"https:\/\/ironsky.pl\/sklep\/wp-json\/wp\/v2\/product"}],"about":[{"href":"https:\/\/ironsky.pl\/sklep\/wp-json\/wp\/v2\/types\/product"}],"replies":[{"embeddable":true,"href":"https:\/\/ironsky.pl\/sklep\/wp-json\/wp\/v2\/comments?post=58236"}],"wp:featuredmedia":[{"embeddable":true,"href":"https:\/\/ironsky.pl\/sklep\/wp-json\/wp\/v2\/media\/58237"}],"wp:attachment":[{"href":"https:\/\/ironsky.pl\/sklep\/wp-json\/wp\/v2\/media?parent=58236"}],"wp:term":[{"taxonomy":"product_brand","embeddable":true,"href":"https:\/\/ironsky.pl\/sklep\/wp-json\/wp\/v2\/product_brand?post=58236"},{"taxonomy":"product_cat","embeddable":true,"href":"https:\/\/ironsky.pl\/sklep\/wp-json\/wp\/v2\/product_cat?post=58236"},{"taxonomy":"product_tag","embeddable":true,"href":"https:\/\/ironsky.pl\/sklep\/wp-json\/wp\/v2\/product_tag?post=58236"}],"curies":[{"name":"wp","href":"https:\/\/api.w.org\/{rel}","templated":true}]}}