{"id":58228,"date":"2026-04-15T10:33:57","date_gmt":"2026-04-15T08:33:57","guid":{"rendered":"https:\/\/ironsky.pl\/sklep\/produkt\/kamera-dji-zenmuse-l2-dji-care-1-rok-2\/"},"modified":"2026-04-15T10:34:32","modified_gmt":"2026-04-15T08:34:32","slug":"kamera-dji-zenmuse-l2-dji-care-1-rok-2","status":"publish","type":"product","link":"https:\/\/ironsky.pl\/sklep\/produkt\/kamera-dji-zenmuse-l2-dji-care-1-rok-2\/","title":{"rendered":"Kamera DJI Zenmuse L2 + DJI Care 1 rok"},"content":{"rendered":"<p><img decoding=\"async\" src=\"\/data\/include\/cms\/enterprise\/zenmuse-l2\/EP810_KV_test_20230912.jpg\" border=\"0\" width=\"100%\" height=\"NaN\" \/><\/p>\n<h3>Pot\u0119\u017cny zasi\u0119g i wyj\u0105tkowa precyzja<\/h3>\n<p>\u0141adunek u\u017cytkowy Zenmuse L2 \u0142\u0105czy w sobie technologi\u0119 LiDAR, autorski system IMU o wysokiej dok\u0142adno\u015bci oraz kamer\u0119 mapuj\u0105c\u0105 4\/3 CMOS RGB, zapewniaj\u0105c jeszcze bardziej precyzyjne, wydajne i niezawodne pozyskiwanie danych geoprzestrzennych<\/p>\n<p><img decoding=\"async\" src=\"https:\/\/b2b.innpro.pl\/data\/include\/cms\/enterprise\/zenmuse-l2\/l1-b2b-ld-2.jpg?v=1697027953664\" border=\"0\" width=\"100%\" height=\"NaN\" \/><\/p>\n<h3>Zaawansowane rozwi\u0105zanie LiDAR<\/h3>\n<p>Wspierany przez zaawansowan\u0105 technologi\u0119, \u0142adunek u\u017cytkowy Zenmuse L2 pozwala na precyzyjne skanowanie z\u0142o\u017conych obiekt\u00f3w w wi\u0119kszym obszarze i pozwalaj\u0105c na jeszcze szybsze tworzenie chmur punkt\u00f3w.<\/p>\n<p><img decoding=\"async\" src=\"https:\/\/b2b.innpro.pl\/data\/include\/cms\/enterprise\/zenmuse-l2\/l1-b2b-ld-3.jpg?v=1697028112665\" border=\"0\" alt=\"\" width=\"100%\" height=\"NaN\" \/><\/p>\n<h3>Wysoka precyzja<\/h3>\n<p>Dzi\u0119ki po\u0142\u0105czeniu GNSS i autorskiego modu\u0142u IMU, pomiary osi\u0105gaj\u0105 dok\u0142adno\u015b\u0107 4 cm w pionie i 5 cm w poziomie.<\/p>\n<p><img decoding=\"async\" src=\"https:\/\/b2b.innpro.pl\/data\/include\/cms\/enterprise\/zenmuse-l2\/l1-b2b-ld-4.jpg?v=1697028112664\" border=\"0\" alt=\"\" width=\"100%\" height=\"NaN\" \/><\/p>\n<h3>Wyj\u0105tkowa wydajno\u015b\u0107<\/h3>\n<p>Gotowo\u015b\u0107 do pracy natychmiast po w\u0142\u0105czeniu. Zbieranie danych geo-przestrzennych i RGB z obszaru o powierzchni 2,5 km2 podczas jednego lotu.<\/p>\n<p><img decoding=\"async\" src=\"https:\/\/b2b.innpro.pl\/data\/include\/cms\/enterprise\/zenmuse-l2\/l1-b2b-ld-5.jpg?v=1697028112664\" border=\"0\" alt=\"\" width=\"100%\" height=\"NaN\" \/><\/p>\n<h3>Intuicyjna obs\u0142uga<\/h3>\n<p>W po\u0142\u0105czeniu z dronem DJI Matrice 350 RTK i oprogramowaniem DJI Terra, skaner LiDAR Zenmuse L2 oferuje gotowe i \u0142atwe w u\u017cyciu rozwi\u0105zanie.<\/p>\n<p><img decoding=\"async\" src=\"https:\/\/b2b.innpro.pl\/data\/include\/cms\/enterprise\/zenmuse-l2\/l1-b2b-ld-6.jpg?v=1697028419873\" border=\"0\" alt=\"\" width=\"100%\" height=\"NaN\" \/><\/p>\n<h3>Zwi\u0119kszenie zasi\u0119gu detekcji o 30%<\/h3>\n<p>Zenmuse L2 mo\u017ce wykrywa\u0107 pomiary z odleg\u0142o\u015bci 250 metr\u00f3w przy wsp\u00f3\u0142czynniku odbicia 10% i jasno\u015bci 100 klx oraz do 450 metr\u00f3w przy wsp\u00f3\u0142czynniku odbicia 50% i jasno\u015bci 0 klx.<\/p>\n<p><img decoding=\"async\" src=\"https:\/\/b2b.innpro.pl\/data\/include\/cms\/enterprise\/zenmuse-l2\/l1-b2b-ld-6.jpg?v=1697028577064\" border=\"0\" alt=\"\" width=\"100%\" height=\"NaN\" \/><\/p>\n<h3>Mniejsza plamka lasera, zwi\u0119kszona g\u0119sto\u015b\u0107 chmury punkt\u00f3w<\/h3>\n<p>Dzi\u0119ki zmniejszonemu rozmiarowi plamki 4\u00d712 cm @100 m, czyli tylko jedna pi\u0105ta tego co w Zenmuse L1, Zenmuse L2 nie tylko wykrywa mniejsze obiekty z wi\u0119ksz\u0105 ilo\u015bci\u0105 szczeg\u00f3\u0142\u00f3w, ale mo\u017ce r\u00f3wnie\u017c przenika\u0107 przez bardziej g\u0119st\u0105 ro\u015blinno\u015b\u0107, generuj\u0105c dok\u0142adniejsze cyfrowe modele wysoko\u015bciowe (DEM).,<\/p>\n<p><img decoding=\"async\" src=\"https:\/\/b2b.innpro.pl\/data\/include\/cms\/enterprise\/zenmuse-l2\/l1-b2b-ld-7.jpg?v=1697029418317\" border=\"0\" alt=\"\" width=\"100%\" height=\"NaN\" \/><\/p>\n<h3>5 powrot\u00f3w wi\u0105zki<\/h3>\n<p>W obszarach g\u0119sto poro\u015bni\u0119tych ro\u015blinno\u015bci\u0105, Zenmuse L2 mo\u017ce uchwyci\u0107 wi\u0119cej punkt\u00f3w naziemnych znajduj\u0105cych si\u0119 pod li\u015b\u0107mi.<\/p>\n<p><img decoding=\"async\" src=\"https:\/\/b2b.innpro.pl\/data\/include\/cms\/enterprise\/zenmuse-l2\/l1-b2b-ld-8.jpg?v=1697029599598\" border=\"0\" alt=\"\" width=\"100%\" height=\"NaN\" \/><\/p>\n<h3>Efektywny zakres pr\u00f3bkowania 240,000 pts\/s<\/h3>\n<p>Zar\u00f3wno w trybie skanowania liniowego (repetitive) jak i bez powt\u00f3rze\u0144 (non-repetitive), Zenmuse L2 mo\u017ce osi\u0105gn\u0105\u0107 maksymaln\u0105 szybko\u015b\u0107 przetwarzania chmury punkt\u00f3w wynosz\u0105c\u0105 240 000 punkt\u00f3w na sekund\u0119.<\/p>\n<p><img decoding=\"async\" src=\"https:\/\/b2b.innpro.pl\/data\/include\/cms\/enterprise\/zenmuse-l2\/l1-b2b-ld-9.jpg?v=1697029784786\" border=\"0\" alt=\"\" width=\"100%\" height=\"NaN\" \/><\/p>\n<h3>2 tryby skanowania<\/h3>\n<p>W trybie skanowania liniowego (repetitive scanning) mo\u017cna uzyska\u0107 bardziej jednolite i dok\u0142adne chmury punkt\u00f3w, spe\u0142niaj\u0105c jednocze\u015bnie wymagania dotycz\u0105ce precyzyjnego mapowania. Tryb skanowania bez powt\u00f3rze\u0144 (non-repetitive scanning) oferuje g\u0142\u0119bsz\u0105 penetracj\u0119 dla uzyskania wi\u0119kszej ilo\u015bci informacji strukturalnych, dzi\u0119ki czemu nadaje si\u0119 do inspekcji linii energetycznych, pomiar\u00f3w le\u015bnych i innych scenariuszy.<\/p>\n<p><img decoding=\"async\" src=\"https:\/\/b2b.innpro.pl\/data\/include\/cms\/enterprise\/zenmuse-l2\/l1-b2b-ld-10.jpg?v=1697029876892\" border=\"0\" alt=\"\" width=\"100%\" height=\"NaN\" \/><\/p>\n<h3>Zwi\u0119kszona dok\u0142adno\u015b\u0107<\/h3>\n<p>Zaawansowany system IMU o wysokiej dok\u0142adno\u015bci, w po\u0142\u0105czeniu z dronem wyposa\u017conym systemem pozycjonowania RTK, zapewniaj\u0105 Zenmuse L2 dost\u0119p do bardzo dok\u0142adnych informacji o pozycji bezwzgl\u0119dnej, pr\u0119dko\u015bci i po\u0142o\u017ceniu.\u00a0<\/p>\n<p><img decoding=\"async\" src=\"https:\/\/b2b.innpro.pl\/data\/include\/cms\/enterprise\/zenmuse-l2\/-l1-b2b-ld-11.jpg?v=1697029971055\" border=\"0\" alt=\"\" width=\"100%\" height=\"NaN\" \/><\/p>\n<h3>Natychmiastowa gotowo\u015b\u0107<\/h3>\n<p>Wydajno\u015b\u0107 systemu IMU zosta\u0142a znacznie zwi\u0119kszona i jest on gotowy do u\u017cycia od razu po w\u0142\u0105czeniu zasilana. Dron jest gotowy do rozpocz\u0119cia zada\u0144 natychmiast po ustawieniu RTK w statusie FIX, zapewniaj\u0105c zoptymalizowane dzia\u0142anie w terenie.<\/p>\n<p><img decoding=\"async\" src=\"https:\/\/b2b.innpro.pl\/data\/include\/cms\/enterprise\/zenmuse-l2\/l1-b2b-ld-12.jpg?v=1697030127594\" border=\"0\" width=\"100%\" height=\"NaN\" \/><\/p>\n<h3>Matryca CMOS 4\/3\u201d, migawka mechaniczna<\/h3>\n<p>Rozmiar piksela zosta\u0142 zwi\u0119kszony do 3,3 \u03bcm, a efektywna liczba pikseli si\u0119ga teraz 20 MP, co skutkuje znaczn\u0105 popraw\u0105 og\u00f3lnego obrazowania, a tak\u017ce wi\u0119kszymi szczeg\u00f3\u0142ami chmury punkt\u00f3w w rzeczywistych kolorach.\u00a0Gdy tworzenie chmury punkt\u00f3w nie jest wymagane, kamera RGB mo\u017ce nadal robi\u0107 zdj\u0119cia i nagrywa\u0107 filmy lub zbiera\u0107 obrazy do mapowania w \u015bwietle widzialnym.<\/p>\n<h3>Zawarto\u015b\u0107 zestawu:<\/h3>\n<ul>\n<li>Zenmuse L2<\/li>\n<li>DJI Care Enterprise Basic na 1 rok (autoaktywacja)<\/li>\n<li>DJI Terra Electricity na 3 miesi\u0105ce<\/li>\n<li>Karta pami\u0119ci microSD 128GB<\/li>\n<li>Os\u0142ona obiektywu<\/li>\n<li>\u015aciereczka do czyszczenia obiektywu<\/li>\n<li>Walizka transportowa<\/li>\n<\/ul>\n<div class=\"table-wrapper\">\n<table>\n<tbody>\n<tr>\n<th style=\"vertical-align: top;\">OG\u00d3LNE<\/th>\n<td>\u00a0<\/td>\n<\/tr>\n<tr>\n<th style=\"vertical-align: top;\">Nazwa produktu<\/th>\n<td>Zenmuse L2<\/td>\n<\/tr>\n<tr>\n<th style=\"vertical-align: top;\">Wymiary<\/th>\n<td>155\u00d7128\u00d7176 mm<\/td>\n<\/tr>\n<tr>\n<th style=\"vertical-align: top;\">Masa<\/th>\n<td>905\u00b15 g<\/td>\n<\/tr>\n<tr>\n<th style=\"vertical-align: top;\">Moc<\/th>\n<td>28 W (nominalna)<br \/>58 W (maksymalna)<\/td>\n<\/tr>\n<tr>\n<th style=\"vertical-align: top;\">Stopie\u0144 ochrony IP<\/th>\n<td>IP54<\/td>\n<\/tr>\n<tr>\n<th style=\"vertical-align: top;\">Kompatybilne drony<\/th>\n<td>Matrice 300 RTK (wymaga aparatury DJI RC Plus)<br \/>Matrice 350 RTK<\/td>\n<\/tr>\n<tr>\n<th style=\"vertical-align: top;\">Temperatura przechowywania<\/th>\n<td>-20\u00b0 do 60\u00b0C<\/td>\n<\/tr>\n<tr>\n<th style=\"vertical-align: top;\">PARAMETRY SYSTEMOWE<\/th>\n<td>\u00a0<\/td>\n<\/tr>\n<tr>\n<th style=\"vertical-align: top;\">Zasi\u0119g detekcji<\/th>\n<td>450m przy wsp\u00f3\u0142czynniku odbicia 50% i 0 klx<br \/>250m przy wsp\u00f3\u0142czynniku odbicia 10% i 100 klx<\/td>\n<\/tr>\n<tr>\n<th style=\"vertical-align: top;\">Zakres pr\u00f3bkowania chmury punkt\u00f3w<\/th>\n<td>Pojedynczy powr\u00f3t wi\u0105zki: max. 240,000 pts\/s<br \/>Wielokrotny powr\u00f3t wi\u0105zki: max. 1,200,000 pts\/s<\/td>\n<\/tr>\n<tr>\n<th style=\"vertical-align: top;\">Dok\u0142adno\u015b\u0107 systemu<\/th>\n<td>Poziomo: 5 cm @ 150 m<br \/>Pionowo: 4 cm @ 150 m<\/td>\n<\/tr>\n<tr>\n<th style=\"vertical-align: top;\">Przypisywanie kolor\u00f3w chmury punkt\u00f3w<\/th>\n<td>Wsp\u00f3\u0142czynnik odbicia, wysoko\u015b\u0107, odleg\u0142o\u015b\u0107, RGB<\/td>\n<\/tr>\n<tr>\n<th style=\"vertical-align: top;\">LiDAR<\/th>\n<td>\u00a0<\/td>\n<\/tr>\n<tr>\n<th style=\"vertical-align: top;\">Dok\u0142adno\u015b\u0107 pomiaru (RMS 1\u03c3)<\/th>\n<td>2 cm @ 150 m<\/td>\n<\/tr>\n<tr>\n<th style=\"vertical-align: top;\">Maksymalna ilo\u015b\u0107 powrot\u00f3w wi\u0105zki lasera<\/th>\n<td>5<\/td>\n<\/tr>\n<tr>\n<th style=\"vertical-align: top;\">Tryby skanowania<\/th>\n<td>Bez powt\u00f3rze\u0144 (Non-repetitive), Liniowy (Repetitive)<\/td>\n<\/tr>\n<tr>\n<th style=\"vertical-align: top;\">FOV<\/th>\n<td>Tryb skanowania liniowego (repetitive): Poziomo 70\u00b0, Pionowo 3\u00b0<br \/>Tryb skanowania bez powt\u00f3rze\u0144 (non-repetitive): Poziomo 70\u00b0, Pionowo 75\u00b0<\/td>\n<\/tr>\n<tr>\n<th style=\"vertical-align: top;\">Minimalny zasi\u0119g detekcji<\/th>\n<td>3 m<\/td>\n<\/tr>\n<tr>\n<th style=\"vertical-align: top;\">Dywergencja wi\u0105zki laserowej<\/th>\n<td>Poziomo 0.2 mrad, Pionowo 0.6 mrad<\/td>\n<\/tr>\n<tr>\n<th style=\"vertical-align: top;\">D\u0142ugo\u015b\u0107 fali wi\u0105zki lasera<\/th>\n<td>905 nm<\/td>\n<\/tr>\n<tr>\n<th style=\"vertical-align: top;\">Rozmiar plamki lasera<\/th>\n<td>Poziomo 4 cm, Pionowo 12 cm @ 100 m (FWHM)<\/td>\n<\/tr>\n<tr>\n<th style=\"vertical-align: top;\">Cz\u0119stotliwo\u015b\u0107 emisji impulsu lasera<\/th>\n<td>240 kHz<\/td>\n<\/tr>\n<tr>\n<th style=\"vertical-align: top;\">Poziom bezpiecze\u0144stwa lasera<\/th>\n<td>Class 1 (IEC 60825-1:2014)<\/td>\n<\/tr>\n<tr>\n<th style=\"vertical-align: top;\">Dopuszczalny limit emisji (AEL)<\/th>\n<td>233.59 nJ<\/td>\n<\/tr>\n<tr>\n<th style=\"vertical-align: top;\">Referencyjna warto\u015b\u0107 otwarcia przys\u0142ony<\/th>\n<td>Efektywna przys\u0142ona: 23.85 mm (odpowiednik okr\u0119gu)<\/td>\n<\/tr>\n<tr>\n<th style=\"vertical-align: top;\">Maksymalna moc emisji impulsu laserowego w ci\u0105gu 5 nanosekund<\/th>\n<td>46.718 W<\/td>\n<\/tr>\n<tr>\n<th style=\"vertical-align: top;\">INERCYJNY SYSTEM NAWIGACYJNY<\/th>\n<td>\u00a0<\/td>\n<\/tr>\n<tr>\n<th style=\"vertical-align: top;\">Cz\u0119stotliwo\u015b\u0107 aktualizacji IMU<\/th>\n<td>200 Hz<\/td>\n<\/tr>\n<tr>\n<th style=\"vertical-align: top;\">Zakres wskaza\u0144 akcelerometru<\/th>\n<td>\u00b16 g<\/td>\n<\/tr>\n<tr>\n<th style=\"vertical-align: top;\">Zakres wskaza\u0144 czujnika pr\u0119dko\u015bci k\u0105towej<\/th>\n<td>\u00b1300 dps<\/td>\n<\/tr>\n<tr>\n<th style=\"vertical-align: top;\">Dok\u0142adno\u015b\u0107 w osi Yaw\u00a0(RMS 1\u03c3)<\/th>\n<td>W czasie rzeczywistym: 0.2\u00b0, W przetwarzaniu ko\u0144cowym: 0.05\u00b0<\/td>\n<\/tr>\n<tr>\n<th style=\"vertical-align: top;\">Dok\u0142adno\u015b\u0107 w osi Pitch\/Roll (RMS 1\u03c3)<\/th>\n<td>W czasie rzeczywistym: 0.05\u00b0, W przetwarzaniu ko\u0144cowym: 0.025\u00b0<\/td>\n<\/tr>\n<tr>\n<th style=\"vertical-align: top;\">Dok\u0142adno\u015b\u0107 pozycjonowania w poziomie<\/th>\n<td>RTK FIX: 1 cm + 1 ppm<\/td>\n<\/tr>\n<tr>\n<th style=\"vertical-align: top;\">Dok\u0142adno\u015b\u0107 pozycjonowania w pionie<\/th>\n<td>RTK FIX: 1.5 cm + 1 ppm<\/td>\n<\/tr>\n<tr>\n<th style=\"vertical-align: top;\">KAMERA MAPUJ\u0104CA RGB<\/th>\n<td>\u00a0<\/td>\n<\/tr>\n<tr>\n<th style=\"vertical-align: top;\">Sensor<\/th>\n<td>4\/3 CMOS, Efektywna liczba pikseli: 20 MP<\/td>\n<\/tr>\n<tr>\n<th style=\"vertical-align: top;\">Obiektyw<\/th>\n<td>FOV: 84\u00b0<br \/>Ekwiwalent formatu: 24 mm<br \/>Przys\u0142ona: f\/2.8-f\/11<br \/>Odleg\u0142o\u015b\u0107 ogniskowania: 1 m to \u221e (z autofocusem)<\/td>\n<\/tr>\n<tr>\n<th style=\"vertical-align: top;\">Czas otwarcia migawki<\/th>\n<td>Mechaniczna migawka: 2-1\/2000 s<br \/>Elektroniczna migawka: 2-1\/8000 s<\/td>\n<\/tr>\n<tr>\n<th style=\"vertical-align: top;\">Ilo\u015b\u0107 cykli pracy przys\u0142ony<\/th>\n<td>200000<\/td>\n<\/tr>\n<tr>\n<th style=\"vertical-align: top;\">Rozmiar zdj\u0119cia<\/th>\n<td>5280\u00d73956 (4:3)<\/td>\n<\/tr>\n<tr>\n<th style=\"vertical-align: top;\">Tryby wykonywania zdj\u0119\u0107<\/th>\n<td>Pojedyncze zdj\u0119cie: 20 MP<br \/>Samowyzwalacz: 20 MP<br \/>JPEG interwa\u0142 czasowy: 0.7\/1\/2\/3\/5\/7\/10\/15\/20\/30\/60 s<br \/>RAW\/JPEG + RAW interwa\u0142 czasowy: 2\/3\/5\/7\/10\/15\/20\/30\/60 s<\/td>\n<\/tr>\n<tr>\n<th style=\"vertical-align: top;\">Kodek i rozdzielczo\u015b\u0107 wideo<\/th>\n<td>H.264<br \/>4K: 3840\u00d72160@30fps<br \/>FHD: 1920\u00d71080 @30fps<\/td>\n<\/tr>\n<tr>\n<th style=\"vertical-align: top;\">ISO<\/th>\n<td>Wideo: 100-6400<br \/>Zdj\u0119cie: 100-6400<\/td>\n<\/tr>\n<tr>\n<th style=\"vertical-align: top;\">Szybko\u015b\u0107 transmisji wideo (bitrate)<\/th>\n<td>4K: 85Mbps<br \/>FHD: 30 Mbps<\/td>\n<\/tr>\n<tr>\n<th style=\"vertical-align: top;\">Obs\u0142ugiwany system plik\u00f3w<\/th>\n<td>exFAT<\/td>\n<\/tr>\n<tr>\n<th style=\"vertical-align: top;\">Format zdj\u0119\u0107<\/th>\n<td>JPEG\/DNG (RAW)<\/td>\n<\/tr>\n<tr>\n<th style=\"vertical-align: top;\">Format wideo<\/th>\n<td>MP4 (MPEG-4 AVC\/H.264)<\/td>\n<\/tr>\n<tr>\n<th style=\"vertical-align: top;\">GIMBAL<\/th>\n<td>\u00a0<\/td>\n<\/tr>\n<tr>\n<th style=\"vertical-align: top;\">System stabilizacji<\/th>\n<td>3-osiowy (tilt, roll, pan)<\/td>\n<\/tr>\n<tr>\n<th style=\"vertical-align: top;\">Zakres wibracji k\u0105towych<\/th>\n<td>0.01\u00b0<\/td>\n<\/tr>\n<tr>\n<th style=\"vertical-align: top;\">Mocowanie<\/th>\n<td>Od\u0142\u0105czany DJI SKYPORT<\/td>\n<\/tr>\n<tr>\n<th style=\"vertical-align: top;\">Zakres mechaniczny<\/th>\n<td>O\u015b Tilt: -143\u00b0 do +43\u00b0<br \/>O\u015b Pan: \u00b1105\u00b0<\/td>\n<\/tr>\n<tr>\n<th style=\"vertical-align: top;\">Dost\u0119pny zakres kontroli<\/th>\n<td>O\u015b Tilt: -120\u00b0 do +30\u00b0<br \/>O\u015b Pan: \u00b190\u00b0<\/td>\n<\/tr>\n<tr>\n<th style=\"vertical-align: top;\">Tryb pracy<\/th>\n<td>Follow\/Free\/Re-center<\/td>\n<\/tr>\n<tr>\n<th style=\"vertical-align: top;\">PRZECHOWYWANIE DANYCH<\/th>\n<td>\u00a0<\/td>\n<\/tr>\n<tr>\n<th style=\"vertical-align: top;\">Przechowywanie surowych danych<\/th>\n<td>Zdj\u0119cie\/IMU\/Chmura punkt\u00f3w\/GNSS\/Pliki kalibracyjne<\/td>\n<\/tr>\n<tr>\n<th style=\"vertical-align: top;\">Przechowywanie danych chmury punkt\u00f3w<\/th>\n<td>Przechowywanie danych modelowania w czasie rzeczywistym<\/td>\n<\/tr>\n<tr>\n<th style=\"vertical-align: top;\">Obs\u0142ugiwane kary pami\u0119ci microSD<\/th>\n<td>microSD: Pr\u0119dko\u015b\u0107 zapisu sekwencyjnego 50 MB\/s lub wy\u017csza i klasa szybko\u015bci UHS-I Speed Grade 3 lub wy\u017csza; Maksymalna pojemno\u015b\u0107: 256 GB. Nale\u017cy u\u017cywa\u0107 zalecanych kart microSD.<\/td>\n<\/tr>\n<tr>\n<th style=\"vertical-align: top;\">Zalecane karty pami\u0119ci microSD<\/th>\n<td>Lexar 1066x 64GB U3 A2 V30 microSDXC<br \/>Lexar 1066x 128GB U3 A2 V30 microSDXC<br \/>Kingston Canvas Go! Plus 128GB U3 A2 V30 microSDXC<br \/>Lexar 1066x 256GB U3 A2 V30 microSDXC<\/td>\n<\/tr>\n<tr>\n<th style=\"vertical-align: top;\">PRZETWARZANIE KO\u0143COWE<\/th>\n<td>\u00a0<\/td>\n<\/tr>\n<tr>\n<th style=\"vertical-align: top;\">Sugerowane oprogramowanie<\/th>\n<td>DJI Terra<\/td>\n<\/tr>\n<tr>\n<th style=\"vertical-align: top;\">Format danych<\/th>\n<td>DJI Terra obs\u0142uguje eksportowanie modeli chmur punkt\u00f3w w nast\u0119puj\u0105cych formatach:<br \/>PNTS\/LAS\/PLY\/PCD\/S3MB<\/td>\n<\/tr>\n<\/tbody>\n<\/table>\n<p>\u00a0<\/p><\/div>\n","protected":false},"excerpt":{"rendered":"<p>Pot\u0119\u017cny zasi\u0119g i wyj\u0105tkowa precyzja \u0141adunek u\u017cytkowy Zenmuse L2 \u0142\u0105czy w sobie technologi\u0119 LiDAR, autorski system IMU o wysokiej dok\u0142adno\u015bci<\/p>\n","protected":false},"featured_media":48873,"comment_status":"closed","ping_status":"open","template":"","meta":{"_acf_changed":false},"product_brand":[],"product_cat":[1088,1105,6189],"product_tag":[],"class_list":{"0":"post-58228","1":"product","2":"type-product","3":"status-publish","4":"has-post-thumbnail","6":"product_cat-drony","7":"product_cat-przemyslowe","8":"product_cat-kamery","9":"pa_producent-dji-enterprise","11":"first","12":"outofstock","13":"taxable","14":"shipping-taxable","15":"purchasable","16":"product-type-simple"},"acf":[],"yoast_head":"<!-- This site is optimized with the Yoast SEO plugin v27.2 - https:\/\/yoast.com\/product\/yoast-seo-wordpress\/ -->\n<title>Kamera DJI Zenmuse L2 + DJI Care 1 rok - IRONSKY.PL Sklep z Dronami<\/title>\n<meta name=\"description\" content=\"Kamera DJI Zenmuse L2 + DJI Care 1 rok - \u2705 sklep z dronami i fachowym doradztwem. \u2705 Tutaj kupisz produkty DJI, Yuneec, Parrot, Syma i wiele innych, a tak\u017ce kursy i licencje na operatora drona.\" \/>\n<meta name=\"robots\" content=\"index, follow, max-snippet:-1, max-image-preview:large, max-video-preview:-1\" \/>\n<link rel=\"canonical\" href=\"https:\/\/ironsky.pl\/sklep\/produkt\/kamera-dji-zenmuse-l2-dji-care-1-rok-2\/\" \/>\n<meta property=\"og:locale\" content=\"pl_PL\" \/>\n<meta property=\"og:type\" content=\"article\" \/>\n<meta property=\"og:title\" content=\"Kamera DJI Zenmuse L2 + DJI Care 1 rok - IRONSKY.PL Sklep z Dronami\" \/>\n<meta property=\"og:description\" content=\"Kamera DJI Zenmuse L2 + DJI Care 1 rok - \u2705 sklep z dronami i fachowym doradztwem. \u2705 Tutaj kupisz produkty DJI, Yuneec, Parrot, Syma i wiele innych, a tak\u017ce kursy i licencje na operatora drona.\" \/>\n<meta property=\"og:url\" content=\"https:\/\/ironsky.pl\/sklep\/produkt\/kamera-dji-zenmuse-l2-dji-care-1-rok-2\/\" \/>\n<meta property=\"og:site_name\" content=\"IRONSKY.PL Sklep z Dronami\" \/>\n<meta property=\"article:modified_time\" content=\"2026-04-15T08:34:32+00:00\" \/>\n<meta property=\"og:image\" content=\"https:\/\/ironsky.pl\/sklep\/wp-content\/uploads\/2025\/10\/42129_4_1.jpg\" \/>\n\t<meta property=\"og:image:width\" content=\"800\" \/>\n\t<meta property=\"og:image:height\" content=\"800\" \/>\n\t<meta property=\"og:image:type\" content=\"image\/jpeg\" \/>\n<meta name=\"twitter:card\" content=\"summary_large_image\" \/>\n<meta name=\"twitter:label1\" content=\"Szacowany czas czytania\" \/>\n\t<meta name=\"twitter:data1\" content=\"5 minut\" \/>\n<script type=\"application\/ld+json\" class=\"yoast-schema-graph\">{\"@context\":\"https:\/\/schema.org\",\"@graph\":[{\"@type\":\"WebPage\",\"@id\":\"https:\/\/ironsky.pl\/sklep\/produkt\/kamera-dji-zenmuse-l2-dji-care-1-rok-2\/\",\"url\":\"https:\/\/ironsky.pl\/sklep\/produkt\/kamera-dji-zenmuse-l2-dji-care-1-rok-2\/\",\"name\":\"Kamera DJI Zenmuse L2 + DJI Care 1 rok - IRONSKY.PL Sklep z Dronami\",\"isPartOf\":{\"@id\":\"https:\/\/ironsky.pl\/sklep\/#website\"},\"primaryImageOfPage\":{\"@id\":\"https:\/\/ironsky.pl\/sklep\/produkt\/kamera-dji-zenmuse-l2-dji-care-1-rok-2\/#primaryimage\"},\"image\":{\"@id\":\"https:\/\/ironsky.pl\/sklep\/produkt\/kamera-dji-zenmuse-l2-dji-care-1-rok-2\/#primaryimage\"},\"thumbnailUrl\":\"https:\/\/ironsky.pl\/sklep\/wp-content\/uploads\/2025\/10\/42129_4_1.jpg\",\"datePublished\":\"2026-04-15T08:33:57+00:00\",\"dateModified\":\"2026-04-15T08:34:32+00:00\",\"description\":\"Kamera DJI Zenmuse L2 + DJI Care 1 rok - \u2705 sklep z dronami i fachowym doradztwem. \u2705 Tutaj kupisz produkty DJI, Yuneec, Parrot, Syma i wiele innych, a tak\u017ce kursy i licencje na operatora drona.\",\"breadcrumb\":{\"@id\":\"https:\/\/ironsky.pl\/sklep\/produkt\/kamera-dji-zenmuse-l2-dji-care-1-rok-2\/#breadcrumb\"},\"inLanguage\":\"pl-PL\",\"potentialAction\":[{\"@type\":\"ReadAction\",\"target\":[\"https:\/\/ironsky.pl\/sklep\/produkt\/kamera-dji-zenmuse-l2-dji-care-1-rok-2\/\"]}]},{\"@type\":\"ImageObject\",\"inLanguage\":\"pl-PL\",\"@id\":\"https:\/\/ironsky.pl\/sklep\/produkt\/kamera-dji-zenmuse-l2-dji-care-1-rok-2\/#primaryimage\",\"url\":\"https:\/\/ironsky.pl\/sklep\/wp-content\/uploads\/2025\/10\/42129_4_1.jpg\",\"contentUrl\":\"https:\/\/ironsky.pl\/sklep\/wp-content\/uploads\/2025\/10\/42129_4_1.jpg\",\"width\":800,\"height\":800},{\"@type\":\"BreadcrumbList\",\"@id\":\"https:\/\/ironsky.pl\/sklep\/produkt\/kamera-dji-zenmuse-l2-dji-care-1-rok-2\/#breadcrumb\",\"itemListElement\":[{\"@type\":\"ListItem\",\"position\":1,\"name\":\"Strona g\u0142\u00f3wna\",\"item\":\"https:\/\/ironsky.pl\/sklep\/\"},{\"@type\":\"ListItem\",\"position\":2,\"name\":\"Wszystkie produkty\",\"item\":\"https:\/\/ironsky.pl\/sklep\/produkty\/\"},{\"@type\":\"ListItem\",\"position\":3,\"name\":\"Kamera DJI Zenmuse L2 + DJI Care 1 rok\"}]},{\"@type\":\"WebSite\",\"@id\":\"https:\/\/ironsky.pl\/sklep\/#website\",\"url\":\"https:\/\/ironsky.pl\/sklep\/\",\"name\":\"IRONSKY.PL Sklep z Dronami\",\"description\":\"IRONSKY.PL Sklep z Dronami\",\"potentialAction\":[{\"@type\":\"SearchAction\",\"target\":{\"@type\":\"EntryPoint\",\"urlTemplate\":\"https:\/\/ironsky.pl\/sklep\/?s={search_term_string}\"},\"query-input\":{\"@type\":\"PropertyValueSpecification\",\"valueRequired\":true,\"valueName\":\"search_term_string\"}}],\"inLanguage\":\"pl-PL\"}]}<\/script>\n<!-- \/ Yoast SEO plugin. -->","yoast_head_json":{"title":"Kamera DJI Zenmuse L2 + DJI Care 1 rok - IRONSKY.PL Sklep z Dronami","description":"Kamera DJI Zenmuse L2 + DJI Care 1 rok - \u2705 sklep z dronami i fachowym doradztwem. \u2705 Tutaj kupisz produkty DJI, Yuneec, Parrot, Syma i wiele innych, a tak\u017ce kursy i licencje na operatora drona.","robots":{"index":"index","follow":"follow","max-snippet":"max-snippet:-1","max-image-preview":"max-image-preview:large","max-video-preview":"max-video-preview:-1"},"canonical":"https:\/\/ironsky.pl\/sklep\/produkt\/kamera-dji-zenmuse-l2-dji-care-1-rok-2\/","og_locale":"pl_PL","og_type":"article","og_title":"Kamera DJI Zenmuse L2 + DJI Care 1 rok - IRONSKY.PL Sklep z Dronami","og_description":"Kamera DJI Zenmuse L2 + DJI Care 1 rok - \u2705 sklep z dronami i fachowym doradztwem. \u2705 Tutaj kupisz produkty DJI, Yuneec, Parrot, Syma i wiele innych, a tak\u017ce kursy i licencje na operatora drona.","og_url":"https:\/\/ironsky.pl\/sklep\/produkt\/kamera-dji-zenmuse-l2-dji-care-1-rok-2\/","og_site_name":"IRONSKY.PL Sklep z Dronami","article_modified_time":"2026-04-15T08:34:32+00:00","og_image":[{"width":800,"height":800,"url":"https:\/\/ironsky.pl\/sklep\/wp-content\/uploads\/2025\/10\/42129_4_1.jpg","type":"image\/jpeg"}],"twitter_card":"summary_large_image","twitter_misc":{"Szacowany czas czytania":"5 minut"},"schema":{"@context":"https:\/\/schema.org","@graph":[{"@type":"WebPage","@id":"https:\/\/ironsky.pl\/sklep\/produkt\/kamera-dji-zenmuse-l2-dji-care-1-rok-2\/","url":"https:\/\/ironsky.pl\/sklep\/produkt\/kamera-dji-zenmuse-l2-dji-care-1-rok-2\/","name":"Kamera DJI Zenmuse L2 + DJI Care 1 rok - IRONSKY.PL Sklep z Dronami","isPartOf":{"@id":"https:\/\/ironsky.pl\/sklep\/#website"},"primaryImageOfPage":{"@id":"https:\/\/ironsky.pl\/sklep\/produkt\/kamera-dji-zenmuse-l2-dji-care-1-rok-2\/#primaryimage"},"image":{"@id":"https:\/\/ironsky.pl\/sklep\/produkt\/kamera-dji-zenmuse-l2-dji-care-1-rok-2\/#primaryimage"},"thumbnailUrl":"https:\/\/ironsky.pl\/sklep\/wp-content\/uploads\/2025\/10\/42129_4_1.jpg","datePublished":"2026-04-15T08:33:57+00:00","dateModified":"2026-04-15T08:34:32+00:00","description":"Kamera DJI Zenmuse L2 + DJI Care 1 rok - \u2705 sklep z dronami i fachowym doradztwem. \u2705 Tutaj kupisz produkty DJI, Yuneec, Parrot, Syma i wiele innych, a tak\u017ce kursy i licencje na operatora drona.","breadcrumb":{"@id":"https:\/\/ironsky.pl\/sklep\/produkt\/kamera-dji-zenmuse-l2-dji-care-1-rok-2\/#breadcrumb"},"inLanguage":"pl-PL","potentialAction":[{"@type":"ReadAction","target":["https:\/\/ironsky.pl\/sklep\/produkt\/kamera-dji-zenmuse-l2-dji-care-1-rok-2\/"]}]},{"@type":"ImageObject","inLanguage":"pl-PL","@id":"https:\/\/ironsky.pl\/sklep\/produkt\/kamera-dji-zenmuse-l2-dji-care-1-rok-2\/#primaryimage","url":"https:\/\/ironsky.pl\/sklep\/wp-content\/uploads\/2025\/10\/42129_4_1.jpg","contentUrl":"https:\/\/ironsky.pl\/sklep\/wp-content\/uploads\/2025\/10\/42129_4_1.jpg","width":800,"height":800},{"@type":"BreadcrumbList","@id":"https:\/\/ironsky.pl\/sklep\/produkt\/kamera-dji-zenmuse-l2-dji-care-1-rok-2\/#breadcrumb","itemListElement":[{"@type":"ListItem","position":1,"name":"Strona g\u0142\u00f3wna","item":"https:\/\/ironsky.pl\/sklep\/"},{"@type":"ListItem","position":2,"name":"Wszystkie produkty","item":"https:\/\/ironsky.pl\/sklep\/produkty\/"},{"@type":"ListItem","position":3,"name":"Kamera DJI Zenmuse L2 + DJI Care 1 rok"}]},{"@type":"WebSite","@id":"https:\/\/ironsky.pl\/sklep\/#website","url":"https:\/\/ironsky.pl\/sklep\/","name":"IRONSKY.PL Sklep z Dronami","description":"IRONSKY.PL Sklep z Dronami","potentialAction":[{"@type":"SearchAction","target":{"@type":"EntryPoint","urlTemplate":"https:\/\/ironsky.pl\/sklep\/?s={search_term_string}"},"query-input":{"@type":"PropertyValueSpecification","valueRequired":true,"valueName":"search_term_string"}}],"inLanguage":"pl-PL"}]}},"_links":{"self":[{"href":"https:\/\/ironsky.pl\/sklep\/wp-json\/wp\/v2\/product\/58228","targetHints":{"allow":["GET"]}}],"collection":[{"href":"https:\/\/ironsky.pl\/sklep\/wp-json\/wp\/v2\/product"}],"about":[{"href":"https:\/\/ironsky.pl\/sklep\/wp-json\/wp\/v2\/types\/product"}],"replies":[{"embeddable":true,"href":"https:\/\/ironsky.pl\/sklep\/wp-json\/wp\/v2\/comments?post=58228"}],"wp:featuredmedia":[{"embeddable":true,"href":"https:\/\/ironsky.pl\/sklep\/wp-json\/wp\/v2\/media\/48873"}],"wp:attachment":[{"href":"https:\/\/ironsky.pl\/sklep\/wp-json\/wp\/v2\/media?parent=58228"}],"wp:term":[{"taxonomy":"product_brand","embeddable":true,"href":"https:\/\/ironsky.pl\/sklep\/wp-json\/wp\/v2\/product_brand?post=58228"},{"taxonomy":"product_cat","embeddable":true,"href":"https:\/\/ironsky.pl\/sklep\/wp-json\/wp\/v2\/product_cat?post=58228"},{"taxonomy":"product_tag","embeddable":true,"href":"https:\/\/ironsky.pl\/sklep\/wp-json\/wp\/v2\/product_tag?post=58228"}],"curies":[{"name":"wp","href":"https:\/\/api.w.org\/{rel}","templated":true}]}}