{"id":58209,"date":"2026-04-15T10:33:57","date_gmt":"2026-04-15T08:33:57","guid":{"rendered":"https:\/\/ironsky.pl\/sklep\/produkt\/system-zrzutu-chengzhi-th4-v2\/"},"modified":"2026-04-15T10:34:20","modified_gmt":"2026-04-15T08:34:20","slug":"system-zrzutu-chengzhi-th4-v2","status":"publish","type":"product","link":"https:\/\/ironsky.pl\/sklep\/produkt\/system-zrzutu-chengzhi-th4-v2\/","title":{"rendered":"System zrzutu CHENGZHI TH4 V2"},"content":{"rendered":"<h3>Sytem zrzutu TH4 V2<\/h3>\n<p><span>TH4 V2 to wielofunkcyjne urz\u0105dzenie do zrzutu zaprojektowane w oparciu o technologi\u0119 DJI Payload SDK.<\/span><\/p>\n<p>\u00a0<img decoding=\"async\" src=\"\/data\/include\/cms\/.product\/2\/8\/41882\/0c057016abab4787bf11e2aafdb805a4-removebg-preview.png\" border=\"0\" alt=\"\" width=\"500\" height=\"500\" \/><\/p>\n<h3>Szybki monta\u017c\/demonta\u017c<\/h3>\n<p>Za po\u015brednictwem DJK Skyport V2.0. Szybki monta\u017c. Szybkie \u0142adowanie.<\/p>\n<p><img decoding=\"async\" src=\"\/data\/include\/cms\/.product\/2\/8\/41882\/1086bc8ebd4d459db221b9249fef1134-removebg-preview.png\" border=\"0\" alt=\"\" width=\"500\" height=\"500\" \/><\/p>\n<h3>Zwalniaj \u0142adunki kiedy chcesz i jak chcesz<\/h3>\n<p>Dzi\u0119ki aplikacji DJI Pilot mo\u017cesz zwalnia\u0107 \u0142adunki w dowolnej kolejno\u015bci lub zrzuci\u0107 wszystkie 4 za jednym razem przy u\u017cyciu tylko jednego przycisku.<\/p>\n<h3>Zawarto\u015b\u0107 zestawu:<\/h3>\n<ul>\n<li>System zrzutu TH4 V2<\/li>\n<li>4x Karabi\u0144czyk<\/li>\n<li>4x Linka zabezpieczaj\u0105ca<\/li>\n<\/ul>\n<div class=\"table-wrapper\">\n<table style=\"height: 249px;\" width=\"498\">\n<tbody>\n<tr>\n<th>Model<\/th>\n<td>Th4 V2<\/td>\n<\/tr>\n<tr>\n<th>Kompatybilne drony<\/th>\n<td><span>Matrice 400, Matrice 300 RTK, Matrice 210 V2<\/span><\/td>\n<\/tr>\n<tr>\n<th>Interfejs<\/th>\n<td><span>DJI SkyPort V2.0<\/span><\/td>\n<\/tr>\n<tr>\n<th><span>Masa<\/span><\/th>\n<td><span>310\u00b15g<\/span><\/td>\n<\/tr>\n<tr>\n<th><span>Moc<\/span><\/th>\n<td>\n<div class=\"spec-container\">\n<div class=\"spec-content\">10 W<\/div>\n<\/div>\n<div class=\"spec-container\"><\/div>\n<\/td>\n<\/tr>\n<tr>\n<th><span>Ilo\u015b\u0107 zaczep\u00f3w zrzutowych<\/span><\/th>\n<td>4<\/td>\n<\/tr>\n<tr>\n<th><span>Ud\u017awig<\/span><\/th>\n<td><span>2.38 kg na zaczep (max. 40 kg zale\u017cy od obci\u0105\u017cenia)<\/span><\/td>\n<\/tr>\n<tr>\n<th><span>Spos\u00f3b zwalniania \u0142adunku<\/span><\/th>\n<td><span>Zrzut pojedynczego \u0142adunku<\/span><br \/><span>Zrzut wszystkich 4 \u0142adunk\u00f3w jednocze\u015bnie<\/span><\/td>\n<\/tr>\n<tr>\n<th><span>Temperatura pracy<\/span><\/th>\n<td><span>-20 ~ 50\u00b0C<\/span><\/td>\n<\/tr>\n<tr>\n<th><span>Temperatura przechowywania<\/span><\/th>\n<td style=\"text-align: left; vertical-align: middle;\"><span>-20 ~ 50\u00b0C<\/span><\/td>\n<\/tr>\n<\/tbody>\n<\/table>\n<\/div>\n","protected":false},"excerpt":{"rendered":"<p>Sytem zrzutu TH4 V2 TH4 V2 to wielofunkcyjne urz\u0105dzenie do zrzutu zaprojektowane w oparciu o technologi\u0119 DJI Payload SDK. \u00a0<\/p>\n","protected":false},"featured_media":58210,"comment_status":"closed","ping_status":"open","template":"","meta":{"_acf_changed":false},"product_brand":[],"product_cat":[1088,1105,6188],"product_tag":[],"class_list":{"0":"post-58209","1":"product","2":"type-product","3":"status-publish","4":"has-post-thumbnail","6":"product_cat-drony","7":"product_cat-przemyslowe","8":"product_cat-inne-urzadzenia","9":"pa_okres-gwarancji-5757","10":"pa_producent-chengzhi","12":"first","13":"outofstock","14":"taxable","15":"shipping-taxable","16":"purchasable","17":"product-type-simple"},"acf":[],"yoast_head":"<!-- This site is optimized with the Yoast SEO plugin v27.2 - https:\/\/yoast.com\/product\/yoast-seo-wordpress\/ -->\n<title>System zrzutu CHENGZHI TH4 V2 - IRONSKY.PL Sklep z Dronami<\/title>\n<meta name=\"description\" content=\"System zrzutu CHENGZHI TH4 V2 - \u2705 sklep z dronami i fachowym doradztwem. \u2705 Tutaj kupisz produkty DJI, Yuneec, Parrot, Syma i wiele innych, a tak\u017ce kursy i licencje na operatora drona.\" \/>\n<meta name=\"robots\" content=\"index, follow, max-snippet:-1, max-image-preview:large, max-video-preview:-1\" \/>\n<link rel=\"canonical\" href=\"https:\/\/ironsky.pl\/sklep\/produkt\/system-zrzutu-chengzhi-th4-v2\/\" \/>\n<meta property=\"og:locale\" content=\"pl_PL\" \/>\n<meta property=\"og:type\" content=\"article\" \/>\n<meta property=\"og:title\" content=\"System zrzutu CHENGZHI TH4 V2 - IRONSKY.PL Sklep z Dronami\" \/>\n<meta property=\"og:description\" content=\"System zrzutu CHENGZHI TH4 V2 - \u2705 sklep z dronami i fachowym doradztwem. \u2705 Tutaj kupisz produkty DJI, Yuneec, Parrot, Syma i wiele innych, a tak\u017ce kursy i licencje na operatora drona.\" \/>\n<meta property=\"og:url\" content=\"https:\/\/ironsky.pl\/sklep\/produkt\/system-zrzutu-chengzhi-th4-v2\/\" \/>\n<meta property=\"og:site_name\" content=\"IRONSKY.PL Sklep z Dronami\" \/>\n<meta property=\"article:modified_time\" content=\"2026-04-15T08:34:20+00:00\" \/>\n<meta property=\"og:image\" content=\"https:\/\/ironsky.pl\/sklep\/wp-content\/uploads\/2026\/04\/41882_1.webp\" \/>\n\t<meta property=\"og:image:width\" content=\"800\" \/>\n\t<meta property=\"og:image:height\" content=\"800\" \/>\n\t<meta property=\"og:image:type\" content=\"image\/webp\" \/>\n<meta name=\"twitter:card\" content=\"summary_large_image\" \/>\n<meta name=\"twitter:label1\" content=\"Szacowany czas czytania\" \/>\n\t<meta name=\"twitter:data1\" content=\"1 minuta\" \/>\n<script type=\"application\/ld+json\" class=\"yoast-schema-graph\">{\"@context\":\"https:\/\/schema.org\",\"@graph\":[{\"@type\":\"WebPage\",\"@id\":\"https:\/\/ironsky.pl\/sklep\/produkt\/system-zrzutu-chengzhi-th4-v2\/\",\"url\":\"https:\/\/ironsky.pl\/sklep\/produkt\/system-zrzutu-chengzhi-th4-v2\/\",\"name\":\"System zrzutu CHENGZHI TH4 V2 - IRONSKY.PL Sklep z Dronami\",\"isPartOf\":{\"@id\":\"https:\/\/ironsky.pl\/sklep\/#website\"},\"primaryImageOfPage\":{\"@id\":\"https:\/\/ironsky.pl\/sklep\/produkt\/system-zrzutu-chengzhi-th4-v2\/#primaryimage\"},\"image\":{\"@id\":\"https:\/\/ironsky.pl\/sklep\/produkt\/system-zrzutu-chengzhi-th4-v2\/#primaryimage\"},\"thumbnailUrl\":\"https:\/\/ironsky.pl\/sklep\/wp-content\/uploads\/2026\/04\/41882_1.webp\",\"datePublished\":\"2026-04-15T08:33:57+00:00\",\"dateModified\":\"2026-04-15T08:34:20+00:00\",\"description\":\"System zrzutu CHENGZHI TH4 V2 - \u2705 sklep z dronami i fachowym doradztwem. \u2705 Tutaj kupisz produkty DJI, Yuneec, Parrot, Syma i wiele innych, a tak\u017ce kursy i licencje na operatora drona.\",\"breadcrumb\":{\"@id\":\"https:\/\/ironsky.pl\/sklep\/produkt\/system-zrzutu-chengzhi-th4-v2\/#breadcrumb\"},\"inLanguage\":\"pl-PL\",\"potentialAction\":[{\"@type\":\"ReadAction\",\"target\":[\"https:\/\/ironsky.pl\/sklep\/produkt\/system-zrzutu-chengzhi-th4-v2\/\"]}]},{\"@type\":\"ImageObject\",\"inLanguage\":\"pl-PL\",\"@id\":\"https:\/\/ironsky.pl\/sklep\/produkt\/system-zrzutu-chengzhi-th4-v2\/#primaryimage\",\"url\":\"https:\/\/ironsky.pl\/sklep\/wp-content\/uploads\/2026\/04\/41882_1.webp\",\"contentUrl\":\"https:\/\/ironsky.pl\/sklep\/wp-content\/uploads\/2026\/04\/41882_1.webp\",\"width\":800,\"height\":800},{\"@type\":\"BreadcrumbList\",\"@id\":\"https:\/\/ironsky.pl\/sklep\/produkt\/system-zrzutu-chengzhi-th4-v2\/#breadcrumb\",\"itemListElement\":[{\"@type\":\"ListItem\",\"position\":1,\"name\":\"Strona g\u0142\u00f3wna\",\"item\":\"https:\/\/ironsky.pl\/sklep\/\"},{\"@type\":\"ListItem\",\"position\":2,\"name\":\"Wszystkie produkty\",\"item\":\"https:\/\/ironsky.pl\/sklep\/produkty\/\"},{\"@type\":\"ListItem\",\"position\":3,\"name\":\"System zrzutu CHENGZHI TH4 V2\"}]},{\"@type\":\"WebSite\",\"@id\":\"https:\/\/ironsky.pl\/sklep\/#website\",\"url\":\"https:\/\/ironsky.pl\/sklep\/\",\"name\":\"IRONSKY.PL Sklep z Dronami\",\"description\":\"IRONSKY.PL Sklep z Dronami\",\"potentialAction\":[{\"@type\":\"SearchAction\",\"target\":{\"@type\":\"EntryPoint\",\"urlTemplate\":\"https:\/\/ironsky.pl\/sklep\/?s={search_term_string}\"},\"query-input\":{\"@type\":\"PropertyValueSpecification\",\"valueRequired\":true,\"valueName\":\"search_term_string\"}}],\"inLanguage\":\"pl-PL\"}]}<\/script>\n<!-- \/ Yoast SEO plugin. -->","yoast_head_json":{"title":"System zrzutu CHENGZHI TH4 V2 - IRONSKY.PL Sklep z Dronami","description":"System zrzutu CHENGZHI TH4 V2 - \u2705 sklep z dronami i fachowym doradztwem. \u2705 Tutaj kupisz produkty DJI, Yuneec, Parrot, Syma i wiele innych, a tak\u017ce kursy i licencje na operatora drona.","robots":{"index":"index","follow":"follow","max-snippet":"max-snippet:-1","max-image-preview":"max-image-preview:large","max-video-preview":"max-video-preview:-1"},"canonical":"https:\/\/ironsky.pl\/sklep\/produkt\/system-zrzutu-chengzhi-th4-v2\/","og_locale":"pl_PL","og_type":"article","og_title":"System zrzutu CHENGZHI TH4 V2 - IRONSKY.PL Sklep z Dronami","og_description":"System zrzutu CHENGZHI TH4 V2 - \u2705 sklep z dronami i fachowym doradztwem. \u2705 Tutaj kupisz produkty DJI, Yuneec, Parrot, Syma i wiele innych, a tak\u017ce kursy i licencje na operatora drona.","og_url":"https:\/\/ironsky.pl\/sklep\/produkt\/system-zrzutu-chengzhi-th4-v2\/","og_site_name":"IRONSKY.PL Sklep z Dronami","article_modified_time":"2026-04-15T08:34:20+00:00","og_image":[{"width":800,"height":800,"url":"https:\/\/ironsky.pl\/sklep\/wp-content\/uploads\/2026\/04\/41882_1.webp","type":"image\/webp"}],"twitter_card":"summary_large_image","twitter_misc":{"Szacowany czas czytania":"1 minuta"},"schema":{"@context":"https:\/\/schema.org","@graph":[{"@type":"WebPage","@id":"https:\/\/ironsky.pl\/sklep\/produkt\/system-zrzutu-chengzhi-th4-v2\/","url":"https:\/\/ironsky.pl\/sklep\/produkt\/system-zrzutu-chengzhi-th4-v2\/","name":"System zrzutu CHENGZHI TH4 V2 - IRONSKY.PL Sklep z Dronami","isPartOf":{"@id":"https:\/\/ironsky.pl\/sklep\/#website"},"primaryImageOfPage":{"@id":"https:\/\/ironsky.pl\/sklep\/produkt\/system-zrzutu-chengzhi-th4-v2\/#primaryimage"},"image":{"@id":"https:\/\/ironsky.pl\/sklep\/produkt\/system-zrzutu-chengzhi-th4-v2\/#primaryimage"},"thumbnailUrl":"https:\/\/ironsky.pl\/sklep\/wp-content\/uploads\/2026\/04\/41882_1.webp","datePublished":"2026-04-15T08:33:57+00:00","dateModified":"2026-04-15T08:34:20+00:00","description":"System zrzutu CHENGZHI TH4 V2 - \u2705 sklep z dronami i fachowym doradztwem. \u2705 Tutaj kupisz produkty DJI, Yuneec, Parrot, Syma i wiele innych, a tak\u017ce kursy i licencje na operatora drona.","breadcrumb":{"@id":"https:\/\/ironsky.pl\/sklep\/produkt\/system-zrzutu-chengzhi-th4-v2\/#breadcrumb"},"inLanguage":"pl-PL","potentialAction":[{"@type":"ReadAction","target":["https:\/\/ironsky.pl\/sklep\/produkt\/system-zrzutu-chengzhi-th4-v2\/"]}]},{"@type":"ImageObject","inLanguage":"pl-PL","@id":"https:\/\/ironsky.pl\/sklep\/produkt\/system-zrzutu-chengzhi-th4-v2\/#primaryimage","url":"https:\/\/ironsky.pl\/sklep\/wp-content\/uploads\/2026\/04\/41882_1.webp","contentUrl":"https:\/\/ironsky.pl\/sklep\/wp-content\/uploads\/2026\/04\/41882_1.webp","width":800,"height":800},{"@type":"BreadcrumbList","@id":"https:\/\/ironsky.pl\/sklep\/produkt\/system-zrzutu-chengzhi-th4-v2\/#breadcrumb","itemListElement":[{"@type":"ListItem","position":1,"name":"Strona g\u0142\u00f3wna","item":"https:\/\/ironsky.pl\/sklep\/"},{"@type":"ListItem","position":2,"name":"Wszystkie produkty","item":"https:\/\/ironsky.pl\/sklep\/produkty\/"},{"@type":"ListItem","position":3,"name":"System zrzutu CHENGZHI TH4 V2"}]},{"@type":"WebSite","@id":"https:\/\/ironsky.pl\/sklep\/#website","url":"https:\/\/ironsky.pl\/sklep\/","name":"IRONSKY.PL Sklep z Dronami","description":"IRONSKY.PL Sklep z Dronami","potentialAction":[{"@type":"SearchAction","target":{"@type":"EntryPoint","urlTemplate":"https:\/\/ironsky.pl\/sklep\/?s={search_term_string}"},"query-input":{"@type":"PropertyValueSpecification","valueRequired":true,"valueName":"search_term_string"}}],"inLanguage":"pl-PL"}]}},"_links":{"self":[{"href":"https:\/\/ironsky.pl\/sklep\/wp-json\/wp\/v2\/product\/58209","targetHints":{"allow":["GET"]}}],"collection":[{"href":"https:\/\/ironsky.pl\/sklep\/wp-json\/wp\/v2\/product"}],"about":[{"href":"https:\/\/ironsky.pl\/sklep\/wp-json\/wp\/v2\/types\/product"}],"replies":[{"embeddable":true,"href":"https:\/\/ironsky.pl\/sklep\/wp-json\/wp\/v2\/comments?post=58209"}],"wp:featuredmedia":[{"embeddable":true,"href":"https:\/\/ironsky.pl\/sklep\/wp-json\/wp\/v2\/media\/58210"}],"wp:attachment":[{"href":"https:\/\/ironsky.pl\/sklep\/wp-json\/wp\/v2\/media?parent=58209"}],"wp:term":[{"taxonomy":"product_brand","embeddable":true,"href":"https:\/\/ironsky.pl\/sklep\/wp-json\/wp\/v2\/product_brand?post=58209"},{"taxonomy":"product_cat","embeddable":true,"href":"https:\/\/ironsky.pl\/sklep\/wp-json\/wp\/v2\/product_cat?post=58209"},{"taxonomy":"product_tag","embeddable":true,"href":"https:\/\/ironsky.pl\/sklep\/wp-json\/wp\/v2\/product_tag?post=58209"}],"curies":[{"name":"wp","href":"https:\/\/api.w.org\/{rel}","templated":true}]}}