{"id":58199,"date":"2026-04-15T10:33:57","date_gmt":"2026-04-15T08:33:57","guid":{"rendered":"https:\/\/ironsky.pl\/sklep\/produkt\/gimbal-dji-rs-4-pro-combo\/"},"modified":"2026-04-15T10:34:16","modified_gmt":"2026-04-15T08:34:16","slug":"gimbal-dji-rs-4-pro-combo","status":"publish","type":"product","link":"https:\/\/ironsky.pl\/sklep\/produkt\/gimbal-dji-rs-4-pro-combo\/","title":{"rendered":"Gimbal DJI RS 4 Pro Combo"},"content":{"rendered":"<h3>Przekraczaj granice kreatywno\u015bci z DJI RS 4 Pro<\/h3>\n<\/p>\n<p>Odkryj DJI RS 4 Pro, flagowy stabilizator, kt\u00f3ry redefiniuje granice produkcji filmowej i telewizyjnej. Skonstruowany z my\u015bl\u0105 o profesjonalistach, RS 4 Pro tworzy niezawodne narz\u0119dzie pracy wraz z systemem DJI Focus Pro, DJI Transmission i zaawansowanym ekosystemem sterowania. Niezawodna stabilizacja, transmisja obrazu, intuicyjne monitorowanie, regulacja ostro\u015bci i kontrola ruchu dzia\u0142aj\u0105 w perfekcyjnej synchronizacji. Prze\u017cyj nieograniczone mo\u017cliwo\u015bci tw\u00f3rcze, wyra\u017caj\u0105c swoje wizje z niepor\u00f3wnywaln\u0105 precyzj\u0105 i elastyczno\u015bci\u0105!<\/p>\n<\/p>\n<p>\n<img decoding=\"async\" src=\"https:\/\/assets.innpro.pl\/5252\/6154\/1.jpg\" border=\"0\" \/>\n<\/p>\n<h3>Kompletny zestaw dla profesjonalist\u00f3w<\/h3>\n<\/p>\n<p>W zestawie DJI RS 4 Pro Combo znajdziesz silnik DJI Focus Pro i Transmitter Ronin, z kt\u00f3rymi Twoje mo\u017cliwo\u015bci tw\u00f3rcze s\u0105 niemal nieograniczone. Opr\u00f3cz nich otrzymujesz uchwyt akumulatorowy BG30, wyd\u0142u\u017caj\u0105cy prac\u0119 urz\u0105dzenia, p\u0142yt\u0119 szybkiego monta\u017cu kompatybiln\u0105 z systemami Arca-Swiss i Manfrotto, a tak\u017ce niezb\u0119dne kable, mocowania i \u015bruby. Przed\u0142u\u017cony statyw i uchwyt na telefon u\u0142atwi\u0105 prac\u0119, a walizka pozwoli bezpiecznie przechowa\u0107 wszystkie urz\u0105dzenia. To wszystko, czego potrzebujesz do tworzenia stabilnych i p\u0142ynnych uj\u0119\u0107 na profesjonalnym poziomie!<\/p>\n<\/p>\n<p>\n<img decoding=\"async\" src=\"https:\/\/assets.innpro.pl\/5252\/6154\/2.jpg\" border=\"0\" \/>\n<\/p>\n<h3>Teraz mo\u017cesz jeszcze wi\u0119cej<\/h3>\n<\/p>\n<p>Wyobra\u017a sobie stabilizator, kt\u00f3ry przekracza znane dot\u0105d ograniczenia. DJI RS 4 Pro, wykonany z najwy\u017cszej klasy w\u0142\u00f3kna w\u0119glowego, to kombinacja lekko\u015bci z pot\u0119\u017cn\u0105 si\u0142\u0105 ud\u017awigu do 4,5 kg. To zaproszenie do eksperymentowania z r\u00f3\u017cnorodnym sprz\u0119tem, od lustrzanek po profesjonalne kamery filmowe, bez utraty stabilno\u015bci. Dzi\u0119ki innowacyjnej p\u0142ytce DJI RS 4 Pro wprowadza mo\u017cliwo\u015b\u0107 nagrywania w pionie, umo\u017cliwiaj\u0105c p\u0142ynne przej\u015bcie mi\u0119dzy orientacjami bez potrzeby korzystania z dodatkowych akcesori\u00f3w.<\/p>\n<\/p>\n<p>\n<img decoding=\"async\" src=\"https:\/\/assets.innpro.pl\/5252\/6154\/3.jpg\" border=\"0\" \/>\n<\/p>\n<h3>Dopracowany w ka\u017cdym szczeg\u00f3le<\/h3>\n<\/p>\n<p>Zadbali\u015bmy o ka\u017cdy detal, aby u\u017cywanie DJI RS 4 Pro by\u0142o nie tylko intuicyjne, ale i wygodne. Podw\u00f3jne \u0142o\u017cyska toczne i niskotarciowa pow\u0142oka Teflonu\u2122 na osiach zapewniaj\u0105 p\u0142ynne i precyzyjne wywa\u017canie. Specjalne pokr\u0119t\u0142o na osi tilt oraz regulowana g\u00f3rna p\u0142yta szybkiego monta\u017cu gwarantuj\u0105, \u017ce idealne ustawienie sprz\u0119tu jest kwesti\u0105 chwili. Co wi\u0119cej, automatyczna blokada ekranu w dotykowym wy\u015bwietlaczu OLED eliminuje problem przypadkowych dotkni\u0119\u0107, daj\u0105c Ci pe\u0142n\u0105 kontrol\u0119 nad procesem tw\u00f3rczym!<\/p>\n<\/p>\n<p>\n<img decoding=\"async\" src=\"https:\/\/assets.innpro.pl\/5252\/6154\/4.jpg\" border=\"0\" \/>\n<\/p>\n<h3>Nieograniczone mo\u017cliwo\u015bci tw\u00f3rcze<\/h3>\n<\/p>\n<p>Przygotuj si\u0119 na stabilizacj\u0119, kt\u00f3ra pod\u0105\u017ca za Twoj\u0105 wyobra\u017ani\u0105. DJI RS 4 Pro ze zwi\u0119kszonym o 20% trzyosiowym momentem obrotowym silnika i algorytmem stabilizacji RS 4. generacji, zapewnia niepor\u00f3wnywaln\u0105 p\u0142ynno\u015b\u0107 uj\u0119\u0107. Niezale\u017cnie od tego, czy filmujesz dynamiczne sceny akcji, czy subtelne momenty, RS 4 Pro gwarantuje bezkompromisow\u0105 jako\u015b\u0107. Z nowym trybem Car Mount i optymalizacj\u0105 pod r\u00f3\u017cne scenariusze, Twoje uj\u0119cia b\u0119d\u0105 zawsze stabilne, nawet w trudnych warunkach.<\/p>\n<\/p>\n<p>\n<img decoding=\"async\" src=\"https:\/\/assets.innpro.pl\/5252\/6154\/5.jpg\" border=\"0\" \/>\n<\/p>\n<h3>Inteligentne sterowanie ostro\u015bci\u0105<\/h3>\n<\/p>\n<p>Zanurz si\u0119 w \u015bwiecie, gdzie regulacja ostro\u015bci jest tak intuicyjna, jak nigdy dot\u0105d. Po\u0142\u0105czenie DJI RS 4 Pro z Focus Pro LiDAR i Focus Pro Motor otwiera przed Tob\u0105 drzwi do precyzyjnej, inteligentnej regulacji ostro\u015bci \u2014 r\u00f3wnie\u017c w ruchu i na wi\u0119kszych odleg\u0142o\u015bciach. Z ActiveTrack Pro nowej generacji, nawet najszybsze i najbardziej nieprzewidywalne obiekty pozostan\u0105 w centrum uwagi. Teraz zyskujesz jeszcze wi\u0119ksz\u0105 kontrol\u0119, poniewa\u017c ruchem gimbala i zoomem mo\u017cesz sterowa\u0107 wygodnie za pomoc\u0105 intuicyjnego joysticka. Wypr\u00f3buj funkcje Power Zoom dla obiektyw\u00f3w PZ, Clear Image Zoom oraz External Focus Motor Zoom i ciesz si\u0119 niespotykan\u0105 precyzj\u0105!<\/p>\n<\/p>\n<p>\n<img decoding=\"async\" src=\"https:\/\/assets.innpro.pl\/5252\/6154\/6.jpg\" border=\"0\" \/>\n<\/p>\n<h3>Zaawansowany ekosystem dla profesjonalist\u00f3w<\/h3>\n<\/p>\n<p>RS 4 Pro to serce ekosystemu, kt\u00f3ry wspiera Twoj\u0105 kreatywno\u015b\u0107 na ka\u017cdym kroku. Prze\u0142omowe rozwi\u0105zania takie jak bezprzewodowe sterowanie przez Bluetooth, elastyczne prze\u0142\u0105czanie tryb\u00f3w gimbala, i inteligentne funkcje, jak Motionlapse czy Panorama, zrewolucjonizuj\u0105 Tw\u00f3j proces tw\u00f3rczy. Dzi\u0119ki uchwytowi z akumulatorem o du\u017cej pojemno\u015bci DJI RS 4 Pro zapewnia do 29 godzin ci\u0105g\u0142ego dzia\u0142ania, daj\u0105c Ci wolno\u015b\u0107 tworzenia bez ogranicze\u0144.<\/p>\n<\/p>\n<p>\n<img decoding=\"async\" src=\"https:\/\/assets.innpro.pl\/5252\/6154\/7.jpg\" border=\"0\" \/>\n<\/p>\n<h3>Po\u0142\u0105cz, kontroluj i kreuj<\/h3>\n<\/p>\n<p>Z DJI RS 4 Pro masz kontrol\u0119 nie tylko nad stabilizacj\u0105, ale tak\u017ce nad ca\u0142ym procesem tw\u00f3rczym. System zdalnego sterowania Focus Pro Hand Unit i wsparcie dla ekosystemu transmisji wideo DJI Transmission, zapewniaj\u0105 p\u0142ynn\u0105 wsp\u00f3\u0142prac\u0119 na planie i precyzyjne zarz\u0105dzanie ka\u017cdym aspektem produkcji. Mo\u017cliwo\u015b\u0107 jednoczesnego zasilania Focus Pro LiDAR i DJI Video Transmitter eliminuje potrzeb\u0119 korzystania z dodatkowych akumulator\u00f3w, a zintegrowane mocowanie pozwala na \u0142atw\u0105 instalacj\u0119 akcesori\u00f3w.<\/p>\n<\/p>\n<p>\n<img decoding=\"async\" src=\"https:\/\/assets.innpro.pl\/5252\/6154\/8.jpg\" border=\"0\" \/>\n<\/p>\n<h3>Stworzony z my\u015bl\u0105 o profesjonalistach<\/h3>\n<\/p>\n<p>DJI RS 4 Pro to nie tylko narz\u0119dzie dla samodzielnych tw\u00f3rc\u00f3w, ale i serce profesjonalnych produkcji. Dzi\u0119ki wsparciu dla DJI Ronin Image Transmitter i mo\u017cliwo\u015bci zdalnej kontroli, nawet ma\u0142e zespo\u0142y mog\u0105 realizowa\u0107 ambitne projekty z \u0142atwo\u015bci\u0105 i precyzj\u0105. Wsparcie dla nadajnika DJI Ronin Image Transmitter umo\u017cliwia transmisj\u0119 na \u017cywo w wysokiej rozdzielczo\u015bci, otwieraj\u0105c nowe mo\u017cliwo\u015bci dla tw\u00f3rczej ekspresji i wsp\u00f3\u0142pracy.<\/p>\n<\/p>\n<p>\n<img decoding=\"async\" src=\"https:\/\/assets.innpro.pl\/5252\/6154\/9.jpg\" border=\"0\" \/>\n<\/p>\n<h3>W zestawie<\/h3>\n<ul class=\"list-disc pl-5\">\n<li>Gimbal 1<\/li>\n<li>Uchwyt BG30 Battery Grip 1<\/li>\n<li>P\u0142ytka szybkiego monta\u017cu (Arca-Swiss\/Manfrotto) 1<\/li>\n<li>Przed\u0142u\u017cony uchwyt\/statyw (metalowy) 1<\/li>\n<li>Uchwyt do walizki 1<\/li>\n<li>Wspornik mocowania obiektywu (przed\u0142u\u017cony) 1<\/li>\n<li>Kabel do sterowania wieloma kamerami (USB-C, 30 cm) 2<\/li>\n<li>Kabel \u0142aduj\u0105cy USB-C (40 cm) 1<\/li>\n<li>Zestaw \u015brub 1<\/li>\n<li>Futera\u0142 1<\/li>\n<li>Kabel zasilaj\u0105cy USB-C (20 cm) 1<\/li>\n<li>Kabel Mini-HDMI do Mini-HDMI (20 cm) 1<\/li>\n<li>Kabel Mini-HDMI do HDMI (20 cm) 1<\/li>\n<li>Kabel Mini-HDMI do Micro-HDMI (20 cm) 1<\/li>\n<li>Nadajnik obrazu Ronin 1<\/li>\n<li>Silnik Focus Pro 1<\/li>\n<li>Naklejka z logo DJI 1<\/li>\n<li>Naklejka FIZ 1<\/li>\n<li>Zestaw monta\u017cowy pr\u0119ta silnika Focus Pro 1<\/li>\n<li>Pasek z\u0119baty Focus 1<\/li>\n<li>Dolna p\u0142ytka szybkiego monta\u017cu (przed\u0142u\u017cona) 1<\/li>\n<li>Uchwyt na telefon 1<\/li>\n<\/ul>\n<div class=\"table-wrapper\">\n<p>\u00a0<\/p>\n<h3>Dane techniczne<\/h3>\n<table>\n<tbody>\n<tr>\n<th>Porty <\/th>\n<td>Akcesoria serii Ronin (RSA)\/Porty NATO&gt; Otw\u00f3r monta\u017cowy 1\/4&#8243;-20 Zimna stopka Port transmisji wideo \/ dalmierza LiDAR (USB-C) Port sterowania kamer\u0105 RSS (USB-C)  Focus Motor Port (USB-C)<\/td>\n<\/tr>\n<tr>\n<th>Akumulator  <\/th>\n<td>Model: BG30-1950mAh-15.4V  Type: LiPo 4S Pojemno\u015b\u0107: 1950 mAh Energia: 30 Wh Maksymalny czas pracy: 13 godzin (Mierzone z gimbalem wywa\u017conym w poziomie i w stanie stacjonarnym. Gdy gimbal jest w ruchu, czas pracy ulegnie skr\u00f3ceniu).  Czas \u0142adowania : Oko\u0142o 1,5 godziny (zmierzony przy u\u017cyciu \u0142adowarki obs\u0142uguj\u0105cej szybkie \u0142adowanie 24 W. Zaleca si\u0119 korzystanie z \u0142adowarek obs\u0142uguj\u0105cych protoko\u0142y QC 2.0 lub PD). Sugerowana temperatura \u0142adowania: od 5\u00b0 do 40\u00b0 C (od 41\u00b0 do 104\u00b0 F)<\/td>\n<\/tr>\n<tr>\n<th>Po\u0142\u0105czenie <\/th>\n<td>Bluetooth 5.1 ; Port \u0142adowania (USB-C)<\/td>\n<\/tr>\n<tr>\n<th>Wymagania aplikacji Ronin <\/th>\n<td>iOS 11.0 lub nowszy  Android 8.0 lub nowszy<\/td>\n<\/tr>\n<tr>\n<th>J\u0119zyki obs\u0142ugiwane przez ekran dotykowy <\/th>\n<td>angielski, chi\u0144ski uproszczony, chi\u0144ski tradycyjny, niemiecki, francuski, korea\u0144ski, japo\u0144ski, hiszpa\u0144ski, portugalski (Brazylia), rosyjski, tajski<\/td>\n<\/tr>\n<\/tbody>\n<\/table>\n<p>\u00a0<\/p>\n<h3>Gimbal<\/h3>\n<table>\n<tbody>\n<tr>\n<th>Przetestowany ud\u017awig <\/th>\n<td>4.5 kg <\/td>\n<\/tr>\n<tr>\n<th>Maksymalna kontrolowana pr\u0119dko\u015b\u0107 obrotowa <\/th>\n<td>Pan: 360\u00b0\/s Tilt: 360\u00b0\/s Roll: 360\u00b0\/s<\/td>\n<\/tr>\n<tr>\n<th>Zakres mechaniczny <\/th>\n<td>O\u015b Pan: 360\u00b0 ci\u0105g\u0142ego obrotu O\u015b Roll: -95\u00b0 do +240\u00b0 O\u015b Tilt: -112\u00b0 to +214\u00b0<\/td>\n<\/tr>\n<\/tbody>\n<\/table>\n<p>\u00a0<\/p>\n<h3>Cechy fizyczne<\/h3>\n<table>\n<tbody>\n<tr>\n<th>Cz\u0119stotliwo\u015b\u0107 pracy <\/th>\n<td>2.40\u200c\u200c0-2.4835 GHz<\/td>\n<\/tr>\n<tr>\n<th>Moc nadajnika Bluetooth <\/th>\n<td>&lt; 8 dBm<\/td>\n<\/tr>\n<tr>\n<th>Temperatura pracy <\/th>\n<td>-20\u00b0 to 45\u00b0 C (-4\u00b0 to 113\u00b0 F)<\/td>\n<\/tr>\n<tr>\n<th>Waga <\/th>\n<td>Gimbal: Oko\u0142o 1242 g (2,74 funta) Uchwyt: ok. 265 g (0,58 funta) Przed\u0142u\u017cony uchwyt\/statyw (metalowy): Oko\u0142o 226 g  G\u00f3rna i dolna szybkoz\u0142\u0105czka: Oko\u0142o 110 g <\/td>\n<\/tr>\n<tr>\n<th>Wymiary  <\/th>\n<td>Po z\u0142o\u017ceniu: 271\u00d7283\u00d775 mm (d\u0142.\u00d7szer.\u00d7wys., bez aparatu, uchwytu i przed\u0142u\u017conego uchwytu\/statywu) Roz\u0142o\u017cony: 416\u00d7223\u00d7202 mm (d\u0142.\u00d7szer.\u00d7wys., wysoko\u015b\u0107 obejmuje uchwyt i nie obejmuje przed\u0142u\u017conego uchwytu \/ statywu)<\/td>\n<\/tr>\n<\/tbody>\n<\/table>\n<p>\u00a0<\/p>\n<h3>Nadajnik obrazu DJI Ronin<\/h3>\n<table>\n<tbody>\n<tr>\n<th>Porty  <\/th>\n<td>Port zasilania\/komunikacyjny (USB-C) Port HDMI (mini HDMI) Port sterowania kamer\u0105 RSS (USB-C)<\/td>\n<\/tr>\n<tr>\n<th>Port rozszerze\u0144 <\/th>\n<td>Cold Shoe<\/td>\n<\/tr>\n<tr>\n<th>Cz\u0119stotliwo\u015b\u0107 pracy <\/th>\n<td>2,400-2,4835 GHz 5,725-5,850 GHz<\/td>\n<\/tr>\n<tr>\n<th>Waga <\/th>\n<td>126 g <\/td>\n<\/tr>\n<tr>\n<th>Wymiary  <\/th>\n<td>82\u00d763\u00d724 mm (d\u0142.\u00d7szer.\u00d7wys.)<\/td>\n<\/tr>\n<tr>\n<th>Moc nadajnika (EIRP) <\/th>\n<td>2,400-2,4835 GHz: 25 dBm (FCC) 20 dBm (CE\/SRRC\/MIC)  5,725-5,850 GHz: 25 dBm (FCC\/SRRC) 14 dBm (CE)<\/td>\n<\/tr>\n<tr>\n<th>Akumulator <\/th>\n<td>Pojemno\u015b\u0107: 2970 mAh Kompatybilna \u0142adowarka: 5 V\/2 A Czas \u0142adowania: oko\u0142o 2,5 godziny Czas pracy: oko\u0142o 3,5 godziny<\/td>\n<\/tr>\n<tr>\n<th>Zakres transmisji <\/th>\n<td>200 m (SRRC\/FCC) 100 m (CE) *Zmierzone w niezak\u0142\u00f3conym \u015brodowisku wolnym od zak\u0142\u00f3ce\u0144.<\/td>\n<\/tr>\n<tr>\n<th>Op\u00f3\u017anienie <\/th>\n<td>60 ms<\/td>\n<\/tr>\n<tr>\n<th>Pr\u0105d\/napi\u0119cie robocze <\/th>\n<td>900 mA\/3.7 V<\/td>\n<\/tr>\n<tr>\n<th>Temperatura pracy <\/th>\n<td>0\u00b0 to 45\u00b0 C (32\u00b0 to 113\u00b0 F)<\/td>\n<\/tr>\n<\/tbody>\n<\/table>\n<\/div>\n","protected":false},"excerpt":{"rendered":"<p>Przekraczaj granice kreatywno\u015bci z DJI RS 4 Pro Odkryj DJI RS 4 Pro, flagowy stabilizator, kt\u00f3ry redefiniuje granice produkcji filmowej<\/p>\n","protected":false},"featured_media":58200,"comment_status":"closed","ping_status":"open","template":"","meta":{"_acf_changed":false},"product_brand":[],"product_cat":[1128,1129],"product_tag":[],"class_list":{"0":"post-58199","1":"product","2":"type-product","3":"status-publish","4":"has-post-thumbnail","6":"product_cat-foto-wideo","7":"product_cat-gimbale-i-stabilizatory","8":"pa_okres-gwarancji-5757","9":"pa_producent-dji","11":"first","12":"outofstock","13":"taxable","14":"shipping-taxable","15":"purchasable","16":"product-type-simple"},"acf":[],"yoast_head":"<!-- This site is optimized with the Yoast SEO plugin v27.2 - https:\/\/yoast.com\/product\/yoast-seo-wordpress\/ -->\n<title>Gimbal DJI RS 4 Pro Combo - IRONSKY.PL Sklep z Dronami<\/title>\n<meta name=\"description\" content=\"Gimbal DJI RS 4 Pro Combo - \u2705 sklep z dronami i fachowym doradztwem. \u2705 Tutaj kupisz produkty DJI, Yuneec, Parrot, Syma i wiele innych, a tak\u017ce kursy i licencje na operatora drona.\" \/>\n<meta name=\"robots\" content=\"index, follow, max-snippet:-1, max-image-preview:large, max-video-preview:-1\" \/>\n<link rel=\"canonical\" href=\"https:\/\/ironsky.pl\/sklep\/produkt\/gimbal-dji-rs-4-pro-combo\/\" \/>\n<meta property=\"og:locale\" content=\"pl_PL\" \/>\n<meta property=\"og:type\" content=\"article\" \/>\n<meta property=\"og:title\" content=\"Gimbal DJI RS 4 Pro Combo - IRONSKY.PL Sklep z Dronami\" \/>\n<meta property=\"og:description\" content=\"Gimbal DJI RS 4 Pro Combo - \u2705 sklep z dronami i fachowym doradztwem. \u2705 Tutaj kupisz produkty DJI, Yuneec, Parrot, Syma i wiele innych, a tak\u017ce kursy i licencje na operatora drona.\" \/>\n<meta property=\"og:url\" content=\"https:\/\/ironsky.pl\/sklep\/produkt\/gimbal-dji-rs-4-pro-combo\/\" \/>\n<meta property=\"og:site_name\" content=\"IRONSKY.PL Sklep z Dronami\" \/>\n<meta property=\"article:modified_time\" content=\"2026-04-15T08:34:16+00:00\" \/>\n<meta property=\"og:image\" content=\"https:\/\/ironsky.pl\/sklep\/wp-content\/uploads\/2026\/04\/41880_3.jpg\" \/>\n\t<meta property=\"og:image:width\" content=\"800\" \/>\n\t<meta property=\"og:image:height\" content=\"800\" \/>\n\t<meta property=\"og:image:type\" content=\"image\/jpeg\" \/>\n<meta name=\"twitter:card\" content=\"summary_large_image\" \/>\n<meta name=\"twitter:label1\" content=\"Szacowany czas czytania\" \/>\n\t<meta name=\"twitter:data1\" content=\"6 minut\" \/>\n<script type=\"application\/ld+json\" class=\"yoast-schema-graph\">{\"@context\":\"https:\/\/schema.org\",\"@graph\":[{\"@type\":\"WebPage\",\"@id\":\"https:\/\/ironsky.pl\/sklep\/produkt\/gimbal-dji-rs-4-pro-combo\/\",\"url\":\"https:\/\/ironsky.pl\/sklep\/produkt\/gimbal-dji-rs-4-pro-combo\/\",\"name\":\"Gimbal DJI RS 4 Pro Combo - IRONSKY.PL Sklep z Dronami\",\"isPartOf\":{\"@id\":\"https:\/\/ironsky.pl\/sklep\/#website\"},\"primaryImageOfPage\":{\"@id\":\"https:\/\/ironsky.pl\/sklep\/produkt\/gimbal-dji-rs-4-pro-combo\/#primaryimage\"},\"image\":{\"@id\":\"https:\/\/ironsky.pl\/sklep\/produkt\/gimbal-dji-rs-4-pro-combo\/#primaryimage\"},\"thumbnailUrl\":\"https:\/\/ironsky.pl\/sklep\/wp-content\/uploads\/2026\/04\/41880_3.jpg\",\"datePublished\":\"2026-04-15T08:33:57+00:00\",\"dateModified\":\"2026-04-15T08:34:16+00:00\",\"description\":\"Gimbal DJI RS 4 Pro Combo - \u2705 sklep z dronami i fachowym doradztwem. \u2705 Tutaj kupisz produkty DJI, Yuneec, Parrot, Syma i wiele innych, a tak\u017ce kursy i licencje na operatora drona.\",\"breadcrumb\":{\"@id\":\"https:\/\/ironsky.pl\/sklep\/produkt\/gimbal-dji-rs-4-pro-combo\/#breadcrumb\"},\"inLanguage\":\"pl-PL\",\"potentialAction\":[{\"@type\":\"ReadAction\",\"target\":[\"https:\/\/ironsky.pl\/sklep\/produkt\/gimbal-dji-rs-4-pro-combo\/\"]}]},{\"@type\":\"ImageObject\",\"inLanguage\":\"pl-PL\",\"@id\":\"https:\/\/ironsky.pl\/sklep\/produkt\/gimbal-dji-rs-4-pro-combo\/#primaryimage\",\"url\":\"https:\/\/ironsky.pl\/sklep\/wp-content\/uploads\/2026\/04\/41880_3.jpg\",\"contentUrl\":\"https:\/\/ironsky.pl\/sklep\/wp-content\/uploads\/2026\/04\/41880_3.jpg\",\"width\":800,\"height\":800},{\"@type\":\"BreadcrumbList\",\"@id\":\"https:\/\/ironsky.pl\/sklep\/produkt\/gimbal-dji-rs-4-pro-combo\/#breadcrumb\",\"itemListElement\":[{\"@type\":\"ListItem\",\"position\":1,\"name\":\"Strona g\u0142\u00f3wna\",\"item\":\"https:\/\/ironsky.pl\/sklep\/\"},{\"@type\":\"ListItem\",\"position\":2,\"name\":\"Wszystkie produkty\",\"item\":\"https:\/\/ironsky.pl\/sklep\/produkty\/\"},{\"@type\":\"ListItem\",\"position\":3,\"name\":\"Gimbal DJI RS 4 Pro Combo\"}]},{\"@type\":\"WebSite\",\"@id\":\"https:\/\/ironsky.pl\/sklep\/#website\",\"url\":\"https:\/\/ironsky.pl\/sklep\/\",\"name\":\"IRONSKY.PL Sklep z Dronami\",\"description\":\"IRONSKY.PL Sklep z Dronami\",\"potentialAction\":[{\"@type\":\"SearchAction\",\"target\":{\"@type\":\"EntryPoint\",\"urlTemplate\":\"https:\/\/ironsky.pl\/sklep\/?s={search_term_string}\"},\"query-input\":{\"@type\":\"PropertyValueSpecification\",\"valueRequired\":true,\"valueName\":\"search_term_string\"}}],\"inLanguage\":\"pl-PL\"}]}<\/script>\n<!-- \/ Yoast SEO plugin. -->","yoast_head_json":{"title":"Gimbal DJI RS 4 Pro Combo - IRONSKY.PL Sklep z Dronami","description":"Gimbal DJI RS 4 Pro Combo - \u2705 sklep z dronami i fachowym doradztwem. \u2705 Tutaj kupisz produkty DJI, Yuneec, Parrot, Syma i wiele innych, a tak\u017ce kursy i licencje na operatora drona.","robots":{"index":"index","follow":"follow","max-snippet":"max-snippet:-1","max-image-preview":"max-image-preview:large","max-video-preview":"max-video-preview:-1"},"canonical":"https:\/\/ironsky.pl\/sklep\/produkt\/gimbal-dji-rs-4-pro-combo\/","og_locale":"pl_PL","og_type":"article","og_title":"Gimbal DJI RS 4 Pro Combo - IRONSKY.PL Sklep z Dronami","og_description":"Gimbal DJI RS 4 Pro Combo - \u2705 sklep z dronami i fachowym doradztwem. \u2705 Tutaj kupisz produkty DJI, Yuneec, Parrot, Syma i wiele innych, a tak\u017ce kursy i licencje na operatora drona.","og_url":"https:\/\/ironsky.pl\/sklep\/produkt\/gimbal-dji-rs-4-pro-combo\/","og_site_name":"IRONSKY.PL Sklep z Dronami","article_modified_time":"2026-04-15T08:34:16+00:00","og_image":[{"width":800,"height":800,"url":"https:\/\/ironsky.pl\/sklep\/wp-content\/uploads\/2026\/04\/41880_3.jpg","type":"image\/jpeg"}],"twitter_card":"summary_large_image","twitter_misc":{"Szacowany czas czytania":"6 minut"},"schema":{"@context":"https:\/\/schema.org","@graph":[{"@type":"WebPage","@id":"https:\/\/ironsky.pl\/sklep\/produkt\/gimbal-dji-rs-4-pro-combo\/","url":"https:\/\/ironsky.pl\/sklep\/produkt\/gimbal-dji-rs-4-pro-combo\/","name":"Gimbal DJI RS 4 Pro Combo - IRONSKY.PL Sklep z Dronami","isPartOf":{"@id":"https:\/\/ironsky.pl\/sklep\/#website"},"primaryImageOfPage":{"@id":"https:\/\/ironsky.pl\/sklep\/produkt\/gimbal-dji-rs-4-pro-combo\/#primaryimage"},"image":{"@id":"https:\/\/ironsky.pl\/sklep\/produkt\/gimbal-dji-rs-4-pro-combo\/#primaryimage"},"thumbnailUrl":"https:\/\/ironsky.pl\/sklep\/wp-content\/uploads\/2026\/04\/41880_3.jpg","datePublished":"2026-04-15T08:33:57+00:00","dateModified":"2026-04-15T08:34:16+00:00","description":"Gimbal DJI RS 4 Pro Combo - \u2705 sklep z dronami i fachowym doradztwem. \u2705 Tutaj kupisz produkty DJI, Yuneec, Parrot, Syma i wiele innych, a tak\u017ce kursy i licencje na operatora drona.","breadcrumb":{"@id":"https:\/\/ironsky.pl\/sklep\/produkt\/gimbal-dji-rs-4-pro-combo\/#breadcrumb"},"inLanguage":"pl-PL","potentialAction":[{"@type":"ReadAction","target":["https:\/\/ironsky.pl\/sklep\/produkt\/gimbal-dji-rs-4-pro-combo\/"]}]},{"@type":"ImageObject","inLanguage":"pl-PL","@id":"https:\/\/ironsky.pl\/sklep\/produkt\/gimbal-dji-rs-4-pro-combo\/#primaryimage","url":"https:\/\/ironsky.pl\/sklep\/wp-content\/uploads\/2026\/04\/41880_3.jpg","contentUrl":"https:\/\/ironsky.pl\/sklep\/wp-content\/uploads\/2026\/04\/41880_3.jpg","width":800,"height":800},{"@type":"BreadcrumbList","@id":"https:\/\/ironsky.pl\/sklep\/produkt\/gimbal-dji-rs-4-pro-combo\/#breadcrumb","itemListElement":[{"@type":"ListItem","position":1,"name":"Strona g\u0142\u00f3wna","item":"https:\/\/ironsky.pl\/sklep\/"},{"@type":"ListItem","position":2,"name":"Wszystkie produkty","item":"https:\/\/ironsky.pl\/sklep\/produkty\/"},{"@type":"ListItem","position":3,"name":"Gimbal DJI RS 4 Pro Combo"}]},{"@type":"WebSite","@id":"https:\/\/ironsky.pl\/sklep\/#website","url":"https:\/\/ironsky.pl\/sklep\/","name":"IRONSKY.PL Sklep z Dronami","description":"IRONSKY.PL Sklep z Dronami","potentialAction":[{"@type":"SearchAction","target":{"@type":"EntryPoint","urlTemplate":"https:\/\/ironsky.pl\/sklep\/?s={search_term_string}"},"query-input":{"@type":"PropertyValueSpecification","valueRequired":true,"valueName":"search_term_string"}}],"inLanguage":"pl-PL"}]}},"_links":{"self":[{"href":"https:\/\/ironsky.pl\/sklep\/wp-json\/wp\/v2\/product\/58199","targetHints":{"allow":["GET"]}}],"collection":[{"href":"https:\/\/ironsky.pl\/sklep\/wp-json\/wp\/v2\/product"}],"about":[{"href":"https:\/\/ironsky.pl\/sklep\/wp-json\/wp\/v2\/types\/product"}],"replies":[{"embeddable":true,"href":"https:\/\/ironsky.pl\/sklep\/wp-json\/wp\/v2\/comments?post=58199"}],"wp:featuredmedia":[{"embeddable":true,"href":"https:\/\/ironsky.pl\/sklep\/wp-json\/wp\/v2\/media\/58200"}],"wp:attachment":[{"href":"https:\/\/ironsky.pl\/sklep\/wp-json\/wp\/v2\/media?parent=58199"}],"wp:term":[{"taxonomy":"product_brand","embeddable":true,"href":"https:\/\/ironsky.pl\/sklep\/wp-json\/wp\/v2\/product_brand?post=58199"},{"taxonomy":"product_cat","embeddable":true,"href":"https:\/\/ironsky.pl\/sklep\/wp-json\/wp\/v2\/product_cat?post=58199"},{"taxonomy":"product_tag","embeddable":true,"href":"https:\/\/ironsky.pl\/sklep\/wp-json\/wp\/v2\/product_tag?post=58199"}],"curies":[{"name":"wp","href":"https:\/\/api.w.org\/{rel}","templated":true}]}}