{"id":58179,"date":"2026-04-15T10:33:57","date_gmt":"2026-04-15T08:33:57","guid":{"rendered":"https:\/\/ironsky.pl\/sklep\/produkt\/gimbal-dji-rs-4-combo\/"},"modified":"2026-04-15T10:34:07","modified_gmt":"2026-04-15T08:34:07","slug":"gimbal-dji-rs-4-combo","status":"publish","type":"product","link":"https:\/\/ironsky.pl\/sklep\/produkt\/gimbal-dji-rs-4-combo\/","title":{"rendered":"Gimbal DJI RS 4 Combo"},"content":{"rendered":"<h3>Tw\u00f3rz porywaj\u0105ce historie<\/h3>\n<\/p>\n<p>Odkryj nowy wymiar kreatywno\u015bci z DJI RS 4 \u2013 innowacyjnym stabilizatorem, kt\u00f3ry zapewnia niezr\u00f3wnan\u0105 stabilno\u015b\u0107 i p\u0142ynno\u015b\u0107 obrazu. Ud\u017awig do 3 kg, pokrycie z teflonu, intuicyjna obs\u0142uga za pomoc\u0105 joysticka i d\u0142ugi czas pracy akumulatora \u2014 wszystko to sprawia, \u017ce DJI RS 4 pozwoli Ci w prosty spos\u00f3b zrealizowa\u0107 ka\u017cd\u0105 produkcj\u0119 na profesjonalnym poziomie. Perfekcyjne uj\u0119cia, nawet w najbardziej wymagaj\u0105cych warunkach, staj\u0105 si\u0119 banalnie proste!<\/p>\n<\/p>\n<p>\n<img decoding=\"async\" src=\"https:\/\/assets.innpro.pl\/5256\/6157\/1.jpg\" border=\"0\" \/>\n<\/p>\n<h3>Wersja DJI RS 4 Combo<\/h3>\n<\/p>\n<p>Zestaw Combo DJI RS 4 zosta\u0142 stworzony z my\u015bl\u0105 o profesjonalistach, kt\u00f3rzy szukaj\u0105 kompleksowego rozwi\u0105zania umo\u017cliwiaj\u0105cego realizacj\u0119 nawet najbardziej ambitnych projekt\u00f3w. Opr\u00f3cz gimbala znajdziesz w nim Silnik Focus Pro, montowany na specjalnym pr\u0119cie (r\u00f3wnie\u017c w zestawie), kt\u00f3ry umo\u017cliwia jeszcze wi\u0119ksz\u0105 precyzj\u0119 kontroli ostro\u015bci w trakcie nagrywania. Do Twojej dyspozycji jest r\u00f3wnie\u017c torba transportowa, w kt\u00f3rej pomie\u015bcisz i bezpiecznie przechowasz komplet urz\u0105dze\u0144.<\/p>\n<\/p>\n<p>\n<img decoding=\"async\" src=\"https:\/\/assets.innpro.pl\/5256\/6157\/3.jpg\" border=\"0\" \/>\n<\/p>\n<h3>Stabilno\u015b\u0107 w ka\u017cdej sytuacji<\/h3>\n<\/p>\n<p>Nowoczesny, zoptymalizowany algorytm stabilizacji 4. generacji pozwala na uzyskanie niezwykle p\u0142ynnych materia\u0142\u00f3w, niezale\u017cnie od dynamicznych zmian w scenie. Ulepszone blokady osi i rozszerzona o\u015b przechy\u0142u zwi\u0119kszaj\u0105 efektywno\u015b\u0107 pracy, minimalizuj\u0105c drgania. DJI RS 4 doskonale radzi sobie z szybkimi akcjami oraz subtelniejszymi ruchami, oferuj\u0105c stabilizacj\u0119 na najwy\u017cszym poziomie, szczeg\u00f3lnie podczas pionowego filmowania i w dynamicznych scenach, takich jak bieganie czy uj\u0119cia z niskiej perspektywy.<\/p>\n<\/p>\n<p>\n<img decoding=\"async\" src=\"https:\/\/assets.innpro.pl\/5256\/6157\/4.jpg\" border=\"0\" \/>\n<\/p>\n<h3>Lekki i wszechstronny<\/h3>\n<\/p>\n<p>DJI RS 4 charakteryzuje si\u0119 jeszcze mniejsz\u0105 wag\u0105 i no\u015bno\u015bci\u0105 nawet do 3 kg, co pozwala na u\u017cywanie go z wi\u0119kszo\u015bci\u0105 aparat\u00f3w i obiektyw\u00f3w. Jego konstrukcja nie tylko u\u0142atwia transport, ale te\u017c zapewnia wygod\u0119 u\u017cytkowania w ka\u017cdych warunkach, umo\u017cliwiaj\u0105c zabranie stabilizatora w podr\u00f3\u017c lub na sesj\u0119 zdj\u0119ciow\u0105 w plenerze. Zapomnij o ograniczeniach!<\/p>\n<\/p>\n<p>\n<img decoding=\"async\" src=\"https:\/\/assets.innpro.pl\/5256\/6157\/5.jpg\" border=\"0\" \/>\n<\/p>\n<h3>Nieograniczone mo\u017cliwo\u015bci<\/h3>\n<\/p>\n<p>Dzi\u0119ki wsparciu dla pionowego filmowania i mo\u017cliwo\u015bci zdalnej regulacji zoomu oraz ostro\u015bci obiektywu DJI RS 4 otwiera przed Tob\u0105 nowe perspektywy. Mo\u017cliwo\u015b\u0107 wykorzystania joysticka do kontrolowania zoomu w obiektywach PZ i Clear Image Zoom pozwoli dostosowa\u0107 ka\u017cdy aspekt uj\u0119cia do Twojej wizji. Wykorzystaj innowacyjne mo\u017cliwo\u015bci, aby nada\u0107 swoim produkcjom kinow\u0105 jako\u015b\u0107!<\/p>\n<\/p>\n<p>\n<img decoding=\"async\" src=\"https:\/\/assets.innpro.pl\/5256\/6157\/6.jpg\" border=\"0\" \/>\n<\/p>\n<h3>Jeszcze d\u0142u\u017cszy czas pracy<\/h3>\n<\/p>\n<p>Problemy z brakiem energii w\u0142a\u015bnie przechodz\u0105 do przesz\u0142o\u015bci! Nowoczesny uchwyt akumulatora BG70 wyd\u0142u\u017ca czas pracy do 29,5 godziny. Szybkie \u0142adowanie za pomoc\u0105 uniwersalnego portu USB-C i mo\u017cliwo\u015b\u0107 zasilania kamery oraz akcesori\u00f3w z moc\u0105 do 18 W to gwarancja, \u017ce DJI RS 4 b\u0119dzie gotowy do pracy przez ca\u0142y dzie\u0144. Dodatkowo szeroki ekosystem akcesori\u00f3w i port RSA umo\u017cliwiaj\u0105 niemal nieograniczone mo\u017cliwo\u015bci personalizacji i rozbudowy sprz\u0119tu. Wykorzystaj uchwyt steruj\u0105cy DJI RS i inne akcesoria, tworz\u0105c tre\u015bci na w\u0142asnych zasadach!<\/p>\n<\/p>\n<p>\n<img decoding=\"async\" src=\"https:\/\/assets.innpro.pl\/5256\/6157\/7.jpg\" border=\"0\" \/>\n<\/p>\n<h3>Automatyczna blokada ekranu<\/h3>\n<\/p>\n<p>Serce komunikacji mi\u0119dzy Tob\u0105 a DJI RS 4 stanowi nowoczesny, dotykowy ekran OLED. Funkcja auto-blokady zapobiega przypadkowym dotkni\u0119ciom, zapewniaj\u0105c pe\u0142n\u0105 kontrol\u0119 nad urz\u0105dzeniem. Ekran wy\u015bwietla aktualne tryby pracy gimbala i joysticka przy zmniejszonym poziomie jasno\u015bci, co dodatkowo oszcz\u0119dza energi\u0119 akumulatora. Dzi\u0119ki temu ka\u017cda sesja staje si\u0119 jeszcze bardziej p\u0142ynna i przyjemna, a Ty mo\u017cesz skupi\u0107 si\u0119 na realizacji swojej wizji bez zb\u0119dnych przerw.<\/p>\n<\/p>\n<p>\n<img decoding=\"async\" src=\"https:\/\/assets.innpro.pl\/5256\/6157\/8.jpg\" border=\"0\" \/>\n<\/p>\n<h3>Kreatywno\u015b\u0107 bez ogranicze\u0144<\/h3>\n<\/p>\n<p>Zaawansowane funkcje takie jak Motionlapse, Track czy Panorama otwieraj\u0105 przed Tob\u0105 drzwi do realizacji unikatowych pomys\u0142\u00f3w i eksperymentowania z nowymi technikami. Dzi\u0119ki integracji z technologi\u0105 Bluetooth RS 4 umo\u017cliwia zdalne sterowanie aparatem, jeszcze bardziej zwi\u0119kszaj\u0105c swobod\u0119 tworzenia.<\/p>\n<\/p>\n<p>\n<img decoding=\"async\" src=\"https:\/\/assets.innpro.pl\/5256\/6157\/9.jpg\" border=\"0\" \/>\n<\/p>\n<h3>Perfekcyjne wykonanie<\/h3>\n<\/p>\n<p>DJI RS 4 wyr\u00f3\u017cnia si\u0119 nie tylko innowacyjnymi funkcjami, ale r\u00f3wnie\u017c perfekcyjnym wykonaniem. Teflonowe pokrycie ramion gimbala zapewnia p\u0142ynn\u0105 i precyzyjn\u0105 regulacj\u0119, a ulepszone blokady osi gwarantuj\u0105 stabilno\u015b\u0107 i bezpiecze\u0144stwo kamery. Komfort i efektywno\u015b\u0107 u\u017cytkowania osi\u0105ga nowy poziom, umo\u017cliwiaj\u0105c skupienie si\u0119 na kreatywnym procesie. Tw\u00f3rz z DJI RS 4 i przekraczaj granice mo\u017cliwo\u015bci filmowych!<\/p>\n<\/p>\n<p>\n<img decoding=\"async\" src=\"https:\/\/assets.innpro.pl\/5256\/6157\/10.jpg\" border=\"0\" \/>\n<\/p>\n<h3>W zestawie<\/h3>\n<ul class=\"list-disc pl-5\">\n<li>Gimbal 1<\/li>\n<li>Uchwyt akumulatorowy BG21 1<\/li>\n<li>P\u0142ytka szybkiego monta\u017cu (Arca-Swiss\/Manfrotto) 1<\/li>\n<li>Przed\u0142u\u017cony uchwyt\/statyw (plastikowy) 1<\/li>\n<li>Uchwyt do walizki  1<\/li>\n<li>Wspornik mocowania obiektywu 1<\/li>\n<li>Kabel sterowania wieloma kamerami (USB-C, 30 cm) 2<\/li>\n<li>Kabel \u0142adowania USB-C (40 cm)  1<\/li>\n<li>Zestaw \u015brub 1<\/li>\n<li>Futera\u0142 1<\/li>\n<li>Silnik Focus Pro  1<\/li>\n<li>Zestaw mocowania pr\u0119ta silnika Focus Pro  1<\/li>\n<li>Naklejka FIZ 1<\/li>\n<li>Naklejka z logo DJI 1<\/li>\n<li>Pasek do silnika Focus Pro 1<\/li>\n<\/ul>\n<div class=\"table-wrapper\">\n<p>\u00a0<\/p>\n<h3>Dane techniczne<\/h3>\n<table>\n<tbody>\n<tr>\n<th>Porty <\/th>\n<td>Akcesoria serii Ronin (RSA)\/porty NATO  Otw\u00f3r monta\u017cowy 1\/4&#8243;-20 Zimna stopka Port transmisji wideo (USB-C) Port sterowania kamer\u0105 RSS (USB-C) Focus Motor Port (USB-C)<\/td>\n<\/tr>\n<tr>\n<th>Akumulator <\/th>\n<td>Model: BHX711-3000-7.2V Typ: LiPo 2 Pojemno\u015b\u0107: 3000 mAh Energia: 21 Wh  Maksymalny czas pracy: 12 godzin (Mierzone z gimbalem wywa\u017conym w poziomie i w stanie stacjonarnym. Gdy gimbal jest w ruchu, czas pracy ulegnie skr\u00f3ceniu). Czas \u0142adowania: ok. 2,5 godziny (zmierzony przy u\u017cyciu \u0142adowarki obs\u0142uguj\u0105cej szybkie \u0142adowanie 18 W. Zaleca si\u0119 korzystanie z \u0142adowarek obs\u0142uguj\u0105cych protok\u00f3\u0142 PD)  Sugerowana temperatura \u0142adowania: 5\u00b0 do 40\u00b0 C <\/td>\n<\/tr>\n<tr>\n<th>Wymagania aplikacji Ronin <\/th>\n<td>iOS 11.0 lub nowszy Android 8.0 lub nowszy<\/td>\n<\/tr>\n<tr>\n<th>J\u0119zyki obs\u0142ugiwane przez ekran dotykowy <\/th>\n<td>angielski, chi\u0144ski uproszczony, chi\u0144ski tradycyjny, niemiecki, francuski, korea\u0144ski, japo\u0144ski, hiszpa\u0144ski, portugalski (Brazylia), rosyjski, tajski<\/td>\n<\/tr>\n<tr>\n<th><\/th>\n<td><\/td>\n<\/tr>\n<\/tbody>\n<\/table>\n<p>\u00a0<\/p>\n<h3>Gimbal<\/h3>\n<table>\n<tbody>\n<tr>\n<th>Przetestowany ud\u017awig <\/th>\n<td>3 kg <\/td>\n<\/tr>\n<tr>\n<th>Maksymalna kontrolowana pr\u0119dko\u015b\u0107 obrotowa <\/th>\n<td>Pan: 360\u00b0\/s  Tilt: 360\u00b0\/s Obr\u00f3t: 360\u00b0\/s<\/td>\n<\/tr>\n<tr>\n<th>Zakres mechaniczny <\/th>\n<td>O\u015b Pan: 360\u00b0 ci\u0105g\u0142ego obrotu O\u015b Roll: -95\u00b0 do +240\u00b0 O\u015b Tilt: od -112\u00b0 do +214\u00b0<\/td>\n<\/tr>\n<\/tbody>\n<\/table>\n<p>\u00a0<\/p>\n<h3>Cechy fizyczne<\/h3>\n<table>\n<tbody>\n<tr>\n<th>Cz\u0119stotliwo\u015b\u0107 pracy <\/th>\n<td>2.400-2.4835 GHz<\/td>\n<\/tr>\n<tr>\n<th>Moc nadajnika Bluetooth <\/th>\n<td>&lt; 8 dBm<\/td>\n<\/tr>\n<tr>\n<th>Temperatura pracy <\/th>\n<td>-20\u00b0 to 45\u00b0 C (-4\u00b0 to 113\u00b0 F)<\/td>\n<\/tr>\n<tr>\n<th>Waga <\/th>\n<td>Gimbal: Oko\u0142o 1066 g Uchwyt: Oko\u0142o 203 g Przed\u0142u\u017cony uchwyt\/statyw (tworzywo sztuczne): Oko\u0142o 183 g G\u00f3rna i dolna p\u0142ytka szybkiego mocowania: Oko\u0142o 98 g<\/td>\n<\/tr>\n<tr>\n<th>Wymiary <\/th>\n<td>Po z\u0142o\u017ceniu: 245\u00d7255\u00d775 mm (d\u0142.\u00d7szer.\u00d7wys., bez aparatu, uchwytu i przed\u0142u\u017conego uchwytu\/statywu) Roz\u0142o\u017cony: 370\u00d7191\u00d7189 mm (d\u0142.\u00d7szer.\u00d7wys., wysoko\u015b\u0107 obejmuje uchwyt i nie obejmuje przed\u0142u\u017conego uchwytu \/ statywu)<\/td>\n<\/tr>\n<\/tbody>\n<\/table>\n<p>\u00a0<\/p>\n<h3>Nadajnik obrazu DJI Ronin<\/h3>\n<table>\n<tbody>\n<tr>\n<th>Po\u0142\u0105czenia <\/th>\n<td>Port zasilania\/komunikacyjny (USB-C) Port HDMI (mini HDMI) Port sterowania kamer\u0105 RSS (USB-C)<\/td>\n<\/tr>\n<tr>\n<th>Port rozszerze\u0144 <\/th>\n<td>Cold Shoe<\/td>\n<\/tr>\n<tr>\n<th>Cz\u0119stotliwo\u015b\u0107 pracy <\/th>\n<td>2.400-2.4835 GHz 5.725-5.850 GHz<\/td>\n<\/tr>\n<tr>\n<th>Waga <\/th>\n<td>126 g<\/td>\n<\/tr>\n<tr>\n<th>Wymiary  <\/th>\n<td>82\u00d763\u00d724 mm (d\u0142.\u00d7szer.\u00d7wys.)<\/td>\n<\/tr>\n<tr>\n<th>Moc nadajnika (EIRP) <\/th>\n<td>\u200c2.400-2.4835 GHz: 25 dBm (FCC) 20 dBm (CE\/SRRC\/MIC)  5.725-5.850 GHz: 25 dBm (FCC\/SRRC) 14 dBm (CE)<\/td>\n<\/tr>\n<tr>\n<th>Akumulator <\/th>\n<td>Pojemno\u015b\u0107: 2970 mAh  Kompatybilna \u0142adowarka: 5 V\/2 A Czas \u0142adowania: oko\u0142o 2,5 godziny  Czas pracy: oko\u0142o 3,5 godziny<\/td>\n<\/tr>\n<tr>\n<th>Zakres transmisji <\/th>\n<td>200 m (SRRC\/FCC) 100 m (CE) *Mierzone w \u015brodowisku wolnym od zak\u0142\u00f3ce\u0144.<\/td>\n<\/tr>\n<tr>\n<th>Op\u00f3\u017anienie <\/th>\n<td>60 ms<\/td>\n<\/tr>\n<tr>\n<th>Pr\u0105d\/napi\u0119cie robocze <\/th>\n<td>900 mA\/3.7 V<\/td>\n<\/tr>\n<tr>\n<th>Temperatura pracy  <\/th>\n<td>0\u00b0 to 45\u00b0 C (32\u00b0 to 113\u00b0 F)<\/td>\n<\/tr>\n<\/tbody>\n<\/table>\n<\/div>\n","protected":false},"excerpt":{"rendered":"<p>Tw\u00f3rz porywaj\u0105ce historie Odkryj nowy wymiar kreatywno\u015bci z DJI RS 4 \u2013 innowacyjnym stabilizatorem, kt\u00f3ry zapewnia niezr\u00f3wnan\u0105 stabilno\u015b\u0107 i p\u0142ynno\u015b\u0107<\/p>\n","protected":false},"featured_media":58180,"comment_status":"closed","ping_status":"open","template":"","meta":{"_acf_changed":false},"product_brand":[],"product_cat":[1128,1129],"product_tag":[],"class_list":{"0":"post-58179","1":"product","2":"type-product","3":"status-publish","4":"has-post-thumbnail","6":"product_cat-foto-wideo","7":"product_cat-gimbale-i-stabilizatory","8":"pa_okres-gwarancji-5757","9":"pa_producent-dji","11":"first","12":"outofstock","13":"taxable","14":"shipping-taxable","15":"purchasable","16":"product-type-simple"},"acf":[],"yoast_head":"<!-- This site is optimized with the Yoast SEO plugin v27.2 - https:\/\/yoast.com\/product\/yoast-seo-wordpress\/ -->\n<title>Gimbal DJI RS 4 Combo - IRONSKY.PL Sklep z Dronami<\/title>\n<meta name=\"description\" content=\"Gimbal DJI RS 4 Combo - \u2705 sklep z dronami i fachowym doradztwem. \u2705 Tutaj kupisz produkty DJI, Yuneec, Parrot, Syma i wiele innych, a tak\u017ce kursy i licencje na operatora drona.\" \/>\n<meta name=\"robots\" content=\"index, follow, max-snippet:-1, max-image-preview:large, max-video-preview:-1\" \/>\n<link rel=\"canonical\" href=\"https:\/\/ironsky.pl\/sklep\/produkt\/gimbal-dji-rs-4-combo\/\" \/>\n<meta property=\"og:locale\" content=\"pl_PL\" \/>\n<meta property=\"og:type\" content=\"article\" \/>\n<meta property=\"og:title\" content=\"Gimbal DJI RS 4 Combo - IRONSKY.PL Sklep z Dronami\" \/>\n<meta property=\"og:description\" content=\"Gimbal DJI RS 4 Combo - \u2705 sklep z dronami i fachowym doradztwem. \u2705 Tutaj kupisz produkty DJI, Yuneec, Parrot, Syma i wiele innych, a tak\u017ce kursy i licencje na operatora drona.\" \/>\n<meta property=\"og:url\" content=\"https:\/\/ironsky.pl\/sklep\/produkt\/gimbal-dji-rs-4-combo\/\" \/>\n<meta property=\"og:site_name\" content=\"IRONSKY.PL Sklep z Dronami\" \/>\n<meta property=\"article:modified_time\" content=\"2026-04-15T08:34:07+00:00\" \/>\n<meta property=\"og:image\" content=\"https:\/\/ironsky.pl\/sklep\/wp-content\/uploads\/2026\/04\/41878_2.jpg\" \/>\n\t<meta property=\"og:image:width\" content=\"800\" \/>\n\t<meta property=\"og:image:height\" content=\"800\" \/>\n\t<meta property=\"og:image:type\" content=\"image\/jpeg\" \/>\n<meta name=\"twitter:card\" content=\"summary_large_image\" \/>\n<meta name=\"twitter:label1\" content=\"Szacowany czas czytania\" \/>\n\t<meta name=\"twitter:data1\" content=\"5 minut\" \/>\n<script type=\"application\/ld+json\" class=\"yoast-schema-graph\">{\"@context\":\"https:\/\/schema.org\",\"@graph\":[{\"@type\":\"WebPage\",\"@id\":\"https:\/\/ironsky.pl\/sklep\/produkt\/gimbal-dji-rs-4-combo\/\",\"url\":\"https:\/\/ironsky.pl\/sklep\/produkt\/gimbal-dji-rs-4-combo\/\",\"name\":\"Gimbal DJI RS 4 Combo - IRONSKY.PL Sklep z Dronami\",\"isPartOf\":{\"@id\":\"https:\/\/ironsky.pl\/sklep\/#website\"},\"primaryImageOfPage\":{\"@id\":\"https:\/\/ironsky.pl\/sklep\/produkt\/gimbal-dji-rs-4-combo\/#primaryimage\"},\"image\":{\"@id\":\"https:\/\/ironsky.pl\/sklep\/produkt\/gimbal-dji-rs-4-combo\/#primaryimage\"},\"thumbnailUrl\":\"https:\/\/ironsky.pl\/sklep\/wp-content\/uploads\/2026\/04\/41878_2.jpg\",\"datePublished\":\"2026-04-15T08:33:57+00:00\",\"dateModified\":\"2026-04-15T08:34:07+00:00\",\"description\":\"Gimbal DJI RS 4 Combo - \u2705 sklep z dronami i fachowym doradztwem. \u2705 Tutaj kupisz produkty DJI, Yuneec, Parrot, Syma i wiele innych, a tak\u017ce kursy i licencje na operatora drona.\",\"breadcrumb\":{\"@id\":\"https:\/\/ironsky.pl\/sklep\/produkt\/gimbal-dji-rs-4-combo\/#breadcrumb\"},\"inLanguage\":\"pl-PL\",\"potentialAction\":[{\"@type\":\"ReadAction\",\"target\":[\"https:\/\/ironsky.pl\/sklep\/produkt\/gimbal-dji-rs-4-combo\/\"]}]},{\"@type\":\"ImageObject\",\"inLanguage\":\"pl-PL\",\"@id\":\"https:\/\/ironsky.pl\/sklep\/produkt\/gimbal-dji-rs-4-combo\/#primaryimage\",\"url\":\"https:\/\/ironsky.pl\/sklep\/wp-content\/uploads\/2026\/04\/41878_2.jpg\",\"contentUrl\":\"https:\/\/ironsky.pl\/sklep\/wp-content\/uploads\/2026\/04\/41878_2.jpg\",\"width\":800,\"height\":800},{\"@type\":\"BreadcrumbList\",\"@id\":\"https:\/\/ironsky.pl\/sklep\/produkt\/gimbal-dji-rs-4-combo\/#breadcrumb\",\"itemListElement\":[{\"@type\":\"ListItem\",\"position\":1,\"name\":\"Strona g\u0142\u00f3wna\",\"item\":\"https:\/\/ironsky.pl\/sklep\/\"},{\"@type\":\"ListItem\",\"position\":2,\"name\":\"Wszystkie produkty\",\"item\":\"https:\/\/ironsky.pl\/sklep\/produkty\/\"},{\"@type\":\"ListItem\",\"position\":3,\"name\":\"Gimbal DJI RS 4 Combo\"}]},{\"@type\":\"WebSite\",\"@id\":\"https:\/\/ironsky.pl\/sklep\/#website\",\"url\":\"https:\/\/ironsky.pl\/sklep\/\",\"name\":\"IRONSKY.PL Sklep z Dronami\",\"description\":\"IRONSKY.PL Sklep z Dronami\",\"potentialAction\":[{\"@type\":\"SearchAction\",\"target\":{\"@type\":\"EntryPoint\",\"urlTemplate\":\"https:\/\/ironsky.pl\/sklep\/?s={search_term_string}\"},\"query-input\":{\"@type\":\"PropertyValueSpecification\",\"valueRequired\":true,\"valueName\":\"search_term_string\"}}],\"inLanguage\":\"pl-PL\"}]}<\/script>\n<!-- \/ Yoast SEO plugin. -->","yoast_head_json":{"title":"Gimbal DJI RS 4 Combo - IRONSKY.PL Sklep z Dronami","description":"Gimbal DJI RS 4 Combo - \u2705 sklep z dronami i fachowym doradztwem. \u2705 Tutaj kupisz produkty DJI, Yuneec, Parrot, Syma i wiele innych, a tak\u017ce kursy i licencje na operatora drona.","robots":{"index":"index","follow":"follow","max-snippet":"max-snippet:-1","max-image-preview":"max-image-preview:large","max-video-preview":"max-video-preview:-1"},"canonical":"https:\/\/ironsky.pl\/sklep\/produkt\/gimbal-dji-rs-4-combo\/","og_locale":"pl_PL","og_type":"article","og_title":"Gimbal DJI RS 4 Combo - IRONSKY.PL Sklep z Dronami","og_description":"Gimbal DJI RS 4 Combo - \u2705 sklep z dronami i fachowym doradztwem. \u2705 Tutaj kupisz produkty DJI, Yuneec, Parrot, Syma i wiele innych, a tak\u017ce kursy i licencje na operatora drona.","og_url":"https:\/\/ironsky.pl\/sklep\/produkt\/gimbal-dji-rs-4-combo\/","og_site_name":"IRONSKY.PL Sklep z Dronami","article_modified_time":"2026-04-15T08:34:07+00:00","og_image":[{"width":800,"height":800,"url":"https:\/\/ironsky.pl\/sklep\/wp-content\/uploads\/2026\/04\/41878_2.jpg","type":"image\/jpeg"}],"twitter_card":"summary_large_image","twitter_misc":{"Szacowany czas czytania":"5 minut"},"schema":{"@context":"https:\/\/schema.org","@graph":[{"@type":"WebPage","@id":"https:\/\/ironsky.pl\/sklep\/produkt\/gimbal-dji-rs-4-combo\/","url":"https:\/\/ironsky.pl\/sklep\/produkt\/gimbal-dji-rs-4-combo\/","name":"Gimbal DJI RS 4 Combo - IRONSKY.PL Sklep z Dronami","isPartOf":{"@id":"https:\/\/ironsky.pl\/sklep\/#website"},"primaryImageOfPage":{"@id":"https:\/\/ironsky.pl\/sklep\/produkt\/gimbal-dji-rs-4-combo\/#primaryimage"},"image":{"@id":"https:\/\/ironsky.pl\/sklep\/produkt\/gimbal-dji-rs-4-combo\/#primaryimage"},"thumbnailUrl":"https:\/\/ironsky.pl\/sklep\/wp-content\/uploads\/2026\/04\/41878_2.jpg","datePublished":"2026-04-15T08:33:57+00:00","dateModified":"2026-04-15T08:34:07+00:00","description":"Gimbal DJI RS 4 Combo - \u2705 sklep z dronami i fachowym doradztwem. \u2705 Tutaj kupisz produkty DJI, Yuneec, Parrot, Syma i wiele innych, a tak\u017ce kursy i licencje na operatora drona.","breadcrumb":{"@id":"https:\/\/ironsky.pl\/sklep\/produkt\/gimbal-dji-rs-4-combo\/#breadcrumb"},"inLanguage":"pl-PL","potentialAction":[{"@type":"ReadAction","target":["https:\/\/ironsky.pl\/sklep\/produkt\/gimbal-dji-rs-4-combo\/"]}]},{"@type":"ImageObject","inLanguage":"pl-PL","@id":"https:\/\/ironsky.pl\/sklep\/produkt\/gimbal-dji-rs-4-combo\/#primaryimage","url":"https:\/\/ironsky.pl\/sklep\/wp-content\/uploads\/2026\/04\/41878_2.jpg","contentUrl":"https:\/\/ironsky.pl\/sklep\/wp-content\/uploads\/2026\/04\/41878_2.jpg","width":800,"height":800},{"@type":"BreadcrumbList","@id":"https:\/\/ironsky.pl\/sklep\/produkt\/gimbal-dji-rs-4-combo\/#breadcrumb","itemListElement":[{"@type":"ListItem","position":1,"name":"Strona g\u0142\u00f3wna","item":"https:\/\/ironsky.pl\/sklep\/"},{"@type":"ListItem","position":2,"name":"Wszystkie produkty","item":"https:\/\/ironsky.pl\/sklep\/produkty\/"},{"@type":"ListItem","position":3,"name":"Gimbal DJI RS 4 Combo"}]},{"@type":"WebSite","@id":"https:\/\/ironsky.pl\/sklep\/#website","url":"https:\/\/ironsky.pl\/sklep\/","name":"IRONSKY.PL Sklep z Dronami","description":"IRONSKY.PL Sklep z Dronami","potentialAction":[{"@type":"SearchAction","target":{"@type":"EntryPoint","urlTemplate":"https:\/\/ironsky.pl\/sklep\/?s={search_term_string}"},"query-input":{"@type":"PropertyValueSpecification","valueRequired":true,"valueName":"search_term_string"}}],"inLanguage":"pl-PL"}]}},"_links":{"self":[{"href":"https:\/\/ironsky.pl\/sklep\/wp-json\/wp\/v2\/product\/58179","targetHints":{"allow":["GET"]}}],"collection":[{"href":"https:\/\/ironsky.pl\/sklep\/wp-json\/wp\/v2\/product"}],"about":[{"href":"https:\/\/ironsky.pl\/sklep\/wp-json\/wp\/v2\/types\/product"}],"replies":[{"embeddable":true,"href":"https:\/\/ironsky.pl\/sklep\/wp-json\/wp\/v2\/comments?post=58179"}],"wp:featuredmedia":[{"embeddable":true,"href":"https:\/\/ironsky.pl\/sklep\/wp-json\/wp\/v2\/media\/58180"}],"wp:attachment":[{"href":"https:\/\/ironsky.pl\/sklep\/wp-json\/wp\/v2\/media?parent=58179"}],"wp:term":[{"taxonomy":"product_brand","embeddable":true,"href":"https:\/\/ironsky.pl\/sklep\/wp-json\/wp\/v2\/product_brand?post=58179"},{"taxonomy":"product_cat","embeddable":true,"href":"https:\/\/ironsky.pl\/sklep\/wp-json\/wp\/v2\/product_cat?post=58179"},{"taxonomy":"product_tag","embeddable":true,"href":"https:\/\/ironsky.pl\/sklep\/wp-json\/wp\/v2\/product_tag?post=58179"}],"curies":[{"name":"wp","href":"https:\/\/api.w.org\/{rel}","templated":true}]}}