{"id":58169,"date":"2026-04-15T10:33:57","date_gmt":"2026-04-15T08:33:57","guid":{"rendered":"https:\/\/ironsky.pl\/sklep\/produkt\/hub-ugreen-revodok-cm418-5w1-szary\/"},"modified":"2026-04-15T10:34:01","modified_gmt":"2026-04-15T08:34:01","slug":"hub-ugreen-revodok-cm418-5w1-szary","status":"publish","type":"product","link":"https:\/\/ironsky.pl\/sklep\/produkt\/hub-ugreen-revodok-cm418-5w1-szary\/","title":{"rendered":"Hub UGREEN Revodok CM418 5w1 (szary)"},"content":{"rendered":"<h3>Hub \/ Adapter Ugreen CM418 USB-C do 2x USB, HDMI 4K 30 Hz, RJ45 1Gbps, PD 100W (szary)<\/h3>\n<\/p>\n<p>Rozszerz mo\u017cliwo\u015bci swojego komputera. Adapter Ugreen CM418 oddaje do Twojej dyspozycji a\u017c 5 port\u00f3w \u2013 port szybkiego \u0142adowania USB-C PD, 2 porty USB-A 3.0, port HDMI obs\u0142uguj\u0105cy wy\u015bwietlanie obraz\u00f3w w rozdzielczo\u015bci 4K oraz port RJ45, kt\u00f3ry pozwala na stabilne po\u0142\u0105czenie z Internetem (do 1000 Mbps). Produkt wyr\u00f3\u017cnia si\u0119 tak\u017ce szerok\u0105 kompatybilno\u015bci\u0105.<\/p>\n<\/p>\n<p>\n<img decoding=\"async\" src=\"https:\/\/assets.innpro.pl\/5382\/6304\/1.jpg\" border=\"0\" \/>\n<\/p>\n<h3>Niezawodne po\u0142\u0105czenie z Internetem<\/h3>\n<\/p>\n<p>Ciesz si\u0119 szybkim po\u0142\u0105czeniem, kiedy pracujesz, przegl\u0105dasz media spo\u0142eczno\u015bciowe, ogl\u0105dasz filmy lub grasz w gry. Adapter zosta\u0142 wyposa\u017cony w port RJ45, kt\u00f3ry zapewnia imponuj\u0105c\u0105 pr\u0119dko\u015b\u0107 na poziomie nawet 1000 Mbps. Zapomnij o op\u00f3\u017anieniach, wolnym pobieraniu plik\u00f3w czy uci\u0105\u017cliwym buforowaniu wideo!<\/p>\n<\/p>\n<p>\n<img decoding=\"async\" src=\"https:\/\/assets.innpro.pl\/5382\/6304\/6.jpg\" border=\"0\" \/>\n<\/p>\n<h3>Wysoka jako\u015b\u0107 obrazu<\/h3>\n<\/p>\n<p>Przygotuj si\u0119 na prawdziw\u0105 wizualn\u0105 uczt\u0119. Port HDMI adaptera umo\u017cliwia wy\u015bwietlanie obrazu w wysokiej rozdzielczo\u015bci 4K, dzi\u0119ki czemu ogl\u0105dane materia\u0142y wideo b\u0119d\u0105 idealnie p\u0142ynne, wyra\u017ane i nasycone szczeg\u00f3\u0142ami. To jednak nie wszystko. Produkt oddaje do Twojej dyspozycji dwa tryby wy\u015bwietlania \u2013 kopia lustrzana lub rozszerzenie obrazu z monitora na telewizor czy projektor.<\/p>\n<\/p>\n<p>\n<img decoding=\"async\" src=\"https:\/\/assets.innpro.pl\/5382\/6304\/3.jpg\" border=\"0\" \/>\n<\/p>\n<h3>Szybkie \u0142adowanie PD<\/h3>\n<\/p>\n<p>Nie obawiaj si\u0119, \u017ce Tw\u00f3j laptop odm\u00f3wi Ci pos\u0142usze\u0144stwa podczas pracy lub w kluczowym momencie rozgrywki. Adapter zosta\u0142 wyposa\u017cony w port USB-C, kt\u00f3ry obs\u0142uguje szybkie \u0142adowanie PD 100 W. Mo\u017cesz wi\u0119c w mgnieniu oka na\u0142adowa\u0107 niezb\u0119dny sprz\u0119t i cieszy\u0107 si\u0119 jego niezawodn\u0105 prac\u0105!<\/p>\n<\/p>\n<p>\n<img decoding=\"async\" src=\"https:\/\/assets.innpro.pl\/5382\/6304\/2.jpg\" border=\"0\" \/>\n<\/p>\n<h3>2 porty USB-A 3.0<\/h3>\n<\/p>\n<p>Cz\u0119sto przesy\u0142asz pliki mi\u0119dzy urz\u0105dzeniami? Adapter Ugreen przyda Ci si\u0119 r\u00f3wnie\u017c do tego! Porty USB-A 3.0 urz\u0105dzenia pozwalaj\u0105 na szybki transfer danych z pr\u0119dko\u015bci\u0105 do 5 Gbps. Zapomnij o d\u0142ugim oczekiwaniu! Co wi\u0119cej, gniazda USB-A umo\u017cliwiaj\u0105 tak\u017ce pod\u0142\u0105czanie dodatkowych sprz\u0119t\u00f3w do laptopa, komputera lub smartfona z funkcj\u0105 OTG. Za ich pomoc\u0105 bez trudu podepniesz na przyk\u0142ad mysz, dysk twardy albo klawiatur\u0119!<\/p>\n<\/p>\n<p>\n<img decoding=\"async\" src=\"https:\/\/assets.innpro.pl\/5382\/6304\/5.jpg\" border=\"0\" \/>\n<\/p>\n<h3>Szeroka kompatybilno\u015b\u0107<\/h3>\n<\/p>\n<p>Adapter Ugreen jest kompatybilny z wieloma r\u00f3\u017cnymi urz\u0105dzeniami, takimi jak na przyk\u0142ad laptopy, komputery, tablety, a nawet smartfony. Bez problemu wsp\u00f3\u0142pracuje r\u00f3wnie\u017c z popularnymi systemami operacyjnymi, w tym macOS, Windows i Linux. Wystarczy pod\u0142\u0105czy\u0107 go do wybranego sprz\u0119tu za pomoc\u0105 zintegrowanego kabla USB-C!<\/p>\n<\/p>\n<p>\n<img decoding=\"async\" src=\"https:\/\/assets.innpro.pl\/5382\/6304\/4.jpg\" border=\"0\" \/>\n<\/p>\n<div class=\"table-wrapper\">\n<p>\u00a0<\/p>\n<h3><\/h3>\n<table>\n<tbody>\n<tr>\n<th>Producent<\/th>\n<td>UGREEN<\/td>\n<\/tr>\n<tr>\n<th>Model<\/th>\n<td>10919B<\/td>\n<\/tr>\n<tr>\n<th>Dost\u0119pne porty<\/th>\n<td>2x USB 3.0, 1x USB-C, 1x RJ45, 1x HDMI<\/td>\n<\/tr>\n<tr>\n<th>Maks. rozdzielczo\u015b\u0107 wideo<\/th>\n<td>4K<\/td>\n<\/tr>\n<tr>\n<th>Pr\u0119dko\u015b\u0107 transmisji (Ethernet)<\/th>\n<td>Do 1000 Mbps<\/td>\n<\/tr>\n<tr>\n<th>Moc \u0142adowania (USB-C)<\/th>\n<td>PD 100 W maks.<\/td>\n<\/tr>\n<tr>\n<th>Pr\u0119dko\u015b\u0107 transmisji (USB-A)<\/th>\n<td>Do 5 Gbps<\/td>\n<\/tr>\n<tr>\n<th>Materia\u0142<\/th>\n<td>Aluminium + PVC<\/td>\n<\/tr>\n<tr>\n<th>D\u0142ugo\u015b\u0107 kabla<\/th>\n<td>20 cm<\/td>\n<\/tr>\n<tr>\n<th>Kompatybilno\u015b\u0107<\/th>\n<td>macOS, Windows, Linux<\/td>\n<\/tr>\n<\/tbody>\n<\/table>\n<\/div>\n","protected":false},"excerpt":{"rendered":"<p>Hub \/ Adapter Ugreen CM418 USB-C do 2x USB, HDMI 4K 30 Hz, RJ45 1Gbps, PD 100W (szary) Rozszerz mo\u017cliwo\u015bci<\/p>\n","protected":false},"featured_media":44592,"comment_status":"closed","ping_status":"open","template":"","meta":{"_acf_changed":false},"product_brand":[],"product_cat":[5929,5934],"product_tag":[],"class_list":{"0":"post-58169","1":"product","2":"type-product","3":"status-publish","4":"has-post-thumbnail","6":"product_cat-akcesoria-it","7":"product_cat-huby","8":"pa_okres-gwarancji-5757","9":"pa_producent-ugreen","11":"first","12":"outofstock","13":"taxable","14":"shipping-taxable","15":"purchasable","16":"product-type-simple"},"acf":[],"yoast_head":"<!-- This site is optimized with the Yoast SEO plugin v27.2 - https:\/\/yoast.com\/product\/yoast-seo-wordpress\/ -->\n<title>Hub UGREEN Revodok CM418 5w1 (szary) - IRONSKY.PL Sklep z Dronami<\/title>\n<meta name=\"description\" content=\"Hub UGREEN Revodok CM418 5w1 (szary) - \u2705 sklep z dronami i fachowym doradztwem. \u2705 Tutaj kupisz produkty DJI, Yuneec, Parrot, Syma i wiele innych, a tak\u017ce kursy i licencje na operatora drona.\" \/>\n<meta name=\"robots\" content=\"index, follow, max-snippet:-1, max-image-preview:large, max-video-preview:-1\" \/>\n<link rel=\"canonical\" href=\"https:\/\/ironsky.pl\/sklep\/produkt\/hub-ugreen-revodok-cm418-5w1-szary\/\" \/>\n<meta property=\"og:locale\" content=\"pl_PL\" \/>\n<meta property=\"og:type\" content=\"article\" \/>\n<meta property=\"og:title\" content=\"Hub UGREEN Revodok CM418 5w1 (szary) - IRONSKY.PL Sklep z Dronami\" \/>\n<meta property=\"og:description\" content=\"Hub UGREEN Revodok CM418 5w1 (szary) - \u2705 sklep z dronami i fachowym doradztwem. \u2705 Tutaj kupisz produkty DJI, Yuneec, Parrot, Syma i wiele innych, a tak\u017ce kursy i licencje na operatora drona.\" \/>\n<meta property=\"og:url\" content=\"https:\/\/ironsky.pl\/sklep\/produkt\/hub-ugreen-revodok-cm418-5w1-szary\/\" \/>\n<meta property=\"og:site_name\" content=\"IRONSKY.PL Sklep z Dronami\" \/>\n<meta property=\"article:modified_time\" content=\"2026-04-15T08:34:01+00:00\" \/>\n<meta property=\"og:image\" content=\"https:\/\/ironsky.pl\/sklep\/wp-content\/uploads\/2025\/06\/41759_1.jpg\" \/>\n\t<meta property=\"og:image:width\" content=\"800\" \/>\n\t<meta property=\"og:image:height\" content=\"800\" \/>\n\t<meta property=\"og:image:type\" content=\"image\/jpeg\" \/>\n<meta name=\"twitter:card\" content=\"summary_large_image\" \/>\n<meta name=\"twitter:label1\" content=\"Szacowany czas czytania\" \/>\n\t<meta name=\"twitter:data1\" content=\"2 minuty\" \/>\n<script type=\"application\/ld+json\" class=\"yoast-schema-graph\">{\"@context\":\"https:\/\/schema.org\",\"@graph\":[{\"@type\":\"WebPage\",\"@id\":\"https:\/\/ironsky.pl\/sklep\/produkt\/hub-ugreen-revodok-cm418-5w1-szary\/\",\"url\":\"https:\/\/ironsky.pl\/sklep\/produkt\/hub-ugreen-revodok-cm418-5w1-szary\/\",\"name\":\"Hub UGREEN Revodok CM418 5w1 (szary) - IRONSKY.PL Sklep z Dronami\",\"isPartOf\":{\"@id\":\"https:\/\/ironsky.pl\/sklep\/#website\"},\"primaryImageOfPage\":{\"@id\":\"https:\/\/ironsky.pl\/sklep\/produkt\/hub-ugreen-revodok-cm418-5w1-szary\/#primaryimage\"},\"image\":{\"@id\":\"https:\/\/ironsky.pl\/sklep\/produkt\/hub-ugreen-revodok-cm418-5w1-szary\/#primaryimage\"},\"thumbnailUrl\":\"https:\/\/ironsky.pl\/sklep\/wp-content\/uploads\/2025\/06\/41759_1.jpg\",\"datePublished\":\"2026-04-15T08:33:57+00:00\",\"dateModified\":\"2026-04-15T08:34:01+00:00\",\"description\":\"Hub UGREEN Revodok CM418 5w1 (szary) - \u2705 sklep z dronami i fachowym doradztwem. \u2705 Tutaj kupisz produkty DJI, Yuneec, Parrot, Syma i wiele innych, a tak\u017ce kursy i licencje na operatora drona.\",\"breadcrumb\":{\"@id\":\"https:\/\/ironsky.pl\/sklep\/produkt\/hub-ugreen-revodok-cm418-5w1-szary\/#breadcrumb\"},\"inLanguage\":\"pl-PL\",\"potentialAction\":[{\"@type\":\"ReadAction\",\"target\":[\"https:\/\/ironsky.pl\/sklep\/produkt\/hub-ugreen-revodok-cm418-5w1-szary\/\"]}]},{\"@type\":\"ImageObject\",\"inLanguage\":\"pl-PL\",\"@id\":\"https:\/\/ironsky.pl\/sklep\/produkt\/hub-ugreen-revodok-cm418-5w1-szary\/#primaryimage\",\"url\":\"https:\/\/ironsky.pl\/sklep\/wp-content\/uploads\/2025\/06\/41759_1.jpg\",\"contentUrl\":\"https:\/\/ironsky.pl\/sklep\/wp-content\/uploads\/2025\/06\/41759_1.jpg\",\"width\":800,\"height\":800},{\"@type\":\"BreadcrumbList\",\"@id\":\"https:\/\/ironsky.pl\/sklep\/produkt\/hub-ugreen-revodok-cm418-5w1-szary\/#breadcrumb\",\"itemListElement\":[{\"@type\":\"ListItem\",\"position\":1,\"name\":\"Strona g\u0142\u00f3wna\",\"item\":\"https:\/\/ironsky.pl\/sklep\/\"},{\"@type\":\"ListItem\",\"position\":2,\"name\":\"Wszystkie produkty\",\"item\":\"https:\/\/ironsky.pl\/sklep\/produkty\/\"},{\"@type\":\"ListItem\",\"position\":3,\"name\":\"Hub UGREEN Revodok CM418 5w1 (szary)\"}]},{\"@type\":\"WebSite\",\"@id\":\"https:\/\/ironsky.pl\/sklep\/#website\",\"url\":\"https:\/\/ironsky.pl\/sklep\/\",\"name\":\"IRONSKY.PL Sklep z Dronami\",\"description\":\"IRONSKY.PL Sklep z Dronami\",\"potentialAction\":[{\"@type\":\"SearchAction\",\"target\":{\"@type\":\"EntryPoint\",\"urlTemplate\":\"https:\/\/ironsky.pl\/sklep\/?s={search_term_string}\"},\"query-input\":{\"@type\":\"PropertyValueSpecification\",\"valueRequired\":true,\"valueName\":\"search_term_string\"}}],\"inLanguage\":\"pl-PL\"}]}<\/script>\n<!-- \/ Yoast SEO plugin. -->","yoast_head_json":{"title":"Hub UGREEN Revodok CM418 5w1 (szary) - IRONSKY.PL Sklep z Dronami","description":"Hub UGREEN Revodok CM418 5w1 (szary) - \u2705 sklep z dronami i fachowym doradztwem. \u2705 Tutaj kupisz produkty DJI, Yuneec, Parrot, Syma i wiele innych, a tak\u017ce kursy i licencje na operatora drona.","robots":{"index":"index","follow":"follow","max-snippet":"max-snippet:-1","max-image-preview":"max-image-preview:large","max-video-preview":"max-video-preview:-1"},"canonical":"https:\/\/ironsky.pl\/sklep\/produkt\/hub-ugreen-revodok-cm418-5w1-szary\/","og_locale":"pl_PL","og_type":"article","og_title":"Hub UGREEN Revodok CM418 5w1 (szary) - IRONSKY.PL Sklep z Dronami","og_description":"Hub UGREEN Revodok CM418 5w1 (szary) - \u2705 sklep z dronami i fachowym doradztwem. \u2705 Tutaj kupisz produkty DJI, Yuneec, Parrot, Syma i wiele innych, a tak\u017ce kursy i licencje na operatora drona.","og_url":"https:\/\/ironsky.pl\/sklep\/produkt\/hub-ugreen-revodok-cm418-5w1-szary\/","og_site_name":"IRONSKY.PL Sklep z Dronami","article_modified_time":"2026-04-15T08:34:01+00:00","og_image":[{"width":800,"height":800,"url":"https:\/\/ironsky.pl\/sklep\/wp-content\/uploads\/2025\/06\/41759_1.jpg","type":"image\/jpeg"}],"twitter_card":"summary_large_image","twitter_misc":{"Szacowany czas czytania":"2 minuty"},"schema":{"@context":"https:\/\/schema.org","@graph":[{"@type":"WebPage","@id":"https:\/\/ironsky.pl\/sklep\/produkt\/hub-ugreen-revodok-cm418-5w1-szary\/","url":"https:\/\/ironsky.pl\/sklep\/produkt\/hub-ugreen-revodok-cm418-5w1-szary\/","name":"Hub UGREEN Revodok CM418 5w1 (szary) - IRONSKY.PL Sklep z Dronami","isPartOf":{"@id":"https:\/\/ironsky.pl\/sklep\/#website"},"primaryImageOfPage":{"@id":"https:\/\/ironsky.pl\/sklep\/produkt\/hub-ugreen-revodok-cm418-5w1-szary\/#primaryimage"},"image":{"@id":"https:\/\/ironsky.pl\/sklep\/produkt\/hub-ugreen-revodok-cm418-5w1-szary\/#primaryimage"},"thumbnailUrl":"https:\/\/ironsky.pl\/sklep\/wp-content\/uploads\/2025\/06\/41759_1.jpg","datePublished":"2026-04-15T08:33:57+00:00","dateModified":"2026-04-15T08:34:01+00:00","description":"Hub UGREEN Revodok CM418 5w1 (szary) - \u2705 sklep z dronami i fachowym doradztwem. \u2705 Tutaj kupisz produkty DJI, Yuneec, Parrot, Syma i wiele innych, a tak\u017ce kursy i licencje na operatora drona.","breadcrumb":{"@id":"https:\/\/ironsky.pl\/sklep\/produkt\/hub-ugreen-revodok-cm418-5w1-szary\/#breadcrumb"},"inLanguage":"pl-PL","potentialAction":[{"@type":"ReadAction","target":["https:\/\/ironsky.pl\/sklep\/produkt\/hub-ugreen-revodok-cm418-5w1-szary\/"]}]},{"@type":"ImageObject","inLanguage":"pl-PL","@id":"https:\/\/ironsky.pl\/sklep\/produkt\/hub-ugreen-revodok-cm418-5w1-szary\/#primaryimage","url":"https:\/\/ironsky.pl\/sklep\/wp-content\/uploads\/2025\/06\/41759_1.jpg","contentUrl":"https:\/\/ironsky.pl\/sklep\/wp-content\/uploads\/2025\/06\/41759_1.jpg","width":800,"height":800},{"@type":"BreadcrumbList","@id":"https:\/\/ironsky.pl\/sklep\/produkt\/hub-ugreen-revodok-cm418-5w1-szary\/#breadcrumb","itemListElement":[{"@type":"ListItem","position":1,"name":"Strona g\u0142\u00f3wna","item":"https:\/\/ironsky.pl\/sklep\/"},{"@type":"ListItem","position":2,"name":"Wszystkie produkty","item":"https:\/\/ironsky.pl\/sklep\/produkty\/"},{"@type":"ListItem","position":3,"name":"Hub UGREEN Revodok CM418 5w1 (szary)"}]},{"@type":"WebSite","@id":"https:\/\/ironsky.pl\/sklep\/#website","url":"https:\/\/ironsky.pl\/sklep\/","name":"IRONSKY.PL Sklep z Dronami","description":"IRONSKY.PL Sklep z Dronami","potentialAction":[{"@type":"SearchAction","target":{"@type":"EntryPoint","urlTemplate":"https:\/\/ironsky.pl\/sklep\/?s={search_term_string}"},"query-input":{"@type":"PropertyValueSpecification","valueRequired":true,"valueName":"search_term_string"}}],"inLanguage":"pl-PL"}]}},"_links":{"self":[{"href":"https:\/\/ironsky.pl\/sklep\/wp-json\/wp\/v2\/product\/58169","targetHints":{"allow":["GET"]}}],"collection":[{"href":"https:\/\/ironsky.pl\/sklep\/wp-json\/wp\/v2\/product"}],"about":[{"href":"https:\/\/ironsky.pl\/sklep\/wp-json\/wp\/v2\/types\/product"}],"replies":[{"embeddable":true,"href":"https:\/\/ironsky.pl\/sklep\/wp-json\/wp\/v2\/comments?post=58169"}],"wp:featuredmedia":[{"embeddable":true,"href":"https:\/\/ironsky.pl\/sklep\/wp-json\/wp\/v2\/media\/44592"}],"wp:attachment":[{"href":"https:\/\/ironsky.pl\/sklep\/wp-json\/wp\/v2\/media?parent=58169"}],"wp:term":[{"taxonomy":"product_brand","embeddable":true,"href":"https:\/\/ironsky.pl\/sklep\/wp-json\/wp\/v2\/product_brand?post=58169"},{"taxonomy":"product_cat","embeddable":true,"href":"https:\/\/ironsky.pl\/sklep\/wp-json\/wp\/v2\/product_cat?post=58169"},{"taxonomy":"product_tag","embeddable":true,"href":"https:\/\/ironsky.pl\/sklep\/wp-json\/wp\/v2\/product_tag?post=58169"}],"curies":[{"name":"wp","href":"https:\/\/api.w.org\/{rel}","templated":true}]}}