{"id":58163,"date":"2026-04-15T10:33:17","date_gmt":"2026-04-15T08:33:17","guid":{"rendered":"https:\/\/ironsky.pl\/sklep\/produkt\/drukarka-3d-creality-k1-max-2\/"},"modified":"2026-04-15T10:33:53","modified_gmt":"2026-04-15T08:33:53","slug":"drukarka-3d-creality-k1-max-2","status":"publish","type":"product","link":"https:\/\/ironsky.pl\/sklep\/produkt\/drukarka-3d-creality-k1-max-2\/","title":{"rendered":"Drukarka 3D CREALITY K1 Max"},"content":{"rendered":"<h3>Drukarka 3D Creality K1 MAX<\/h3>\n<p>Drukarka 3D Creality K1 Max rewolucjonizuje bran\u017c\u0119 druku 3D, oferuj\u0105c pr\u0119dko\u015b\u0107 drukowania dwunastokrotnie wi\u0119ksz\u0105 ni\u017c standardowe urz\u0105dzenia FDM. Wyposa\u017cona w nowatorskie technologie takie jak lekka g\u0142owica drukuj\u0105ca Core XY, inteligentny system operacyjny Creality oraz zaawansowany system monitorowania, K1 Max zapewnia wydajno\u015b\u0107, precyzj\u0119 i \u0142atwo\u015b\u0107 u\u017cytkowania. Odkryj innowacyjne rozwi\u0105zania, kt\u00f3re pozwol\u0105 Ci przekroczy\u0107 granice tradycyjnego drukowania 3D.<\/p>\n<p>\n<img decoding=\"async\" src=\"https:\/\/assets.innpro.pl\/3981\/4412\/2.jpg\" border=\"0\" \/>\n<\/p>\n<h3>Zwinna i precyzyjna g\u0142owica drukuj\u0105ca<\/h3>\n<p>K1 Max \u0142\u0105czy w sobie zwinno\u015b\u0107 i precyzj\u0119 dzi\u0119ki lekkiej g\u0142owicy drukuj\u0105cej o wadze 190 g, co gwarantuje mniejsz\u0105 bezw\u0142adno\u015b\u0107 ruchu. Ta innowacyjna konstrukcja pozwala na szybsze i dok\u0142adniejsze drukowanie, eliminuj\u0105c wibracje i zwi\u0119kszaj\u0105c og\u00f3ln\u0105 jako\u015b\u0107 wydruku. Dodatkowo ulepszona o\u015b Z z precyzyjnym pozycjonowaniem minimalizuje efekt Z-banding, zapewniaj\u0105c g\u0142adkie i r\u00f3wnomierne warstwy.<\/p>\n<p>\n<img decoding=\"async\" src=\"https:\/\/assets.innpro.pl\/3981\/4412\/1.jpg\" border=\"0\" \/>\n<\/p>\n<h3>Zaawansowany monitoring i LiDAR<\/h3>\n<p>K1 Max rewolucjonizuje proces drukowania dzi\u0119ki zastosowaniu LiDAR o rozdzielczo\u015bci 1 nanometra do skanowania pierwszej warstwy oraz kamery AI do monitorowania ca\u0142ego procesu. Urz\u0105dzenie natychmiast informuje o b\u0142\u0119dach takich jak spaghetti failure czy obecno\u015b\u0107 cia\u0142 obcych, umo\u017cliwiaj\u0105c szybk\u0105 interwencj\u0119. Spaghetti failure jest to b\u0142\u0105d druku wynikaj\u0105cy z utraty przyczepno\u015bci drukowanego obiektu do jego podstawy &#8211; skutkuje to sk\u0142\u0119bionymi wi\u0105zkami filamentu, kt\u00f3re przypominaj\u0105 spaghetti. Urz\u0105dzenie zaalarmuje ci\u0119, gdy wyst\u0105pi b\u0142\u0105d. System pozwala na monitorowanie post\u0119pu drukowania w czasie rzeczywistym i tworzenie film\u00f3w time-lapse.<\/p>\n<p>\n<img decoding=\"async\" src=\"https:\/\/assets.innpro.pl\/3981\/4412\/9.jpg\" border=\"0\" \/>\n<\/p>\n<h3>Nowatorska technologia grzewcza i ch\u0142odz\u0105ca<\/h3>\n<p>Nowa grza\u0142ka ceramiczna K1 Max rozgrzewa filament do 200\u00b0C w zaledwie 40 sekund, a dodatkowy wentylator o mocy 18 W efektywnie poprawia ch\u0142odzenie. Technologia Dual Cooling umo\u017cliwia tworzenie skomplikowanych most\u00f3w i nawis\u00f3w bez potrzeby stosowania podp\u00f3r, dzi\u0119ki czemu modele stwardniej\u0105, zanim dojdzie do wypacze\u0144.<\/p>\n<p>\n<img decoding=\"async\" src=\"https:\/\/assets.innpro.pl\/3981\/4412\/7.jpg\" border=\"0\" \/>\n<\/p>\n<h3>Inteligentny system operacyjny<\/h3>\n<p>K1 Max wykorzystuje inteligentny system operacyjny Creality, kt\u00f3ry zapewnia prosty interfejs u\u017cytkownika oraz synchronizacj\u0119 danych i polece\u0144 z r\u00f3\u017cnymi urz\u0105dzeniami i chmur\u0105. Dzi\u0119ki dwurdzeniowemu procesorowi 1,2 Hz oraz pami\u0119ci ROM 8G, urz\u0105dzenie obs\u0142uguje szybkie drukowanie i przechowuje do 400 modeli, umo\u017cliwiaj\u0105c efektywny zapis i odczyt danych.<\/p>\n<p>\n<img decoding=\"async\" src=\"https:\/\/assets.innpro.pl\/3981\/4412\/5.jpg\" border=\"0\" \/>\n<\/p>\n<h3>\u0141atwo\u015b\u0107 u\u017cytkowania i niezawodno\u015b\u0107<\/h3>\n<p>Creality K1 Max jest dostarczana w stanie zmontowanym i skalibrowanym, co znacz\u0105co upraszcza proces rozpocz\u0119cia pracy. Naci\u015bni\u0119cie jednego przycisku aktywuje autotest, kt\u00f3ry sprawdza wszystkie kluczowe elementy, w tym wyt\u0142aczark\u0119, st\u00f3\u0142 grzewczy, kamer\u0119, wentylator i poziomowanie.\u00a0<\/p>\n<p>\n<img decoding=\"async\" src=\"https:\/\/assets.innpro.pl\/3981\/4412\/8.jpg\" border=\"0\" \/>\n<\/p>\n<div class=\"table-wrapper\">\n<p>\u00a0<\/p>\n<h3><\/h3>\n<table>\n<tbody>\n<tr>\n<th>Marka <\/th>\n<td>Creality <\/td>\n<\/tr>\n<tr>\n<th>Model <\/th>\n<td>K1 max <\/td>\n<\/tr>\n<tr>\n<th>Technologia druku <\/th>\n<td>FDM <\/td>\n<\/tr>\n<tr>\n<th>Obj\u0119to\u015b\u0107 projektu <\/th>\n<td>300 x 300 x 300 mm<\/td>\n<\/tr>\n<tr>\n<th>Wymiary produktu <\/th>\n<td>435 x 462 x 526 mm<\/td>\n<\/tr>\n<tr>\n<th>Waga urz\u0105dzenia <\/th>\n<td>18kg <\/td>\n<\/tr>\n<tr>\n<th>Pr\u0119dko\u015b\u0107 drukowania <\/th>\n<td><600mm\/s <\/td>\n<\/tr>\n<tr>\n<th>Przyspieszenie <\/th>\n<td><20000mm\/s2<\/td>\n<\/tr>\n<tr>\n<th>Dok\u0142adno\u015b\u0107 drukowania <\/th>\n<td>100\u00b10.1mm<\/td>\n<\/tr>\n<tr>\n<th>Wysoko\u015b\u0107 warstwy <\/th>\n<td>0.1-0.35 mm<\/td>\n<\/tr>\n<tr>\n<th>Wyt\u0142aczarka <\/th>\n<td>Z nap\u0119dem bezpo\u015brednim z podw\u00f3jn\u0105 przek\u0142adni\u0105<\/td>\n<\/tr>\n<tr>\n<th>\u015arednica filamentu<\/th>\n<td>1.75mm<\/td>\n<\/tr>\n<tr>\n<th>\u015arednica dyszy<\/th>\n<td>0.4mm<\/td>\n<\/tr>\n<tr>\n<th>Temperatura dyszy<\/th>\n<td><300\u00b0C<\/td>\n<\/tr>\n<tr>\n<th>Temperatura podgrzewanego sto\u0142u<\/th>\n<td><110\u00b0C<\/td>\n<\/tr>\n<tr>\n<th>Powierzchnia budowy <\/th>\n<td>Elastyczna p\u0142yta konstrukcyjna <\/td>\n<\/tr>\n<tr>\n<th>Tryb poziomowania <\/th>\n<td>Automatyczny <\/td>\n<\/tr>\n<tr>\n<th>Transfer danych <\/th>\n<td>Pami\u0119\u0107 USB, WiFi<\/td>\n<\/tr>\n<tr>\n<th>Wy\u015bwietlacz <\/th>\n<td>Wielko\u015b\u0107 4,3 cala, kolorowy, dotykowy <\/td>\n<\/tr>\n<tr>\n<th>Aparat AI <\/th>\n<td>Tak <\/td>\n<\/tr>\n<tr>\n<th>AI LiDAR <\/th>\n<td>Tak<\/td>\n<\/tr>\n<tr>\n<th>Odzyskiwanie strat mocy <\/th>\n<td>Tak <\/td>\n<\/tr>\n<tr>\n<th>Czujnik wyczerpania filamentu<\/th>\n<td>Tak <\/td>\n<\/tr>\n<tr>\n<th>Kszta\u0142towanie wej\u015bcia (input shaping)<\/th>\n<td>Tak <\/td>\n<\/tr>\n<tr>\n<th>Zestaw o\u015bwietleniowy <\/th>\n<td>Tak <\/td>\n<\/tr>\n<tr>\n<th>Tryb u\u015bpienia <\/th>\n<td>Tak <\/td>\n<\/tr>\n<tr>\n<th>Moc znamionowa <\/th>\n<td>100-240V~, 50\/50Hz <\/td>\n<\/tr>\n<tr>\n<th>Moc znamionowa <\/th>\n<td>1000W <\/td>\n<\/tr>\n<tr>\n<th>Obs\u0142ugiwane filamentu <\/th>\n<td>ABS, PLA, PETG, PET, TPU, PA, ABS, ASA, PC, PLA-CF, PA-CF, PET-CF<\/td>\n<\/tr>\n<tr>\n<th>Format pliku do druku <\/th>\n<td>STL, OBJ, AMF <\/td>\n<\/tr>\n<tr>\n<th>J\u0119zyki interfejsu <\/th>\n<td>Angielski, hiszpanki, niemiecki, francuski, rosyjski, portugalski, w\u0142oski, turecki, japo\u0144ski, chi\u0144ski <\/td>\n<\/tr>\n<\/tbody>\n<\/table>\n<\/div>\n","protected":false},"excerpt":{"rendered":"<p>Drukarka 3D Creality K1 MAX Drukarka 3D Creality K1 Max rewolucjonizuje bran\u017c\u0119 druku 3D, oferuj\u0105c pr\u0119dko\u015b\u0107 drukowania dwunastokrotnie wi\u0119ksz\u0105 ni\u017c<\/p>\n","protected":false},"featured_media":44553,"comment_status":"closed","ping_status":"open","template":"","meta":{"_acf_changed":false},"product_brand":[],"product_cat":[6222,6223,6217],"product_tag":[],"class_list":{"0":"post-58163","1":"product","2":"type-product","3":"status-publish","4":"has-post-thumbnail","6":"product_cat-druk-3d-technologie-kreatywne","7":"product_cat-drukarki-3d","8":"product_cat-technologie-kreatywne","9":"pa_okres-gwarancji-5754","10":"pa_producent-creality","12":"first","13":"outofstock","14":"taxable","15":"shipping-taxable","16":"purchasable","17":"product-type-simple"},"acf":[],"yoast_head":"<!-- This site is optimized with the Yoast SEO plugin v27.2 - https:\/\/yoast.com\/product\/yoast-seo-wordpress\/ -->\n<title>Drukarka 3D CREALITY K1 Max - IRONSKY.PL Sklep z Dronami<\/title>\n<meta name=\"description\" content=\"Drukarka 3D CREALITY K1 Max - \u2705 sklep z dronami i fachowym doradztwem. \u2705 Tutaj kupisz produkty DJI, Yuneec, Parrot, Syma i wiele innych, a tak\u017ce kursy i licencje na operatora drona.\" \/>\n<meta name=\"robots\" content=\"index, follow, max-snippet:-1, max-image-preview:large, max-video-preview:-1\" \/>\n<link rel=\"canonical\" href=\"https:\/\/ironsky.pl\/sklep\/produkt\/drukarka-3d-creality-k1-max-2\/\" \/>\n<meta property=\"og:locale\" content=\"pl_PL\" \/>\n<meta property=\"og:type\" content=\"article\" \/>\n<meta property=\"og:title\" content=\"Drukarka 3D CREALITY K1 Max - IRONSKY.PL Sklep z Dronami\" \/>\n<meta property=\"og:description\" content=\"Drukarka 3D CREALITY K1 Max - \u2705 sklep z dronami i fachowym doradztwem. \u2705 Tutaj kupisz produkty DJI, Yuneec, Parrot, Syma i wiele innych, a tak\u017ce kursy i licencje na operatora drona.\" \/>\n<meta property=\"og:url\" content=\"https:\/\/ironsky.pl\/sklep\/produkt\/drukarka-3d-creality-k1-max-2\/\" \/>\n<meta property=\"og:site_name\" content=\"IRONSKY.PL Sklep z Dronami\" \/>\n<meta property=\"article:modified_time\" content=\"2026-04-15T08:33:53+00:00\" \/>\n<meta property=\"og:image\" content=\"https:\/\/ironsky.pl\/sklep\/wp-content\/uploads\/2025\/06\/41692_7.jpg\" \/>\n\t<meta property=\"og:image:width\" content=\"800\" \/>\n\t<meta property=\"og:image:height\" content=\"800\" \/>\n\t<meta property=\"og:image:type\" content=\"image\/jpeg\" \/>\n<meta name=\"twitter:card\" content=\"summary_large_image\" \/>\n<meta name=\"twitter:label1\" content=\"Szacowany czas czytania\" \/>\n\t<meta name=\"twitter:data1\" content=\"2 minuty\" \/>\n<script type=\"application\/ld+json\" class=\"yoast-schema-graph\">{\"@context\":\"https:\/\/schema.org\",\"@graph\":[{\"@type\":\"WebPage\",\"@id\":\"https:\/\/ironsky.pl\/sklep\/produkt\/drukarka-3d-creality-k1-max-2\/\",\"url\":\"https:\/\/ironsky.pl\/sklep\/produkt\/drukarka-3d-creality-k1-max-2\/\",\"name\":\"Drukarka 3D CREALITY K1 Max - IRONSKY.PL Sklep z Dronami\",\"isPartOf\":{\"@id\":\"https:\/\/ironsky.pl\/sklep\/#website\"},\"primaryImageOfPage\":{\"@id\":\"https:\/\/ironsky.pl\/sklep\/produkt\/drukarka-3d-creality-k1-max-2\/#primaryimage\"},\"image\":{\"@id\":\"https:\/\/ironsky.pl\/sklep\/produkt\/drukarka-3d-creality-k1-max-2\/#primaryimage\"},\"thumbnailUrl\":\"https:\/\/ironsky.pl\/sklep\/wp-content\/uploads\/2025\/06\/41692_7.jpg\",\"datePublished\":\"2026-04-15T08:33:17+00:00\",\"dateModified\":\"2026-04-15T08:33:53+00:00\",\"description\":\"Drukarka 3D CREALITY K1 Max - \u2705 sklep z dronami i fachowym doradztwem. \u2705 Tutaj kupisz produkty DJI, Yuneec, Parrot, Syma i wiele innych, a tak\u017ce kursy i licencje na operatora drona.\",\"breadcrumb\":{\"@id\":\"https:\/\/ironsky.pl\/sklep\/produkt\/drukarka-3d-creality-k1-max-2\/#breadcrumb\"},\"inLanguage\":\"pl-PL\",\"potentialAction\":[{\"@type\":\"ReadAction\",\"target\":[\"https:\/\/ironsky.pl\/sklep\/produkt\/drukarka-3d-creality-k1-max-2\/\"]}]},{\"@type\":\"ImageObject\",\"inLanguage\":\"pl-PL\",\"@id\":\"https:\/\/ironsky.pl\/sklep\/produkt\/drukarka-3d-creality-k1-max-2\/#primaryimage\",\"url\":\"https:\/\/ironsky.pl\/sklep\/wp-content\/uploads\/2025\/06\/41692_7.jpg\",\"contentUrl\":\"https:\/\/ironsky.pl\/sklep\/wp-content\/uploads\/2025\/06\/41692_7.jpg\",\"width\":800,\"height\":800},{\"@type\":\"BreadcrumbList\",\"@id\":\"https:\/\/ironsky.pl\/sklep\/produkt\/drukarka-3d-creality-k1-max-2\/#breadcrumb\",\"itemListElement\":[{\"@type\":\"ListItem\",\"position\":1,\"name\":\"Strona g\u0142\u00f3wna\",\"item\":\"https:\/\/ironsky.pl\/sklep\/\"},{\"@type\":\"ListItem\",\"position\":2,\"name\":\"Wszystkie produkty\",\"item\":\"https:\/\/ironsky.pl\/sklep\/produkty\/\"},{\"@type\":\"ListItem\",\"position\":3,\"name\":\"Drukarka 3D CREALITY K1 Max\"}]},{\"@type\":\"WebSite\",\"@id\":\"https:\/\/ironsky.pl\/sklep\/#website\",\"url\":\"https:\/\/ironsky.pl\/sklep\/\",\"name\":\"IRONSKY.PL Sklep z Dronami\",\"description\":\"IRONSKY.PL Sklep z Dronami\",\"potentialAction\":[{\"@type\":\"SearchAction\",\"target\":{\"@type\":\"EntryPoint\",\"urlTemplate\":\"https:\/\/ironsky.pl\/sklep\/?s={search_term_string}\"},\"query-input\":{\"@type\":\"PropertyValueSpecification\",\"valueRequired\":true,\"valueName\":\"search_term_string\"}}],\"inLanguage\":\"pl-PL\"}]}<\/script>\n<!-- \/ Yoast SEO plugin. -->","yoast_head_json":{"title":"Drukarka 3D CREALITY K1 Max - IRONSKY.PL Sklep z Dronami","description":"Drukarka 3D CREALITY K1 Max - \u2705 sklep z dronami i fachowym doradztwem. \u2705 Tutaj kupisz produkty DJI, Yuneec, Parrot, Syma i wiele innych, a tak\u017ce kursy i licencje na operatora drona.","robots":{"index":"index","follow":"follow","max-snippet":"max-snippet:-1","max-image-preview":"max-image-preview:large","max-video-preview":"max-video-preview:-1"},"canonical":"https:\/\/ironsky.pl\/sklep\/produkt\/drukarka-3d-creality-k1-max-2\/","og_locale":"pl_PL","og_type":"article","og_title":"Drukarka 3D CREALITY K1 Max - IRONSKY.PL Sklep z Dronami","og_description":"Drukarka 3D CREALITY K1 Max - \u2705 sklep z dronami i fachowym doradztwem. \u2705 Tutaj kupisz produkty DJI, Yuneec, Parrot, Syma i wiele innych, a tak\u017ce kursy i licencje na operatora drona.","og_url":"https:\/\/ironsky.pl\/sklep\/produkt\/drukarka-3d-creality-k1-max-2\/","og_site_name":"IRONSKY.PL Sklep z Dronami","article_modified_time":"2026-04-15T08:33:53+00:00","og_image":[{"width":800,"height":800,"url":"https:\/\/ironsky.pl\/sklep\/wp-content\/uploads\/2025\/06\/41692_7.jpg","type":"image\/jpeg"}],"twitter_card":"summary_large_image","twitter_misc":{"Szacowany czas czytania":"2 minuty"},"schema":{"@context":"https:\/\/schema.org","@graph":[{"@type":"WebPage","@id":"https:\/\/ironsky.pl\/sklep\/produkt\/drukarka-3d-creality-k1-max-2\/","url":"https:\/\/ironsky.pl\/sklep\/produkt\/drukarka-3d-creality-k1-max-2\/","name":"Drukarka 3D CREALITY K1 Max - IRONSKY.PL Sklep z Dronami","isPartOf":{"@id":"https:\/\/ironsky.pl\/sklep\/#website"},"primaryImageOfPage":{"@id":"https:\/\/ironsky.pl\/sklep\/produkt\/drukarka-3d-creality-k1-max-2\/#primaryimage"},"image":{"@id":"https:\/\/ironsky.pl\/sklep\/produkt\/drukarka-3d-creality-k1-max-2\/#primaryimage"},"thumbnailUrl":"https:\/\/ironsky.pl\/sklep\/wp-content\/uploads\/2025\/06\/41692_7.jpg","datePublished":"2026-04-15T08:33:17+00:00","dateModified":"2026-04-15T08:33:53+00:00","description":"Drukarka 3D CREALITY K1 Max - \u2705 sklep z dronami i fachowym doradztwem. \u2705 Tutaj kupisz produkty DJI, Yuneec, Parrot, Syma i wiele innych, a tak\u017ce kursy i licencje na operatora drona.","breadcrumb":{"@id":"https:\/\/ironsky.pl\/sklep\/produkt\/drukarka-3d-creality-k1-max-2\/#breadcrumb"},"inLanguage":"pl-PL","potentialAction":[{"@type":"ReadAction","target":["https:\/\/ironsky.pl\/sklep\/produkt\/drukarka-3d-creality-k1-max-2\/"]}]},{"@type":"ImageObject","inLanguage":"pl-PL","@id":"https:\/\/ironsky.pl\/sklep\/produkt\/drukarka-3d-creality-k1-max-2\/#primaryimage","url":"https:\/\/ironsky.pl\/sklep\/wp-content\/uploads\/2025\/06\/41692_7.jpg","contentUrl":"https:\/\/ironsky.pl\/sklep\/wp-content\/uploads\/2025\/06\/41692_7.jpg","width":800,"height":800},{"@type":"BreadcrumbList","@id":"https:\/\/ironsky.pl\/sklep\/produkt\/drukarka-3d-creality-k1-max-2\/#breadcrumb","itemListElement":[{"@type":"ListItem","position":1,"name":"Strona g\u0142\u00f3wna","item":"https:\/\/ironsky.pl\/sklep\/"},{"@type":"ListItem","position":2,"name":"Wszystkie produkty","item":"https:\/\/ironsky.pl\/sklep\/produkty\/"},{"@type":"ListItem","position":3,"name":"Drukarka 3D CREALITY K1 Max"}]},{"@type":"WebSite","@id":"https:\/\/ironsky.pl\/sklep\/#website","url":"https:\/\/ironsky.pl\/sklep\/","name":"IRONSKY.PL Sklep z Dronami","description":"IRONSKY.PL Sklep z Dronami","potentialAction":[{"@type":"SearchAction","target":{"@type":"EntryPoint","urlTemplate":"https:\/\/ironsky.pl\/sklep\/?s={search_term_string}"},"query-input":{"@type":"PropertyValueSpecification","valueRequired":true,"valueName":"search_term_string"}}],"inLanguage":"pl-PL"}]}},"_links":{"self":[{"href":"https:\/\/ironsky.pl\/sklep\/wp-json\/wp\/v2\/product\/58163","targetHints":{"allow":["GET"]}}],"collection":[{"href":"https:\/\/ironsky.pl\/sklep\/wp-json\/wp\/v2\/product"}],"about":[{"href":"https:\/\/ironsky.pl\/sklep\/wp-json\/wp\/v2\/types\/product"}],"replies":[{"embeddable":true,"href":"https:\/\/ironsky.pl\/sklep\/wp-json\/wp\/v2\/comments?post=58163"}],"wp:featuredmedia":[{"embeddable":true,"href":"https:\/\/ironsky.pl\/sklep\/wp-json\/wp\/v2\/media\/44553"}],"wp:attachment":[{"href":"https:\/\/ironsky.pl\/sklep\/wp-json\/wp\/v2\/media?parent=58163"}],"wp:term":[{"taxonomy":"product_brand","embeddable":true,"href":"https:\/\/ironsky.pl\/sklep\/wp-json\/wp\/v2\/product_brand?post=58163"},{"taxonomy":"product_cat","embeddable":true,"href":"https:\/\/ironsky.pl\/sklep\/wp-json\/wp\/v2\/product_cat?post=58163"},{"taxonomy":"product_tag","embeddable":true,"href":"https:\/\/ironsky.pl\/sklep\/wp-json\/wp\/v2\/product_tag?post=58163"}],"curies":[{"name":"wp","href":"https:\/\/api.w.org\/{rel}","templated":true}]}}