{"id":58154,"date":"2026-04-15T10:33:17","date_gmt":"2026-04-15T08:33:17","guid":{"rendered":"https:\/\/ironsky.pl\/sklep\/produkt\/stacja-dokujaca-dji-dock-2-2\/"},"modified":"2026-04-15T10:33:48","modified_gmt":"2026-04-15T08:33:48","slug":"stacja-dokujaca-dji-dock-2-2","status":"publish","type":"product","link":"https:\/\/ironsky.pl\/sklep\/produkt\/stacja-dokujaca-dji-dock-2-2\/","title":{"rendered":"Stacja dokuj\u0105ca DJI Dock 2"},"content":{"rendered":"<h3><img decoding=\"async\" src=\"\/data\/include\/cms\/enterprise\/dock2\/B0024643-11.jpg\" border=\"0\" width=\"100%\" height=\"NaN\" \/>Misje autonomiczne na zupe\u0142nie nowym poziomie<\/h3>\n<p>DJI Dock 2 to wysokowydajna platforma bezobs\u0142ugowa, wyposa\u017cona w innowacyjnego drona Matrice 3D lub Matrice 3TD.<\/p>\n<p><img decoding=\"async\" src=\"\/data\/include\/cms\/enterprise\/dock2\/6af8c18b5a4aa74d6e7259614eaaba66.jpg\" border=\"0\" alt=\"\" width=\"100%\" height=\"Nan\" \/><\/p>\n<h3>Ultralekka konstrukcja<\/h3>\n<p>W por\u00f3wnaniu z poprzedni\u0105 generacj\u0105, wymiary i waga DJI Dock 2 zosta\u0142y zmniejszone odpowiednio o 75% i 68% znacznie poprawiaj\u0105c swobod\u0119 instalacji.<\/p>\n<p><img decoding=\"async\" src=\"\/data\/include\/cms\/enterprise\/dock2\/f4ee55ffcdefbd62c35f793d4ebc16a2.jpg\" border=\"0\" alt=\"\" width=\"100%\" height=\"Nan\" \/><\/p>\n<h3>Szybka analiza terenu<\/h3>\n<p>Przed rozmieszczeniem dron mo\u017ce zidentyfikowa\u0107 otoczenie za pomoc\u0105 czujnik\u00f3w wizyjnych i szybko okre\u015bli\u0107, czy obszar rozmieszczenia ma dobre sygna\u0142y GNSS. W por\u00f3wnaniu z wcze\u015bniejszym systemem, nowy system pomiarowy znacznie przyspiesza wyb\u00f3r lokalizacji, a wymagany czas skraca si\u0119 z oko\u0142o 5 godzin do 12 minut.<\/p>\n<p><img decoding=\"async\" src=\"\/data\/include\/cms\/enterprise\/dock2\/B0024686-1a.jpg\" border=\"0\" alt=\"\" width=\"100%\" \/><\/p>\n<h3>Niezawodne dzia\u0142anie, bezpiecze\u0144stwo i gotowo\u015b\u0107 do pracy<\/h3>\n<p>DJI Dock 2 jest nie tylko lekki i \u0142atwy do rozmieszczenia, ale tak\u017ce ma wi\u0119ksze mo\u017cliwo\u015bci operacyjne. Dzi\u0119ki inteligentnym funkcjom w chmurze znacz\u0105co u\u0142atwia wykonywanie nienadzorowanych misji, osi\u0105gaj\u0105c zupe\u0142nie nowy poziom jako\u015bci i wydajno\u015bci operacyjnej.<\/p>\n<p><img decoding=\"async\" src=\"\/data\/include\/cms\/enterprise\/dock2\/355baf9194fe5fa962da92e32775ff35.jpg\" border=\"0\" alt=\"\" width=\"100%\" \/><\/p>\n<h3>Stopie\u0144 ochrony IP55<\/h3>\n<p>W DJI Dock 2 zastosowano konstrukcj\u0119 o wysokim stopniu ochrony, a py\u0142oszczelno\u015b\u0107 i wodoodporno\u015b\u0107 ca\u0142ego urz\u0105dzenia osi\u0105ga poziom IP55 [1]. Urz\u0105dzenie mo\u017ce pracowa\u0107 stabilnie przez d\u0142ugi czas nawet w trudnych warunkach klimatycznych i \u015brodowiskowych.<\/p>\n<p><img decoding=\"async\" src=\"\/data\/include\/cms\/enterprise\/dock2\/fbf19cdc9f18f43561eaee7c3fe294dd.jpg\" border=\"0\" alt=\"\" width=\"100%\" \/><\/p>\n<h3>System monitorowania warunk\u00f3w \u015brodowiskowych<\/h3>\n<p>DJI Dock 2 integruje sensory, takie jak czujnik deszczu, anemometr i termometr, kt\u00f3re mog\u0105 wykrywa\u0107 zmiany pogody w czasie rzeczywistym. W po\u0142\u0105czeniu z prognozami pogody online, Dock 2 mo\u017ce dostarcza\u0107 ostrze\u017cenia na czas lub zawiesza\u0107 zaplanowane misje lotnicze, skutecznie zmniejszaj\u0105c ryzyko podcza wykonywania misji.<\/p>\n<p><img decoding=\"async\" src=\"\/data\/include\/cms\/enterprise\/dock2\/c7da457fd349d05f8d792585c2f75e1b.jpg\" border=\"0\" alt=\"\" width=\"100%\" \/><\/p>\n<h3>Bardziej stabilne l\u0105dowanie<\/h3>\n<p>Dzi\u0119ki nowej generacji technologii rozpoznawania obrazu, dron mo\u017ce dok\u0142adniej identyfikowa\u0107 znaki l\u0105dowania nad platform\u0105. Co wi\u0119cej, p\u0142yta l\u0105dowiska zosta\u0142a zaprojektowana w taki spos\u00f3b, aby jeszcze bardziej poprawi\u0107 skuteczno\u015b\u0107 l\u0105dowania.<\/p>\n<p><img decoding=\"async\" src=\"\/data\/include\/cms\/enterprise\/dock2\/808670d934afb92da2d872aa8f87169b.jpg\" border=\"0\" alt=\"\" width=\"100%\" \/><\/p>\n<h3>Wbudowany akumulator awaryjny<\/h3>\n<p>W przypadku nieoczekiwanej awarii zasilania, Dock 2 mo\u017ce nadal dzia\u0142a\u0107 niezale\u017cnie przez ponad 5 godzin korzystaj\u0105c z wbudowanego akumulatora.<\/p>\n<p><img decoding=\"async\" src=\"\/data\/include\/cms\/enterprise\/dock2\/00b2563e0dddce5eb6a81a86ba59629a.jpg\" border=\"0\" alt=\"\" width=\"100%\" \/><\/p>\n<h3>Przegl\u0105d co 6 miesi\u0119cy<\/h3>\n<p>Dzi\u0119ki konstrukcji o wysokim stopniu ochrony i wysokiej niezawodno\u015bci, Dock 2 wymaga konserwacji tylko raz na 6 miesi\u0119cy.<\/p>\n<p><img decoding=\"async\" src=\"\/data\/include\/cms\/enterprise\/dock2\/8e6540a7bf9f7d455260207d52ffc52d.jpg\" border=\"0\" alt=\"\" width=\"100%\" \/><\/p>\n<h3>Ostrze\u017cenia o zdarzeniach wyj\u0105tkowych<\/h3>\n<p>Gdy w DJI Dock 2 lub w dronie wyst\u0105pi awaria lub sytuacja awaryjna, Dock 2 wy\u015ble wiadomo\u015b\u0107 e-mail tak szybko, jak to mo\u017cliwe.<\/p>\n<p>Zawarto\u015b\u0107 zestawu:<\/p>\n<ul>\n<li>1x DJI Dock 2<\/li>\n<li>1x Anemometr<\/li>\n<li>4x Kotwa<\/li>\n<li>1x Z\u0142\u0105cze kabla Ethernet<\/li>\n<li>1x Z\u0142\u0105cze kabla zasilania<\/li>\n<li>1x \u015arubokr\u0119t<\/li>\n<\/ul>\n<div class=\"table-wrapper\">\n<table>\n<tbody>\n<tr>\n<th>STACJA DOKUJ\u0104CA &#8211; INFORMACJE OG\u00d3LNE<\/th>\n<td>\u00a0<\/td>\n<\/tr>\n<tr>\n<th>Waga ca\u0142kowita<\/th>\n<td>34 kg (bez drona)<br \/>Rzeczywista waga produktu mo\u017ce si\u0119 r\u00f3\u017cni\u0107 ze wzgl\u0119du na r\u00f3\u017cnice w materia\u0142ach i czynniki zewn\u0119trzne.<\/td>\n<\/tr>\n<tr>\n<th>Wymiary<\/th>\n<td>Otwarta pokrywa doku: 1228\u00d7583\u00d7412 mm (d\u0142.\u00d7szer.\u00d7wys.)<br \/>Pokrywa doku zamkni\u0119ta: 570\u00d7583\u00d7465 mm (d\u0142.\u00d7szer.\u00d7wys.)<br \/> Powy\u017csze dane nie obejmuj\u0105 wysoko\u015bci miernika pr\u0119dko\u015bci wiatru (145 mm ), ale uwzgl\u0119dnia wysoko\u015b\u0107 wspornik\u00f3w podstawy monta\u017cowej (55 mm).<\/td>\n<\/tr>\n<tr>\n<th>Napi\u0119cie wej\u015bciowe<\/th>\n<td>100-240 V (pr\u0105d przemienny), 50\/60 Hz<\/td>\n<\/tr>\n<tr>\n<th>Moc wej\u015bciowa<\/th>\n<td>Max 1000 W<\/td>\n<\/tr>\n<tr>\n<th>Temperatura pracy<\/th>\n<td>-25\u00b0 do 45\u00b0 C (-13\u00b0 do 113\u00b0 F)<br \/> Gdy temperatura otoczenia jest ni\u017csza ni\u017c -20\u00b0 C (-4\u00b0 F), stacja dokuj\u0105ca znajduje si\u0119 w stanie gotowo\u015bci i dron nie mo\u017ce wykonywa\u0107 zada\u0144 lotniczych.\u00a0<\/td>\n<\/tr>\n<tr>\n<th>Stopie\u0144 ochrony<\/th>\n<td>IP55<\/td>\n<\/tr>\n<tr>\n<th>Maksymalna liczba dron\u00f3w<\/th>\n<td>1<\/td>\n<\/tr>\n<tr>\n<th>Maksymalna dopuszczalna pr\u0119dko\u015b\u0107 wiatru przy l\u0105dowaniu<\/th>\n<td>8 m\/s<\/td>\n<\/tr>\n<tr>\n<th>Maksymalna wysoko\u015b\u0107 operacyjna<\/th>\n<td>4000 m<\/td>\n<\/tr>\n<tr>\n<th>Cz\u0119stotliwo\u015b\u0107 stacji bazowej RTK<\/th>\n<td>Jednoczesny odbi\u00f3r:<br \/>GPS: L1 C\/A, L2<br \/>BeiDou2: B1l, B2l, B3l<br \/>BeiDou3: B1l, B3l<br \/>GLONASS: L1, L2<br \/>Galileo: E1, E5B<\/td>\n<\/tr>\n<tr>\n<th>Dok\u0142adno\u015b\u0107 pozycjonowania stacji bazowej RTK<\/th>\n<td>Poziomo: 1 cm + 1 ppm (RMS)<br \/>Pionowo: 2 cm + 1 ppm (RMS)<\/td>\n<\/tr>\n<tr>\n<th>STACJA DOKUJ\u0104CA &#8211; WYDAJNO\u015a\u0106 \u0141ADOWANIA<\/th>\n<td>\u00a0<\/td>\n<\/tr>\n<tr>\n<th>Napi\u0119cie wyj\u015bciowe<\/th>\n<td>28 V DC<\/td>\n<\/tr>\n<tr>\n<th>Czas \u0142adowania<\/th>\n<td>32 minuty<br \/> Dane zosta\u0142y zmierzone podczas \u0142adowania drona (przy wy\u0142\u0105czonym zasilaniu) od 20% do 90% w temperaturze 25\u00b0C (77\u00b0F).<\/td>\n<\/tr>\n<tr>\n<th>STACJA DOKUJ\u0104CA &#8211; TRANSMISJA WIDEO<\/th>\n<td>\u00a0<\/td>\n<\/tr>\n<tr>\n<th>System transmisji wideo<\/th>\n<td>O3 Enterprise<\/td>\n<\/tr>\n<tr>\n<th>Cz\u0119stotliwo\u015b\u0107 pracy<\/th>\n<td>2,4000\u20132,4835 GHz<br \/>5,725\u20135,850 GHz<\/td>\n<\/tr>\n<tr>\n<th>Moc nadajnika (EIRP)<\/th>\n<td>2,4 GHz: &lt; 33 dBm (FCC); &lt; 20 dBm (CE\/SRRC\/MIC)<br \/>5,8 GHz: &lt; 33 dBm (FCC); &lt; 14 dBm (CE); &lt; 23 dBm (SRRC)<\/td>\n<\/tr>\n<tr>\n<th>STACJA DOKUJ\u0104CA &#8211; SYSTEM CH\u0141ODZENIA<\/th>\n<td>\u00a0<\/td>\n<\/tr>\n<tr>\n<th>Napi\u0119cie pracy<\/th>\n<td>28 V DC<\/td>\n<\/tr>\n<tr>\n<th>Typ systemu ch\u0142odzenia<\/th>\n<td>Klimatyzacja TEC<\/td>\n<\/tr>\n<tr>\n<th>STACJA DOKUJ\u0104CA &#8211; AKUMULATOR AWARYJNY<\/th>\n<td>\u00a0<\/td>\n<\/tr>\n<tr>\n<th>Pojemno\u015b\u0107 akumulatora<\/th>\n<td>12 Ah<\/td>\n<\/tr>\n<tr>\n<th>Napi\u0119cie wyj\u015bciowe<\/th>\n<td>12 V<\/td>\n<\/tr>\n<tr>\n<th>Typ akumulatora<\/th>\n<td>Akumulator kwasowo-o\u0142owiowy<\/td>\n<\/tr>\n<tr>\n<th>Czas pracy akumulatora awaryjnego<\/th>\n<td>&gt; 5 godzin<br \/> Pomiar przy ca\u0142kowicie na\u0142adowanym akumulatorze zapasowym w temperaturze 25\u00b0 C (77\u00b0 F). \u200cPo przerwie w dostawie pr\u0105du stacja dokuj\u0105ca nie obs\u0142uguje takich funkcji, jak \u0142adowanie drona, klimatyzacja, ogrzewanie pokrywy doku i podgrzewanie wska\u017anika pr\u0119dko\u015bci wiatru. Zawsze natychmiast sprawdzaj awarie.<\/td>\n<\/tr>\n<tr>\n<th>\u00a0STACJA DOKUJ\u0104CA &#8211; DOST\u0118P DO SIECI<\/th>\n<td>\u00a0<\/td>\n<\/tr>\n<tr>\n<th>Dost\u0119p do sieci Ethernet<\/th>\n<td>Adaptacyjny port Ethernet 10\/100\/1000Mbps<\/td>\n<\/tr>\n<tr>\n<th>STACJA DOKUJ\u0104CA &#8211; CZUJNIKI<\/th>\n<td>\u00a0<\/td>\n<\/tr>\n<tr>\n<th>Czujnik pr\u0119dko\u015bci wiatru<\/th>\n<td>Obs\u0142ugiwany<\/td>\n<\/tr>\n<tr>\n<th>Czujnik opad\u00f3w<\/th>\n<td><span>Obs\u0142ugiwany<\/span><\/td>\n<\/tr>\n<tr>\n<th>Czujnik temperatury otoczenia<\/th>\n<td><span>Obs\u0142ugiwany<\/span><\/td>\n<\/tr>\n<tr>\n<th>Czujnik zanurzenia w wodzie<\/th>\n<td><span>Obs\u0142ugiwany<\/span><\/td>\n<\/tr>\n<tr>\n<th>Czujnik temperatury w kabinie<\/th>\n<td><span>Obs\u0142ugiwany<\/span><\/td>\n<\/tr>\n<tr>\n<th>Czujnik wilgotno\u015bci w kabinie<\/th>\n<td><span>Obs\u0142ugiwany<\/span><\/td>\n<\/tr>\n<tr>\n<th>STACJA DOKUJ\u0104CA &#8211; KAMERA BEZPIECZE\u0143STWA (ZEWN\u0118TRZNA)<\/th>\n<td>\u00a0<\/td>\n<\/tr>\n<tr>\n<th>Rozdzielczo\u015b\u0107<\/th>\n<td>1920\u00d71080<\/td>\n<\/tr>\n<tr>\n<th>Pole widzenia (FOV)<\/th>\n<td>151\u00b0<\/td>\n<\/tr>\n<tr>\n<th>\u015awiat\u0142o pomocnicze<\/th>\n<td>Pomocnicze bia\u0142e \u015bwiat\u0142o<\/td>\n<\/tr>\n<tr>\n<th>STACJA DOKUJ\u0104CA &#8211; KAMERA BEZPIECZE\u0143STWA (WEWN\u0118TRZNA)<\/th>\n<td>\u00a0<\/td>\n<\/tr>\n<tr>\n<th>Rozdzielczo\u015b\u0107<\/th>\n<td>1920\u00d71080<\/td>\n<\/tr>\n<tr>\n<th>Pole widzenia (FOV)<\/th>\n<td>151\u00b0<\/td>\n<\/tr>\n<tr>\n<th>\u015awiat\u0142o pomocnicze<\/th>\n<td>Pomocnicze bia\u0142e \u015bwiat\u0142o<\/td>\n<\/tr>\n<tr>\n<th>STACJA DOKUJ\u0104CA &#8211; OCHRONA ODGROMOWA<\/th>\n<td>\u00a0<\/td>\n<\/tr>\n<tr>\n<th>Port zasilania pr\u0105dem przemiennym<\/th>\n<td>20 kA (warto\u015b\u0107 znamionowa), spe\u0142nia wymagania dotycz\u0105ce poziomu ochrony EN 61643-11 typ 2 i IEC 61643-1 klasa \u2161<\/td>\n<\/tr>\n<tr>\n<th>Port Ethernet<\/th>\n<td>10 kA (\u0142\u0105cznie), spe\u0142nia wymagania dotycz\u0105ce poziomu ochrony EN\/IEC 61643-21 kategorii C<\/td>\n<\/tr>\n<tr>\n<th>STACJA DOKUJ\u0104CA &#8211; OBS\u0141UGIWANE OPROGRAMOWANIE<\/th>\n<td>\u00a0<\/td>\n<\/tr>\n<tr>\n<th>Aplikacje<\/th>\n<td>DJI Pilot 2 (\u0142\u0105czy si\u0119 z DJI Dock 2 poprzez aparatur\u0119 DJI RC Pro Enterprise w celu instalacji i uruchomienia)<\/td>\n<\/tr>\n<tr>\n<th>Platforma chmurowa<\/th>\n<td>DJI FlightHub 2 (domy\u015blnie obs\u0142ugiwane)<br \/>Platformy chmurowe innych firm (dost\u0119p poprzez DJI Cloud API)<\/td>\n<\/tr>\n<tr>\n<th>STACJA DOKUJ\u0104CA &#8211; MO\u017bLIWO\u015a\u0106 ROZBUDOWY<\/th>\n<td>\u00a0<\/td>\n<\/tr>\n<tr>\n<th>Otwarty protok\u00f3\u0142<\/th>\n<td>API chmury DJI<\/td>\n<\/tr>\n<tr>\n<th>Edge Computing<\/th>\n<td>Obs\u0142uguje komunikacj\u0119 danych z prze\u0142\u0105cznikami zewn\u0119trznymi<\/td>\n<\/tr>\n<\/tbody>\n<\/table>\n<\/div>\n","protected":false},"excerpt":{"rendered":"<p>Misje autonomiczne na zupe\u0142nie nowym poziomie DJI Dock 2 to wysokowydajna platforma bezobs\u0142ugowa, wyposa\u017cona w innowacyjnego drona Matrice 3D lub<\/p>\n","protected":false},"featured_media":58155,"comment_status":"closed","ping_status":"open","template":"","meta":{"_acf_changed":false},"product_brand":[],"product_cat":[1088,6221,1105],"product_tag":[],"class_list":{"0":"post-58154","1":"product","2":"type-product","3":"status-publish","4":"has-post-thumbnail","6":"product_cat-drony","7":"product_cat-drony-przemyslowe","8":"product_cat-przemyslowe","9":"pa_brak-5770","10":"pa_producent-dji-enterprise","12":"first","13":"outofstock","14":"taxable","15":"shipping-taxable","16":"purchasable","17":"product-type-simple"},"acf":[],"yoast_head":"<!-- This site is optimized with the Yoast SEO plugin v27.2 - https:\/\/yoast.com\/product\/yoast-seo-wordpress\/ -->\n<title>Stacja dokuj\u0105ca DJI Dock 2 - IRONSKY.PL Sklep z Dronami<\/title>\n<meta name=\"description\" content=\"Stacja dokuj\u0105ca DJI Dock 2 - \u2705 sklep z dronami i fachowym doradztwem. \u2705 Tutaj kupisz produkty DJI, Yuneec, Parrot, Syma i wiele innych, a tak\u017ce kursy i licencje na operatora drona.\" \/>\n<meta name=\"robots\" content=\"index, follow, max-snippet:-1, max-image-preview:large, max-video-preview:-1\" \/>\n<link rel=\"canonical\" href=\"https:\/\/ironsky.pl\/sklep\/produkt\/stacja-dokujaca-dji-dock-2-2\/\" \/>\n<meta property=\"og:locale\" content=\"pl_PL\" \/>\n<meta property=\"og:type\" content=\"article\" \/>\n<meta property=\"og:title\" content=\"Stacja dokuj\u0105ca DJI Dock 2 - IRONSKY.PL Sklep z Dronami\" \/>\n<meta property=\"og:description\" content=\"Stacja dokuj\u0105ca DJI Dock 2 - \u2705 sklep z dronami i fachowym doradztwem. \u2705 Tutaj kupisz produkty DJI, Yuneec, Parrot, Syma i wiele innych, a tak\u017ce kursy i licencje na operatora drona.\" \/>\n<meta property=\"og:url\" content=\"https:\/\/ironsky.pl\/sklep\/produkt\/stacja-dokujaca-dji-dock-2-2\/\" \/>\n<meta property=\"og:site_name\" content=\"IRONSKY.PL Sklep z Dronami\" \/>\n<meta property=\"article:modified_time\" content=\"2026-04-15T08:33:48+00:00\" \/>\n<meta property=\"og:image\" content=\"https:\/\/ironsky.pl\/sklep\/wp-content\/uploads\/2026\/04\/41687_12.jpg\" \/>\n\t<meta property=\"og:image:width\" content=\"800\" \/>\n\t<meta property=\"og:image:height\" content=\"800\" \/>\n\t<meta property=\"og:image:type\" content=\"image\/jpeg\" \/>\n<meta name=\"twitter:card\" content=\"summary_large_image\" \/>\n<meta name=\"twitter:label1\" content=\"Szacowany czas czytania\" \/>\n\t<meta name=\"twitter:data1\" content=\"5 minut\" \/>\n<script type=\"application\/ld+json\" class=\"yoast-schema-graph\">{\"@context\":\"https:\/\/schema.org\",\"@graph\":[{\"@type\":\"WebPage\",\"@id\":\"https:\/\/ironsky.pl\/sklep\/produkt\/stacja-dokujaca-dji-dock-2-2\/\",\"url\":\"https:\/\/ironsky.pl\/sklep\/produkt\/stacja-dokujaca-dji-dock-2-2\/\",\"name\":\"Stacja dokuj\u0105ca DJI Dock 2 - IRONSKY.PL Sklep z Dronami\",\"isPartOf\":{\"@id\":\"https:\/\/ironsky.pl\/sklep\/#website\"},\"primaryImageOfPage\":{\"@id\":\"https:\/\/ironsky.pl\/sklep\/produkt\/stacja-dokujaca-dji-dock-2-2\/#primaryimage\"},\"image\":{\"@id\":\"https:\/\/ironsky.pl\/sklep\/produkt\/stacja-dokujaca-dji-dock-2-2\/#primaryimage\"},\"thumbnailUrl\":\"https:\/\/ironsky.pl\/sklep\/wp-content\/uploads\/2026\/04\/41687_12.jpg\",\"datePublished\":\"2026-04-15T08:33:17+00:00\",\"dateModified\":\"2026-04-15T08:33:48+00:00\",\"description\":\"Stacja dokuj\u0105ca DJI Dock 2 - \u2705 sklep z dronami i fachowym doradztwem. \u2705 Tutaj kupisz produkty DJI, Yuneec, Parrot, Syma i wiele innych, a tak\u017ce kursy i licencje na operatora drona.\",\"breadcrumb\":{\"@id\":\"https:\/\/ironsky.pl\/sklep\/produkt\/stacja-dokujaca-dji-dock-2-2\/#breadcrumb\"},\"inLanguage\":\"pl-PL\",\"potentialAction\":[{\"@type\":\"ReadAction\",\"target\":[\"https:\/\/ironsky.pl\/sklep\/produkt\/stacja-dokujaca-dji-dock-2-2\/\"]}]},{\"@type\":\"ImageObject\",\"inLanguage\":\"pl-PL\",\"@id\":\"https:\/\/ironsky.pl\/sklep\/produkt\/stacja-dokujaca-dji-dock-2-2\/#primaryimage\",\"url\":\"https:\/\/ironsky.pl\/sklep\/wp-content\/uploads\/2026\/04\/41687_12.jpg\",\"contentUrl\":\"https:\/\/ironsky.pl\/sklep\/wp-content\/uploads\/2026\/04\/41687_12.jpg\",\"width\":800,\"height\":800},{\"@type\":\"BreadcrumbList\",\"@id\":\"https:\/\/ironsky.pl\/sklep\/produkt\/stacja-dokujaca-dji-dock-2-2\/#breadcrumb\",\"itemListElement\":[{\"@type\":\"ListItem\",\"position\":1,\"name\":\"Strona g\u0142\u00f3wna\",\"item\":\"https:\/\/ironsky.pl\/sklep\/\"},{\"@type\":\"ListItem\",\"position\":2,\"name\":\"Wszystkie produkty\",\"item\":\"https:\/\/ironsky.pl\/sklep\/produkty\/\"},{\"@type\":\"ListItem\",\"position\":3,\"name\":\"Stacja dokuj\u0105ca DJI Dock 2\"}]},{\"@type\":\"WebSite\",\"@id\":\"https:\/\/ironsky.pl\/sklep\/#website\",\"url\":\"https:\/\/ironsky.pl\/sklep\/\",\"name\":\"IRONSKY.PL Sklep z Dronami\",\"description\":\"IRONSKY.PL Sklep z Dronami\",\"potentialAction\":[{\"@type\":\"SearchAction\",\"target\":{\"@type\":\"EntryPoint\",\"urlTemplate\":\"https:\/\/ironsky.pl\/sklep\/?s={search_term_string}\"},\"query-input\":{\"@type\":\"PropertyValueSpecification\",\"valueRequired\":true,\"valueName\":\"search_term_string\"}}],\"inLanguage\":\"pl-PL\"}]}<\/script>\n<!-- \/ Yoast SEO plugin. -->","yoast_head_json":{"title":"Stacja dokuj\u0105ca DJI Dock 2 - IRONSKY.PL Sklep z Dronami","description":"Stacja dokuj\u0105ca DJI Dock 2 - \u2705 sklep z dronami i fachowym doradztwem. \u2705 Tutaj kupisz produkty DJI, Yuneec, Parrot, Syma i wiele innych, a tak\u017ce kursy i licencje na operatora drona.","robots":{"index":"index","follow":"follow","max-snippet":"max-snippet:-1","max-image-preview":"max-image-preview:large","max-video-preview":"max-video-preview:-1"},"canonical":"https:\/\/ironsky.pl\/sklep\/produkt\/stacja-dokujaca-dji-dock-2-2\/","og_locale":"pl_PL","og_type":"article","og_title":"Stacja dokuj\u0105ca DJI Dock 2 - IRONSKY.PL Sklep z Dronami","og_description":"Stacja dokuj\u0105ca DJI Dock 2 - \u2705 sklep z dronami i fachowym doradztwem. \u2705 Tutaj kupisz produkty DJI, Yuneec, Parrot, Syma i wiele innych, a tak\u017ce kursy i licencje na operatora drona.","og_url":"https:\/\/ironsky.pl\/sklep\/produkt\/stacja-dokujaca-dji-dock-2-2\/","og_site_name":"IRONSKY.PL Sklep z Dronami","article_modified_time":"2026-04-15T08:33:48+00:00","og_image":[{"width":800,"height":800,"url":"https:\/\/ironsky.pl\/sklep\/wp-content\/uploads\/2026\/04\/41687_12.jpg","type":"image\/jpeg"}],"twitter_card":"summary_large_image","twitter_misc":{"Szacowany czas czytania":"5 minut"},"schema":{"@context":"https:\/\/schema.org","@graph":[{"@type":"WebPage","@id":"https:\/\/ironsky.pl\/sklep\/produkt\/stacja-dokujaca-dji-dock-2-2\/","url":"https:\/\/ironsky.pl\/sklep\/produkt\/stacja-dokujaca-dji-dock-2-2\/","name":"Stacja dokuj\u0105ca DJI Dock 2 - IRONSKY.PL Sklep z Dronami","isPartOf":{"@id":"https:\/\/ironsky.pl\/sklep\/#website"},"primaryImageOfPage":{"@id":"https:\/\/ironsky.pl\/sklep\/produkt\/stacja-dokujaca-dji-dock-2-2\/#primaryimage"},"image":{"@id":"https:\/\/ironsky.pl\/sklep\/produkt\/stacja-dokujaca-dji-dock-2-2\/#primaryimage"},"thumbnailUrl":"https:\/\/ironsky.pl\/sklep\/wp-content\/uploads\/2026\/04\/41687_12.jpg","datePublished":"2026-04-15T08:33:17+00:00","dateModified":"2026-04-15T08:33:48+00:00","description":"Stacja dokuj\u0105ca DJI Dock 2 - \u2705 sklep z dronami i fachowym doradztwem. \u2705 Tutaj kupisz produkty DJI, Yuneec, Parrot, Syma i wiele innych, a tak\u017ce kursy i licencje na operatora drona.","breadcrumb":{"@id":"https:\/\/ironsky.pl\/sklep\/produkt\/stacja-dokujaca-dji-dock-2-2\/#breadcrumb"},"inLanguage":"pl-PL","potentialAction":[{"@type":"ReadAction","target":["https:\/\/ironsky.pl\/sklep\/produkt\/stacja-dokujaca-dji-dock-2-2\/"]}]},{"@type":"ImageObject","inLanguage":"pl-PL","@id":"https:\/\/ironsky.pl\/sklep\/produkt\/stacja-dokujaca-dji-dock-2-2\/#primaryimage","url":"https:\/\/ironsky.pl\/sklep\/wp-content\/uploads\/2026\/04\/41687_12.jpg","contentUrl":"https:\/\/ironsky.pl\/sklep\/wp-content\/uploads\/2026\/04\/41687_12.jpg","width":800,"height":800},{"@type":"BreadcrumbList","@id":"https:\/\/ironsky.pl\/sklep\/produkt\/stacja-dokujaca-dji-dock-2-2\/#breadcrumb","itemListElement":[{"@type":"ListItem","position":1,"name":"Strona g\u0142\u00f3wna","item":"https:\/\/ironsky.pl\/sklep\/"},{"@type":"ListItem","position":2,"name":"Wszystkie produkty","item":"https:\/\/ironsky.pl\/sklep\/produkty\/"},{"@type":"ListItem","position":3,"name":"Stacja dokuj\u0105ca DJI Dock 2"}]},{"@type":"WebSite","@id":"https:\/\/ironsky.pl\/sklep\/#website","url":"https:\/\/ironsky.pl\/sklep\/","name":"IRONSKY.PL Sklep z Dronami","description":"IRONSKY.PL Sklep z Dronami","potentialAction":[{"@type":"SearchAction","target":{"@type":"EntryPoint","urlTemplate":"https:\/\/ironsky.pl\/sklep\/?s={search_term_string}"},"query-input":{"@type":"PropertyValueSpecification","valueRequired":true,"valueName":"search_term_string"}}],"inLanguage":"pl-PL"}]}},"_links":{"self":[{"href":"https:\/\/ironsky.pl\/sklep\/wp-json\/wp\/v2\/product\/58154","targetHints":{"allow":["GET"]}}],"collection":[{"href":"https:\/\/ironsky.pl\/sklep\/wp-json\/wp\/v2\/product"}],"about":[{"href":"https:\/\/ironsky.pl\/sklep\/wp-json\/wp\/v2\/types\/product"}],"replies":[{"embeddable":true,"href":"https:\/\/ironsky.pl\/sklep\/wp-json\/wp\/v2\/comments?post=58154"}],"wp:featuredmedia":[{"embeddable":true,"href":"https:\/\/ironsky.pl\/sklep\/wp-json\/wp\/v2\/media\/58155"}],"wp:attachment":[{"href":"https:\/\/ironsky.pl\/sklep\/wp-json\/wp\/v2\/media?parent=58154"}],"wp:term":[{"taxonomy":"product_brand","embeddable":true,"href":"https:\/\/ironsky.pl\/sklep\/wp-json\/wp\/v2\/product_brand?post=58154"},{"taxonomy":"product_cat","embeddable":true,"href":"https:\/\/ironsky.pl\/sklep\/wp-json\/wp\/v2\/product_cat?post=58154"},{"taxonomy":"product_tag","embeddable":true,"href":"https:\/\/ironsky.pl\/sklep\/wp-json\/wp\/v2\/product_tag?post=58154"}],"curies":[{"name":"wp","href":"https:\/\/api.w.org\/{rel}","templated":true}]}}