{"id":58153,"date":"2026-04-15T10:33:17","date_gmt":"2026-04-15T08:33:17","guid":{"rendered":"https:\/\/ironsky.pl\/sklep\/produkt\/etui-tomtoc-inspire-b50-tri-mode-do-ipad-10-9-czarne\/"},"modified":"2026-04-15T10:33:47","modified_gmt":"2026-04-15T08:33:47","slug":"etui-tomtoc-inspire-b50-tri-mode-do-ipad-10-9-czarne","status":"publish","type":"product","link":"https:\/\/ironsky.pl\/sklep\/produkt\/etui-tomtoc-inspire-b50-tri-mode-do-ipad-10-9-czarne\/","title":{"rendered":"Etui TOMTOC inspire-B50 Tri-mode do iPad 10.9&#8243; (czarne)"},"content":{"rendered":"<h3>Etui na iPad 10.9&#8243; tomtoc inspire-B50 Tri-mode (czarne)<\/h3>\n<\/p>\n<p>Etui tomtoc Inspire-B50 Tri-mode dedykowane jest iPadowi Air 5\/4 10,9\u201d, a dzi\u0119ki precyzyjnemu wykonaniu zapewnia wygod\u0119 pracy i ochron\u0119 urz\u0105dzenia, gwarantuj\u0105c najwy\u017csz\u0105 efektywno\u015b\u0107 podczas codziennych czynno\u015bci. Produkt jest kompatybilny z Apple Pencil (2nd gen) i obs\u0142uguje jego bezprzewodowe \u0142adowanie.<\/p>\n<\/p>\n<p>\n<img decoding=\"async\" src=\"https:\/\/assets.innpro.pl\/5368\/6286\/3.jpg\" border=\"0\" \/>\n<\/p>\n<h3>R\u00f3\u017cne tryby dla maksymalnej wygody<\/h3>\n<\/p>\n<p>Akcesorium oferuje 3 tryby, kt\u00f3re odpowiadaj\u0105 r\u00f3\u017cnym potrzebom u\u017cytkowania. Tryb portretowy uwalnia r\u0119ce podczas korzystania z FaceTime&#8217;u i umo\u017cliwia wygodne czytanie dokument\u00f3w czy te\u017c komiks\u00f3w. Tryb do szkicowania zosta\u0142 zaprojektowany tak, aby zapewni\u0107 odpowiedni k\u0105t nachylenia podczas pisania notatek lub rysowania. Natomiast tryb krajobrazowy pozwala na p\u0142ynn\u0105 regulacj\u0119 k\u0105ta widzenia ekranu.<\/p>\n<\/p>\n<p>\n<img decoding=\"async\" src=\"https:\/\/assets.innpro.pl\/5368\/6286\/6.jpg\" border=\"0\" \/>\n<\/p>\n<h3>Dopracowana konstrukcja<\/h3>\n<\/p>\n<p>Produkt tomtoc przeszed\u0142 testy wojskowe STD-810H, kt\u00f3re potwierdzi\u0142y, \u017ce zapewnia on ochron\u0119 przed upadkami z wysoko\u015bci oko\u0142o 1,2 metra. Dodatkowo wykorzystanie materia\u0142u TPU i wysokiej jako\u015bci sk\u00f3ry PU gwarantuje bezpiecze\u0144stwo urz\u0105dzenia. Mi\u0119kka podszewka z mikrofibry chroni ekran przed zarysowaniami, a praktyczny uchwyt na Apple Pencil pozwala na \u0142adowanie rysika podczas przechowywania. Na uwag\u0119 zas\u0142uguje tak\u017ce pasek magnetyczny, kt\u00f3ry wspiera funkcje automatycznego wybudzania i usypiania iPada Air 5\/4 10,9\u201d.<\/p>\n<\/p>\n<p>\n<img decoding=\"async\" src=\"https:\/\/assets.innpro.pl\/5368\/6286\/4.jpg\" border=\"0\" \/>\n<\/p>\n<div class=\"table-wrapper\">\n<p>\u00a0<\/p>\n<h3><\/h3>\n<table>\n<tbody>\n<tr>\n<th>Producent<\/th>\n<td>tomtoc<\/td>\n<\/tr>\n<tr>\n<th>Model<\/th>\n<td>B50A2D1<\/td>\n<\/tr>\n<tr>\n<th>Kompatybilno\u015b\u0107<\/th>\n<td>iPad Air 5\/4 10.9\u201d<\/td>\n<\/tr>\n<tr>\n<th>Kolor<\/th>\n<td>czarny<\/td>\n<\/tr>\n<\/tbody>\n<\/table>\n<\/div>\n","protected":false},"excerpt":{"rendered":"<p>Etui na iPad 10.9&#8243; tomtoc inspire-B50 Tri-mode (czarne) Etui tomtoc Inspire-B50 Tri-mode dedykowane jest iPadowi Air 5\/4 10,9\u201d, a dzi\u0119ki<\/p>\n","protected":false},"featured_media":48867,"comment_status":"closed","ping_status":"open","template":"","meta":{"_acf_changed":false},"product_brand":[],"product_cat":[5929,5955],"product_tag":[],"class_list":{"0":"post-58153","1":"product","2":"type-product","3":"status-publish","4":"has-post-thumbnail","6":"product_cat-akcesoria-it","7":"product_cat-przenoszenie","8":"pa_okres-gwarancji-5754","9":"pa_producent-tomtoc","11":"first","12":"outofstock","13":"taxable","14":"shipping-taxable","15":"purchasable","16":"product-type-simple"},"acf":[],"yoast_head":"<!-- This site is optimized with the Yoast SEO plugin v27.2 - https:\/\/yoast.com\/product\/yoast-seo-wordpress\/ -->\n<title>Etui TOMTOC inspire-B50 Tri-mode do iPad 10.9&quot; (czarne) - IRONSKY.PL Sklep z Dronami<\/title>\n<meta name=\"description\" content=\"Etui TOMTOC inspire-B50 Tri-mode do iPad 10.9&quot; (czarne) - \u2705 sklep z dronami i fachowym doradztwem. \u2705 Tutaj kupisz produkty DJI, Yuneec, Parrot, Syma i wiele innych, a tak\u017ce kursy i licencje na operatora drona.\" \/>\n<meta name=\"robots\" content=\"index, follow, max-snippet:-1, max-image-preview:large, max-video-preview:-1\" \/>\n<link rel=\"canonical\" href=\"https:\/\/ironsky.pl\/sklep\/produkt\/etui-tomtoc-inspire-b50-tri-mode-do-ipad-10-9-czarne\/\" \/>\n<meta property=\"og:locale\" content=\"pl_PL\" \/>\n<meta property=\"og:type\" content=\"article\" \/>\n<meta property=\"og:title\" content=\"Etui TOMTOC inspire-B50 Tri-mode do iPad 10.9&quot; (czarne) - IRONSKY.PL Sklep z Dronami\" \/>\n<meta property=\"og:description\" content=\"Etui TOMTOC inspire-B50 Tri-mode do iPad 10.9&quot; (czarne) - \u2705 sklep z dronami i fachowym doradztwem. \u2705 Tutaj kupisz produkty DJI, Yuneec, Parrot, Syma i wiele innych, a tak\u017ce kursy i licencje na operatora drona.\" \/>\n<meta property=\"og:url\" content=\"https:\/\/ironsky.pl\/sklep\/produkt\/etui-tomtoc-inspire-b50-tri-mode-do-ipad-10-9-czarne\/\" \/>\n<meta property=\"og:site_name\" content=\"IRONSKY.PL Sklep z Dronami\" \/>\n<meta property=\"article:modified_time\" content=\"2026-04-15T08:33:47+00:00\" \/>\n<meta property=\"og:image\" content=\"https:\/\/ironsky.pl\/sklep\/wp-content\/uploads\/2025\/10\/41635_2.jpg\" \/>\n\t<meta property=\"og:image:width\" content=\"800\" \/>\n\t<meta property=\"og:image:height\" content=\"800\" \/>\n\t<meta property=\"og:image:type\" content=\"image\/jpeg\" \/>\n<meta name=\"twitter:card\" content=\"summary_large_image\" \/>\n<meta name=\"twitter:label1\" content=\"Szacowany czas czytania\" \/>\n\t<meta name=\"twitter:data1\" content=\"1 minuta\" \/>\n<script type=\"application\/ld+json\" class=\"yoast-schema-graph\">{\"@context\":\"https:\/\/schema.org\",\"@graph\":[{\"@type\":\"WebPage\",\"@id\":\"https:\/\/ironsky.pl\/sklep\/produkt\/etui-tomtoc-inspire-b50-tri-mode-do-ipad-10-9-czarne\/\",\"url\":\"https:\/\/ironsky.pl\/sklep\/produkt\/etui-tomtoc-inspire-b50-tri-mode-do-ipad-10-9-czarne\/\",\"name\":\"Etui TOMTOC inspire-B50 Tri-mode do iPad 10.9\\\" (czarne) - IRONSKY.PL Sklep z Dronami\",\"isPartOf\":{\"@id\":\"https:\/\/ironsky.pl\/sklep\/#website\"},\"primaryImageOfPage\":{\"@id\":\"https:\/\/ironsky.pl\/sklep\/produkt\/etui-tomtoc-inspire-b50-tri-mode-do-ipad-10-9-czarne\/#primaryimage\"},\"image\":{\"@id\":\"https:\/\/ironsky.pl\/sklep\/produkt\/etui-tomtoc-inspire-b50-tri-mode-do-ipad-10-9-czarne\/#primaryimage\"},\"thumbnailUrl\":\"https:\/\/ironsky.pl\/sklep\/wp-content\/uploads\/2025\/10\/41635_2.jpg\",\"datePublished\":\"2026-04-15T08:33:17+00:00\",\"dateModified\":\"2026-04-15T08:33:47+00:00\",\"description\":\"Etui TOMTOC inspire-B50 Tri-mode do iPad 10.9\\\" (czarne) - \u2705 sklep z dronami i fachowym doradztwem. \u2705 Tutaj kupisz produkty DJI, Yuneec, Parrot, Syma i wiele innych, a tak\u017ce kursy i licencje na operatora drona.\",\"breadcrumb\":{\"@id\":\"https:\/\/ironsky.pl\/sklep\/produkt\/etui-tomtoc-inspire-b50-tri-mode-do-ipad-10-9-czarne\/#breadcrumb\"},\"inLanguage\":\"pl-PL\",\"potentialAction\":[{\"@type\":\"ReadAction\",\"target\":[\"https:\/\/ironsky.pl\/sklep\/produkt\/etui-tomtoc-inspire-b50-tri-mode-do-ipad-10-9-czarne\/\"]}]},{\"@type\":\"ImageObject\",\"inLanguage\":\"pl-PL\",\"@id\":\"https:\/\/ironsky.pl\/sklep\/produkt\/etui-tomtoc-inspire-b50-tri-mode-do-ipad-10-9-czarne\/#primaryimage\",\"url\":\"https:\/\/ironsky.pl\/sklep\/wp-content\/uploads\/2025\/10\/41635_2.jpg\",\"contentUrl\":\"https:\/\/ironsky.pl\/sklep\/wp-content\/uploads\/2025\/10\/41635_2.jpg\",\"width\":800,\"height\":800},{\"@type\":\"BreadcrumbList\",\"@id\":\"https:\/\/ironsky.pl\/sklep\/produkt\/etui-tomtoc-inspire-b50-tri-mode-do-ipad-10-9-czarne\/#breadcrumb\",\"itemListElement\":[{\"@type\":\"ListItem\",\"position\":1,\"name\":\"Strona g\u0142\u00f3wna\",\"item\":\"https:\/\/ironsky.pl\/sklep\/\"},{\"@type\":\"ListItem\",\"position\":2,\"name\":\"Wszystkie produkty\",\"item\":\"https:\/\/ironsky.pl\/sklep\/produkty\/\"},{\"@type\":\"ListItem\",\"position\":3,\"name\":\"Etui TOMTOC inspire-B50 Tri-mode do iPad 10.9&#8243; (czarne)\"}]},{\"@type\":\"WebSite\",\"@id\":\"https:\/\/ironsky.pl\/sklep\/#website\",\"url\":\"https:\/\/ironsky.pl\/sklep\/\",\"name\":\"IRONSKY.PL Sklep z Dronami\",\"description\":\"IRONSKY.PL Sklep z Dronami\",\"potentialAction\":[{\"@type\":\"SearchAction\",\"target\":{\"@type\":\"EntryPoint\",\"urlTemplate\":\"https:\/\/ironsky.pl\/sklep\/?s={search_term_string}\"},\"query-input\":{\"@type\":\"PropertyValueSpecification\",\"valueRequired\":true,\"valueName\":\"search_term_string\"}}],\"inLanguage\":\"pl-PL\"}]}<\/script>\n<!-- \/ Yoast SEO plugin. -->","yoast_head_json":{"title":"Etui TOMTOC inspire-B50 Tri-mode do iPad 10.9\" (czarne) - IRONSKY.PL Sklep z Dronami","description":"Etui TOMTOC inspire-B50 Tri-mode do iPad 10.9\" (czarne) - \u2705 sklep z dronami i fachowym doradztwem. \u2705 Tutaj kupisz produkty DJI, Yuneec, Parrot, Syma i wiele innych, a tak\u017ce kursy i licencje na operatora drona.","robots":{"index":"index","follow":"follow","max-snippet":"max-snippet:-1","max-image-preview":"max-image-preview:large","max-video-preview":"max-video-preview:-1"},"canonical":"https:\/\/ironsky.pl\/sklep\/produkt\/etui-tomtoc-inspire-b50-tri-mode-do-ipad-10-9-czarne\/","og_locale":"pl_PL","og_type":"article","og_title":"Etui TOMTOC inspire-B50 Tri-mode do iPad 10.9\" (czarne) - IRONSKY.PL Sklep z Dronami","og_description":"Etui TOMTOC inspire-B50 Tri-mode do iPad 10.9\" (czarne) - \u2705 sklep z dronami i fachowym doradztwem. \u2705 Tutaj kupisz produkty DJI, Yuneec, Parrot, Syma i wiele innych, a tak\u017ce kursy i licencje na operatora drona.","og_url":"https:\/\/ironsky.pl\/sklep\/produkt\/etui-tomtoc-inspire-b50-tri-mode-do-ipad-10-9-czarne\/","og_site_name":"IRONSKY.PL Sklep z Dronami","article_modified_time":"2026-04-15T08:33:47+00:00","og_image":[{"width":800,"height":800,"url":"https:\/\/ironsky.pl\/sklep\/wp-content\/uploads\/2025\/10\/41635_2.jpg","type":"image\/jpeg"}],"twitter_card":"summary_large_image","twitter_misc":{"Szacowany czas czytania":"1 minuta"},"schema":{"@context":"https:\/\/schema.org","@graph":[{"@type":"WebPage","@id":"https:\/\/ironsky.pl\/sklep\/produkt\/etui-tomtoc-inspire-b50-tri-mode-do-ipad-10-9-czarne\/","url":"https:\/\/ironsky.pl\/sklep\/produkt\/etui-tomtoc-inspire-b50-tri-mode-do-ipad-10-9-czarne\/","name":"Etui TOMTOC inspire-B50 Tri-mode do iPad 10.9\" (czarne) - IRONSKY.PL Sklep z Dronami","isPartOf":{"@id":"https:\/\/ironsky.pl\/sklep\/#website"},"primaryImageOfPage":{"@id":"https:\/\/ironsky.pl\/sklep\/produkt\/etui-tomtoc-inspire-b50-tri-mode-do-ipad-10-9-czarne\/#primaryimage"},"image":{"@id":"https:\/\/ironsky.pl\/sklep\/produkt\/etui-tomtoc-inspire-b50-tri-mode-do-ipad-10-9-czarne\/#primaryimage"},"thumbnailUrl":"https:\/\/ironsky.pl\/sklep\/wp-content\/uploads\/2025\/10\/41635_2.jpg","datePublished":"2026-04-15T08:33:17+00:00","dateModified":"2026-04-15T08:33:47+00:00","description":"Etui TOMTOC inspire-B50 Tri-mode do iPad 10.9\" (czarne) - \u2705 sklep z dronami i fachowym doradztwem. \u2705 Tutaj kupisz produkty DJI, Yuneec, Parrot, Syma i wiele innych, a tak\u017ce kursy i licencje na operatora drona.","breadcrumb":{"@id":"https:\/\/ironsky.pl\/sklep\/produkt\/etui-tomtoc-inspire-b50-tri-mode-do-ipad-10-9-czarne\/#breadcrumb"},"inLanguage":"pl-PL","potentialAction":[{"@type":"ReadAction","target":["https:\/\/ironsky.pl\/sklep\/produkt\/etui-tomtoc-inspire-b50-tri-mode-do-ipad-10-9-czarne\/"]}]},{"@type":"ImageObject","inLanguage":"pl-PL","@id":"https:\/\/ironsky.pl\/sklep\/produkt\/etui-tomtoc-inspire-b50-tri-mode-do-ipad-10-9-czarne\/#primaryimage","url":"https:\/\/ironsky.pl\/sklep\/wp-content\/uploads\/2025\/10\/41635_2.jpg","contentUrl":"https:\/\/ironsky.pl\/sklep\/wp-content\/uploads\/2025\/10\/41635_2.jpg","width":800,"height":800},{"@type":"BreadcrumbList","@id":"https:\/\/ironsky.pl\/sklep\/produkt\/etui-tomtoc-inspire-b50-tri-mode-do-ipad-10-9-czarne\/#breadcrumb","itemListElement":[{"@type":"ListItem","position":1,"name":"Strona g\u0142\u00f3wna","item":"https:\/\/ironsky.pl\/sklep\/"},{"@type":"ListItem","position":2,"name":"Wszystkie produkty","item":"https:\/\/ironsky.pl\/sklep\/produkty\/"},{"@type":"ListItem","position":3,"name":"Etui TOMTOC inspire-B50 Tri-mode do iPad 10.9&#8243; (czarne)"}]},{"@type":"WebSite","@id":"https:\/\/ironsky.pl\/sklep\/#website","url":"https:\/\/ironsky.pl\/sklep\/","name":"IRONSKY.PL Sklep z Dronami","description":"IRONSKY.PL Sklep z Dronami","potentialAction":[{"@type":"SearchAction","target":{"@type":"EntryPoint","urlTemplate":"https:\/\/ironsky.pl\/sklep\/?s={search_term_string}"},"query-input":{"@type":"PropertyValueSpecification","valueRequired":true,"valueName":"search_term_string"}}],"inLanguage":"pl-PL"}]}},"_links":{"self":[{"href":"https:\/\/ironsky.pl\/sklep\/wp-json\/wp\/v2\/product\/58153","targetHints":{"allow":["GET"]}}],"collection":[{"href":"https:\/\/ironsky.pl\/sklep\/wp-json\/wp\/v2\/product"}],"about":[{"href":"https:\/\/ironsky.pl\/sklep\/wp-json\/wp\/v2\/types\/product"}],"replies":[{"embeddable":true,"href":"https:\/\/ironsky.pl\/sklep\/wp-json\/wp\/v2\/comments?post=58153"}],"wp:featuredmedia":[{"embeddable":true,"href":"https:\/\/ironsky.pl\/sklep\/wp-json\/wp\/v2\/media\/48867"}],"wp:attachment":[{"href":"https:\/\/ironsky.pl\/sklep\/wp-json\/wp\/v2\/media?parent=58153"}],"wp:term":[{"taxonomy":"product_brand","embeddable":true,"href":"https:\/\/ironsky.pl\/sklep\/wp-json\/wp\/v2\/product_brand?post=58153"},{"taxonomy":"product_cat","embeddable":true,"href":"https:\/\/ironsky.pl\/sklep\/wp-json\/wp\/v2\/product_cat?post=58153"},{"taxonomy":"product_tag","embeddable":true,"href":"https:\/\/ironsky.pl\/sklep\/wp-json\/wp\/v2\/product_tag?post=58153"}],"curies":[{"name":"wp","href":"https:\/\/api.w.org\/{rel}","templated":true}]}}