{"id":58143,"date":"2026-04-15T10:33:17","date_gmt":"2026-04-15T08:33:17","guid":{"rendered":"https:\/\/ironsky.pl\/sklep\/produkt\/obudowa-wodoszczelna-puluz-insta360-ace-pro\/"},"modified":"2026-04-15T10:33:41","modified_gmt":"2026-04-15T08:33:41","slug":"obudowa-wodoszczelna-puluz-insta360-ace-pro","status":"publish","type":"product","link":"https:\/\/ironsky.pl\/sklep\/produkt\/obudowa-wodoszczelna-puluz-insta360-ace-pro\/","title":{"rendered":"Obudowa wodoszczelna PULUZ Insta360 Ace Pro"},"content":{"rendered":"<h3>Wodoszczelna obudowa Puluz do kamery Insta360 Ace Pro<\/h3>\n<\/p>\n<p>Wodoszczelna obudowa Puluz to idealne narz\u0119dzie do eksploracji podwodnego \u015bwiata. Dzi\u0119ki niej mo\u017cesz swobodnie rejestrowa\u0107 niezapomniane przygody pod wod\u0105, bez obaw o uszkodzenie kamery. Nie tylko chroni ona kamer\u0119 przed wod\u0105, ale tak\u017ce przed kurzem, odciskami palc\u00f3w i zarysowaniami, zapewniaj\u0105c czysty i klarowny obraz nawet w trudnych warunkach. Wyposa\u017cono j\u0105 r\u00f3wnie\u017c w mocowanie typu cold shoe, co pozwala na zamontowanie dodatkowych akcesori\u00f3w, takich jak o\u015bwietlenie.\u00a0<\/p>\n<\/p>\n<p>\n<img decoding=\"async\" src=\"https:\/\/assets.innpro.pl\/5115\/6011\/1.jpg\" border=\"0\" \/>\n<\/p>\n<h3>Odkryj magi\u0119 podwodnego \u015bwiata<\/h3>\n<\/p>\n<p>Zyskaj nieograniczone mo\u017cliwo\u015bci nagrywania pod wod\u0105! Obudowa pozwala na zanurzenie kamery na g\u0142\u0119boko\u015b\u0107 a\u017c 60 metr\u00f3w, umo\u017cliwiaj\u0105c tworzenie niesamowitych uj\u0119\u0107. Soczewka z hartowanego szk\u0142a optycznego zapewnia doskona\u0142\u0105 przejrzysto\u015b\u0107 obrazu, blisk\u0105 100%, co sprawia, \u017ce Twoje nagrania pozostan\u0105 wyra\u017ane i jasne, nawet pod wod\u0105. Specjalna pow\u0142oka antyrefleksyjna (AR) redukuje niechciane odblaski i rozproszone \u015bwiat\u0142o, poprawiaj\u0105c jako\u015b\u0107 obrazu i zmniejszaj\u0105c straty \u015bwietlne.<\/p>\n<\/p>\n<p>\n<img decoding=\"async\" src=\"https:\/\/assets.innpro.pl\/5115\/6011\/4.jpg\" border=\"0\" \/>\n<\/p>\n<h3>W zestawie<\/h3>\n<ul class=\"list-disc pl-5\">\n<li>obudowa<\/li>\n<li>adapter<\/li>\n<li>\u015bruba<\/li>\n<\/ul>\n<div class=\"table-wrapper\">\n<p>\u00a0<\/p>\n<h3><\/h3>\n<table>\n<tbody>\n<tr>\n<th>Producent<\/th>\n<td>Puluz<\/td>\n<\/tr>\n<tr>\n<th>Model <\/th>\n<td>PU964T<\/td>\n<\/tr>\n<tr>\n<th>Kompatybilno\u015b\u0107<\/th>\n<td>Kamera sportowa Insta360 Ace Pro<\/td>\n<\/tr>\n<tr>\n<th>Materia\u0142<\/th>\n<td>PC + soczewka ze szk\u0142a hartowanego<\/td>\n<\/tr>\n<tr>\n<th>Maksymalna g\u0142\u0119boko\u015b\u0107 zanurzenia<\/th>\n<td>60 metr\u00f3w<\/td>\n<\/tr>\n<\/tbody>\n<\/table>\n<\/div>\n","protected":false},"excerpt":{"rendered":"<p>Wodoszczelna obudowa Puluz do kamery Insta360 Ace Pro Wodoszczelna obudowa Puluz to idealne narz\u0119dzie do eksploracji podwodnego \u015bwiata. Dzi\u0119ki niej<\/p>\n","protected":false},"featured_media":58144,"comment_status":"closed","ping_status":"open","template":"","meta":{"_acf_changed":false},"product_brand":[],"product_cat":[1130,1137,1128],"product_tag":[],"class_list":{"0":"post-58143","1":"product","2":"type-product","3":"status-publish","4":"has-post-thumbnail","6":"product_cat-akcesoria-foto","7":"product_cat-do-kamer-sportowych","8":"product_cat-foto-wideo","9":"pa_okres-gwarancji-5754","10":"pa_producent-puluz","12":"first","13":"outofstock","14":"taxable","15":"shipping-taxable","16":"purchasable","17":"product-type-simple"},"acf":[],"yoast_head":"<!-- This site is optimized with the Yoast SEO plugin v27.2 - https:\/\/yoast.com\/product\/yoast-seo-wordpress\/ -->\n<title>Obudowa wodoszczelna PULUZ Insta360 Ace Pro - IRONSKY.PL Sklep z Dronami<\/title>\n<meta name=\"description\" content=\"Obudowa wodoszczelna PULUZ Insta360 Ace Pro - \u2705 sklep z dronami i fachowym doradztwem. \u2705 Tutaj kupisz produkty DJI, Yuneec, Parrot, Syma i wiele innych, a tak\u017ce kursy i licencje na operatora drona.\" \/>\n<meta name=\"robots\" content=\"index, follow, max-snippet:-1, max-image-preview:large, max-video-preview:-1\" \/>\n<link rel=\"canonical\" href=\"https:\/\/ironsky.pl\/sklep\/produkt\/obudowa-wodoszczelna-puluz-insta360-ace-pro\/\" \/>\n<meta property=\"og:locale\" content=\"pl_PL\" \/>\n<meta property=\"og:type\" content=\"article\" \/>\n<meta property=\"og:title\" content=\"Obudowa wodoszczelna PULUZ Insta360 Ace Pro - IRONSKY.PL Sklep z Dronami\" \/>\n<meta property=\"og:description\" content=\"Obudowa wodoszczelna PULUZ Insta360 Ace Pro - \u2705 sklep z dronami i fachowym doradztwem. \u2705 Tutaj kupisz produkty DJI, Yuneec, Parrot, Syma i wiele innych, a tak\u017ce kursy i licencje na operatora drona.\" \/>\n<meta property=\"og:url\" content=\"https:\/\/ironsky.pl\/sklep\/produkt\/obudowa-wodoszczelna-puluz-insta360-ace-pro\/\" \/>\n<meta property=\"og:site_name\" content=\"IRONSKY.PL Sklep z Dronami\" \/>\n<meta property=\"article:modified_time\" content=\"2026-04-15T08:33:41+00:00\" \/>\n<meta property=\"og:image\" content=\"https:\/\/ironsky.pl\/sklep\/wp-content\/uploads\/2026\/04\/41537_1.jpg\" \/>\n\t<meta property=\"og:image:width\" content=\"800\" \/>\n\t<meta property=\"og:image:height\" content=\"800\" \/>\n\t<meta property=\"og:image:type\" content=\"image\/jpeg\" \/>\n<meta name=\"twitter:card\" content=\"summary_large_image\" \/>\n<meta name=\"twitter:label1\" content=\"Szacowany czas czytania\" \/>\n\t<meta name=\"twitter:data1\" content=\"1 minuta\" \/>\n<script type=\"application\/ld+json\" class=\"yoast-schema-graph\">{\"@context\":\"https:\/\/schema.org\",\"@graph\":[{\"@type\":\"WebPage\",\"@id\":\"https:\/\/ironsky.pl\/sklep\/produkt\/obudowa-wodoszczelna-puluz-insta360-ace-pro\/\",\"url\":\"https:\/\/ironsky.pl\/sklep\/produkt\/obudowa-wodoszczelna-puluz-insta360-ace-pro\/\",\"name\":\"Obudowa wodoszczelna PULUZ Insta360 Ace Pro - IRONSKY.PL Sklep z Dronami\",\"isPartOf\":{\"@id\":\"https:\/\/ironsky.pl\/sklep\/#website\"},\"primaryImageOfPage\":{\"@id\":\"https:\/\/ironsky.pl\/sklep\/produkt\/obudowa-wodoszczelna-puluz-insta360-ace-pro\/#primaryimage\"},\"image\":{\"@id\":\"https:\/\/ironsky.pl\/sklep\/produkt\/obudowa-wodoszczelna-puluz-insta360-ace-pro\/#primaryimage\"},\"thumbnailUrl\":\"https:\/\/ironsky.pl\/sklep\/wp-content\/uploads\/2026\/04\/41537_1.jpg\",\"datePublished\":\"2026-04-15T08:33:17+00:00\",\"dateModified\":\"2026-04-15T08:33:41+00:00\",\"description\":\"Obudowa wodoszczelna PULUZ Insta360 Ace Pro - \u2705 sklep z dronami i fachowym doradztwem. \u2705 Tutaj kupisz produkty DJI, Yuneec, Parrot, Syma i wiele innych, a tak\u017ce kursy i licencje na operatora drona.\",\"breadcrumb\":{\"@id\":\"https:\/\/ironsky.pl\/sklep\/produkt\/obudowa-wodoszczelna-puluz-insta360-ace-pro\/#breadcrumb\"},\"inLanguage\":\"pl-PL\",\"potentialAction\":[{\"@type\":\"ReadAction\",\"target\":[\"https:\/\/ironsky.pl\/sklep\/produkt\/obudowa-wodoszczelna-puluz-insta360-ace-pro\/\"]}]},{\"@type\":\"ImageObject\",\"inLanguage\":\"pl-PL\",\"@id\":\"https:\/\/ironsky.pl\/sklep\/produkt\/obudowa-wodoszczelna-puluz-insta360-ace-pro\/#primaryimage\",\"url\":\"https:\/\/ironsky.pl\/sklep\/wp-content\/uploads\/2026\/04\/41537_1.jpg\",\"contentUrl\":\"https:\/\/ironsky.pl\/sklep\/wp-content\/uploads\/2026\/04\/41537_1.jpg\",\"width\":800,\"height\":800},{\"@type\":\"BreadcrumbList\",\"@id\":\"https:\/\/ironsky.pl\/sklep\/produkt\/obudowa-wodoszczelna-puluz-insta360-ace-pro\/#breadcrumb\",\"itemListElement\":[{\"@type\":\"ListItem\",\"position\":1,\"name\":\"Strona g\u0142\u00f3wna\",\"item\":\"https:\/\/ironsky.pl\/sklep\/\"},{\"@type\":\"ListItem\",\"position\":2,\"name\":\"Wszystkie produkty\",\"item\":\"https:\/\/ironsky.pl\/sklep\/produkty\/\"},{\"@type\":\"ListItem\",\"position\":3,\"name\":\"Obudowa wodoszczelna PULUZ Insta360 Ace Pro\"}]},{\"@type\":\"WebSite\",\"@id\":\"https:\/\/ironsky.pl\/sklep\/#website\",\"url\":\"https:\/\/ironsky.pl\/sklep\/\",\"name\":\"IRONSKY.PL Sklep z Dronami\",\"description\":\"IRONSKY.PL Sklep z Dronami\",\"potentialAction\":[{\"@type\":\"SearchAction\",\"target\":{\"@type\":\"EntryPoint\",\"urlTemplate\":\"https:\/\/ironsky.pl\/sklep\/?s={search_term_string}\"},\"query-input\":{\"@type\":\"PropertyValueSpecification\",\"valueRequired\":true,\"valueName\":\"search_term_string\"}}],\"inLanguage\":\"pl-PL\"}]}<\/script>\n<!-- \/ Yoast SEO plugin. -->","yoast_head_json":{"title":"Obudowa wodoszczelna PULUZ Insta360 Ace Pro - IRONSKY.PL Sklep z Dronami","description":"Obudowa wodoszczelna PULUZ Insta360 Ace Pro - \u2705 sklep z dronami i fachowym doradztwem. \u2705 Tutaj kupisz produkty DJI, Yuneec, Parrot, Syma i wiele innych, a tak\u017ce kursy i licencje na operatora drona.","robots":{"index":"index","follow":"follow","max-snippet":"max-snippet:-1","max-image-preview":"max-image-preview:large","max-video-preview":"max-video-preview:-1"},"canonical":"https:\/\/ironsky.pl\/sklep\/produkt\/obudowa-wodoszczelna-puluz-insta360-ace-pro\/","og_locale":"pl_PL","og_type":"article","og_title":"Obudowa wodoszczelna PULUZ Insta360 Ace Pro - IRONSKY.PL Sklep z Dronami","og_description":"Obudowa wodoszczelna PULUZ Insta360 Ace Pro - \u2705 sklep z dronami i fachowym doradztwem. \u2705 Tutaj kupisz produkty DJI, Yuneec, Parrot, Syma i wiele innych, a tak\u017ce kursy i licencje na operatora drona.","og_url":"https:\/\/ironsky.pl\/sklep\/produkt\/obudowa-wodoszczelna-puluz-insta360-ace-pro\/","og_site_name":"IRONSKY.PL Sklep z Dronami","article_modified_time":"2026-04-15T08:33:41+00:00","og_image":[{"width":800,"height":800,"url":"https:\/\/ironsky.pl\/sklep\/wp-content\/uploads\/2026\/04\/41537_1.jpg","type":"image\/jpeg"}],"twitter_card":"summary_large_image","twitter_misc":{"Szacowany czas czytania":"1 minuta"},"schema":{"@context":"https:\/\/schema.org","@graph":[{"@type":"WebPage","@id":"https:\/\/ironsky.pl\/sklep\/produkt\/obudowa-wodoszczelna-puluz-insta360-ace-pro\/","url":"https:\/\/ironsky.pl\/sklep\/produkt\/obudowa-wodoszczelna-puluz-insta360-ace-pro\/","name":"Obudowa wodoszczelna PULUZ Insta360 Ace Pro - IRONSKY.PL Sklep z Dronami","isPartOf":{"@id":"https:\/\/ironsky.pl\/sklep\/#website"},"primaryImageOfPage":{"@id":"https:\/\/ironsky.pl\/sklep\/produkt\/obudowa-wodoszczelna-puluz-insta360-ace-pro\/#primaryimage"},"image":{"@id":"https:\/\/ironsky.pl\/sklep\/produkt\/obudowa-wodoszczelna-puluz-insta360-ace-pro\/#primaryimage"},"thumbnailUrl":"https:\/\/ironsky.pl\/sklep\/wp-content\/uploads\/2026\/04\/41537_1.jpg","datePublished":"2026-04-15T08:33:17+00:00","dateModified":"2026-04-15T08:33:41+00:00","description":"Obudowa wodoszczelna PULUZ Insta360 Ace Pro - \u2705 sklep z dronami i fachowym doradztwem. \u2705 Tutaj kupisz produkty DJI, Yuneec, Parrot, Syma i wiele innych, a tak\u017ce kursy i licencje na operatora drona.","breadcrumb":{"@id":"https:\/\/ironsky.pl\/sklep\/produkt\/obudowa-wodoszczelna-puluz-insta360-ace-pro\/#breadcrumb"},"inLanguage":"pl-PL","potentialAction":[{"@type":"ReadAction","target":["https:\/\/ironsky.pl\/sklep\/produkt\/obudowa-wodoszczelna-puluz-insta360-ace-pro\/"]}]},{"@type":"ImageObject","inLanguage":"pl-PL","@id":"https:\/\/ironsky.pl\/sklep\/produkt\/obudowa-wodoszczelna-puluz-insta360-ace-pro\/#primaryimage","url":"https:\/\/ironsky.pl\/sklep\/wp-content\/uploads\/2026\/04\/41537_1.jpg","contentUrl":"https:\/\/ironsky.pl\/sklep\/wp-content\/uploads\/2026\/04\/41537_1.jpg","width":800,"height":800},{"@type":"BreadcrumbList","@id":"https:\/\/ironsky.pl\/sklep\/produkt\/obudowa-wodoszczelna-puluz-insta360-ace-pro\/#breadcrumb","itemListElement":[{"@type":"ListItem","position":1,"name":"Strona g\u0142\u00f3wna","item":"https:\/\/ironsky.pl\/sklep\/"},{"@type":"ListItem","position":2,"name":"Wszystkie produkty","item":"https:\/\/ironsky.pl\/sklep\/produkty\/"},{"@type":"ListItem","position":3,"name":"Obudowa wodoszczelna PULUZ Insta360 Ace Pro"}]},{"@type":"WebSite","@id":"https:\/\/ironsky.pl\/sklep\/#website","url":"https:\/\/ironsky.pl\/sklep\/","name":"IRONSKY.PL Sklep z Dronami","description":"IRONSKY.PL Sklep z Dronami","potentialAction":[{"@type":"SearchAction","target":{"@type":"EntryPoint","urlTemplate":"https:\/\/ironsky.pl\/sklep\/?s={search_term_string}"},"query-input":{"@type":"PropertyValueSpecification","valueRequired":true,"valueName":"search_term_string"}}],"inLanguage":"pl-PL"}]}},"_links":{"self":[{"href":"https:\/\/ironsky.pl\/sklep\/wp-json\/wp\/v2\/product\/58143","targetHints":{"allow":["GET"]}}],"collection":[{"href":"https:\/\/ironsky.pl\/sklep\/wp-json\/wp\/v2\/product"}],"about":[{"href":"https:\/\/ironsky.pl\/sklep\/wp-json\/wp\/v2\/types\/product"}],"replies":[{"embeddable":true,"href":"https:\/\/ironsky.pl\/sklep\/wp-json\/wp\/v2\/comments?post=58143"}],"wp:featuredmedia":[{"embeddable":true,"href":"https:\/\/ironsky.pl\/sklep\/wp-json\/wp\/v2\/media\/58144"}],"wp:attachment":[{"href":"https:\/\/ironsky.pl\/sklep\/wp-json\/wp\/v2\/media?parent=58143"}],"wp:term":[{"taxonomy":"product_brand","embeddable":true,"href":"https:\/\/ironsky.pl\/sklep\/wp-json\/wp\/v2\/product_brand?post=58143"},{"taxonomy":"product_cat","embeddable":true,"href":"https:\/\/ironsky.pl\/sklep\/wp-json\/wp\/v2\/product_cat?post=58143"},{"taxonomy":"product_tag","embeddable":true,"href":"https:\/\/ironsky.pl\/sklep\/wp-json\/wp\/v2\/product_tag?post=58143"}],"curies":[{"name":"wp","href":"https:\/\/api.w.org\/{rel}","templated":true}]}}